{"id":5988,"date":"2026-04-15T15:43:55","date_gmt":"2026-04-15T15:43:55","guid":{"rendered":"https:\/\/www.runesofmagic-infos.com\/przewodnik-wsparcie-dla-czarnoksieznika\/"},"modified":"2026-04-15T15:43:55","modified_gmt":"2026-04-15T15:43:55","slug":"przewodnik-wsparcie-dla-czarnoksieznika","status":"publish","type":"page","link":"https:\/\/www.runesofmagic-infos.com\/pl\/przewodnik-wsparcie-dla-czarnoksieznika\/","title":{"rendered":"Przewodnik: Wsparcie dla Czarnoksi\u0119\u017cnika"},"content":{"rendered":"\n<h2 class=\"wp-block-heading\">Przewodnik Czarnoksi\u0119\u017cnika\/Maga:<\/h2>\n\n\n\n<h1 class=\"wp-block-heading\">&#8211; Informacje og\u00f3lne<\/h1>\n\n\n\n<p>Czarnoksi\u0119\u017cnik\/mag to prawdopodobnie najpot\u0119\u017cniejsza klasa wsparcia w ca\u0142ej grze Runes of Magic. Dzi\u0119ki wzmocnieniom dla dru\u017cyny i debuffom dla boss\u00f3w, znacz\u0105co przyczynia si\u0119 do zadawania obra\u017ce\u0144 bossom, samemu nie zadaj\u0105c ich zbyt wiele. To nigdy nie powinno by\u0107 celem.  <\/p>\n\n\n\n<p>Opr\u00f3cz zadawania obra\u017ce\u0144, combo jest r\u00f3wnie\u017c bardzo dobre w obronie grupy. Dzi\u0119ki o\u017cywieniu bitewnemu i r\u00f3\u017cnym os\u0142onom mo\u017cna wiele przechwyci\u0107. <\/p>\n\n\n\n<h1 class=\"wp-block-heading\">&#8211; Monta\u017c i wyposa\u017cenie<\/h1>\n\n\n\n<p>Ogromn\u0105 zalet\u0105 czarodzieja\/maga, zw\u0142aszcza dla nowych graczy lub os\u00f3b powracaj\u0105cych do gry, jest absolutnie niewymagaj\u0105ca natura jego wyposa\u017cenia. Stare przedmioty lecz\u0105ce, na przyk\u0142ad, s\u0105 bardzo odpowiednie. Pozwalaj\u0105 one szybko osi\u0105gn\u0105\u0107 HP potrzebne do uko\u0144czenia gry. Jedynie obra\u017cenia broni s\u0105 istotne od czasu do czasu, poniewa\u017c 2 tarcze s\u0105 bezpo\u015brednio na nich oparte. Ale nawet tutaj stare bronie dd s\u0105 ca\u0142kowicie wystarczaj\u0105ce.    <\/p>\n\n\n\n<p>Zaleca\u0142bym r\u00f3wnie\u017c granie klas\u0105 jako g\u0142\u00f3wnym wsparciem z 1h lask\u0105 i talizmanem, aby m\u00f3c nosi\u0107 2 runy kl\u0105twy. Dzi\u0119ki temu odpalenie roty wsparcia b\u0119dzie nieco szybsze. <\/p>\n\n\n\n<p>Nawet je\u015bli wkr\u00f3tce stanie si\u0119 to nieistotne: Mo\u017cesz gra\u0107 hexerem od 15 lub 16 poziomu w paserze, je\u015bli masz wystarczaj\u0105co du\u017co % precyzji. Tak wi\u0119c w skrajnych przypadkach, z 2 zestawami Helveta\/Lakishna (mag i leczenie) 1h sztab i talizman, plus wzmocnienie precyzji od Dudu, mo\u017cesz uzyska\u0107 dobre 56%. Wtedy nie przegapisz niczego nawet przy nieco zbyt niskim poziomie szczytowym.  <\/p>\n\n\n\n<p>Jednak powiniene\u015b r\u00f3wnie\u017c osi\u0105gn\u0105\u0107 30% precyzji na najwy\u017cszym poziomie 20, aby nie mie\u0107 odporno\u015bci na bossa. Ale to jest ju\u017c mo\u017cliwe dzi\u0119ki zestawowi Helveta\/Lakishna, runie precyzji i wzmocnieniu Dudu-Pr\u00e4zi. <\/p>\n\n\n\n<h1 class=\"wp-block-heading\">&#8211; Setskills<\/h1>\n\n\n\n<p>Duchowa moc kr\u00f3lowej mr\u00f3wek (Kulech)<\/p>\n\n\n\n<p>\u015alady pustki (ostrza lodu)<\/p>\n\n\n\n<p>Tarcza ochronna za\u015bwiat\u00f3w (Grota Grozy)<\/p>\n\n\n\n<p>Ochrona przed duchami zmar\u0142ych (kolec z ko\u015bci)<\/p>\n\n\n\n<p>Przebieg agonii duszy (krypta wieczno\u015bci)<\/p>\n\n\n\n<p>Moc Ducha Kr\u00f3lowej Mr\u00f3wek mo\u017cna zast\u0105pi\u0107 Mroczn\u0105 Aur\u0105 (50 setkill do kupienia w Dalanis), je\u015bli nie mo\u017cesz farmi\u0107 Kulecha.<\/p>\n\n\n\n<p>Wszystkie inne umiej\u0119tno\u015bci zestawu s\u0105 po prostu mi\u0142e dla oka i nie s\u0105 absolutnie niezb\u0119dne do skutecznego grania t\u0105 klas\u0105.<\/p>\n\n\n\n<h1 class=\"wp-block-heading\">&#8211; Rotacja<\/h1>\n\n\n\n<p>B\u0119dzie to pierwszy poradnik, w kt\u00f3rym nie wprowadz\u0119 pe\u0142nej rotacji do silnika Combat Engine. Po prostu dlatego, \u017ce nie jest to \u0142atwe do odtworzenia. Jednak rotacja jest bardzo grywalna r\u0119cznie i wymaga tylko odrobiny praktyki, aby wykona\u0107 j\u0105 prawid\u0142owo.  <\/p>\n\n\n\n<p>Co wi\u0119cej, przej\u015bcie mi\u0119dzy rotacj\u0105 buff\u00f3w i wsparcia jest do\u015b\u0107 p\u0142ynne. I tak to rozbijam, ale tam, gdzie ko\u0144czy si\u0119 rotacja buff\u00f3w, rotacja wsparcia jest ju\u017c w toku. <\/p>\n\n\n\n<p>Ponadto podziel\u0119 rotacj\u0119 na 2 sekcje.<\/p>\n\n\n\n<p>Wsparcie szefa i rotacja PSI.<\/p>\n\n\n\n<p><strong>Wsparcie szefa:<\/strong><\/p>\n\n\n\n<p>Skr\u0119cone obci\u0105\u017cenie<\/p>\n\n\n\n<p>Zakl\u0119cie rozbijaj\u0105ce Saces (je\u015bli w konstrukcie obecne jest PSI)<\/p>\n\n\n\n<p>3x Udr\u0119ka duszy lub pozbawienie percepcji<\/p>\n\n\n\n<p>Cios zbieraj\u0105cy serce<\/p>\n\n\n\n<p>Cicho skoordynowane z czo\u0142giem<\/p>\n\n\n\n<p>Gdy to zrobisz, wszystko sprowadza si\u0119 do utrzymywania wzmocnie\u0144 i os\u0142abie\u0144 przez ca\u0142y czas. Tak wi\u0119c skr\u0119cona szar\u017ca i podpalenie duszy na 4 kumulacjach. <\/p>\n\n\n\n<p>Duszna agonia lub deprywacja percepcji zale\u017cy od posiadanej pr\u0119dko\u015bci rzucania. Przy wystarczaj\u0105cej pr\u0119dko\u015bci rzucania, udr\u0119ka duszy jest nieco szybsza <\/p>\n\n\n\n<p>Dla bardzo do\u015bwiadczonych wied\u017amin\u00f3w, je\u015bli chodzi o zarz\u0105dzanie buffami i CD, mo\u017cesz r\u00f3wnie\u017c wesprze\u0107 drug\u0105 grup\u0119. Za pomoc\u0105 makra mo\u017cesz przenie\u015b\u0107 si\u0119 do miejsca w drugiej grupie i tam r\u00f3wnie\u017c wykona\u0107 zakr\u0119con\u0105 szar\u017c\u0119. Wa\u017cne: Priorytetem dla skupienia i zarz\u0105dzania CD powinna by\u0107 zawsze grupa DD. Dlatego u\u017cywaj go tylko wtedy, gdy wszystko jest na bossie, zakr\u0119cenie w grupie DD trwa d\u0142u\u017cej ni\u017c CD umiej\u0119tno\u015bci i masz wystarczaj\u0105co du\u017co skupienia lub Heart Gathering Slash ko\u0144czy si\u0119 czas odnowienia.   <\/p>\n\n\n\n<p>\/script t_bp = UnitRaidIndex(&#8222;player&#8221;);<\/p>\n\n\n\n<p>\/script MoveRaidMember (t_bp, 12);<\/p>\n\n\n\n<p>\/wait 0.5<\/p>\n\n\n\n<p>\/cast Twisted load<\/p>\n\n\n\n<p>\/wait 0.5<\/p>\n\n\n\n<p>\/script MoveRaidMember (t_bp, 6);<\/p>\n\n\n\n<p><strong>Obr\u00f3t PSI:<\/strong><\/p>\n\n\n\n<p>Atak serca p\u0142omienia<\/p>\n\n\n\n<p>Zagmatwana \u0142amig\u0142\u00f3wka<\/p>\n\n\n\n<p>Strza\u0142y psychiczne 1x.<\/p>\n\n\n\n<p>Aktywuj konstrukt si\u0142y woli<\/p>\n\n\n\n<p>Nast\u0119pnie mo\u017cesz o\u017cywi\u0107 kogo\u015b za 6 psi<\/p>\n\n\n\n<p>Mo\u017cesz te\u017c rzuci\u0107 szept z za\u015bwiat\u00f3w i u\u017cy\u0107 zakl\u0119cia p\u0119kaj\u0105cego Sace&#8217;a<\/p>\n\n\n\n<p>Aby uzyska\u0107 wi\u0119cej wsparcia, mo\u017cesz u\u017cy\u0107 umiej\u0119tno\u015bci setskill tutaj, aby uzyska\u0107 2 PSI, a nast\u0119pnie kolejne 3 PSI<\/p>\n\n\n\n<p><strong>Psi-Rota dla leniwych:<\/strong>  <br><\/p>\n\n\n\n<figure class=\"wp-block-image size-full\"><img loading=\"lazy\" decoding=\"async\" width=\"945\" height=\"428\" src=\"https:\/\/www.runesofmagic-infos.com\/wp-content\/uploads\/2026\/04\/magier1.png\" alt=\"\" class=\"wp-image-5947\" srcset=\"https:\/\/www.runesofmagic-infos.com\/wp-content\/uploads\/2026\/04\/magier1.png 945w, https:\/\/www.runesofmagic-infos.com\/wp-content\/uploads\/2026\/04\/magier1-300x136.png 300w, https:\/\/www.runesofmagic-infos.com\/wp-content\/uploads\/2026\/04\/magier1-768x348.png 768w\" sizes=\"auto, (max-width: 945px) 100vw, 945px\" \/><\/figure>\n\n\n\n<p>Pa\u0144stwowy konstrukt si\u0142y woli:<br><a href=\"https:\/\/forum.runesofmagic.gameforge.com\/attachment\/4966-pasted-from-clipboard-png\/\"><\/a><\/p>\n\n\n\n<figure class=\"wp-block-image size-full\"><img loading=\"lazy\" decoding=\"async\" width=\"945\" height=\"273\" src=\"https:\/\/www.runesofmagic-infos.com\/wp-content\/uploads\/2026\/04\/magier2.png\" alt=\"\" class=\"wp-image-5952\" srcset=\"https:\/\/www.runesofmagic-infos.com\/wp-content\/uploads\/2026\/04\/magier2.png 945w, https:\/\/www.runesofmagic-infos.com\/wp-content\/uploads\/2026\/04\/magier2-300x87.png 300w, https:\/\/www.runesofmagic-infos.com\/wp-content\/uploads\/2026\/04\/magier2-768x222.png 768w\" sizes=\"auto, (max-width: 945px) 100vw, 945px\" \/><\/figure>\n\n\n\n<p>Status wszystkich pozosta\u0142ych umiej\u0119tno\u015bci:<\/p>\n\n\n\n<figure class=\"wp-block-image size-full\"><img loading=\"lazy\" decoding=\"async\" width=\"945\" height=\"269\" src=\"https:\/\/www.runesofmagic-infos.com\/wp-content\/uploads\/2026\/04\/magier3.png\" alt=\"\" class=\"wp-image-5957\" srcset=\"https:\/\/www.runesofmagic-infos.com\/wp-content\/uploads\/2026\/04\/magier3.png 945w, https:\/\/www.runesofmagic-infos.com\/wp-content\/uploads\/2026\/04\/magier3-300x85.png 300w, https:\/\/www.runesofmagic-infos.com\/wp-content\/uploads\/2026\/04\/magier3-768x219.png 768w\" sizes=\"auto, (max-width: 945px) 100vw, 945px\" \/><\/figure>\n\n\n\n<p>Ten kotek kumuluje wszystkie 6 PSI i aktywuje konstrukt. To, jakich umiej\u0119tno\u015bci pomocniczych u\u017cyjesz p\u00f3\u017aniej, zale\u017cy od ciebie. <\/p>\n\n\n\n<p>Przydatne s\u0105 Crack Spell Sace&#8217;a i Afterlife Whisper dla wsparcia DMG lub Mind Barrier dla tarczy grupowej, je\u015bli otrzymujesz du\u017co obra\u017ce\u0144 od boss\u00f3w. Ale to ju\u017c kwestia do\u015bwiadczenia, co gdzie si\u0119 przyda. <\/p>\n\n\n\n<h1 class=\"wp-block-heading\">&#8211; Rotacje buff\u00f3w<\/h1>\n\n\n\n<h1 class=\"wp-block-heading\">Ta klasa nie ma zbyt wielu Ultis\u00f3w. Ale wci\u0105\u017c jest kilka, kt\u00f3re powiniene\u015b rzuci\u0107: <\/h1>\n\n\n\n<p>Przed odliczaniem:<\/p>\n\n\n\n<p>Wzmocnij w\u0142asnego zwierzaka sta\u0142\u0105 tarcz\u0105 umys\u0142u, aby wymusi\u0107 rozpocz\u0119cie bitwy.<\/p>\n\n\n\n<p>PSI w pe\u0142ni skumulowane z umiej\u0119tno\u015bci\u0105 setskill lub uniwersaln\u0105 mikstur\u0105 (po prostu powiedz swojemu czo\u0142gowi, kiedy b\u0119dziesz gotowy).<\/p>\n\n\n\n<p>Buffen na p\u0142ycie CD:<\/p>\n\n\n\n<p>Jasna my\u015bl<\/p>\n\n\n\n<p>Przeci\u0105\u017cenie my\u015bli<\/p>\n\n\n\n<p>Tajemny eliksir<\/p>\n\n\n\n<p>I tu zaczyna si\u0119 wsparcie grupowe:<\/p>\n\n\n\n<p>Aktywuj konstrukcj\u0119<\/p>\n\n\n\n<p>Beyond Whispers Casting<\/p>\n\n\n\n<p>Rzu\u0107 tytu\u0142 BK. (g\u0142\u00f3wnie ma\u0142e lub du\u017ce F\u00dc) <\/p>\n\n\n\n<p>Rzucaj\u0105c fal\u0119 \u015bwiadomo\u015bci<\/p>\n\n\n\n<p>Od tego momentu rotacja &#8222;Boss Support&#8221; jest kontynuowana<\/p>\n\n\n\n<h1 class=\"wp-block-heading\">&#8211; Bufffood:<\/h1>\n\n\n\n<p>Standardowe wzmocnienia s\u0105 prawie zawsze wystarczaj\u0105ce.<\/p>\n\n\n\n<p>Maid: Matk lub LP. Ale to nie jest takie wa\u017cne <\/p>\n\n\n\n<p>Atrybuty jedzenia weselnego i int\/weis\/Dmg<\/p>\n\n\n\n<p>Transformacja: do\u015b\u0107 oboj\u0119tny<\/p>\n\n\n\n<p>Eliksir heroiczny<\/p>\n\n\n\n<p>\u017bywno\u015b\u0107 M-Dmg<\/p>\n\n\n\n<p>Jasna my\u015bl<\/p>\n\n\n\n<p>Zawsze sprawdzaj te\u017c, czy aktywowa\u0142e\u015b w\u0142asne wzmocnienia d\u0142ugoterminowe i czy s\u0105 one nadal aktywne w obu grupach, np. kl\u0105twa tkania.<\/p>\n\n\n\n<p>Zawsze u\u017cywa\u0142bym pr\u0119dko\u015bci biegu jako tytu\u0142u, tj. W biegu lub co\u015b podobnego.<\/p>\n\n\n\n<p>System tytu\u0142\u00f3w nie jest tak naprawd\u0119 konieczno\u015bci\u0105<\/p>\n\n\n\n<p>Cenedril mo\u017cesz u\u017cy\u0107 zwyk\u0142ych Cenedril\u00f3w MDD lub je\u015bli nie masz wystarczaj\u0105cej wytrzyma\u0142o\u015bci lub Def\/Parry.<\/p>\n","protected":false},"excerpt":{"rendered":"<p>Przewodnik Czarnoksi\u0119\u017cnika\/Maga: &#8211; Informacje og\u00f3lne Czarnoksi\u0119\u017cnik\/mag to prawdopodobnie najpot\u0119\u017cniejsza klasa wsparcia w ca\u0142ej grze Runes of Magic. Dzi\u0119ki wzmocnieniom dla dru\u017cyny i debuffom dla boss\u00f3w, znacz\u0105co przyczynia si\u0119 do zadawania obra\u017ce\u0144 bossom, samemu nie zadaj\u0105c ich zbyt wiele. To nigdy nie powinno by\u0107 celem. Opr\u00f3cz zadawania obra\u017ce\u0144, combo jest r\u00f3wnie\u017c [&hellip;]<\/p>\n","protected":false},"author":1,"featured_media":0,"parent":0,"menu_order":0,"comment_status":"closed","ping_status":"closed","template":"","meta":{"footnotes":""},"class_list":["post-5988","page","type-page","status-publish","hentry"],"yoast_head":"<!-- This site is optimized with the Yoast SEO plugin v27.4 - https:\/\/yoast.com\/product\/yoast-seo-wordpress\/ -->\n<title>Przewodnik: Wsparcie dla Czarnoksi\u0119\u017cnika - Runes of Magic-Infos<\/title>\n<meta name=\"robots\" content=\"index, follow, max-snippet:-1, max-image-preview:large, max-video-preview:-1\" \/>\n<link rel=\"canonical\" href=\"https:\/\/www.runesofmagic-infos.com\/pl\/przewodnik-wsparcie-dla-czarnoksieznika\/\" \/>\n<meta property=\"og:locale\" content=\"pl_PL\" \/>\n<meta property=\"og:type\" content=\"article\" \/>\n<meta property=\"og:title\" content=\"Przewodnik: Wsparcie dla Czarnoksi\u0119\u017cnika - Runes of Magic-Infos\" \/>\n<meta property=\"og:description\" content=\"Przewodnik Czarnoksi\u0119\u017cnika\/Maga: &#8211; Informacje og\u00f3lne Czarnoksi\u0119\u017cnik\/mag to prawdopodobnie najpot\u0119\u017cniejsza klasa wsparcia w ca\u0142ej grze Runes of Magic. Dzi\u0119ki wzmocnieniom dla dru\u017cyny i debuffom dla boss\u00f3w, znacz\u0105co przyczynia si\u0119 do zadawania obra\u017ce\u0144 bossom, samemu nie zadaj\u0105c ich zbyt wiele. To nigdy nie powinno by\u0107 celem. Opr\u00f3cz zadawania obra\u017ce\u0144, combo jest r\u00f3wnie\u017c [&hellip;]\" \/>\n<meta property=\"og:url\" content=\"https:\/\/www.runesofmagic-infos.com\/pl\/przewodnik-wsparcie-dla-czarnoksieznika\/\" \/>\n<meta property=\"og:site_name\" content=\"Runes of Magic-Infos\" \/>\n<meta property=\"og:image\" content=\"https:\/\/www.runesofmagic-infos.com\/wp-content\/uploads\/2026\/04\/magier1.png\" \/>\n<meta name=\"twitter:card\" content=\"summary_large_image\" \/>\n<meta name=\"twitter:label1\" content=\"Szacowany czas czytania\" \/>\n\t<meta name=\"twitter:data1\" content=\"5 minut\" \/>\n<script type=\"application\/ld+json\" class=\"yoast-schema-graph\">{\"@context\":\"https:\\\/\\\/schema.org\",\"@graph\":[{\"@type\":\"WebPage\",\"@id\":\"https:\\\/\\\/www.runesofmagic-infos.com\\\/pl\\\/przewodnik-wsparcie-dla-czarnoksieznika\\\/\",\"url\":\"https:\\\/\\\/www.runesofmagic-infos.com\\\/pl\\\/przewodnik-wsparcie-dla-czarnoksieznika\\\/\",\"name\":\"Przewodnik: Wsparcie dla Czarnoksi\u0119\u017cnika - Runes of Magic-Infos\",\"isPartOf\":{\"@id\":\"https:\\\/\\\/www.runesofmagic-infos.com\\\/pl\\\/#website\"},\"primaryImageOfPage\":{\"@id\":\"https:\\\/\\\/www.runesofmagic-infos.com\\\/pl\\\/przewodnik-wsparcie-dla-czarnoksieznika\\\/#primaryimage\"},\"image\":{\"@id\":\"https:\\\/\\\/www.runesofmagic-infos.com\\\/pl\\\/przewodnik-wsparcie-dla-czarnoksieznika\\\/#primaryimage\"},\"thumbnailUrl\":\"https:\\\/\\\/www.runesofmagic-infos.com\\\/wp-content\\\/uploads\\\/2026\\\/04\\\/magier1.png\",\"datePublished\":\"2026-04-15T15:43:55+00:00\",\"breadcrumb\":{\"@id\":\"https:\\\/\\\/www.runesofmagic-infos.com\\\/pl\\\/przewodnik-wsparcie-dla-czarnoksieznika\\\/#breadcrumb\"},\"inLanguage\":\"pl-PL\",\"potentialAction\":[{\"@type\":\"ReadAction\",\"target\":[\"https:\\\/\\\/www.runesofmagic-infos.com\\\/pl\\\/przewodnik-wsparcie-dla-czarnoksieznika\\\/\"]}]},{\"@type\":\"ImageObject\",\"inLanguage\":\"pl-PL\",\"@id\":\"https:\\\/\\\/www.runesofmagic-infos.com\\\/pl\\\/przewodnik-wsparcie-dla-czarnoksieznika\\\/#primaryimage\",\"url\":\"https:\\\/\\\/www.runesofmagic-infos.com\\\/wp-content\\\/uploads\\\/2026\\\/04\\\/magier1.png\",\"contentUrl\":\"https:\\\/\\\/www.runesofmagic-infos.com\\\/wp-content\\\/uploads\\\/2026\\\/04\\\/magier1.png\"},{\"@type\":\"BreadcrumbList\",\"@id\":\"https:\\\/\\\/www.runesofmagic-infos.com\\\/pl\\\/przewodnik-wsparcie-dla-czarnoksieznika\\\/#breadcrumb\",\"itemListElement\":[{\"@type\":\"ListItem\",\"position\":1,\"name\":\"Startseite\",\"item\":\"https:\\\/\\\/www.runesofmagic-infos.com\\\/pl\\\/\"},{\"@type\":\"ListItem\",\"position\":2,\"name\":\"Przewodnik: Wsparcie dla Czarnoksi\u0119\u017cnika\"}]},{\"@type\":\"WebSite\",\"@id\":\"https:\\\/\\\/www.runesofmagic-infos.com\\\/pl\\\/#website\",\"url\":\"https:\\\/\\\/www.runesofmagic-infos.com\\\/pl\\\/\",\"name\":\"Runes of Magic-Infos\",\"description\":\"\",\"publisher\":{\"@id\":\"https:\\\/\\\/www.runesofmagic-infos.com\\\/pl\\\/#organization\"},\"potentialAction\":[{\"@type\":\"SearchAction\",\"target\":{\"@type\":\"EntryPoint\",\"urlTemplate\":\"https:\\\/\\\/www.runesofmagic-infos.com\\\/pl\\\/?s={search_term_string}\"},\"query-input\":{\"@type\":\"PropertyValueSpecification\",\"valueRequired\":true,\"valueName\":\"search_term_string\"}}],\"inLanguage\":\"pl-PL\"},{\"@type\":\"Organization\",\"@id\":\"https:\\\/\\\/www.runesofmagic-infos.com\\\/pl\\\/#organization\",\"name\":\"Runes of Magic-Infos\",\"url\":\"https:\\\/\\\/www.runesofmagic-infos.com\\\/pl\\\/\",\"logo\":{\"@type\":\"ImageObject\",\"inLanguage\":\"pl-PL\",\"@id\":\"https:\\\/\\\/www.runesofmagic-infos.com\\\/pl\\\/#\\\/schema\\\/logo\\\/image\\\/\",\"url\":\"https:\\\/\\\/www.runesofmagic-infos.com\\\/wp-content\\\/uploads\\\/2024\\\/01\\\/ROM-Infos-Original-Logo.png\",\"contentUrl\":\"https:\\\/\\\/www.runesofmagic-infos.com\\\/wp-content\\\/uploads\\\/2024\\\/01\\\/ROM-Infos-Original-Logo.png\",\"width\":2329,\"height\":1721,\"caption\":\"Runes of Magic-Infos\"},\"image\":{\"@id\":\"https:\\\/\\\/www.runesofmagic-infos.com\\\/pl\\\/#\\\/schema\\\/logo\\\/image\\\/\"}}]}<\/script>\n<!-- \/ Yoast SEO plugin. -->","yoast_head_json":{"title":"Przewodnik: Wsparcie dla Czarnoksi\u0119\u017cnika - Runes of Magic-Infos","robots":{"index":"index","follow":"follow","max-snippet":"max-snippet:-1","max-image-preview":"max-image-preview:large","max-video-preview":"max-video-preview:-1"},"canonical":"https:\/\/www.runesofmagic-infos.com\/pl\/przewodnik-wsparcie-dla-czarnoksieznika\/","og_locale":"pl_PL","og_type":"article","og_title":"Przewodnik: Wsparcie dla Czarnoksi\u0119\u017cnika - Runes of Magic-Infos","og_description":"Przewodnik Czarnoksi\u0119\u017cnika\/Maga: &#8211; Informacje og\u00f3lne Czarnoksi\u0119\u017cnik\/mag to prawdopodobnie najpot\u0119\u017cniejsza klasa wsparcia w ca\u0142ej grze Runes of Magic. Dzi\u0119ki wzmocnieniom dla dru\u017cyny i debuffom dla boss\u00f3w, znacz\u0105co przyczynia si\u0119 do zadawania obra\u017ce\u0144 bossom, samemu nie zadaj\u0105c ich zbyt wiele. To nigdy nie powinno by\u0107 celem. Opr\u00f3cz zadawania obra\u017ce\u0144, combo jest r\u00f3wnie\u017c [&hellip;]","og_url":"https:\/\/www.runesofmagic-infos.com\/pl\/przewodnik-wsparcie-dla-czarnoksieznika\/","og_site_name":"Runes of Magic-Infos","og_image":[{"url":"https:\/\/www.runesofmagic-infos.com\/wp-content\/uploads\/2026\/04\/magier1.png","type":"","width":"","height":""}],"twitter_card":"summary_large_image","twitter_misc":{"Szacowany czas czytania":"5 minut"},"schema":{"@context":"https:\/\/schema.org","@graph":[{"@type":"WebPage","@id":"https:\/\/www.runesofmagic-infos.com\/pl\/przewodnik-wsparcie-dla-czarnoksieznika\/","url":"https:\/\/www.runesofmagic-infos.com\/pl\/przewodnik-wsparcie-dla-czarnoksieznika\/","name":"Przewodnik: Wsparcie dla Czarnoksi\u0119\u017cnika - Runes of Magic-Infos","isPartOf":{"@id":"https:\/\/www.runesofmagic-infos.com\/pl\/#website"},"primaryImageOfPage":{"@id":"https:\/\/www.runesofmagic-infos.com\/pl\/przewodnik-wsparcie-dla-czarnoksieznika\/#primaryimage"},"image":{"@id":"https:\/\/www.runesofmagic-infos.com\/pl\/przewodnik-wsparcie-dla-czarnoksieznika\/#primaryimage"},"thumbnailUrl":"https:\/\/www.runesofmagic-infos.com\/wp-content\/uploads\/2026\/04\/magier1.png","datePublished":"2026-04-15T15:43:55+00:00","breadcrumb":{"@id":"https:\/\/www.runesofmagic-infos.com\/pl\/przewodnik-wsparcie-dla-czarnoksieznika\/#breadcrumb"},"inLanguage":"pl-PL","potentialAction":[{"@type":"ReadAction","target":["https:\/\/www.runesofmagic-infos.com\/pl\/przewodnik-wsparcie-dla-czarnoksieznika\/"]}]},{"@type":"ImageObject","inLanguage":"pl-PL","@id":"https:\/\/www.runesofmagic-infos.com\/pl\/przewodnik-wsparcie-dla-czarnoksieznika\/#primaryimage","url":"https:\/\/www.runesofmagic-infos.com\/wp-content\/uploads\/2026\/04\/magier1.png","contentUrl":"https:\/\/www.runesofmagic-infos.com\/wp-content\/uploads\/2026\/04\/magier1.png"},{"@type":"BreadcrumbList","@id":"https:\/\/www.runesofmagic-infos.com\/pl\/przewodnik-wsparcie-dla-czarnoksieznika\/#breadcrumb","itemListElement":[{"@type":"ListItem","position":1,"name":"Startseite","item":"https:\/\/www.runesofmagic-infos.com\/pl\/"},{"@type":"ListItem","position":2,"name":"Przewodnik: Wsparcie dla Czarnoksi\u0119\u017cnika"}]},{"@type":"WebSite","@id":"https:\/\/www.runesofmagic-infos.com\/pl\/#website","url":"https:\/\/www.runesofmagic-infos.com\/pl\/","name":"Runes of Magic-Infos","description":"","publisher":{"@id":"https:\/\/www.runesofmagic-infos.com\/pl\/#organization"},"potentialAction":[{"@type":"SearchAction","target":{"@type":"EntryPoint","urlTemplate":"https:\/\/www.runesofmagic-infos.com\/pl\/?s={search_term_string}"},"query-input":{"@type":"PropertyValueSpecification","valueRequired":true,"valueName":"search_term_string"}}],"inLanguage":"pl-PL"},{"@type":"Organization","@id":"https:\/\/www.runesofmagic-infos.com\/pl\/#organization","name":"Runes of Magic-Infos","url":"https:\/\/www.runesofmagic-infos.com\/pl\/","logo":{"@type":"ImageObject","inLanguage":"pl-PL","@id":"https:\/\/www.runesofmagic-infos.com\/pl\/#\/schema\/logo\/image\/","url":"https:\/\/www.runesofmagic-infos.com\/wp-content\/uploads\/2024\/01\/ROM-Infos-Original-Logo.png","contentUrl":"https:\/\/www.runesofmagic-infos.com\/wp-content\/uploads\/2024\/01\/ROM-Infos-Original-Logo.png","width":2329,"height":1721,"caption":"Runes of Magic-Infos"},"image":{"@id":"https:\/\/www.runesofmagic-infos.com\/pl\/#\/schema\/logo\/image\/"}}]}},"_links":{"self":[{"href":"https:\/\/www.runesofmagic-infos.com\/pl\/wp-json\/wp\/v2\/pages\/5988","targetHints":{"allow":["GET"]}}],"collection":[{"href":"https:\/\/www.runesofmagic-infos.com\/pl\/wp-json\/wp\/v2\/pages"}],"about":[{"href":"https:\/\/www.runesofmagic-infos.com\/pl\/wp-json\/wp\/v2\/types\/page"}],"author":[{"embeddable":true,"href":"https:\/\/www.runesofmagic-infos.com\/pl\/wp-json\/wp\/v2\/users\/1"}],"replies":[{"embeddable":true,"href":"https:\/\/www.runesofmagic-infos.com\/pl\/wp-json\/wp\/v2\/comments?post=5988"}],"version-history":[{"count":0,"href":"https:\/\/www.runesofmagic-infos.com\/pl\/wp-json\/wp\/v2\/pages\/5988\/revisions"}],"wp:attachment":[{"href":"https:\/\/www.runesofmagic-infos.com\/pl\/wp-json\/wp\/v2\/media?parent=5988"}],"curies":[{"name":"wp","href":"https:\/\/api.w.org\/{rel}","templated":true}]}}