{"id":5601,"date":"2025-11-14T16:51:54","date_gmt":"2025-11-14T16:51:54","guid":{"rendered":"https:\/\/www.runesofmagic-infos.com\/perspektywy-na-2026-r\/"},"modified":"2025-11-21T15:49:10","modified_gmt":"2025-11-21T15:49:10","slug":"perspektywy-na-2026-r","status":"publish","type":"page","link":"https:\/\/www.runesofmagic-infos.com\/pl\/perspektywy-na-2026-r\/","title":{"rendered":"Nowa zawarto\u015b\u0107 ROM"},"content":{"rendered":"\n<h2 class=\"wp-block-heading\"><strong>Nowa mapa: Oneiros<\/strong><\/h2>\n\n\n\n<p>Tak, rzeczywi\u015bcie pracujemy nad zupe\u0142nie nowym regionem &#8211; z nowym maksymalnym poziomem, nowymi w\u0105tkami fabularnymi, nowymi materia\u0142ami rzemie\u015blniczymi i przepisami, now\u0105 codzienn\u0105 grywaln\u0105 zawarto\u015bci\u0105 i nie tylko!<\/p>\n\n\n\n<p>Jak mo\u017cna sobie wyobrazi\u0107, wi\u0105\u017ce si\u0119 to z du\u017cym nak\u0142adem pracy zwi\u0105zanej z planowaniem i projektowaniem, dlatego przez ostatnie kilka miesi\u0119cy byli\u015bmy tak cicho. Wci\u0105\u017c jeste\u015bmy daleko od uko\u0144czenia prac, dlatego nie mog\u0119 obieca\u0107 dok\u0142adnej daty premiery. Miejcie to na uwadze, je\u015bli chodzi o poni\u017csze plany, pomys\u0142y i przemy\u015blenia. Dlatego najpierw zajm\u0119 si\u0119 bardziej konkretnymi punktami, a reszt\u0105 zajm\u0119 si\u0119 w drugiej wiadomo\u015bci w przysz\u0142ym roku.   <\/p>\n\n\n\n<p>Oto kilka wizualnych wra\u017ce\u0144 na pocz\u0105tek:<\/p>\n\n\n\n<figure class=\"wp-block-image\"><a class=\"jsImageViewerEnabled embeddedImageLink\" href=\"https:\/\/image.board.gameforge.com\/uploads\/iis\/img_98064f61.png\"><img decoding=\"async\" src=\"https:\/\/image.board.gameforge.com\/uploads\/iis\/img_98064f61.png\" alt=\"img_98064f61.png\"><\/a><\/figure>\n\n\n\n<p><em>Mo\u017ce nowe centrum miasta?<\/em><\/p>\n\n\n\n<figure class=\"wp-block-image\"><a class=\"jsImageViewerEnabled embeddedImageLink\" href=\"https:\/\/image.board.gameforge.com\/uploads\/iis\/img_24e40c45.png\"><img decoding=\"async\" src=\"https:\/\/image.board.gameforge.com\/uploads\/iis\/img_24e40c45.png\" alt=\"img_24e40c45.png\"><\/a><\/figure>\n\n\n\n<p><em>Mocno lobbuj\u0119 wewn\u0119trznie, aby sta\u0142o si\u0119 to czym\u015b w rodzaju letniego baru&#8230; Zobaczymy, czy mi si\u0119 uda.<\/em><\/p>\n\n\n\n<figure class=\"wp-block-image\"><a class=\"jsImageViewerEnabled embeddedImageLink\" href=\"https:\/\/image.board.gameforge.com\/uploads\/iis\/img_042ac096.png\"><img decoding=\"async\" src=\"https:\/\/image.board.gameforge.com\/uploads\/iis\/img_042ac096.png\" alt=\"img_042ac096.png\"><\/a><\/figure>\n\n\n\n<p><em>Szczerze? Nie mam poj\u0119cia. Przynajmniej nie wygl\u0105da zdrowo&#8230;  <\/em><\/p>\n\n\n\n<figure class=\"wp-block-image\"><a class=\"jsImageViewerEnabled embeddedImageLink\" href=\"https:\/\/image.board.gameforge.com\/uploads\/iis\/img_d6e8675b.png\"><img decoding=\"async\" src=\"https:\/\/image.board.gameforge.com\/uploads\/iis\/img_d6e8675b.png\" alt=\"img_d6e8675b.png\"><\/a><\/figure>\n\n\n\n<p><em>Ciekawe, kto mieszka w tym ogromnym lodowym zamku&#8230; Mo\u017ce jaki\u015b wa\u017cny przeciwnik? <\/em><\/p>\n\n\n\n<h2 class=\"wp-block-heading\"><strong>Nowy maksymalny poziom<\/strong><\/h2>\n\n\n\n<p>Mamy konkretny plan (i wewn\u0119trzne przygotowania) tego, jak chcemy post\u0119powa\u0107 w zakresie samego maksymalnego poziomu i jak b\u0119dziemy radzi\u0107 sobie z poziomami szczytowymi w przysz\u0142o\u015bci. Nale\u017cy jednak pami\u0119ta\u0107, \u017ce zmiany mog\u0105 zosta\u0107 wprowadzone (r\u00f3wnie\u017c w oparciu o wasze opinie) przed premier\u0105. <\/p>\n\n\n\n<p><strong>Maksymalny poziom<\/strong><\/p>\n\n\n\n<p>Obecny maksymalny poziom 100 zostanie zwi\u0119kszony do 108 wraz z nowym regionem. Chocia\u017c nie jest to &#8222;zwyk\u0142y&#8221; wzrost, jaki RoM wprowadzi\u0142 wraz z nowymi mapami i historiami, ca\u0142a zawarto\u015b\u0107 i systemy dodane tym razem zostan\u0105 stworzone przez Gameforge przy wsparciu oryginalnych tw\u00f3rc\u00f3w. Istniej\u0105 powody tego odmiennego podej\u015bcia.  <\/p>\n\n\n\n<p>Po pierwsze, min\u0119\u0142y wieki, odk\u0105d poczynili\u015bmy jakiekolwiek post\u0119py w tym zakresie. Po drugie, potrzebowali\u015bmy nieco wi\u0119kszego pola manewru ze wzgl\u0119du na zmiany w schodach na szczyt. I po trzecie &#8230; szczerze m\u00f3wi\u0105c, by\u0142em za 110, aby mie\u0107 okr\u0105g\u0142\u0105 liczb\u0119, ale 108 to dobry kompromis, aby nie rosn\u0105\u0107 zbyt szybko \ud83d\ude0a  <\/p>\n\n\n\n<p><strong>Poziomy szczytu: Intencje<\/strong><\/p>\n\n\n\n<p>Wspomina\u0142em ju\u017c o tym na pocz\u0105tku 2024 roku, ale skalowanie poziom\u00f3w szczyt\u00f3w i poziomu trudno\u015bci jest niekorzystne i musia\u0142o zosta\u0107 zmienione ju\u017c wtedy, aby unikn\u0105\u0107 problem\u00f3w z szybko\u015bci\u0105 trafie\u0144 i unik\u00f3w. Nie by\u0142a te\u017c dobrze zbalansowana &#8211; czu\u0142em, \u017ce ledwo da si\u0119 j\u0105 uko\u0144czy\u0107 w rozs\u0105dnym czasie. <\/p>\n\n\n\n<p>Niemniej jednak uwa\u017cam, \u017ce pomys\u0142 stoj\u0105cy za systemem poziom\u00f3w szczytowych jest dobry: daje ci cel, do kt\u00f3rego mo\u017cesz d\u0105\u017cy\u0107 wraz z now\u0105 zawarto\u015bci\u0105, i sprawia, \u017ce istniej\u0105ca zawarto\u015b\u0107 i systemy s\u0105 bardziej interesuj\u0105ce, nadaj\u0105c im d\u0142ugoterminowe znaczenie.<\/p>\n\n\n\n<p>Dzi\u0119ki planowanym zmianom chcemy do pewnego stopnia zachowa\u0107 oba te elementy: Nadal powinni\u015bmy mie\u0107 system, kt\u00f3ry daje ci cel po osi\u0105gni\u0119ciu nowego maksymalnego poziomu &#8211; i niewielk\u0105 przewag\u0119 w codziennych czynno\u015bciach. Jednocze\u015bnie nie powinien on by\u0107 &#8222;skalowalny w niesko\u0144czono\u015b\u0107&#8221;, ale mo\u017cliwy do wykonania w ci\u0105gu kilku miesi\u0119cy, a jednocze\u015bnie nie powinien by\u0107 resetowany zbyt cz\u0119sto, aby unikn\u0105\u0107 wymkni\u0119cia si\u0119 spod kontroli (lub utraty rzeczywistego celu). <\/p>\n\n\n\n<p><strong>Kroki na szczyt: Co to w\u0142a\u015bciwie oznacza?<\/strong><\/p>\n\n\n\n<p>To w\u0142a\u015bnie si\u0119 za tym kryje:<\/p>\n\n\n\n<ul class=\"wp-block-list\">\n<li>Poziomy szczytowe si\u0119gaj\u0105 tylko 10 i nie s\u0105 konieczne do aktywnej gry lub odblokowywania zawarto\u015bci.<\/li>\n\n\n\n<li>Dzia\u0142aj\u0105 one podobnie do &#8222;sezonu przepustek bojowych&#8221; (nie przychodzi mi teraz do g\u0142owy lepsze okre\u015blenie). Zasadniczo post\u0119py resetuj\u0105 si\u0119 co x czasu (mniej wi\u0119cej raz w roku, plus minus kilka miesi\u0119cy, w zale\u017cno\u015bci od zawarto\u015bci), a ty otrzymujesz pasywne nagrody w miar\u0119 post\u0119p\u00f3w &#8222;w sezonie&#8221;. <\/li>\n\n\n\n<li>Gdy tylko osi\u0105gniesz nowy poziom, otrzymasz now\u0105 walut\u0119, kt\u00f3r\u0105 mo\u017cesz zbiera\u0107 i wymienia\u0107 na ekskluzywne nagrody (np. wierzchowce, zestawy sk\u00f3rek, tytu\u0142y, przedmioty konsumpcyjne itp.)<\/li>\n<\/ul>\n\n\n\n<p><strong>Czy strac\u0119 swoje poziomy szczytowe po przej\u015bciu ze &#8222;starego&#8221; na &#8222;nowy&#8221;?<\/strong><\/p>\n\n\n\n<p>W skr\u00f3cie: Tak. Wraz z premier\u0105 nowego systemu, szczytowe poziomy wszystkich postaci zostan\u0105 zresetowane do 0. <\/p>\n\n\n\n<p>Poniewa\u017c jednak wiemy, ile czasu i wysi\u0142ku w\u0142o\u017cyli\u015bcie w zdobycie szczytu, chcemy to uszanowa\u0107. Plan jest nast\u0119puj\u0105cy: <\/p>\n\n\n\n<ul class=\"wp-block-list\">\n<li>Resetuj\u0105c\/zmieniaj\u0105c system, dzielimy aktualny poziom szczytowy przez 4. Wynikiem jest przewaga poziomu, z kt\u00f3r\u0105 zaczynasz na nowym maksymalnym poziomie.<br>Przyk\u0142ad: Jeste\u015b obecnie na poziomie szczytowym 8. Po wydaniu nowej mapy zaczniesz na poziomie 102. Je\u015bli jeste\u015b na poziomie szczytowym 20, zaczniesz na poziomie 105. <\/li>\n\n\n\n<li>Traktujemy to r\u00f3wnie\u017c jako &#8222;pierwszy sezon&#8221;: Otrzymasz wi\u0119c odpowiednie nagrody w zale\u017cno\u015bci od tego, jak wysoki jest tw\u00f3j szczytowy poziom w momencie zmiany. Dok\u0142adne szczeg\u00f3\u0142y pojawi\u0105 si\u0119 na kr\u00f3tko przed premier\u0105 i b\u0119d\u0105 obejmowa\u0107 co\u015b w rodzaju tytu\u0142\u00f3w wy\u015bcig\u00f3w. <\/li>\n<\/ul>\n\n\n\n<p>Mamy nadziej\u0119, \u017ce postrzegacie to tak samo jak my: jako drastyczn\u0105, ale konieczn\u0105 zmian\u0119 dla d\u0142ugoterminowej przysz\u0142o\u015bci Runes of Magic. Zale\u017cy nam na wzbogaceniu gry o zabawn\u0105 i zr\u00f3wnowa\u017con\u0105 zawarto\u015b\u0107. <\/p>\n\n\n\n<h2 class=\"wp-block-heading\"><strong>Collect &amp; Craft<\/strong><\/h2>\n\n\n\n<p>Wraz z nowym maksymalnym poziomem dla twoich klas i now\u0105 stref\u0105, chcemy r\u00f3wnie\u017c zwi\u0119kszy\u0107 obecny system rzemios\u0142a o kolejn\u0105 rang\u0119 (tj. poziom 101 do 120), doda\u0107 nowe materia\u0142y do zebrania i nowe przepisy na wytwarzanie dobrych rzeczy.<\/p>\n\n\n\n<p><strong>Zbiera\u0107<\/strong><\/p>\n\n\n\n<p>Nasze pomys\u0142y koncentruj\u0105 si\u0119 wok\u00f3\u0142 nast\u0119puj\u0105cych trzech punkt\u00f3w:<\/p>\n\n\n\n<ul class=\"wp-block-list\">\n<li>Zbieractwo powinno by\u0107 ponownie nagradzane (na wszystkich poziomach), zamiast czyni\u0107 lochy miar\u0105 wszystkich rzeczy. Stanie si\u0119 tak g\u0142\u00f3wnie dzi\u0119ki nowym narz\u0119dziom do zbierania, kt\u00f3re mo\u017cna dalej ulepsza\u0107, aby uzyska\u0107 wi\u0119cej materia\u0142\u00f3w na proces zbierania i\/lub rzadsze materia\u0142y. <\/li>\n\n\n\n<li>Oneiros otrzymuje nowe punkty zbierania, kt\u00f3re s\u0105 potrzebne do tworzenia wysokiej jako\u015bci rzemios\u0142a.<\/li>\n\n\n\n<li>Zdolno\u015bci zbierackie towarzyszy zostan\u0105 ulepszone (pod wzgl\u0119dem poziomu, a nie ilo\u015bci materia\u0142\u00f3w).<\/li>\n<\/ul>\n\n\n\n<p><strong>Rzemios\u0142o<\/strong><\/p>\n\n\n\n<p>W przypadku naszych rzemie\u015blnik\u00f3w chcemy pozostawi\u0107 system w du\u017cej mierze bez zmian i rozszerzy\u0107 go tak, aby pasowa\u0142 r\u00f3wnie\u017c do nowego maksymalnego poziomu i nowej mapy:<\/p>\n\n\n\n<ul class=\"wp-block-list\">\n<li>Nowa najwy\u017csza ranga, kt\u00f3r\u0105 mo\u017cna osi\u0105gn\u0105\u0107 poprzez zbieranie lub wytwarzanie (tak, &#8222;lub&#8221; jest tutaj poprawne).<\/li>\n\n\n\n<li>Nowe receptury do poziomu 108, do kt\u00f3rych potrzebne s\u0105 stare i nowe materia\u0142y.<\/li>\n\n\n\n<li>Prawdopodobnie nowe narz\u0119dzia rzemie\u015blnicze, aby jeszcze bardziej wyspecjalizowa\u0107 si\u0119 w konkretnym obszarze (do potwierdzenia).<\/li>\n<\/ul>\n","protected":false},"excerpt":{"rendered":"<p>Nowa mapa: Oneiros Tak, rzeczywi\u015bcie pracujemy nad zupe\u0142nie nowym regionem &#8211; z nowym maksymalnym poziomem, nowymi w\u0105tkami fabularnymi, nowymi materia\u0142ami rzemie\u015blniczymi i przepisami, now\u0105 codzienn\u0105 grywaln\u0105 zawarto\u015bci\u0105 i nie tylko! Jak mo\u017cna sobie wyobrazi\u0107, wi\u0105\u017ce si\u0119 to z du\u017cym nak\u0142adem pracy zwi\u0105zanej z planowaniem i projektowaniem, dlatego przez ostatnie kilka [&hellip;]<\/p>\n","protected":false},"author":1,"featured_media":0,"parent":0,"menu_order":0,"comment_status":"closed","ping_status":"closed","template":"","meta":{"footnotes":""},"class_list":["post-5601","page","type-page","status-publish","hentry"],"yoast_head":"<!-- This site is optimized with the Yoast SEO plugin v27.4 - https:\/\/yoast.com\/product\/yoast-seo-wordpress\/ -->\n<title>Nowa zawarto\u015b\u0107 ROM - Runes of Magic-Infos<\/title>\n<meta name=\"robots\" content=\"index, follow, max-snippet:-1, max-image-preview:large, max-video-preview:-1\" \/>\n<link rel=\"canonical\" href=\"https:\/\/www.runesofmagic-infos.com\/pl\/perspektywy-na-2026-r\/\" \/>\n<meta property=\"og:locale\" content=\"pl_PL\" \/>\n<meta property=\"og:type\" content=\"article\" \/>\n<meta property=\"og:title\" content=\"Nowa zawarto\u015b\u0107 ROM - Runes of Magic-Infos\" \/>\n<meta property=\"og:description\" content=\"Nowa mapa: Oneiros Tak, rzeczywi\u015bcie pracujemy nad zupe\u0142nie nowym regionem &#8211; z nowym maksymalnym poziomem, nowymi w\u0105tkami fabularnymi, nowymi materia\u0142ami rzemie\u015blniczymi i przepisami, now\u0105 codzienn\u0105 grywaln\u0105 zawarto\u015bci\u0105 i nie tylko! Jak mo\u017cna sobie wyobrazi\u0107, wi\u0105\u017ce si\u0119 to z du\u017cym nak\u0142adem pracy zwi\u0105zanej z planowaniem i projektowaniem, dlatego przez ostatnie kilka [&hellip;]\" \/>\n<meta property=\"og:url\" content=\"https:\/\/www.runesofmagic-infos.com\/pl\/perspektywy-na-2026-r\/\" \/>\n<meta property=\"og:site_name\" content=\"Runes of Magic-Infos\" \/>\n<meta property=\"article:modified_time\" content=\"2025-11-21T15:49:10+00:00\" \/>\n<meta property=\"og:image\" content=\"https:\/\/image.board.gameforge.com\/uploads\/iis\/img_98064f61.png\" \/>\n<meta name=\"twitter:card\" content=\"summary_large_image\" \/>\n<meta name=\"twitter:label1\" content=\"Szacowany czas czytania\" \/>\n\t<meta name=\"twitter:data1\" content=\"5 minut\" \/>\n<script type=\"application\/ld+json\" class=\"yoast-schema-graph\">{\"@context\":\"https:\\\/\\\/schema.org\",\"@graph\":[{\"@type\":\"WebPage\",\"@id\":\"https:\\\/\\\/www.runesofmagic-infos.com\\\/pl\\\/perspektywy-na-2026-r\\\/\",\"url\":\"https:\\\/\\\/www.runesofmagic-infos.com\\\/pl\\\/perspektywy-na-2026-r\\\/\",\"name\":\"Nowa zawarto\u015b\u0107 ROM - Runes of Magic-Infos\",\"isPartOf\":{\"@id\":\"https:\\\/\\\/www.runesofmagic-infos.com\\\/pl\\\/#website\"},\"primaryImageOfPage\":{\"@id\":\"https:\\\/\\\/www.runesofmagic-infos.com\\\/pl\\\/perspektywy-na-2026-r\\\/#primaryimage\"},\"image\":{\"@id\":\"https:\\\/\\\/www.runesofmagic-infos.com\\\/pl\\\/perspektywy-na-2026-r\\\/#primaryimage\"},\"thumbnailUrl\":\"https:\\\/\\\/image.board.gameforge.com\\\/uploads\\\/iis\\\/img_98064f61.png\",\"datePublished\":\"2025-11-14T16:51:54+00:00\",\"dateModified\":\"2025-11-21T15:49:10+00:00\",\"breadcrumb\":{\"@id\":\"https:\\\/\\\/www.runesofmagic-infos.com\\\/pl\\\/perspektywy-na-2026-r\\\/#breadcrumb\"},\"inLanguage\":\"pl-PL\",\"potentialAction\":[{\"@type\":\"ReadAction\",\"target\":[\"https:\\\/\\\/www.runesofmagic-infos.com\\\/pl\\\/perspektywy-na-2026-r\\\/\"]}]},{\"@type\":\"ImageObject\",\"inLanguage\":\"pl-PL\",\"@id\":\"https:\\\/\\\/www.runesofmagic-infos.com\\\/pl\\\/perspektywy-na-2026-r\\\/#primaryimage\",\"url\":\"https:\\\/\\\/image.board.gameforge.com\\\/uploads\\\/iis\\\/img_98064f61.png\",\"contentUrl\":\"https:\\\/\\\/image.board.gameforge.com\\\/uploads\\\/iis\\\/img_98064f61.png\"},{\"@type\":\"BreadcrumbList\",\"@id\":\"https:\\\/\\\/www.runesofmagic-infos.com\\\/pl\\\/perspektywy-na-2026-r\\\/#breadcrumb\",\"itemListElement\":[{\"@type\":\"ListItem\",\"position\":1,\"name\":\"Startseite\",\"item\":\"https:\\\/\\\/www.runesofmagic-infos.com\\\/pl\\\/\"},{\"@type\":\"ListItem\",\"position\":2,\"name\":\"Nowa zawarto\u015b\u0107 ROM\"}]},{\"@type\":\"WebSite\",\"@id\":\"https:\\\/\\\/www.runesofmagic-infos.com\\\/pl\\\/#website\",\"url\":\"https:\\\/\\\/www.runesofmagic-infos.com\\\/pl\\\/\",\"name\":\"Runes of Magic-Infos\",\"description\":\"\",\"publisher\":{\"@id\":\"https:\\\/\\\/www.runesofmagic-infos.com\\\/pl\\\/#organization\"},\"potentialAction\":[{\"@type\":\"SearchAction\",\"target\":{\"@type\":\"EntryPoint\",\"urlTemplate\":\"https:\\\/\\\/www.runesofmagic-infos.com\\\/pl\\\/?s={search_term_string}\"},\"query-input\":{\"@type\":\"PropertyValueSpecification\",\"valueRequired\":true,\"valueName\":\"search_term_string\"}}],\"inLanguage\":\"pl-PL\"},{\"@type\":\"Organization\",\"@id\":\"https:\\\/\\\/www.runesofmagic-infos.com\\\/pl\\\/#organization\",\"name\":\"Runes of Magic-Infos\",\"url\":\"https:\\\/\\\/www.runesofmagic-infos.com\\\/pl\\\/\",\"logo\":{\"@type\":\"ImageObject\",\"inLanguage\":\"pl-PL\",\"@id\":\"https:\\\/\\\/www.runesofmagic-infos.com\\\/pl\\\/#\\\/schema\\\/logo\\\/image\\\/\",\"url\":\"https:\\\/\\\/www.runesofmagic-infos.com\\\/wp-content\\\/uploads\\\/2024\\\/01\\\/ROM-Infos-Original-Logo.png\",\"contentUrl\":\"https:\\\/\\\/www.runesofmagic-infos.com\\\/wp-content\\\/uploads\\\/2024\\\/01\\\/ROM-Infos-Original-Logo.png\",\"width\":2329,\"height\":1721,\"caption\":\"Runes of Magic-Infos\"},\"image\":{\"@id\":\"https:\\\/\\\/www.runesofmagic-infos.com\\\/pl\\\/#\\\/schema\\\/logo\\\/image\\\/\"}}]}<\/script>\n<!-- \/ Yoast SEO plugin. -->","yoast_head_json":{"title":"Nowa zawarto\u015b\u0107 ROM - Runes of Magic-Infos","robots":{"index":"index","follow":"follow","max-snippet":"max-snippet:-1","max-image-preview":"max-image-preview:large","max-video-preview":"max-video-preview:-1"},"canonical":"https:\/\/www.runesofmagic-infos.com\/pl\/perspektywy-na-2026-r\/","og_locale":"pl_PL","og_type":"article","og_title":"Nowa zawarto\u015b\u0107 ROM - Runes of Magic-Infos","og_description":"Nowa mapa: Oneiros Tak, rzeczywi\u015bcie pracujemy nad zupe\u0142nie nowym regionem &#8211; z nowym maksymalnym poziomem, nowymi w\u0105tkami fabularnymi, nowymi materia\u0142ami rzemie\u015blniczymi i przepisami, now\u0105 codzienn\u0105 grywaln\u0105 zawarto\u015bci\u0105 i nie tylko! Jak mo\u017cna sobie wyobrazi\u0107, wi\u0105\u017ce si\u0119 to z du\u017cym nak\u0142adem pracy zwi\u0105zanej z planowaniem i projektowaniem, dlatego przez ostatnie kilka [&hellip;]","og_url":"https:\/\/www.runesofmagic-infos.com\/pl\/perspektywy-na-2026-r\/","og_site_name":"Runes of Magic-Infos","article_modified_time":"2025-11-21T15:49:10+00:00","og_image":[{"url":"https:\/\/image.board.gameforge.com\/uploads\/iis\/img_98064f61.png","type":"","width":"","height":""}],"twitter_card":"summary_large_image","twitter_misc":{"Szacowany czas czytania":"5 minut"},"schema":{"@context":"https:\/\/schema.org","@graph":[{"@type":"WebPage","@id":"https:\/\/www.runesofmagic-infos.com\/pl\/perspektywy-na-2026-r\/","url":"https:\/\/www.runesofmagic-infos.com\/pl\/perspektywy-na-2026-r\/","name":"Nowa zawarto\u015b\u0107 ROM - Runes of Magic-Infos","isPartOf":{"@id":"https:\/\/www.runesofmagic-infos.com\/pl\/#website"},"primaryImageOfPage":{"@id":"https:\/\/www.runesofmagic-infos.com\/pl\/perspektywy-na-2026-r\/#primaryimage"},"image":{"@id":"https:\/\/www.runesofmagic-infos.com\/pl\/perspektywy-na-2026-r\/#primaryimage"},"thumbnailUrl":"https:\/\/image.board.gameforge.com\/uploads\/iis\/img_98064f61.png","datePublished":"2025-11-14T16:51:54+00:00","dateModified":"2025-11-21T15:49:10+00:00","breadcrumb":{"@id":"https:\/\/www.runesofmagic-infos.com\/pl\/perspektywy-na-2026-r\/#breadcrumb"},"inLanguage":"pl-PL","potentialAction":[{"@type":"ReadAction","target":["https:\/\/www.runesofmagic-infos.com\/pl\/perspektywy-na-2026-r\/"]}]},{"@type":"ImageObject","inLanguage":"pl-PL","@id":"https:\/\/www.runesofmagic-infos.com\/pl\/perspektywy-na-2026-r\/#primaryimage","url":"https:\/\/image.board.gameforge.com\/uploads\/iis\/img_98064f61.png","contentUrl":"https:\/\/image.board.gameforge.com\/uploads\/iis\/img_98064f61.png"},{"@type":"BreadcrumbList","@id":"https:\/\/www.runesofmagic-infos.com\/pl\/perspektywy-na-2026-r\/#breadcrumb","itemListElement":[{"@type":"ListItem","position":1,"name":"Startseite","item":"https:\/\/www.runesofmagic-infos.com\/pl\/"},{"@type":"ListItem","position":2,"name":"Nowa zawarto\u015b\u0107 ROM"}]},{"@type":"WebSite","@id":"https:\/\/www.runesofmagic-infos.com\/pl\/#website","url":"https:\/\/www.runesofmagic-infos.com\/pl\/","name":"Runes of Magic-Infos","description":"","publisher":{"@id":"https:\/\/www.runesofmagic-infos.com\/pl\/#organization"},"potentialAction":[{"@type":"SearchAction","target":{"@type":"EntryPoint","urlTemplate":"https:\/\/www.runesofmagic-infos.com\/pl\/?s={search_term_string}"},"query-input":{"@type":"PropertyValueSpecification","valueRequired":true,"valueName":"search_term_string"}}],"inLanguage":"pl-PL"},{"@type":"Organization","@id":"https:\/\/www.runesofmagic-infos.com\/pl\/#organization","name":"Runes of Magic-Infos","url":"https:\/\/www.runesofmagic-infos.com\/pl\/","logo":{"@type":"ImageObject","inLanguage":"pl-PL","@id":"https:\/\/www.runesofmagic-infos.com\/pl\/#\/schema\/logo\/image\/","url":"https:\/\/www.runesofmagic-infos.com\/wp-content\/uploads\/2024\/01\/ROM-Infos-Original-Logo.png","contentUrl":"https:\/\/www.runesofmagic-infos.com\/wp-content\/uploads\/2024\/01\/ROM-Infos-Original-Logo.png","width":2329,"height":1721,"caption":"Runes of Magic-Infos"},"image":{"@id":"https:\/\/www.runesofmagic-infos.com\/pl\/#\/schema\/logo\/image\/"}}]}},"_links":{"self":[{"href":"https:\/\/www.runesofmagic-infos.com\/pl\/wp-json\/wp\/v2\/pages\/5601","targetHints":{"allow":["GET"]}}],"collection":[{"href":"https:\/\/www.runesofmagic-infos.com\/pl\/wp-json\/wp\/v2\/pages"}],"about":[{"href":"https:\/\/www.runesofmagic-infos.com\/pl\/wp-json\/wp\/v2\/types\/page"}],"author":[{"embeddable":true,"href":"https:\/\/www.runesofmagic-infos.com\/pl\/wp-json\/wp\/v2\/users\/1"}],"replies":[{"embeddable":true,"href":"https:\/\/www.runesofmagic-infos.com\/pl\/wp-json\/wp\/v2\/comments?post=5601"}],"version-history":[{"count":2,"href":"https:\/\/www.runesofmagic-infos.com\/pl\/wp-json\/wp\/v2\/pages\/5601\/revisions"}],"predecessor-version":[{"id":5621,"href":"https:\/\/www.runesofmagic-infos.com\/pl\/wp-json\/wp\/v2\/pages\/5601\/revisions\/5621"}],"wp:attachment":[{"href":"https:\/\/www.runesofmagic-infos.com\/pl\/wp-json\/wp\/v2\/media?parent=5601"}],"curies":[{"name":"wp","href":"https:\/\/api.w.org\/{rel}","templated":true}]}}