{"id":4860,"date":"2024-12-02T20:06:49","date_gmt":"2024-12-02T20:06:49","guid":{"rendered":"https:\/\/www.runesofmagic-infos.com\/doswiadczenie-nowego-gracza\/"},"modified":"2024-12-02T20:06:49","modified_gmt":"2024-12-02T20:06:49","slug":"doswiadczenie-nowego-gracza","status":"publish","type":"page","link":"https:\/\/www.runesofmagic-infos.com\/pl\/doswiadczenie-nowego-gracza\/","title":{"rendered":"&#8222;Do\u015bwiadczenie nowego gracza&#8221;"},"content":{"rendered":"\n<p>Nowo utworzone postacie maj\u0105 teraz mo\u017cliwo\u015b\u0107 rozpocz\u0119cia przygody w strefie &#8222;Wybrze\u017ce mo\u017cliwo\u015bci&#8221; po samouczku wprowadzaj\u0105cym. Przewodnik pomocy zawiera teraz bardziej przydatne i szczeg\u00f3\u0142owe wskaz\u00f3wki, dzi\u0119ki czemu \u0142atwiej na nim polega\u0107. Wyb\u00f3r strefy i ulepszone nagrody dla nowicjuszy powinny u\u0142atwi\u0107 nowym graczom rozpocz\u0119cie gry.  <\/p>\n\n\n\n<figure class=\"wp-block-image size-full\"><img loading=\"lazy\" decoding=\"async\" width=\"412\" height=\"146\" src=\"https:\/\/www.runesofmagic-infos.com\/wp-content\/uploads\/2024\/12\/Screenshot_11.jpg\" alt=\"\" class=\"wp-image-4813\" srcset=\"https:\/\/www.runesofmagic-infos.com\/wp-content\/uploads\/2024\/12\/Screenshot_11.jpg 412w, https:\/\/www.runesofmagic-infos.com\/wp-content\/uploads\/2024\/12\/Screenshot_11-300x106.jpg 300w\" sizes=\"auto, (max-width: 412px) 100vw, 412px\" \/><\/figure>\n\n\n\n<figure class=\"wp-block-image size-full\"><img loading=\"lazy\" decoding=\"async\" width=\"486\" height=\"186\" src=\"https:\/\/www.runesofmagic-infos.com\/wp-content\/uploads\/2024\/12\/Screenshot_12.jpg\" alt=\"\" class=\"wp-image-4818\" srcset=\"https:\/\/www.runesofmagic-infos.com\/wp-content\/uploads\/2024\/12\/Screenshot_12.jpg 486w, https:\/\/www.runesofmagic-infos.com\/wp-content\/uploads\/2024\/12\/Screenshot_12-300x115.jpg 300w\" sizes=\"auto, (max-width: 486px) 100vw, 486px\" \/><\/figure>\n\n\n\n<figure class=\"wp-block-image size-full\"><img loading=\"lazy\" decoding=\"async\" width=\"828\" height=\"717\" src=\"https:\/\/www.runesofmagic-infos.com\/wp-content\/uploads\/2024\/12\/Screenshot_8-1.jpg\" alt=\"\" class=\"wp-image-4853\" srcset=\"https:\/\/www.runesofmagic-infos.com\/wp-content\/uploads\/2024\/12\/Screenshot_8-1.jpg 828w, https:\/\/www.runesofmagic-infos.com\/wp-content\/uploads\/2024\/12\/Screenshot_8-1-300x260.jpg 300w, https:\/\/www.runesofmagic-infos.com\/wp-content\/uploads\/2024\/12\/Screenshot_8-1-768x665.jpg 768w\" sizes=\"auto, (max-width: 828px) 100vw, 828px\" \/><\/figure>\n\n\n\n<figure class=\"wp-block-image size-full\"><img loading=\"lazy\" decoding=\"async\" width=\"547\" height=\"599\" src=\"https:\/\/www.runesofmagic-infos.com\/wp-content\/uploads\/2024\/12\/Screenshot_9.jpg\" alt=\"\" class=\"wp-image-4828\" srcset=\"https:\/\/www.runesofmagic-infos.com\/wp-content\/uploads\/2024\/12\/Screenshot_9.jpg 547w, https:\/\/www.runesofmagic-infos.com\/wp-content\/uploads\/2024\/12\/Screenshot_9-274x300.jpg 274w\" sizes=\"auto, (max-width: 547px) 100vw, 547px\" \/><\/figure>\n\n\n\n<figure class=\"wp-block-image size-full\"><img loading=\"lazy\" decoding=\"async\" width=\"485\" height=\"304\" src=\"https:\/\/www.runesofmagic-infos.com\/wp-content\/uploads\/2024\/12\/Screenshot_10.jpg\" alt=\"\" class=\"wp-image-4833\" srcset=\"https:\/\/www.runesofmagic-infos.com\/wp-content\/uploads\/2024\/12\/Screenshot_10.jpg 485w, https:\/\/www.runesofmagic-infos.com\/wp-content\/uploads\/2024\/12\/Screenshot_10-300x188.jpg 300w\" sizes=\"auto, (max-width: 485px) 100vw, 485px\" \/><\/figure>\n","protected":false},"excerpt":{"rendered":"<p>Nowo utworzone postacie maj\u0105 teraz mo\u017cliwo\u015b\u0107 rozpocz\u0119cia przygody w strefie &#8222;Wybrze\u017ce mo\u017cliwo\u015bci&#8221; po samouczku wprowadzaj\u0105cym. Przewodnik pomocy zawiera teraz bardziej przydatne i szczeg\u00f3\u0142owe wskaz\u00f3wki, dzi\u0119ki czemu \u0142atwiej na nim polega\u0107. Wyb\u00f3r strefy i ulepszone nagrody dla nowicjuszy powinny u\u0142atwi\u0107 nowym graczom rozpocz\u0119cie gry.<\/p>\n","protected":false},"author":1,"featured_media":0,"parent":0,"menu_order":0,"comment_status":"closed","ping_status":"closed","template":"","meta":{"footnotes":""},"class_list":["post-4860","page","type-page","status-publish","hentry"],"yoast_head":"<!-- This site is optimized with the Yoast SEO plugin v27.4 - https:\/\/yoast.com\/product\/yoast-seo-wordpress\/ -->\n<title>&quot;Do\u015bwiadczenie nowego gracza&quot; - Runes of Magic-Infos<\/title>\n<meta name=\"robots\" content=\"index, follow, max-snippet:-1, max-image-preview:large, max-video-preview:-1\" \/>\n<link rel=\"canonical\" href=\"https:\/\/www.runesofmagic-infos.com\/pl\/doswiadczenie-nowego-gracza\/\" \/>\n<meta property=\"og:locale\" content=\"pl_PL\" \/>\n<meta property=\"og:type\" content=\"article\" \/>\n<meta property=\"og:title\" content=\"&quot;Do\u015bwiadczenie nowego gracza&quot; - Runes of Magic-Infos\" \/>\n<meta property=\"og:description\" content=\"Nowo utworzone postacie maj\u0105 teraz mo\u017cliwo\u015b\u0107 rozpocz\u0119cia przygody w strefie &#8222;Wybrze\u017ce mo\u017cliwo\u015bci&#8221; po samouczku wprowadzaj\u0105cym. Przewodnik pomocy zawiera teraz bardziej przydatne i szczeg\u00f3\u0142owe wskaz\u00f3wki, dzi\u0119ki czemu \u0142atwiej na nim polega\u0107. Wyb\u00f3r strefy i ulepszone nagrody dla nowicjuszy powinny u\u0142atwi\u0107 nowym graczom rozpocz\u0119cie gry.\" \/>\n<meta property=\"og:url\" content=\"https:\/\/www.runesofmagic-infos.com\/pl\/doswiadczenie-nowego-gracza\/\" \/>\n<meta property=\"og:site_name\" content=\"Runes of Magic-Infos\" \/>\n<meta property=\"og:image\" content=\"https:\/\/www.runesofmagic-infos.com\/wp-content\/uploads\/2024\/12\/Screenshot_11.jpg\" \/>\n\t<meta property=\"og:image:width\" content=\"412\" \/>\n\t<meta property=\"og:image:height\" content=\"146\" \/>\n\t<meta property=\"og:image:type\" content=\"image\/jpeg\" \/>\n<meta name=\"twitter:card\" content=\"summary_large_image\" \/>\n<script type=\"application\/ld+json\" class=\"yoast-schema-graph\">{\"@context\":\"https:\\\/\\\/schema.org\",\"@graph\":[{\"@type\":\"WebPage\",\"@id\":\"https:\\\/\\\/www.runesofmagic-infos.com\\\/pl\\\/doswiadczenie-nowego-gracza\\\/\",\"url\":\"https:\\\/\\\/www.runesofmagic-infos.com\\\/pl\\\/doswiadczenie-nowego-gracza\\\/\",\"name\":\"\\\"Do\u015bwiadczenie nowego gracza\\\" - Runes of Magic-Infos\",\"isPartOf\":{\"@id\":\"https:\\\/\\\/www.runesofmagic-infos.com\\\/pl\\\/#website\"},\"primaryImageOfPage\":{\"@id\":\"https:\\\/\\\/www.runesofmagic-infos.com\\\/pl\\\/doswiadczenie-nowego-gracza\\\/#primaryimage\"},\"image\":{\"@id\":\"https:\\\/\\\/www.runesofmagic-infos.com\\\/pl\\\/doswiadczenie-nowego-gracza\\\/#primaryimage\"},\"thumbnailUrl\":\"https:\\\/\\\/www.runesofmagic-infos.com\\\/wp-content\\\/uploads\\\/2024\\\/12\\\/Screenshot_11.jpg\",\"datePublished\":\"2024-12-02T20:06:49+00:00\",\"breadcrumb\":{\"@id\":\"https:\\\/\\\/www.runesofmagic-infos.com\\\/pl\\\/doswiadczenie-nowego-gracza\\\/#breadcrumb\"},\"inLanguage\":\"pl-PL\",\"potentialAction\":[{\"@type\":\"ReadAction\",\"target\":[\"https:\\\/\\\/www.runesofmagic-infos.com\\\/pl\\\/doswiadczenie-nowego-gracza\\\/\"]}]},{\"@type\":\"ImageObject\",\"inLanguage\":\"pl-PL\",\"@id\":\"https:\\\/\\\/www.runesofmagic-infos.com\\\/pl\\\/doswiadczenie-nowego-gracza\\\/#primaryimage\",\"url\":\"https:\\\/\\\/www.runesofmagic-infos.com\\\/wp-content\\\/uploads\\\/2024\\\/12\\\/Screenshot_11.jpg\",\"contentUrl\":\"https:\\\/\\\/www.runesofmagic-infos.com\\\/wp-content\\\/uploads\\\/2024\\\/12\\\/Screenshot_11.jpg\"},{\"@type\":\"BreadcrumbList\",\"@id\":\"https:\\\/\\\/www.runesofmagic-infos.com\\\/pl\\\/doswiadczenie-nowego-gracza\\\/#breadcrumb\",\"itemListElement\":[{\"@type\":\"ListItem\",\"position\":1,\"name\":\"Startseite\",\"item\":\"https:\\\/\\\/www.runesofmagic-infos.com\\\/pl\\\/\"},{\"@type\":\"ListItem\",\"position\":2,\"name\":\"&#8222;Do\u015bwiadczenie nowego gracza&#8220;\"}]},{\"@type\":\"WebSite\",\"@id\":\"https:\\\/\\\/www.runesofmagic-infos.com\\\/pl\\\/#website\",\"url\":\"https:\\\/\\\/www.runesofmagic-infos.com\\\/pl\\\/\",\"name\":\"Runes of Magic-Infos\",\"description\":\"\",\"publisher\":{\"@id\":\"https:\\\/\\\/www.runesofmagic-infos.com\\\/pl\\\/#organization\"},\"potentialAction\":[{\"@type\":\"SearchAction\",\"target\":{\"@type\":\"EntryPoint\",\"urlTemplate\":\"https:\\\/\\\/www.runesofmagic-infos.com\\\/pl\\\/?s={search_term_string}\"},\"query-input\":{\"@type\":\"PropertyValueSpecification\",\"valueRequired\":true,\"valueName\":\"search_term_string\"}}],\"inLanguage\":\"pl-PL\"},{\"@type\":\"Organization\",\"@id\":\"https:\\\/\\\/www.runesofmagic-infos.com\\\/pl\\\/#organization\",\"name\":\"Runes of Magic-Infos\",\"url\":\"https:\\\/\\\/www.runesofmagic-infos.com\\\/pl\\\/\",\"logo\":{\"@type\":\"ImageObject\",\"inLanguage\":\"pl-PL\",\"@id\":\"https:\\\/\\\/www.runesofmagic-infos.com\\\/pl\\\/#\\\/schema\\\/logo\\\/image\\\/\",\"url\":\"https:\\\/\\\/www.runesofmagic-infos.com\\\/wp-content\\\/uploads\\\/2024\\\/01\\\/ROM-Infos-Original-Logo.png\",\"contentUrl\":\"https:\\\/\\\/www.runesofmagic-infos.com\\\/wp-content\\\/uploads\\\/2024\\\/01\\\/ROM-Infos-Original-Logo.png\",\"width\":2329,\"height\":1721,\"caption\":\"Runes of Magic-Infos\"},\"image\":{\"@id\":\"https:\\\/\\\/www.runesofmagic-infos.com\\\/pl\\\/#\\\/schema\\\/logo\\\/image\\\/\"}}]}<\/script>\n<!-- \/ Yoast SEO plugin. -->","yoast_head_json":{"title":"\"Do\u015bwiadczenie nowego gracza\" - Runes of Magic-Infos","robots":{"index":"index","follow":"follow","max-snippet":"max-snippet:-1","max-image-preview":"max-image-preview:large","max-video-preview":"max-video-preview:-1"},"canonical":"https:\/\/www.runesofmagic-infos.com\/pl\/doswiadczenie-nowego-gracza\/","og_locale":"pl_PL","og_type":"article","og_title":"\"Do\u015bwiadczenie nowego gracza\" - Runes of Magic-Infos","og_description":"Nowo utworzone postacie maj\u0105 teraz mo\u017cliwo\u015b\u0107 rozpocz\u0119cia przygody w strefie &#8222;Wybrze\u017ce mo\u017cliwo\u015bci&#8221; po samouczku wprowadzaj\u0105cym. Przewodnik pomocy zawiera teraz bardziej przydatne i szczeg\u00f3\u0142owe wskaz\u00f3wki, dzi\u0119ki czemu \u0142atwiej na nim polega\u0107. Wyb\u00f3r strefy i ulepszone nagrody dla nowicjuszy powinny u\u0142atwi\u0107 nowym graczom rozpocz\u0119cie gry.","og_url":"https:\/\/www.runesofmagic-infos.com\/pl\/doswiadczenie-nowego-gracza\/","og_site_name":"Runes of Magic-Infos","og_image":[{"width":412,"height":146,"url":"https:\/\/www.runesofmagic-infos.com\/wp-content\/uploads\/2024\/12\/Screenshot_11.jpg","type":"image\/jpeg"}],"twitter_card":"summary_large_image","schema":{"@context":"https:\/\/schema.org","@graph":[{"@type":"WebPage","@id":"https:\/\/www.runesofmagic-infos.com\/pl\/doswiadczenie-nowego-gracza\/","url":"https:\/\/www.runesofmagic-infos.com\/pl\/doswiadczenie-nowego-gracza\/","name":"\"Do\u015bwiadczenie nowego gracza\" - Runes of Magic-Infos","isPartOf":{"@id":"https:\/\/www.runesofmagic-infos.com\/pl\/#website"},"primaryImageOfPage":{"@id":"https:\/\/www.runesofmagic-infos.com\/pl\/doswiadczenie-nowego-gracza\/#primaryimage"},"image":{"@id":"https:\/\/www.runesofmagic-infos.com\/pl\/doswiadczenie-nowego-gracza\/#primaryimage"},"thumbnailUrl":"https:\/\/www.runesofmagic-infos.com\/wp-content\/uploads\/2024\/12\/Screenshot_11.jpg","datePublished":"2024-12-02T20:06:49+00:00","breadcrumb":{"@id":"https:\/\/www.runesofmagic-infos.com\/pl\/doswiadczenie-nowego-gracza\/#breadcrumb"},"inLanguage":"pl-PL","potentialAction":[{"@type":"ReadAction","target":["https:\/\/www.runesofmagic-infos.com\/pl\/doswiadczenie-nowego-gracza\/"]}]},{"@type":"ImageObject","inLanguage":"pl-PL","@id":"https:\/\/www.runesofmagic-infos.com\/pl\/doswiadczenie-nowego-gracza\/#primaryimage","url":"https:\/\/www.runesofmagic-infos.com\/wp-content\/uploads\/2024\/12\/Screenshot_11.jpg","contentUrl":"https:\/\/www.runesofmagic-infos.com\/wp-content\/uploads\/2024\/12\/Screenshot_11.jpg"},{"@type":"BreadcrumbList","@id":"https:\/\/www.runesofmagic-infos.com\/pl\/doswiadczenie-nowego-gracza\/#breadcrumb","itemListElement":[{"@type":"ListItem","position":1,"name":"Startseite","item":"https:\/\/www.runesofmagic-infos.com\/pl\/"},{"@type":"ListItem","position":2,"name":"&#8222;Do\u015bwiadczenie nowego gracza&#8220;"}]},{"@type":"WebSite","@id":"https:\/\/www.runesofmagic-infos.com\/pl\/#website","url":"https:\/\/www.runesofmagic-infos.com\/pl\/","name":"Runes of Magic-Infos","description":"","publisher":{"@id":"https:\/\/www.runesofmagic-infos.com\/pl\/#organization"},"potentialAction":[{"@type":"SearchAction","target":{"@type":"EntryPoint","urlTemplate":"https:\/\/www.runesofmagic-infos.com\/pl\/?s={search_term_string}"},"query-input":{"@type":"PropertyValueSpecification","valueRequired":true,"valueName":"search_term_string"}}],"inLanguage":"pl-PL"},{"@type":"Organization","@id":"https:\/\/www.runesofmagic-infos.com\/pl\/#organization","name":"Runes of Magic-Infos","url":"https:\/\/www.runesofmagic-infos.com\/pl\/","logo":{"@type":"ImageObject","inLanguage":"pl-PL","@id":"https:\/\/www.runesofmagic-infos.com\/pl\/#\/schema\/logo\/image\/","url":"https:\/\/www.runesofmagic-infos.com\/wp-content\/uploads\/2024\/01\/ROM-Infos-Original-Logo.png","contentUrl":"https:\/\/www.runesofmagic-infos.com\/wp-content\/uploads\/2024\/01\/ROM-Infos-Original-Logo.png","width":2329,"height":1721,"caption":"Runes of Magic-Infos"},"image":{"@id":"https:\/\/www.runesofmagic-infos.com\/pl\/#\/schema\/logo\/image\/"}}]}},"_links":{"self":[{"href":"https:\/\/www.runesofmagic-infos.com\/pl\/wp-json\/wp\/v2\/pages\/4860","targetHints":{"allow":["GET"]}}],"collection":[{"href":"https:\/\/www.runesofmagic-infos.com\/pl\/wp-json\/wp\/v2\/pages"}],"about":[{"href":"https:\/\/www.runesofmagic-infos.com\/pl\/wp-json\/wp\/v2\/types\/page"}],"author":[{"embeddable":true,"href":"https:\/\/www.runesofmagic-infos.com\/pl\/wp-json\/wp\/v2\/users\/1"}],"replies":[{"embeddable":true,"href":"https:\/\/www.runesofmagic-infos.com\/pl\/wp-json\/wp\/v2\/comments?post=4860"}],"version-history":[{"count":0,"href":"https:\/\/www.runesofmagic-infos.com\/pl\/wp-json\/wp\/v2\/pages\/4860\/revisions"}],"wp:attachment":[{"href":"https:\/\/www.runesofmagic-infos.com\/pl\/wp-json\/wp\/v2\/media?parent=4860"}],"curies":[{"name":"wp","href":"https:\/\/api.w.org\/{rel}","templated":true}]}}