{"id":3860,"date":"2024-04-18T16:08:43","date_gmt":"2024-04-18T16:08:43","guid":{"rendered":"https:\/\/www.runesofmagic-infos.com\/mistyczny-oltarz-trudne\/"},"modified":"2024-04-24T15:33:44","modified_gmt":"2024-04-24T15:33:44","slug":"mistyczny-oltarz-trudne","status":"publish","type":"page","link":"https:\/\/www.runesofmagic-infos.com\/pl\/mistyczny-oltarz-trudne\/","title":{"rendered":"Mistyczny o\u0142tarz (trudne)"},"content":{"rendered":"\n<p>Gotowy na przygod\u0119, w kt\u00f3rej spotkasz dawnych sojusznik\u00f3w i starych wrog\u00f3w i kt\u00f3ra wystawi twoje umiej\u0119tno\u015bci na najtrudniejsz\u0105 pr\u00f3b\u0119? Podr\u00f3\u017c do&nbsp;<strong>Wy\u017cyna Ystra w pobli\u017cu Schneehorn<\/strong>, aby do\u0142\u0105czy\u0107 do&nbsp;<strong>Mistyczny o\u0142tarz (trudny)<\/strong>&nbsp;do zdobycia. Przygotuj si\u0119 dobrze, zabierz ze sob\u0105 kilku zdolnych bohater\u00f3w i staw czo\u0142a siedmiu bossom!<\/p>\n\n\n\n<h3 class=\"wp-block-heading\">Mistyczny o\u0142tarz (trudne)<\/h3>\n\n\n\n<ul class=\"wp-block-list\">\n<li>Wymagania wst\u0119pne: Odblokowano obie klasy na poziomie 100 + poziomy szczyt\u00f3w i przyj\u0119to zadanie &#8222;Wiedza Starszych&#8221; od Shamara.<\/li>\n\n\n\n<li>Wej\u015bcie: Na wy\u017cynie&nbsp; Ystra&nbsp;w pobli\u017cu Schneehorn<\/li>\n\n\n\n<li>Maksymalna wielko\u015b\u0107 grupy: 12 graczy<\/li>\n<\/ul>\n\n\n\n<h3 class=\"wp-block-heading\">Pot\u0119\u017cni przeciwnicy<\/h3>\n\n\n\n<p>Powiniene\u015b by\u0107 ju\u017c zaznajomiony z wrogami z pierwszej wersji Mistycznego O\u0142tarza dla poziomu 45. Ale teraz s\u0105 znacznie silniejsi i zaskakuj\u0105 nowymi atakami i taktykami.<\/p>\n\n\n\n<ul class=\"wp-block-list\">\n<li>P\u0142on\u0105cy koszmar<\/li>\n\n\n\n<li>Z\u0142y duch lodu<\/li>\n\n\n\n<li>Przekl\u0119ty \u017celazny golem<\/li>\n\n\n\n<li>Razeela<\/li>\n\n\n\n<li>Aukuda Przekl\u0119ty<\/li>\n\n\n\n<li>Dorlos<\/li>\n<\/ul>\n\n\n\n<p>Poznasz tak\u017ce nowego szefa, z kt\u00f3rym b\u0119dziesz musia\u0142 rywalizowa\u0107:<\/p>\n\n\n\n<ul class=\"wp-block-list\">\n<li>Aukuda bohaterem<\/li>\n<\/ul>\n\n\n\n<h3 class=\"wp-block-heading\">Wyj\u0105tkowe nagrody<\/h3>\n\n\n\n<p>Ka\u017cdy, kto odwa\u017cnie zapu\u015bci si\u0119 w g\u0142\u0105b nowej instancji, zostanie sowicie wynagrodzony! Otrzymasz nagrody bezpo\u015brednio od zniszczonych boss\u00f3w i od r\u00f3\u017cnych&nbsp;<strong>Skrzynie Mistyka<\/strong>, kt\u00f3re mo\u017cna wymieni\u0107 z poszukiwaczem przyg\u00f3d Loriciem.<\/p>\n\n\n\n<h4 class=\"wp-block-heading\">Akcesoria mistyka<\/h4>\n\n\n\n<p>Czekaj\u0105 na ciebie kolczyki, pier\u015bcionki i naszyjniki z nowymi, pot\u0119\u017cnymi warto\u015bciami i bonusami do zestaw\u00f3w!<\/p>\n\n\n\n<ul class=\"wp-block-list\">\n<li>Akcesoria z premi\u0105 do inteligencji: zestaw Przebieg\u0142y Mroczny Mistyk, Przebieg\u0142y S\u0142oneczny Mistyk i Przebieg\u0142y Przodek Mistyk.<\/li>\n\n\n\n<li>Akcesoria z premi\u0105 do m\u0105dro\u015bci: zestaw O\u015bwieconego Mrocznego Mistyka, O\u015bwieconego S\u0142onecznego Mistyka i O\u015bwieconego Mistyka Przodka.<\/li>\n\n\n\n<li>Akcesoria z premi\u0105 do umiej\u0119tno\u015bci: zestaw szybkiego mrocznego mistyka, szybkiego mistyka s\u0142o\u0144ca i szybkiego mistyka przodka.<\/li>\n\n\n\n<li>Akcesoria z dodatkow\u0105 si\u0142\u0105: zestaw Angry Dark Mystic, Angry Sun Mystic i Angry Ancestor Mystic.<\/li>\n\n\n\n<li>Akcesoria z dodatkow\u0105 wytrzyma\u0142o\u015bci\u0105: zestaw Nieugi\u0119tego Mrocznego Mistyka, Nieugi\u0119tego Mistyka S\u0142o\u0144ca i Nieugi\u0119tego Mistyka Przodka.<\/li>\n<\/ul>\n\n\n\n<h4 class=\"wp-block-heading\">Dalsze nagrody<\/h4>\n\n\n\n<ul class=\"wp-block-list\">\n<li>Zadanie codzienne: udaj si\u0119 do nowego poszukiwacza przyg\u00f3d NPC Lorica przy wej\u015bciu do instancji, aby otrzyma\u0107 zadanie codzienne.<\/li>\n\n\n\n<li>Nowe tytu\u0142y<\/li>\n\n\n\n<li>Punkty do\u015bwiadczenia na szczycie&#8230; i wiele wi\u0119cej!<\/li>\n<\/ul>\n\n\n\n<h2 class=\"wp-block-heading\">Znane problemy<\/h2>\n\n\n\n<ul class=\"wp-block-list\">\n<li>Podczas fina\u0142owego bossa &#8222;Dorlos&#8221;, podczas interakcji z kryszta\u0142ami w fazie kryszta\u0142\u00f3w, wyst\u0119puj\u0105 nieprzet\u0142umaczone klawisze lokalizacji. Ich znaczenie jest jednak kluczowe i dlatego wymieniono je poni\u017cej.<\/li>\n\n\n\n<li>GF_Z261_7_4: Wybrano <strong>prawid\u0142owy<\/strong> kryszta\u0142.<\/li>\n\n\n\n<li>GF_Z261_7_5: Wybrano <strong>niew\u0142a\u015bciwy<\/strong> kryszta\u0142 (prowadzi do \u015bmierci postaci gracza).<\/li>\n\n\n\n<li>Gdy Mystic Tauris Shard zostanie u\u017cyty do ulepszenia rzadko\u015bci akcesori\u00f3w instancji, ich wytrzyma\u0142o\u015b\u0107, poziom ulepszenia lub statystyki nie zostan\u0105 zmienione. Nie musisz wi\u0119c martwi\u0107 si\u0119 o utrat\u0119 jakichkolwiek ulepsze\u0144 i aktualizacji, kt\u00f3re zosta\u0142y do\u0142\u0105czone do akcesori\u00f3w.<\/li>\n<\/ul>\n","protected":false},"excerpt":{"rendered":"<p>Gotowy na przygod\u0119, w kt\u00f3rej spotkasz dawnych sojusznik\u00f3w i starych wrog\u00f3w i kt\u00f3ra wystawi twoje umiej\u0119tno\u015bci na najtrudniejsz\u0105 pr\u00f3b\u0119? Podr\u00f3\u017c do&nbsp;Wy\u017cyna Ystra w pobli\u017cu Schneehorn, aby do\u0142\u0105czy\u0107 do&nbsp;Mistyczny o\u0142tarz (trudny)&nbsp;do zdobycia. Przygotuj si\u0119 dobrze, zabierz ze sob\u0105 kilku zdolnych bohater\u00f3w i staw czo\u0142a siedmiu bossom! Mistyczny o\u0142tarz (trudne) Pot\u0119\u017cni przeciwnicy [&hellip;]<\/p>\n","protected":false},"author":1,"featured_media":0,"parent":0,"menu_order":0,"comment_status":"closed","ping_status":"closed","template":"","meta":{"footnotes":""},"class_list":["post-3860","page","type-page","status-publish","hentry"],"yoast_head":"<!-- This site is optimized with the Yoast SEO plugin v27.4 - https:\/\/yoast.com\/product\/yoast-seo-wordpress\/ -->\n<title>Mistyczny o\u0142tarz (trudne) - Runes of Magic-Infos<\/title>\n<meta name=\"robots\" content=\"index, follow, max-snippet:-1, max-image-preview:large, max-video-preview:-1\" \/>\n<link rel=\"canonical\" href=\"https:\/\/www.runesofmagic-infos.com\/pl\/mistyczny-oltarz-trudne\/\" \/>\n<meta property=\"og:locale\" content=\"pl_PL\" \/>\n<meta property=\"og:type\" content=\"article\" \/>\n<meta property=\"og:title\" content=\"Mistyczny o\u0142tarz (trudne) - Runes of Magic-Infos\" \/>\n<meta property=\"og:description\" content=\"Gotowy na przygod\u0119, w kt\u00f3rej spotkasz dawnych sojusznik\u00f3w i starych wrog\u00f3w i kt\u00f3ra wystawi twoje umiej\u0119tno\u015bci na najtrudniejsz\u0105 pr\u00f3b\u0119? Podr\u00f3\u017c do&nbsp;Wy\u017cyna Ystra w pobli\u017cu Schneehorn, aby do\u0142\u0105czy\u0107 do&nbsp;Mistyczny o\u0142tarz (trudny)&nbsp;do zdobycia. Przygotuj si\u0119 dobrze, zabierz ze sob\u0105 kilku zdolnych bohater\u00f3w i staw czo\u0142a siedmiu bossom! Mistyczny o\u0142tarz (trudne) Pot\u0119\u017cni przeciwnicy [&hellip;]\" \/>\n<meta property=\"og:url\" content=\"https:\/\/www.runesofmagic-infos.com\/pl\/mistyczny-oltarz-trudne\/\" \/>\n<meta property=\"og:site_name\" content=\"Runes of Magic-Infos\" \/>\n<meta property=\"article:modified_time\" content=\"2024-04-24T15:33:44+00:00\" \/>\n<meta name=\"twitter:card\" content=\"summary_large_image\" \/>\n<meta name=\"twitter:label1\" content=\"Szacowany czas czytania\" \/>\n\t<meta name=\"twitter:data1\" content=\"2 minuty\" \/>\n<script type=\"application\/ld+json\" class=\"yoast-schema-graph\">{\"@context\":\"https:\\\/\\\/schema.org\",\"@graph\":[{\"@type\":\"WebPage\",\"@id\":\"https:\\\/\\\/www.runesofmagic-infos.com\\\/pl\\\/mistyczny-oltarz-trudne\\\/\",\"url\":\"https:\\\/\\\/www.runesofmagic-infos.com\\\/pl\\\/mistyczny-oltarz-trudne\\\/\",\"name\":\"Mistyczny o\u0142tarz (trudne) - Runes of Magic-Infos\",\"isPartOf\":{\"@id\":\"https:\\\/\\\/www.runesofmagic-infos.com\\\/pl\\\/#website\"},\"datePublished\":\"2024-04-18T16:08:43+00:00\",\"dateModified\":\"2024-04-24T15:33:44+00:00\",\"breadcrumb\":{\"@id\":\"https:\\\/\\\/www.runesofmagic-infos.com\\\/pl\\\/mistyczny-oltarz-trudne\\\/#breadcrumb\"},\"inLanguage\":\"pl-PL\",\"potentialAction\":[{\"@type\":\"ReadAction\",\"target\":[\"https:\\\/\\\/www.runesofmagic-infos.com\\\/pl\\\/mistyczny-oltarz-trudne\\\/\"]}]},{\"@type\":\"BreadcrumbList\",\"@id\":\"https:\\\/\\\/www.runesofmagic-infos.com\\\/pl\\\/mistyczny-oltarz-trudne\\\/#breadcrumb\",\"itemListElement\":[{\"@type\":\"ListItem\",\"position\":1,\"name\":\"Startseite\",\"item\":\"https:\\\/\\\/www.runesofmagic-infos.com\\\/pl\\\/\"},{\"@type\":\"ListItem\",\"position\":2,\"name\":\"Mistyczny o\u0142tarz (trudne)\"}]},{\"@type\":\"WebSite\",\"@id\":\"https:\\\/\\\/www.runesofmagic-infos.com\\\/pl\\\/#website\",\"url\":\"https:\\\/\\\/www.runesofmagic-infos.com\\\/pl\\\/\",\"name\":\"Runes of Magic-Infos\",\"description\":\"\",\"publisher\":{\"@id\":\"https:\\\/\\\/www.runesofmagic-infos.com\\\/pl\\\/#organization\"},\"potentialAction\":[{\"@type\":\"SearchAction\",\"target\":{\"@type\":\"EntryPoint\",\"urlTemplate\":\"https:\\\/\\\/www.runesofmagic-infos.com\\\/pl\\\/?s={search_term_string}\"},\"query-input\":{\"@type\":\"PropertyValueSpecification\",\"valueRequired\":true,\"valueName\":\"search_term_string\"}}],\"inLanguage\":\"pl-PL\"},{\"@type\":\"Organization\",\"@id\":\"https:\\\/\\\/www.runesofmagic-infos.com\\\/pl\\\/#organization\",\"name\":\"Runes of Magic-Infos\",\"url\":\"https:\\\/\\\/www.runesofmagic-infos.com\\\/pl\\\/\",\"logo\":{\"@type\":\"ImageObject\",\"inLanguage\":\"pl-PL\",\"@id\":\"https:\\\/\\\/www.runesofmagic-infos.com\\\/pl\\\/#\\\/schema\\\/logo\\\/image\\\/\",\"url\":\"https:\\\/\\\/www.runesofmagic-infos.com\\\/wp-content\\\/uploads\\\/2024\\\/01\\\/ROM-Infos-Original-Logo.png\",\"contentUrl\":\"https:\\\/\\\/www.runesofmagic-infos.com\\\/wp-content\\\/uploads\\\/2024\\\/01\\\/ROM-Infos-Original-Logo.png\",\"width\":2329,\"height\":1721,\"caption\":\"Runes of Magic-Infos\"},\"image\":{\"@id\":\"https:\\\/\\\/www.runesofmagic-infos.com\\\/pl\\\/#\\\/schema\\\/logo\\\/image\\\/\"}}]}<\/script>\n<!-- \/ Yoast SEO plugin. -->","yoast_head_json":{"title":"Mistyczny o\u0142tarz (trudne) - Runes of Magic-Infos","robots":{"index":"index","follow":"follow","max-snippet":"max-snippet:-1","max-image-preview":"max-image-preview:large","max-video-preview":"max-video-preview:-1"},"canonical":"https:\/\/www.runesofmagic-infos.com\/pl\/mistyczny-oltarz-trudne\/","og_locale":"pl_PL","og_type":"article","og_title":"Mistyczny o\u0142tarz (trudne) - Runes of Magic-Infos","og_description":"Gotowy na przygod\u0119, w kt\u00f3rej spotkasz dawnych sojusznik\u00f3w i starych wrog\u00f3w i kt\u00f3ra wystawi twoje umiej\u0119tno\u015bci na najtrudniejsz\u0105 pr\u00f3b\u0119? Podr\u00f3\u017c do&nbsp;Wy\u017cyna Ystra w pobli\u017cu Schneehorn, aby do\u0142\u0105czy\u0107 do&nbsp;Mistyczny o\u0142tarz (trudny)&nbsp;do zdobycia. Przygotuj si\u0119 dobrze, zabierz ze sob\u0105 kilku zdolnych bohater\u00f3w i staw czo\u0142a siedmiu bossom! Mistyczny o\u0142tarz (trudne) Pot\u0119\u017cni przeciwnicy [&hellip;]","og_url":"https:\/\/www.runesofmagic-infos.com\/pl\/mistyczny-oltarz-trudne\/","og_site_name":"Runes of Magic-Infos","article_modified_time":"2024-04-24T15:33:44+00:00","twitter_card":"summary_large_image","twitter_misc":{"Szacowany czas czytania":"2 minuty"},"schema":{"@context":"https:\/\/schema.org","@graph":[{"@type":"WebPage","@id":"https:\/\/www.runesofmagic-infos.com\/pl\/mistyczny-oltarz-trudne\/","url":"https:\/\/www.runesofmagic-infos.com\/pl\/mistyczny-oltarz-trudne\/","name":"Mistyczny o\u0142tarz (trudne) - Runes of Magic-Infos","isPartOf":{"@id":"https:\/\/www.runesofmagic-infos.com\/pl\/#website"},"datePublished":"2024-04-18T16:08:43+00:00","dateModified":"2024-04-24T15:33:44+00:00","breadcrumb":{"@id":"https:\/\/www.runesofmagic-infos.com\/pl\/mistyczny-oltarz-trudne\/#breadcrumb"},"inLanguage":"pl-PL","potentialAction":[{"@type":"ReadAction","target":["https:\/\/www.runesofmagic-infos.com\/pl\/mistyczny-oltarz-trudne\/"]}]},{"@type":"BreadcrumbList","@id":"https:\/\/www.runesofmagic-infos.com\/pl\/mistyczny-oltarz-trudne\/#breadcrumb","itemListElement":[{"@type":"ListItem","position":1,"name":"Startseite","item":"https:\/\/www.runesofmagic-infos.com\/pl\/"},{"@type":"ListItem","position":2,"name":"Mistyczny o\u0142tarz (trudne)"}]},{"@type":"WebSite","@id":"https:\/\/www.runesofmagic-infos.com\/pl\/#website","url":"https:\/\/www.runesofmagic-infos.com\/pl\/","name":"Runes of Magic-Infos","description":"","publisher":{"@id":"https:\/\/www.runesofmagic-infos.com\/pl\/#organization"},"potentialAction":[{"@type":"SearchAction","target":{"@type":"EntryPoint","urlTemplate":"https:\/\/www.runesofmagic-infos.com\/pl\/?s={search_term_string}"},"query-input":{"@type":"PropertyValueSpecification","valueRequired":true,"valueName":"search_term_string"}}],"inLanguage":"pl-PL"},{"@type":"Organization","@id":"https:\/\/www.runesofmagic-infos.com\/pl\/#organization","name":"Runes of Magic-Infos","url":"https:\/\/www.runesofmagic-infos.com\/pl\/","logo":{"@type":"ImageObject","inLanguage":"pl-PL","@id":"https:\/\/www.runesofmagic-infos.com\/pl\/#\/schema\/logo\/image\/","url":"https:\/\/www.runesofmagic-infos.com\/wp-content\/uploads\/2024\/01\/ROM-Infos-Original-Logo.png","contentUrl":"https:\/\/www.runesofmagic-infos.com\/wp-content\/uploads\/2024\/01\/ROM-Infos-Original-Logo.png","width":2329,"height":1721,"caption":"Runes of Magic-Infos"},"image":{"@id":"https:\/\/www.runesofmagic-infos.com\/pl\/#\/schema\/logo\/image\/"}}]}},"_links":{"self":[{"href":"https:\/\/www.runesofmagic-infos.com\/pl\/wp-json\/wp\/v2\/pages\/3860","targetHints":{"allow":["GET"]}}],"collection":[{"href":"https:\/\/www.runesofmagic-infos.com\/pl\/wp-json\/wp\/v2\/pages"}],"about":[{"href":"https:\/\/www.runesofmagic-infos.com\/pl\/wp-json\/wp\/v2\/types\/page"}],"author":[{"embeddable":true,"href":"https:\/\/www.runesofmagic-infos.com\/pl\/wp-json\/wp\/v2\/users\/1"}],"replies":[{"embeddable":true,"href":"https:\/\/www.runesofmagic-infos.com\/pl\/wp-json\/wp\/v2\/comments?post=3860"}],"version-history":[{"count":2,"href":"https:\/\/www.runesofmagic-infos.com\/pl\/wp-json\/wp\/v2\/pages\/3860\/revisions"}],"predecessor-version":[{"id":3880,"href":"https:\/\/www.runesofmagic-infos.com\/pl\/wp-json\/wp\/v2\/pages\/3860\/revisions\/3880"}],"wp:attachment":[{"href":"https:\/\/www.runesofmagic-infos.com\/pl\/wp-json\/wp\/v2\/media?parent=3860"}],"curies":[{"name":"wp","href":"https:\/\/api.w.org\/{rel}","templated":true}]}}