{"id":3844,"date":"2024-04-18T16:04:50","date_gmt":"2024-04-18T16:04:50","guid":{"rendered":"https:\/\/www.runesofmagic-infos.com\/instancje-obrazu-czasu\/"},"modified":"2024-04-18T16:04:55","modified_gmt":"2024-04-18T16:04:55","slug":"instancje-obrazu-czasu","status":"publish","type":"page","link":"https:\/\/www.runesofmagic-infos.com\/pl\/instancje-obrazu-czasu\/","title":{"rendered":"Instancje obrazu czasu"},"content":{"rendered":"\n<p>Ta kategoria zawiera ponadczasowe instancje, kt\u00f3re zosta\u0142y stworzone dla najwy\u017cszego poziomu w RoM, aby wype\u0142ni\u0107 luk\u0119 w zawarto\u015bci spowodowan\u0105 pewnymi zmianami technicznymi.<\/p>\n","protected":false},"excerpt":{"rendered":"<p>Ta kategoria zawiera ponadczasowe instancje, kt\u00f3re zosta\u0142y stworzone dla najwy\u017cszego poziomu w RoM, aby wype\u0142ni\u0107 luk\u0119 w zawarto\u015bci spowodowan\u0105 pewnymi zmianami technicznymi.<\/p>\n","protected":false},"author":1,"featured_media":0,"parent":0,"menu_order":0,"comment_status":"closed","ping_status":"closed","template":"","meta":{"footnotes":""},"class_list":["post-3844","page","type-page","status-publish","hentry"],"yoast_head":"<!-- This site is optimized with the Yoast SEO plugin v27.4 - https:\/\/yoast.com\/product\/yoast-seo-wordpress\/ -->\n<title>Instancje obrazu czasu - Runes of Magic-Infos<\/title>\n<meta name=\"robots\" content=\"index, follow, max-snippet:-1, max-image-preview:large, max-video-preview:-1\" \/>\n<link rel=\"canonical\" href=\"https:\/\/www.runesofmagic-infos.com\/pl\/instancje-obrazu-czasu\/\" \/>\n<meta property=\"og:locale\" content=\"pl_PL\" \/>\n<meta property=\"og:type\" content=\"article\" \/>\n<meta property=\"og:title\" content=\"Instancje obrazu czasu - Runes of Magic-Infos\" \/>\n<meta property=\"og:description\" content=\"Ta kategoria zawiera ponadczasowe instancje, kt\u00f3re zosta\u0142y stworzone dla najwy\u017cszego poziomu w RoM, aby wype\u0142ni\u0107 luk\u0119 w zawarto\u015bci spowodowan\u0105 pewnymi zmianami technicznymi.\" \/>\n<meta property=\"og:url\" content=\"https:\/\/www.runesofmagic-infos.com\/pl\/instancje-obrazu-czasu\/\" \/>\n<meta property=\"og:site_name\" content=\"Runes of Magic-Infos\" \/>\n<meta property=\"article:modified_time\" content=\"2024-04-18T16:04:55+00:00\" \/>\n<meta name=\"twitter:card\" content=\"summary_large_image\" \/>\n<script type=\"application\/ld+json\" class=\"yoast-schema-graph\">{\"@context\":\"https:\\\/\\\/schema.org\",\"@graph\":[{\"@type\":\"WebPage\",\"@id\":\"https:\\\/\\\/www.runesofmagic-infos.com\\\/pl\\\/instancje-obrazu-czasu\\\/\",\"url\":\"https:\\\/\\\/www.runesofmagic-infos.com\\\/pl\\\/instancje-obrazu-czasu\\\/\",\"name\":\"Instancje obrazu czasu - Runes of Magic-Infos\",\"isPartOf\":{\"@id\":\"https:\\\/\\\/www.runesofmagic-infos.com\\\/pl\\\/#website\"},\"datePublished\":\"2024-04-18T16:04:50+00:00\",\"dateModified\":\"2024-04-18T16:04:55+00:00\",\"breadcrumb\":{\"@id\":\"https:\\\/\\\/www.runesofmagic-infos.com\\\/pl\\\/instancje-obrazu-czasu\\\/#breadcrumb\"},\"inLanguage\":\"pl-PL\",\"potentialAction\":[{\"@type\":\"ReadAction\",\"target\":[\"https:\\\/\\\/www.runesofmagic-infos.com\\\/pl\\\/instancje-obrazu-czasu\\\/\"]}]},{\"@type\":\"BreadcrumbList\",\"@id\":\"https:\\\/\\\/www.runesofmagic-infos.com\\\/pl\\\/instancje-obrazu-czasu\\\/#breadcrumb\",\"itemListElement\":[{\"@type\":\"ListItem\",\"position\":1,\"name\":\"Startseite\",\"item\":\"https:\\\/\\\/www.runesofmagic-infos.com\\\/pl\\\/\"},{\"@type\":\"ListItem\",\"position\":2,\"name\":\"Instancje obrazu czasu\"}]},{\"@type\":\"WebSite\",\"@id\":\"https:\\\/\\\/www.runesofmagic-infos.com\\\/pl\\\/#website\",\"url\":\"https:\\\/\\\/www.runesofmagic-infos.com\\\/pl\\\/\",\"name\":\"Runes of Magic-Infos\",\"description\":\"\",\"publisher\":{\"@id\":\"https:\\\/\\\/www.runesofmagic-infos.com\\\/pl\\\/#organization\"},\"potentialAction\":[{\"@type\":\"SearchAction\",\"target\":{\"@type\":\"EntryPoint\",\"urlTemplate\":\"https:\\\/\\\/www.runesofmagic-infos.com\\\/pl\\\/?s={search_term_string}\"},\"query-input\":{\"@type\":\"PropertyValueSpecification\",\"valueRequired\":true,\"valueName\":\"search_term_string\"}}],\"inLanguage\":\"pl-PL\"},{\"@type\":\"Organization\",\"@id\":\"https:\\\/\\\/www.runesofmagic-infos.com\\\/pl\\\/#organization\",\"name\":\"Runes of Magic-Infos\",\"url\":\"https:\\\/\\\/www.runesofmagic-infos.com\\\/pl\\\/\",\"logo\":{\"@type\":\"ImageObject\",\"inLanguage\":\"pl-PL\",\"@id\":\"https:\\\/\\\/www.runesofmagic-infos.com\\\/pl\\\/#\\\/schema\\\/logo\\\/image\\\/\",\"url\":\"https:\\\/\\\/www.runesofmagic-infos.com\\\/wp-content\\\/uploads\\\/2024\\\/01\\\/ROM-Infos-Original-Logo.png\",\"contentUrl\":\"https:\\\/\\\/www.runesofmagic-infos.com\\\/wp-content\\\/uploads\\\/2024\\\/01\\\/ROM-Infos-Original-Logo.png\",\"width\":2329,\"height\":1721,\"caption\":\"Runes of Magic-Infos\"},\"image\":{\"@id\":\"https:\\\/\\\/www.runesofmagic-infos.com\\\/pl\\\/#\\\/schema\\\/logo\\\/image\\\/\"}}]}<\/script>\n<!-- \/ Yoast SEO plugin. -->","yoast_head_json":{"title":"Instancje obrazu czasu - Runes of Magic-Infos","robots":{"index":"index","follow":"follow","max-snippet":"max-snippet:-1","max-image-preview":"max-image-preview:large","max-video-preview":"max-video-preview:-1"},"canonical":"https:\/\/www.runesofmagic-infos.com\/pl\/instancje-obrazu-czasu\/","og_locale":"pl_PL","og_type":"article","og_title":"Instancje obrazu czasu - Runes of Magic-Infos","og_description":"Ta kategoria zawiera ponadczasowe instancje, kt\u00f3re zosta\u0142y stworzone dla najwy\u017cszego poziomu w RoM, aby wype\u0142ni\u0107 luk\u0119 w zawarto\u015bci spowodowan\u0105 pewnymi zmianami technicznymi.","og_url":"https:\/\/www.runesofmagic-infos.com\/pl\/instancje-obrazu-czasu\/","og_site_name":"Runes of Magic-Infos","article_modified_time":"2024-04-18T16:04:55+00:00","twitter_card":"summary_large_image","schema":{"@context":"https:\/\/schema.org","@graph":[{"@type":"WebPage","@id":"https:\/\/www.runesofmagic-infos.com\/pl\/instancje-obrazu-czasu\/","url":"https:\/\/www.runesofmagic-infos.com\/pl\/instancje-obrazu-czasu\/","name":"Instancje obrazu czasu - Runes of Magic-Infos","isPartOf":{"@id":"https:\/\/www.runesofmagic-infos.com\/pl\/#website"},"datePublished":"2024-04-18T16:04:50+00:00","dateModified":"2024-04-18T16:04:55+00:00","breadcrumb":{"@id":"https:\/\/www.runesofmagic-infos.com\/pl\/instancje-obrazu-czasu\/#breadcrumb"},"inLanguage":"pl-PL","potentialAction":[{"@type":"ReadAction","target":["https:\/\/www.runesofmagic-infos.com\/pl\/instancje-obrazu-czasu\/"]}]},{"@type":"BreadcrumbList","@id":"https:\/\/www.runesofmagic-infos.com\/pl\/instancje-obrazu-czasu\/#breadcrumb","itemListElement":[{"@type":"ListItem","position":1,"name":"Startseite","item":"https:\/\/www.runesofmagic-infos.com\/pl\/"},{"@type":"ListItem","position":2,"name":"Instancje obrazu czasu"}]},{"@type":"WebSite","@id":"https:\/\/www.runesofmagic-infos.com\/pl\/#website","url":"https:\/\/www.runesofmagic-infos.com\/pl\/","name":"Runes of Magic-Infos","description":"","publisher":{"@id":"https:\/\/www.runesofmagic-infos.com\/pl\/#organization"},"potentialAction":[{"@type":"SearchAction","target":{"@type":"EntryPoint","urlTemplate":"https:\/\/www.runesofmagic-infos.com\/pl\/?s={search_term_string}"},"query-input":{"@type":"PropertyValueSpecification","valueRequired":true,"valueName":"search_term_string"}}],"inLanguage":"pl-PL"},{"@type":"Organization","@id":"https:\/\/www.runesofmagic-infos.com\/pl\/#organization","name":"Runes of Magic-Infos","url":"https:\/\/www.runesofmagic-infos.com\/pl\/","logo":{"@type":"ImageObject","inLanguage":"pl-PL","@id":"https:\/\/www.runesofmagic-infos.com\/pl\/#\/schema\/logo\/image\/","url":"https:\/\/www.runesofmagic-infos.com\/wp-content\/uploads\/2024\/01\/ROM-Infos-Original-Logo.png","contentUrl":"https:\/\/www.runesofmagic-infos.com\/wp-content\/uploads\/2024\/01\/ROM-Infos-Original-Logo.png","width":2329,"height":1721,"caption":"Runes of Magic-Infos"},"image":{"@id":"https:\/\/www.runesofmagic-infos.com\/pl\/#\/schema\/logo\/image\/"}}]}},"_links":{"self":[{"href":"https:\/\/www.runesofmagic-infos.com\/pl\/wp-json\/wp\/v2\/pages\/3844","targetHints":{"allow":["GET"]}}],"collection":[{"href":"https:\/\/www.runesofmagic-infos.com\/pl\/wp-json\/wp\/v2\/pages"}],"about":[{"href":"https:\/\/www.runesofmagic-infos.com\/pl\/wp-json\/wp\/v2\/types\/page"}],"author":[{"embeddable":true,"href":"https:\/\/www.runesofmagic-infos.com\/pl\/wp-json\/wp\/v2\/users\/1"}],"replies":[{"embeddable":true,"href":"https:\/\/www.runesofmagic-infos.com\/pl\/wp-json\/wp\/v2\/comments?post=3844"}],"version-history":[{"count":1,"href":"https:\/\/www.runesofmagic-infos.com\/pl\/wp-json\/wp\/v2\/pages\/3844\/revisions"}],"predecessor-version":[{"id":3845,"href":"https:\/\/www.runesofmagic-infos.com\/pl\/wp-json\/wp\/v2\/pages\/3844\/revisions\/3845"}],"wp:attachment":[{"href":"https:\/\/www.runesofmagic-infos.com\/pl\/wp-json\/wp\/v2\/media?parent=3844"}],"curies":[{"name":"wp","href":"https:\/\/api.w.org\/{rel}","templated":true}]}}