{"id":3494,"date":"2024-03-24T13:02:05","date_gmt":"2024-03-24T13:02:05","guid":{"rendered":"https:\/\/www.runesofmagic-infos.com\/malatina-gra-o-przetrwaniu\/"},"modified":"2024-04-02T15:30:47","modified_gmt":"2024-04-02T15:30:47","slug":"malatina-gra-o-przetrwaniu","status":"publish","type":"page","link":"https:\/\/www.runesofmagic-infos.com\/pl\/malatina-gra-o-przetrwaniu\/","title":{"rendered":"Malatina gra o przetrwaniu"},"content":{"rendered":"\n<p><strong>Gra Malatiny na \u015bmier\u0107 i \u017cycie<\/strong>&nbsp;<\/p>\n\n\n\n<p>(lub w skr\u00f3cie: <em>gra o przetrwanie<\/em>)&nbsp;<\/p>\n\n\n\n<figure class=\"wp-block-image size-full\"><img loading=\"lazy\" decoding=\"async\" width=\"413\" height=\"664\" src=\"https:\/\/www.runesofmagic-infos.com\/wp-content\/uploads\/2024\/03\/image-1.jpeg\" alt=\"\" class=\"wp-image-3520\" srcset=\"https:\/\/www.runesofmagic-infos.com\/wp-content\/uploads\/2024\/03\/image-1.jpeg 413w, https:\/\/www.runesofmagic-infos.com\/wp-content\/uploads\/2024\/03\/image-1-187x300.jpeg 187w\" sizes=\"auto, (max-width: 413px) 100vw, 413px\" \/><\/figure>\n\n\n\n<p>Twoim zadaniem jest przekopanie 36 p\u00f3l w ci\u0105gu 10 minut, otwarcie 12 skrzy\u0144 i przetrwanie.&nbsp;<\/p>\n\n\n\n<p>Nagrodami s\u0105 surowce gildii, proste m\u0142oty naprawcze, mikstury Phiriusa, eliksiry Phiriusa, specjalne wody Phiriusa, surowce do rzemios\u0142a (dostosowane do poziomu gracza), materia\u0142y do budowy instrument\u00f3w muzycznych, runy IV poziomu, \u017cetony Phiriusa, przepisy na meble boss\u00f3w i \u0142adunek do Arcane Transformera. Je\u015bli klasa podstawowa ma co najmniej 50 poziom, otrzymasz dodatkowe 30 pocisk\u00f3w Phiriusa. Przeciwnicy upuszczaj\u0105 r\u00f3wnie\u017c <em>runy oczyszczaj\u0105ce <\/em>.  <\/p>\n\n\n\n<figure class=\"wp-block-image size-full\"><img loading=\"lazy\" decoding=\"async\" width=\"290\" height=\"595\" src=\"https:\/\/www.runesofmagic-infos.com\/wp-content\/uploads\/2024\/03\/image-2.jpeg\" alt=\"\" class=\"wp-image-3530\" srcset=\"https:\/\/www.runesofmagic-infos.com\/wp-content\/uploads\/2024\/03\/image-2.jpeg 290w, https:\/\/www.runesofmagic-infos.com\/wp-content\/uploads\/2024\/03\/image-2-146x300.jpeg 146w\" sizes=\"auto, (max-width: 290px) 100vw, 290px\" \/><\/figure>\n\n\n\n<p>Do zdobycia s\u0105 r\u00f3wnie\u017c 3 r\u00f3\u017cne tytu\u0142y, z kt\u00f3rych wszystkie mo\u017cna wykorzysta\u0107 w systemie tytu\u0142\u00f3w:  <\/p>\n\n\n\n<ul class=\"wp-block-list\">\n<li><strong>\n  <em>Ocala\u0142y z gry Malatina <\/em>\n<\/strong>za pomy\u015blne uko\u0144czenie zadania. Wystarczy ponownie skontaktowa\u0107 si\u0119 z Malatin\u0105.  <\/li>\n<\/ul>\n\n\n\n<ul class=\"wp-block-list\">\n<li><strong>\n  <em>Malatinike <\/em>\n<\/strong>za wykonanie zadania 30 razy. Tytu\u0142 ten zapewnia r\u00f3wnie\u017c trzy przydatne bonusy: +15 do obrony fizycznej, +2 do wszystkich atrybut\u00f3w i +100 maksymalnych punkt\u00f3w zdrowia.&nbsp;<\/li>\n\n\n\n<li><strong>\n  <em>Kr\u00f3l kret\u00f3w <\/em>\n<\/strong>po uko\u0144czeniu zadania 100 razy. Tytu\u0142 ten zapewnia r\u00f3wnie\u017c trzy bonusy: +25 do obrony fizycznej, +6 do wszystkich atrybut\u00f3w i +200 maksymalnych punkt\u00f3w zdrowia.&nbsp;<\/li>\n<\/ul>\n\n\n\n<p>Gdy tylko podejdziesz do <strong>Malatiny <\/strong>na rynku Varanas, zaoferuje ci ona mo\u017cliwo\u015b\u0107 wzi\u0119cia udzia\u0142u w &#8222;Grze o przetrwanie&#8221; za 30 \u017ceton\u00f3w Phirius. Jak tylko zaakceptujesz wyzwanie, zostaniesz przeniesiony do obszaru wydarzenia.&nbsp;<\/p>\n\n\n\n<p>Rozgrywka toczy si\u0119 w oddzielnym obszarze, do kt\u00f3rego tylko ty masz dost\u0119p. Nie b\u0119dziesz wi\u0119c niepokojony przez innych graczy. <strong>Hill Joker <\/strong>czeka tam na ciebie, aby wyja\u015bni\u0107 zasady, zabra\u0107 ci\u0119 z powrotem na rynek miasta lub rozpocz\u0105\u0107 wydarzenie. Mo\u017cesz r\u00f3wnie\u017c osi\u0105gn\u0105\u0107 &#8222;Inne porozumienie&#8221; za po\u015brednictwem zasad. W zamian za eliksir<em>&#8222;Odkupienie Feniksa<\/em>&#8221; Hill Joker usuwa stra\u017cnik\u00f3w, a ty musisz tylko przekopa\u0107 pola.&nbsp;<\/p>\n\n\n\n<figure class=\"wp-block-image size-large\"><img loading=\"lazy\" decoding=\"async\" width=\"1024\" height=\"480\" src=\"https:\/\/www.runesofmagic-infos.com\/wp-content\/uploads\/2024\/03\/image-3-1024x480.jpeg\" alt=\"\" class=\"wp-image-3535\" srcset=\"https:\/\/www.runesofmagic-infos.com\/wp-content\/uploads\/2024\/03\/image-3-1024x480.jpeg 1024w, https:\/\/www.runesofmagic-infos.com\/wp-content\/uploads\/2024\/03\/image-3-300x140.jpeg 300w, https:\/\/www.runesofmagic-infos.com\/wp-content\/uploads\/2024\/03\/image-3-768x360.jpeg 768w, https:\/\/www.runesofmagic-infos.com\/wp-content\/uploads\/2024\/03\/image-3.jpeg 1119w\" sizes=\"auto, (max-width: 1024px) 100vw, 1024px\" \/><\/figure>\n\n\n\n<p>Gdy tylko przyjmiesz wyzwanie bezpo\u015brednio lub przeka\u017cesz Hill Jokerowi<em>&#8222;Odkupienie Feniksa<\/em>&#8222;, rozpocznie si\u0119 gra i zacznie up\u0142ywa\u0107 czas. Od tej chwili masz 10 minut na wykopanie wszystkich 36 p\u0142ytek i otwarcie 12 skrzy\u0144. <em>R\u00f3\u017cd\u017cka Malatiny<\/em>, znajduj\u0105ca si\u0119 na \u015brodku pola gry, jest po\u0142\u0105czona z Dziwnymi <em>Maszynami<\/em> na skraju pola gry i rzuca r\u00f3\u017cne zakl\u0119cia obszarowe, gdy tylko znajdziesz si\u0119 mi\u0119dzy r\u00f3\u017cd\u017ck\u0105 a <em>Dziwn\u0105 Maszyn\u0105 <\/em>. Gdy tylko zniszczysz <em>Dziwn\u0105 Maszyn\u0119 <\/em>, pojawi si\u0119 <em>Strzeg\u0105cy Ska\u0142y Duch<\/em>. To r\u00f3wnie\u017c musi zosta\u0107 usuni\u0119te przed wykopaniem p\u0142ytki.  <\/p>\n\n\n\n<figure class=\"wp-block-image size-full\"><img loading=\"lazy\" decoding=\"async\" width=\"544\" height=\"660\" src=\"https:\/\/www.runesofmagic-infos.com\/wp-content\/uploads\/2024\/03\/image-4.jpeg\" alt=\"\" class=\"wp-image-3541\" srcset=\"https:\/\/www.runesofmagic-infos.com\/wp-content\/uploads\/2024\/03\/image-4.jpeg 544w, https:\/\/www.runesofmagic-infos.com\/wp-content\/uploads\/2024\/03\/image-4-247x300.jpeg 247w\" sizes=\"auto, (max-width: 544px) 100vw, 544px\" \/><\/figure>\n\n\n\n<p>Po uwolnieniu si\u0119 z p\u0142ytki i wykopaniu jej masz cztery opcje:  <\/p>\n\n\n\n<ul class=\"wp-block-list\">\n<li>jedna z 12 skrzy\u0144 na boisku&nbsp;<\/li>\n\n\n\n<li><em>bomba <\/em>(ma\u0142a, \u015brednia lub du\u017ca), kt\u00f3ra zadaje obra\u017cenia i powala na r\u00f3\u017cne odleg\u0142o\u015bci&nbsp;<\/li>\n\n\n\n<li>elitarny przeciwnik, kt\u00f3rego r\u00f3wnie\u017c musisz pokona\u0107&nbsp;<\/li>\n\n\n\n<li>puste pole, po czym <em>r\u00f3\u017cd\u017cka Malatiny <\/em>albo leczy, albo przyspiesza, albo powala i zadaje obra\u017cenia&nbsp;<\/li>\n<\/ul>\n\n\n\n<p>Jest wsparcie w czterech naro\u017cnikach boiska. Na prawo od wej\u015bcia i po przek\u0105tnej po drugiej stronie otrzymujesz uzdrowienie. W pozosta\u0142ych dw\u00f3ch rogach mo\u017cesz zosta\u0107 teleportowany i sko\u0144czy\u0107 przy wej\u015bciu po prawej.&nbsp;<\/p>\n\n\n\n<p>Poziom przeciwnik\u00f3w zale\u017cy od twojego poziomu:&nbsp;<\/p>\n\n\n\n<figure class=\"wp-block-table\"><table><tbody><tr><td><strong><em>Poziom gracza<\/em><\/strong>&nbsp;<\/td><td><strong><em>Ochrona ducha rocka<\/em><\/strong>&nbsp;<\/td><td><strong><em>Ochrona obro\u0144cy<\/em><\/strong>&nbsp;<\/td><td><strong><em>Demon klifu<\/em><\/strong>&nbsp;<\/td><\/tr><tr><td>1-30&nbsp;<\/td><td>20&nbsp;<\/td><td>20&nbsp;<\/td><td>25&nbsp;<\/td><\/tr><tr><td>21-35&nbsp;<\/td><td>25&nbsp;<\/td><td>25&nbsp;<\/td><td>30&nbsp;<\/td><\/tr><tr><td>36-45&nbsp;<\/td><td>30&nbsp;<\/td><td>30&nbsp;<\/td><td>35&nbsp;<\/td><\/tr><tr><td>46-49&nbsp;<\/td><td>35&nbsp;<\/td><td>35&nbsp;<\/td><td>40&nbsp;<\/td><\/tr><tr><td>50-100&nbsp;<\/td><td>10 poziom\u00f3w ni\u017cej&nbsp;<\/td><td>10 poziom\u00f3w ni\u017cej&nbsp;<\/td><td>5 poziom\u00f3w ni\u017cej&nbsp;<\/td><\/tr><\/tbody><\/table><\/figure>\n\n\n\n<figure class=\"wp-block-image size-full\"><img loading=\"lazy\" decoding=\"async\" width=\"397\" height=\"333\" src=\"https:\/\/www.runesofmagic-infos.com\/wp-content\/uploads\/2024\/03\/image-5.jpeg\" alt=\"\" class=\"wp-image-3546\" srcset=\"https:\/\/www.runesofmagic-infos.com\/wp-content\/uploads\/2024\/03\/image-5.jpeg 397w, https:\/\/www.runesofmagic-infos.com\/wp-content\/uploads\/2024\/03\/image-5-300x252.jpeg 300w\" sizes=\"auto, (max-width: 397px) 100vw, 397px\" \/><\/figure>\n\n\n\n<p>W przeciwie\u0144stwie do innych minigier, wy\u017cszy poziom gracza lub lepszy sprz\u0119t nie przynosz\u0105 tutaj \u017cadnych korzy\u015bci. Jednak tytu\u0142 z wi\u0119ksz\u0105 szybko\u015bci\u0105 ruchu i <em>Bezgranicznym entuzjazmem <\/em>daje ci przewag\u0119 szybko\u015bci. Uwaga! <em>Bezgraniczny entuzjazm <\/em>jest automatycznie usuwany po wej\u015bciu na pole gry, ale mo\u017cna go odnowi\u0107.&nbsp;<\/p>\n\n\n\n<p>Nagrody nie s\u0105 niczym szczeg\u00f3lnym, ale je\u015bli chcesz ulepszy\u0107 lub rozbudowa\u0107 sw\u00f3j zamek gildii, mo\u017cesz zabra\u0107 ze sob\u0105 materia\u0142y. W pewnym momencie b\u0119dziesz mie\u0107 r\u00f3wnie\u017c wszystkie przepisy i b\u0119dziesz potrzebowa\u0107 run tylko do wzmocnienia Haidona. Z <em>M\u0142otem Prostej Naprawy <\/em>i materia\u0142ami do tworzenia instrument\u00f3w, a tak\u017ce jednym \u0142adunkiem za Transformator Tajemny, mo\u017cesz przyci\u0105gn\u0105\u0107 tylko kilku graczy. Jednak tytu\u0142y w systemie tytu\u0142\u00f3w s\u0105 naprawd\u0119 interesuj\u0105ce. <strong>King of the Moles <\/strong>zapewnia 20% wsp\u00f3\u0142czynnik dropu (pozosta\u0142e dwa odpowiednio 10% i 15%). Warto\u015bciowy bonus dla hodowc\u00f3w kart.&nbsp;<\/p>\n","protected":false},"excerpt":{"rendered":"<p>Gra Malatiny na \u015bmier\u0107 i \u017cycie&nbsp; (lub w skr\u00f3cie: gra o przetrwanie)&nbsp; Twoim zadaniem jest przekopanie 36 p\u00f3l w ci\u0105gu 10 minut, otwarcie 12 skrzy\u0144 i przetrwanie.&nbsp; Nagrodami s\u0105 surowce gildii, proste m\u0142oty naprawcze, mikstury Phiriusa, eliksiry Phiriusa, specjalne wody Phiriusa, surowce do rzemios\u0142a (dostosowane do poziomu gracza), materia\u0142y do [&hellip;]<\/p>\n","protected":false},"author":1,"featured_media":0,"parent":0,"menu_order":0,"comment_status":"closed","ping_status":"closed","template":"","meta":{"footnotes":""},"class_list":["post-3494","page","type-page","status-publish","hentry"],"yoast_head":"<!-- This site is optimized with the Yoast SEO plugin v27.4 - https:\/\/yoast.com\/product\/yoast-seo-wordpress\/ -->\n<title>Malatina gra o przetrwaniu - Runes of Magic-Infos<\/title>\n<meta name=\"robots\" content=\"index, follow, max-snippet:-1, max-image-preview:large, max-video-preview:-1\" \/>\n<link rel=\"canonical\" href=\"https:\/\/www.runesofmagic-infos.com\/pl\/malatina-gra-o-przetrwaniu\/\" \/>\n<meta property=\"og:locale\" content=\"pl_PL\" \/>\n<meta property=\"og:type\" content=\"article\" \/>\n<meta property=\"og:title\" content=\"Malatina gra o przetrwaniu - Runes of Magic-Infos\" \/>\n<meta property=\"og:description\" content=\"Gra Malatiny na \u015bmier\u0107 i \u017cycie&nbsp; (lub w skr\u00f3cie: gra o przetrwanie)&nbsp; Twoim zadaniem jest przekopanie 36 p\u00f3l w ci\u0105gu 10 minut, otwarcie 12 skrzy\u0144 i przetrwanie.&nbsp; Nagrodami s\u0105 surowce gildii, proste m\u0142oty naprawcze, mikstury Phiriusa, eliksiry Phiriusa, specjalne wody Phiriusa, surowce do rzemios\u0142a (dostosowane do poziomu gracza), materia\u0142y do [&hellip;]\" \/>\n<meta property=\"og:url\" content=\"https:\/\/www.runesofmagic-infos.com\/pl\/malatina-gra-o-przetrwaniu\/\" \/>\n<meta property=\"og:site_name\" content=\"Runes of Magic-Infos\" \/>\n<meta property=\"article:modified_time\" content=\"2024-04-02T15:30:47+00:00\" \/>\n<meta property=\"og:image\" content=\"https:\/\/www.runesofmagic-infos.com\/wp-content\/uploads\/2024\/03\/image-1.jpeg\" \/>\n<meta name=\"twitter:card\" content=\"summary_large_image\" \/>\n<meta name=\"twitter:label1\" content=\"Szacowany czas czytania\" \/>\n\t<meta name=\"twitter:data1\" content=\"4 minuty\" \/>\n<script type=\"application\/ld+json\" class=\"yoast-schema-graph\">{\"@context\":\"https:\\\/\\\/schema.org\",\"@graph\":[{\"@type\":\"WebPage\",\"@id\":\"https:\\\/\\\/www.runesofmagic-infos.com\\\/pl\\\/malatina-gra-o-przetrwaniu\\\/\",\"url\":\"https:\\\/\\\/www.runesofmagic-infos.com\\\/pl\\\/malatina-gra-o-przetrwaniu\\\/\",\"name\":\"Malatina gra o przetrwaniu - Runes of Magic-Infos\",\"isPartOf\":{\"@id\":\"https:\\\/\\\/www.runesofmagic-infos.com\\\/pl\\\/#website\"},\"primaryImageOfPage\":{\"@id\":\"https:\\\/\\\/www.runesofmagic-infos.com\\\/pl\\\/malatina-gra-o-przetrwaniu\\\/#primaryimage\"},\"image\":{\"@id\":\"https:\\\/\\\/www.runesofmagic-infos.com\\\/pl\\\/malatina-gra-o-przetrwaniu\\\/#primaryimage\"},\"thumbnailUrl\":\"https:\\\/\\\/www.runesofmagic-infos.com\\\/wp-content\\\/uploads\\\/2024\\\/03\\\/image-1.jpeg\",\"datePublished\":\"2024-03-24T13:02:05+00:00\",\"dateModified\":\"2024-04-02T15:30:47+00:00\",\"breadcrumb\":{\"@id\":\"https:\\\/\\\/www.runesofmagic-infos.com\\\/pl\\\/malatina-gra-o-przetrwaniu\\\/#breadcrumb\"},\"inLanguage\":\"pl-PL\",\"potentialAction\":[{\"@type\":\"ReadAction\",\"target\":[\"https:\\\/\\\/www.runesofmagic-infos.com\\\/pl\\\/malatina-gra-o-przetrwaniu\\\/\"]}]},{\"@type\":\"ImageObject\",\"inLanguage\":\"pl-PL\",\"@id\":\"https:\\\/\\\/www.runesofmagic-infos.com\\\/pl\\\/malatina-gra-o-przetrwaniu\\\/#primaryimage\",\"url\":\"https:\\\/\\\/www.runesofmagic-infos.com\\\/wp-content\\\/uploads\\\/2024\\\/03\\\/image-1.jpeg\",\"contentUrl\":\"https:\\\/\\\/www.runesofmagic-infos.com\\\/wp-content\\\/uploads\\\/2024\\\/03\\\/image-1.jpeg\"},{\"@type\":\"BreadcrumbList\",\"@id\":\"https:\\\/\\\/www.runesofmagic-infos.com\\\/pl\\\/malatina-gra-o-przetrwaniu\\\/#breadcrumb\",\"itemListElement\":[{\"@type\":\"ListItem\",\"position\":1,\"name\":\"Startseite\",\"item\":\"https:\\\/\\\/www.runesofmagic-infos.com\\\/pl\\\/\"},{\"@type\":\"ListItem\",\"position\":2,\"name\":\"Malatina gra o przetrwaniu\"}]},{\"@type\":\"WebSite\",\"@id\":\"https:\\\/\\\/www.runesofmagic-infos.com\\\/pl\\\/#website\",\"url\":\"https:\\\/\\\/www.runesofmagic-infos.com\\\/pl\\\/\",\"name\":\"Runes of Magic-Infos\",\"description\":\"\",\"publisher\":{\"@id\":\"https:\\\/\\\/www.runesofmagic-infos.com\\\/pl\\\/#organization\"},\"potentialAction\":[{\"@type\":\"SearchAction\",\"target\":{\"@type\":\"EntryPoint\",\"urlTemplate\":\"https:\\\/\\\/www.runesofmagic-infos.com\\\/pl\\\/?s={search_term_string}\"},\"query-input\":{\"@type\":\"PropertyValueSpecification\",\"valueRequired\":true,\"valueName\":\"search_term_string\"}}],\"inLanguage\":\"pl-PL\"},{\"@type\":\"Organization\",\"@id\":\"https:\\\/\\\/www.runesofmagic-infos.com\\\/pl\\\/#organization\",\"name\":\"Runes of Magic-Infos\",\"url\":\"https:\\\/\\\/www.runesofmagic-infos.com\\\/pl\\\/\",\"logo\":{\"@type\":\"ImageObject\",\"inLanguage\":\"pl-PL\",\"@id\":\"https:\\\/\\\/www.runesofmagic-infos.com\\\/pl\\\/#\\\/schema\\\/logo\\\/image\\\/\",\"url\":\"https:\\\/\\\/www.runesofmagic-infos.com\\\/wp-content\\\/uploads\\\/2024\\\/01\\\/ROM-Infos-Original-Logo.png\",\"contentUrl\":\"https:\\\/\\\/www.runesofmagic-infos.com\\\/wp-content\\\/uploads\\\/2024\\\/01\\\/ROM-Infos-Original-Logo.png\",\"width\":2329,\"height\":1721,\"caption\":\"Runes of Magic-Infos\"},\"image\":{\"@id\":\"https:\\\/\\\/www.runesofmagic-infos.com\\\/pl\\\/#\\\/schema\\\/logo\\\/image\\\/\"}}]}<\/script>\n<!-- \/ Yoast SEO plugin. -->","yoast_head_json":{"title":"Malatina gra o przetrwaniu - Runes of Magic-Infos","robots":{"index":"index","follow":"follow","max-snippet":"max-snippet:-1","max-image-preview":"max-image-preview:large","max-video-preview":"max-video-preview:-1"},"canonical":"https:\/\/www.runesofmagic-infos.com\/pl\/malatina-gra-o-przetrwaniu\/","og_locale":"pl_PL","og_type":"article","og_title":"Malatina gra o przetrwaniu - Runes of Magic-Infos","og_description":"Gra Malatiny na \u015bmier\u0107 i \u017cycie&nbsp; (lub w skr\u00f3cie: gra o przetrwanie)&nbsp; Twoim zadaniem jest przekopanie 36 p\u00f3l w ci\u0105gu 10 minut, otwarcie 12 skrzy\u0144 i przetrwanie.&nbsp; Nagrodami s\u0105 surowce gildii, proste m\u0142oty naprawcze, mikstury Phiriusa, eliksiry Phiriusa, specjalne wody Phiriusa, surowce do rzemios\u0142a (dostosowane do poziomu gracza), materia\u0142y do [&hellip;]","og_url":"https:\/\/www.runesofmagic-infos.com\/pl\/malatina-gra-o-przetrwaniu\/","og_site_name":"Runes of Magic-Infos","article_modified_time":"2024-04-02T15:30:47+00:00","og_image":[{"url":"https:\/\/www.runesofmagic-infos.com\/wp-content\/uploads\/2024\/03\/image-1.jpeg","type":"","width":"","height":""}],"twitter_card":"summary_large_image","twitter_misc":{"Szacowany czas czytania":"4 minuty"},"schema":{"@context":"https:\/\/schema.org","@graph":[{"@type":"WebPage","@id":"https:\/\/www.runesofmagic-infos.com\/pl\/malatina-gra-o-przetrwaniu\/","url":"https:\/\/www.runesofmagic-infos.com\/pl\/malatina-gra-o-przetrwaniu\/","name":"Malatina gra o przetrwaniu - Runes of Magic-Infos","isPartOf":{"@id":"https:\/\/www.runesofmagic-infos.com\/pl\/#website"},"primaryImageOfPage":{"@id":"https:\/\/www.runesofmagic-infos.com\/pl\/malatina-gra-o-przetrwaniu\/#primaryimage"},"image":{"@id":"https:\/\/www.runesofmagic-infos.com\/pl\/malatina-gra-o-przetrwaniu\/#primaryimage"},"thumbnailUrl":"https:\/\/www.runesofmagic-infos.com\/wp-content\/uploads\/2024\/03\/image-1.jpeg","datePublished":"2024-03-24T13:02:05+00:00","dateModified":"2024-04-02T15:30:47+00:00","breadcrumb":{"@id":"https:\/\/www.runesofmagic-infos.com\/pl\/malatina-gra-o-przetrwaniu\/#breadcrumb"},"inLanguage":"pl-PL","potentialAction":[{"@type":"ReadAction","target":["https:\/\/www.runesofmagic-infos.com\/pl\/malatina-gra-o-przetrwaniu\/"]}]},{"@type":"ImageObject","inLanguage":"pl-PL","@id":"https:\/\/www.runesofmagic-infos.com\/pl\/malatina-gra-o-przetrwaniu\/#primaryimage","url":"https:\/\/www.runesofmagic-infos.com\/wp-content\/uploads\/2024\/03\/image-1.jpeg","contentUrl":"https:\/\/www.runesofmagic-infos.com\/wp-content\/uploads\/2024\/03\/image-1.jpeg"},{"@type":"BreadcrumbList","@id":"https:\/\/www.runesofmagic-infos.com\/pl\/malatina-gra-o-przetrwaniu\/#breadcrumb","itemListElement":[{"@type":"ListItem","position":1,"name":"Startseite","item":"https:\/\/www.runesofmagic-infos.com\/pl\/"},{"@type":"ListItem","position":2,"name":"Malatina gra o przetrwaniu"}]},{"@type":"WebSite","@id":"https:\/\/www.runesofmagic-infos.com\/pl\/#website","url":"https:\/\/www.runesofmagic-infos.com\/pl\/","name":"Runes of Magic-Infos","description":"","publisher":{"@id":"https:\/\/www.runesofmagic-infos.com\/pl\/#organization"},"potentialAction":[{"@type":"SearchAction","target":{"@type":"EntryPoint","urlTemplate":"https:\/\/www.runesofmagic-infos.com\/pl\/?s={search_term_string}"},"query-input":{"@type":"PropertyValueSpecification","valueRequired":true,"valueName":"search_term_string"}}],"inLanguage":"pl-PL"},{"@type":"Organization","@id":"https:\/\/www.runesofmagic-infos.com\/pl\/#organization","name":"Runes of Magic-Infos","url":"https:\/\/www.runesofmagic-infos.com\/pl\/","logo":{"@type":"ImageObject","inLanguage":"pl-PL","@id":"https:\/\/www.runesofmagic-infos.com\/pl\/#\/schema\/logo\/image\/","url":"https:\/\/www.runesofmagic-infos.com\/wp-content\/uploads\/2024\/01\/ROM-Infos-Original-Logo.png","contentUrl":"https:\/\/www.runesofmagic-infos.com\/wp-content\/uploads\/2024\/01\/ROM-Infos-Original-Logo.png","width":2329,"height":1721,"caption":"Runes of Magic-Infos"},"image":{"@id":"https:\/\/www.runesofmagic-infos.com\/pl\/#\/schema\/logo\/image\/"}}]}},"_links":{"self":[{"href":"https:\/\/www.runesofmagic-infos.com\/pl\/wp-json\/wp\/v2\/pages\/3494","targetHints":{"allow":["GET"]}}],"collection":[{"href":"https:\/\/www.runesofmagic-infos.com\/pl\/wp-json\/wp\/v2\/pages"}],"about":[{"href":"https:\/\/www.runesofmagic-infos.com\/pl\/wp-json\/wp\/v2\/types\/page"}],"author":[{"embeddable":true,"href":"https:\/\/www.runesofmagic-infos.com\/pl\/wp-json\/wp\/v2\/users\/1"}],"replies":[{"embeddable":true,"href":"https:\/\/www.runesofmagic-infos.com\/pl\/wp-json\/wp\/v2\/comments?post=3494"}],"version-history":[{"count":9,"href":"https:\/\/www.runesofmagic-infos.com\/pl\/wp-json\/wp\/v2\/pages\/3494\/revisions"}],"predecessor-version":[{"id":3693,"href":"https:\/\/www.runesofmagic-infos.com\/pl\/wp-json\/wp\/v2\/pages\/3494\/revisions\/3693"}],"wp:attachment":[{"href":"https:\/\/www.runesofmagic-infos.com\/pl\/wp-json\/wp\/v2\/media?parent=3494"}],"curies":[{"name":"wp","href":"https:\/\/api.w.org\/{rel}","templated":true}]}}