{"id":3190,"date":"2024-02-24T19:23:58","date_gmt":"2024-02-24T19:23:58","guid":{"rendered":"https:\/\/www.runesofmagic-infos.com\/konserwator\/"},"modified":"2024-10-16T17:41:22","modified_gmt":"2024-10-16T17:41:22","slug":"konserwator","status":"publish","type":"page","link":"https:\/\/www.runesofmagic-infos.com\/pl\/konserwator\/","title":{"rendered":"Konserwator"},"content":{"rendered":"\n<h1 class=\"wp-block-heading\">\u00b7&nbsp;&nbsp;&nbsp;&nbsp;&nbsp;&nbsp;&nbsp;Allgemeines<\/h1>\n\n\n\n<p>Konserwatorzy s\u0105 klas\u0105 czo\u0142g\u00f3w w\u015br\u00f3d elf\u00f3w, ale zw\u0142aszcza jako \/wojownik lub \/zwiadowca nadaj\u0105 si\u0119 szczeg\u00f3lnie jako DD.<\/p>\n\n\n\n<p>Nawet je\u015bli zostaniesz tankiem z kilkoma dodatkowymi wzmocnieniami. (Przynajmniej na \/Warrior) <\/p>\n\n\n\n<p>Niniejszy przewodnik skupia si\u0119 g\u0142\u00f3wnie na Bewa jako DD.<\/p>\n\n\n\n<p>Egzotyczne kombinacje, takie jak \/Dudu, s\u0105 na razie wykluczone. Chocia\u017c te kombinacje s\u0105 u\u017cywane w niszowych obszarach, nie s\u0105 cz\u0119sto spotykane. <\/p>\n\n\n\n<p>o&nbsp;&nbsp;&nbsp;&nbsp;Bewahrer\/Krieger:<\/p>\n\n\n\n<p>Zdecydowanie jedna z najlepszych klas solowych w grze. Mo\u017cna ni\u0105 gra\u0107 zar\u00f3wno jako DD, jak i tank. Mo\u017ce osi\u0105gn\u0105\u0107 jedne z najbardziej ekstremalnych warto\u015bci Def i DMG w grze, dzi\u0119ki czemu ma stabiln\u0105 baz\u0119 w ka\u017cdej sytuacji. Niezale\u017cnie od tego, czy gra solo na bossach \u015bwiatowych, czy jako DD na najwy\u017cszych poziomach.   <\/p>\n\n\n\n<p>o&nbsp;&nbsp;&nbsp;&nbsp;Bewahrer\/Kundschafter<\/p>\n\n\n\n<p>Solidne po\u0142\u0105czenie wsparcia i DD.<\/p>\n\n\n\n<p>Mo\u017ce by\u0107 u\u017cywany z Chironem w roli DD lub z Nature Crystal w roli bardziej wspieraj\u0105cej.<\/p>\n\n\n\n<p>Zwi\u0119kszenie morale jest zawsze bardzo mile widzianym wzmocnieniem DMG dla grupy.<\/p>\n\n\n\n<h1 class=\"wp-block-heading\">\u00b7&nbsp;&nbsp;&nbsp;&nbsp;&nbsp;&nbsp;&nbsp;Stattung<\/h1>\n\n\n\n<p>Ten punkt mo\u017cna za\u0142atwi\u0107 do\u015b\u0107 szybko. Wyposa\u017cenie \u0142a\u0144cuchowe z 6x si\u0142a\/atak fizyczny. Jako PDD, najwy\u017csza mo\u017cliwa warto\u015b\u0107 PAtk jest niezb\u0119dna do wykonania tego zadania.  <\/p>\n\n\n\n<p>Jedynym wyj\u0105tkiem jest oczywi\u015bcie Bewa\/Wojownik jako tank. Tutaj, opr\u00f3cz wyposa\u017cenia \u0142a\u0144cuchowego, wskazane jest u\u017cycie wyposa\u017cenia p\u0142ytowego z du\u017c\u0105 wytrzyma\u0142o\u015bci\u0105\/obron\u0105 fizyczn\u0105 i wytrzyma\u0142o\u015bci\u0105\/maksymalnym HP. <\/p>\n\n\n\n<h1 class=\"wp-block-heading\">\u00b7&nbsp;&nbsp;&nbsp;&nbsp;&nbsp;&nbsp;&nbsp;Setskills<\/h1>\n\n\n\n<p>Odzyskiwanie energii (Mementos Dalanis)<\/p>\n\n\n\n<p>Wi\u0105\u017c\u0105ca umowa (Grobowiec Siedmiu Bohater\u00f3w)<\/p>\n\n\n\n<p>Cie\u0144 mg\u0142y (Bethomia)<\/p>\n\n\n\n<p>Zam\u0119t chciwo\u015bci (Grota grozy)<\/p>\n\n\n\n<p>Atak zwierz\u0119cego ducha (ko\u015bciany kolec)<\/p>\n\n\n\n<h1 class=\"wp-block-heading\">\u00b7&nbsp;&nbsp;&nbsp;&nbsp;&nbsp;&nbsp;&nbsp;Rotation<\/h1>\n\n\n\n<p>Zasadniczo, makro lub silnik bojowy jest zalecany dla Preservera ze wzgl\u0119du na spos\u00f3b, w jaki gra. (Kitty, Diyce) <\/p>\n\n\n\n<p>Wysokie obra\u017cenia zadawane przez Konserwatora wynikaj\u0105 z faktu, \u017ce samo na\u0142adowane Ci\u0119cie nie wyzwala globalnego och\u0142odzenia, ale ma tylko 1 sekund\u0119 CD, kt\u00f3r\u0105 dzieli z Moc\u0105 Ducha Drzewa.<\/p>\n\n\n\n<p>Dla Rota oznacza to, \u017ce zawsze mo\u017cesz ustawi\u0107 na\u0142adowane ci\u0119cie i jedn\u0105 dodatkow\u0105 umiej\u0119tno\u015b\u0107 na segment globalnego czasu odnowienia. Mo\u017cliwe jest r\u0119czne sterowanie ca\u0142o\u015bci\u0105, ale wi\u0119kszo\u015b\u0107 ludzi, kt\u00f3rzy to potrafi\u0105, nie potrzebuje tego przewodnika. <\/p>\n\n\n\n<p>&nbsp;&nbsp;&nbsp;&nbsp;o Zestaw Kitty Combo dla Bewa\/Wojownika:<\/p>\n\n\n\n<p><strong>Przegl\u0105d Das Kitty:<\/strong><\/p>\n\n\n\n<figure class=\"wp-block-image size-full\"><img loading=\"lazy\" decoding=\"async\" width=\"945\" height=\"863\" src=\"https:\/\/www.runesofmagic-infos.com\/wp-content\/uploads\/2024\/02\/pasted-from-clipboard-11.png\" alt=\"\" class=\"wp-image-3178\" srcset=\"https:\/\/www.runesofmagic-infos.com\/wp-content\/uploads\/2024\/02\/pasted-from-clipboard-11.png 945w, https:\/\/www.runesofmagic-infos.com\/wp-content\/uploads\/2024\/02\/pasted-from-clipboard-11-300x274.png 300w, https:\/\/www.runesofmagic-infos.com\/wp-content\/uploads\/2024\/02\/pasted-from-clipboard-11-768x701.png 768w\" sizes=\"auto, (max-width: 945px) 100vw, 945px\" \/><\/figure>\n\n\n\n<p><strong>Stanowi, co nast\u0119puje:<\/strong><\/p>\n\n\n\n<p>Szalej\u0105ce zaro\u015bla:<\/p>\n\n\n\n<p>Nie ma statusu w standardowej racie. Ale nie ma GBC, wi\u0119c na pozycji 1 <\/p>\n\n\n\n<p>Kontrola impuls\u00f3w:<\/p>\n\n\n\n<figure class=\"wp-block-image size-full\"><img loading=\"lazy\" decoding=\"async\" width=\"945\" height=\"131\" src=\"https:\/\/www.runesofmagic-infos.com\/wp-content\/uploads\/2024\/02\/pasted-from-clipboard-10.png\" alt=\"\" class=\"wp-image-3173\" srcset=\"https:\/\/www.runesofmagic-infos.com\/wp-content\/uploads\/2024\/02\/pasted-from-clipboard-10.png 945w, https:\/\/www.runesofmagic-infos.com\/wp-content\/uploads\/2024\/02\/pasted-from-clipboard-10-300x42.png 300w, https:\/\/www.runesofmagic-infos.com\/wp-content\/uploads\/2024\/02\/pasted-from-clipboard-10-768x106.png 768w\" sizes=\"auto, (max-width: 945px) 100vw, 945px\" \/><\/figure>\n\n\n\n<p>Atak zwierz\u0119cego ducha:<\/p>\n\n\n\n<p>Brak warunku w standardowym rocie.<\/p>\n\n\n\n<p>Uderzenie bestii:<\/p>\n\n\n\n<figure class=\"wp-block-image size-full\"><img loading=\"lazy\" decoding=\"async\" width=\"945\" height=\"137\" src=\"https:\/\/www.runesofmagic-infos.com\/wp-content\/uploads\/2024\/02\/pasted-from-clipboard-9.png\" alt=\"\" class=\"wp-image-3168\" srcset=\"https:\/\/www.runesofmagic-infos.com\/wp-content\/uploads\/2024\/02\/pasted-from-clipboard-9.png 945w, https:\/\/www.runesofmagic-infos.com\/wp-content\/uploads\/2024\/02\/pasted-from-clipboard-9-300x43.png 300w, https:\/\/www.runesofmagic-infos.com\/wp-content\/uploads\/2024\/02\/pasted-from-clipboard-9-768x111.png 768w\" sizes=\"auto, (max-width: 945px) 100vw, 945px\" \/><\/figure>\n\n\n\n<p>Przekr\u00f3j:<\/p>\n\n\n\n<p>Brak warunk\u00f3w. Jest samoregulowany przez p\u0142yt\u0119 CD. <\/p>\n\n\n\n<p>Chop:<\/p>\n\n\n\n<figure class=\"wp-block-image size-full\"><img loading=\"lazy\" decoding=\"async\" width=\"945\" height=\"124\" src=\"https:\/\/www.runesofmagic-infos.com\/wp-content\/uploads\/2024\/02\/pasted-from-clipboard-8.png\" alt=\"\" class=\"wp-image-3163\" srcset=\"https:\/\/www.runesofmagic-infos.com\/wp-content\/uploads\/2024\/02\/pasted-from-clipboard-8.png 945w, https:\/\/www.runesofmagic-infos.com\/wp-content\/uploads\/2024\/02\/pasted-from-clipboard-8-300x39.png 300w, https:\/\/www.runesofmagic-infos.com\/wp-content\/uploads\/2024\/02\/pasted-from-clipboard-8-768x101.png 768w\" sizes=\"auto, (max-width: 945px) 100vw, 945px\" \/><\/figure>\n\n\n\n<p>W przeciwnym razie Slash pozbawi ci\u0119 furii. Powiniene\u015b zawsze zachowa\u0107 Furi\u0119 dla Uderzenia Bestii + Kontroli Impuls\u00f3w. <\/p>\n\n\n\n<p>Uwa\u017cny opiekun widzi t\u0119 Rot\u0119 i my\u015bli sobie: Hej. Gdzie jest na\u0142adowany cios? <\/p>\n\n\n\n<p>Jak wspomniano powy\u017cej, zawsze mo\u017cesz nacisn\u0105\u0107 normaln\u0105 umiej\u0119tno\u015b\u0107 opr\u00f3cz na\u0142adowanego ci\u0119cia. W\u0142a\u015bnie dlatego zapisujemy na\u0142adowane ci\u0119cie w samym makrze przed rotacj\u0105 kotka. <\/p>\n\n\n\n<p><strong>Makro:<\/strong><\/p>\n\n\n\n<p>\/zada\u0107 na\u0142adowany cios<\/p>\n\n\n\n<p>\/run Kitty.attack(&#8222;WdW_001&#8221;)<\/p>\n\n\n\n<p>\/przeprowad\u017a atak<\/p>\n\n\n\n<p><strong>Rotacja burst:<\/strong><\/p>\n\n\n\n<p>Aby uzyska\u0107 jeszcze lepszy DMG podczas korzystania z InI z pe\u0142nym wsparciem, mo\u017cna zbudowa\u0107 dodatkow\u0105 rotacj\u0119. W tym celu mo\u017cemy po prostu skopiowa\u0107 star\u0105 rotacj\u0119: <\/p>\n\n\n\n<figure class=\"wp-block-image size-full\"><img loading=\"lazy\" decoding=\"async\" width=\"725\" height=\"75\" src=\"https:\/\/www.runesofmagic-infos.com\/wp-content\/uploads\/2024\/02\/pasted-from-clipboard-7.png\" alt=\"\" class=\"wp-image-3158\" srcset=\"https:\/\/www.runesofmagic-infos.com\/wp-content\/uploads\/2024\/02\/pasted-from-clipboard-7.png 725w, https:\/\/www.runesofmagic-infos.com\/wp-content\/uploads\/2024\/02\/pasted-from-clipboard-7-300x31.png 300w\" sizes=\"auto, (max-width: 725px) 100vw, 725px\" \/><\/figure>\n\n\n\n<p>Nast\u0119pnie po prostu zmie\u0144 nazw\u0119 tego obrotu, aby makro rzeczywi\u015bcie kontrolowa\u0142o prawid\u0142owy obr\u00f3t:<\/p>\n\n\n\n<figure class=\"wp-block-image size-full\"><img loading=\"lazy\" decoding=\"async\" width=\"739\" height=\"67\" src=\"https:\/\/www.runesofmagic-infos.com\/wp-content\/uploads\/2024\/02\/pasted-from-clipboard-6.png\" alt=\"\" class=\"wp-image-3153\" srcset=\"https:\/\/www.runesofmagic-infos.com\/wp-content\/uploads\/2024\/02\/pasted-from-clipboard-6.png 739w, https:\/\/www.runesofmagic-infos.com\/wp-content\/uploads\/2024\/02\/pasted-from-clipboard-6-300x27.png 300w\" sizes=\"auto, (max-width: 739px) 100vw, 739px\" \/><\/figure>\n\n\n\n<p>Dla lepszego wykorzystania w trybie fullburst, dodajemy 2 dodatkowe stany w rotacji:<\/p>\n\n\n\n<p>Szalej\u0105ce zaro\u015bla:<\/p>\n\n\n\n<figure class=\"wp-block-image size-full\"><img loading=\"lazy\" decoding=\"async\" width=\"945\" height=\"121\" src=\"https:\/\/www.runesofmagic-infos.com\/wp-content\/uploads\/2024\/02\/pasted-from-clipboard-5.png\" alt=\"\" class=\"wp-image-3148\" srcset=\"https:\/\/www.runesofmagic-infos.com\/wp-content\/uploads\/2024\/02\/pasted-from-clipboard-5.png 945w, https:\/\/www.runesofmagic-infos.com\/wp-content\/uploads\/2024\/02\/pasted-from-clipboard-5-300x38.png 300w, https:\/\/www.runesofmagic-infos.com\/wp-content\/uploads\/2024\/02\/pasted-from-clipboard-5-768x98.png 768w\" sizes=\"auto, (max-width: 945px) 100vw, 945px\" \/><\/figure>\n\n\n\n<p>Kontrola impuls\u00f3w:<\/p>\n\n\n\n<figure class=\"wp-block-image size-full\"><img loading=\"lazy\" decoding=\"async\" width=\"945\" height=\"199\" src=\"https:\/\/www.runesofmagic-infos.com\/wp-content\/uploads\/2024\/02\/pasted-from-clipboard-4.png\" alt=\"\" class=\"wp-image-3143\" srcset=\"https:\/\/www.runesofmagic-infos.com\/wp-content\/uploads\/2024\/02\/pasted-from-clipboard-4.png 945w, https:\/\/www.runesofmagic-infos.com\/wp-content\/uploads\/2024\/02\/pasted-from-clipboard-4-300x63.png 300w, https:\/\/www.runesofmagic-infos.com\/wp-content\/uploads\/2024\/02\/pasted-from-clipboard-4-768x162.png 768w\" sizes=\"auto, (max-width: 945px) 100vw, 945px\" \/><\/figure>\n\n\n\n<p>Wszystkie pozosta\u0142e umiej\u0119tno\u015bci pozostaj\u0105 bez zmian.<\/p>\n\n\n\n<p><strong>Makro dla 2. obrotu:<\/strong><\/p>\n\n\n\n<p>\/zada\u0107 na\u0142adowany cios<\/p>\n\n\n\n<p>\/run Kitty.attack(&#8222;WdW_Burst&#8221;)<\/p>\n\n\n\n<p>\/przeprowad\u017a atak<\/p>\n\n\n\n<h2 class=\"wp-block-heading\"><a href=\"\"><\/a>&nbsp;&nbsp;&nbsp;&nbsp;o Kitty Rotation Keeper Scout:<\/h2>\n\n\n\n<p><strong>Przegl\u0105d Kitty:<\/strong><\/p>\n\n\n\n<figure class=\"wp-block-image size-full\"><img loading=\"lazy\" decoding=\"async\" width=\"945\" height=\"864\" src=\"https:\/\/www.runesofmagic-infos.com\/wp-content\/uploads\/2024\/02\/pasted-from-clipboard-3.png\" alt=\"\" class=\"wp-image-3138\" srcset=\"https:\/\/www.runesofmagic-infos.com\/wp-content\/uploads\/2024\/02\/pasted-from-clipboard-3.png 945w, https:\/\/www.runesofmagic-infos.com\/wp-content\/uploads\/2024\/02\/pasted-from-clipboard-3-300x274.png 300w, https:\/\/www.runesofmagic-infos.com\/wp-content\/uploads\/2024\/02\/pasted-from-clipboard-3-768x702.png 768w\" sizes=\"auto, (max-width: 945px) 100vw, 945px\" \/><\/figure>\n\n\n\n<p><strong>Stanowi, co nast\u0119puje:<\/strong><\/p>\n\n\n\n<p>Strza\u0142a wampira + strza\u0142a antymagiczna:<\/p>\n\n\n\n<figure class=\"wp-block-image size-full\"><img loading=\"lazy\" decoding=\"async\" width=\"945\" height=\"133\" src=\"https:\/\/www.runesofmagic-infos.com\/wp-content\/uploads\/2024\/02\/pasted-from-clipboard-2-1.png\" alt=\"\" class=\"wp-image-3133\" srcset=\"https:\/\/www.runesofmagic-infos.com\/wp-content\/uploads\/2024\/02\/pasted-from-clipboard-2-1.png 945w, https:\/\/www.runesofmagic-infos.com\/wp-content\/uploads\/2024\/02\/pasted-from-clipboard-2-1-300x42.png 300w, https:\/\/www.runesofmagic-infos.com\/wp-content\/uploads\/2024\/02\/pasted-from-clipboard-2-1-768x108.png 768w\" sizes=\"auto, (max-width: 945px) 100vw, 945px\" \/><\/figure>\n\n\n\n<p>Wszystko inne jest regulowane przez ch\u0142odzenie.<\/p>\n\n\n\n<p>Oczywi\u015bcie mo\u017cna r\u00f3wnie\u017c wprowadzi\u0107 odpowiednie ustawienia dla pe\u0142nego wybuchu dla tej klasy. Zasada dzia\u0142ania i stany s\u0105 takie same jak w przypadku stra\u017cnika\/wojownika. (z wyj\u0105tkiem, oczywi\u015bcie, pomini\u0119cia cz\u0119\u015bci z kontrol\u0105 impuls\u00f3w) Dlatego nie b\u0119d\u0119 wchodzi\u0142 w wi\u0119cej szczeg\u00f3\u0142\u00f3w w tym momencie.   <\/p>\n\n\n\n<h1 class=\"wp-block-heading\">\u00b7&nbsp;&nbsp;&nbsp;&nbsp;&nbsp;&nbsp;&nbsp;Buffrotationen<\/h1>\n\n\n\n<h2 class=\"wp-block-heading\"><a href=\"\"><\/a>&nbsp;&nbsp;&nbsp;&nbsp;o Rotacja bossa DD Preserver\/Warrior:<\/h2>\n\n\n\n<p>Kanapka z kawiorem<\/p>\n\n\n\n<p>Odzyskiwanie energii poprzez odlewanie<\/p>\n\n\n\n<p>Berserker<\/p>\n\n\n\n<p>Proszek odpoczynkowy (je\u015bli korzystasz z 2. Bewa\/Wojownika, mo\u017cesz go pomin\u0105\u0107)<\/p>\n\n\n\n<p>Rozpocz\u0119cie odtwarzania muzyki<\/p>\n\n\n\n<p>Dzika moc<\/p>\n\n\n\n<p>Eksplozja mocy<\/p>\n\n\n\n<p>Silny \u015brodek pobudzaj\u0105cy<\/p>\n\n\n\n<p>Poczekaj, a\u017c muzyka si\u0119 sko\u0144czy<\/p>\n\n\n\n<p>Zaciek\u0142y lider<\/p>\n\n\n\n<p>Eliksir anuluj\u0105cy<\/p>\n\n\n\n<p>Tytu\u0142 BK<\/p>\n\n\n\n<p>Mikstura uniwersalna (je\u015bli nie musisz za\u017cywa\u0107 proszku wypoczynkowego, mo\u017cna go zast\u0105pi\u0107 si\u0142\u0105 bojow\u0105)<\/p>\n\n\n\n<p>Tarnowanie<\/p>\n\n\n\n<p>Poch\u0142anianie energii<\/p>\n\n\n\n<p>Zam\u0119t chciwo\u015bci<\/p>\n\n\n\n<p>Nast\u0119pnie przejd\u017a przez rotacj\u0119.<\/p>\n\n\n\n<h2 class=\"wp-block-heading\"><a href=\"\"><\/a>&nbsp;&nbsp;&nbsp;&nbsp;o Bossrota Keeper\/Customer:<\/h2>\n\n\n\n<p>Kanapka z kawiorem<\/p>\n\n\n\n<p>Rozpocz\u0119cie odtwarzania muzyki<\/p>\n\n\n\n<p>Krwawa strza\u0142a<\/p>\n\n\n\n<p>Dzika moc<\/p>\n\n\n\n<p>Eksplozja mocy<\/p>\n\n\n\n<p>Poczekaj, a\u017c muzyka si\u0119 sko\u0144czy<\/p>\n\n\n\n<p>Moc d\u0119bu<\/p>\n\n\n\n<p>Silny \u015brodek pobudzaj\u0105cy<\/p>\n\n\n\n<p>Zwi\u0119kszenie morale<\/p>\n\n\n\n<p>Eliksir anuluj\u0105cy<\/p>\n\n\n\n<p>Tytu\u0142 BK<\/p>\n\n\n\n<p>Tarnowanie<\/p>\n\n\n\n<p>Poch\u0142anianie energii<\/p>\n\n\n\n<h2 class=\"wp-block-heading\"><a href=\"\"><\/a>&nbsp;&nbsp;&nbsp;&nbsp;o Opiekun\/wojownik czo\u0142gu z rotacj\u0105 boss\u00f3w:<\/h2>\n\n\n\n<p>Zasadniczo 1:1 tak samo jak w przypadku DD, z tym wyj\u0105tkiem, \u017ce powiniene\u015b r\u00f3wnie\u017c odpowiednio rotowa\u0107 umiej\u0119tno\u015bciami obronnymi.<\/p>\n\n\n\n<p>I nie zapomnij o duchu d\u0119bu!<\/p>\n\n\n\n<h1 class=\"wp-block-heading\">\u00b7&nbsp;&nbsp;&nbsp;&nbsp;&nbsp;&nbsp;&nbsp;Bufffood:<\/h1>\n\n\n\n<p>Standardowe wzmocnienia DD s\u0105 prawie zawsze wystarczaj\u0105ce.<\/p>\n\n\n\n<p>Pokoj\u00f3wka Patk<\/p>\n\n\n\n<p>Atrybuty jedzenia weselnego i Dex\/Str\/Patk<\/p>\n\n\n\n<p>Transformacja: Str\/Dex 20% lub podobne.<\/p>\n\n\n\n<p>Eliksir heroiczny<\/p>\n\n\n\n<p>Patk\/dmg Food<\/p>\n\n\n\n<p>Wszystko inne zale\u017cy od grupy. Zasadniczo: im wi\u0119cej patk\u00f3w, tym lepiej. <\/p>\n\n\n\n<p>Jako tank nadal mo\u017cesz wzi\u0105\u0107 tort urodzinowy i szkar\u0142atn\u0105 mi\u0142o\u015b\u0107, a tak\u017ce wszystko, co daje P\u017b\/obron\u0119.<\/p>\n\n\n\n<p>Dodatkowo, nawet je\u015bli niekoniecznie liczy si\u0119 jako buff food:&nbsp;Klasa ta potrzebuje du\u017co many, wi\u0119c zawsze trzymaj mikstury many na CD \ud83d\ude0a.<\/p>\n","protected":false},"excerpt":{"rendered":"<p>\u00b7&nbsp;&nbsp;&nbsp;&nbsp;&nbsp;&nbsp;&nbsp;Allgemeines Konserwatorzy s\u0105 klas\u0105 czo\u0142g\u00f3w w\u015br\u00f3d elf\u00f3w, ale zw\u0142aszcza jako \/wojownik lub \/zwiadowca nadaj\u0105 si\u0119 szczeg\u00f3lnie jako DD. Nawet je\u015bli zostaniesz tankiem z kilkoma dodatkowymi wzmocnieniami. (Przynajmniej na \/Warrior) Niniejszy przewodnik skupia si\u0119 g\u0142\u00f3wnie na Bewa jako DD. Egzotyczne kombinacje, takie jak \/Dudu, s\u0105 na razie wykluczone. Chocia\u017c te kombinacje [&hellip;]<\/p>\n","protected":false},"author":1,"featured_media":0,"parent":0,"menu_order":0,"comment_status":"closed","ping_status":"closed","template":"","meta":{"footnotes":""},"class_list":["post-3190","page","type-page","status-publish","hentry"],"yoast_head":"<!-- This site is optimized with the Yoast SEO plugin v27.4 - https:\/\/yoast.com\/product\/yoast-seo-wordpress\/ -->\n<title>Konserwator - Runes of Magic-Infos<\/title>\n<meta name=\"robots\" content=\"index, follow, max-snippet:-1, max-image-preview:large, max-video-preview:-1\" \/>\n<link rel=\"canonical\" href=\"https:\/\/www.runesofmagic-infos.com\/pl\/konserwator\/\" \/>\n<meta property=\"og:locale\" content=\"pl_PL\" \/>\n<meta property=\"og:type\" content=\"article\" \/>\n<meta property=\"og:title\" content=\"Konserwator - Runes of Magic-Infos\" \/>\n<meta property=\"og:description\" content=\"\u00b7&nbsp;&nbsp;&nbsp;&nbsp;&nbsp;&nbsp;&nbsp;Allgemeines Konserwatorzy s\u0105 klas\u0105 czo\u0142g\u00f3w w\u015br\u00f3d elf\u00f3w, ale zw\u0142aszcza jako \/wojownik lub \/zwiadowca nadaj\u0105 si\u0119 szczeg\u00f3lnie jako DD. Nawet je\u015bli zostaniesz tankiem z kilkoma dodatkowymi wzmocnieniami. (Przynajmniej na \/Warrior) Niniejszy przewodnik skupia si\u0119 g\u0142\u00f3wnie na Bewa jako DD. Egzotyczne kombinacje, takie jak \/Dudu, s\u0105 na razie wykluczone. Chocia\u017c te kombinacje [&hellip;]\" \/>\n<meta property=\"og:url\" content=\"https:\/\/www.runesofmagic-infos.com\/pl\/konserwator\/\" \/>\n<meta property=\"og:site_name\" content=\"Runes of Magic-Infos\" \/>\n<meta property=\"article:modified_time\" content=\"2024-10-16T17:41:22+00:00\" \/>\n<meta property=\"og:image\" content=\"https:\/\/www.runesofmagic-infos.com\/wp-content\/uploads\/2024\/02\/pasted-from-clipboard-11.png\" \/>\n\t<meta property=\"og:image:width\" content=\"945\" \/>\n\t<meta property=\"og:image:height\" content=\"863\" \/>\n\t<meta property=\"og:image:type\" content=\"image\/png\" \/>\n<meta name=\"twitter:card\" content=\"summary_large_image\" \/>\n<meta name=\"twitter:label1\" content=\"Szacowany czas czytania\" \/>\n\t<meta name=\"twitter:data1\" content=\"5 minut\" \/>\n<script type=\"application\/ld+json\" class=\"yoast-schema-graph\">{\"@context\":\"https:\\\/\\\/schema.org\",\"@graph\":[{\"@type\":\"WebPage\",\"@id\":\"https:\\\/\\\/www.runesofmagic-infos.com\\\/pl\\\/konserwator\\\/\",\"url\":\"https:\\\/\\\/www.runesofmagic-infos.com\\\/pl\\\/konserwator\\\/\",\"name\":\"Konserwator - Runes of Magic-Infos\",\"isPartOf\":{\"@id\":\"https:\\\/\\\/www.runesofmagic-infos.com\\\/pl\\\/#website\"},\"primaryImageOfPage\":{\"@id\":\"https:\\\/\\\/www.runesofmagic-infos.com\\\/pl\\\/konserwator\\\/#primaryimage\"},\"image\":{\"@id\":\"https:\\\/\\\/www.runesofmagic-infos.com\\\/pl\\\/konserwator\\\/#primaryimage\"},\"thumbnailUrl\":\"https:\\\/\\\/www.runesofmagic-infos.com\\\/wp-content\\\/uploads\\\/2024\\\/02\\\/pasted-from-clipboard-11.png\",\"datePublished\":\"2024-02-24T19:23:58+00:00\",\"dateModified\":\"2024-10-16T17:41:22+00:00\",\"breadcrumb\":{\"@id\":\"https:\\\/\\\/www.runesofmagic-infos.com\\\/pl\\\/konserwator\\\/#breadcrumb\"},\"inLanguage\":\"pl-PL\",\"potentialAction\":[{\"@type\":\"ReadAction\",\"target\":[\"https:\\\/\\\/www.runesofmagic-infos.com\\\/pl\\\/konserwator\\\/\"]}]},{\"@type\":\"ImageObject\",\"inLanguage\":\"pl-PL\",\"@id\":\"https:\\\/\\\/www.runesofmagic-infos.com\\\/pl\\\/konserwator\\\/#primaryimage\",\"url\":\"https:\\\/\\\/www.runesofmagic-infos.com\\\/wp-content\\\/uploads\\\/2024\\\/02\\\/pasted-from-clipboard-11.png\",\"contentUrl\":\"https:\\\/\\\/www.runesofmagic-infos.com\\\/wp-content\\\/uploads\\\/2024\\\/02\\\/pasted-from-clipboard-11.png\"},{\"@type\":\"BreadcrumbList\",\"@id\":\"https:\\\/\\\/www.runesofmagic-infos.com\\\/pl\\\/konserwator\\\/#breadcrumb\",\"itemListElement\":[{\"@type\":\"ListItem\",\"position\":1,\"name\":\"Startseite\",\"item\":\"https:\\\/\\\/www.runesofmagic-infos.com\\\/pl\\\/\"},{\"@type\":\"ListItem\",\"position\":2,\"name\":\"Konserwator\"}]},{\"@type\":\"WebSite\",\"@id\":\"https:\\\/\\\/www.runesofmagic-infos.com\\\/pl\\\/#website\",\"url\":\"https:\\\/\\\/www.runesofmagic-infos.com\\\/pl\\\/\",\"name\":\"Runes of Magic-Infos\",\"description\":\"\",\"publisher\":{\"@id\":\"https:\\\/\\\/www.runesofmagic-infos.com\\\/pl\\\/#organization\"},\"potentialAction\":[{\"@type\":\"SearchAction\",\"target\":{\"@type\":\"EntryPoint\",\"urlTemplate\":\"https:\\\/\\\/www.runesofmagic-infos.com\\\/pl\\\/?s={search_term_string}\"},\"query-input\":{\"@type\":\"PropertyValueSpecification\",\"valueRequired\":true,\"valueName\":\"search_term_string\"}}],\"inLanguage\":\"pl-PL\"},{\"@type\":\"Organization\",\"@id\":\"https:\\\/\\\/www.runesofmagic-infos.com\\\/pl\\\/#organization\",\"name\":\"Runes of Magic-Infos\",\"url\":\"https:\\\/\\\/www.runesofmagic-infos.com\\\/pl\\\/\",\"logo\":{\"@type\":\"ImageObject\",\"inLanguage\":\"pl-PL\",\"@id\":\"https:\\\/\\\/www.runesofmagic-infos.com\\\/pl\\\/#\\\/schema\\\/logo\\\/image\\\/\",\"url\":\"https:\\\/\\\/www.runesofmagic-infos.com\\\/wp-content\\\/uploads\\\/2024\\\/01\\\/ROM-Infos-Original-Logo.png\",\"contentUrl\":\"https:\\\/\\\/www.runesofmagic-infos.com\\\/wp-content\\\/uploads\\\/2024\\\/01\\\/ROM-Infos-Original-Logo.png\",\"width\":2329,\"height\":1721,\"caption\":\"Runes of Magic-Infos\"},\"image\":{\"@id\":\"https:\\\/\\\/www.runesofmagic-infos.com\\\/pl\\\/#\\\/schema\\\/logo\\\/image\\\/\"}}]}<\/script>\n<!-- \/ Yoast SEO plugin. -->","yoast_head_json":{"title":"Konserwator - Runes of Magic-Infos","robots":{"index":"index","follow":"follow","max-snippet":"max-snippet:-1","max-image-preview":"max-image-preview:large","max-video-preview":"max-video-preview:-1"},"canonical":"https:\/\/www.runesofmagic-infos.com\/pl\/konserwator\/","og_locale":"pl_PL","og_type":"article","og_title":"Konserwator - Runes of Magic-Infos","og_description":"\u00b7&nbsp;&nbsp;&nbsp;&nbsp;&nbsp;&nbsp;&nbsp;Allgemeines Konserwatorzy s\u0105 klas\u0105 czo\u0142g\u00f3w w\u015br\u00f3d elf\u00f3w, ale zw\u0142aszcza jako \/wojownik lub \/zwiadowca nadaj\u0105 si\u0119 szczeg\u00f3lnie jako DD. Nawet je\u015bli zostaniesz tankiem z kilkoma dodatkowymi wzmocnieniami. (Przynajmniej na \/Warrior) Niniejszy przewodnik skupia si\u0119 g\u0142\u00f3wnie na Bewa jako DD. Egzotyczne kombinacje, takie jak \/Dudu, s\u0105 na razie wykluczone. Chocia\u017c te kombinacje [&hellip;]","og_url":"https:\/\/www.runesofmagic-infos.com\/pl\/konserwator\/","og_site_name":"Runes of Magic-Infos","article_modified_time":"2024-10-16T17:41:22+00:00","og_image":[{"width":945,"height":863,"url":"https:\/\/www.runesofmagic-infos.com\/wp-content\/uploads\/2024\/02\/pasted-from-clipboard-11.png","type":"image\/png"}],"twitter_card":"summary_large_image","twitter_misc":{"Szacowany czas czytania":"5 minut"},"schema":{"@context":"https:\/\/schema.org","@graph":[{"@type":"WebPage","@id":"https:\/\/www.runesofmagic-infos.com\/pl\/konserwator\/","url":"https:\/\/www.runesofmagic-infos.com\/pl\/konserwator\/","name":"Konserwator - Runes of Magic-Infos","isPartOf":{"@id":"https:\/\/www.runesofmagic-infos.com\/pl\/#website"},"primaryImageOfPage":{"@id":"https:\/\/www.runesofmagic-infos.com\/pl\/konserwator\/#primaryimage"},"image":{"@id":"https:\/\/www.runesofmagic-infos.com\/pl\/konserwator\/#primaryimage"},"thumbnailUrl":"https:\/\/www.runesofmagic-infos.com\/wp-content\/uploads\/2024\/02\/pasted-from-clipboard-11.png","datePublished":"2024-02-24T19:23:58+00:00","dateModified":"2024-10-16T17:41:22+00:00","breadcrumb":{"@id":"https:\/\/www.runesofmagic-infos.com\/pl\/konserwator\/#breadcrumb"},"inLanguage":"pl-PL","potentialAction":[{"@type":"ReadAction","target":["https:\/\/www.runesofmagic-infos.com\/pl\/konserwator\/"]}]},{"@type":"ImageObject","inLanguage":"pl-PL","@id":"https:\/\/www.runesofmagic-infos.com\/pl\/konserwator\/#primaryimage","url":"https:\/\/www.runesofmagic-infos.com\/wp-content\/uploads\/2024\/02\/pasted-from-clipboard-11.png","contentUrl":"https:\/\/www.runesofmagic-infos.com\/wp-content\/uploads\/2024\/02\/pasted-from-clipboard-11.png"},{"@type":"BreadcrumbList","@id":"https:\/\/www.runesofmagic-infos.com\/pl\/konserwator\/#breadcrumb","itemListElement":[{"@type":"ListItem","position":1,"name":"Startseite","item":"https:\/\/www.runesofmagic-infos.com\/pl\/"},{"@type":"ListItem","position":2,"name":"Konserwator"}]},{"@type":"WebSite","@id":"https:\/\/www.runesofmagic-infos.com\/pl\/#website","url":"https:\/\/www.runesofmagic-infos.com\/pl\/","name":"Runes of Magic-Infos","description":"","publisher":{"@id":"https:\/\/www.runesofmagic-infos.com\/pl\/#organization"},"potentialAction":[{"@type":"SearchAction","target":{"@type":"EntryPoint","urlTemplate":"https:\/\/www.runesofmagic-infos.com\/pl\/?s={search_term_string}"},"query-input":{"@type":"PropertyValueSpecification","valueRequired":true,"valueName":"search_term_string"}}],"inLanguage":"pl-PL"},{"@type":"Organization","@id":"https:\/\/www.runesofmagic-infos.com\/pl\/#organization","name":"Runes of Magic-Infos","url":"https:\/\/www.runesofmagic-infos.com\/pl\/","logo":{"@type":"ImageObject","inLanguage":"pl-PL","@id":"https:\/\/www.runesofmagic-infos.com\/pl\/#\/schema\/logo\/image\/","url":"https:\/\/www.runesofmagic-infos.com\/wp-content\/uploads\/2024\/01\/ROM-Infos-Original-Logo.png","contentUrl":"https:\/\/www.runesofmagic-infos.com\/wp-content\/uploads\/2024\/01\/ROM-Infos-Original-Logo.png","width":2329,"height":1721,"caption":"Runes of Magic-Infos"},"image":{"@id":"https:\/\/www.runesofmagic-infos.com\/pl\/#\/schema\/logo\/image\/"}}]}},"_links":{"self":[{"href":"https:\/\/www.runesofmagic-infos.com\/pl\/wp-json\/wp\/v2\/pages\/3190","targetHints":{"allow":["GET"]}}],"collection":[{"href":"https:\/\/www.runesofmagic-infos.com\/pl\/wp-json\/wp\/v2\/pages"}],"about":[{"href":"https:\/\/www.runesofmagic-infos.com\/pl\/wp-json\/wp\/v2\/types\/page"}],"author":[{"embeddable":true,"href":"https:\/\/www.runesofmagic-infos.com\/pl\/wp-json\/wp\/v2\/users\/1"}],"replies":[{"embeddable":true,"href":"https:\/\/www.runesofmagic-infos.com\/pl\/wp-json\/wp\/v2\/comments?post=3190"}],"version-history":[{"count":3,"href":"https:\/\/www.runesofmagic-infos.com\/pl\/wp-json\/wp\/v2\/pages\/3190\/revisions"}],"predecessor-version":[{"id":4649,"href":"https:\/\/www.runesofmagic-infos.com\/pl\/wp-json\/wp\/v2\/pages\/3190\/revisions\/4649"}],"wp:attachment":[{"href":"https:\/\/www.runesofmagic-infos.com\/pl\/wp-json\/wp\/v2\/media?parent=3190"}],"curies":[{"name":"wp","href":"https:\/\/api.w.org\/{rel}","templated":true}]}}