{"id":2804,"date":"2023-09-17T16:02:27","date_gmt":"2023-09-17T16:02:27","guid":{"rendered":"https:\/\/www.runesofmagic-infos.com\/przydatne-linki-do-rom\/"},"modified":"2024-08-21T15:48:24","modified_gmt":"2024-08-21T15:48:24","slug":"przydatne-linki-do-rom","status":"publish","type":"page","link":"https:\/\/www.runesofmagic-infos.com\/pl\/przydatne-linki-do-rom\/","title":{"rendered":"Przydatne linki do ROM"},"content":{"rendered":"\n<p><br>&nbsp;<br>&nbsp;<br>&nbsp;<br>&nbsp;-Og\u00f3lne\/nieposortowane- *<a href=\"https:\/\/runesofmagic.gamepedia.com\/Runes_of_Magic_Wiki\" rel=\"noreferrer noopener\" target=\"_blank\">Runes of Magic Wiki (angielski)<\/a> *<a href=\"https:\/\/docs.google.com\/spreadsheets\/d\/1AmUx-m_GtRLCrrqcnYseFvS_dHlG4in9H_FegWBGas8\/edit?usp=sharing\" rel=\"noreferrer noopener\" target=\"_blank\">zalecane dodatki<\/a> *<a href=\"https:\/\/docs.google.com\/spreadsheets\/d\/1sAn0zO3lxVkuI0yFvdSKPspLAmxD5g5mLEfH7hpyQCY\/edit?usp=sharing\" rel=\"noreferrer noopener\" target=\"_blank\">Makra<\/a> *<a href=\"https:\/\/docs.google.com\/spreadsheets\/d\/16gWjp8RvTtp91ThpzxKzOoWsQQSnlnLlQkDsful8c0c\/edit?usp=sharing\" rel=\"noreferrer noopener\" target=\"_blank\">przydatne polecenia tekstowe<\/a><\/p>\n\n\n\n<p><br>-wa\u017cne linie zada\u0144- *.&nbsp;&nbsp;M<a href=\"http:\/\/alliumsativum.de\/info\/RoM\/Quests\/MorrokWallinder.html\" rel=\"noreferrer noopener\" target=\"_blank\">orrok po Claudia\/Alliumsativum<\/a> -.&nbsp;<br>S<a href=\"https:\/\/docs.google.com\/spreadsheets\/d\/1X3kSXzbgBh9gO4msgx6k44jP9VdaYXgo6s78PIUOs_8\/edit?usp=sharing\" rel=\"noreferrer noopener\" target=\"_blank\">eria zada\u0144 Morrok &amp; Toni (zoptymalizowana trasa)<\/a> *&nbsp;<br>V<a href=\"https:\/\/runesofmagic.gamepedia.com\/Vahtos%27_Apprentice_(Quest_Series)\" rel=\"noreferrer noopener\" target=\"_blank\">ahtos &#8211; Zestaw bi\u017cuterii<\/a> *&nbsp;&nbsp;T<a href=\"https:\/\/legacy.zam.com\/wiki\/Challenge_of_the_Arctic_Training_Battalion_%28RoM_Quest%29\" rel=\"noreferrer noopener\" target=\"_blank\">orba z nagrodami 35-50 (linia zada\u0144)<\/a> &#8211;&nbsp;&nbsp;p<a href=\"https:\/\/www.youtube.com\/watch?v=OEGoHy7SXiE\" rel=\"noreferrer noopener\" target=\"_blank\">asuj\u0105ce wideo<\/a> &#8211;&nbsp;<br>Z<a href=\"https:\/\/docs.google.com\/spreadsheets\/d\/194E0ri7ycDKdIgujCdr_PsGYuftw96f-OcSSEXyMjpI\/edit?usp=sharing\" rel=\"noreferrer noopener\" target=\"_blank\">awarto\u015b\u0107 torby<\/a> * Torba na sprz\u0119t:&nbsp;&nbsp;L<a href=\"https:\/\/runesofmagic.gamepedia.com\/Other_Secrets\" rel=\"noreferrer noopener\" target=\"_blank\">v.48 (ekwipunek 50)<\/a> &#8211;&nbsp;&nbsp;L<a href=\"https:\/\/runesofmagic.gamepedia.com\/Rewards_for_Students\" rel=\"noreferrer noopener\" target=\"_blank\">v.53 (wyposa\u017cenie 55)<\/a> &#8211;&nbsp;&nbsp;<br>L<a href=\"https:\/\/runesofmagic.gamepedia.com\/Lance%27s_Support\" rel=\"noreferrer noopener\" target=\"_blank\">v.58 (Equip 60)<\/a> &#8211; ka\u017cdy zawiera zestaw wyposa\u017cenia odpowiadaj\u0105cy poziomowi *.&nbsp;&nbsp;E<a href=\"http:\/\/alliumsativum.de\/info\/RoM\/Quests\/EliteQuests.html\" rel=\"noreferrer noopener\" target=\"_blank\">litarna seria zada\u0144 zr\u0119czno\u015bciowych na poziomie 60 i 70 lvl<\/a> &#8211;&nbsp;<br>O<a href=\"https:\/\/runesofmagic.fandom.com\/wiki\/Young_instructor_of_the_true_dragons\" rel=\"noreferrer noopener\" target=\"_blank\">dpowiedzi dla elity lat 70-tych Q1<\/a> *&nbsp;<br>Z<a href=\"https:\/\/forum.runesofmagic.gameforge.com\/forum\/thread\/8594-prequest-attunement-guide-for-locked-low-level-instances\/\">adania wst\u0119pne instancji<\/a> *&nbsp;&nbsp;M<a href=\"https:\/\/forum.runesofmagic.gameforge.com\/forum\/thread\/415-spiegelwelt-guide\/\">irror Worlds Access Quest Series<\/a> &#8211;&nbsp;<br>P<a href=\"https:\/\/runesofmagic.gamepedia.com\/File:Location.png\" rel=\"noreferrer noopener\" target=\"_blank\">unkty odrodzenia postaci niezale\u017cnej na wyspie elf\u00f3w<\/a> *.&nbsp;<a href=\"https:\/\/forum.runesofmagic.gameforge.com\/forum\/thread\/7005-shield-form\/\"><a href=\"https:\/\/forum.runesofmagic.gameforge.com\/forum\/thread\/7005-shield-form\/\">Prequele dla formularza Tarczy Czempiona<\/a><\/a><\/p>\n\n\n\n<p><br>-Event-Guides- *.&nbsp;<br>P<a href=\"https:\/\/forum.runesofmagic.gameforge.com\/forum\/thread\/340-%C3%BCbersicht-der-festivals\/\">rzegl\u0105d festiwali<\/a> * E01: Festiwal Ognia &#8211;&nbsp;<br>P<a href=\"https:\/\/runesofmagic.gamepedia.com\/Category:Festival_of_Fire\" rel=\"noreferrer noopener\" target=\"_blank\">rzewodnik<\/a> * E02: Festiwal kwiat\u00f3w &#8211;&nbsp;&nbsp;O<a href=\"https:\/\/forum.runesofmagic.gameforge.com\/forum\/thread\/7926-patch-7-4-0-2925-blumenfest\/?postID=67813\">g\u0142oszenie 2021<\/a> &#8211;&nbsp;<br>P<a href=\"https:\/\/forum.runesofmagic.gameforge.com\/forum\/thread\/370-guide-blumenfest\/?postID=734\">rzewodnik<\/a> * E03: Impreza urodzinowa &#8211;&nbsp;&nbsp;O<a href=\"https:\/\/forum.runesofmagic.gameforge.com\/forum\/thread\/8145-patch-7-4-0-2926-12-jubil%C3%A4umsevent\/\">g\u0142oszenie 2021<\/a> &#8211;&nbsp;<br>P<a href=\"https:\/\/forum.runesofmagic.gameforge.com\/forum\/thread\/393-guide-jubil%C3%A4umsevent\/\">rzewodnik<\/a> * E04: Wiosenny festiwal deszczu (w\u0142a\u015bciwie Wielkanoc &#8230;) &#8211;&nbsp;&nbsp;O<a href=\"https:\/\/forum.runesofmagic.gameforge.com\/forum\/thread\/8243-patch-7-4-0-2927-fr%C3%BChlingsregen-fest\/\">g\u0142oszenie 2021<\/a> &#8211;&nbsp;<br>P<a href=\"https:\/\/forum.runesofmagic.gameforge.com\/forum\/thread\/459-guide-fr%C3%BChlingsregen-fest-osterevent\/\">rzewodnik<\/a> * E05: Liederfest -&#8230;&nbsp;&nbsp;O<a href=\"https:\/\/forum.runesofmagic.gameforge.com\/forum\/thread\/8342-patch-7-4-0-2929-liederfest\/\">g\u0142oszenie 2021<\/a> &#8211;&nbsp;<br>P<a href=\"https:\/\/forum.runesofmagic.gameforge.com\/forum\/thread\/460-guide-liederfest\/\">rzewodnik<\/a> * E06: Festiwal rzemios\u0142a &#8211;&nbsp;&nbsp;O<a href=\"https:\/\/forum.runesofmagic.gameforge.com\/forum\/thread\/8412-patch-7-4-0-2933-handwerksfest\/\">g\u0142oszenie 2021<\/a> &#8211;&nbsp;<br>P<a href=\"https:\/\/forum.runesofmagic.gameforge.com\/forum\/thread\/591-guide-handwerksfest\/\">rzewodnik<\/a> * E07: Festiwal tkania kolor\u00f3w &#8211;&nbsp;&nbsp;O<a href=\"https:\/\/forum.runesofmagic.gameforge.com\/forum\/thread\/8519-patch-7-4-0-2940-farbweberfest\/\">g\u0142oszenie 2021<\/a> &#8211;&nbsp;<br>P<a href=\"https:\/\/forum.runesofmagic.gameforge.com\/forum\/thread\/2182-guide-farbweberfest\/\">rzewodnik<\/a> * E08:&nbsp;<br>B<a href=\"https:\/\/docs.google.com\/spreadsheets\/d\/16h5Gb1QbhqWQ8S_eHlM7P9l7uDp7jgHgTznXbiMWMoU\/edit?usp=sharing\" rel=\"noreferrer noopener\" target=\"_blank\">ajkowe wydarzenie<\/a> * E09:&nbsp;<br>S<a href=\"https:\/\/docs.google.com\/spreadsheets\/d\/1rcbspeeEOny3YT9f6U6SIdA7_So0lC_A8ydRhHBCW2g\/edit?usp=sharing\" rel=\"noreferrer noopener\" target=\"_blank\">aftfest<\/a> * E10:&nbsp;<br>F<a href=\"https:\/\/seelentrinker.iphpbb3.com\/forum\/27010813nx46249\/addons-guides-und-informationen-f47\/event-guide-kuerbisfest-t619.html\" rel=\"noreferrer noopener\" target=\"_blank\">estiwal dyni<\/a> * E11:&nbsp;<br>J<a href=\"https:\/\/seelentrinker.iphpbb3.com\/forum\/27010813nx46249\/addons-guides-und-informationen-f47\/event-guide-herbstbankett-t641.html\" rel=\"noreferrer noopener\" target=\"_blank\">esienny bankiet<\/a> * E12:&nbsp;&nbsp;F<a href=\"http:\/\/www.info-inferno.de\/viewtopic.php?t=2234\" rel=\"noreferrer noopener\" target=\"_blank\">estiwal p\u0142atk\u00f3w \u015bniegu<\/a> +&nbsp;<br>P<a href=\"https:\/\/www.youtube.com\/watch?v=ONI89oCZ0kY\" rel=\"noreferrer noopener\" target=\"_blank\">hirius-Oheim-Video<\/a> * Nawiedzony dom:&nbsp;<br>M<a href=\"https:\/\/www.zupimages.net\/up\/20\/44\/x1p0.png\" rel=\"noreferrer noopener\" target=\"_blank\">apa z sugerowan\u0105 tras\u0105<\/a> * Labirynt Daseins:&nbsp;&nbsp;W<a href=\"https:\/\/www.youtube.com\/watch?v=BJ88Wpf49xc\" rel=\"noreferrer noopener\" target=\"_blank\">ideo<\/a> &#8211;&nbsp;<a href=\"https:\/\/forum.runesofmagic.gameforge.com\/forum\/thread\/5081-dasein-s-labyrinth\/?postID=47617&amp;highlight=dasein#post47617\"><a href=\"https:\/\/forum.runesofmagic.gameforge.com\/forum\/thread\/5081-dasein-s-labyrinth\/?postID=47617&amp;highlight=dasein#post47617\">Przewodnik\/nagrody<\/a><\/a><\/p>\n\n\n\n<p><br>&nbsp;<br>&nbsp;-Pet-Infos- * Petskill-Overview *<a href=\"http:\/\/www.14m1337.de\/rom\/Pet-Tutorial.pdf\" rel=\"noreferrer noopener\" target=\"_blank\">PDF:<\/a><br>&nbsp; B<a href=\"http:\/\/www.14m1337.de\/rom\/Pet-Tutorial.pdf\" rel=\"noreferrer noopener\" target=\"_blank\">ig Pet-Tutorial<\/a> *<a href=\"http:\/\/www.14m1337.de\/rom\/Pet-Skill-List.pdf\" rel=\"noreferrer noopener\" target=\"_blank\">PDF:<\/a><br>&nbsp; P<a href=\"http:\/\/www.14m1337.de\/rom\/Pet-Skill-List.pdf\" rel=\"noreferrer noopener\" target=\"_blank\">etskill-Overview<\/a> *<a href=\"http:\/\/www.14m1337.de\/rom\/Pet-Talks.pdf\" rel=\"noreferrer noopener\" target=\"_blank\">PDF:<\/a><br>&nbsp; K<a href=\"http:\/\/www.14m1337.de\/rom\/Pet-Talks.pdf\" rel=\"noreferrer noopener\" target=\"_blank\">iedy zwierzak chce z tob\u0105 porozmawia\u0107&#8230;<\/a> *<a href=\"http:\/\/www.alliumsativum.de\/info\/RoM\/Begleiter\/Sternenbegleiter.html\" rel=\"noreferrer noopener\" target=\"_blank\">Star companion<\/a><\/p>\n\n\n\n<p><br>&nbsp;<br>&nbsp;-BK-Title- * BK-Title-Tree * BK-Title-Macros<a href=\"http:\/\/alliumsativum.de\/info\/RoM\/makros\/bk_titel.html\" rel=\"noreferrer noopener\" target=\"_blank\">(\u0107wiczenia przeciwpo\u017carowe itp.)<\/a><\/p>\n\n\n\n<p><br>&nbsp;&nbsp;<br>&nbsp;-Informacje zawodowe- *<a href=\"http:\/\/runesateternity.xobor.de\/t116f34-Standorte-der-Sammelberufe-Ausbilder.html\" rel=\"noreferrer noopener\" target=\"_blank\">Zbiorowi trenerzy zawod\u00f3w od 20\/40\/60<\/a> (ten od 80 jest wtedy w Varanas East) *<a href=\"https:\/\/gilde-cosanostra.forumieren.de\/t471-handwerk-wo-finde-ich-die-ausbilder-und-wo-die-rezepte\" rel=\"noreferrer noopener\" target=\"_blank\">Zawody<\/a> produkcyjne<\/p>\n\n\n\n<p><br>-nieposortowane- *&nbsp;&nbsp;<br>P<a href=\"https:\/\/runesofmagic.gamepedia.com\/Elite_Skills\" rel=\"noreferrer noopener\" target=\"_blank\">rzegl\u0105d umiej\u0119tno\u015bci elitarnych<\/a> &#8211; link do poszczeg\u00f3lnych klas znajduje si\u0119 na dole podlinkowanej strony *.&nbsp;<br>W<a href=\"https:\/\/runesofmagic.gamepedia.com\/Attributes\" rel=\"noreferrer noopener\" target=\"_blank\">p\u0142yw atrybut\u00f3w na r\u00f3\u017cne klasy<\/a> *.&nbsp;&nbsp;P<a href=\"https:\/\/runesofmagic.gamepedia.com\/Item_Set_Skills\" rel=\"noreferrer noopener\" target=\"_blank\">rzegl\u0105d umiej\u0119tno\u015bci zestawu<\/a> &#8211; jeden&nbsp;&nbsp;<br>P<a href=\"https:\/\/docs.google.com\/spreadsheets\/d\/1jfcunYimoVz7iwJefWUImcDxVPR47zNL0JLbt2nM66I\/edit?usp=sharing\" rel=\"noreferrer noopener\" target=\"_blank\">lik<\/a> do samodzielnego wydrukowania i odhaczenia jest w toku *.&nbsp;<br>L<a href=\"https:\/\/runesofmagic.gamepedia.com\/Black_Codex\" rel=\"noreferrer noopener\" target=\"_blank\">ista dealer\u00f3w Black Code<\/a> *&nbsp;<br>B<a href=\"https:\/\/docs.google.com\/spreadsheets\/d\/10CGXzupFJmACHDyseIg4gleL4pBmTLLC9ru9g6ERtrs\/edit?usp=sharing\" rel=\"noreferrer noopener\" target=\"_blank\">lack Code &#8211; co i gdzie jest dost\u0119pne?<\/a>&nbsp;<br>K<a href=\"https:\/\/forum.runesofmagic.gameforge.com\/forum\/thread\/577-die-besten-gildenmats-f%C3%BCr-memos\/\">t\u00f3re materia\u0142y przynosz\u0105 gildii najwi\u0119cej korzy\u015bci?<\/a>&nbsp;<br>R<a href=\"https:\/\/taboreaguardianz.shivtr.com\/forum_threads\/720514\" rel=\"noreferrer noopener\" target=\"_blank\">elacje<\/a> *&nbsp;<br>L<a href=\"https:\/\/runesofmagic.gamepedia.com\/Grinding_Guide\" rel=\"noreferrer noopener\" target=\"_blank\">eveling by TQ (niestety niekompletny)<\/a> *.&nbsp;<br>P<a href=\"https:\/\/docs.google.com\/spreadsheets\/d\/1hnWc550z3vD4VQS1wMxG51nQvYUBjCgC6YndyPUIWZk\/edit?usp=sharing\" rel=\"noreferrer noopener\" target=\"_blank\">or\u00f3wnanie TQ i obliczanie premii EP\/TP<\/a> *&nbsp;<br>I<a href=\"https:\/\/docs.google.com\/spreadsheets\/d\/1igwOI0tOegP23HuGDx70FyEEuV84sN9muAoUdbDamwk\/edit?usp=sharing\" rel=\"noreferrer noopener\" target=\"_blank\">nformacje o pokoj\u00f3wce<\/a> *&nbsp;<br>S<a href=\"https:\/\/docs.google.com\/spreadsheets\/d\/1pT-RvRwfMPDxqs-p6s0gkUyr2ZhxPB6nu29X--2M-mQ\/edit?usp=sharing\" rel=\"noreferrer noopener\" target=\"_blank\">tatystyki i gdzie je zdoby\u0107<\/a> *&nbsp;<a href=\"https:\/\/docs.google.com\/spreadsheets\/d\/19GxMnc224AVEGY04rEYj6X9PqeMsD8CYsDn3Ho2GHPQ\/edit?usp=sharing\" rel=\"noreferrer noopener\" target=\"_blank\"><a href=\"https:\/\/docs.google.com\/spreadsheets\/d\/19GxMnc224AVEGY04rEYj6X9PqeMsD8CYsDn3Ho2GHPQ\/edit?usp=sharing\">Kt\u00f3re serca spadaj\u0105 w kt\u00f3re lustrzane \u015bwiaty<\/a><\/a><\/p>\n","protected":false},"excerpt":{"rendered":"<p>&nbsp;&nbsp;&nbsp;&nbsp;-Og\u00f3lne\/nieposortowane- *Runes of Magic Wiki (angielski) *zalecane dodatki *Makra *przydatne polecenia tekstowe -wa\u017cne linie zada\u0144- *.&nbsp;&nbsp;Morrok po Claudia\/Alliumsativum -.&nbsp;Seria zada\u0144 Morrok &amp; Toni (zoptymalizowana trasa) *&nbsp;Vahtos &#8211; Zestaw bi\u017cuterii *&nbsp;&nbsp;Torba z nagrodami 35-50 (linia zada\u0144) &#8211;&nbsp;&nbsp;pasuj\u0105ce wideo &#8211;&nbsp;Zawarto\u015b\u0107 torby * Torba na sprz\u0119t:&nbsp;&nbsp;Lv.48 (ekwipunek 50) &#8211;&nbsp;&nbsp;Lv.53 (wyposa\u017cenie 55) &#8211;&nbsp;&nbsp;Lv.58 (Equip [&hellip;]<\/p>\n","protected":false},"author":1,"featured_media":0,"parent":0,"menu_order":0,"comment_status":"closed","ping_status":"closed","template":"","meta":{"footnotes":""},"class_list":["post-2804","page","type-page","status-publish","hentry"],"yoast_head":"<!-- This site is optimized with the Yoast SEO plugin v27.4 - https:\/\/yoast.com\/product\/yoast-seo-wordpress\/ -->\n<title>Przydatne linki do ROM - Runes of Magic-Infos<\/title>\n<meta name=\"robots\" content=\"index, follow, max-snippet:-1, max-image-preview:large, max-video-preview:-1\" \/>\n<link rel=\"canonical\" href=\"https:\/\/www.runesofmagic-infos.com\/pl\/przydatne-linki-do-rom\/\" \/>\n<meta property=\"og:locale\" content=\"pl_PL\" \/>\n<meta property=\"og:type\" content=\"article\" \/>\n<meta property=\"og:title\" content=\"Przydatne linki do ROM - Runes of Magic-Infos\" \/>\n<meta property=\"og:description\" content=\"&nbsp;&nbsp;&nbsp;&nbsp;-Og\u00f3lne\/nieposortowane- *Runes of Magic Wiki (angielski) *zalecane dodatki *Makra *przydatne polecenia tekstowe -wa\u017cne linie zada\u0144- *.&nbsp;&nbsp;Morrok po Claudia\/Alliumsativum -.&nbsp;Seria zada\u0144 Morrok &amp; Toni (zoptymalizowana trasa) *&nbsp;Vahtos &#8211; Zestaw bi\u017cuterii *&nbsp;&nbsp;Torba z nagrodami 35-50 (linia zada\u0144) &#8211;&nbsp;&nbsp;pasuj\u0105ce wideo &#8211;&nbsp;Zawarto\u015b\u0107 torby * Torba na sprz\u0119t:&nbsp;&nbsp;Lv.48 (ekwipunek 50) &#8211;&nbsp;&nbsp;Lv.53 (wyposa\u017cenie 55) &#8211;&nbsp;&nbsp;Lv.58 (Equip [&hellip;]\" \/>\n<meta property=\"og:url\" content=\"https:\/\/www.runesofmagic-infos.com\/pl\/przydatne-linki-do-rom\/\" \/>\n<meta property=\"og:site_name\" content=\"Runes of Magic-Infos\" \/>\n<meta property=\"article:modified_time\" content=\"2024-08-21T15:48:24+00:00\" \/>\n<meta name=\"twitter:card\" content=\"summary_large_image\" \/>\n<meta name=\"twitter:label1\" content=\"Szacowany czas czytania\" \/>\n\t<meta name=\"twitter:data1\" content=\"2 minuty\" \/>\n<script type=\"application\/ld+json\" class=\"yoast-schema-graph\">{\"@context\":\"https:\\\/\\\/schema.org\",\"@graph\":[{\"@type\":\"WebPage\",\"@id\":\"https:\\\/\\\/www.runesofmagic-infos.com\\\/pl\\\/przydatne-linki-do-rom\\\/\",\"url\":\"https:\\\/\\\/www.runesofmagic-infos.com\\\/pl\\\/przydatne-linki-do-rom\\\/\",\"name\":\"Przydatne linki do ROM - Runes of Magic-Infos\",\"isPartOf\":{\"@id\":\"https:\\\/\\\/www.runesofmagic-infos.com\\\/pl\\\/#website\"},\"datePublished\":\"2023-09-17T16:02:27+00:00\",\"dateModified\":\"2024-08-21T15:48:24+00:00\",\"breadcrumb\":{\"@id\":\"https:\\\/\\\/www.runesofmagic-infos.com\\\/pl\\\/przydatne-linki-do-rom\\\/#breadcrumb\"},\"inLanguage\":\"pl-PL\",\"potentialAction\":[{\"@type\":\"ReadAction\",\"target\":[\"https:\\\/\\\/www.runesofmagic-infos.com\\\/pl\\\/przydatne-linki-do-rom\\\/\"]}]},{\"@type\":\"BreadcrumbList\",\"@id\":\"https:\\\/\\\/www.runesofmagic-infos.com\\\/pl\\\/przydatne-linki-do-rom\\\/#breadcrumb\",\"itemListElement\":[{\"@type\":\"ListItem\",\"position\":1,\"name\":\"Startseite\",\"item\":\"https:\\\/\\\/www.runesofmagic-infos.com\\\/pl\\\/\"},{\"@type\":\"ListItem\",\"position\":2,\"name\":\"Przydatne linki do ROM\"}]},{\"@type\":\"WebSite\",\"@id\":\"https:\\\/\\\/www.runesofmagic-infos.com\\\/pl\\\/#website\",\"url\":\"https:\\\/\\\/www.runesofmagic-infos.com\\\/pl\\\/\",\"name\":\"Runes of Magic-Infos\",\"description\":\"\",\"publisher\":{\"@id\":\"https:\\\/\\\/www.runesofmagic-infos.com\\\/pl\\\/#organization\"},\"potentialAction\":[{\"@type\":\"SearchAction\",\"target\":{\"@type\":\"EntryPoint\",\"urlTemplate\":\"https:\\\/\\\/www.runesofmagic-infos.com\\\/pl\\\/?s={search_term_string}\"},\"query-input\":{\"@type\":\"PropertyValueSpecification\",\"valueRequired\":true,\"valueName\":\"search_term_string\"}}],\"inLanguage\":\"pl-PL\"},{\"@type\":\"Organization\",\"@id\":\"https:\\\/\\\/www.runesofmagic-infos.com\\\/pl\\\/#organization\",\"name\":\"Runes of Magic-Infos\",\"url\":\"https:\\\/\\\/www.runesofmagic-infos.com\\\/pl\\\/\",\"logo\":{\"@type\":\"ImageObject\",\"inLanguage\":\"pl-PL\",\"@id\":\"https:\\\/\\\/www.runesofmagic-infos.com\\\/pl\\\/#\\\/schema\\\/logo\\\/image\\\/\",\"url\":\"https:\\\/\\\/www.runesofmagic-infos.com\\\/wp-content\\\/uploads\\\/2024\\\/01\\\/ROM-Infos-Original-Logo.png\",\"contentUrl\":\"https:\\\/\\\/www.runesofmagic-infos.com\\\/wp-content\\\/uploads\\\/2024\\\/01\\\/ROM-Infos-Original-Logo.png\",\"width\":2329,\"height\":1721,\"caption\":\"Runes of Magic-Infos\"},\"image\":{\"@id\":\"https:\\\/\\\/www.runesofmagic-infos.com\\\/pl\\\/#\\\/schema\\\/logo\\\/image\\\/\"}}]}<\/script>\n<!-- \/ Yoast SEO plugin. -->","yoast_head_json":{"title":"Przydatne linki do ROM - Runes of Magic-Infos","robots":{"index":"index","follow":"follow","max-snippet":"max-snippet:-1","max-image-preview":"max-image-preview:large","max-video-preview":"max-video-preview:-1"},"canonical":"https:\/\/www.runesofmagic-infos.com\/pl\/przydatne-linki-do-rom\/","og_locale":"pl_PL","og_type":"article","og_title":"Przydatne linki do ROM - Runes of Magic-Infos","og_description":"&nbsp;&nbsp;&nbsp;&nbsp;-Og\u00f3lne\/nieposortowane- *Runes of Magic Wiki (angielski) *zalecane dodatki *Makra *przydatne polecenia tekstowe -wa\u017cne linie zada\u0144- *.&nbsp;&nbsp;Morrok po Claudia\/Alliumsativum -.&nbsp;Seria zada\u0144 Morrok &amp; Toni (zoptymalizowana trasa) *&nbsp;Vahtos &#8211; Zestaw bi\u017cuterii *&nbsp;&nbsp;Torba z nagrodami 35-50 (linia zada\u0144) &#8211;&nbsp;&nbsp;pasuj\u0105ce wideo &#8211;&nbsp;Zawarto\u015b\u0107 torby * Torba na sprz\u0119t:&nbsp;&nbsp;Lv.48 (ekwipunek 50) &#8211;&nbsp;&nbsp;Lv.53 (wyposa\u017cenie 55) &#8211;&nbsp;&nbsp;Lv.58 (Equip [&hellip;]","og_url":"https:\/\/www.runesofmagic-infos.com\/pl\/przydatne-linki-do-rom\/","og_site_name":"Runes of Magic-Infos","article_modified_time":"2024-08-21T15:48:24+00:00","twitter_card":"summary_large_image","twitter_misc":{"Szacowany czas czytania":"2 minuty"},"schema":{"@context":"https:\/\/schema.org","@graph":[{"@type":"WebPage","@id":"https:\/\/www.runesofmagic-infos.com\/pl\/przydatne-linki-do-rom\/","url":"https:\/\/www.runesofmagic-infos.com\/pl\/przydatne-linki-do-rom\/","name":"Przydatne linki do ROM - Runes of Magic-Infos","isPartOf":{"@id":"https:\/\/www.runesofmagic-infos.com\/pl\/#website"},"datePublished":"2023-09-17T16:02:27+00:00","dateModified":"2024-08-21T15:48:24+00:00","breadcrumb":{"@id":"https:\/\/www.runesofmagic-infos.com\/pl\/przydatne-linki-do-rom\/#breadcrumb"},"inLanguage":"pl-PL","potentialAction":[{"@type":"ReadAction","target":["https:\/\/www.runesofmagic-infos.com\/pl\/przydatne-linki-do-rom\/"]}]},{"@type":"BreadcrumbList","@id":"https:\/\/www.runesofmagic-infos.com\/pl\/przydatne-linki-do-rom\/#breadcrumb","itemListElement":[{"@type":"ListItem","position":1,"name":"Startseite","item":"https:\/\/www.runesofmagic-infos.com\/pl\/"},{"@type":"ListItem","position":2,"name":"Przydatne linki do ROM"}]},{"@type":"WebSite","@id":"https:\/\/www.runesofmagic-infos.com\/pl\/#website","url":"https:\/\/www.runesofmagic-infos.com\/pl\/","name":"Runes of Magic-Infos","description":"","publisher":{"@id":"https:\/\/www.runesofmagic-infos.com\/pl\/#organization"},"potentialAction":[{"@type":"SearchAction","target":{"@type":"EntryPoint","urlTemplate":"https:\/\/www.runesofmagic-infos.com\/pl\/?s={search_term_string}"},"query-input":{"@type":"PropertyValueSpecification","valueRequired":true,"valueName":"search_term_string"}}],"inLanguage":"pl-PL"},{"@type":"Organization","@id":"https:\/\/www.runesofmagic-infos.com\/pl\/#organization","name":"Runes of Magic-Infos","url":"https:\/\/www.runesofmagic-infos.com\/pl\/","logo":{"@type":"ImageObject","inLanguage":"pl-PL","@id":"https:\/\/www.runesofmagic-infos.com\/pl\/#\/schema\/logo\/image\/","url":"https:\/\/www.runesofmagic-infos.com\/wp-content\/uploads\/2024\/01\/ROM-Infos-Original-Logo.png","contentUrl":"https:\/\/www.runesofmagic-infos.com\/wp-content\/uploads\/2024\/01\/ROM-Infos-Original-Logo.png","width":2329,"height":1721,"caption":"Runes of Magic-Infos"},"image":{"@id":"https:\/\/www.runesofmagic-infos.com\/pl\/#\/schema\/logo\/image\/"}}]}},"_links":{"self":[{"href":"https:\/\/www.runesofmagic-infos.com\/pl\/wp-json\/wp\/v2\/pages\/2804","targetHints":{"allow":["GET"]}}],"collection":[{"href":"https:\/\/www.runesofmagic-infos.com\/pl\/wp-json\/wp\/v2\/pages"}],"about":[{"href":"https:\/\/www.runesofmagic-infos.com\/pl\/wp-json\/wp\/v2\/types\/page"}],"author":[{"embeddable":true,"href":"https:\/\/www.runesofmagic-infos.com\/pl\/wp-json\/wp\/v2\/users\/1"}],"replies":[{"embeddable":true,"href":"https:\/\/www.runesofmagic-infos.com\/pl\/wp-json\/wp\/v2\/comments?post=2804"}],"version-history":[{"count":2,"href":"https:\/\/www.runesofmagic-infos.com\/pl\/wp-json\/wp\/v2\/pages\/2804\/revisions"}],"predecessor-version":[{"id":4467,"href":"https:\/\/www.runesofmagic-infos.com\/pl\/wp-json\/wp\/v2\/pages\/2804\/revisions\/4467"}],"wp:attachment":[{"href":"https:\/\/www.runesofmagic-infos.com\/pl\/wp-json\/wp\/v2\/media?parent=2804"}],"curies":[{"name":"wp","href":"https:\/\/api.w.org\/{rel}","templated":true}]}}