{"id":2628,"date":"2023-09-17T15:14:58","date_gmt":"2023-09-17T15:14:58","guid":{"rendered":"https:\/\/www.runesofmagic-infos.com\/wydarzenie-miesieczne\/"},"modified":"2026-04-26T15:48:17","modified_gmt":"2026-04-26T15:48:17","slug":"wydarzenie-miesieczne","status":"publish","type":"page","link":"https:\/\/www.runesofmagic-infos.com\/pl\/wydarzenie-miesieczne\/","title":{"rendered":"Wydarzenie miesi\u0119czne"},"content":{"rendered":"\n<h1 class=\"wp-block-heading\">Festiwal wiosennego deszczu<\/h1>\n\n\n\n<figure class=\"wp-block-image size-full\"><img loading=\"lazy\" decoding=\"async\" width=\"1000\" height=\"530\" src=\"https:\/\/www.runesofmagic-infos.com\/wp-content\/uploads\/2025\/04\/spring_rain01-1.jpg\" alt=\"\" class=\"wp-image-5197\" srcset=\"https:\/\/www.runesofmagic-infos.com\/wp-content\/uploads\/2025\/04\/spring_rain01-1.jpg 1000w, https:\/\/www.runesofmagic-infos.com\/wp-content\/uploads\/2025\/04\/spring_rain01-1-300x159.jpg 300w, https:\/\/www.runesofmagic-infos.com\/wp-content\/uploads\/2025\/04\/spring_rain01-1-768x407.jpg 768w\" sizes=\"auto, (max-width: 1000px) 100vw, 1000px\" \/><\/figure>\n\n\n\n<p><em>Ka\u017cdego roku podczas Festiwalu Wiosennego Deszczu ma\u0142e grupy Wabbit\u00f3w zbieraj\u0105 si\u0119 wsz\u0119dzie, aby bawi\u0107 si\u0119 t\u0119czowymi jajkami. Z natury s\u0105 \u017cywe i weso\u0142e. Skacz\u0105 dooko\u0142a i rozprzestrzeniaj\u0105 zara\u017aliw\u0105 atmosfer\u0119 rado\u015bci i szcz\u0119\u015bcia.  <\/em><\/p>\n\n\n\n<p><em>Wkr\u00f3tce rozpocznie si\u0119 Festiwal Wiosennego Deszczu, kt\u00f3ry b\u0119dzie obchodzony w r\u00f3\u017cnych regionach Taborei: Howling Mountains, Silver Spring, Aslan Valley, Dust Devil Canyon i Thunderhoof Hill.<\/em><\/p>\n\n\n\n<p><em>Organizatorzy festiwalu rozpoczn\u0105 swoj\u0105 prac\u0119 w g\u0142\u00f3wnych miastach: Mo\u017cna ich znale\u017a\u0107 w Varanas, Obsidian Keep i Dalanis.<\/em><\/p>\n\n\n\n<p><strong>[Przegl\u0105d festiwalu]<\/strong><\/p>\n\n\n\n<ul class=\"wp-block-list\">\n<li>Istnieje ca\u0142a seria wydarze\u0144 maj\u0105cych na celu uczczenie historii Castor<\/li>\n<\/ul>\n\n\n\n<p><strong>Poszukiwanie t\u0119czowych jaj<\/strong><\/p>\n\n\n\n<ul class=\"wp-block-list\">\n<li>NPC: Old Wabbit<\/li>\n\n\n\n<li>Miejsce: Dalanis<\/li>\n\n\n\n<li>Cel wydarzenia: Pom\u00f3\u017c Staremu Kr\u00f3likowi odnale\u017a\u0107 100 t\u0119czowych jaj Starego Kr\u00f3lika ukrytych w Dalanis.<\/li>\n<\/ul>\n\n\n\n<figure class=\"wp-block-image size-full\"><img loading=\"lazy\" decoding=\"async\" width=\"803\" height=\"604\" src=\"https:\/\/www.runesofmagic-infos.com\/wp-content\/uploads\/2025\/04\/spring_rain06.jpg\" alt=\"\" class=\"wp-image-5192\" srcset=\"https:\/\/www.runesofmagic-infos.com\/wp-content\/uploads\/2025\/04\/spring_rain06.jpg 803w, https:\/\/www.runesofmagic-infos.com\/wp-content\/uploads\/2025\/04\/spring_rain06-300x226.jpg 300w, https:\/\/www.runesofmagic-infos.com\/wp-content\/uploads\/2025\/04\/spring_rain06-768x578.jpg 768w\" sizes=\"auto, (max-width: 803px) 100vw, 803px\" \/><\/figure>\n\n\n\n<p><strong>Zab\u00f3jczy kr\u00f3lik<\/strong><\/p>\n\n\n\n<ul class=\"wp-block-list\">\n<li>Posta\u0107 niezale\u017cna: Czarodziej Tom<\/li>\n\n\n\n<li>Lokalizacja: Wyj\u0105ce G\u00f3ry, poza Logarem<\/li>\n\n\n\n<li>Cel wydarzenia: Pom\u00f3\u017c Czarodziejowi Tomowi pokona\u0107 Zab\u00f3jczego Kr\u00f3lika i uratowa\u0107 niezliczonych mieszka\u0144c\u00f3w Varanas.<\/li>\n<\/ul>\n\n\n\n<p><strong>Polowanie na kr\u00f3liki<\/strong><\/p>\n\n\n\n<ul class=\"wp-block-list\">\n<li>NPC: Clifford Sharansk<\/li>\n\n\n\n<li>Miejsce: Varanas &#8211; okr\u0119g administracyjny<\/li>\n\n\n\n<li>Typ wydarzenia: Polowanie<\/li>\n\n\n\n<li>Cel wydarzenia: Polowanie na graczy, kt\u00f3rzy zmienili si\u0119 w Wabbity i zbieranie punkt\u00f3w.<\/li>\n<\/ul>\n\n\n\n<p><strong>Przywr\u00f3\u0107 zaginione kr\u00f3liki!<\/strong><\/p>\n\n\n\n<ul class=\"wp-block-list\">\n<li>Postacie niezale\u017cne: Jaden Angus \/ Louise Tina<\/li>\n\n\n\n<li>Lokalizacja: Varanas &#8211; Plac Miejski \/ Obsydianowa Twierdza<\/li>\n\n\n\n<li>Typ wydarzenia: Znajd\u017a i odbierz<\/li>\n\n\n\n<li>Cel wydarzenia: Znajd\u017a zagubione kr\u00f3liki, z\u0142ap je i przyprowad\u017a z powrotem.<\/li>\n<\/ul>\n\n\n\n<p><strong>Skradzione t\u0119czowe jaja<\/strong><\/p>\n\n\n\n<ul class=\"wp-block-list\">\n<li>Posta\u0107 niezale\u017cna: Lina Wabbit \/ Nier Wabbit<\/li>\n\n\n\n<li>Lokalizacja: Varanas &#8211; Plac Miejski \/ Obsydianowa Twierdza<\/li>\n\n\n\n<li>Typ wydarzenia: Zabijaj potwory i zbieraj przedmioty<\/li>\n\n\n\n<li>Miejsce: Wyj\u0105ce G\u00f3ry, Kopalnia Talgrund<\/li>\n\n\n\n<li>Cel wydarzenia: Zbierz skradzione t\u0119czowe jaja od z\u0142odziei jaj.<\/li>\n<\/ul>\n\n\n\n<p><strong>Zbieranie kwiat\u00f3w<\/strong><\/p>\n\n\n\n<ul class=\"wp-block-list\">\n<li>Posta\u0107 niezale\u017cna: Lina Wabbit \/ Nier Wabbit<\/li>\n\n\n\n<li>Lokalizacja: Varanas &#8211; Plac Miejski \/ Obsydianowa Twierdza<\/li>\n\n\n\n<li>Typ wydarzenia: Zbieranie przedmiot\u00f3w<\/li>\n\n\n\n<li>Miejsce: Logar<\/li>\n\n\n\n<li>Cel wydarzenia: Zbierz t\u0119czowe kwiaty<\/li>\n<\/ul>\n\n\n\n<p><strong>Szcz\u0119\u015bliwego kopania<\/strong><\/p>\n\n\n\n<ul class=\"wp-block-list\">\n<li>Posta\u0107 niezale\u017cna: Titan Wabbit<\/li>\n\n\n\n<li>Lokalizacja: Farma Helen &#8211; Wyj\u0105ce G\u00f3ry<\/li>\n\n\n\n<li>Typ wydarzenia: Zbieranie przedmiot\u00f3w<\/li>\n\n\n\n<li>Cel wydarzenia: Pod\u0105\u017caj za Wabbitem, aby odkry\u0107 cenne skarby.<\/li>\n<\/ul>\n\n\n\n<p><strong>T\u0119czowe jajko graffiti<\/strong><\/p>\n\n\n\n<ul class=\"wp-block-list\">\n<li>NPC: Cecil Owanni<\/li>\n\n\n\n<li>Lokalizacja: Varanas &#8211; Bridge<\/li>\n\n\n\n<li>Typ wydarzenia: Zbieranie i wymiana przedmiot\u00f3w<\/li>\n\n\n\n<li>Miejsce: Silver Spring, Varanas<\/li>\n\n\n\n<li>Cel wydarzenia: Zbierz kwiaty jako farb\u0119, zanie\u015b jajka do malarzy i pomaluj je.<\/li>\n<\/ul>\n\n\n\n<p><strong>Skacz! Skacz! Wabbity!<\/strong><\/p>\n\n\n\n<ul class=\"wp-block-list\">\n<li>NPC: Danny Wabbit<\/li>\n\n\n\n<li>Lokalizacja: Most Varanas<\/li>\n\n\n\n<li>Typ wydarzenia: Znajd\u017a i \u015bled\u017a<\/li>\n\n\n\n<li>Miejsce: Silberfall<\/li>\n\n\n\n<li>Cel wydarzenia: Znajd\u017a Wabbity i pod\u0105\u017caj za nimi.<\/li>\n<\/ul>\n\n\n\n<p><strong>Essential Spectral Chicken<\/strong><\/p>\n\n\n\n<ul class=\"wp-block-list\">\n<li>NPC: Angela Bix<\/li>\n\n\n\n<li>Lokalizacja: Most Varanas<\/li>\n\n\n\n<li>Typ wydarzenia: Znajd\u017a i zbierz przedmioty<\/li>\n\n\n\n<li>Miejsce: Silberfall<\/li>\n\n\n\n<li>Cel wydarzenia: Przemie\u0144 si\u0119 w Wabbita i poszukaj Eterycznej Widmowej Kury, aby zebra\u0107 Z\u0142ote Jaja.<\/li>\n<\/ul>\n\n\n\n<p><strong>\u015awietna zabawa z jajkiem<\/strong><\/p>\n\n\n\n<ul class=\"wp-block-list\">\n<li>NPC: Ayester Bunni<\/li>\n\n\n\n<li>Typ wydarzenia: Znajdowanie postaci niezale\u017cnych, znajdowanie i dostarczanie przedmiot\u00f3w<\/li>\n\n\n\n<li>Pocz\u0105tek wydarzenia: Dalanis<\/li>\n\n\n\n<li>Miejsce: Donnerhufh\u00fcgel<\/li>\n\n\n\n<li>Cel wydarzenia: Znajd\u017a przedmioty i dostarcz je do postaci niezale\u017cnej.<\/li>\n<\/ul>\n\n\n\n<figure class=\"wp-block-image size-full\"><img loading=\"lazy\" decoding=\"async\" width=\"700\" height=\"531\" src=\"https:\/\/www.runesofmagic-infos.com\/wp-content\/uploads\/2025\/04\/spring_rain04.jpg\" alt=\"\" class=\"wp-image-5202\" srcset=\"https:\/\/www.runesofmagic-infos.com\/wp-content\/uploads\/2025\/04\/spring_rain04.jpg 700w, https:\/\/www.runesofmagic-infos.com\/wp-content\/uploads\/2025\/04\/spring_rain04-300x228.jpg 300w\" sizes=\"auto, (max-width: 700px) 100vw, 700px\" \/><\/figure>\n\n\n\n<p><strong>Bitwa w obronie kr\u00f3lika<\/strong><\/p>\n\n\n\n<ul class=\"wp-block-list\">\n<li>Posta\u0107 niezale\u017cna: Yakubi Wabbit<\/li>\n\n\n\n<li>Lokalizacja: Bramy Varanas<\/li>\n\n\n\n<li>Miejsce: Bramy Varanas<\/li>\n\n\n\n<li>Typ wydarzenia: Podobne do Towerdefense<\/li>\n\n\n\n<li>Cel wydarzenia: Obro\u0144 wabity przed \u017c\u00f3\u0142wiami, aby otrzyma\u0107 nagrod\u0119.<\/li>\n<\/ul>\n\n\n\n<p><strong>Sprowadzenie do domu wielkiego Wabbita<\/strong><\/p>\n\n\n\n<ul class=\"wp-block-list\">\n<li>NPC: Jessica Bunni<\/li>\n\n\n\n<li>Rodzaj wydarzenia: Znajd\u017a i zbierz<\/li>\n\n\n\n<li>Pocz\u0105tek wydarzenia: Dalanis<\/li>\n\n\n\n<li>Miejsce: Donnerhufh\u00fcgel<\/li>\n\n\n\n<li>Cel wydarzenia: Odnalezienie Wabbit\u00f3w i sprowadzenie ich do domu.<\/li>\n<\/ul>\n","protected":false},"excerpt":{"rendered":"<p>Festiwal wiosennego deszczu Ka\u017cdego roku podczas Festiwalu Wiosennego Deszczu ma\u0142e grupy Wabbit\u00f3w zbieraj\u0105 si\u0119 wsz\u0119dzie, aby bawi\u0107 si\u0119 t\u0119czowymi jajkami. Z natury s\u0105 \u017cywe i weso\u0142e. Skacz\u0105 dooko\u0142a i rozprzestrzeniaj\u0105 zara\u017aliw\u0105 atmosfer\u0119 rado\u015bci i szcz\u0119\u015bcia. Wkr\u00f3tce rozpocznie si\u0119 Festiwal Wiosennego Deszczu, kt\u00f3ry b\u0119dzie obchodzony w r\u00f3\u017cnych regionach Taborei: Howling Mountains, [&hellip;]<\/p>\n","protected":false},"author":1,"featured_media":0,"parent":0,"menu_order":0,"comment_status":"closed","ping_status":"closed","template":"","meta":{"footnotes":""},"class_list":["post-2628","page","type-page","status-publish","hentry"],"yoast_head":"<!-- This site is optimized with the Yoast SEO plugin v27.4 - https:\/\/yoast.com\/product\/yoast-seo-wordpress\/ -->\n<title>Wydarzenie miesi\u0119czne - Runes of Magic-Infos<\/title>\n<meta name=\"robots\" content=\"index, follow, max-snippet:-1, max-image-preview:large, max-video-preview:-1\" \/>\n<link rel=\"canonical\" href=\"https:\/\/www.runesofmagic-infos.com\/pl\/wydarzenie-miesieczne\/\" \/>\n<meta property=\"og:locale\" content=\"pl_PL\" \/>\n<meta property=\"og:type\" content=\"article\" \/>\n<meta property=\"og:title\" content=\"Wydarzenie miesi\u0119czne - Runes of Magic-Infos\" \/>\n<meta property=\"og:description\" content=\"Festiwal wiosennego deszczu Ka\u017cdego roku podczas Festiwalu Wiosennego Deszczu ma\u0142e grupy Wabbit\u00f3w zbieraj\u0105 si\u0119 wsz\u0119dzie, aby bawi\u0107 si\u0119 t\u0119czowymi jajkami. Z natury s\u0105 \u017cywe i weso\u0142e. Skacz\u0105 dooko\u0142a i rozprzestrzeniaj\u0105 zara\u017aliw\u0105 atmosfer\u0119 rado\u015bci i szcz\u0119\u015bcia. Wkr\u00f3tce rozpocznie si\u0119 Festiwal Wiosennego Deszczu, kt\u00f3ry b\u0119dzie obchodzony w r\u00f3\u017cnych regionach Taborei: Howling Mountains, [&hellip;]\" \/>\n<meta property=\"og:url\" content=\"https:\/\/www.runesofmagic-infos.com\/pl\/wydarzenie-miesieczne\/\" \/>\n<meta property=\"og:site_name\" content=\"Runes of Magic-Infos\" \/>\n<meta property=\"article:modified_time\" content=\"2026-04-26T15:48:17+00:00\" \/>\n<meta property=\"og:image\" content=\"https:\/\/www.runesofmagic-infos.com\/wp-content\/uploads\/2025\/04\/spring_rain01-1.jpg\" \/>\n<meta name=\"twitter:card\" content=\"summary_large_image\" \/>\n<meta name=\"twitter:label1\" content=\"Szacowany czas czytania\" \/>\n\t<meta name=\"twitter:data1\" content=\"3 minuty\" \/>\n<script type=\"application\/ld+json\" class=\"yoast-schema-graph\">{\"@context\":\"https:\\\/\\\/schema.org\",\"@graph\":[{\"@type\":\"WebPage\",\"@id\":\"https:\\\/\\\/www.runesofmagic-infos.com\\\/pl\\\/wydarzenie-miesieczne\\\/\",\"url\":\"https:\\\/\\\/www.runesofmagic-infos.com\\\/pl\\\/wydarzenie-miesieczne\\\/\",\"name\":\"Wydarzenie miesi\u0119czne - Runes of Magic-Infos\",\"isPartOf\":{\"@id\":\"https:\\\/\\\/www.runesofmagic-infos.com\\\/pl\\\/#website\"},\"primaryImageOfPage\":{\"@id\":\"https:\\\/\\\/www.runesofmagic-infos.com\\\/pl\\\/wydarzenie-miesieczne\\\/#primaryimage\"},\"image\":{\"@id\":\"https:\\\/\\\/www.runesofmagic-infos.com\\\/pl\\\/wydarzenie-miesieczne\\\/#primaryimage\"},\"thumbnailUrl\":\"https:\\\/\\\/www.runesofmagic-infos.com\\\/wp-content\\\/uploads\\\/2025\\\/04\\\/spring_rain01-1.jpg\",\"datePublished\":\"2023-09-17T15:14:58+00:00\",\"dateModified\":\"2026-04-26T15:48:17+00:00\",\"breadcrumb\":{\"@id\":\"https:\\\/\\\/www.runesofmagic-infos.com\\\/pl\\\/wydarzenie-miesieczne\\\/#breadcrumb\"},\"inLanguage\":\"pl-PL\",\"potentialAction\":[{\"@type\":\"ReadAction\",\"target\":[\"https:\\\/\\\/www.runesofmagic-infos.com\\\/pl\\\/wydarzenie-miesieczne\\\/\"]}]},{\"@type\":\"ImageObject\",\"inLanguage\":\"pl-PL\",\"@id\":\"https:\\\/\\\/www.runesofmagic-infos.com\\\/pl\\\/wydarzenie-miesieczne\\\/#primaryimage\",\"url\":\"https:\\\/\\\/www.runesofmagic-infos.com\\\/wp-content\\\/uploads\\\/2025\\\/04\\\/spring_rain01-1.jpg\",\"contentUrl\":\"https:\\\/\\\/www.runesofmagic-infos.com\\\/wp-content\\\/uploads\\\/2025\\\/04\\\/spring_rain01-1.jpg\"},{\"@type\":\"BreadcrumbList\",\"@id\":\"https:\\\/\\\/www.runesofmagic-infos.com\\\/pl\\\/wydarzenie-miesieczne\\\/#breadcrumb\",\"itemListElement\":[{\"@type\":\"ListItem\",\"position\":1,\"name\":\"Startseite\",\"item\":\"https:\\\/\\\/www.runesofmagic-infos.com\\\/pl\\\/\"},{\"@type\":\"ListItem\",\"position\":2,\"name\":\"Wydarzenie miesi\u0119czne\"}]},{\"@type\":\"WebSite\",\"@id\":\"https:\\\/\\\/www.runesofmagic-infos.com\\\/pl\\\/#website\",\"url\":\"https:\\\/\\\/www.runesofmagic-infos.com\\\/pl\\\/\",\"name\":\"Runes of Magic-Infos\",\"description\":\"\",\"publisher\":{\"@id\":\"https:\\\/\\\/www.runesofmagic-infos.com\\\/pl\\\/#organization\"},\"potentialAction\":[{\"@type\":\"SearchAction\",\"target\":{\"@type\":\"EntryPoint\",\"urlTemplate\":\"https:\\\/\\\/www.runesofmagic-infos.com\\\/pl\\\/?s={search_term_string}\"},\"query-input\":{\"@type\":\"PropertyValueSpecification\",\"valueRequired\":true,\"valueName\":\"search_term_string\"}}],\"inLanguage\":\"pl-PL\"},{\"@type\":\"Organization\",\"@id\":\"https:\\\/\\\/www.runesofmagic-infos.com\\\/pl\\\/#organization\",\"name\":\"Runes of Magic-Infos\",\"url\":\"https:\\\/\\\/www.runesofmagic-infos.com\\\/pl\\\/\",\"logo\":{\"@type\":\"ImageObject\",\"inLanguage\":\"pl-PL\",\"@id\":\"https:\\\/\\\/www.runesofmagic-infos.com\\\/pl\\\/#\\\/schema\\\/logo\\\/image\\\/\",\"url\":\"https:\\\/\\\/www.runesofmagic-infos.com\\\/wp-content\\\/uploads\\\/2024\\\/01\\\/ROM-Infos-Original-Logo.png\",\"contentUrl\":\"https:\\\/\\\/www.runesofmagic-infos.com\\\/wp-content\\\/uploads\\\/2024\\\/01\\\/ROM-Infos-Original-Logo.png\",\"width\":2329,\"height\":1721,\"caption\":\"Runes of Magic-Infos\"},\"image\":{\"@id\":\"https:\\\/\\\/www.runesofmagic-infos.com\\\/pl\\\/#\\\/schema\\\/logo\\\/image\\\/\"}}]}<\/script>\n<!-- \/ Yoast SEO plugin. -->","yoast_head_json":{"title":"Wydarzenie miesi\u0119czne - Runes of Magic-Infos","robots":{"index":"index","follow":"follow","max-snippet":"max-snippet:-1","max-image-preview":"max-image-preview:large","max-video-preview":"max-video-preview:-1"},"canonical":"https:\/\/www.runesofmagic-infos.com\/pl\/wydarzenie-miesieczne\/","og_locale":"pl_PL","og_type":"article","og_title":"Wydarzenie miesi\u0119czne - Runes of Magic-Infos","og_description":"Festiwal wiosennego deszczu Ka\u017cdego roku podczas Festiwalu Wiosennego Deszczu ma\u0142e grupy Wabbit\u00f3w zbieraj\u0105 si\u0119 wsz\u0119dzie, aby bawi\u0107 si\u0119 t\u0119czowymi jajkami. Z natury s\u0105 \u017cywe i weso\u0142e. Skacz\u0105 dooko\u0142a i rozprzestrzeniaj\u0105 zara\u017aliw\u0105 atmosfer\u0119 rado\u015bci i szcz\u0119\u015bcia. Wkr\u00f3tce rozpocznie si\u0119 Festiwal Wiosennego Deszczu, kt\u00f3ry b\u0119dzie obchodzony w r\u00f3\u017cnych regionach Taborei: Howling Mountains, [&hellip;]","og_url":"https:\/\/www.runesofmagic-infos.com\/pl\/wydarzenie-miesieczne\/","og_site_name":"Runes of Magic-Infos","article_modified_time":"2026-04-26T15:48:17+00:00","og_image":[{"url":"https:\/\/www.runesofmagic-infos.com\/wp-content\/uploads\/2025\/04\/spring_rain01-1.jpg","type":"","width":"","height":""}],"twitter_card":"summary_large_image","twitter_misc":{"Szacowany czas czytania":"3 minuty"},"schema":{"@context":"https:\/\/schema.org","@graph":[{"@type":"WebPage","@id":"https:\/\/www.runesofmagic-infos.com\/pl\/wydarzenie-miesieczne\/","url":"https:\/\/www.runesofmagic-infos.com\/pl\/wydarzenie-miesieczne\/","name":"Wydarzenie miesi\u0119czne - Runes of Magic-Infos","isPartOf":{"@id":"https:\/\/www.runesofmagic-infos.com\/pl\/#website"},"primaryImageOfPage":{"@id":"https:\/\/www.runesofmagic-infos.com\/pl\/wydarzenie-miesieczne\/#primaryimage"},"image":{"@id":"https:\/\/www.runesofmagic-infos.com\/pl\/wydarzenie-miesieczne\/#primaryimage"},"thumbnailUrl":"https:\/\/www.runesofmagic-infos.com\/wp-content\/uploads\/2025\/04\/spring_rain01-1.jpg","datePublished":"2023-09-17T15:14:58+00:00","dateModified":"2026-04-26T15:48:17+00:00","breadcrumb":{"@id":"https:\/\/www.runesofmagic-infos.com\/pl\/wydarzenie-miesieczne\/#breadcrumb"},"inLanguage":"pl-PL","potentialAction":[{"@type":"ReadAction","target":["https:\/\/www.runesofmagic-infos.com\/pl\/wydarzenie-miesieczne\/"]}]},{"@type":"ImageObject","inLanguage":"pl-PL","@id":"https:\/\/www.runesofmagic-infos.com\/pl\/wydarzenie-miesieczne\/#primaryimage","url":"https:\/\/www.runesofmagic-infos.com\/wp-content\/uploads\/2025\/04\/spring_rain01-1.jpg","contentUrl":"https:\/\/www.runesofmagic-infos.com\/wp-content\/uploads\/2025\/04\/spring_rain01-1.jpg"},{"@type":"BreadcrumbList","@id":"https:\/\/www.runesofmagic-infos.com\/pl\/wydarzenie-miesieczne\/#breadcrumb","itemListElement":[{"@type":"ListItem","position":1,"name":"Startseite","item":"https:\/\/www.runesofmagic-infos.com\/pl\/"},{"@type":"ListItem","position":2,"name":"Wydarzenie miesi\u0119czne"}]},{"@type":"WebSite","@id":"https:\/\/www.runesofmagic-infos.com\/pl\/#website","url":"https:\/\/www.runesofmagic-infos.com\/pl\/","name":"Runes of Magic-Infos","description":"","publisher":{"@id":"https:\/\/www.runesofmagic-infos.com\/pl\/#organization"},"potentialAction":[{"@type":"SearchAction","target":{"@type":"EntryPoint","urlTemplate":"https:\/\/www.runesofmagic-infos.com\/pl\/?s={search_term_string}"},"query-input":{"@type":"PropertyValueSpecification","valueRequired":true,"valueName":"search_term_string"}}],"inLanguage":"pl-PL"},{"@type":"Organization","@id":"https:\/\/www.runesofmagic-infos.com\/pl\/#organization","name":"Runes of Magic-Infos","url":"https:\/\/www.runesofmagic-infos.com\/pl\/","logo":{"@type":"ImageObject","inLanguage":"pl-PL","@id":"https:\/\/www.runesofmagic-infos.com\/pl\/#\/schema\/logo\/image\/","url":"https:\/\/www.runesofmagic-infos.com\/wp-content\/uploads\/2024\/01\/ROM-Infos-Original-Logo.png","contentUrl":"https:\/\/www.runesofmagic-infos.com\/wp-content\/uploads\/2024\/01\/ROM-Infos-Original-Logo.png","width":2329,"height":1721,"caption":"Runes of Magic-Infos"},"image":{"@id":"https:\/\/www.runesofmagic-infos.com\/pl\/#\/schema\/logo\/image\/"}}]}},"_links":{"self":[{"href":"https:\/\/www.runesofmagic-infos.com\/pl\/wp-json\/wp\/v2\/pages\/2628","targetHints":{"allow":["GET"]}}],"collection":[{"href":"https:\/\/www.runesofmagic-infos.com\/pl\/wp-json\/wp\/v2\/pages"}],"about":[{"href":"https:\/\/www.runesofmagic-infos.com\/pl\/wp-json\/wp\/v2\/types\/page"}],"author":[{"embeddable":true,"href":"https:\/\/www.runesofmagic-infos.com\/pl\/wp-json\/wp\/v2\/users\/1"}],"replies":[{"embeddable":true,"href":"https:\/\/www.runesofmagic-infos.com\/pl\/wp-json\/wp\/v2\/comments?post=2628"}],"version-history":[{"count":19,"href":"https:\/\/www.runesofmagic-infos.com\/pl\/wp-json\/wp\/v2\/pages\/2628\/revisions"}],"predecessor-version":[{"id":6000,"href":"https:\/\/www.runesofmagic-infos.com\/pl\/wp-json\/wp\/v2\/pages\/2628\/revisions\/6000"}],"wp:attachment":[{"href":"https:\/\/www.runesofmagic-infos.com\/pl\/wp-json\/wp\/v2\/media?parent=2628"}],"curies":[{"name":"wp","href":"https:\/\/api.w.org\/{rel}","templated":true}]}}