{"id":2592,"date":"2023-09-17T16:51:33","date_gmt":"2023-09-17T16:51:33","guid":{"rendered":"https:\/\/www.runesofmagic-infos.com\/zestaw-umiejetnosci\/"},"modified":"2024-08-21T15:47:07","modified_gmt":"2024-08-21T15:47:07","slug":"zestaw-umiejetnosci","status":"publish","type":"page","link":"https:\/\/www.runesofmagic-infos.com\/pl\/zestaw-umiejetnosci\/","title":{"rendered":"Zestaw umiej\u0119tno\u015bci"},"content":{"rendered":"\n<p>Link do <a href=\"https:\/\/runesofmagic.fandom.com\/wiki\/Item_Set_Skills\" data-type=\"link\" data-id=\"https:\/\/runesofmagic.fandom.com\/wiki\/Item_Set_Skills\">umiej\u0119tno\u015bci zestawu przedmiot\u00f3w<\/a><\/p>\n","protected":false},"excerpt":{"rendered":"<p>Link do umiej\u0119tno\u015bci zestawu przedmiot\u00f3w<\/p>\n","protected":false},"author":1,"featured_media":0,"parent":0,"menu_order":0,"comment_status":"closed","ping_status":"closed","template":"","meta":{"footnotes":""},"class_list":["post-2592","page","type-page","status-publish","hentry"],"yoast_head":"<!-- This site is optimized with the Yoast SEO plugin v27.4 - https:\/\/yoast.com\/product\/yoast-seo-wordpress\/ -->\n<title>Zestaw umiej\u0119tno\u015bci - Runes of Magic-Infos<\/title>\n<meta name=\"robots\" content=\"index, follow, max-snippet:-1, max-image-preview:large, max-video-preview:-1\" \/>\n<link rel=\"canonical\" href=\"https:\/\/www.runesofmagic-infos.com\/pl\/zestaw-umiejetnosci\/\" \/>\n<meta property=\"og:locale\" content=\"pl_PL\" \/>\n<meta property=\"og:type\" content=\"article\" \/>\n<meta property=\"og:title\" content=\"Zestaw umiej\u0119tno\u015bci - Runes of Magic-Infos\" \/>\n<meta property=\"og:description\" content=\"Link do umiej\u0119tno\u015bci zestawu przedmiot\u00f3w\" \/>\n<meta property=\"og:url\" content=\"https:\/\/www.runesofmagic-infos.com\/pl\/zestaw-umiejetnosci\/\" \/>\n<meta property=\"og:site_name\" content=\"Runes of Magic-Infos\" \/>\n<meta property=\"article:modified_time\" content=\"2024-08-21T15:47:07+00:00\" \/>\n<meta name=\"twitter:card\" content=\"summary_large_image\" \/>\n<script type=\"application\/ld+json\" class=\"yoast-schema-graph\">{\"@context\":\"https:\\\/\\\/schema.org\",\"@graph\":[{\"@type\":\"WebPage\",\"@id\":\"https:\\\/\\\/www.runesofmagic-infos.com\\\/pl\\\/zestaw-umiejetnosci\\\/\",\"url\":\"https:\\\/\\\/www.runesofmagic-infos.com\\\/pl\\\/zestaw-umiejetnosci\\\/\",\"name\":\"Zestaw umiej\u0119tno\u015bci - Runes of Magic-Infos\",\"isPartOf\":{\"@id\":\"https:\\\/\\\/www.runesofmagic-infos.com\\\/pl\\\/#website\"},\"datePublished\":\"2023-09-17T16:51:33+00:00\",\"dateModified\":\"2024-08-21T15:47:07+00:00\",\"breadcrumb\":{\"@id\":\"https:\\\/\\\/www.runesofmagic-infos.com\\\/pl\\\/zestaw-umiejetnosci\\\/#breadcrumb\"},\"inLanguage\":\"pl-PL\",\"potentialAction\":[{\"@type\":\"ReadAction\",\"target\":[\"https:\\\/\\\/www.runesofmagic-infos.com\\\/pl\\\/zestaw-umiejetnosci\\\/\"]}]},{\"@type\":\"BreadcrumbList\",\"@id\":\"https:\\\/\\\/www.runesofmagic-infos.com\\\/pl\\\/zestaw-umiejetnosci\\\/#breadcrumb\",\"itemListElement\":[{\"@type\":\"ListItem\",\"position\":1,\"name\":\"Startseite\",\"item\":\"https:\\\/\\\/www.runesofmagic-infos.com\\\/pl\\\/\"},{\"@type\":\"ListItem\",\"position\":2,\"name\":\"Zestaw umiej\u0119tno\u015bci\"}]},{\"@type\":\"WebSite\",\"@id\":\"https:\\\/\\\/www.runesofmagic-infos.com\\\/pl\\\/#website\",\"url\":\"https:\\\/\\\/www.runesofmagic-infos.com\\\/pl\\\/\",\"name\":\"Runes of Magic-Infos\",\"description\":\"\",\"publisher\":{\"@id\":\"https:\\\/\\\/www.runesofmagic-infos.com\\\/pl\\\/#organization\"},\"potentialAction\":[{\"@type\":\"SearchAction\",\"target\":{\"@type\":\"EntryPoint\",\"urlTemplate\":\"https:\\\/\\\/www.runesofmagic-infos.com\\\/pl\\\/?s={search_term_string}\"},\"query-input\":{\"@type\":\"PropertyValueSpecification\",\"valueRequired\":true,\"valueName\":\"search_term_string\"}}],\"inLanguage\":\"pl-PL\"},{\"@type\":\"Organization\",\"@id\":\"https:\\\/\\\/www.runesofmagic-infos.com\\\/pl\\\/#organization\",\"name\":\"Runes of Magic-Infos\",\"url\":\"https:\\\/\\\/www.runesofmagic-infos.com\\\/pl\\\/\",\"logo\":{\"@type\":\"ImageObject\",\"inLanguage\":\"pl-PL\",\"@id\":\"https:\\\/\\\/www.runesofmagic-infos.com\\\/pl\\\/#\\\/schema\\\/logo\\\/image\\\/\",\"url\":\"https:\\\/\\\/www.runesofmagic-infos.com\\\/wp-content\\\/uploads\\\/2024\\\/01\\\/ROM-Infos-Original-Logo.png\",\"contentUrl\":\"https:\\\/\\\/www.runesofmagic-infos.com\\\/wp-content\\\/uploads\\\/2024\\\/01\\\/ROM-Infos-Original-Logo.png\",\"width\":2329,\"height\":1721,\"caption\":\"Runes of Magic-Infos\"},\"image\":{\"@id\":\"https:\\\/\\\/www.runesofmagic-infos.com\\\/pl\\\/#\\\/schema\\\/logo\\\/image\\\/\"}}]}<\/script>\n<!-- \/ Yoast SEO plugin. -->","yoast_head_json":{"title":"Zestaw umiej\u0119tno\u015bci - Runes of Magic-Infos","robots":{"index":"index","follow":"follow","max-snippet":"max-snippet:-1","max-image-preview":"max-image-preview:large","max-video-preview":"max-video-preview:-1"},"canonical":"https:\/\/www.runesofmagic-infos.com\/pl\/zestaw-umiejetnosci\/","og_locale":"pl_PL","og_type":"article","og_title":"Zestaw umiej\u0119tno\u015bci - Runes of Magic-Infos","og_description":"Link do umiej\u0119tno\u015bci zestawu przedmiot\u00f3w","og_url":"https:\/\/www.runesofmagic-infos.com\/pl\/zestaw-umiejetnosci\/","og_site_name":"Runes of Magic-Infos","article_modified_time":"2024-08-21T15:47:07+00:00","twitter_card":"summary_large_image","schema":{"@context":"https:\/\/schema.org","@graph":[{"@type":"WebPage","@id":"https:\/\/www.runesofmagic-infos.com\/pl\/zestaw-umiejetnosci\/","url":"https:\/\/www.runesofmagic-infos.com\/pl\/zestaw-umiejetnosci\/","name":"Zestaw umiej\u0119tno\u015bci - Runes of Magic-Infos","isPartOf":{"@id":"https:\/\/www.runesofmagic-infos.com\/pl\/#website"},"datePublished":"2023-09-17T16:51:33+00:00","dateModified":"2024-08-21T15:47:07+00:00","breadcrumb":{"@id":"https:\/\/www.runesofmagic-infos.com\/pl\/zestaw-umiejetnosci\/#breadcrumb"},"inLanguage":"pl-PL","potentialAction":[{"@type":"ReadAction","target":["https:\/\/www.runesofmagic-infos.com\/pl\/zestaw-umiejetnosci\/"]}]},{"@type":"BreadcrumbList","@id":"https:\/\/www.runesofmagic-infos.com\/pl\/zestaw-umiejetnosci\/#breadcrumb","itemListElement":[{"@type":"ListItem","position":1,"name":"Startseite","item":"https:\/\/www.runesofmagic-infos.com\/pl\/"},{"@type":"ListItem","position":2,"name":"Zestaw umiej\u0119tno\u015bci"}]},{"@type":"WebSite","@id":"https:\/\/www.runesofmagic-infos.com\/pl\/#website","url":"https:\/\/www.runesofmagic-infos.com\/pl\/","name":"Runes of Magic-Infos","description":"","publisher":{"@id":"https:\/\/www.runesofmagic-infos.com\/pl\/#organization"},"potentialAction":[{"@type":"SearchAction","target":{"@type":"EntryPoint","urlTemplate":"https:\/\/www.runesofmagic-infos.com\/pl\/?s={search_term_string}"},"query-input":{"@type":"PropertyValueSpecification","valueRequired":true,"valueName":"search_term_string"}}],"inLanguage":"pl-PL"},{"@type":"Organization","@id":"https:\/\/www.runesofmagic-infos.com\/pl\/#organization","name":"Runes of Magic-Infos","url":"https:\/\/www.runesofmagic-infos.com\/pl\/","logo":{"@type":"ImageObject","inLanguage":"pl-PL","@id":"https:\/\/www.runesofmagic-infos.com\/pl\/#\/schema\/logo\/image\/","url":"https:\/\/www.runesofmagic-infos.com\/wp-content\/uploads\/2024\/01\/ROM-Infos-Original-Logo.png","contentUrl":"https:\/\/www.runesofmagic-infos.com\/wp-content\/uploads\/2024\/01\/ROM-Infos-Original-Logo.png","width":2329,"height":1721,"caption":"Runes of Magic-Infos"},"image":{"@id":"https:\/\/www.runesofmagic-infos.com\/pl\/#\/schema\/logo\/image\/"}}]}},"_links":{"self":[{"href":"https:\/\/www.runesofmagic-infos.com\/pl\/wp-json\/wp\/v2\/pages\/2592","targetHints":{"allow":["GET"]}}],"collection":[{"href":"https:\/\/www.runesofmagic-infos.com\/pl\/wp-json\/wp\/v2\/pages"}],"about":[{"href":"https:\/\/www.runesofmagic-infos.com\/pl\/wp-json\/wp\/v2\/types\/page"}],"author":[{"embeddable":true,"href":"https:\/\/www.runesofmagic-infos.com\/pl\/wp-json\/wp\/v2\/users\/1"}],"replies":[{"embeddable":true,"href":"https:\/\/www.runesofmagic-infos.com\/pl\/wp-json\/wp\/v2\/comments?post=2592"}],"version-history":[{"count":2,"href":"https:\/\/www.runesofmagic-infos.com\/pl\/wp-json\/wp\/v2\/pages\/2592\/revisions"}],"predecessor-version":[{"id":4399,"href":"https:\/\/www.runesofmagic-infos.com\/pl\/wp-json\/wp\/v2\/pages\/2592\/revisions\/4399"}],"wp:attachment":[{"href":"https:\/\/www.runesofmagic-infos.com\/pl\/wp-json\/wp\/v2\/media?parent=2592"}],"curies":[{"name":"wp","href":"https:\/\/api.w.org\/{rel}","templated":true}]}}