{"id":2584,"date":"2023-09-17T16:52:58","date_gmt":"2023-09-17T16:52:58","guid":{"rendered":"https:\/\/www.runesofmagic-infos.com\/elitarne-umiejetnosci\/"},"modified":"2024-08-21T15:47:11","modified_gmt":"2024-08-21T15:47:11","slug":"elitarne-umiejetnosci","status":"publish","type":"page","link":"https:\/\/www.runesofmagic-infos.com\/pl\/elitarne-umiejetnosci\/","title":{"rendered":"Elitarne umiej\u0119tno\u015bci"},"content":{"rendered":"\n<p>Link do <a href=\"https:\/\/runesofmagic.fandom.com\/wiki\/Champion_Elite_Skills\/De\" data-type=\"link\" data-id=\"https:\/\/runesofmagic.fandom.com\/wiki\/Champion_Elite_Skills\/De\">umiej\u0119tno\u015bci Elite Champion<\/a><\/p>\n\n\n\n<p>Link do <a href=\"https:\/\/runesofmagic.fandom.com\/wiki\/Druid_Elite_Skills\/De\" data-type=\"link\" data-id=\"https:\/\/runesofmagic.fandom.com\/wiki\/Druid_Elite_Skills\/De\">elitarnych umiej\u0119tno\u015bci druid\u00f3w<\/a><\/p>\n\n\n\n<p>Link do <a href=\"https:\/\/runesofmagic.fandom.com\/wiki\/Knight_Elite_Skills\/De\" data-type=\"link\" data-id=\"https:\/\/runesofmagic.fandom.com\/wiki\/Knight_Elite_Skills\/De\">umiej\u0119tno\u015bci elitarnych rycerzy<\/a><\/p>\n\n\n\n<p>Link do <a href=\"https:\/\/runesofmagic.fandom.com\/wiki\/Mage_Elite_Skills\/De\" data-type=\"link\" data-id=\"https:\/\/runesofmagic.fandom.com\/wiki\/Mage_Elite_Skills\/De\">elitarnych umiej\u0119tno\u015bci maga<\/a><\/p>\n\n\n\n<p>Link do <a href=\"https:\/\/runesofmagic.fandom.com\/wiki\/Priest_Elite_Skills\/De\" data-type=\"link\" data-id=\"https:\/\/runesofmagic.fandom.com\/wiki\/Priest_Elite_Skills\/De\">elitarnych umiej\u0119tno\u015bci kap\u0142ana<\/a><\/p>\n\n\n\n<p>Link do <a href=\"https:\/\/runesofmagic.fandom.com\/wiki\/Rogue_Elite_Skills\/De\" data-type=\"link\" data-id=\"https:\/\/runesofmagic.fandom.com\/wiki\/Rogue_Elite_Skills\/De\">umiej\u0119tno\u015bci elitarnych \u0142otrzyk\u00f3w<\/a><\/p>\n\n\n\n<p>Link do <a href=\"https:\/\/runesofmagic.fandom.com\/wiki\/Scout_Elite_Skills\/De\" data-type=\"link\" data-id=\"https:\/\/runesofmagic.fandom.com\/wiki\/Scout_Elite_Skills\/De\">elitarnych umiej\u0119tno\u015bci zwiadowcy<\/a><\/p>\n\n\n\n<p>Link do <a href=\"https:\/\/runesofmagic.fandom.com\/wiki\/Warden_Elite_Skills\/De\" data-type=\"link\" data-id=\"https:\/\/runesofmagic.fandom.com\/wiki\/Warden_Elite_Skills\/De\">umiej\u0119tno\u015bci elitarnych Stra\u017cnika<\/a><\/p>\n\n\n\n<p>Link do <a href=\"https:\/\/runesofmagic.fandom.com\/wiki\/Warlock_Elite_Skills\/De\" data-type=\"link\" data-id=\"https:\/\/runesofmagic.fandom.com\/wiki\/Warlock_Elite_Skills\/De\">elitarnych umiej\u0119tno\u015bci czarnoksi\u0119\u017cnika<\/a><\/p>\n\n\n\n<p>Link do <a href=\"https:\/\/runesofmagic.fandom.com\/wiki\/Warrior_Elite_Skills\/De\" data-type=\"link\" data-id=\"https:\/\/runesofmagic.fandom.com\/wiki\/Warrior_Elite_Skills\/De\">umiej\u0119tno\u015bci elitarnych wojownik\u00f3w<\/a><\/p>\n","protected":false},"excerpt":{"rendered":"<p>Link do umiej\u0119tno\u015bci Elite Champion Link do elitarnych umiej\u0119tno\u015bci druid\u00f3w Link do umiej\u0119tno\u015bci elitarnych rycerzy Link do elitarnych umiej\u0119tno\u015bci maga Link do elitarnych umiej\u0119tno\u015bci kap\u0142ana Link do umiej\u0119tno\u015bci elitarnych \u0142otrzyk\u00f3w Link do elitarnych umiej\u0119tno\u015bci zwiadowcy Link do umiej\u0119tno\u015bci elitarnych Stra\u017cnika Link do elitarnych umiej\u0119tno\u015bci czarnoksi\u0119\u017cnika Link do umiej\u0119tno\u015bci elitarnych wojownik\u00f3w<\/p>\n","protected":false},"author":1,"featured_media":0,"parent":0,"menu_order":0,"comment_status":"closed","ping_status":"closed","template":"","meta":{"footnotes":""},"class_list":["post-2584","page","type-page","status-publish","hentry"],"yoast_head":"<!-- This site is optimized with the Yoast SEO plugin v27.4 - https:\/\/yoast.com\/product\/yoast-seo-wordpress\/ -->\n<title>Elitarne umiej\u0119tno\u015bci - Runes of Magic-Infos<\/title>\n<meta name=\"robots\" content=\"index, follow, max-snippet:-1, max-image-preview:large, max-video-preview:-1\" \/>\n<link rel=\"canonical\" href=\"https:\/\/www.runesofmagic-infos.com\/pl\/elitarne-umiejetnosci\/\" \/>\n<meta property=\"og:locale\" content=\"pl_PL\" \/>\n<meta property=\"og:type\" content=\"article\" \/>\n<meta property=\"og:title\" content=\"Elitarne umiej\u0119tno\u015bci - Runes of Magic-Infos\" \/>\n<meta property=\"og:description\" content=\"Link do umiej\u0119tno\u015bci Elite Champion Link do elitarnych umiej\u0119tno\u015bci druid\u00f3w Link do umiej\u0119tno\u015bci elitarnych rycerzy Link do elitarnych umiej\u0119tno\u015bci maga Link do elitarnych umiej\u0119tno\u015bci kap\u0142ana Link do umiej\u0119tno\u015bci elitarnych \u0142otrzyk\u00f3w Link do elitarnych umiej\u0119tno\u015bci zwiadowcy Link do umiej\u0119tno\u015bci elitarnych Stra\u017cnika Link do elitarnych umiej\u0119tno\u015bci czarnoksi\u0119\u017cnika Link do umiej\u0119tno\u015bci elitarnych wojownik\u00f3w\" \/>\n<meta property=\"og:url\" content=\"https:\/\/www.runesofmagic-infos.com\/pl\/elitarne-umiejetnosci\/\" \/>\n<meta property=\"og:site_name\" content=\"Runes of Magic-Infos\" \/>\n<meta property=\"article:modified_time\" content=\"2024-08-21T15:47:11+00:00\" \/>\n<meta name=\"twitter:card\" content=\"summary_large_image\" \/>\n<script type=\"application\/ld+json\" class=\"yoast-schema-graph\">{\"@context\":\"https:\\\/\\\/schema.org\",\"@graph\":[{\"@type\":\"WebPage\",\"@id\":\"https:\\\/\\\/www.runesofmagic-infos.com\\\/pl\\\/elitarne-umiejetnosci\\\/\",\"url\":\"https:\\\/\\\/www.runesofmagic-infos.com\\\/pl\\\/elitarne-umiejetnosci\\\/\",\"name\":\"Elitarne umiej\u0119tno\u015bci - Runes of Magic-Infos\",\"isPartOf\":{\"@id\":\"https:\\\/\\\/www.runesofmagic-infos.com\\\/pl\\\/#website\"},\"datePublished\":\"2023-09-17T16:52:58+00:00\",\"dateModified\":\"2024-08-21T15:47:11+00:00\",\"breadcrumb\":{\"@id\":\"https:\\\/\\\/www.runesofmagic-infos.com\\\/pl\\\/elitarne-umiejetnosci\\\/#breadcrumb\"},\"inLanguage\":\"pl-PL\",\"potentialAction\":[{\"@type\":\"ReadAction\",\"target\":[\"https:\\\/\\\/www.runesofmagic-infos.com\\\/pl\\\/elitarne-umiejetnosci\\\/\"]}]},{\"@type\":\"BreadcrumbList\",\"@id\":\"https:\\\/\\\/www.runesofmagic-infos.com\\\/pl\\\/elitarne-umiejetnosci\\\/#breadcrumb\",\"itemListElement\":[{\"@type\":\"ListItem\",\"position\":1,\"name\":\"Startseite\",\"item\":\"https:\\\/\\\/www.runesofmagic-infos.com\\\/pl\\\/\"},{\"@type\":\"ListItem\",\"position\":2,\"name\":\"Elitarne umiej\u0119tno\u015bci\"}]},{\"@type\":\"WebSite\",\"@id\":\"https:\\\/\\\/www.runesofmagic-infos.com\\\/pl\\\/#website\",\"url\":\"https:\\\/\\\/www.runesofmagic-infos.com\\\/pl\\\/\",\"name\":\"Runes of Magic-Infos\",\"description\":\"\",\"publisher\":{\"@id\":\"https:\\\/\\\/www.runesofmagic-infos.com\\\/pl\\\/#organization\"},\"potentialAction\":[{\"@type\":\"SearchAction\",\"target\":{\"@type\":\"EntryPoint\",\"urlTemplate\":\"https:\\\/\\\/www.runesofmagic-infos.com\\\/pl\\\/?s={search_term_string}\"},\"query-input\":{\"@type\":\"PropertyValueSpecification\",\"valueRequired\":true,\"valueName\":\"search_term_string\"}}],\"inLanguage\":\"pl-PL\"},{\"@type\":\"Organization\",\"@id\":\"https:\\\/\\\/www.runesofmagic-infos.com\\\/pl\\\/#organization\",\"name\":\"Runes of Magic-Infos\",\"url\":\"https:\\\/\\\/www.runesofmagic-infos.com\\\/pl\\\/\",\"logo\":{\"@type\":\"ImageObject\",\"inLanguage\":\"pl-PL\",\"@id\":\"https:\\\/\\\/www.runesofmagic-infos.com\\\/pl\\\/#\\\/schema\\\/logo\\\/image\\\/\",\"url\":\"https:\\\/\\\/www.runesofmagic-infos.com\\\/wp-content\\\/uploads\\\/2024\\\/01\\\/ROM-Infos-Original-Logo.png\",\"contentUrl\":\"https:\\\/\\\/www.runesofmagic-infos.com\\\/wp-content\\\/uploads\\\/2024\\\/01\\\/ROM-Infos-Original-Logo.png\",\"width\":2329,\"height\":1721,\"caption\":\"Runes of Magic-Infos\"},\"image\":{\"@id\":\"https:\\\/\\\/www.runesofmagic-infos.com\\\/pl\\\/#\\\/schema\\\/logo\\\/image\\\/\"}}]}<\/script>\n<!-- \/ Yoast SEO plugin. -->","yoast_head_json":{"title":"Elitarne umiej\u0119tno\u015bci - Runes of Magic-Infos","robots":{"index":"index","follow":"follow","max-snippet":"max-snippet:-1","max-image-preview":"max-image-preview:large","max-video-preview":"max-video-preview:-1"},"canonical":"https:\/\/www.runesofmagic-infos.com\/pl\/elitarne-umiejetnosci\/","og_locale":"pl_PL","og_type":"article","og_title":"Elitarne umiej\u0119tno\u015bci - Runes of Magic-Infos","og_description":"Link do umiej\u0119tno\u015bci Elite Champion Link do elitarnych umiej\u0119tno\u015bci druid\u00f3w Link do umiej\u0119tno\u015bci elitarnych rycerzy Link do elitarnych umiej\u0119tno\u015bci maga Link do elitarnych umiej\u0119tno\u015bci kap\u0142ana Link do umiej\u0119tno\u015bci elitarnych \u0142otrzyk\u00f3w Link do elitarnych umiej\u0119tno\u015bci zwiadowcy Link do umiej\u0119tno\u015bci elitarnych Stra\u017cnika Link do elitarnych umiej\u0119tno\u015bci czarnoksi\u0119\u017cnika Link do umiej\u0119tno\u015bci elitarnych wojownik\u00f3w","og_url":"https:\/\/www.runesofmagic-infos.com\/pl\/elitarne-umiejetnosci\/","og_site_name":"Runes of Magic-Infos","article_modified_time":"2024-08-21T15:47:11+00:00","twitter_card":"summary_large_image","schema":{"@context":"https:\/\/schema.org","@graph":[{"@type":"WebPage","@id":"https:\/\/www.runesofmagic-infos.com\/pl\/elitarne-umiejetnosci\/","url":"https:\/\/www.runesofmagic-infos.com\/pl\/elitarne-umiejetnosci\/","name":"Elitarne umiej\u0119tno\u015bci - Runes of Magic-Infos","isPartOf":{"@id":"https:\/\/www.runesofmagic-infos.com\/pl\/#website"},"datePublished":"2023-09-17T16:52:58+00:00","dateModified":"2024-08-21T15:47:11+00:00","breadcrumb":{"@id":"https:\/\/www.runesofmagic-infos.com\/pl\/elitarne-umiejetnosci\/#breadcrumb"},"inLanguage":"pl-PL","potentialAction":[{"@type":"ReadAction","target":["https:\/\/www.runesofmagic-infos.com\/pl\/elitarne-umiejetnosci\/"]}]},{"@type":"BreadcrumbList","@id":"https:\/\/www.runesofmagic-infos.com\/pl\/elitarne-umiejetnosci\/#breadcrumb","itemListElement":[{"@type":"ListItem","position":1,"name":"Startseite","item":"https:\/\/www.runesofmagic-infos.com\/pl\/"},{"@type":"ListItem","position":2,"name":"Elitarne umiej\u0119tno\u015bci"}]},{"@type":"WebSite","@id":"https:\/\/www.runesofmagic-infos.com\/pl\/#website","url":"https:\/\/www.runesofmagic-infos.com\/pl\/","name":"Runes of Magic-Infos","description":"","publisher":{"@id":"https:\/\/www.runesofmagic-infos.com\/pl\/#organization"},"potentialAction":[{"@type":"SearchAction","target":{"@type":"EntryPoint","urlTemplate":"https:\/\/www.runesofmagic-infos.com\/pl\/?s={search_term_string}"},"query-input":{"@type":"PropertyValueSpecification","valueRequired":true,"valueName":"search_term_string"}}],"inLanguage":"pl-PL"},{"@type":"Organization","@id":"https:\/\/www.runesofmagic-infos.com\/pl\/#organization","name":"Runes of Magic-Infos","url":"https:\/\/www.runesofmagic-infos.com\/pl\/","logo":{"@type":"ImageObject","inLanguage":"pl-PL","@id":"https:\/\/www.runesofmagic-infos.com\/pl\/#\/schema\/logo\/image\/","url":"https:\/\/www.runesofmagic-infos.com\/wp-content\/uploads\/2024\/01\/ROM-Infos-Original-Logo.png","contentUrl":"https:\/\/www.runesofmagic-infos.com\/wp-content\/uploads\/2024\/01\/ROM-Infos-Original-Logo.png","width":2329,"height":1721,"caption":"Runes of Magic-Infos"},"image":{"@id":"https:\/\/www.runesofmagic-infos.com\/pl\/#\/schema\/logo\/image\/"}}]}},"_links":{"self":[{"href":"https:\/\/www.runesofmagic-infos.com\/pl\/wp-json\/wp\/v2\/pages\/2584","targetHints":{"allow":["GET"]}}],"collection":[{"href":"https:\/\/www.runesofmagic-infos.com\/pl\/wp-json\/wp\/v2\/pages"}],"about":[{"href":"https:\/\/www.runesofmagic-infos.com\/pl\/wp-json\/wp\/v2\/types\/page"}],"author":[{"embeddable":true,"href":"https:\/\/www.runesofmagic-infos.com\/pl\/wp-json\/wp\/v2\/users\/1"}],"replies":[{"embeddable":true,"href":"https:\/\/www.runesofmagic-infos.com\/pl\/wp-json\/wp\/v2\/comments?post=2584"}],"version-history":[{"count":2,"href":"https:\/\/www.runesofmagic-infos.com\/pl\/wp-json\/wp\/v2\/pages\/2584\/revisions"}],"predecessor-version":[{"id":4403,"href":"https:\/\/www.runesofmagic-infos.com\/pl\/wp-json\/wp\/v2\/pages\/2584\/revisions\/4403"}],"wp:attachment":[{"href":"https:\/\/www.runesofmagic-infos.com\/pl\/wp-json\/wp\/v2\/media?parent=2584"}],"curies":[{"name":"wp","href":"https:\/\/api.w.org\/{rel}","templated":true}]}}