{"id":2394,"date":"2023-11-12T17:57:00","date_gmt":"2023-11-12T17:57:00","guid":{"rendered":"https:\/\/www.runesofmagic-infos.com\/przewodnik-po-kolekcji\/"},"modified":"2024-01-27T11:47:01","modified_gmt":"2024-01-27T11:47:01","slug":"przewodnik-po-kolekcji","status":"publish","type":"page","link":"https:\/\/www.runesofmagic-infos.com\/pl\/przewodnik-po-kolekcji\/","title":{"rendered":"Przewodnik po kolekcji"},"content":{"rendered":"\n<h1 class=\"wp-block-heading\">Przewodnik po kolekcji Runes of Magic<\/h1>\n\n<p>Witamy w naszym przewodniku po Runes of Magic Gathering! Je\u015bli chcesz eksplorowa\u0107 \u015bwiat Taborei i zbiera\u0107 zasoby, trafi\u0142e\u015b we w\u0142a\u015bciwe miejsce. W tym przewodniku skupimy si\u0119 na r\u00f3\u017cnych profesjach zwi\u0105zanych ze zbieractwem i udzielimy przydatnych wskaz\u00f3wek, jak skutecznie zbiera\u0107 zasoby.<\/p>\n\n<h2 class=\"wp-block-heading\">Zbieranie profesji w Runes of Magic<\/h2>\n\n<p>Runes of Magic oferuje r\u00f3\u017cne profesje zbierackie, kt\u00f3re pozwalaj\u0105 zbiera\u0107 zasoby w \u015bwiecie gry. Oto trzy g\u0142\u00f3wne zawody:<\/p>\n\n<ul class=\"wp-block-list\">\n<li><strong>Zielarstwo<\/strong>: Jako zielarz mo\u017cesz zbiera\u0107 zio\u0142a i ro\u015bliny, kt\u00f3re s\u0105 u\u017cywane do warzenia mikstur i wytwarzania lek\u00f3w. Zio\u0142a mo\u017cna zwykle znale\u017a\u0107 na \u0142\u0105kach i w lasach. Szukaj \u015bwietlistych ro\u015blin, aby odkry\u0107 zio\u0142a.<\/li>\n\n\n\n<li><strong>G\u00f3rnictwo<\/strong>: G\u00f3rnictwo to wa\u017cna profesja, pozwalaj\u0105ca wydobywa\u0107 rudy i minera\u0142y potrzebne do produkcji broni, zbroi i bi\u017cuterii. Szukaj z\u0142\u00f3\u017c rudy w regionach g\u00f3rskich lub kopalniach.<\/li>\n\n\n\n<li><strong>Wycinanie<\/strong> w drewnie: Dzi\u0119ki umiej\u0119tno\u015bci wycinania w drewnie mo\u017cesz pozyskiwa\u0107 drewno z drzew. Drewno jest potrzebne do produkcji mebli, strza\u0142 i innych przedmiot\u00f3w. Wyszukiwanie du\u017cych drzew w lasach w celu pozyskania drewna.<\/li>\n<\/ul>\n\n<h2 class=\"wp-block-heading\">Wskaz\u00f3wki dotycz\u0105ce skutecznego zbierania danych<\/h2>\n\n<p>Oto kilka wskaz\u00f3wek, kt\u00f3re pomog\u0105 ci zbiera\u0107 zasoby w Runes of Magic:<\/p>\n\n<ol class=\"wp-block-list\">\n<li><strong>Odkryj \u015bwiat<\/strong> gry: wybierz si\u0119 na wycieczk\u0119 eksploracyjn\u0105 i odkryj nowe obszary. Ka\u017cdy obszar ma unikalne zasoby, kt\u00f3re mo\u017cna znale\u017a\u0107. Upewnij si\u0119, \u017ce szukasz w r\u00f3\u017cnych regionach, aby zebra\u0107 r\u00f3\u017cnorodne zasoby.<\/li>\n\n\n\n<li><strong>U\u017cywaj odpowiednich narz\u0119dzi<\/strong>: Upewnij si\u0119, \u017ce u\u017cywasz odpowiednich narz\u0119dzi do zbierania. Ka\u017cda profesja wymaga specjalnych narz\u0119dzi, takich jak sierp zielarski, kilof czy top\u00f3r. Narz\u0119dzia te zwi\u0119kszaj\u0105 szanse na sukces podczas zbierania.<\/li>\n\n\n\n<li>Zbieraj <strong>w grupach<\/strong>: Zbieranie zasob\u00f3w w grupie mo\u017ce by\u0107 bardziej efektywne. Mo\u017cesz specjalizowa\u0107 si\u0119 w r\u00f3\u017cnych zasobach, a nast\u0119pnie je udost\u0119pnia\u0107. Wsp\u00f3\u0142praca mo\u017ce zatem przyspieszy\u0107 pozyskiwanie zasob\u00f3w.<\/li>\n\n\n\n<li><strong>Wykorzystaj swoje<\/strong> umiej\u0119tno\u015bci zbieractwa: Regularnie ulepszaj swoje umiej\u0119tno\u015bci zbieractwa, inwestuj\u0105c punkty umiej\u0119tno\u015bci w profesj\u0119 zbieractwa. Zwi\u0119ksza to szanse na sukces podczas zbierania i otwiera nowe mo\u017cliwo\u015bci.<\/li>\n\n\n\n<li><strong>Sprzedawaj lub wykorzystuj sur<\/strong>owce: Mo\u017cesz sprzedawa\u0107 zebrane surowce na rynku, aby zarabia\u0107 pieni\u0105dze, lub wykorzystywa\u0107 je do tworzenia receptur rzemie\u015blniczych i alchemicznych.<\/li>\n<\/ol>\n\n<h2 class=\"wp-block-heading\">Wnioski<\/h2>\n\n<p>Zbieranie zasob\u00f3w w Runes of Magic mo\u017ce by\u0107 bardzo satysfakcjonuj\u0105ce. Wybierz jedn\u0105 lub wi\u0119cej profesji zbierackich, eksploruj \u015bwiat Taborei i zbieraj cenne zasoby, aby ulepszy\u0107 swoje umiej\u0119tno\u015bci rzemie\u015blnicze. Dzi\u0119ki odpowiednim narz\u0119dziom, odrobinie strategii i ch\u0119ci odkrywania \u015bwiata gry, w mgnieniu oka staniesz si\u0119 odnosz\u0105cym sukcesy kolekcjonerem. Mi\u0142ej zabawy przy zbieraniu i poszukiwaniu przyg\u00f3d w Runes of Magic!<\/p>\n\n<p><strong>Uwaga:<\/strong> Niniejszy przewodnik zawiera og\u00f3lne informacje na temat zbierania zasob\u00f3w w Runes of Magic. Ustawienia i warunki gry mog\u0105 ulec zmianie, dlatego zaleca si\u0119 szukanie dodatkowych informacji w grze lub w spo\u0142eczno\u015bci.<\/p>\n","protected":false},"excerpt":{"rendered":"<p>Przewodnik po kolekcji Runes of Magic Witamy w naszym przewodniku po Runes of Magic Gathering! Je\u015bli chcesz eksplorowa\u0107 \u015bwiat Taborei i zbiera\u0107 zasoby, trafi\u0142e\u015b we w\u0142a\u015bciwe miejsce. W tym przewodniku skupimy si\u0119 na r\u00f3\u017cnych profesjach zwi\u0105zanych ze zbieractwem i udzielimy przydatnych wskaz\u00f3wek, jak skutecznie zbiera\u0107 zasoby. Zbieranie profesji w Runes [&hellip;]<\/p>\n","protected":false},"author":1,"featured_media":0,"parent":0,"menu_order":0,"comment_status":"closed","ping_status":"closed","template":"","meta":{"footnotes":""},"class_list":["post-2394","page","type-page","status-publish","hentry"],"yoast_head":"<!-- This site is optimized with the Yoast SEO plugin v27.4 - https:\/\/yoast.com\/product\/yoast-seo-wordpress\/ -->\n<title>Przewodnik po kolekcji - Runes of Magic-Infos<\/title>\n<meta name=\"robots\" content=\"index, follow, max-snippet:-1, max-image-preview:large, max-video-preview:-1\" \/>\n<link rel=\"canonical\" href=\"https:\/\/www.runesofmagic-infos.com\/pl\/przewodnik-po-kolekcji\/\" \/>\n<meta property=\"og:locale\" content=\"pl_PL\" \/>\n<meta property=\"og:type\" content=\"article\" \/>\n<meta property=\"og:title\" content=\"Przewodnik po kolekcji - Runes of Magic-Infos\" \/>\n<meta property=\"og:description\" content=\"Przewodnik po kolekcji Runes of Magic Witamy w naszym przewodniku po Runes of Magic Gathering! Je\u015bli chcesz eksplorowa\u0107 \u015bwiat Taborei i zbiera\u0107 zasoby, trafi\u0142e\u015b we w\u0142a\u015bciwe miejsce. W tym przewodniku skupimy si\u0119 na r\u00f3\u017cnych profesjach zwi\u0105zanych ze zbieractwem i udzielimy przydatnych wskaz\u00f3wek, jak skutecznie zbiera\u0107 zasoby. Zbieranie profesji w Runes [&hellip;]\" \/>\n<meta property=\"og:url\" content=\"https:\/\/www.runesofmagic-infos.com\/pl\/przewodnik-po-kolekcji\/\" \/>\n<meta property=\"og:site_name\" content=\"Runes of Magic-Infos\" \/>\n<meta property=\"article:modified_time\" content=\"2024-01-27T11:47:01+00:00\" \/>\n<meta name=\"twitter:card\" content=\"summary_large_image\" \/>\n<meta name=\"twitter:label1\" content=\"Szacowany czas czytania\" \/>\n\t<meta name=\"twitter:data1\" content=\"2 minuty\" \/>\n<script type=\"application\/ld+json\" class=\"yoast-schema-graph\">{\"@context\":\"https:\\\/\\\/schema.org\",\"@graph\":[{\"@type\":\"WebPage\",\"@id\":\"https:\\\/\\\/www.runesofmagic-infos.com\\\/pl\\\/przewodnik-po-kolekcji\\\/\",\"url\":\"https:\\\/\\\/www.runesofmagic-infos.com\\\/pl\\\/przewodnik-po-kolekcji\\\/\",\"name\":\"Przewodnik po kolekcji - Runes of Magic-Infos\",\"isPartOf\":{\"@id\":\"https:\\\/\\\/www.runesofmagic-infos.com\\\/pl\\\/#website\"},\"datePublished\":\"2023-11-12T17:57:00+00:00\",\"dateModified\":\"2024-01-27T11:47:01+00:00\",\"breadcrumb\":{\"@id\":\"https:\\\/\\\/www.runesofmagic-infos.com\\\/pl\\\/przewodnik-po-kolekcji\\\/#breadcrumb\"},\"inLanguage\":\"pl-PL\",\"potentialAction\":[{\"@type\":\"ReadAction\",\"target\":[\"https:\\\/\\\/www.runesofmagic-infos.com\\\/pl\\\/przewodnik-po-kolekcji\\\/\"]}]},{\"@type\":\"BreadcrumbList\",\"@id\":\"https:\\\/\\\/www.runesofmagic-infos.com\\\/pl\\\/przewodnik-po-kolekcji\\\/#breadcrumb\",\"itemListElement\":[{\"@type\":\"ListItem\",\"position\":1,\"name\":\"Startseite\",\"item\":\"https:\\\/\\\/www.runesofmagic-infos.com\\\/pl\\\/\"},{\"@type\":\"ListItem\",\"position\":2,\"name\":\"Przewodnik po kolekcji\"}]},{\"@type\":\"WebSite\",\"@id\":\"https:\\\/\\\/www.runesofmagic-infos.com\\\/pl\\\/#website\",\"url\":\"https:\\\/\\\/www.runesofmagic-infos.com\\\/pl\\\/\",\"name\":\"Runes of Magic-Infos\",\"description\":\"\",\"publisher\":{\"@id\":\"https:\\\/\\\/www.runesofmagic-infos.com\\\/pl\\\/#organization\"},\"potentialAction\":[{\"@type\":\"SearchAction\",\"target\":{\"@type\":\"EntryPoint\",\"urlTemplate\":\"https:\\\/\\\/www.runesofmagic-infos.com\\\/pl\\\/?s={search_term_string}\"},\"query-input\":{\"@type\":\"PropertyValueSpecification\",\"valueRequired\":true,\"valueName\":\"search_term_string\"}}],\"inLanguage\":\"pl-PL\"},{\"@type\":\"Organization\",\"@id\":\"https:\\\/\\\/www.runesofmagic-infos.com\\\/pl\\\/#organization\",\"name\":\"Runes of Magic-Infos\",\"url\":\"https:\\\/\\\/www.runesofmagic-infos.com\\\/pl\\\/\",\"logo\":{\"@type\":\"ImageObject\",\"inLanguage\":\"pl-PL\",\"@id\":\"https:\\\/\\\/www.runesofmagic-infos.com\\\/pl\\\/#\\\/schema\\\/logo\\\/image\\\/\",\"url\":\"https:\\\/\\\/www.runesofmagic-infos.com\\\/wp-content\\\/uploads\\\/2024\\\/01\\\/ROM-Infos-Original-Logo.png\",\"contentUrl\":\"https:\\\/\\\/www.runesofmagic-infos.com\\\/wp-content\\\/uploads\\\/2024\\\/01\\\/ROM-Infos-Original-Logo.png\",\"width\":2329,\"height\":1721,\"caption\":\"Runes of Magic-Infos\"},\"image\":{\"@id\":\"https:\\\/\\\/www.runesofmagic-infos.com\\\/pl\\\/#\\\/schema\\\/logo\\\/image\\\/\"}}]}<\/script>\n<!-- \/ Yoast SEO plugin. -->","yoast_head_json":{"title":"Przewodnik po kolekcji - Runes of Magic-Infos","robots":{"index":"index","follow":"follow","max-snippet":"max-snippet:-1","max-image-preview":"max-image-preview:large","max-video-preview":"max-video-preview:-1"},"canonical":"https:\/\/www.runesofmagic-infos.com\/pl\/przewodnik-po-kolekcji\/","og_locale":"pl_PL","og_type":"article","og_title":"Przewodnik po kolekcji - Runes of Magic-Infos","og_description":"Przewodnik po kolekcji Runes of Magic Witamy w naszym przewodniku po Runes of Magic Gathering! Je\u015bli chcesz eksplorowa\u0107 \u015bwiat Taborei i zbiera\u0107 zasoby, trafi\u0142e\u015b we w\u0142a\u015bciwe miejsce. W tym przewodniku skupimy si\u0119 na r\u00f3\u017cnych profesjach zwi\u0105zanych ze zbieractwem i udzielimy przydatnych wskaz\u00f3wek, jak skutecznie zbiera\u0107 zasoby. Zbieranie profesji w Runes [&hellip;]","og_url":"https:\/\/www.runesofmagic-infos.com\/pl\/przewodnik-po-kolekcji\/","og_site_name":"Runes of Magic-Infos","article_modified_time":"2024-01-27T11:47:01+00:00","twitter_card":"summary_large_image","twitter_misc":{"Szacowany czas czytania":"2 minuty"},"schema":{"@context":"https:\/\/schema.org","@graph":[{"@type":"WebPage","@id":"https:\/\/www.runesofmagic-infos.com\/pl\/przewodnik-po-kolekcji\/","url":"https:\/\/www.runesofmagic-infos.com\/pl\/przewodnik-po-kolekcji\/","name":"Przewodnik po kolekcji - Runes of Magic-Infos","isPartOf":{"@id":"https:\/\/www.runesofmagic-infos.com\/pl\/#website"},"datePublished":"2023-11-12T17:57:00+00:00","dateModified":"2024-01-27T11:47:01+00:00","breadcrumb":{"@id":"https:\/\/www.runesofmagic-infos.com\/pl\/przewodnik-po-kolekcji\/#breadcrumb"},"inLanguage":"pl-PL","potentialAction":[{"@type":"ReadAction","target":["https:\/\/www.runesofmagic-infos.com\/pl\/przewodnik-po-kolekcji\/"]}]},{"@type":"BreadcrumbList","@id":"https:\/\/www.runesofmagic-infos.com\/pl\/przewodnik-po-kolekcji\/#breadcrumb","itemListElement":[{"@type":"ListItem","position":1,"name":"Startseite","item":"https:\/\/www.runesofmagic-infos.com\/pl\/"},{"@type":"ListItem","position":2,"name":"Przewodnik po kolekcji"}]},{"@type":"WebSite","@id":"https:\/\/www.runesofmagic-infos.com\/pl\/#website","url":"https:\/\/www.runesofmagic-infos.com\/pl\/","name":"Runes of Magic-Infos","description":"","publisher":{"@id":"https:\/\/www.runesofmagic-infos.com\/pl\/#organization"},"potentialAction":[{"@type":"SearchAction","target":{"@type":"EntryPoint","urlTemplate":"https:\/\/www.runesofmagic-infos.com\/pl\/?s={search_term_string}"},"query-input":{"@type":"PropertyValueSpecification","valueRequired":true,"valueName":"search_term_string"}}],"inLanguage":"pl-PL"},{"@type":"Organization","@id":"https:\/\/www.runesofmagic-infos.com\/pl\/#organization","name":"Runes of Magic-Infos","url":"https:\/\/www.runesofmagic-infos.com\/pl\/","logo":{"@type":"ImageObject","inLanguage":"pl-PL","@id":"https:\/\/www.runesofmagic-infos.com\/pl\/#\/schema\/logo\/image\/","url":"https:\/\/www.runesofmagic-infos.com\/wp-content\/uploads\/2024\/01\/ROM-Infos-Original-Logo.png","contentUrl":"https:\/\/www.runesofmagic-infos.com\/wp-content\/uploads\/2024\/01\/ROM-Infos-Original-Logo.png","width":2329,"height":1721,"caption":"Runes of Magic-Infos"},"image":{"@id":"https:\/\/www.runesofmagic-infos.com\/pl\/#\/schema\/logo\/image\/"}}]}},"_links":{"self":[{"href":"https:\/\/www.runesofmagic-infos.com\/pl\/wp-json\/wp\/v2\/pages\/2394","targetHints":{"allow":["GET"]}}],"collection":[{"href":"https:\/\/www.runesofmagic-infos.com\/pl\/wp-json\/wp\/v2\/pages"}],"about":[{"href":"https:\/\/www.runesofmagic-infos.com\/pl\/wp-json\/wp\/v2\/types\/page"}],"author":[{"embeddable":true,"href":"https:\/\/www.runesofmagic-infos.com\/pl\/wp-json\/wp\/v2\/users\/1"}],"replies":[{"embeddable":true,"href":"https:\/\/www.runesofmagic-infos.com\/pl\/wp-json\/wp\/v2\/comments?post=2394"}],"version-history":[{"count":1,"href":"https:\/\/www.runesofmagic-infos.com\/pl\/wp-json\/wp\/v2\/pages\/2394\/revisions"}],"predecessor-version":[{"id":2395,"href":"https:\/\/www.runesofmagic-infos.com\/pl\/wp-json\/wp\/v2\/pages\/2394\/revisions\/2395"}],"wp:attachment":[{"href":"https:\/\/www.runesofmagic-infos.com\/pl\/wp-json\/wp\/v2\/media?parent=2394"}],"curies":[{"name":"wp","href":"https:\/\/api.w.org\/{rel}","templated":true}]}}