{"id":2322,"date":"2023-11-20T19:24:04","date_gmt":"2023-11-20T19:24:04","guid":{"rendered":"https:\/\/www.runesofmagic-infos.com\/najlepsze-maty-gildii-do-notatek\/"},"modified":"2024-01-27T11:34:19","modified_gmt":"2024-01-27T11:34:19","slug":"najlepsze-maty-gildii-do-notatek","status":"publish","type":"page","link":"https:\/\/www.runesofmagic-infos.com\/pl\/najlepsze-maty-gildii-do-notatek\/","title":{"rendered":"Najlepsze maty gildii do notatek"},"content":{"rendered":"\n<p>Witam, zastanawia\u0142em si\u0119 nad tym, kt\u00f3re zasoby najlepiej kupi\u0107, je\u015bli chce si\u0119 zamieni\u0107 stare pami\u0105tki i z\u0142oto na karty gildii. S\u0105 to maty z Windklippendorf, N\u00f6rdlichen Janostwald, Jammerf\u00f6rde i Enoch, tutaj jako przyk\u0142ad rudy:<\/p>\n\n<figure class=\"wp-block-table\"><table><tbody><tr><td><strong>Materia\u0142<\/strong><\/td><td><strong>Notatki<\/strong><\/td><td><strong>Z\u0142oto<\/strong><\/td><td><strong>Wk\u0142ad gildii<\/strong><\/td><td><strong>MatsproMemo<\/strong><\/td><td><strong>Matspro1kGold<\/strong><\/td><td><strong>Combined@3k<\/strong><\/td><td><strong>&#8230;@6k<\/strong><\/td><\/tr><tr><td>Piasek cynkowy<\/td><td>1<\/td><td>4900<\/td><td>300<\/td><td>300<\/td><td>61,22<\/td><td>37,97<\/td><td>27,52<\/td><\/tr><tr><td>Cyna<\/td><td>2<\/td><td>14000<\/td><td>600<\/td><td>300<\/td><td>42,86<\/td><td>30,00<\/td><td>23,08<\/td><\/tr><tr><td>\u017belazo<\/td><td>3<\/td><td>18500<\/td><td>900<\/td><td>300<\/td><td>48,65<\/td><td>32,73<\/td><td>24,66<\/td><\/tr><tr><td>Mied\u017a<\/td><td>4<\/td><td>22100<\/td><td>1200<\/td><td>300<\/td><td>54,30<\/td><td>35,19<\/td><td>26,03<\/td><\/tr><tr><td>Ciemny kryszta\u0142<\/td><td>4<\/td><td>25200<\/td><td>1500<\/td><td>375<\/td><td>59,52<\/td><td>40,32<\/td><td>30,49<\/td><\/tr><tr><td>srebro<\/td><td>5<\/td><td>28000<\/td><td>1800<\/td><td>360<\/td><td>64,29<\/td><td>41,86<\/td><td>31,03<\/td><\/tr><tr><td>\u017belazo wied\u017amy<\/td><td>6<\/td><td>30250<\/td><td>2100<\/td><td>350<\/td><td>69,42<\/td><td>43,52<\/td><td>31,70<\/td><\/tr><tr><td>G\u0142\u0119bokie srebro<\/td><td>10<\/td><td>34750<\/td><td>2700<\/td><td>270<\/td><td>77,70<\/td><td>41,70<\/td><td>28,50<\/td><\/tr><tr><td>RunesObsidian<\/td><td>20<\/td><td>37000<\/td><td>3000<\/td><td>150<\/td><td>81,08<\/td><td>30,93<\/td><td>19,11<\/td><\/tr><tr><td>Srebrna gwiazda<\/td><td>30<\/td><td>44000<\/td><td>4200<\/td><td>140<\/td><td>95,45<\/td><td>31,34<\/td><td>18,75<\/td><\/tr><tr><td>Argentyt<\/td><td>30<\/td><td>44000<\/td><td>5100<\/td><td>170<\/td><td>115,91<\/td><td>38,06<\/td><td>22,77<\/td><\/tr><\/tbody><\/table><\/figure>\n\n<p>Og\u00f3lnie rzecz bior\u0105c, niskie maty kosztuj\u0105 wi\u0119cej z\u0142ota i mniej notatek, podczas gdy wysokie maty kosztuj\u0105 wi\u0119cej notatek i mniej z\u0142ota.<\/p>\n\n<ul class=\"wp-block-list\">\n<li>Je\u015bli masz du\u017co z\u0142ota i chcesz stworzy\u0107 jak najwi\u0119cej guildmat\u00f3w ze swoich memos, ciemny kryszta\u0142 (lub drewno\/herbs za 4 memos i 25k z\u0142ota) (wioska Wind Cliff) jest najlepsz\u0105 rzecz\u0105, jak\u0105 mo\u017cesz kupi\u0107.<\/li>\n\n\n\n<li>Z drugiej strony, je\u015bli masz du\u017co notatek i chcesz zaoszcz\u0119dzi\u0107 z\u0142oto, powiniene\u015b kupi\u0107 najwy\u017csze dost\u0119pne, co obecnie oznacza argentyt (lub odpowiednie drewno \/ zio\u0142a) od Enocha, Azurwehr.<\/li>\n\n\n\n<li>Aby uzyska\u0107 dobr\u0105 \u015bredni\u0105, nale\u017cy wzi\u0105\u0107 pod uwag\u0119 cen\u0119 z\u0142ota memo. Je\u015bli liczysz od 3 do 6 tysi\u0119cy z\u0142ota za notatk\u0119, najlepszym rozwi\u0105zaniem jest wied\u017ami\u0144skie \u017celazo (lub drewno\/zio\u0142a za 6 notatek) (wioska wietrznego klifu). Dwie po\u0142\u0105czone kolumny pokazuj\u0105, ile z\u0142ota p\u0142acisz za zakup notatek.<\/li>\n<\/ul>\n\n<p>Je\u015bli znasz jakie\u015b inne tanie Maty, ch\u0119tnie si\u0119 z Tob\u0105 zapoznam. A je\u015bli stawka memo nie wynosi dla Ciebie od 3 do 6k, napisz do mnie wiadomo\u015b\u0107, a przyjrz\u0119 si\u0119 bli\u017cej.<\/p>\n\n<p>Do\u0142\u0105czy\u0142em <a href=\"https:\/\/forum.runesofmagic.gameforge.com\/attachment\/93-gildenmats-zip\/\">moj\u0105 tabel\u0119<\/a> (spakowan\u0105 jako zip, LibreOffice \/ OpenOffice \/ Excel), je\u015bli chcesz samodzielnie wykona\u0107 obliczenia matematyczne.<\/p>\n\n<p>Oto ma\u0142y przyk\u0142ad tego, jak jest to odzwierciedlone (przy niekorzystnych cenach memo\/z\u0142ota):<\/p>\n\n<ul class=\"wp-block-list\">\n<li>Gildie &#8222;Rockefeller&#8221; i &#8222;Aperture Science&#8221; wygenerowa\u0142y w tym miesi\u0105cu po 24 tys. mem\u00f3w i 151 tys. z\u0142ota.<\/li>\n\n\n\n<li>&#8222;Rockefeller&#8221; wydaje wszystko na 6000 work\u00f3w z piaskiem z ciemnego kryszta\u0142u i ko\u0144czy z <strong>9kk guildmat\u00f3w<\/strong><\/li>\n\n\n\n<li>&#8222;Aperture Science&#8221; kupuje 2700 notatek w cenie 6 tys. z\u0142ota za notatk\u0119. Nast\u0119pnie masz 26700 notatek i 135 tys. z\u0142ota. Mog\u0105 teraz kupi\u0107 za to ok. 4450 work\u00f3w z \u017celaznym piaskiem wied\u017ami\u0144skim i tym samym mie\u0107 ok. <strong>9,35 tys.<\/strong>mat gildii.<\/li>\n<\/ul>\n\n<ul class=\"wp-block-list\">\n<li>Nast\u0119pny miesi\u0105c jest raczej szczup\u0142y, a gildie prowadz\u0105 wiele grot. Teraz maj\u0105 30 tys. mem\u00f3w i 44 tys. z\u0142ota.<\/li>\n\n\n\n<li>&#8222;Rockefeller&#8221; kupuje 1000 argenty\u0144skich work\u00f3w z piaskiem i otrzymuje <strong>5.1kk<\/strong> gildmat\u00f3w.<\/li>\n\n\n\n<li>&#8222;Aperture Science&#8221; pocz\u0105tkowo sprzedaje 13,3 tys. notatek po cenie 3 tys. z\u0142ota za notatk\u0119, a zatem ma 16,7 tys. notatek i 84 tys. z\u0142ota. Z tego kupuj\u0105 teraz oko\u0142o 2780 work\u00f3w z \u017celaznym piaskiem wied\u017ami\u0144skim, a tym samym maj\u0105 oko\u0142o <strong>5,84 tys.<\/strong> mat gildii.<\/li>\n<\/ul>\n","protected":false},"excerpt":{"rendered":"<p>Witam, zastanawia\u0142em si\u0119 nad tym, kt\u00f3re zasoby najlepiej kupi\u0107, je\u015bli chce si\u0119 zamieni\u0107 stare pami\u0105tki i z\u0142oto na karty gildii. S\u0105 to maty z Windklippendorf, N\u00f6rdlichen Janostwald, Jammerf\u00f6rde i Enoch, tutaj jako przyk\u0142ad rudy: Materia\u0142 Notatki Z\u0142oto Wk\u0142ad gildii MatsproMemo Matspro1kGold Combined@3k &#8230;@6k Piasek cynkowy 1 4900 300 300 61,22 [&hellip;]<\/p>\n","protected":false},"author":1,"featured_media":0,"parent":0,"menu_order":0,"comment_status":"closed","ping_status":"closed","template":"","meta":{"footnotes":""},"class_list":["post-2322","page","type-page","status-publish","hentry"],"yoast_head":"<!-- This site is optimized with the Yoast SEO plugin v27.5 - https:\/\/yoast.com\/product\/yoast-seo-wordpress\/ -->\n<title>Najlepsze maty gildii do notatek - Runes of Magic-Infos<\/title>\n<meta name=\"robots\" content=\"index, follow, max-snippet:-1, max-image-preview:large, max-video-preview:-1\" \/>\n<link rel=\"canonical\" href=\"https:\/\/www.runesofmagic-infos.com\/pl\/najlepsze-maty-gildii-do-notatek\/\" \/>\n<meta property=\"og:locale\" content=\"pl_PL\" \/>\n<meta property=\"og:type\" content=\"article\" \/>\n<meta property=\"og:title\" content=\"Najlepsze maty gildii do notatek - Runes of Magic-Infos\" \/>\n<meta property=\"og:description\" content=\"Witam, zastanawia\u0142em si\u0119 nad tym, kt\u00f3re zasoby najlepiej kupi\u0107, je\u015bli chce si\u0119 zamieni\u0107 stare pami\u0105tki i z\u0142oto na karty gildii. S\u0105 to maty z Windklippendorf, N\u00f6rdlichen Janostwald, Jammerf\u00f6rde i Enoch, tutaj jako przyk\u0142ad rudy: Materia\u0142 Notatki Z\u0142oto Wk\u0142ad gildii MatsproMemo Matspro1kGold Combined@3k &#8230;@6k Piasek cynkowy 1 4900 300 300 61,22 [&hellip;]\" \/>\n<meta property=\"og:url\" content=\"https:\/\/www.runesofmagic-infos.com\/pl\/najlepsze-maty-gildii-do-notatek\/\" \/>\n<meta property=\"og:site_name\" content=\"Runes of Magic-Infos\" \/>\n<meta property=\"article:modified_time\" content=\"2024-01-27T11:34:19+00:00\" \/>\n<meta name=\"twitter:card\" content=\"summary_large_image\" \/>\n<meta name=\"twitter:label1\" content=\"Szacowany czas czytania\" \/>\n\t<meta name=\"twitter:data1\" content=\"2 minuty\" \/>\n<script type=\"application\/ld+json\" class=\"yoast-schema-graph\">{\"@context\":\"https:\\\/\\\/schema.org\",\"@graph\":[{\"@type\":\"WebPage\",\"@id\":\"https:\\\/\\\/www.runesofmagic-infos.com\\\/pl\\\/najlepsze-maty-gildii-do-notatek\\\/\",\"url\":\"https:\\\/\\\/www.runesofmagic-infos.com\\\/pl\\\/najlepsze-maty-gildii-do-notatek\\\/\",\"name\":\"Najlepsze maty gildii do notatek - Runes of Magic-Infos\",\"isPartOf\":{\"@id\":\"https:\\\/\\\/www.runesofmagic-infos.com\\\/pl\\\/#website\"},\"datePublished\":\"2023-11-20T19:24:04+00:00\",\"dateModified\":\"2024-01-27T11:34:19+00:00\",\"breadcrumb\":{\"@id\":\"https:\\\/\\\/www.runesofmagic-infos.com\\\/pl\\\/najlepsze-maty-gildii-do-notatek\\\/#breadcrumb\"},\"inLanguage\":\"pl-PL\",\"potentialAction\":[{\"@type\":\"ReadAction\",\"target\":[\"https:\\\/\\\/www.runesofmagic-infos.com\\\/pl\\\/najlepsze-maty-gildii-do-notatek\\\/\"]}]},{\"@type\":\"BreadcrumbList\",\"@id\":\"https:\\\/\\\/www.runesofmagic-infos.com\\\/pl\\\/najlepsze-maty-gildii-do-notatek\\\/#breadcrumb\",\"itemListElement\":[{\"@type\":\"ListItem\",\"position\":1,\"name\":\"Startseite\",\"item\":\"https:\\\/\\\/www.runesofmagic-infos.com\\\/pl\\\/\"},{\"@type\":\"ListItem\",\"position\":2,\"name\":\"Najlepsze maty gildii do notatek\"}]},{\"@type\":\"WebSite\",\"@id\":\"https:\\\/\\\/www.runesofmagic-infos.com\\\/pl\\\/#website\",\"url\":\"https:\\\/\\\/www.runesofmagic-infos.com\\\/pl\\\/\",\"name\":\"Runes of Magic-Infos\",\"description\":\"\",\"publisher\":{\"@id\":\"https:\\\/\\\/www.runesofmagic-infos.com\\\/pl\\\/#organization\"},\"potentialAction\":[{\"@type\":\"SearchAction\",\"target\":{\"@type\":\"EntryPoint\",\"urlTemplate\":\"https:\\\/\\\/www.runesofmagic-infos.com\\\/pl\\\/?s={search_term_string}\"},\"query-input\":{\"@type\":\"PropertyValueSpecification\",\"valueRequired\":true,\"valueName\":\"search_term_string\"}}],\"inLanguage\":\"pl-PL\"},{\"@type\":\"Organization\",\"@id\":\"https:\\\/\\\/www.runesofmagic-infos.com\\\/pl\\\/#organization\",\"name\":\"Runes of Magic-Infos\",\"url\":\"https:\\\/\\\/www.runesofmagic-infos.com\\\/pl\\\/\",\"logo\":{\"@type\":\"ImageObject\",\"inLanguage\":\"pl-PL\",\"@id\":\"https:\\\/\\\/www.runesofmagic-infos.com\\\/pl\\\/#\\\/schema\\\/logo\\\/image\\\/\",\"url\":\"https:\\\/\\\/www.runesofmagic-infos.com\\\/wp-content\\\/uploads\\\/2024\\\/01\\\/ROM-Infos-Original-Logo.png\",\"contentUrl\":\"https:\\\/\\\/www.runesofmagic-infos.com\\\/wp-content\\\/uploads\\\/2024\\\/01\\\/ROM-Infos-Original-Logo.png\",\"width\":2329,\"height\":1721,\"caption\":\"Runes of Magic-Infos\"},\"image\":{\"@id\":\"https:\\\/\\\/www.runesofmagic-infos.com\\\/pl\\\/#\\\/schema\\\/logo\\\/image\\\/\"}}]}<\/script>\n<!-- \/ Yoast SEO plugin. -->","yoast_head_json":{"title":"Najlepsze maty gildii do notatek - Runes of Magic-Infos","robots":{"index":"index","follow":"follow","max-snippet":"max-snippet:-1","max-image-preview":"max-image-preview:large","max-video-preview":"max-video-preview:-1"},"canonical":"https:\/\/www.runesofmagic-infos.com\/pl\/najlepsze-maty-gildii-do-notatek\/","og_locale":"pl_PL","og_type":"article","og_title":"Najlepsze maty gildii do notatek - Runes of Magic-Infos","og_description":"Witam, zastanawia\u0142em si\u0119 nad tym, kt\u00f3re zasoby najlepiej kupi\u0107, je\u015bli chce si\u0119 zamieni\u0107 stare pami\u0105tki i z\u0142oto na karty gildii. S\u0105 to maty z Windklippendorf, N\u00f6rdlichen Janostwald, Jammerf\u00f6rde i Enoch, tutaj jako przyk\u0142ad rudy: Materia\u0142 Notatki Z\u0142oto Wk\u0142ad gildii MatsproMemo Matspro1kGold Combined@3k &#8230;@6k Piasek cynkowy 1 4900 300 300 61,22 [&hellip;]","og_url":"https:\/\/www.runesofmagic-infos.com\/pl\/najlepsze-maty-gildii-do-notatek\/","og_site_name":"Runes of Magic-Infos","article_modified_time":"2024-01-27T11:34:19+00:00","twitter_card":"summary_large_image","twitter_misc":{"Szacowany czas czytania":"2 minuty"},"schema":{"@context":"https:\/\/schema.org","@graph":[{"@type":"WebPage","@id":"https:\/\/www.runesofmagic-infos.com\/pl\/najlepsze-maty-gildii-do-notatek\/","url":"https:\/\/www.runesofmagic-infos.com\/pl\/najlepsze-maty-gildii-do-notatek\/","name":"Najlepsze maty gildii do notatek - Runes of Magic-Infos","isPartOf":{"@id":"https:\/\/www.runesofmagic-infos.com\/pl\/#website"},"datePublished":"2023-11-20T19:24:04+00:00","dateModified":"2024-01-27T11:34:19+00:00","breadcrumb":{"@id":"https:\/\/www.runesofmagic-infos.com\/pl\/najlepsze-maty-gildii-do-notatek\/#breadcrumb"},"inLanguage":"pl-PL","potentialAction":[{"@type":"ReadAction","target":["https:\/\/www.runesofmagic-infos.com\/pl\/najlepsze-maty-gildii-do-notatek\/"]}]},{"@type":"BreadcrumbList","@id":"https:\/\/www.runesofmagic-infos.com\/pl\/najlepsze-maty-gildii-do-notatek\/#breadcrumb","itemListElement":[{"@type":"ListItem","position":1,"name":"Startseite","item":"https:\/\/www.runesofmagic-infos.com\/pl\/"},{"@type":"ListItem","position":2,"name":"Najlepsze maty gildii do notatek"}]},{"@type":"WebSite","@id":"https:\/\/www.runesofmagic-infos.com\/pl\/#website","url":"https:\/\/www.runesofmagic-infos.com\/pl\/","name":"Runes of Magic-Infos","description":"","publisher":{"@id":"https:\/\/www.runesofmagic-infos.com\/pl\/#organization"},"potentialAction":[{"@type":"SearchAction","target":{"@type":"EntryPoint","urlTemplate":"https:\/\/www.runesofmagic-infos.com\/pl\/?s={search_term_string}"},"query-input":{"@type":"PropertyValueSpecification","valueRequired":true,"valueName":"search_term_string"}}],"inLanguage":"pl-PL"},{"@type":"Organization","@id":"https:\/\/www.runesofmagic-infos.com\/pl\/#organization","name":"Runes of Magic-Infos","url":"https:\/\/www.runesofmagic-infos.com\/pl\/","logo":{"@type":"ImageObject","inLanguage":"pl-PL","@id":"https:\/\/www.runesofmagic-infos.com\/pl\/#\/schema\/logo\/image\/","url":"https:\/\/www.runesofmagic-infos.com\/wp-content\/uploads\/2024\/01\/ROM-Infos-Original-Logo.png","contentUrl":"https:\/\/www.runesofmagic-infos.com\/wp-content\/uploads\/2024\/01\/ROM-Infos-Original-Logo.png","width":2329,"height":1721,"caption":"Runes of Magic-Infos"},"image":{"@id":"https:\/\/www.runesofmagic-infos.com\/pl\/#\/schema\/logo\/image\/"}}]}},"_links":{"self":[{"href":"https:\/\/www.runesofmagic-infos.com\/pl\/wp-json\/wp\/v2\/pages\/2322","targetHints":{"allow":["GET"]}}],"collection":[{"href":"https:\/\/www.runesofmagic-infos.com\/pl\/wp-json\/wp\/v2\/pages"}],"about":[{"href":"https:\/\/www.runesofmagic-infos.com\/pl\/wp-json\/wp\/v2\/types\/page"}],"author":[{"embeddable":true,"href":"https:\/\/www.runesofmagic-infos.com\/pl\/wp-json\/wp\/v2\/users\/1"}],"replies":[{"embeddable":true,"href":"https:\/\/www.runesofmagic-infos.com\/pl\/wp-json\/wp\/v2\/comments?post=2322"}],"version-history":[{"count":1,"href":"https:\/\/www.runesofmagic-infos.com\/pl\/wp-json\/wp\/v2\/pages\/2322\/revisions"}],"predecessor-version":[{"id":2323,"href":"https:\/\/www.runesofmagic-infos.com\/pl\/wp-json\/wp\/v2\/pages\/2322\/revisions\/2323"}],"wp:attachment":[{"href":"https:\/\/www.runesofmagic-infos.com\/pl\/wp-json\/wp\/v2\/media?parent=2322"}],"curies":[{"name":"wp","href":"https:\/\/api.w.org\/{rel}","templated":true}]}}