{"id":2276,"date":"2023-11-20T19:33:01","date_gmt":"2023-11-20T19:33:01","guid":{"rendered":"https:\/\/www.runesofmagic-infos.com\/przewodnik-labirynt-daseina\/"},"modified":"2024-01-27T11:33:13","modified_gmt":"2024-01-27T11:33:13","slug":"przewodnik-labirynt-daseina","status":"publish","type":"page","link":"https:\/\/www.runesofmagic-infos.com\/pl\/przewodnik-labirynt-daseina\/","title":{"rendered":"(Przewodnik) Labirynt Daseina"},"content":{"rendered":"\n<p>&#8222;Labirynt Dasein&#8221;<\/p>\n\n<ol class=\"wp-block-list\">\n<li>Og\u00f3lne<\/li>\n\n\n\n<li>Szef &#8222;Dasein&#8221;<\/li>\n\n\n\n<li>Labirynt<\/li>\n<\/ol>\n\n<p><a href=\"https:\/\/youtu.be\/BJ88Wpf49xc\">Wideo Labirynt<\/a><\/p>\n\n<ol class=\"wp-block-list\">\n<li>Og\u00f3lne<\/li>\n<\/ol>\n\n<p>Przed mostem Varany znajduje si\u0119 portal (wygl\u0105da jak umiej\u0119tno\u015b\u0107 czarnoksi\u0119\u017cnika: U\u015bcisk Sacesa).<\/p>\n\n<p>Minimalny poziom: 75+<\/p>\n\n<p>Klikaj\u0105c na ni\u0105, mo\u017cna wej\u015b\u0107 do przedpokoju w zamian za z\u0142oto lub tajemniczy \u015brodek transportu ze sklepu za 40x Dia pro.<\/p>\n\n<p>Akcesje s\u0105 roz\u0142o\u017cone w nast\u0119puj\u0105cy spos\u00f3b:<\/p>\n\n<p>Pierwszy wpis = 250 000 sztuk z\u0142ota<\/p>\n\n<p>Drugi wpis = 1 000 000 sztuk z\u0142ota<\/p>\n\n<p>trzecie wej\u015bcie = 4 000 000 sztuk z\u0142ota<\/p>\n\n<p>Reset dla wpis\u00f3w wynosi obecnie 01:00 czasu letniego.<\/p>\n\n<p>W czasie zimowym b\u0119dzie to godzina 00:00.<\/p>\n\n<p>Nawet je\u015bli <a href=\"https:\/\/forum.runesofmagic.gameforge.com\/user\/19-darcoon\/\">Darcoon<\/a> stwierdza tutaj: &#8222;Cena jest resetowana ka\u017cdej nocy oko\u0142o 2 nad ranem&#8221;, nie jest to prawd\u0105 w rzeczywisto\u015bci, ale jak mog\u0142oby by\u0107, skoro nikt tego nie testuje!<\/p>\n\n<p>czwarty wpis = 1x tajemniczy no\u015bnik transportowy<\/p>\n\n<p>pi\u0105te przyst\u0105pienie = 2x tajemniczy no\u015bnik transportowy<\/p>\n\n<p>sz\u00f3sty wpis i ka\u017cdy nast\u0119pny = 4x tajemniczy no\u015bnik transportowy<\/p>\n\n<p>W przedpokoju znajduj\u0105 si\u0119 trzy portale i zabawne postacie niezale\u017cne z powiedzonkami i nazwami zespo\u0142u eventowego, kt\u00f3ry stworzy\u0142 t\u0119 cz\u0119\u015b\u0107.<\/p>\n\n<p>Portal (wizualnie pomara\u0144czowy) : Tajemniczy wulkan (boss patrz punkt 2)<\/p>\n\n<p>Portal (wizualnie pomara\u0144czowy) : Tajemnicza preria (labirynt patrz punkt 3)<\/p>\n\n<p>Portal (wizualnie jak u\u015bcisk Sacesa) : Wyj\u015bcie<\/p>\n\n<p>Wchodz\u0105c do Tajemniczego Wulkanu znajdziesz si\u0119 w pokoju z bossem&#8230;<\/p>\n\n<p>Wyj\u015bcia z bossa mo\u017cna u\u017cy\u0107 tylko wtedy, gdy nie jest aktywny lub nie jeste\u015b w trakcie walki, a nast\u0119pnie przez szczelin\u0119 w rogu.<\/p>\n\n<ol class=\"wp-block-list\">\n<li>Szef &#8222;Dasein&#8221;<\/li>\n<\/ol>\n\n<p>Poziom 103 z oko\u0142o 500 tys. punkt\u00f3w \u017cycia<\/p>\n\n<p>Zbieranie \u0142up\u00f3w na Baldrze<\/p>\n\n<p>(niestety nie wszyscy otrzymali zwi\u0105zane rzeczy)<\/p>\n\n<p>Istnieje 10x \u0142up, kt\u00f3ry sk\u0142ada si\u0119 z puli:<\/p>\n\n<p>Tajemniczy z\u0142oty klucz (naprawiono)<\/p>\n\n<p>Stary klucz do skrzyni skarb\u00f3w (naprawiono)<\/p>\n\n<p>Odkupienie feniksa (naprawione)<\/p>\n\n<p>Westchnienie anio\u0142a (sta\u0142e)<\/p>\n\n<p>100x Nasiona arbuza szkar\u0142atnego (pe\u0142ne)<\/p>\n\n<p>10 schowk\u00f3w na transformator tajemny (losowo)<\/p>\n\n<p>2x Prosty m\u0142ot naprawczy mistrza (losowo)<\/p>\n\n<p>Mikstura\/eliksir\/specjalne wody Phiriusa &#8211; typ A (losowo)<\/p>\n\n<p>Mikstura\/eliksir\/specjalne wody Phiriusa &#8211; typ B (losowo)<\/p>\n\n<p>3x kamie\u0144 broni elf\u00f3w (losowo)<\/p>\n\n<p>3x Kamie\u0144 Zbroi Elf\u00f3w (losowo)<\/p>\n\n<p>3x Kamie\u0144 jubilerski elf\u00f3w (losowo)<\/p>\n\n<ol class=\"wp-block-list\">\n<li>Labirynt<\/li>\n<\/ol>\n\n<p>Po wej\u015bciu do portalu &#8222;Tajemnicza preria&#8221; up\u0142ywa trzyminutowy czas i rozpoczyna si\u0119 wy\u015bcig.<\/p>\n\n<p>Czerwone skrzynie skarb\u00f3w mo\u017cna otworzy\u0107 bez klucza, a fioletowe skrzynie skarb\u00f3w mo\u017cna otworzy\u0107 tylko za pomoc\u0105 tajnego z\u0142otego klucza.<\/p>\n\n<p>(ze sklepu za 25 slajd\u00f3w i przy odrobinie szcz\u0119\u015bcia z czerwonej skrzyni skarb\u00f3w)<\/p>\n\n<p>W labiryncie znajduj\u0105 si\u0119 r\u00f3wnie\u017c pu\u0142apki runiczne,<\/p>\n\n<p>kt\u00f3re, je\u015bli zostan\u0105 nieostro\u017cnie zdeptane, trac\u0105 -50% pr\u0119dko\u015bci ruchu na dziesi\u0119\u0107 sekund.<\/p>\n\n<p>a po klikni\u0119ciu na ni\u0105 wzmocnienie +50% pr\u0119dko\u015bci ruchu na 10 sekund.<\/p>\n\n<p>\u0141upy z labiryntu<\/p>\n\n<figure class=\"wp-block-table\"><table><tbody><tr><td>Czerwona skrzynia skarb\u00f3w<\/td><td>Fioletowa skrzynia skarb\u00f3w<\/td><\/tr><tr><td>Mistrzowski kamie\u0144 skrzyd\u0142owy (13-20)<\/td><td>Ma\u0142a, nieskazitelna paczka<\/td><\/tr><tr><td>Kamie\u0144 Elfiego Mistrza Broni (13-20)<\/td><td>Hartowany kamie\u0144 elf\u00f3w pierwszej klasy (17-20)<\/td><\/tr><tr><td>Kamie\u0144 Zbroi Mistrza Elf\u00f3w (13-20)<\/td><td>Hartowana elficka zbroja kamienna pierwszej klasy (17-20)<\/td><\/tr><tr><td>Kamie\u0144 jubilerski mistrza elf\u00f3w (13-20)<\/td><td>Utwardzony elficki kamie\u0144 szlachetny pierwszej klasy (17-20)<\/td><\/tr><tr><td>Rola bankowa II (7 dni)<\/td><td>Rola bankowa II (7 dni)<\/td><\/tr><tr><td>Voucher plecakowy III (7 dni)<\/td><td>Karta dziennego zapotrzebowania<\/td><\/tr><tr><td>Mikstura \/ woda \/ eliksir Phiriusa od A do E<\/td><td>Westchnienie anio\u0142a<\/td><\/tr><tr><td>dwie otwarte butelki eliksiru z torby<\/td><td>Odkupienie feniksa<\/td><\/tr><tr><td>3x losowe fajerwerki<\/td><td>Amulet do\u015bwiadczenia towarzysza<\/td><\/tr><tr><td>10 do\u0142adowa\u0144 za Arcane Transformer<\/td><td>Towarzysz\u0105cy amulet treningowy<\/td><\/tr><tr><td>Tajemniczy z\u0142oty klucz<\/td><td>Ol\u015bniewaj\u0105ca stara skrzynia skarb\u00f3w<\/td><\/tr><tr><td>Lataj\u0105cy dysk runiczny w torbie (7 dni)<\/td><td>Lataj\u0105cy dysk runiczny w torbie (30 dni) (#Dzi\u0119ki dla Tris)<\/td><\/tr><tr><td>NOWO\u015a\u0106: 10x nasiona arbuza szkar\u0142atnego<br\/>(tylko z aktywnym zdarzeniem)<\/td><td>Lataj\u0105cy dysk runiczny w sakiewce (na sta\u0142e) (#Dzi\u0119ki dla Carmen55)<\/td><\/tr><tr><td>NOWO\u015a\u0106: 15x ma\u0142\u017ce Phirius<\/td><td><\/td><\/tr><tr><td>NOWO\u015a\u0106: 1x Dow\u00f3d na istnienie mitu (twarda oprawa)<\/td><\/tr><\/tbody><\/table><\/figure>\n","protected":false},"excerpt":{"rendered":"<p>&#8222;Labirynt Dasein&#8221; Wideo Labirynt Przed mostem Varany znajduje si\u0119 portal (wygl\u0105da jak umiej\u0119tno\u015b\u0107 czarnoksi\u0119\u017cnika: U\u015bcisk Sacesa). Minimalny poziom: 75+ Klikaj\u0105c na ni\u0105, mo\u017cna wej\u015b\u0107 do przedpokoju w zamian za z\u0142oto lub tajemniczy \u015brodek transportu ze sklepu za 40x Dia pro. Akcesje s\u0105 roz\u0142o\u017cone w nast\u0119puj\u0105cy spos\u00f3b: Pierwszy wpis = 250 [&hellip;]<\/p>\n","protected":false},"author":1,"featured_media":0,"parent":0,"menu_order":0,"comment_status":"closed","ping_status":"closed","template":"","meta":{"footnotes":""},"class_list":["post-2276","page","type-page","status-publish","hentry"],"yoast_head":"<!-- This site is optimized with the Yoast SEO plugin v27.4 - https:\/\/yoast.com\/product\/yoast-seo-wordpress\/ -->\n<title>(Przewodnik) Labirynt Daseina - Runes of Magic-Infos<\/title>\n<meta name=\"robots\" content=\"index, follow, max-snippet:-1, max-image-preview:large, max-video-preview:-1\" \/>\n<link rel=\"canonical\" href=\"https:\/\/www.runesofmagic-infos.com\/pl\/przewodnik-labirynt-daseina\/\" \/>\n<meta property=\"og:locale\" content=\"pl_PL\" \/>\n<meta property=\"og:type\" content=\"article\" \/>\n<meta property=\"og:title\" content=\"(Przewodnik) Labirynt Daseina - Runes of Magic-Infos\" \/>\n<meta property=\"og:description\" content=\"&#8222;Labirynt Dasein&#8221; Wideo Labirynt Przed mostem Varany znajduje si\u0119 portal (wygl\u0105da jak umiej\u0119tno\u015b\u0107 czarnoksi\u0119\u017cnika: U\u015bcisk Sacesa). Minimalny poziom: 75+ Klikaj\u0105c na ni\u0105, mo\u017cna wej\u015b\u0107 do przedpokoju w zamian za z\u0142oto lub tajemniczy \u015brodek transportu ze sklepu za 40x Dia pro. Akcesje s\u0105 roz\u0142o\u017cone w nast\u0119puj\u0105cy spos\u00f3b: Pierwszy wpis = 250 [&hellip;]\" \/>\n<meta property=\"og:url\" content=\"https:\/\/www.runesofmagic-infos.com\/pl\/przewodnik-labirynt-daseina\/\" \/>\n<meta property=\"og:site_name\" content=\"Runes of Magic-Infos\" \/>\n<meta property=\"article:modified_time\" content=\"2024-01-27T11:33:13+00:00\" \/>\n<meta name=\"twitter:card\" content=\"summary_large_image\" \/>\n<meta name=\"twitter:label1\" content=\"Szacowany czas czytania\" \/>\n\t<meta name=\"twitter:data1\" content=\"3 minuty\" \/>\n<script type=\"application\/ld+json\" class=\"yoast-schema-graph\">{\"@context\":\"https:\\\/\\\/schema.org\",\"@graph\":[{\"@type\":\"WebPage\",\"@id\":\"https:\\\/\\\/www.runesofmagic-infos.com\\\/pl\\\/przewodnik-labirynt-daseina\\\/\",\"url\":\"https:\\\/\\\/www.runesofmagic-infos.com\\\/pl\\\/przewodnik-labirynt-daseina\\\/\",\"name\":\"(Przewodnik) Labirynt Daseina - Runes of Magic-Infos\",\"isPartOf\":{\"@id\":\"https:\\\/\\\/www.runesofmagic-infos.com\\\/pl\\\/#website\"},\"datePublished\":\"2023-11-20T19:33:01+00:00\",\"dateModified\":\"2024-01-27T11:33:13+00:00\",\"breadcrumb\":{\"@id\":\"https:\\\/\\\/www.runesofmagic-infos.com\\\/pl\\\/przewodnik-labirynt-daseina\\\/#breadcrumb\"},\"inLanguage\":\"pl-PL\",\"potentialAction\":[{\"@type\":\"ReadAction\",\"target\":[\"https:\\\/\\\/www.runesofmagic-infos.com\\\/pl\\\/przewodnik-labirynt-daseina\\\/\"]}]},{\"@type\":\"BreadcrumbList\",\"@id\":\"https:\\\/\\\/www.runesofmagic-infos.com\\\/pl\\\/przewodnik-labirynt-daseina\\\/#breadcrumb\",\"itemListElement\":[{\"@type\":\"ListItem\",\"position\":1,\"name\":\"Startseite\",\"item\":\"https:\\\/\\\/www.runesofmagic-infos.com\\\/pl\\\/\"},{\"@type\":\"ListItem\",\"position\":2,\"name\":\"(Przewodnik) Labirynt Daseina\"}]},{\"@type\":\"WebSite\",\"@id\":\"https:\\\/\\\/www.runesofmagic-infos.com\\\/pl\\\/#website\",\"url\":\"https:\\\/\\\/www.runesofmagic-infos.com\\\/pl\\\/\",\"name\":\"Runes of Magic-Infos\",\"description\":\"\",\"publisher\":{\"@id\":\"https:\\\/\\\/www.runesofmagic-infos.com\\\/pl\\\/#organization\"},\"potentialAction\":[{\"@type\":\"SearchAction\",\"target\":{\"@type\":\"EntryPoint\",\"urlTemplate\":\"https:\\\/\\\/www.runesofmagic-infos.com\\\/pl\\\/?s={search_term_string}\"},\"query-input\":{\"@type\":\"PropertyValueSpecification\",\"valueRequired\":true,\"valueName\":\"search_term_string\"}}],\"inLanguage\":\"pl-PL\"},{\"@type\":\"Organization\",\"@id\":\"https:\\\/\\\/www.runesofmagic-infos.com\\\/pl\\\/#organization\",\"name\":\"Runes of Magic-Infos\",\"url\":\"https:\\\/\\\/www.runesofmagic-infos.com\\\/pl\\\/\",\"logo\":{\"@type\":\"ImageObject\",\"inLanguage\":\"pl-PL\",\"@id\":\"https:\\\/\\\/www.runesofmagic-infos.com\\\/pl\\\/#\\\/schema\\\/logo\\\/image\\\/\",\"url\":\"https:\\\/\\\/www.runesofmagic-infos.com\\\/wp-content\\\/uploads\\\/2024\\\/01\\\/ROM-Infos-Original-Logo.png\",\"contentUrl\":\"https:\\\/\\\/www.runesofmagic-infos.com\\\/wp-content\\\/uploads\\\/2024\\\/01\\\/ROM-Infos-Original-Logo.png\",\"width\":2329,\"height\":1721,\"caption\":\"Runes of Magic-Infos\"},\"image\":{\"@id\":\"https:\\\/\\\/www.runesofmagic-infos.com\\\/pl\\\/#\\\/schema\\\/logo\\\/image\\\/\"}}]}<\/script>\n<!-- \/ Yoast SEO plugin. -->","yoast_head_json":{"title":"(Przewodnik) Labirynt Daseina - Runes of Magic-Infos","robots":{"index":"index","follow":"follow","max-snippet":"max-snippet:-1","max-image-preview":"max-image-preview:large","max-video-preview":"max-video-preview:-1"},"canonical":"https:\/\/www.runesofmagic-infos.com\/pl\/przewodnik-labirynt-daseina\/","og_locale":"pl_PL","og_type":"article","og_title":"(Przewodnik) Labirynt Daseina - Runes of Magic-Infos","og_description":"&#8222;Labirynt Dasein&#8221; Wideo Labirynt Przed mostem Varany znajduje si\u0119 portal (wygl\u0105da jak umiej\u0119tno\u015b\u0107 czarnoksi\u0119\u017cnika: U\u015bcisk Sacesa). Minimalny poziom: 75+ Klikaj\u0105c na ni\u0105, mo\u017cna wej\u015b\u0107 do przedpokoju w zamian za z\u0142oto lub tajemniczy \u015brodek transportu ze sklepu za 40x Dia pro. Akcesje s\u0105 roz\u0142o\u017cone w nast\u0119puj\u0105cy spos\u00f3b: Pierwszy wpis = 250 [&hellip;]","og_url":"https:\/\/www.runesofmagic-infos.com\/pl\/przewodnik-labirynt-daseina\/","og_site_name":"Runes of Magic-Infos","article_modified_time":"2024-01-27T11:33:13+00:00","twitter_card":"summary_large_image","twitter_misc":{"Szacowany czas czytania":"3 minuty"},"schema":{"@context":"https:\/\/schema.org","@graph":[{"@type":"WebPage","@id":"https:\/\/www.runesofmagic-infos.com\/pl\/przewodnik-labirynt-daseina\/","url":"https:\/\/www.runesofmagic-infos.com\/pl\/przewodnik-labirynt-daseina\/","name":"(Przewodnik) Labirynt Daseina - Runes of Magic-Infos","isPartOf":{"@id":"https:\/\/www.runesofmagic-infos.com\/pl\/#website"},"datePublished":"2023-11-20T19:33:01+00:00","dateModified":"2024-01-27T11:33:13+00:00","breadcrumb":{"@id":"https:\/\/www.runesofmagic-infos.com\/pl\/przewodnik-labirynt-daseina\/#breadcrumb"},"inLanguage":"pl-PL","potentialAction":[{"@type":"ReadAction","target":["https:\/\/www.runesofmagic-infos.com\/pl\/przewodnik-labirynt-daseina\/"]}]},{"@type":"BreadcrumbList","@id":"https:\/\/www.runesofmagic-infos.com\/pl\/przewodnik-labirynt-daseina\/#breadcrumb","itemListElement":[{"@type":"ListItem","position":1,"name":"Startseite","item":"https:\/\/www.runesofmagic-infos.com\/pl\/"},{"@type":"ListItem","position":2,"name":"(Przewodnik) Labirynt Daseina"}]},{"@type":"WebSite","@id":"https:\/\/www.runesofmagic-infos.com\/pl\/#website","url":"https:\/\/www.runesofmagic-infos.com\/pl\/","name":"Runes of Magic-Infos","description":"","publisher":{"@id":"https:\/\/www.runesofmagic-infos.com\/pl\/#organization"},"potentialAction":[{"@type":"SearchAction","target":{"@type":"EntryPoint","urlTemplate":"https:\/\/www.runesofmagic-infos.com\/pl\/?s={search_term_string}"},"query-input":{"@type":"PropertyValueSpecification","valueRequired":true,"valueName":"search_term_string"}}],"inLanguage":"pl-PL"},{"@type":"Organization","@id":"https:\/\/www.runesofmagic-infos.com\/pl\/#organization","name":"Runes of Magic-Infos","url":"https:\/\/www.runesofmagic-infos.com\/pl\/","logo":{"@type":"ImageObject","inLanguage":"pl-PL","@id":"https:\/\/www.runesofmagic-infos.com\/pl\/#\/schema\/logo\/image\/","url":"https:\/\/www.runesofmagic-infos.com\/wp-content\/uploads\/2024\/01\/ROM-Infos-Original-Logo.png","contentUrl":"https:\/\/www.runesofmagic-infos.com\/wp-content\/uploads\/2024\/01\/ROM-Infos-Original-Logo.png","width":2329,"height":1721,"caption":"Runes of Magic-Infos"},"image":{"@id":"https:\/\/www.runesofmagic-infos.com\/pl\/#\/schema\/logo\/image\/"}}]}},"_links":{"self":[{"href":"https:\/\/www.runesofmagic-infos.com\/pl\/wp-json\/wp\/v2\/pages\/2276","targetHints":{"allow":["GET"]}}],"collection":[{"href":"https:\/\/www.runesofmagic-infos.com\/pl\/wp-json\/wp\/v2\/pages"}],"about":[{"href":"https:\/\/www.runesofmagic-infos.com\/pl\/wp-json\/wp\/v2\/types\/page"}],"author":[{"embeddable":true,"href":"https:\/\/www.runesofmagic-infos.com\/pl\/wp-json\/wp\/v2\/users\/1"}],"replies":[{"embeddable":true,"href":"https:\/\/www.runesofmagic-infos.com\/pl\/wp-json\/wp\/v2\/comments?post=2276"}],"version-history":[{"count":1,"href":"https:\/\/www.runesofmagic-infos.com\/pl\/wp-json\/wp\/v2\/pages\/2276\/revisions"}],"predecessor-version":[{"id":2277,"href":"https:\/\/www.runesofmagic-infos.com\/pl\/wp-json\/wp\/v2\/pages\/2276\/revisions\/2277"}],"wp:attachment":[{"href":"https:\/\/www.runesofmagic-infos.com\/pl\/wp-json\/wp\/v2\/media?parent=2276"}],"curies":[{"name":"wp","href":"https:\/\/api.w.org\/{rel}","templated":true}]}}