{"id":2200,"date":"2023-12-18T18:32:09","date_gmt":"2023-12-18T18:32:09","guid":{"rendered":"https:\/\/www.runesofmagic-infos.com\/world-boss-events\/"},"modified":"2024-04-02T15:34:10","modified_gmt":"2024-04-02T15:34:10","slug":"world-boss-events","status":"publish","type":"page","link":"https:\/\/www.runesofmagic-infos.com\/pl\/world-boss-events\/","title":{"rendered":"World Boss Events"},"content":{"rendered":"\n<h2 class=\"wp-block-heading\" id=\"helveta\">Helveta<\/h2>\n\n\n\n<figure class=\"wp-block-image size-full\"><img loading=\"lazy\" decoding=\"async\" width=\"701\" height=\"565\" src=\"https:\/\/runesofmagicinfos.wpcomstaging.com\/wp-content\/uploads\/2023\/12\/image.png\" alt=\"\" class=\"wp-image-1169\" srcset=\"https:\/\/www.runesofmagic-infos.com\/wp-content\/uploads\/2023\/12\/image.png 701w, https:\/\/www.runesofmagic-infos.com\/wp-content\/uploads\/2023\/12\/image-300x242.png 300w\" sizes=\"auto, (max-width: 701px) 100vw, 701px\" \/><\/figure>\n\n\n\n<h2 class=\"wp-block-heading\"><strong>\u0141upy:  <\/strong><\/h2>\n\n\n\n<ul class=\"wp-block-list\"><\/ul>\n\n\n\n<p><strong>Pier\u015bcie\u0144 dok\u0142adno\u015bci fizycznej<\/strong><\/p>\n\n\n\n<figure class=\"wp-block-image\"><img decoding=\"async\" src=\"https:\/\/database.rom-welten.de\/img\/interface\/icons\/eq_finger-02.png\" alt=\"eq_finger-02.png\"><\/figure>\n\n\n\n<p><strong>Magiczny pier\u015bcie\u0144 dok\u0142adno\u015bci (Magiczny pier\u015bcie\u0144 dok\u0142adno\u015bci)<\/strong><\/p>\n\n\n\n<figure class=\"wp-block-image\"><img decoding=\"async\" src=\"https:\/\/database.rom-welten.de\/img\/interface\/icons\/eq_finger-01.png\" alt=\"eq_finger-01.png\"><\/figure>\n\n\n\n<p><strong>Pier\u015bcie\u0144 Dok\u0142adno\u015bci Leczenia<\/strong><\/p>\n\n\n\n<figure class=\"wp-block-image\"><img decoding=\"async\" src=\"https:\/\/database.rom-welten.de\/img\/interface\/icons\/eq_finger-082.png\" alt=\"eq_finger-082.png\"><\/figure>\n\n\n\n<p>Nowe rzadkie statystyki dla Helvety:<\/p>\n\n\n\n<ul class=\"wp-block-list\">\n<li>Si\u0142a \/ Zr\u0119czno\u015b\u0107 \/ Atak fizyczny<\/li>\n\n\n\n<li>Inteligencja \/ M\u0105dro\u015b\u0107 \/ Atak magiczny<\/li>\n\n\n\n<li>Wytrzyma\u0142o\u015b\u0107 \/ Obrona \/ P\u017b<\/li>\n\n\n\n<li>M\u0105dro\u015b\u0107 \/ Wytrzyma\u0142o\u015b\u0107 \/ P\u017b<\/li>\n<\/ul>\n\n\n\n<h2 class=\"wp-block-heading\">Czas odrodzenia:<\/h2>\n\n\n\n<p><strong>&#8211; \u015aroda, 21:00 (czasu serwera)<\/strong><\/p>\n\n\n\n<p><strong>&#8211; Niedziela, 18:00 (czasu serwera)<\/strong><\/p>\n\n\n\n<h2 class=\"wp-block-heading\">Lokalizacja:<\/h2>\n\n\n\n<p><strong>Jaz Mularan w Farsitan<\/strong><\/p>\n\n\n\n<h2 class=\"wp-block-heading\">Lakishna<\/h2>\n\n\n\n<figure class=\"wp-block-image size-full\"><img loading=\"lazy\" decoding=\"async\" width=\"849\" height=\"536\" src=\"https:\/\/runesofmagicinfos.wpcomstaging.com\/wp-content\/uploads\/2023\/12\/image-1.png\" alt=\"\" class=\"wp-image-1173\" srcset=\"https:\/\/www.runesofmagic-infos.com\/wp-content\/uploads\/2023\/12\/image-1.png 849w, https:\/\/www.runesofmagic-infos.com\/wp-content\/uploads\/2023\/12\/image-1-300x189.png 300w, https:\/\/www.runesofmagic-infos.com\/wp-content\/uploads\/2023\/12\/image-1-768x485.png 768w\" sizes=\"auto, (max-width: 849px) 100vw, 849px\" \/><\/figure>\n\n\n\n<h2 class=\"wp-block-heading\">\u0141upy:<\/h2>\n\n\n\n<figure class=\"wp-block-table\"><table><tbody><tr><td>Fizyczny kolczyk<\/td><td>Magiczny kolczyk<\/td><td>Uzdrawiaj\u0105cy kolczyk<\/td><\/tr><tr><td><img decoding=\"async\" src=\"https:\/\/image.board.gameforge.com\/uploads\/romstore\/p.jpg\" alt=\"p.jpg\" class=\"\"><\/td><td><img decoding=\"async\" src=\"https:\/\/image.board.gameforge.com\/uploads\/romstore\/m.jpg\" alt=\"m.jpg\" class=\"\"><\/td><td><img decoding=\"async\" src=\"https:\/\/image.board.gameforge.com\/uploads\/romstore\/h.jpg\" alt=\"h.jpg\" class=\"\"><\/td><\/tr><\/tbody><\/table><\/figure>\n\n\n\n<p>Nowe rzadkie statystyki dla Lakishny:<\/p>\n\n\n\n<ul class=\"wp-block-list\">\n<li>Si\u0142a \/ Zr\u0119czno\u015b\u0107 \/ Atak fizyczny<\/li>\n\n\n\n<li>Inteligencja \/ M\u0105dro\u015b\u0107 \/ Atak magiczny<\/li>\n\n\n\n<li>Wytrzyma\u0142o\u015b\u0107 \/ Obrona \/ P\u017b<\/li>\n\n\n\n<li>M\u0105dro\u015b\u0107 \/ Wytrzyma\u0142o\u015b\u0107 \/ P\u017b<\/li>\n<\/ul>\n\n\n\n<h2 class=\"wp-block-heading\">Czas odrodzenia:<\/h2>\n\n\n\n<p><strong>&#8211; Poniedzia\u0142ek, 18:00 (czasu serwera)<\/strong><\/p>\n\n\n\n<p><strong>&#8211; Sobota, 21:00 (czasu serwera)<\/strong><\/p>\n\n\n\n<h2 class=\"wp-block-heading\">Lokalizacja:<\/h2>\n\n\n\n<p><strong>Enoch (przed Jadezahnsiedlung)<\/strong><\/p>\n","protected":false},"excerpt":{"rendered":"<p>Helveta \u0141upy: Pier\u015bcie\u0144 dok\u0142adno\u015bci fizycznej Magiczny pier\u015bcie\u0144 dok\u0142adno\u015bci (Magiczny pier\u015bcie\u0144 dok\u0142adno\u015bci) Pier\u015bcie\u0144 Dok\u0142adno\u015bci Leczenia Nowe rzadkie statystyki dla Helvety: Czas odrodzenia: &#8211; \u015aroda, 21:00 (czasu serwera) &#8211; Niedziela, 18:00 (czasu serwera) Lokalizacja: Jaz Mularan w Farsitan Lakishna \u0141upy: Fizyczny kolczyk Magiczny kolczyk Uzdrawiaj\u0105cy kolczyk Nowe rzadkie statystyki dla Lakishny: Czas [&hellip;]<\/p>\n","protected":false},"author":1,"featured_media":0,"parent":0,"menu_order":0,"comment_status":"closed","ping_status":"closed","template":"","meta":{"footnotes":""},"class_list":["post-2200","page","type-page","status-publish","hentry"],"yoast_head":"<!-- This site is optimized with the Yoast SEO plugin v27.4 - https:\/\/yoast.com\/product\/yoast-seo-wordpress\/ -->\n<title>World Boss Events - Runes of Magic-Infos<\/title>\n<meta name=\"robots\" content=\"index, follow, max-snippet:-1, max-image-preview:large, max-video-preview:-1\" \/>\n<link rel=\"canonical\" href=\"https:\/\/www.runesofmagic-infos.com\/pl\/world-boss-events\/\" \/>\n<meta property=\"og:locale\" content=\"pl_PL\" \/>\n<meta property=\"og:type\" content=\"article\" \/>\n<meta property=\"og:title\" content=\"World Boss Events - Runes of Magic-Infos\" \/>\n<meta property=\"og:description\" content=\"Helveta \u0141upy: Pier\u015bcie\u0144 dok\u0142adno\u015bci fizycznej Magiczny pier\u015bcie\u0144 dok\u0142adno\u015bci (Magiczny pier\u015bcie\u0144 dok\u0142adno\u015bci) Pier\u015bcie\u0144 Dok\u0142adno\u015bci Leczenia Nowe rzadkie statystyki dla Helvety: Czas odrodzenia: &#8211; \u015aroda, 21:00 (czasu serwera) &#8211; Niedziela, 18:00 (czasu serwera) Lokalizacja: Jaz Mularan w Farsitan Lakishna \u0141upy: Fizyczny kolczyk Magiczny kolczyk Uzdrawiaj\u0105cy kolczyk Nowe rzadkie statystyki dla Lakishny: Czas [&hellip;]\" \/>\n<meta property=\"og:url\" content=\"https:\/\/www.runesofmagic-infos.com\/pl\/world-boss-events\/\" \/>\n<meta property=\"og:site_name\" content=\"Runes of Magic-Infos\" \/>\n<meta property=\"article:modified_time\" content=\"2024-04-02T15:34:10+00:00\" \/>\n<meta property=\"og:image\" content=\"https:\/\/runesofmagicinfos.wpcomstaging.com\/wp-content\/uploads\/2023\/12\/image.png\" \/>\n<meta name=\"twitter:card\" content=\"summary_large_image\" \/>\n<meta name=\"twitter:label1\" content=\"Szacowany czas czytania\" \/>\n\t<meta name=\"twitter:data1\" content=\"1 minuta\" \/>\n<script type=\"application\/ld+json\" class=\"yoast-schema-graph\">{\"@context\":\"https:\\\/\\\/schema.org\",\"@graph\":[{\"@type\":\"WebPage\",\"@id\":\"https:\\\/\\\/www.runesofmagic-infos.com\\\/pl\\\/world-boss-events\\\/\",\"url\":\"https:\\\/\\\/www.runesofmagic-infos.com\\\/pl\\\/world-boss-events\\\/\",\"name\":\"World Boss Events - Runes of Magic-Infos\",\"isPartOf\":{\"@id\":\"https:\\\/\\\/www.runesofmagic-infos.com\\\/pl\\\/#website\"},\"primaryImageOfPage\":{\"@id\":\"https:\\\/\\\/www.runesofmagic-infos.com\\\/pl\\\/world-boss-events\\\/#primaryimage\"},\"image\":{\"@id\":\"https:\\\/\\\/www.runesofmagic-infos.com\\\/pl\\\/world-boss-events\\\/#primaryimage\"},\"thumbnailUrl\":\"https:\\\/\\\/runesofmagicinfos.wpcomstaging.com\\\/wp-content\\\/uploads\\\/2023\\\/12\\\/image.png\",\"datePublished\":\"2023-12-18T18:32:09+00:00\",\"dateModified\":\"2024-04-02T15:34:10+00:00\",\"breadcrumb\":{\"@id\":\"https:\\\/\\\/www.runesofmagic-infos.com\\\/pl\\\/world-boss-events\\\/#breadcrumb\"},\"inLanguage\":\"pl-PL\",\"potentialAction\":[{\"@type\":\"ReadAction\",\"target\":[\"https:\\\/\\\/www.runesofmagic-infos.com\\\/pl\\\/world-boss-events\\\/\"]}]},{\"@type\":\"ImageObject\",\"inLanguage\":\"pl-PL\",\"@id\":\"https:\\\/\\\/www.runesofmagic-infos.com\\\/pl\\\/world-boss-events\\\/#primaryimage\",\"url\":\"https:\\\/\\\/runesofmagicinfos.wpcomstaging.com\\\/wp-content\\\/uploads\\\/2023\\\/12\\\/image.png\",\"contentUrl\":\"https:\\\/\\\/runesofmagicinfos.wpcomstaging.com\\\/wp-content\\\/uploads\\\/2023\\\/12\\\/image.png\"},{\"@type\":\"BreadcrumbList\",\"@id\":\"https:\\\/\\\/www.runesofmagic-infos.com\\\/pl\\\/world-boss-events\\\/#breadcrumb\",\"itemListElement\":[{\"@type\":\"ListItem\",\"position\":1,\"name\":\"Startseite\",\"item\":\"https:\\\/\\\/www.runesofmagic-infos.com\\\/pl\\\/\"},{\"@type\":\"ListItem\",\"position\":2,\"name\":\"World Boss Events\"}]},{\"@type\":\"WebSite\",\"@id\":\"https:\\\/\\\/www.runesofmagic-infos.com\\\/pl\\\/#website\",\"url\":\"https:\\\/\\\/www.runesofmagic-infos.com\\\/pl\\\/\",\"name\":\"Runes of Magic-Infos\",\"description\":\"\",\"publisher\":{\"@id\":\"https:\\\/\\\/www.runesofmagic-infos.com\\\/pl\\\/#organization\"},\"potentialAction\":[{\"@type\":\"SearchAction\",\"target\":{\"@type\":\"EntryPoint\",\"urlTemplate\":\"https:\\\/\\\/www.runesofmagic-infos.com\\\/pl\\\/?s={search_term_string}\"},\"query-input\":{\"@type\":\"PropertyValueSpecification\",\"valueRequired\":true,\"valueName\":\"search_term_string\"}}],\"inLanguage\":\"pl-PL\"},{\"@type\":\"Organization\",\"@id\":\"https:\\\/\\\/www.runesofmagic-infos.com\\\/pl\\\/#organization\",\"name\":\"Runes of Magic-Infos\",\"url\":\"https:\\\/\\\/www.runesofmagic-infos.com\\\/pl\\\/\",\"logo\":{\"@type\":\"ImageObject\",\"inLanguage\":\"pl-PL\",\"@id\":\"https:\\\/\\\/www.runesofmagic-infos.com\\\/pl\\\/#\\\/schema\\\/logo\\\/image\\\/\",\"url\":\"https:\\\/\\\/www.runesofmagic-infos.com\\\/wp-content\\\/uploads\\\/2024\\\/01\\\/ROM-Infos-Original-Logo.png\",\"contentUrl\":\"https:\\\/\\\/www.runesofmagic-infos.com\\\/wp-content\\\/uploads\\\/2024\\\/01\\\/ROM-Infos-Original-Logo.png\",\"width\":2329,\"height\":1721,\"caption\":\"Runes of Magic-Infos\"},\"image\":{\"@id\":\"https:\\\/\\\/www.runesofmagic-infos.com\\\/pl\\\/#\\\/schema\\\/logo\\\/image\\\/\"}}]}<\/script>\n<!-- \/ Yoast SEO plugin. -->","yoast_head_json":{"title":"World Boss Events - Runes of Magic-Infos","robots":{"index":"index","follow":"follow","max-snippet":"max-snippet:-1","max-image-preview":"max-image-preview:large","max-video-preview":"max-video-preview:-1"},"canonical":"https:\/\/www.runesofmagic-infos.com\/pl\/world-boss-events\/","og_locale":"pl_PL","og_type":"article","og_title":"World Boss Events - Runes of Magic-Infos","og_description":"Helveta \u0141upy: Pier\u015bcie\u0144 dok\u0142adno\u015bci fizycznej Magiczny pier\u015bcie\u0144 dok\u0142adno\u015bci (Magiczny pier\u015bcie\u0144 dok\u0142adno\u015bci) Pier\u015bcie\u0144 Dok\u0142adno\u015bci Leczenia Nowe rzadkie statystyki dla Helvety: Czas odrodzenia: &#8211; \u015aroda, 21:00 (czasu serwera) &#8211; Niedziela, 18:00 (czasu serwera) Lokalizacja: Jaz Mularan w Farsitan Lakishna \u0141upy: Fizyczny kolczyk Magiczny kolczyk Uzdrawiaj\u0105cy kolczyk Nowe rzadkie statystyki dla Lakishny: Czas [&hellip;]","og_url":"https:\/\/www.runesofmagic-infos.com\/pl\/world-boss-events\/","og_site_name":"Runes of Magic-Infos","article_modified_time":"2024-04-02T15:34:10+00:00","og_image":[{"url":"https:\/\/runesofmagicinfos.wpcomstaging.com\/wp-content\/uploads\/2023\/12\/image.png","type":"","width":"","height":""}],"twitter_card":"summary_large_image","twitter_misc":{"Szacowany czas czytania":"1 minuta"},"schema":{"@context":"https:\/\/schema.org","@graph":[{"@type":"WebPage","@id":"https:\/\/www.runesofmagic-infos.com\/pl\/world-boss-events\/","url":"https:\/\/www.runesofmagic-infos.com\/pl\/world-boss-events\/","name":"World Boss Events - Runes of Magic-Infos","isPartOf":{"@id":"https:\/\/www.runesofmagic-infos.com\/pl\/#website"},"primaryImageOfPage":{"@id":"https:\/\/www.runesofmagic-infos.com\/pl\/world-boss-events\/#primaryimage"},"image":{"@id":"https:\/\/www.runesofmagic-infos.com\/pl\/world-boss-events\/#primaryimage"},"thumbnailUrl":"https:\/\/runesofmagicinfos.wpcomstaging.com\/wp-content\/uploads\/2023\/12\/image.png","datePublished":"2023-12-18T18:32:09+00:00","dateModified":"2024-04-02T15:34:10+00:00","breadcrumb":{"@id":"https:\/\/www.runesofmagic-infos.com\/pl\/world-boss-events\/#breadcrumb"},"inLanguage":"pl-PL","potentialAction":[{"@type":"ReadAction","target":["https:\/\/www.runesofmagic-infos.com\/pl\/world-boss-events\/"]}]},{"@type":"ImageObject","inLanguage":"pl-PL","@id":"https:\/\/www.runesofmagic-infos.com\/pl\/world-boss-events\/#primaryimage","url":"https:\/\/runesofmagicinfos.wpcomstaging.com\/wp-content\/uploads\/2023\/12\/image.png","contentUrl":"https:\/\/runesofmagicinfos.wpcomstaging.com\/wp-content\/uploads\/2023\/12\/image.png"},{"@type":"BreadcrumbList","@id":"https:\/\/www.runesofmagic-infos.com\/pl\/world-boss-events\/#breadcrumb","itemListElement":[{"@type":"ListItem","position":1,"name":"Startseite","item":"https:\/\/www.runesofmagic-infos.com\/pl\/"},{"@type":"ListItem","position":2,"name":"World Boss Events"}]},{"@type":"WebSite","@id":"https:\/\/www.runesofmagic-infos.com\/pl\/#website","url":"https:\/\/www.runesofmagic-infos.com\/pl\/","name":"Runes of Magic-Infos","description":"","publisher":{"@id":"https:\/\/www.runesofmagic-infos.com\/pl\/#organization"},"potentialAction":[{"@type":"SearchAction","target":{"@type":"EntryPoint","urlTemplate":"https:\/\/www.runesofmagic-infos.com\/pl\/?s={search_term_string}"},"query-input":{"@type":"PropertyValueSpecification","valueRequired":true,"valueName":"search_term_string"}}],"inLanguage":"pl-PL"},{"@type":"Organization","@id":"https:\/\/www.runesofmagic-infos.com\/pl\/#organization","name":"Runes of Magic-Infos","url":"https:\/\/www.runesofmagic-infos.com\/pl\/","logo":{"@type":"ImageObject","inLanguage":"pl-PL","@id":"https:\/\/www.runesofmagic-infos.com\/pl\/#\/schema\/logo\/image\/","url":"https:\/\/www.runesofmagic-infos.com\/wp-content\/uploads\/2024\/01\/ROM-Infos-Original-Logo.png","contentUrl":"https:\/\/www.runesofmagic-infos.com\/wp-content\/uploads\/2024\/01\/ROM-Infos-Original-Logo.png","width":2329,"height":1721,"caption":"Runes of Magic-Infos"},"image":{"@id":"https:\/\/www.runesofmagic-infos.com\/pl\/#\/schema\/logo\/image\/"}}]}},"_links":{"self":[{"href":"https:\/\/www.runesofmagic-infos.com\/pl\/wp-json\/wp\/v2\/pages\/2200","targetHints":{"allow":["GET"]}}],"collection":[{"href":"https:\/\/www.runesofmagic-infos.com\/pl\/wp-json\/wp\/v2\/pages"}],"about":[{"href":"https:\/\/www.runesofmagic-infos.com\/pl\/wp-json\/wp\/v2\/types\/page"}],"author":[{"embeddable":true,"href":"https:\/\/www.runesofmagic-infos.com\/pl\/wp-json\/wp\/v2\/users\/1"}],"replies":[{"embeddable":true,"href":"https:\/\/www.runesofmagic-infos.com\/pl\/wp-json\/wp\/v2\/comments?post=2200"}],"version-history":[{"count":2,"href":"https:\/\/www.runesofmagic-infos.com\/pl\/wp-json\/wp\/v2\/pages\/2200\/revisions"}],"predecessor-version":[{"id":3765,"href":"https:\/\/www.runesofmagic-infos.com\/pl\/wp-json\/wp\/v2\/pages\/2200\/revisions\/3765"}],"wp:attachment":[{"href":"https:\/\/www.runesofmagic-infos.com\/pl\/wp-json\/wp\/v2\/media?parent=2200"}],"curies":[{"name":"wp","href":"https:\/\/api.w.org\/{rel}","templated":true}]}}