{"id":5989,"date":"2026-04-15T15:43:55","date_gmt":"2026-04-15T15:43:55","guid":{"rendered":"https:\/\/www.runesofmagic-infos.com\/guide-de-reference-assistance-aux-sorciers\/"},"modified":"2026-04-15T15:43:55","modified_gmt":"2026-04-15T15:43:55","slug":"guide-de-reference-assistance-aux-sorciers","status":"publish","type":"page","link":"https:\/\/www.runesofmagic-infos.com\/fr\/guide-de-reference-assistance-aux-sorciers\/","title":{"rendered":"Guide de r\u00e9f\u00e9rence : Assistance aux sorciers"},"content":{"rendered":"\n<h2 class=\"wp-block-heading\">Guide du sorcier\/magicien :<\/h2>\n\n\n\n<h1 class=\"wp-block-heading\">&#8211; G\u00e9n\u00e9ralit\u00e9s<\/h1>\n\n\n\n<p>Le sorcier\/magicien est probablement la classe de support la plus puissante de Runes of Magic. Avec ses buffs de groupe et ses buffs de boss, il contribue consid\u00e9rablement aux d\u00e9g\u00e2ts des boss sans vraiment faire de d\u00e9g\u00e2ts lui-m\u00eame. Cela ne devrait jamais \u00eatre son but.  <\/p>\n\n\n\n<p>En plus de soutenir les d\u00e9g\u00e2ts, le combo est \u00e9galement tr\u00e8s bon pour la d\u00e9fense du groupe. Avec un revive de bataille et divers boucliers, il est possible d&rsquo;intercepter beaucoup de choses. <\/p>\n\n\n\n<h1 class=\"wp-block-heading\">&#8211; \u00c9quipement<\/h1>\n\n\n\n<p>L&rsquo;un des grands avantages du sorcier\/magicien, en particulier pour les nouveaux joueurs ou ceux qui reprennent le jeu, est qu&rsquo;il n&rsquo;est pas du tout exigeant en mati\u00e8re d&rsquo;\u00e9quipement. Les vieux objets de gu\u00e9risseur, par exemple, conviennent tr\u00e8s bien. Ils permettent d&rsquo;atteindre rapidement les HP n\u00e9cessaires pour le contenu de fin de partie. Seuls les d\u00e9g\u00e2ts des armes sont parfois importants, car 2 boucliers sont directement bas\u00e9s sur eux. Mais l\u00e0 encore, les vieilles armes dd sont tout \u00e0 fait suffisantes.    <\/p>\n\n\n\n<p>Je recommande \u00e9galement de jouer la classe en tant que support principal avec un b\u00e2ton d&rsquo;une heure et un talisman, afin de pouvoir porter deux runes de mal\u00e9diction. Cela vous permettra de tirer la rota de soutien un peu plus rapidement. <\/p>\n\n\n\n<p>M\u00eame si cela ne sera bient\u00f4t plus pertinent : Vous pouvez jouer le sorcier en pasper \u00e0 partir du niveau 15 ou 16 si vous avez assez de pr\u00e9cision. Donc, dans le cas extr\u00eame, vous pouvez obtenir un bon 56% avec 2 ensembles Helveta\/Lakishna (mage et heal), 1h de b\u00e2ton et de talisman, et avec le buff de pr\u00e9cision de Dudu. Vous ne manquerez alors plus rien, m\u00eame avec un niveau de sommet un peu trop bas.  <\/p>\n\n\n\n<p>Vous devriez atteindre 30% de pr\u00e9cision au niveau 20 pour ne pas avoir de r\u00e9sistance au boss. Mais c&rsquo;est d\u00e9j\u00e0 fait avec un set Helveta\/Lakishna, une rune de pr\u00e9cision et le buff Dudu-Pr\u00e4zi. <\/p>\n\n\n\n<h1 class=\"wp-block-heading\">&#8211; Comp\u00e9tences de set<\/h1>\n\n\n\n<p>Pouvoir spirituel de la reine des fourmis (Kulech)<\/p>\n\n\n\n<p>Traces du vide (Lames de glace)<\/p>\n\n\n\n<p>\u00c9cran de protection de l&rsquo;Autre Monde ( Grotte de l&rsquo;horreur)<\/p>\n\n\n\n<p>Protection contre les esprits des morts (pointe en os)<\/p>\n\n\n\n<p>Course aux tourments de l&rsquo;\u00e2me (Crypte de l&rsquo;\u00e9ternit\u00e9)<\/p>\n\n\n\n<p>Le pouvoir spirituel de la reine des fourmis peut \u00eatre remplac\u00e9 par Aura sombre (comp\u00e9tence de set de 50 que vous achetez \u00e0 Dalanis) si vous ne pouvez pas farmer Kulech.<\/p>\n\n\n\n<p>Toutes les autres comp\u00e9tences d&rsquo;ensemble ne sont que des \u00ab\u00a0nice to have\u00a0\u00bb et ne sont pas obligatoires pour r\u00e9ussir \u00e0 jouer la classe.<\/p>\n\n\n\n<h1 class=\"wp-block-heading\">&#8211; Rotation<\/h1>\n\n\n\n<p>Ce sera le premier guide o\u00f9 je ne mettrai pas la rotation compl\u00e8te dans un moteur de combat. Tout simplement parce qu&rsquo;elle n&rsquo;est pas bien repr\u00e9sentable. La rotation est cependant tr\u00e8s jouable \u00e0 la main et ne n\u00e9cessite qu&rsquo;un peu de pratique pour \u00eatre ex\u00e9cut\u00e9e proprement.  <\/p>\n\n\n\n<p>De plus, la transition entre le buff et la rotation de soutien est assez fluide. Je le d\u00e9taille quand m\u00eame, mais l\u00e0 o\u00f9 la buffrota s&rsquo;arr\u00eate, la rotation de soutien est d\u00e9j\u00e0 en cours. <\/p>\n\n\n\n<p>De plus, je vais diviser la rotation en 2 sections.<\/p>\n\n\n\n<p>Support de boss et rotation PSI.<\/p>\n\n\n\n<p><strong>Support du patron :<\/strong><\/p>\n\n\n\n<p>Charge tordue<\/p>\n\n\n\n<p>Sort de craquage de Saces (si PSI pr\u00e9sent dans la construction)<\/p>\n\n\n\n<p>3x tourment de l&rsquo;\u00e2me ou privation de perception<\/p>\n\n\n\n<p>Coup de collet cardiaque<\/p>\n\n\n\n<p>Le silence s&rsquo;accorde avec le r\u00e9servoir<\/p>\n\n\n\n<p>Une fois que c&rsquo;est fait, il s&rsquo;agit de garder les buffs et les debuffs en cours d&rsquo;ex\u00e9cution. Donc, charge tordue et br\u00fblure d&rsquo;\u00e2me sur 4 piles. <\/p>\n\n\n\n<p>La Peine d&rsquo;\u00e2me ou la privation de perception d\u00e9pend de la vitesse de casts que vous avez. Avec suffisamment de vitesse de cascade, les souffrances de l&rsquo;\u00e2me sont un peu plus rapides. <\/p>\n\n\n\n<p>Pour les sorciers les plus exp\u00e9riment\u00e9s en mati\u00e8re de buff et de gestion de CD, vous pouvez \u00e9galement soutenir le deuxi\u00e8me groupe. Avec la macro, vous pouvez vous d\u00e9placer vers une place dans l&rsquo;autre groupe et faire la charge tordue. Important : La priorit\u00e9 pour le focus et la gestion des CD devrait toujours \u00eatre donn\u00e9e au groupe DD. Donc, ne l&rsquo;utilisez que lorsque tout est au niveau du boss, que la charge tordue dans le groupe DD dure plus longtemps que le CD de la comp\u00e9tence et que vous avez assez de focus ou que le coup de collecte de c\u0153ur est hors du cooldown.   <\/p>\n\n\n\n<p>\/script t_bp = UnitRaidIndex(\u00ab\u00a0player\u00a0\u00bb) ;<\/p>\n\n\n\n<p>\/script MoveRaidMember (t_bp, 12) ;<\/p>\n\n\n\n<p>\/wait 0.5<\/p>\n\n\n\n<p>\/cast Charge tordue<\/p>\n\n\n\n<p>\/wait 0.5<\/p>\n\n\n\n<p>\/script MoveRaidMember (t_bp, 6) ;<\/p>\n\n\n\n<p><strong>Rotation PSI :<\/strong><\/p>\n\n\n\n<p>Attaque C\u0153ur de flamme<\/p>\n\n\n\n<p>Une \u00e9nigme d\u00e9routante<\/p>\n\n\n\n<p>Fl\u00e8ches psychiques 1x.<\/p>\n\n\n\n<p>Activer la construction de la volont\u00e9<\/p>\n\n\n\n<p>Ensuite, vous pouvez soit ressusciter quelqu&rsquo;un pour 6 psi<\/p>\n\n\n\n<p>Ou vous pouvez balayer le murmure de l&rsquo;au-del\u00e0 et utiliser le sort de craquement de Sace.<\/p>\n\n\n\n<p>Pour plus de support, vous pouvez utiliser le setskill pour obtenir 2 PSI puis 3 PSI suppl\u00e9mentaires.<\/p>\n\n\n\n<p><strong>Psi-Rota pour les paresseux :<\/strong>  <br><\/p>\n\n\n\n<figure class=\"wp-block-image size-full\"><img loading=\"lazy\" decoding=\"async\" width=\"945\" height=\"428\" src=\"https:\/\/www.runesofmagic-infos.com\/wp-content\/uploads\/2026\/04\/magier1.png\" alt=\"\" class=\"wp-image-5947\" srcset=\"https:\/\/www.runesofmagic-infos.com\/wp-content\/uploads\/2026\/04\/magier1.png 945w, https:\/\/www.runesofmagic-infos.com\/wp-content\/uploads\/2026\/04\/magier1-300x136.png 300w, https:\/\/www.runesofmagic-infos.com\/wp-content\/uploads\/2026\/04\/magier1-768x348.png 768w\" sizes=\"auto, (max-width: 945px) 100vw, 945px\" \/><\/figure>\n\n\n\n<p>\u00c9tat Construction de la volont\u00e9 :<br><a href=\"https:\/\/forum.runesofmagic.gameforge.com\/attachment\/4966-pasted-from-clipboard-png\/\"><\/a><\/p>\n\n\n\n<figure class=\"wp-block-image size-full\"><img loading=\"lazy\" decoding=\"async\" width=\"945\" height=\"273\" src=\"https:\/\/www.runesofmagic-infos.com\/wp-content\/uploads\/2026\/04\/magier2.png\" alt=\"\" class=\"wp-image-5952\" srcset=\"https:\/\/www.runesofmagic-infos.com\/wp-content\/uploads\/2026\/04\/magier2.png 945w, https:\/\/www.runesofmagic-infos.com\/wp-content\/uploads\/2026\/04\/magier2-300x87.png 300w, https:\/\/www.runesofmagic-infos.com\/wp-content\/uploads\/2026\/04\/magier2-768x222.png 768w\" sizes=\"auto, (max-width: 945px) 100vw, 945px\" \/><\/figure>\n\n\n\n<p>\u00e9tat de toutes les autres comp\u00e9tences :<\/p>\n\n\n\n<figure class=\"wp-block-image size-full\"><img loading=\"lazy\" decoding=\"async\" width=\"945\" height=\"269\" src=\"https:\/\/www.runesofmagic-infos.com\/wp-content\/uploads\/2026\/04\/magier3.png\" alt=\"\" class=\"wp-image-5957\" srcset=\"https:\/\/www.runesofmagic-infos.com\/wp-content\/uploads\/2026\/04\/magier3.png 945w, https:\/\/www.runesofmagic-infos.com\/wp-content\/uploads\/2026\/04\/magier3-300x85.png 300w, https:\/\/www.runesofmagic-infos.com\/wp-content\/uploads\/2026\/04\/magier3-768x219.png 768w\" sizes=\"auto, (max-width: 945px) 100vw, 945px\" \/><\/figure>\n\n\n\n<p>Ce kitty vous donne un stack complet tous les 6 PSI et active la construction. Les comp\u00e9tences de soutien que vous utilisez ensuite sont laiss\u00e9es \u00e0 votre discr\u00e9tion. <\/p>\n\n\n\n<p>Les sorts de craquement de Sace et les chuchotements d&rsquo;outre-tombe sont utiles pour le support de DMG, ou la barri\u00e8re de la pens\u00e9e pour un bouclier de groupe si vous recevez beaucoup de dmg lors d&rsquo;un \u00e9v\u00e9nement de boss. Mais c&rsquo;est une question d&rsquo;exp\u00e9rience. <\/p>\n\n\n\n<h1 class=\"wp-block-heading\">&#8211; Buffrotations<\/h1>\n\n\n\n<h1 class=\"wp-block-heading\">La classe n&rsquo;a pas vraiment beaucoup d&rsquo;Ultis. Mais il y en a quand m\u00eame quelques-uns \u00e0 lancer : <\/h1>\n\n\n\n<p>Avant le compte \u00e0 rebours :<\/p>\n\n\n\n<p>Brasser son familier avec un bouclier mental fixe pour forcer le d\u00e9but d&rsquo;un combat.<\/p>\n\n\n\n<p>Empiler compl\u00e8tement les PSI avec le setskill ou une potion universelle (vous devez dire \u00e0 votre tank quand vous \u00eates pr\u00eat).<\/p>\n\n\n\n<p>Buffer dans le CD :<\/p>\n\n\n\n<p>Pens\u00e9e claire<\/p>\n\n\n\n<p>Surcharge de pens\u00e9es<\/p>\n\n\n\n<p>Potion arcanique<\/p>\n\n\n\n<p>Et c&rsquo;est \u00e0 partir de l\u00e0 que le support de groupe d\u00e9marre :<\/p>\n\n\n\n<p>Activer la construction<\/p>\n\n\n\n<p>Murmures d&rsquo;outre-tombe Casten<\/p>\n\n\n\n<p>lancer des titres BK. (la plupart du temps, petit ou grand F\u00dc) <\/p>\n\n\n\n<p>Lancer une vague de conscience<\/p>\n\n\n\n<p>\u00c0 partir d&rsquo;ici, la rotation \u00ab\u00a0Boss Support\u00a0\u00bb se poursuit<\/p>\n\n\n\n<h1 class=\"wp-block-heading\">&#8211; Bufffood :<\/h1>\n\n\n\n<p>Les buffs standard sont presque toujours suffisants.<\/p>\n\n\n\n<p>Femme de m\u00e9nage : Matk ou LP. Mais ce n&rsquo;est pas important <\/p>\n\n\n\n<p>Attributs de nourriture de mariage et int\/weis\/Dmg<\/p>\n\n\n\n<p>Transformation : assez indiff\u00e9rent<\/p>\n\n\n\n<p>Potion de h\u00e9ros<\/p>\n\n\n\n<p>M-Dmg Food<\/p>\n\n\n\n<p>Pens\u00e9e claire<\/p>\n\n\n\n<p>V\u00e9rifiez toujours que vous avez activ\u00e9 vos propres buffs \u00e0 long terme et qu&rsquo;ils sont toujours actifs dans les deux groupes, comme la mal\u00e9diction du tissage.<\/p>\n\n\n\n<p>Je choisirais toujours le titre \u00ab\u00a0Vitesse de d\u00e9placement\u00a0\u00bb, par exemple \u00ab\u00a0En fuite\u00a0\u00bb.<\/p>\n\n\n\n<p>Le syst\u00e8me de titres n&rsquo;est pas vraiment une n\u00e9cessit\u00e9<\/p>\n\n\n\n<p>Cenedril vous pouvez utiliser des cenedrils MDD normaux ou si vous n&rsquo;avez pas assez de r\u00e9sistance, vous pouvez utiliser l&rsquo;endurance ou le Def\/Parry.<\/p>\n","protected":false},"excerpt":{"rendered":"<p>Guide du sorcier\/magicien : &#8211; G\u00e9n\u00e9ralit\u00e9s Le sorcier\/magicien est probablement la classe de support la plus puissante de Runes of Magic. Avec ses buffs de groupe et ses buffs de boss, il contribue consid\u00e9rablement aux d\u00e9g\u00e2ts des boss sans vraiment faire de d\u00e9g\u00e2ts lui-m\u00eame. Cela ne devrait jamais \u00eatre son [&hellip;]<\/p>\n","protected":false},"author":1,"featured_media":0,"parent":0,"menu_order":0,"comment_status":"closed","ping_status":"closed","template":"","meta":{"footnotes":""},"class_list":["post-5989","page","type-page","status-publish","hentry"],"yoast_head":"<!-- This site is optimized with the Yoast SEO plugin v27.4 - https:\/\/yoast.com\/product\/yoast-seo-wordpress\/ -->\n<title>Guide de r\u00e9f\u00e9rence : Assistance aux sorciers - Runes of Magic-Infos<\/title>\n<meta name=\"robots\" content=\"index, follow, max-snippet:-1, max-image-preview:large, max-video-preview:-1\" \/>\n<link rel=\"canonical\" href=\"https:\/\/www.runesofmagic-infos.com\/fr\/guide-de-reference-assistance-aux-sorciers\/\" \/>\n<meta property=\"og:locale\" content=\"fr_FR\" \/>\n<meta property=\"og:type\" content=\"article\" \/>\n<meta property=\"og:title\" content=\"Guide de r\u00e9f\u00e9rence : Assistance aux sorciers - Runes of Magic-Infos\" \/>\n<meta property=\"og:description\" content=\"Guide du sorcier\/magicien : &#8211; G\u00e9n\u00e9ralit\u00e9s Le sorcier\/magicien est probablement la classe de support la plus puissante de Runes of Magic. Avec ses buffs de groupe et ses buffs de boss, il contribue consid\u00e9rablement aux d\u00e9g\u00e2ts des boss sans vraiment faire de d\u00e9g\u00e2ts lui-m\u00eame. Cela ne devrait jamais \u00eatre son [&hellip;]\" \/>\n<meta property=\"og:url\" content=\"https:\/\/www.runesofmagic-infos.com\/fr\/guide-de-reference-assistance-aux-sorciers\/\" \/>\n<meta property=\"og:site_name\" content=\"Runes of Magic-Infos\" \/>\n<meta property=\"og:image\" content=\"https:\/\/www.runesofmagic-infos.com\/wp-content\/uploads\/2026\/04\/magier1.png\" \/>\n<meta name=\"twitter:card\" content=\"summary_large_image\" \/>\n<meta name=\"twitter:label1\" content=\"Dur\u00e9e de lecture estim\u00e9e\" \/>\n\t<meta name=\"twitter:data1\" content=\"6 minutes\" \/>\n<script type=\"application\/ld+json\" class=\"yoast-schema-graph\">{\"@context\":\"https:\\\/\\\/schema.org\",\"@graph\":[{\"@type\":\"WebPage\",\"@id\":\"https:\\\/\\\/www.runesofmagic-infos.com\\\/fr\\\/guide-de-reference-assistance-aux-sorciers\\\/\",\"url\":\"https:\\\/\\\/www.runesofmagic-infos.com\\\/fr\\\/guide-de-reference-assistance-aux-sorciers\\\/\",\"name\":\"Guide de r\u00e9f\u00e9rence : Assistance aux sorciers - Runes of Magic-Infos\",\"isPartOf\":{\"@id\":\"https:\\\/\\\/www.runesofmagic-infos.com\\\/fr\\\/#website\"},\"primaryImageOfPage\":{\"@id\":\"https:\\\/\\\/www.runesofmagic-infos.com\\\/fr\\\/guide-de-reference-assistance-aux-sorciers\\\/#primaryimage\"},\"image\":{\"@id\":\"https:\\\/\\\/www.runesofmagic-infos.com\\\/fr\\\/guide-de-reference-assistance-aux-sorciers\\\/#primaryimage\"},\"thumbnailUrl\":\"https:\\\/\\\/www.runesofmagic-infos.com\\\/wp-content\\\/uploads\\\/2026\\\/04\\\/magier1.png\",\"datePublished\":\"2026-04-15T15:43:55+00:00\",\"breadcrumb\":{\"@id\":\"https:\\\/\\\/www.runesofmagic-infos.com\\\/fr\\\/guide-de-reference-assistance-aux-sorciers\\\/#breadcrumb\"},\"inLanguage\":\"fr-FR\",\"potentialAction\":[{\"@type\":\"ReadAction\",\"target\":[\"https:\\\/\\\/www.runesofmagic-infos.com\\\/fr\\\/guide-de-reference-assistance-aux-sorciers\\\/\"]}]},{\"@type\":\"ImageObject\",\"inLanguage\":\"fr-FR\",\"@id\":\"https:\\\/\\\/www.runesofmagic-infos.com\\\/fr\\\/guide-de-reference-assistance-aux-sorciers\\\/#primaryimage\",\"url\":\"https:\\\/\\\/www.runesofmagic-infos.com\\\/wp-content\\\/uploads\\\/2026\\\/04\\\/magier1.png\",\"contentUrl\":\"https:\\\/\\\/www.runesofmagic-infos.com\\\/wp-content\\\/uploads\\\/2026\\\/04\\\/magier1.png\"},{\"@type\":\"BreadcrumbList\",\"@id\":\"https:\\\/\\\/www.runesofmagic-infos.com\\\/fr\\\/guide-de-reference-assistance-aux-sorciers\\\/#breadcrumb\",\"itemListElement\":[{\"@type\":\"ListItem\",\"position\":1,\"name\":\"Startseite\",\"item\":\"https:\\\/\\\/www.runesofmagic-infos.com\\\/fr\\\/\"},{\"@type\":\"ListItem\",\"position\":2,\"name\":\"Guide de r\u00e9f\u00e9rence : Assistance aux sorciers\"}]},{\"@type\":\"WebSite\",\"@id\":\"https:\\\/\\\/www.runesofmagic-infos.com\\\/fr\\\/#website\",\"url\":\"https:\\\/\\\/www.runesofmagic-infos.com\\\/fr\\\/\",\"name\":\"Runes of Magic-Infos\",\"description\":\"\",\"publisher\":{\"@id\":\"https:\\\/\\\/www.runesofmagic-infos.com\\\/fr\\\/#organization\"},\"potentialAction\":[{\"@type\":\"SearchAction\",\"target\":{\"@type\":\"EntryPoint\",\"urlTemplate\":\"https:\\\/\\\/www.runesofmagic-infos.com\\\/fr\\\/?s={search_term_string}\"},\"query-input\":{\"@type\":\"PropertyValueSpecification\",\"valueRequired\":true,\"valueName\":\"search_term_string\"}}],\"inLanguage\":\"fr-FR\"},{\"@type\":\"Organization\",\"@id\":\"https:\\\/\\\/www.runesofmagic-infos.com\\\/fr\\\/#organization\",\"name\":\"Runes of Magic-Infos\",\"url\":\"https:\\\/\\\/www.runesofmagic-infos.com\\\/fr\\\/\",\"logo\":{\"@type\":\"ImageObject\",\"inLanguage\":\"fr-FR\",\"@id\":\"https:\\\/\\\/www.runesofmagic-infos.com\\\/fr\\\/#\\\/schema\\\/logo\\\/image\\\/\",\"url\":\"https:\\\/\\\/www.runesofmagic-infos.com\\\/wp-content\\\/uploads\\\/2024\\\/01\\\/ROM-Infos-Original-Logo.png\",\"contentUrl\":\"https:\\\/\\\/www.runesofmagic-infos.com\\\/wp-content\\\/uploads\\\/2024\\\/01\\\/ROM-Infos-Original-Logo.png\",\"width\":2329,\"height\":1721,\"caption\":\"Runes of Magic-Infos\"},\"image\":{\"@id\":\"https:\\\/\\\/www.runesofmagic-infos.com\\\/fr\\\/#\\\/schema\\\/logo\\\/image\\\/\"}}]}<\/script>\n<!-- \/ Yoast SEO plugin. -->","yoast_head_json":{"title":"Guide de r\u00e9f\u00e9rence : Assistance aux sorciers - Runes of Magic-Infos","robots":{"index":"index","follow":"follow","max-snippet":"max-snippet:-1","max-image-preview":"max-image-preview:large","max-video-preview":"max-video-preview:-1"},"canonical":"https:\/\/www.runesofmagic-infos.com\/fr\/guide-de-reference-assistance-aux-sorciers\/","og_locale":"fr_FR","og_type":"article","og_title":"Guide de r\u00e9f\u00e9rence : Assistance aux sorciers - Runes of Magic-Infos","og_description":"Guide du sorcier\/magicien : &#8211; G\u00e9n\u00e9ralit\u00e9s Le sorcier\/magicien est probablement la classe de support la plus puissante de Runes of Magic. Avec ses buffs de groupe et ses buffs de boss, il contribue consid\u00e9rablement aux d\u00e9g\u00e2ts des boss sans vraiment faire de d\u00e9g\u00e2ts lui-m\u00eame. Cela ne devrait jamais \u00eatre son [&hellip;]","og_url":"https:\/\/www.runesofmagic-infos.com\/fr\/guide-de-reference-assistance-aux-sorciers\/","og_site_name":"Runes of Magic-Infos","og_image":[{"url":"https:\/\/www.runesofmagic-infos.com\/wp-content\/uploads\/2026\/04\/magier1.png","type":"","width":"","height":""}],"twitter_card":"summary_large_image","twitter_misc":{"Dur\u00e9e de lecture estim\u00e9e":"6 minutes"},"schema":{"@context":"https:\/\/schema.org","@graph":[{"@type":"WebPage","@id":"https:\/\/www.runesofmagic-infos.com\/fr\/guide-de-reference-assistance-aux-sorciers\/","url":"https:\/\/www.runesofmagic-infos.com\/fr\/guide-de-reference-assistance-aux-sorciers\/","name":"Guide de r\u00e9f\u00e9rence : Assistance aux sorciers - Runes of Magic-Infos","isPartOf":{"@id":"https:\/\/www.runesofmagic-infos.com\/fr\/#website"},"primaryImageOfPage":{"@id":"https:\/\/www.runesofmagic-infos.com\/fr\/guide-de-reference-assistance-aux-sorciers\/#primaryimage"},"image":{"@id":"https:\/\/www.runesofmagic-infos.com\/fr\/guide-de-reference-assistance-aux-sorciers\/#primaryimage"},"thumbnailUrl":"https:\/\/www.runesofmagic-infos.com\/wp-content\/uploads\/2026\/04\/magier1.png","datePublished":"2026-04-15T15:43:55+00:00","breadcrumb":{"@id":"https:\/\/www.runesofmagic-infos.com\/fr\/guide-de-reference-assistance-aux-sorciers\/#breadcrumb"},"inLanguage":"fr-FR","potentialAction":[{"@type":"ReadAction","target":["https:\/\/www.runesofmagic-infos.com\/fr\/guide-de-reference-assistance-aux-sorciers\/"]}]},{"@type":"ImageObject","inLanguage":"fr-FR","@id":"https:\/\/www.runesofmagic-infos.com\/fr\/guide-de-reference-assistance-aux-sorciers\/#primaryimage","url":"https:\/\/www.runesofmagic-infos.com\/wp-content\/uploads\/2026\/04\/magier1.png","contentUrl":"https:\/\/www.runesofmagic-infos.com\/wp-content\/uploads\/2026\/04\/magier1.png"},{"@type":"BreadcrumbList","@id":"https:\/\/www.runesofmagic-infos.com\/fr\/guide-de-reference-assistance-aux-sorciers\/#breadcrumb","itemListElement":[{"@type":"ListItem","position":1,"name":"Startseite","item":"https:\/\/www.runesofmagic-infos.com\/fr\/"},{"@type":"ListItem","position":2,"name":"Guide de r\u00e9f\u00e9rence : Assistance aux sorciers"}]},{"@type":"WebSite","@id":"https:\/\/www.runesofmagic-infos.com\/fr\/#website","url":"https:\/\/www.runesofmagic-infos.com\/fr\/","name":"Runes of Magic-Infos","description":"","publisher":{"@id":"https:\/\/www.runesofmagic-infos.com\/fr\/#organization"},"potentialAction":[{"@type":"SearchAction","target":{"@type":"EntryPoint","urlTemplate":"https:\/\/www.runesofmagic-infos.com\/fr\/?s={search_term_string}"},"query-input":{"@type":"PropertyValueSpecification","valueRequired":true,"valueName":"search_term_string"}}],"inLanguage":"fr-FR"},{"@type":"Organization","@id":"https:\/\/www.runesofmagic-infos.com\/fr\/#organization","name":"Runes of Magic-Infos","url":"https:\/\/www.runesofmagic-infos.com\/fr\/","logo":{"@type":"ImageObject","inLanguage":"fr-FR","@id":"https:\/\/www.runesofmagic-infos.com\/fr\/#\/schema\/logo\/image\/","url":"https:\/\/www.runesofmagic-infos.com\/wp-content\/uploads\/2024\/01\/ROM-Infos-Original-Logo.png","contentUrl":"https:\/\/www.runesofmagic-infos.com\/wp-content\/uploads\/2024\/01\/ROM-Infos-Original-Logo.png","width":2329,"height":1721,"caption":"Runes of Magic-Infos"},"image":{"@id":"https:\/\/www.runesofmagic-infos.com\/fr\/#\/schema\/logo\/image\/"}}]}},"_links":{"self":[{"href":"https:\/\/www.runesofmagic-infos.com\/fr\/wp-json\/wp\/v2\/pages\/5989","targetHints":{"allow":["GET"]}}],"collection":[{"href":"https:\/\/www.runesofmagic-infos.com\/fr\/wp-json\/wp\/v2\/pages"}],"about":[{"href":"https:\/\/www.runesofmagic-infos.com\/fr\/wp-json\/wp\/v2\/types\/page"}],"author":[{"embeddable":true,"href":"https:\/\/www.runesofmagic-infos.com\/fr\/wp-json\/wp\/v2\/users\/1"}],"replies":[{"embeddable":true,"href":"https:\/\/www.runesofmagic-infos.com\/fr\/wp-json\/wp\/v2\/comments?post=5989"}],"version-history":[{"count":0,"href":"https:\/\/www.runesofmagic-infos.com\/fr\/wp-json\/wp\/v2\/pages\/5989\/revisions"}],"wp:attachment":[{"href":"https:\/\/www.runesofmagic-infos.com\/fr\/wp-json\/wp\/v2\/media?parent=5989"}],"curies":[{"name":"wp","href":"https:\/\/api.w.org\/{rel}","templated":true}]}}