{"id":5701,"date":"2025-12-02T18:00:12","date_gmt":"2025-12-02T18:00:12","guid":{"rendered":"https:\/\/www.runesofmagic-infos.com\/commentaires-des-joueurs\/"},"modified":"2025-12-02T18:00:12","modified_gmt":"2025-12-02T18:00:12","slug":"commentaires-des-joueurs","status":"publish","type":"page","link":"https:\/\/www.runesofmagic-infos.com\/fr\/commentaires-des-joueurs\/","title":{"rendered":"Commentaires des joueurs"},"content":{"rendered":"\n<h2 class=\"wp-block-heading\">Formulaire de commentaires des joueurs sur les perspectives pour 2026 du chef de produit de Runes of Magic (Patrick)<\/h2>\n\n\n<div class=\"wpforms-container wpforms-container-full wpforms-block wpforms-block-ad89187e-df03-4b2a-a1cb-3ed0a4fa5007\" id=\"wpforms-5689\"><form id=\"wpforms-form-5689\" class=\"wpforms-validate wpforms-form wpforms-ajax-form\" data-formid=\"5689\" method=\"post\" enctype=\"multipart\/form-data\" action=\"\/fr\/wp-json\/wp\/v2\/pages\/5701\" data-token=\"8feb84519ee3c70de0b6767dffb11079\" data-token-time=\"1777305122\"><noscript class=\"wpforms-error-noscript\">Veuillez activer JavaScript dans votre navigateur pour remplir ce formulaire.<\/noscript><div class=\"wpforms-field-container\"><div id=\"wpforms-5689-field_1-container\" class=\"wpforms-field wpforms-field-name\" data-field-id=\"1\"><label class=\"wpforms-field-label\" for=\"wpforms-5689-field_1\">Name des Spielers<\/label><input type=\"text\" id=\"wpforms-5689-field_1\" class=\"wpforms-field-medium\" name=\"wpforms[fields][1]\" ><\/div><div id=\"wpforms-5689-field_3-container\" class=\"wpforms-field wpforms-field-text\" data-field-id=\"3\"><label class=\"wpforms-field-label\" for=\"wpforms-5689-field_3\">Charaktername \/ Server<\/label><input type=\"text\" id=\"wpforms-5689-field_3\" class=\"wpforms-field-medium\" name=\"wpforms[fields][3]\" ><\/div>\t\t<div id=\"wpforms-5689-field_2-container\"\n\t\t\tclass=\"wpforms-field wpforms-field-text\"\n\t\t\tdata-field-type=\"text\"\n\t\t\tdata-field-id=\"2\"\n\t\t\t>\n\t\t\t<label class=\"wpforms-field-label\" for=\"wpforms-5689-field_2\" >auf besonders Manager&quot;<\/label>\n\t\t\t<input type=\"text\" id=\"wpforms-5689-field_2\" class=\"wpforms-field-medium\" name=\"wpforms[fields][2]\" >\n\t\t<\/div>\n\t\t<div id=\"wpforms-5689-field_4-container\" class=\"wpforms-field wpforms-field-rating\" data-field-id=\"4\"><label class=\"wpforms-field-label\">Gesamtfeedback zum Forum Beitrag &quot;Runes of Magic Ausblick auf 2026 mit dem Product Manager&quot;<\/label><div class=\"wpforms-field-rating-wrapper wpforms-field-rating-labels-position-below\"><div class=\"wpforms-field-rating-items\"><label class=\"wpforms-field-rating-item choice-1\" for=\"wpforms-5689-field_4_1\"><span class=\"wpforms-screen-reader-element\">Note de 1 sur 5<\/span><input type=\"radio\" id=\"wpforms-5689-field_4_1\" class=\"wpforms-screen-reader-element\" name=\"wpforms[fields][4]\" value=\"1\" ><svg width=\"28\" height=\"28\" style=\"height:28px;width:28px;\" fill=\"currentColor\" color=\"#ffd700\" viewBox=\"0 0 1792 1792\" xmlns=\"http:\/\/www.w3.org\/2000\/svg\"><path d=\"M1728 647q0 22-26 48l-363 354 86 500q1 7 1 20 0 21-10.5 35.5t-30.5 14.5q-19 0-40-12l-449-236-449 236q-22 12-40 12-21 0-31.5-14.5t-10.5-35.5q0-6 2-20l86-500-364-354q-25-27-25-48 0-37 56-46l502-73 225-455q19-41 49-41t49 41l225 455 502 73q56 9 56 46z\"\/><\/svg><\/label><label class=\"wpforms-field-rating-item choice-2\" for=\"wpforms-5689-field_4_2\"><span class=\"wpforms-screen-reader-element\">Note de 2 sur 5<\/span><input type=\"radio\" id=\"wpforms-5689-field_4_2\" class=\"wpforms-screen-reader-element\" name=\"wpforms[fields][4]\" value=\"2\" ><svg width=\"28\" height=\"28\" style=\"height:28px;width:28px;\" fill=\"currentColor\" color=\"#ffd700\" viewBox=\"0 0 1792 1792\" xmlns=\"http:\/\/www.w3.org\/2000\/svg\"><path d=\"M1728 647q0 22-26 48l-363 354 86 500q1 7 1 20 0 21-10.5 35.5t-30.5 14.5q-19 0-40-12l-449-236-449 236q-22 12-40 12-21 0-31.5-14.5t-10.5-35.5q0-6 2-20l86-500-364-354q-25-27-25-48 0-37 56-46l502-73 225-455q19-41 49-41t49 41l225 455 502 73q56 9 56 46z\"\/><\/svg><\/label><label class=\"wpforms-field-rating-item choice-3\" for=\"wpforms-5689-field_4_3\"><span class=\"wpforms-screen-reader-element\">Note de 3 sur 5<\/span><input type=\"radio\" id=\"wpforms-5689-field_4_3\" class=\"wpforms-screen-reader-element\" name=\"wpforms[fields][4]\" value=\"3\" ><svg width=\"28\" height=\"28\" style=\"height:28px;width:28px;\" fill=\"currentColor\" color=\"#ffd700\" viewBox=\"0 0 1792 1792\" xmlns=\"http:\/\/www.w3.org\/2000\/svg\"><path d=\"M1728 647q0 22-26 48l-363 354 86 500q1 7 1 20 0 21-10.5 35.5t-30.5 14.5q-19 0-40-12l-449-236-449 236q-22 12-40 12-21 0-31.5-14.5t-10.5-35.5q0-6 2-20l86-500-364-354q-25-27-25-48 0-37 56-46l502-73 225-455q19-41 49-41t49 41l225 455 502 73q56 9 56 46z\"\/><\/svg><\/label><label class=\"wpforms-field-rating-item choice-4\" for=\"wpforms-5689-field_4_4\"><span class=\"wpforms-screen-reader-element\">Note de 4 sur 5<\/span><input type=\"radio\" id=\"wpforms-5689-field_4_4\" class=\"wpforms-screen-reader-element\" name=\"wpforms[fields][4]\" value=\"4\" ><svg width=\"28\" height=\"28\" style=\"height:28px;width:28px;\" fill=\"currentColor\" color=\"#ffd700\" viewBox=\"0 0 1792 1792\" xmlns=\"http:\/\/www.w3.org\/2000\/svg\"><path d=\"M1728 647q0 22-26 48l-363 354 86 500q1 7 1 20 0 21-10.5 35.5t-30.5 14.5q-19 0-40-12l-449-236-449 236q-22 12-40 12-21 0-31.5-14.5t-10.5-35.5q0-6 2-20l86-500-364-354q-25-27-25-48 0-37 56-46l502-73 225-455q19-41 49-41t49 41l225 455 502 73q56 9 56 46z\"\/><\/svg><\/label><label class=\"wpforms-field-rating-item choice-5\" for=\"wpforms-5689-field_4_5\"><span class=\"wpforms-screen-reader-element\">Note de 5 sur 5<\/span><input type=\"radio\" id=\"wpforms-5689-field_4_5\" class=\"wpforms-screen-reader-element\" name=\"wpforms[fields][4]\" value=\"5\" ><svg width=\"28\" height=\"28\" style=\"height:28px;width:28px;\" fill=\"currentColor\" color=\"#ffd700\" viewBox=\"0 0 1792 1792\" xmlns=\"http:\/\/www.w3.org\/2000\/svg\"><path d=\"M1728 647q0 22-26 48l-363 354 86 500q1 7 1 20 0 21-10.5 35.5t-30.5 14.5q-19 0-40-12l-449-236-449 236q-22 12-40 12-21 0-31.5-14.5t-10.5-35.5q0-6 2-20l86-500-364-354q-25-27-25-48 0-37 56-46l502-73 225-455q19-41 49-41t49 41l225 455 502 73q56 9 56 46z\"\/><\/svg><\/label><\/div><\/div><\/div><div id=\"wpforms-5689-field_6-container\" class=\"wpforms-field wpforms-field-textarea\" data-field-id=\"6\"><label class=\"wpforms-field-label\" for=\"wpforms-5689-field_6\">Was hat dir am Forum Beitrag &quot;Runes of Magic Ausblick auf 2026 mit dem Product Manager&quot; besonders gut gefallen?<\/label><textarea id=\"wpforms-5689-field_6\" class=\"wpforms-field-medium\" name=\"wpforms[fields][6]\" ><\/textarea><\/div><div id=\"wpforms-5689-field_7-container\" class=\"wpforms-field wpforms-field-textarea\" data-field-id=\"7\"><label class=\"wpforms-field-label\" for=\"wpforms-5689-field_7\">Was hat dir am Ausblick 2026 und am Forum Beitrag weniger gut gefallen oder gefehlt?<\/label><textarea id=\"wpforms-5689-field_7\" class=\"wpforms-field-medium\" name=\"wpforms[fields][7]\" ><\/textarea><\/div><div id=\"wpforms-5689-field_8-container\" class=\"wpforms-field wpforms-field-textarea\" data-field-id=\"8\"><label class=\"wpforms-field-label\" for=\"wpforms-5689-field_8\">Vorschl\u00e4ge und W\u00fcnsche der Spieler f\u00fcr Runes of Magic Ausblick auf 2026<\/label><textarea id=\"wpforms-5689-field_8\" class=\"wpforms-field-medium\" name=\"wpforms[fields][8]\" ><\/textarea><\/div><script>\n\t\t\t\t( function() {\n\t\t\t\t\tconst style = document.createElement( 'style' );\n\t\t\t\t\tstyle.appendChild( document.createTextNode( '#wpforms-5689-field_2-container { position: absolute !important; overflow: hidden !important; display: inline !important; height: 1px !important; width: 1px !important; z-index: -1000 !important; padding: 0 !important; } #wpforms-5689-field_2-container input { visibility: hidden; } #wpforms-conversational-form-page #wpforms-5689-field_2-container label { counter-increment: none; }' ) );\n\t\t\t\t\tdocument.head.appendChild( style );\n\t\t\t\t\tdocument.currentScript?.remove();\n\t\t\t\t} )();\n\t\t\t<\/script><\/div><!-- .wpforms-field-container --><div class=\"wpforms-submit-container\" ><input type=\"hidden\" name=\"wpforms[id]\" value=\"5689\"><input type=\"hidden\" name=\"page_title\" value=\"\"><input type=\"hidden\" name=\"page_url\" value=\"https:\/\/www.runesofmagic-infos.com\/fr\/wp-json\/wp\/v2\/pages\/5701\"><input type=\"hidden\" name=\"url_referer\" value=\"https:\/\/www.runesofmagic-infos.com\/fr\/commentaires-des-joueurs\/\"><button type=\"submit\" name=\"wpforms[submit]\" id=\"wpforms-submit-5689\" class=\"wpforms-submit\" data-alt-text=\"Wird gesendet\u00a0\u2026\" data-submit-text=\"Feedback absenden\" aria-live=\"assertive\" value=\"wpforms-submit\">Feedback absenden<\/button><img loading=\"lazy\" decoding=\"async\" src=\"https:\/\/www.runesofmagic-infos.com\/wp-content\/plugins\/wpforms\/assets\/images\/submit-spin.svg\" class=\"wpforms-submit-spinner\" style=\"display: none;\" width=\"26\" height=\"26\" alt=\"Chargement en cours\"><\/div><\/form><\/div>  <!-- .wpforms-container -->","protected":false},"excerpt":{"rendered":"<p>Formulaire de commentaires des joueurs sur les perspectives pour 2026 du chef de produit de Runes of Magic (Patrick)<\/p>\n","protected":false},"author":1,"featured_media":0,"parent":0,"menu_order":0,"comment_status":"closed","ping_status":"closed","template":"","meta":{"footnotes":""},"class_list":["post-5701","page","type-page","status-publish","hentry"],"yoast_head":"<!-- This site is optimized with the Yoast SEO plugin v27.4 - https:\/\/yoast.com\/product\/yoast-seo-wordpress\/ -->\n<title>Commentaires des joueurs - Runes of Magic-Infos<\/title>\n<meta name=\"robots\" content=\"index, follow, max-snippet:-1, max-image-preview:large, max-video-preview:-1\" \/>\n<link rel=\"canonical\" href=\"https:\/\/www.runesofmagic-infos.com\/fr\/commentaires-des-joueurs\/\" \/>\n<meta property=\"og:locale\" content=\"fr_FR\" \/>\n<meta property=\"og:type\" content=\"article\" \/>\n<meta property=\"og:title\" content=\"Commentaires des joueurs - Runes of Magic-Infos\" \/>\n<meta property=\"og:description\" content=\"Formulaire de commentaires des joueurs sur les perspectives pour 2026 du chef de produit de Runes of Magic (Patrick)\" \/>\n<meta property=\"og:url\" content=\"https:\/\/www.runesofmagic-infos.com\/fr\/commentaires-des-joueurs\/\" \/>\n<meta property=\"og:site_name\" content=\"Runes of Magic-Infos\" \/>\n<meta name=\"twitter:card\" content=\"summary_large_image\" \/>\n<script type=\"application\/ld+json\" class=\"yoast-schema-graph\">{\"@context\":\"https:\\\/\\\/schema.org\",\"@graph\":[{\"@type\":\"WebPage\",\"@id\":\"https:\\\/\\\/www.runesofmagic-infos.com\\\/fr\\\/commentaires-des-joueurs\\\/\",\"url\":\"https:\\\/\\\/www.runesofmagic-infos.com\\\/fr\\\/commentaires-des-joueurs\\\/\",\"name\":\"Commentaires des joueurs - Runes of Magic-Infos\",\"isPartOf\":{\"@id\":\"https:\\\/\\\/www.runesofmagic-infos.com\\\/fr\\\/#website\"},\"datePublished\":\"2025-12-02T18:00:12+00:00\",\"breadcrumb\":{\"@id\":\"https:\\\/\\\/www.runesofmagic-infos.com\\\/fr\\\/commentaires-des-joueurs\\\/#breadcrumb\"},\"inLanguage\":\"fr-FR\",\"potentialAction\":[{\"@type\":\"ReadAction\",\"target\":[\"https:\\\/\\\/www.runesofmagic-infos.com\\\/fr\\\/commentaires-des-joueurs\\\/\"]}]},{\"@type\":\"BreadcrumbList\",\"@id\":\"https:\\\/\\\/www.runesofmagic-infos.com\\\/fr\\\/commentaires-des-joueurs\\\/#breadcrumb\",\"itemListElement\":[{\"@type\":\"ListItem\",\"position\":1,\"name\":\"Startseite\",\"item\":\"https:\\\/\\\/www.runesofmagic-infos.com\\\/fr\\\/\"},{\"@type\":\"ListItem\",\"position\":2,\"name\":\"Commentaires des joueurs\"}]},{\"@type\":\"WebSite\",\"@id\":\"https:\\\/\\\/www.runesofmagic-infos.com\\\/fr\\\/#website\",\"url\":\"https:\\\/\\\/www.runesofmagic-infos.com\\\/fr\\\/\",\"name\":\"Runes of Magic-Infos\",\"description\":\"\",\"publisher\":{\"@id\":\"https:\\\/\\\/www.runesofmagic-infos.com\\\/fr\\\/#organization\"},\"potentialAction\":[{\"@type\":\"SearchAction\",\"target\":{\"@type\":\"EntryPoint\",\"urlTemplate\":\"https:\\\/\\\/www.runesofmagic-infos.com\\\/fr\\\/?s={search_term_string}\"},\"query-input\":{\"@type\":\"PropertyValueSpecification\",\"valueRequired\":true,\"valueName\":\"search_term_string\"}}],\"inLanguage\":\"fr-FR\"},{\"@type\":\"Organization\",\"@id\":\"https:\\\/\\\/www.runesofmagic-infos.com\\\/fr\\\/#organization\",\"name\":\"Runes of Magic-Infos\",\"url\":\"https:\\\/\\\/www.runesofmagic-infos.com\\\/fr\\\/\",\"logo\":{\"@type\":\"ImageObject\",\"inLanguage\":\"fr-FR\",\"@id\":\"https:\\\/\\\/www.runesofmagic-infos.com\\\/fr\\\/#\\\/schema\\\/logo\\\/image\\\/\",\"url\":\"https:\\\/\\\/www.runesofmagic-infos.com\\\/wp-content\\\/uploads\\\/2024\\\/01\\\/ROM-Infos-Original-Logo.png\",\"contentUrl\":\"https:\\\/\\\/www.runesofmagic-infos.com\\\/wp-content\\\/uploads\\\/2024\\\/01\\\/ROM-Infos-Original-Logo.png\",\"width\":2329,\"height\":1721,\"caption\":\"Runes of Magic-Infos\"},\"image\":{\"@id\":\"https:\\\/\\\/www.runesofmagic-infos.com\\\/fr\\\/#\\\/schema\\\/logo\\\/image\\\/\"}}]}<\/script>\n<!-- \/ Yoast SEO plugin. -->","yoast_head_json":{"title":"Commentaires des joueurs - Runes of Magic-Infos","robots":{"index":"index","follow":"follow","max-snippet":"max-snippet:-1","max-image-preview":"max-image-preview:large","max-video-preview":"max-video-preview:-1"},"canonical":"https:\/\/www.runesofmagic-infos.com\/fr\/commentaires-des-joueurs\/","og_locale":"fr_FR","og_type":"article","og_title":"Commentaires des joueurs - Runes of Magic-Infos","og_description":"Formulaire de commentaires des joueurs sur les perspectives pour 2026 du chef de produit de Runes of Magic (Patrick)","og_url":"https:\/\/www.runesofmagic-infos.com\/fr\/commentaires-des-joueurs\/","og_site_name":"Runes of Magic-Infos","twitter_card":"summary_large_image","schema":{"@context":"https:\/\/schema.org","@graph":[{"@type":"WebPage","@id":"https:\/\/www.runesofmagic-infos.com\/fr\/commentaires-des-joueurs\/","url":"https:\/\/www.runesofmagic-infos.com\/fr\/commentaires-des-joueurs\/","name":"Commentaires des joueurs - Runes of Magic-Infos","isPartOf":{"@id":"https:\/\/www.runesofmagic-infos.com\/fr\/#website"},"datePublished":"2025-12-02T18:00:12+00:00","breadcrumb":{"@id":"https:\/\/www.runesofmagic-infos.com\/fr\/commentaires-des-joueurs\/#breadcrumb"},"inLanguage":"fr-FR","potentialAction":[{"@type":"ReadAction","target":["https:\/\/www.runesofmagic-infos.com\/fr\/commentaires-des-joueurs\/"]}]},{"@type":"BreadcrumbList","@id":"https:\/\/www.runesofmagic-infos.com\/fr\/commentaires-des-joueurs\/#breadcrumb","itemListElement":[{"@type":"ListItem","position":1,"name":"Startseite","item":"https:\/\/www.runesofmagic-infos.com\/fr\/"},{"@type":"ListItem","position":2,"name":"Commentaires des joueurs"}]},{"@type":"WebSite","@id":"https:\/\/www.runesofmagic-infos.com\/fr\/#website","url":"https:\/\/www.runesofmagic-infos.com\/fr\/","name":"Runes of Magic-Infos","description":"","publisher":{"@id":"https:\/\/www.runesofmagic-infos.com\/fr\/#organization"},"potentialAction":[{"@type":"SearchAction","target":{"@type":"EntryPoint","urlTemplate":"https:\/\/www.runesofmagic-infos.com\/fr\/?s={search_term_string}"},"query-input":{"@type":"PropertyValueSpecification","valueRequired":true,"valueName":"search_term_string"}}],"inLanguage":"fr-FR"},{"@type":"Organization","@id":"https:\/\/www.runesofmagic-infos.com\/fr\/#organization","name":"Runes of Magic-Infos","url":"https:\/\/www.runesofmagic-infos.com\/fr\/","logo":{"@type":"ImageObject","inLanguage":"fr-FR","@id":"https:\/\/www.runesofmagic-infos.com\/fr\/#\/schema\/logo\/image\/","url":"https:\/\/www.runesofmagic-infos.com\/wp-content\/uploads\/2024\/01\/ROM-Infos-Original-Logo.png","contentUrl":"https:\/\/www.runesofmagic-infos.com\/wp-content\/uploads\/2024\/01\/ROM-Infos-Original-Logo.png","width":2329,"height":1721,"caption":"Runes of Magic-Infos"},"image":{"@id":"https:\/\/www.runesofmagic-infos.com\/fr\/#\/schema\/logo\/image\/"}}]}},"_links":{"self":[{"href":"https:\/\/www.runesofmagic-infos.com\/fr\/wp-json\/wp\/v2\/pages\/5701","targetHints":{"allow":["GET"]}}],"collection":[{"href":"https:\/\/www.runesofmagic-infos.com\/fr\/wp-json\/wp\/v2\/pages"}],"about":[{"href":"https:\/\/www.runesofmagic-infos.com\/fr\/wp-json\/wp\/v2\/types\/page"}],"author":[{"embeddable":true,"href":"https:\/\/www.runesofmagic-infos.com\/fr\/wp-json\/wp\/v2\/users\/1"}],"replies":[{"embeddable":true,"href":"https:\/\/www.runesofmagic-infos.com\/fr\/wp-json\/wp\/v2\/comments?post=5701"}],"version-history":[{"count":0,"href":"https:\/\/www.runesofmagic-infos.com\/fr\/wp-json\/wp\/v2\/pages\/5701\/revisions"}],"wp:attachment":[{"href":"https:\/\/www.runesofmagic-infos.com\/fr\/wp-json\/wp\/v2\/media?parent=5701"}],"curies":[{"name":"wp","href":"https:\/\/api.w.org\/{rel}","templated":true}]}}