{"id":5164,"date":"2025-03-21T16:40:18","date_gmt":"2025-03-21T16:40:18","guid":{"rendered":"https:\/\/www.runesofmagic-infos.com\/sanctuaire-de-pasper-lourd\/"},"modified":"2025-03-21T16:40:18","modified_gmt":"2025-03-21T16:40:18","slug":"sanctuaire-de-pasper-lourd","status":"publish","type":"page","link":"https:\/\/www.runesofmagic-infos.com\/fr\/sanctuaire-de-pasper-lourd\/","title":{"rendered":"Sanctuaire de Pasper (Lourd)"},"content":{"rendered":"\n<figure class=\"wp-block-image size-full\"><img loading=\"lazy\" decoding=\"async\" width=\"960\" height=\"384\" src=\"https:\/\/www.runesofmagic-infos.com\/wp-content\/uploads\/2025\/03\/img_9a4c278c.jpg\" alt=\"\" class=\"wp-image-5124\" srcset=\"https:\/\/www.runesofmagic-infos.com\/wp-content\/uploads\/2025\/03\/img_9a4c278c.jpg 960w, https:\/\/www.runesofmagic-infos.com\/wp-content\/uploads\/2025\/03\/img_9a4c278c-300x120.jpg 300w, https:\/\/www.runesofmagic-infos.com\/wp-content\/uploads\/2025\/03\/img_9a4c278c-768x307.jpg 768w\" sizes=\"auto, (max-width: 960px) 100vw, 960px\" \/><\/figure>\n\n\n\n<p>Un nouveau d\u00e9fi attend les aventuriers les plus puissants de Taborea : des forces obscures s\u00e9vissent au <strong>sanctuaire de Pasperihr<\/strong>et ont donn\u00e9 naissance \u00e0 une version d\u00e9form\u00e9e du lieu de culte ancestral.<\/p>\n\n\n\n<p>\u00cates-vous pr\u00eat pour une aventure o\u00f9 vous rencontrerez d&rsquo;anciens alli\u00e9s et d&rsquo;anciens ennemis ? Rendez-vous \u00e0 Khant, dans les steppes de Sascilia. Pr\u00e9parez-vous bien, emmenez avec vous quelques amis h\u00e9ros comp\u00e9tents et d\u00e9fiez des adversaires corrompus !  <\/p>\n\n\n\n<figure class=\"wp-block-image size-large\"><img loading=\"lazy\" decoding=\"async\" width=\"1024\" height=\"576\" src=\"https:\/\/www.runesofmagic-infos.com\/wp-content\/uploads\/2025\/03\/img_f3d0dcb6-1024x576.jpg\" alt=\"\" class=\"wp-image-5135\" srcset=\"https:\/\/www.runesofmagic-infos.com\/wp-content\/uploads\/2025\/03\/img_f3d0dcb6-1024x576.jpg 1024w, https:\/\/www.runesofmagic-infos.com\/wp-content\/uploads\/2025\/03\/img_f3d0dcb6-300x169.jpg 300w, https:\/\/www.runesofmagic-infos.com\/wp-content\/uploads\/2025\/03\/img_f3d0dcb6-768x432.jpg 768w, https:\/\/www.runesofmagic-infos.com\/wp-content\/uploads\/2025\/03\/img_f3d0dcb6-1536x864.jpg 1536w, https:\/\/www.runesofmagic-infos.com\/wp-content\/uploads\/2025\/03\/img_f3d0dcb6.jpg 1920w\" sizes=\"auto, (max-width: 1024px) 100vw, 1024px\" \/><\/figure>\n\n\n\n<p>Le sanctuaire de Pasper (difficile) sera accessible apr\u00e8s la maintenance <strong>du 25 mars<\/strong>.<\/p>\n\n\n\n<h2 class=\"wp-block-heading\"><a href=\"\"><\/a>Sanctuaire de Pasper (difficile)<\/h2>\n\n\n\n<ul class=\"wp-block-list\">\n<li>Condition pr\u00e9alable : les deux classes sont d\u00e9bloqu\u00e9es au niveau 100 + niveaux de sommet<\/li>\n\n\n\n<li>Entr\u00e9e : Khant dans la steppe de Sascilia<\/li>\n\n\n\n<li>Taille maximale du groupe : 12 joueurs<\/li>\n<\/ul>\n\n\n\n<h3 class=\"wp-block-heading\"><a href=\"\"><\/a>Des adversaires puissants<\/h3>\n\n\n\n<p>Vous devriez d\u00e9j\u00e0 conna\u00eetre les ennemis de la premi\u00e8re version du sanctuaire de Pasper pour le niveau 45. Mais maintenant, ils sont beaucoup plus forts et te surprennent avec de nouvelles attaques et tactiques !<\/p>\n\n\n\n<ul class=\"wp-block-list\">\n<li>Schwarzhorn Nisorn<\/li>\n\n\n\n<li>Corne noire Dorglas<\/li>\n\n\n\n<li>Corne noire Bareth<\/li>\n\n\n\n<li>Corne noire Afalen<\/li>\n\n\n\n<li>Corne noire Hafiz<\/li>\n<\/ul>\n\n\n\n<figure class=\"wp-block-image size-large\"><img loading=\"lazy\" decoding=\"async\" width=\"1024\" height=\"576\" src=\"https:\/\/www.runesofmagic-infos.com\/wp-content\/uploads\/2025\/03\/img_64146360-1024x576.jpg\" alt=\"\" class=\"wp-image-5140\" srcset=\"https:\/\/www.runesofmagic-infos.com\/wp-content\/uploads\/2025\/03\/img_64146360-1024x576.jpg 1024w, https:\/\/www.runesofmagic-infos.com\/wp-content\/uploads\/2025\/03\/img_64146360-300x169.jpg 300w, https:\/\/www.runesofmagic-infos.com\/wp-content\/uploads\/2025\/03\/img_64146360-768x432.jpg 768w, https:\/\/www.runesofmagic-infos.com\/wp-content\/uploads\/2025\/03\/img_64146360-1536x864.jpg 1536w, https:\/\/www.runesofmagic-infos.com\/wp-content\/uploads\/2025\/03\/img_64146360.jpg 1920w\" sizes=\"auto, (max-width: 1024px) 100vw, 1024px\" \/><\/figure>\n\n\n\n<h3 class=\"wp-block-heading\">Nouveaux \u00e9quipements &amp; valeurs<\/h3>\n\n\n\n<p>Si vous vous aventurez courageusement dans les profondeurs du nouveau sanctuaire, vous serez largement r\u00e9compens\u00e9 ! Vous obtiendrez des r\u00e9compenses directement des boss d\u00e9truits ainsi que de diverses autres sources que vous pourrez \u00e9changer avec l&rsquo;aventurier Nathan : <\/p>\n\n\n\n<ul class=\"wp-block-list\">\n<li>5 nouveaux ensembles pour la t\u00eate, le torse, les \u00e9paules et les pieds sont maintenant disponibles avec de nouvelles valeurs et des bonus d&rsquo;ensemble pour vous !<\/li>\n\n\n\n<li>13 nouvelles armes du donjon<\/li>\n\n\n\n<li>Nouveaux boucliers, talismans et capes<\/li>\n\n\n\n<li>De nombreuses mises \u00e0 jour concernant l&rsquo;\u00e9quipement sont \u00e9galement disponibles chez les collectionneurs de \u00ab\u00a0Preuve du mythe\u00a0\u00bb, les gestionnaires d&rsquo;\u00e9quipement Phirius, les marchands de v\u00eatements d&rsquo;honneur et les pionniers du Pays des r\u00eaves.<\/li>\n<\/ul>\n\n\n\n<figure class=\"wp-block-image size-large\"><img loading=\"lazy\" decoding=\"async\" width=\"1024\" height=\"576\" src=\"https:\/\/www.runesofmagic-infos.com\/wp-content\/uploads\/2025\/03\/img_10aad545-1024x576.jpg\" alt=\"\" class=\"wp-image-5150\" srcset=\"https:\/\/www.runesofmagic-infos.com\/wp-content\/uploads\/2025\/03\/img_10aad545-1024x576.jpg 1024w, https:\/\/www.runesofmagic-infos.com\/wp-content\/uploads\/2025\/03\/img_10aad545-300x169.jpg 300w, https:\/\/www.runesofmagic-infos.com\/wp-content\/uploads\/2025\/03\/img_10aad545-768x432.jpg 768w, https:\/\/www.runesofmagic-infos.com\/wp-content\/uploads\/2025\/03\/img_10aad545-1536x864.jpg 1536w, https:\/\/www.runesofmagic-infos.com\/wp-content\/uploads\/2025\/03\/img_10aad545.jpg 1920w\" sizes=\"auto, (max-width: 1024px) 100vw, 1024px\" \/><\/figure>\n\n\n\n<h3 class=\"wp-block-heading\">Autres r\u00e9compenses<\/h3>\n\n\n\n<ul class=\"wp-block-list\">\n<li>Qu\u00eate quotidienne : Allez voir le nouveau PNJ aventurier Nathan \u00e0 l&rsquo;entr\u00e9e de l&rsquo;instance pour obtenir la qu\u00eate quotidienne : <em>L&rsquo;Ombre de la Corruption<\/em>.<\/li>\n\n\n\n<li>10 nouveaux titres \u00e0 saisir<\/li>\n\n\n\n<li>5 nouvelles cartes peuvent \u00eatre collect\u00e9es<\/li>\n\n\n\n<li>&#8230; et bien plus encore !<\/li>\n<\/ul>\n","protected":false},"excerpt":{"rendered":"<p>Un nouveau d\u00e9fi attend les aventuriers les plus puissants de Taborea : des forces obscures s\u00e9vissent au sanctuaire de Pasperihret ont donn\u00e9 naissance \u00e0 une version d\u00e9form\u00e9e du lieu de culte ancestral. \u00cates-vous pr\u00eat pour une aventure o\u00f9 vous rencontrerez d&rsquo;anciens alli\u00e9s et d&rsquo;anciens ennemis ? Rendez-vous \u00e0 Khant, dans [&hellip;]<\/p>\n","protected":false},"author":1,"featured_media":0,"parent":0,"menu_order":0,"comment_status":"closed","ping_status":"closed","template":"","meta":{"footnotes":""},"class_list":["post-5164","page","type-page","status-publish","hentry"],"yoast_head":"<!-- This site is optimized with the Yoast SEO plugin v27.4 - https:\/\/yoast.com\/product\/yoast-seo-wordpress\/ -->\n<title>Sanctuaire de Pasper (Lourd) - Runes of Magic-Infos<\/title>\n<meta name=\"robots\" content=\"index, follow, max-snippet:-1, max-image-preview:large, max-video-preview:-1\" \/>\n<link rel=\"canonical\" href=\"https:\/\/www.runesofmagic-infos.com\/fr\/sanctuaire-de-pasper-lourd\/\" \/>\n<meta property=\"og:locale\" content=\"fr_FR\" \/>\n<meta property=\"og:type\" content=\"article\" \/>\n<meta property=\"og:title\" content=\"Sanctuaire de Pasper (Lourd) - Runes of Magic-Infos\" \/>\n<meta property=\"og:description\" content=\"Un nouveau d\u00e9fi attend les aventuriers les plus puissants de Taborea : des forces obscures s\u00e9vissent au sanctuaire de Pasperihret ont donn\u00e9 naissance \u00e0 une version d\u00e9form\u00e9e du lieu de culte ancestral. \u00cates-vous pr\u00eat pour une aventure o\u00f9 vous rencontrerez d&rsquo;anciens alli\u00e9s et d&rsquo;anciens ennemis ? Rendez-vous \u00e0 Khant, dans [&hellip;]\" \/>\n<meta property=\"og:url\" content=\"https:\/\/www.runesofmagic-infos.com\/fr\/sanctuaire-de-pasper-lourd\/\" \/>\n<meta property=\"og:site_name\" content=\"Runes of Magic-Infos\" \/>\n<meta property=\"og:image\" content=\"https:\/\/www.runesofmagic-infos.com\/wp-content\/uploads\/2025\/03\/img_9a4c278c.jpg\" \/>\n\t<meta property=\"og:image:width\" content=\"960\" \/>\n\t<meta property=\"og:image:height\" content=\"384\" \/>\n\t<meta property=\"og:image:type\" content=\"image\/jpeg\" \/>\n<meta name=\"twitter:card\" content=\"summary_large_image\" \/>\n<meta name=\"twitter:label1\" content=\"Dur\u00e9e de lecture estim\u00e9e\" \/>\n\t<meta name=\"twitter:data1\" content=\"2 minutes\" \/>\n<script type=\"application\/ld+json\" class=\"yoast-schema-graph\">{\"@context\":\"https:\\\/\\\/schema.org\",\"@graph\":[{\"@type\":\"WebPage\",\"@id\":\"https:\\\/\\\/www.runesofmagic-infos.com\\\/fr\\\/sanctuaire-de-pasper-lourd\\\/\",\"url\":\"https:\\\/\\\/www.runesofmagic-infos.com\\\/fr\\\/sanctuaire-de-pasper-lourd\\\/\",\"name\":\"Sanctuaire de Pasper (Lourd) - Runes of Magic-Infos\",\"isPartOf\":{\"@id\":\"https:\\\/\\\/www.runesofmagic-infos.com\\\/fr\\\/#website\"},\"primaryImageOfPage\":{\"@id\":\"https:\\\/\\\/www.runesofmagic-infos.com\\\/fr\\\/sanctuaire-de-pasper-lourd\\\/#primaryimage\"},\"image\":{\"@id\":\"https:\\\/\\\/www.runesofmagic-infos.com\\\/fr\\\/sanctuaire-de-pasper-lourd\\\/#primaryimage\"},\"thumbnailUrl\":\"https:\\\/\\\/www.runesofmagic-infos.com\\\/wp-content\\\/uploads\\\/2025\\\/03\\\/img_9a4c278c.jpg\",\"datePublished\":\"2025-03-21T16:40:18+00:00\",\"breadcrumb\":{\"@id\":\"https:\\\/\\\/www.runesofmagic-infos.com\\\/fr\\\/sanctuaire-de-pasper-lourd\\\/#breadcrumb\"},\"inLanguage\":\"fr-FR\",\"potentialAction\":[{\"@type\":\"ReadAction\",\"target\":[\"https:\\\/\\\/www.runesofmagic-infos.com\\\/fr\\\/sanctuaire-de-pasper-lourd\\\/\"]}]},{\"@type\":\"ImageObject\",\"inLanguage\":\"fr-FR\",\"@id\":\"https:\\\/\\\/www.runesofmagic-infos.com\\\/fr\\\/sanctuaire-de-pasper-lourd\\\/#primaryimage\",\"url\":\"https:\\\/\\\/www.runesofmagic-infos.com\\\/wp-content\\\/uploads\\\/2025\\\/03\\\/img_9a4c278c.jpg\",\"contentUrl\":\"https:\\\/\\\/www.runesofmagic-infos.com\\\/wp-content\\\/uploads\\\/2025\\\/03\\\/img_9a4c278c.jpg\"},{\"@type\":\"BreadcrumbList\",\"@id\":\"https:\\\/\\\/www.runesofmagic-infos.com\\\/fr\\\/sanctuaire-de-pasper-lourd\\\/#breadcrumb\",\"itemListElement\":[{\"@type\":\"ListItem\",\"position\":1,\"name\":\"Startseite\",\"item\":\"https:\\\/\\\/www.runesofmagic-infos.com\\\/fr\\\/\"},{\"@type\":\"ListItem\",\"position\":2,\"name\":\"Sanctuaire de Pasper (Lourd)\"}]},{\"@type\":\"WebSite\",\"@id\":\"https:\\\/\\\/www.runesofmagic-infos.com\\\/fr\\\/#website\",\"url\":\"https:\\\/\\\/www.runesofmagic-infos.com\\\/fr\\\/\",\"name\":\"Runes of Magic-Infos\",\"description\":\"\",\"publisher\":{\"@id\":\"https:\\\/\\\/www.runesofmagic-infos.com\\\/fr\\\/#organization\"},\"potentialAction\":[{\"@type\":\"SearchAction\",\"target\":{\"@type\":\"EntryPoint\",\"urlTemplate\":\"https:\\\/\\\/www.runesofmagic-infos.com\\\/fr\\\/?s={search_term_string}\"},\"query-input\":{\"@type\":\"PropertyValueSpecification\",\"valueRequired\":true,\"valueName\":\"search_term_string\"}}],\"inLanguage\":\"fr-FR\"},{\"@type\":\"Organization\",\"@id\":\"https:\\\/\\\/www.runesofmagic-infos.com\\\/fr\\\/#organization\",\"name\":\"Runes of Magic-Infos\",\"url\":\"https:\\\/\\\/www.runesofmagic-infos.com\\\/fr\\\/\",\"logo\":{\"@type\":\"ImageObject\",\"inLanguage\":\"fr-FR\",\"@id\":\"https:\\\/\\\/www.runesofmagic-infos.com\\\/fr\\\/#\\\/schema\\\/logo\\\/image\\\/\",\"url\":\"https:\\\/\\\/www.runesofmagic-infos.com\\\/wp-content\\\/uploads\\\/2024\\\/01\\\/ROM-Infos-Original-Logo.png\",\"contentUrl\":\"https:\\\/\\\/www.runesofmagic-infos.com\\\/wp-content\\\/uploads\\\/2024\\\/01\\\/ROM-Infos-Original-Logo.png\",\"width\":2329,\"height\":1721,\"caption\":\"Runes of Magic-Infos\"},\"image\":{\"@id\":\"https:\\\/\\\/www.runesofmagic-infos.com\\\/fr\\\/#\\\/schema\\\/logo\\\/image\\\/\"}}]}<\/script>\n<!-- \/ Yoast SEO plugin. -->","yoast_head_json":{"title":"Sanctuaire de Pasper (Lourd) - Runes of Magic-Infos","robots":{"index":"index","follow":"follow","max-snippet":"max-snippet:-1","max-image-preview":"max-image-preview:large","max-video-preview":"max-video-preview:-1"},"canonical":"https:\/\/www.runesofmagic-infos.com\/fr\/sanctuaire-de-pasper-lourd\/","og_locale":"fr_FR","og_type":"article","og_title":"Sanctuaire de Pasper (Lourd) - Runes of Magic-Infos","og_description":"Un nouveau d\u00e9fi attend les aventuriers les plus puissants de Taborea : des forces obscures s\u00e9vissent au sanctuaire de Pasperihret ont donn\u00e9 naissance \u00e0 une version d\u00e9form\u00e9e du lieu de culte ancestral. \u00cates-vous pr\u00eat pour une aventure o\u00f9 vous rencontrerez d&rsquo;anciens alli\u00e9s et d&rsquo;anciens ennemis ? Rendez-vous \u00e0 Khant, dans [&hellip;]","og_url":"https:\/\/www.runesofmagic-infos.com\/fr\/sanctuaire-de-pasper-lourd\/","og_site_name":"Runes of Magic-Infos","og_image":[{"width":960,"height":384,"url":"https:\/\/www.runesofmagic-infos.com\/wp-content\/uploads\/2025\/03\/img_9a4c278c.jpg","type":"image\/jpeg"}],"twitter_card":"summary_large_image","twitter_misc":{"Dur\u00e9e de lecture estim\u00e9e":"2 minutes"},"schema":{"@context":"https:\/\/schema.org","@graph":[{"@type":"WebPage","@id":"https:\/\/www.runesofmagic-infos.com\/fr\/sanctuaire-de-pasper-lourd\/","url":"https:\/\/www.runesofmagic-infos.com\/fr\/sanctuaire-de-pasper-lourd\/","name":"Sanctuaire de Pasper (Lourd) - Runes of Magic-Infos","isPartOf":{"@id":"https:\/\/www.runesofmagic-infos.com\/fr\/#website"},"primaryImageOfPage":{"@id":"https:\/\/www.runesofmagic-infos.com\/fr\/sanctuaire-de-pasper-lourd\/#primaryimage"},"image":{"@id":"https:\/\/www.runesofmagic-infos.com\/fr\/sanctuaire-de-pasper-lourd\/#primaryimage"},"thumbnailUrl":"https:\/\/www.runesofmagic-infos.com\/wp-content\/uploads\/2025\/03\/img_9a4c278c.jpg","datePublished":"2025-03-21T16:40:18+00:00","breadcrumb":{"@id":"https:\/\/www.runesofmagic-infos.com\/fr\/sanctuaire-de-pasper-lourd\/#breadcrumb"},"inLanguage":"fr-FR","potentialAction":[{"@type":"ReadAction","target":["https:\/\/www.runesofmagic-infos.com\/fr\/sanctuaire-de-pasper-lourd\/"]}]},{"@type":"ImageObject","inLanguage":"fr-FR","@id":"https:\/\/www.runesofmagic-infos.com\/fr\/sanctuaire-de-pasper-lourd\/#primaryimage","url":"https:\/\/www.runesofmagic-infos.com\/wp-content\/uploads\/2025\/03\/img_9a4c278c.jpg","contentUrl":"https:\/\/www.runesofmagic-infos.com\/wp-content\/uploads\/2025\/03\/img_9a4c278c.jpg"},{"@type":"BreadcrumbList","@id":"https:\/\/www.runesofmagic-infos.com\/fr\/sanctuaire-de-pasper-lourd\/#breadcrumb","itemListElement":[{"@type":"ListItem","position":1,"name":"Startseite","item":"https:\/\/www.runesofmagic-infos.com\/fr\/"},{"@type":"ListItem","position":2,"name":"Sanctuaire de Pasper (Lourd)"}]},{"@type":"WebSite","@id":"https:\/\/www.runesofmagic-infos.com\/fr\/#website","url":"https:\/\/www.runesofmagic-infos.com\/fr\/","name":"Runes of Magic-Infos","description":"","publisher":{"@id":"https:\/\/www.runesofmagic-infos.com\/fr\/#organization"},"potentialAction":[{"@type":"SearchAction","target":{"@type":"EntryPoint","urlTemplate":"https:\/\/www.runesofmagic-infos.com\/fr\/?s={search_term_string}"},"query-input":{"@type":"PropertyValueSpecification","valueRequired":true,"valueName":"search_term_string"}}],"inLanguage":"fr-FR"},{"@type":"Organization","@id":"https:\/\/www.runesofmagic-infos.com\/fr\/#organization","name":"Runes of Magic-Infos","url":"https:\/\/www.runesofmagic-infos.com\/fr\/","logo":{"@type":"ImageObject","inLanguage":"fr-FR","@id":"https:\/\/www.runesofmagic-infos.com\/fr\/#\/schema\/logo\/image\/","url":"https:\/\/www.runesofmagic-infos.com\/wp-content\/uploads\/2024\/01\/ROM-Infos-Original-Logo.png","contentUrl":"https:\/\/www.runesofmagic-infos.com\/wp-content\/uploads\/2024\/01\/ROM-Infos-Original-Logo.png","width":2329,"height":1721,"caption":"Runes of Magic-Infos"},"image":{"@id":"https:\/\/www.runesofmagic-infos.com\/fr\/#\/schema\/logo\/image\/"}}]}},"_links":{"self":[{"href":"https:\/\/www.runesofmagic-infos.com\/fr\/wp-json\/wp\/v2\/pages\/5164","targetHints":{"allow":["GET"]}}],"collection":[{"href":"https:\/\/www.runesofmagic-infos.com\/fr\/wp-json\/wp\/v2\/pages"}],"about":[{"href":"https:\/\/www.runesofmagic-infos.com\/fr\/wp-json\/wp\/v2\/types\/page"}],"author":[{"embeddable":true,"href":"https:\/\/www.runesofmagic-infos.com\/fr\/wp-json\/wp\/v2\/users\/1"}],"replies":[{"embeddable":true,"href":"https:\/\/www.runesofmagic-infos.com\/fr\/wp-json\/wp\/v2\/comments?post=5164"}],"version-history":[{"count":0,"href":"https:\/\/www.runesofmagic-infos.com\/fr\/wp-json\/wp\/v2\/pages\/5164\/revisions"}],"wp:attachment":[{"href":"https:\/\/www.runesofmagic-infos.com\/fr\/wp-json\/wp\/v2\/media?parent=5164"}],"curies":[{"name":"wp","href":"https:\/\/api.w.org\/{rel}","templated":true}]}}