{"id":4861,"date":"2024-12-02T20:06:49","date_gmt":"2024-12-02T20:06:49","guid":{"rendered":"https:\/\/www.runesofmagic-infos.com\/nouvelle-experience-de-jeu\/"},"modified":"2024-12-02T20:06:49","modified_gmt":"2024-12-02T20:06:49","slug":"nouvelle-experience-de-jeu","status":"publish","type":"page","link":"https:\/\/www.runesofmagic-infos.com\/fr\/nouvelle-experience-de-jeu\/","title":{"rendered":"\u00ab\u00a0Nouvelle exp\u00e9rience de jeu\u00a0\u00bb"},"content":{"rendered":"\n<p>Les personnages nouvellement cr\u00e9\u00e9s ont d\u00e9sormais le choix de commencer leur aventure dans la zone \u00ab\u00a0C\u00f4te de l&rsquo;opportunit\u00e9\u00a0\u00bb apr\u00e8s le tutoriel de d\u00e9marrage. Le compagnon d&rsquo;aide fournit d\u00e9sormais des conseils plus utiles et plus d\u00e9taill\u00e9s, ce qui permet de mieux se fier \u00e0 lui. Le choix de la zone et l&rsquo;am\u00e9lioration des r\u00e9compenses pour les novices devraient faciliter la t\u00e2che des nouveaux joueurs.  <\/p>\n\n\n\n<figure class=\"wp-block-image size-full\"><img loading=\"lazy\" decoding=\"async\" width=\"412\" height=\"146\" src=\"https:\/\/www.runesofmagic-infos.com\/wp-content\/uploads\/2024\/12\/Screenshot_11.jpg\" alt=\"\" class=\"wp-image-4813\" srcset=\"https:\/\/www.runesofmagic-infos.com\/wp-content\/uploads\/2024\/12\/Screenshot_11.jpg 412w, https:\/\/www.runesofmagic-infos.com\/wp-content\/uploads\/2024\/12\/Screenshot_11-300x106.jpg 300w\" sizes=\"auto, (max-width: 412px) 100vw, 412px\" \/><\/figure>\n\n\n\n<figure class=\"wp-block-image size-full\"><img loading=\"lazy\" decoding=\"async\" width=\"486\" height=\"186\" src=\"https:\/\/www.runesofmagic-infos.com\/wp-content\/uploads\/2024\/12\/Screenshot_12.jpg\" alt=\"\" class=\"wp-image-4818\" srcset=\"https:\/\/www.runesofmagic-infos.com\/wp-content\/uploads\/2024\/12\/Screenshot_12.jpg 486w, https:\/\/www.runesofmagic-infos.com\/wp-content\/uploads\/2024\/12\/Screenshot_12-300x115.jpg 300w\" sizes=\"auto, (max-width: 486px) 100vw, 486px\" \/><\/figure>\n\n\n\n<figure class=\"wp-block-image size-full\"><img loading=\"lazy\" decoding=\"async\" width=\"828\" height=\"717\" src=\"https:\/\/www.runesofmagic-infos.com\/wp-content\/uploads\/2024\/12\/Screenshot_8-1.jpg\" alt=\"\" class=\"wp-image-4853\" srcset=\"https:\/\/www.runesofmagic-infos.com\/wp-content\/uploads\/2024\/12\/Screenshot_8-1.jpg 828w, https:\/\/www.runesofmagic-infos.com\/wp-content\/uploads\/2024\/12\/Screenshot_8-1-300x260.jpg 300w, https:\/\/www.runesofmagic-infos.com\/wp-content\/uploads\/2024\/12\/Screenshot_8-1-768x665.jpg 768w\" sizes=\"auto, (max-width: 828px) 100vw, 828px\" \/><\/figure>\n\n\n\n<figure class=\"wp-block-image size-full\"><img loading=\"lazy\" decoding=\"async\" width=\"547\" height=\"599\" src=\"https:\/\/www.runesofmagic-infos.com\/wp-content\/uploads\/2024\/12\/Screenshot_9.jpg\" alt=\"\" class=\"wp-image-4828\" srcset=\"https:\/\/www.runesofmagic-infos.com\/wp-content\/uploads\/2024\/12\/Screenshot_9.jpg 547w, https:\/\/www.runesofmagic-infos.com\/wp-content\/uploads\/2024\/12\/Screenshot_9-274x300.jpg 274w\" sizes=\"auto, (max-width: 547px) 100vw, 547px\" \/><\/figure>\n\n\n\n<figure class=\"wp-block-image size-full\"><img loading=\"lazy\" decoding=\"async\" width=\"485\" height=\"304\" src=\"https:\/\/www.runesofmagic-infos.com\/wp-content\/uploads\/2024\/12\/Screenshot_10.jpg\" alt=\"\" class=\"wp-image-4833\" srcset=\"https:\/\/www.runesofmagic-infos.com\/wp-content\/uploads\/2024\/12\/Screenshot_10.jpg 485w, https:\/\/www.runesofmagic-infos.com\/wp-content\/uploads\/2024\/12\/Screenshot_10-300x188.jpg 300w\" sizes=\"auto, (max-width: 485px) 100vw, 485px\" \/><\/figure>\n","protected":false},"excerpt":{"rendered":"<p>Les personnages nouvellement cr\u00e9\u00e9s ont d\u00e9sormais le choix de commencer leur aventure dans la zone \u00ab\u00a0C\u00f4te de l&rsquo;opportunit\u00e9\u00a0\u00bb apr\u00e8s le tutoriel de d\u00e9marrage. Le compagnon d&rsquo;aide fournit d\u00e9sormais des conseils plus utiles et plus d\u00e9taill\u00e9s, ce qui permet de mieux se fier \u00e0 lui. Le choix de la zone et [&hellip;]<\/p>\n","protected":false},"author":1,"featured_media":0,"parent":0,"menu_order":0,"comment_status":"closed","ping_status":"closed","template":"","meta":{"footnotes":""},"class_list":["post-4861","page","type-page","status-publish","hentry"],"yoast_head":"<!-- This site is optimized with the Yoast SEO plugin v27.4 - https:\/\/yoast.com\/product\/yoast-seo-wordpress\/ -->\n<title>&quot;Nouvelle exp\u00e9rience de jeu&quot; - Runes of Magic-Infos<\/title>\n<meta name=\"robots\" content=\"index, follow, max-snippet:-1, max-image-preview:large, max-video-preview:-1\" \/>\n<link rel=\"canonical\" href=\"https:\/\/www.runesofmagic-infos.com\/fr\/nouvelle-experience-de-jeu\/\" \/>\n<meta property=\"og:locale\" content=\"fr_FR\" \/>\n<meta property=\"og:type\" content=\"article\" \/>\n<meta property=\"og:title\" content=\"&quot;Nouvelle exp\u00e9rience de jeu&quot; - Runes of Magic-Infos\" \/>\n<meta property=\"og:description\" content=\"Les personnages nouvellement cr\u00e9\u00e9s ont d\u00e9sormais le choix de commencer leur aventure dans la zone \u00ab\u00a0C\u00f4te de l&rsquo;opportunit\u00e9\u00a0\u00bb apr\u00e8s le tutoriel de d\u00e9marrage. Le compagnon d&rsquo;aide fournit d\u00e9sormais des conseils plus utiles et plus d\u00e9taill\u00e9s, ce qui permet de mieux se fier \u00e0 lui. Le choix de la zone et [&hellip;]\" \/>\n<meta property=\"og:url\" content=\"https:\/\/www.runesofmagic-infos.com\/fr\/nouvelle-experience-de-jeu\/\" \/>\n<meta property=\"og:site_name\" content=\"Runes of Magic-Infos\" \/>\n<meta property=\"og:image\" content=\"https:\/\/www.runesofmagic-infos.com\/wp-content\/uploads\/2024\/12\/Screenshot_11.jpg\" \/>\n\t<meta property=\"og:image:width\" content=\"412\" \/>\n\t<meta property=\"og:image:height\" content=\"146\" \/>\n\t<meta property=\"og:image:type\" content=\"image\/jpeg\" \/>\n<meta name=\"twitter:card\" content=\"summary_large_image\" \/>\n<script type=\"application\/ld+json\" class=\"yoast-schema-graph\">{\"@context\":\"https:\\\/\\\/schema.org\",\"@graph\":[{\"@type\":\"WebPage\",\"@id\":\"https:\\\/\\\/www.runesofmagic-infos.com\\\/fr\\\/nouvelle-experience-de-jeu\\\/\",\"url\":\"https:\\\/\\\/www.runesofmagic-infos.com\\\/fr\\\/nouvelle-experience-de-jeu\\\/\",\"name\":\"\\\"Nouvelle exp\u00e9rience de jeu\\\" - Runes of Magic-Infos\",\"isPartOf\":{\"@id\":\"https:\\\/\\\/www.runesofmagic-infos.com\\\/fr\\\/#website\"},\"primaryImageOfPage\":{\"@id\":\"https:\\\/\\\/www.runesofmagic-infos.com\\\/fr\\\/nouvelle-experience-de-jeu\\\/#primaryimage\"},\"image\":{\"@id\":\"https:\\\/\\\/www.runesofmagic-infos.com\\\/fr\\\/nouvelle-experience-de-jeu\\\/#primaryimage\"},\"thumbnailUrl\":\"https:\\\/\\\/www.runesofmagic-infos.com\\\/wp-content\\\/uploads\\\/2024\\\/12\\\/Screenshot_11.jpg\",\"datePublished\":\"2024-12-02T20:06:49+00:00\",\"breadcrumb\":{\"@id\":\"https:\\\/\\\/www.runesofmagic-infos.com\\\/fr\\\/nouvelle-experience-de-jeu\\\/#breadcrumb\"},\"inLanguage\":\"fr-FR\",\"potentialAction\":[{\"@type\":\"ReadAction\",\"target\":[\"https:\\\/\\\/www.runesofmagic-infos.com\\\/fr\\\/nouvelle-experience-de-jeu\\\/\"]}]},{\"@type\":\"ImageObject\",\"inLanguage\":\"fr-FR\",\"@id\":\"https:\\\/\\\/www.runesofmagic-infos.com\\\/fr\\\/nouvelle-experience-de-jeu\\\/#primaryimage\",\"url\":\"https:\\\/\\\/www.runesofmagic-infos.com\\\/wp-content\\\/uploads\\\/2024\\\/12\\\/Screenshot_11.jpg\",\"contentUrl\":\"https:\\\/\\\/www.runesofmagic-infos.com\\\/wp-content\\\/uploads\\\/2024\\\/12\\\/Screenshot_11.jpg\"},{\"@type\":\"BreadcrumbList\",\"@id\":\"https:\\\/\\\/www.runesofmagic-infos.com\\\/fr\\\/nouvelle-experience-de-jeu\\\/#breadcrumb\",\"itemListElement\":[{\"@type\":\"ListItem\",\"position\":1,\"name\":\"Startseite\",\"item\":\"https:\\\/\\\/www.runesofmagic-infos.com\\\/fr\\\/\"},{\"@type\":\"ListItem\",\"position\":2,\"name\":\"&#8222;Nouvelle exp\u00e9rience de jeu&#8220;\"}]},{\"@type\":\"WebSite\",\"@id\":\"https:\\\/\\\/www.runesofmagic-infos.com\\\/fr\\\/#website\",\"url\":\"https:\\\/\\\/www.runesofmagic-infos.com\\\/fr\\\/\",\"name\":\"Runes of Magic-Infos\",\"description\":\"\",\"publisher\":{\"@id\":\"https:\\\/\\\/www.runesofmagic-infos.com\\\/fr\\\/#organization\"},\"potentialAction\":[{\"@type\":\"SearchAction\",\"target\":{\"@type\":\"EntryPoint\",\"urlTemplate\":\"https:\\\/\\\/www.runesofmagic-infos.com\\\/fr\\\/?s={search_term_string}\"},\"query-input\":{\"@type\":\"PropertyValueSpecification\",\"valueRequired\":true,\"valueName\":\"search_term_string\"}}],\"inLanguage\":\"fr-FR\"},{\"@type\":\"Organization\",\"@id\":\"https:\\\/\\\/www.runesofmagic-infos.com\\\/fr\\\/#organization\",\"name\":\"Runes of Magic-Infos\",\"url\":\"https:\\\/\\\/www.runesofmagic-infos.com\\\/fr\\\/\",\"logo\":{\"@type\":\"ImageObject\",\"inLanguage\":\"fr-FR\",\"@id\":\"https:\\\/\\\/www.runesofmagic-infos.com\\\/fr\\\/#\\\/schema\\\/logo\\\/image\\\/\",\"url\":\"https:\\\/\\\/www.runesofmagic-infos.com\\\/wp-content\\\/uploads\\\/2024\\\/01\\\/ROM-Infos-Original-Logo.png\",\"contentUrl\":\"https:\\\/\\\/www.runesofmagic-infos.com\\\/wp-content\\\/uploads\\\/2024\\\/01\\\/ROM-Infos-Original-Logo.png\",\"width\":2329,\"height\":1721,\"caption\":\"Runes of Magic-Infos\"},\"image\":{\"@id\":\"https:\\\/\\\/www.runesofmagic-infos.com\\\/fr\\\/#\\\/schema\\\/logo\\\/image\\\/\"}}]}<\/script>\n<!-- \/ Yoast SEO plugin. -->","yoast_head_json":{"title":"\"Nouvelle exp\u00e9rience de jeu\" - Runes of Magic-Infos","robots":{"index":"index","follow":"follow","max-snippet":"max-snippet:-1","max-image-preview":"max-image-preview:large","max-video-preview":"max-video-preview:-1"},"canonical":"https:\/\/www.runesofmagic-infos.com\/fr\/nouvelle-experience-de-jeu\/","og_locale":"fr_FR","og_type":"article","og_title":"\"Nouvelle exp\u00e9rience de jeu\" - Runes of Magic-Infos","og_description":"Les personnages nouvellement cr\u00e9\u00e9s ont d\u00e9sormais le choix de commencer leur aventure dans la zone \u00ab\u00a0C\u00f4te de l&rsquo;opportunit\u00e9\u00a0\u00bb apr\u00e8s le tutoriel de d\u00e9marrage. Le compagnon d&rsquo;aide fournit d\u00e9sormais des conseils plus utiles et plus d\u00e9taill\u00e9s, ce qui permet de mieux se fier \u00e0 lui. Le choix de la zone et [&hellip;]","og_url":"https:\/\/www.runesofmagic-infos.com\/fr\/nouvelle-experience-de-jeu\/","og_site_name":"Runes of Magic-Infos","og_image":[{"width":412,"height":146,"url":"https:\/\/www.runesofmagic-infos.com\/wp-content\/uploads\/2024\/12\/Screenshot_11.jpg","type":"image\/jpeg"}],"twitter_card":"summary_large_image","schema":{"@context":"https:\/\/schema.org","@graph":[{"@type":"WebPage","@id":"https:\/\/www.runesofmagic-infos.com\/fr\/nouvelle-experience-de-jeu\/","url":"https:\/\/www.runesofmagic-infos.com\/fr\/nouvelle-experience-de-jeu\/","name":"\"Nouvelle exp\u00e9rience de jeu\" - Runes of Magic-Infos","isPartOf":{"@id":"https:\/\/www.runesofmagic-infos.com\/fr\/#website"},"primaryImageOfPage":{"@id":"https:\/\/www.runesofmagic-infos.com\/fr\/nouvelle-experience-de-jeu\/#primaryimage"},"image":{"@id":"https:\/\/www.runesofmagic-infos.com\/fr\/nouvelle-experience-de-jeu\/#primaryimage"},"thumbnailUrl":"https:\/\/www.runesofmagic-infos.com\/wp-content\/uploads\/2024\/12\/Screenshot_11.jpg","datePublished":"2024-12-02T20:06:49+00:00","breadcrumb":{"@id":"https:\/\/www.runesofmagic-infos.com\/fr\/nouvelle-experience-de-jeu\/#breadcrumb"},"inLanguage":"fr-FR","potentialAction":[{"@type":"ReadAction","target":["https:\/\/www.runesofmagic-infos.com\/fr\/nouvelle-experience-de-jeu\/"]}]},{"@type":"ImageObject","inLanguage":"fr-FR","@id":"https:\/\/www.runesofmagic-infos.com\/fr\/nouvelle-experience-de-jeu\/#primaryimage","url":"https:\/\/www.runesofmagic-infos.com\/wp-content\/uploads\/2024\/12\/Screenshot_11.jpg","contentUrl":"https:\/\/www.runesofmagic-infos.com\/wp-content\/uploads\/2024\/12\/Screenshot_11.jpg"},{"@type":"BreadcrumbList","@id":"https:\/\/www.runesofmagic-infos.com\/fr\/nouvelle-experience-de-jeu\/#breadcrumb","itemListElement":[{"@type":"ListItem","position":1,"name":"Startseite","item":"https:\/\/www.runesofmagic-infos.com\/fr\/"},{"@type":"ListItem","position":2,"name":"&#8222;Nouvelle exp\u00e9rience de jeu&#8220;"}]},{"@type":"WebSite","@id":"https:\/\/www.runesofmagic-infos.com\/fr\/#website","url":"https:\/\/www.runesofmagic-infos.com\/fr\/","name":"Runes of Magic-Infos","description":"","publisher":{"@id":"https:\/\/www.runesofmagic-infos.com\/fr\/#organization"},"potentialAction":[{"@type":"SearchAction","target":{"@type":"EntryPoint","urlTemplate":"https:\/\/www.runesofmagic-infos.com\/fr\/?s={search_term_string}"},"query-input":{"@type":"PropertyValueSpecification","valueRequired":true,"valueName":"search_term_string"}}],"inLanguage":"fr-FR"},{"@type":"Organization","@id":"https:\/\/www.runesofmagic-infos.com\/fr\/#organization","name":"Runes of Magic-Infos","url":"https:\/\/www.runesofmagic-infos.com\/fr\/","logo":{"@type":"ImageObject","inLanguage":"fr-FR","@id":"https:\/\/www.runesofmagic-infos.com\/fr\/#\/schema\/logo\/image\/","url":"https:\/\/www.runesofmagic-infos.com\/wp-content\/uploads\/2024\/01\/ROM-Infos-Original-Logo.png","contentUrl":"https:\/\/www.runesofmagic-infos.com\/wp-content\/uploads\/2024\/01\/ROM-Infos-Original-Logo.png","width":2329,"height":1721,"caption":"Runes of Magic-Infos"},"image":{"@id":"https:\/\/www.runesofmagic-infos.com\/fr\/#\/schema\/logo\/image\/"}}]}},"_links":{"self":[{"href":"https:\/\/www.runesofmagic-infos.com\/fr\/wp-json\/wp\/v2\/pages\/4861","targetHints":{"allow":["GET"]}}],"collection":[{"href":"https:\/\/www.runesofmagic-infos.com\/fr\/wp-json\/wp\/v2\/pages"}],"about":[{"href":"https:\/\/www.runesofmagic-infos.com\/fr\/wp-json\/wp\/v2\/types\/page"}],"author":[{"embeddable":true,"href":"https:\/\/www.runesofmagic-infos.com\/fr\/wp-json\/wp\/v2\/users\/1"}],"replies":[{"embeddable":true,"href":"https:\/\/www.runesofmagic-infos.com\/fr\/wp-json\/wp\/v2\/comments?post=4861"}],"version-history":[{"count":0,"href":"https:\/\/www.runesofmagic-infos.com\/fr\/wp-json\/wp\/v2\/pages\/4861\/revisions"}],"wp:attachment":[{"href":"https:\/\/www.runesofmagic-infos.com\/fr\/wp-json\/wp\/v2\/media?parent=4861"}],"curies":[{"name":"wp","href":"https:\/\/api.w.org\/{rel}","templated":true}]}}