{"id":3851,"date":"2024-04-18T16:06:55","date_gmt":"2024-04-18T16:06:55","guid":{"rendered":"https:\/\/www.runesofmagic-infos.com\/la-cite-funeraire-des-miroirs-difficile\/"},"modified":"2024-04-18T16:07:01","modified_gmt":"2024-04-18T16:07:01","slug":"la-cite-funeraire-des-miroirs-difficile","status":"publish","type":"page","link":"https:\/\/www.runesofmagic-infos.com\/fr\/la-cite-funeraire-des-miroirs-difficile\/","title":{"rendered":"La cit\u00e9 fun\u00e9raire des miroirs (difficile)"},"content":{"rendered":"\n<p>Ta curiosit\u00e9 et ton go\u00fbt pour l&rsquo;aventure sont \u00e9veill\u00e9s ? Alors, rendez-vous d\u00e8s maintenant dans le sud d&rsquo;Aslan pour acc\u00e9der \u00e0 la <strong>Cit\u00e9 fun\u00e9raire des miroirs (difficile)<\/strong>. De puissants adversaires t&rsquo;y attendent. Tu devrais donc emmener quelques-uns de tes amis h\u00e9ros pour affronter les cinq boss.<\/p>\n\n\n\n<ul class=\"wp-block-list\">\n<li>Condition pr\u00e9alable : les deux classes sont d\u00e9bloqu\u00e9es au niveau 100 + niveaux de sommet<\/li>\n\n\n\n<li>Entr\u00e9e : Vall\u00e9e d&rsquo;Aslan Sud<\/li>\n\n\n\n<li>Taille maximale du groupe : 12 joueurs<\/li>\n<\/ul>\n\n\n\n<h3 class=\"wp-block-heading\">Des adversaires puissants<\/h3>\n\n\n\n<p>Les ennemis de cette instance devraient d\u00e9j\u00e0 t&rsquo;\u00eatre familiers dans la premi\u00e8re version de la Cit\u00e9 fun\u00e9raire des miroirs pour les niveaux 35-40. Mais maintenant, ils sont beaucoup plus forts et te surprennent avec de nouvelles attaques et tactiques !<\/p>\n\n\n\n<ul class=\"wp-block-list\">\n<li>Magister Gumas<\/li>\n\n\n\n<li>L&rsquo;ombre d&rsquo;Androlier<\/li>\n\n\n\n<li>La force d&rsquo;Androlier<\/li>\n\n\n\n<li>Le prisonnier d&rsquo;Androlier<\/li>\n\n\n\n<li>Krodamon &amp; Krodamar<\/li>\n<\/ul>\n\n\n\n<h3 class=\"wp-block-heading\">R\u00e9compenses exceptionnelles<\/h3>\n\n\n\n<p>Ceux qui s&rsquo;aventurent avec courage dans les profondeurs de cette instance seront largement r\u00e9compens\u00e9s ! Vous obtiendrez des r\u00e9compenses directement des boss d\u00e9truits ainsi que de la pr\u00e9cieuse&nbsp;<strong>Coffre \u00e0 miroir<\/strong> qui vous attend au plus profond de l&rsquo;instance.<\/p>\n\n\n\n<h4 class=\"wp-block-heading\">\u00c9quipement des miroirs<\/h4>\n\n\n\n<p>Des armures et des armes avec de puissantes&nbsp;<strong>nouvelles valeurs et des bonus d&rsquo;ensemble<\/strong>&nbsp;vous attendent !<\/p>\n\n\n\n<ul class=\"wp-block-list\">\n<li>Armure en tissu pour mage : ensemble du Myst\u00e8re du miroir<\/li>\n\n\n\n<li>Armure de tissu pour gu\u00e9risseur : ensemble de lumi\u00e8re miroir<\/li>\n\n\n\n<li>Armure de cuir : Ensemble de l&rsquo;ombre du miroir<\/li>\n\n\n\n<li>Armure en cha\u00eene : r\u00e9glage de l&rsquo;\u00e9paisseur du miroir<\/li>\n\n\n\n<li>Armure de plaque : Ensemble du rempart de miroirs<\/li>\n\n\n\n<li>Diff\u00e9rentes armes + main secondaire<\/li>\n<\/ul>\n\n\n\n<h4 class=\"wp-block-heading\">Autres r\u00e9compenses<\/h4>\n\n\n\n<ul class=\"wp-block-list\">\n<li>Qu\u00eate quotidienne : Rendez-vous aupr\u00e8s du nouveau PNJ aventurier Calym dans la r\u00e9gion des Montagnes Hurlantes (Logar) pour obtenir la qu\u00eate quotidienne.<\/li>\n\n\n\n<li>Nouveaux titres<\/li>\n\n\n\n<li>Points d&rsquo;exp\u00e9rience au sommet<\/li>\n<\/ul>\n","protected":false},"excerpt":{"rendered":"<p>Ta curiosit\u00e9 et ton go\u00fbt pour l&rsquo;aventure sont \u00e9veill\u00e9s ? Alors, rendez-vous d\u00e8s maintenant dans le sud d&rsquo;Aslan pour acc\u00e9der \u00e0 la Cit\u00e9 fun\u00e9raire des miroirs (difficile). De puissants adversaires t&rsquo;y attendent. Tu devrais donc emmener quelques-uns de tes amis h\u00e9ros pour affronter les cinq boss. Des adversaires puissants Les [&hellip;]<\/p>\n","protected":false},"author":1,"featured_media":0,"parent":0,"menu_order":0,"comment_status":"closed","ping_status":"closed","template":"","meta":{"footnotes":""},"class_list":["post-3851","page","type-page","status-publish","hentry"],"yoast_head":"<!-- This site is optimized with the Yoast SEO plugin v27.4 - https:\/\/yoast.com\/product\/yoast-seo-wordpress\/ -->\n<title>La cit\u00e9 fun\u00e9raire des miroirs (difficile) - Runes of Magic-Infos<\/title>\n<meta name=\"robots\" content=\"index, follow, max-snippet:-1, max-image-preview:large, max-video-preview:-1\" \/>\n<link rel=\"canonical\" href=\"https:\/\/www.runesofmagic-infos.com\/fr\/la-cite-funeraire-des-miroirs-difficile\/\" \/>\n<meta property=\"og:locale\" content=\"fr_FR\" \/>\n<meta property=\"og:type\" content=\"article\" \/>\n<meta property=\"og:title\" content=\"La cit\u00e9 fun\u00e9raire des miroirs (difficile) - Runes of Magic-Infos\" \/>\n<meta property=\"og:description\" content=\"Ta curiosit\u00e9 et ton go\u00fbt pour l&rsquo;aventure sont \u00e9veill\u00e9s ? Alors, rendez-vous d\u00e8s maintenant dans le sud d&rsquo;Aslan pour acc\u00e9der \u00e0 la Cit\u00e9 fun\u00e9raire des miroirs (difficile). De puissants adversaires t&rsquo;y attendent. Tu devrais donc emmener quelques-uns de tes amis h\u00e9ros pour affronter les cinq boss. Des adversaires puissants Les [&hellip;]\" \/>\n<meta property=\"og:url\" content=\"https:\/\/www.runesofmagic-infos.com\/fr\/la-cite-funeraire-des-miroirs-difficile\/\" \/>\n<meta property=\"og:site_name\" content=\"Runes of Magic-Infos\" \/>\n<meta property=\"article:modified_time\" content=\"2024-04-18T16:07:01+00:00\" \/>\n<meta name=\"twitter:card\" content=\"summary_large_image\" \/>\n<meta name=\"twitter:label1\" content=\"Dur\u00e9e de lecture estim\u00e9e\" \/>\n\t<meta name=\"twitter:data1\" content=\"1 minute\" \/>\n<script type=\"application\/ld+json\" class=\"yoast-schema-graph\">{\"@context\":\"https:\\\/\\\/schema.org\",\"@graph\":[{\"@type\":\"WebPage\",\"@id\":\"https:\\\/\\\/www.runesofmagic-infos.com\\\/fr\\\/la-cite-funeraire-des-miroirs-difficile\\\/\",\"url\":\"https:\\\/\\\/www.runesofmagic-infos.com\\\/fr\\\/la-cite-funeraire-des-miroirs-difficile\\\/\",\"name\":\"La cit\u00e9 fun\u00e9raire des miroirs (difficile) - Runes of Magic-Infos\",\"isPartOf\":{\"@id\":\"https:\\\/\\\/www.runesofmagic-infos.com\\\/fr\\\/#website\"},\"datePublished\":\"2024-04-18T16:06:55+00:00\",\"dateModified\":\"2024-04-18T16:07:01+00:00\",\"breadcrumb\":{\"@id\":\"https:\\\/\\\/www.runesofmagic-infos.com\\\/fr\\\/la-cite-funeraire-des-miroirs-difficile\\\/#breadcrumb\"},\"inLanguage\":\"fr-FR\",\"potentialAction\":[{\"@type\":\"ReadAction\",\"target\":[\"https:\\\/\\\/www.runesofmagic-infos.com\\\/fr\\\/la-cite-funeraire-des-miroirs-difficile\\\/\"]}]},{\"@type\":\"BreadcrumbList\",\"@id\":\"https:\\\/\\\/www.runesofmagic-infos.com\\\/fr\\\/la-cite-funeraire-des-miroirs-difficile\\\/#breadcrumb\",\"itemListElement\":[{\"@type\":\"ListItem\",\"position\":1,\"name\":\"Startseite\",\"item\":\"https:\\\/\\\/www.runesofmagic-infos.com\\\/fr\\\/\"},{\"@type\":\"ListItem\",\"position\":2,\"name\":\"La cit\u00e9 fun\u00e9raire des miroirs (difficile)\"}]},{\"@type\":\"WebSite\",\"@id\":\"https:\\\/\\\/www.runesofmagic-infos.com\\\/fr\\\/#website\",\"url\":\"https:\\\/\\\/www.runesofmagic-infos.com\\\/fr\\\/\",\"name\":\"Runes of Magic-Infos\",\"description\":\"\",\"publisher\":{\"@id\":\"https:\\\/\\\/www.runesofmagic-infos.com\\\/fr\\\/#organization\"},\"potentialAction\":[{\"@type\":\"SearchAction\",\"target\":{\"@type\":\"EntryPoint\",\"urlTemplate\":\"https:\\\/\\\/www.runesofmagic-infos.com\\\/fr\\\/?s={search_term_string}\"},\"query-input\":{\"@type\":\"PropertyValueSpecification\",\"valueRequired\":true,\"valueName\":\"search_term_string\"}}],\"inLanguage\":\"fr-FR\"},{\"@type\":\"Organization\",\"@id\":\"https:\\\/\\\/www.runesofmagic-infos.com\\\/fr\\\/#organization\",\"name\":\"Runes of Magic-Infos\",\"url\":\"https:\\\/\\\/www.runesofmagic-infos.com\\\/fr\\\/\",\"logo\":{\"@type\":\"ImageObject\",\"inLanguage\":\"fr-FR\",\"@id\":\"https:\\\/\\\/www.runesofmagic-infos.com\\\/fr\\\/#\\\/schema\\\/logo\\\/image\\\/\",\"url\":\"https:\\\/\\\/www.runesofmagic-infos.com\\\/wp-content\\\/uploads\\\/2024\\\/01\\\/ROM-Infos-Original-Logo.png\",\"contentUrl\":\"https:\\\/\\\/www.runesofmagic-infos.com\\\/wp-content\\\/uploads\\\/2024\\\/01\\\/ROM-Infos-Original-Logo.png\",\"width\":2329,\"height\":1721,\"caption\":\"Runes of Magic-Infos\"},\"image\":{\"@id\":\"https:\\\/\\\/www.runesofmagic-infos.com\\\/fr\\\/#\\\/schema\\\/logo\\\/image\\\/\"}}]}<\/script>\n<!-- \/ Yoast SEO plugin. -->","yoast_head_json":{"title":"La cit\u00e9 fun\u00e9raire des miroirs (difficile) - Runes of Magic-Infos","robots":{"index":"index","follow":"follow","max-snippet":"max-snippet:-1","max-image-preview":"max-image-preview:large","max-video-preview":"max-video-preview:-1"},"canonical":"https:\/\/www.runesofmagic-infos.com\/fr\/la-cite-funeraire-des-miroirs-difficile\/","og_locale":"fr_FR","og_type":"article","og_title":"La cit\u00e9 fun\u00e9raire des miroirs (difficile) - Runes of Magic-Infos","og_description":"Ta curiosit\u00e9 et ton go\u00fbt pour l&rsquo;aventure sont \u00e9veill\u00e9s ? Alors, rendez-vous d\u00e8s maintenant dans le sud d&rsquo;Aslan pour acc\u00e9der \u00e0 la Cit\u00e9 fun\u00e9raire des miroirs (difficile). De puissants adversaires t&rsquo;y attendent. Tu devrais donc emmener quelques-uns de tes amis h\u00e9ros pour affronter les cinq boss. Des adversaires puissants Les [&hellip;]","og_url":"https:\/\/www.runesofmagic-infos.com\/fr\/la-cite-funeraire-des-miroirs-difficile\/","og_site_name":"Runes of Magic-Infos","article_modified_time":"2024-04-18T16:07:01+00:00","twitter_card":"summary_large_image","twitter_misc":{"Dur\u00e9e de lecture estim\u00e9e":"1 minute"},"schema":{"@context":"https:\/\/schema.org","@graph":[{"@type":"WebPage","@id":"https:\/\/www.runesofmagic-infos.com\/fr\/la-cite-funeraire-des-miroirs-difficile\/","url":"https:\/\/www.runesofmagic-infos.com\/fr\/la-cite-funeraire-des-miroirs-difficile\/","name":"La cit\u00e9 fun\u00e9raire des miroirs (difficile) - Runes of Magic-Infos","isPartOf":{"@id":"https:\/\/www.runesofmagic-infos.com\/fr\/#website"},"datePublished":"2024-04-18T16:06:55+00:00","dateModified":"2024-04-18T16:07:01+00:00","breadcrumb":{"@id":"https:\/\/www.runesofmagic-infos.com\/fr\/la-cite-funeraire-des-miroirs-difficile\/#breadcrumb"},"inLanguage":"fr-FR","potentialAction":[{"@type":"ReadAction","target":["https:\/\/www.runesofmagic-infos.com\/fr\/la-cite-funeraire-des-miroirs-difficile\/"]}]},{"@type":"BreadcrumbList","@id":"https:\/\/www.runesofmagic-infos.com\/fr\/la-cite-funeraire-des-miroirs-difficile\/#breadcrumb","itemListElement":[{"@type":"ListItem","position":1,"name":"Startseite","item":"https:\/\/www.runesofmagic-infos.com\/fr\/"},{"@type":"ListItem","position":2,"name":"La cit\u00e9 fun\u00e9raire des miroirs (difficile)"}]},{"@type":"WebSite","@id":"https:\/\/www.runesofmagic-infos.com\/fr\/#website","url":"https:\/\/www.runesofmagic-infos.com\/fr\/","name":"Runes of Magic-Infos","description":"","publisher":{"@id":"https:\/\/www.runesofmagic-infos.com\/fr\/#organization"},"potentialAction":[{"@type":"SearchAction","target":{"@type":"EntryPoint","urlTemplate":"https:\/\/www.runesofmagic-infos.com\/fr\/?s={search_term_string}"},"query-input":{"@type":"PropertyValueSpecification","valueRequired":true,"valueName":"search_term_string"}}],"inLanguage":"fr-FR"},{"@type":"Organization","@id":"https:\/\/www.runesofmagic-infos.com\/fr\/#organization","name":"Runes of Magic-Infos","url":"https:\/\/www.runesofmagic-infos.com\/fr\/","logo":{"@type":"ImageObject","inLanguage":"fr-FR","@id":"https:\/\/www.runesofmagic-infos.com\/fr\/#\/schema\/logo\/image\/","url":"https:\/\/www.runesofmagic-infos.com\/wp-content\/uploads\/2024\/01\/ROM-Infos-Original-Logo.png","contentUrl":"https:\/\/www.runesofmagic-infos.com\/wp-content\/uploads\/2024\/01\/ROM-Infos-Original-Logo.png","width":2329,"height":1721,"caption":"Runes of Magic-Infos"},"image":{"@id":"https:\/\/www.runesofmagic-infos.com\/fr\/#\/schema\/logo\/image\/"}}]}},"_links":{"self":[{"href":"https:\/\/www.runesofmagic-infos.com\/fr\/wp-json\/wp\/v2\/pages\/3851","targetHints":{"allow":["GET"]}}],"collection":[{"href":"https:\/\/www.runesofmagic-infos.com\/fr\/wp-json\/wp\/v2\/pages"}],"about":[{"href":"https:\/\/www.runesofmagic-infos.com\/fr\/wp-json\/wp\/v2\/types\/page"}],"author":[{"embeddable":true,"href":"https:\/\/www.runesofmagic-infos.com\/fr\/wp-json\/wp\/v2\/users\/1"}],"replies":[{"embeddable":true,"href":"https:\/\/www.runesofmagic-infos.com\/fr\/wp-json\/wp\/v2\/comments?post=3851"}],"version-history":[{"count":1,"href":"https:\/\/www.runesofmagic-infos.com\/fr\/wp-json\/wp\/v2\/pages\/3851\/revisions"}],"predecessor-version":[{"id":3852,"href":"https:\/\/www.runesofmagic-infos.com\/fr\/wp-json\/wp\/v2\/pages\/3851\/revisions\/3852"}],"wp:attachment":[{"href":"https:\/\/www.runesofmagic-infos.com\/fr\/wp-json\/wp\/v2\/media?parent=3851"}],"curies":[{"name":"wp","href":"https:\/\/api.w.org\/{rel}","templated":true}]}}