{"id":3492,"date":"2024-03-24T13:02:05","date_gmt":"2024-03-24T13:02:05","guid":{"rendered":"https:\/\/www.runesofmagic-infos.com\/jeu-de-survie-malatina\/"},"modified":"2024-04-02T15:30:45","modified_gmt":"2024-04-02T15:30:45","slug":"jeu-de-survie-malatina","status":"publish","type":"page","link":"https:\/\/www.runesofmagic-infos.com\/fr\/jeu-de-survie-malatina\/","title":{"rendered":"Jeu de survie Malatina"},"content":{"rendered":"\n<p><strong>Le jeu de la vie et de la mort de Malatina<\/strong>&nbsp;<\/p>\n\n\n\n<p>(ou en bref : <em>jeu de survie<\/em>)&nbsp;<\/p>\n\n\n\n<figure class=\"wp-block-image size-full\"><img loading=\"lazy\" decoding=\"async\" width=\"413\" height=\"664\" src=\"https:\/\/www.runesofmagic-infos.com\/wp-content\/uploads\/2024\/03\/image-1.jpeg\" alt=\"\" class=\"wp-image-3520\" srcset=\"https:\/\/www.runesofmagic-infos.com\/wp-content\/uploads\/2024\/03\/image-1.jpeg 413w, https:\/\/www.runesofmagic-infos.com\/wp-content\/uploads\/2024\/03\/image-1-187x300.jpeg 187w\" sizes=\"auto, (max-width: 413px) 100vw, 413px\" \/><\/figure>\n\n\n\n<p>Votre mission est de creuser 36 cases en 10 minutes, d&rsquo;ouvrir les 12 caisses et de survivre.&nbsp;<\/p>\n\n\n\n<p>En r\u00e9compense, vous recevrez des mati\u00e8res premi\u00e8res de guilde, des marteaux de r\u00e9paration simples, des potions de Phirius, des \u00e9lixirs de Phirius, des eaux sp\u00e9ciales de Phirius, des mati\u00e8res premi\u00e8res \u00e0 crafter (adapt\u00e9es au niveau du joueur), des mat\u00e9riaux pour construire des instruments de musique, des runes de niveau IV, des jetons de Phirius, des recettes pour les meubles de boss et une charge pour le Convertisseur d&rsquo;arcane. Si la classe primaire est au moins au niveau 50, vous recevrez en plus 30 coquillages de Phirius. De plus, les ennemis laissent tomber <em>des runes de nettoyage <\/em>.  <\/p>\n\n\n\n<figure class=\"wp-block-image size-full\"><img loading=\"lazy\" decoding=\"async\" width=\"290\" height=\"595\" src=\"https:\/\/www.runesofmagic-infos.com\/wp-content\/uploads\/2024\/03\/image-2.jpeg\" alt=\"\" class=\"wp-image-3530\" srcset=\"https:\/\/www.runesofmagic-infos.com\/wp-content\/uploads\/2024\/03\/image-2.jpeg 290w, https:\/\/www.runesofmagic-infos.com\/wp-content\/uploads\/2024\/03\/image-2-146x300.jpeg 146w\" sizes=\"auto, (max-width: 290px) 100vw, 290px\" \/><\/figure>\n\n\n\n<p>En outre, il y a 3 titres diff\u00e9rents \u00e0 atteindre, qui sont \u00e9galement tous utilisables dans le syst\u00e8me de titres :  <\/p>\n\n\n\n<ul class=\"wp-block-list\">\n<li><strong>\n  <em>Survivant du jeu de Malatinas <\/em>\n<\/strong>pour avoir termin\u00e9 la t\u00e2che avec succ\u00e8s. Pour cela, il suffit de s&rsquo;adresser \u00e0 nouveau \u00e0 Malatina.  <\/li>\n<\/ul>\n\n\n\n<ul class=\"wp-block-list\">\n<li><strong>\n  <em>Malatinike <\/em>\n<\/strong>pour avoir termin\u00e9 la t\u00e2che 30 fois. Ce titre apporte \u00e9galement trois bonus utiles : +15 de d\u00e9fense physique, +2 \u00e0 tous les attributs et +100 points de vie maximum.&nbsp;<\/li>\n\n\n\n<li><strong>\n  <em>Roi des taupes <\/em>\n<\/strong>si l&rsquo;on a accompli la t\u00e2che 100 fois Ce titre apporte \u00e9galement trois bonus : +25 de d\u00e9fense physique, +6 \u00e0 tous les attributs et +200 points de vie maximum.&nbsp;<\/li>\n<\/ul>\n\n\n\n<p>D\u00e8s que vous abordez <strong>Malatina <\/strong>sur la place de la ville de Varanas, elle vous propose de participer au \u00ab\u00a0Jeu de survie\u00a0\u00bb pour 30 jetons Phirius. Une fois le d\u00e9fi relev\u00e9, vous serez transport\u00e9 dans la zone de l&rsquo;\u00e9v\u00e9nement.&nbsp;<\/p>\n\n\n\n<p>Le jeu se d\u00e9roule dans une zone s\u00e9par\u00e9e, \u00e0 laquelle vous \u00eates les seuls \u00e0 avoir acc\u00e8s. Vous ne serez donc pas d\u00e9rang\u00e9s par d&rsquo;autres joueurs. L\u00e0, <strong>Hill Joker <\/strong>vous attend pour vous expliquer les r\u00e8gles, vous ramener sur la place de la ville ou lancer l&rsquo;\u00e9v\u00e9nement. Les r\u00e8gles vous permettent \u00e9galement de parvenir \u00e0 un \u00ab\u00a0autre accord\u00a0\u00bb. Contre une potion \u00ab\u00a0<em>R\u00e9demption du Ph\u00e9nix<\/em>\u00ab\u00a0, Hill Joker \u00e9limine les gardiens et vous n&rsquo;auriez plus qu&rsquo;\u00e0 creuser les champs.&nbsp;<\/p>\n\n\n\n<figure class=\"wp-block-image size-large\"><img loading=\"lazy\" decoding=\"async\" width=\"1024\" height=\"480\" src=\"https:\/\/www.runesofmagic-infos.com\/wp-content\/uploads\/2024\/03\/image-3-1024x480.jpeg\" alt=\"\" class=\"wp-image-3535\" srcset=\"https:\/\/www.runesofmagic-infos.com\/wp-content\/uploads\/2024\/03\/image-3-1024x480.jpeg 1024w, https:\/\/www.runesofmagic-infos.com\/wp-content\/uploads\/2024\/03\/image-3-300x140.jpeg 300w, https:\/\/www.runesofmagic-infos.com\/wp-content\/uploads\/2024\/03\/image-3-768x360.jpeg 768w, https:\/\/www.runesofmagic-infos.com\/wp-content\/uploads\/2024\/03\/image-3.jpeg 1119w\" sizes=\"auto, (max-width: 1024px) 100vw, 1024px\" \/><\/figure>\n\n\n\n<p>D\u00e8s que vous avez directement accept\u00e9 le d\u00e9fi ou que vous avez remis \u00e0 Hill Joker la \u00ab\u00a0<em>R\u00e9demption du Ph\u00e9nix<\/em>\u00ab\u00a0, le jeu commence et le temps commence \u00e0 s&rsquo;\u00e9couler. \u00c0 partir de maintenant, vous avez 10 minutes pour creuser les 36 tuiles et ouvrir les 12 caisses. La <em>baguette magique de Malatina<\/em>, au centre du terrain, est reli\u00e9e aux <em>Machines bizarres<\/em>, au bord du terrain, et lance diff\u00e9rents sorts de surface d\u00e8s que vous vous trouvez entre la baguette magique et une <em>Machine bizarre <\/em>. D\u00e8s que l&rsquo;on a d\u00e9truit une <em>machine bizarre <\/em>, un <em>esprit de la roche qui veille<\/em> appara\u00eet. Il faut \u00e9galement l&rsquo;\u00e9liminer avant de pouvoir creuser le carreau.  <\/p>\n\n\n\n<figure class=\"wp-block-image size-full\"><img loading=\"lazy\" decoding=\"async\" width=\"544\" height=\"660\" src=\"https:\/\/www.runesofmagic-infos.com\/wp-content\/uploads\/2024\/03\/image-4.jpeg\" alt=\"\" class=\"wp-image-3541\" srcset=\"https:\/\/www.runesofmagic-infos.com\/wp-content\/uploads\/2024\/03\/image-4.jpeg 544w, https:\/\/www.runesofmagic-infos.com\/wp-content\/uploads\/2024\/03\/image-4-247x300.jpeg 247w\" sizes=\"auto, (max-width: 544px) 100vw, 544px\" \/><\/figure>\n\n\n\n<p>Une fois que l&rsquo;on a r\u00e9ussi \u00e0 se frayer un chemin jusqu&rsquo;au carreau et \u00e0 le creuser, on a quatre possibilit\u00e9s :  <\/p>\n\n\n\n<ul class=\"wp-block-list\">\n<li>un des 12 coffres sur le terrain de jeu&nbsp;<\/li>\n\n\n\n<li>une <em>bombe <\/em>(petite, moyenne ou grande) qui fait des d\u00e9g\u00e2ts et vous renverse avec des port\u00e9es diff\u00e9rentes&nbsp;<\/li>\n\n\n\n<li>un adversaire d&rsquo;\u00e9lite qu&rsquo;il faut aussi vaincre&nbsp;<\/li>\n\n\n\n<li>une case vide, apr\u00e8s quoi <em>la baguette magique de Malatina <\/em>soigne, acc\u00e9l\u00e8re ou renverse et inflige des d\u00e9g\u00e2ts&nbsp;<\/li>\n<\/ul>\n\n\n\n<p>Il y a du soutien aux quatre coins du terrain. A droite de l&rsquo;entr\u00e9e et en diagonale de l&rsquo;autre c\u00f4t\u00e9, on obtient des soins. Dans les deux autres coins, il est possible de se t\u00e9l\u00e9porter et d&rsquo;atterrir \u00e0 droite de l&rsquo;entr\u00e9e.&nbsp;<\/p>\n\n\n\n<p>En fonction du niveau de chacun, les ennemis sont adapt\u00e9s en termes de niveau :&nbsp;<\/p>\n\n\n\n<figure class=\"wp-block-table\"><table><tbody><tr><td><strong><em>Niveau du joueur<\/em><\/strong>&nbsp;<\/td><td><strong><em>Esprit de la roche qui veille<\/em><\/strong>&nbsp;<\/td><td><strong><em>D\u00e9fenseur vigilant<\/em><\/strong>&nbsp;<\/td><td><strong><em>D\u00e9mon des falaises<\/em><\/strong>&nbsp;<\/td><\/tr><tr><td>1-30&nbsp;<\/td><td>20&nbsp;<\/td><td>20&nbsp;<\/td><td>25&nbsp;<\/td><\/tr><tr><td>21-35&nbsp;<\/td><td>25&nbsp;<\/td><td>25&nbsp;<\/td><td>30&nbsp;<\/td><\/tr><tr><td>36-45&nbsp;<\/td><td>30&nbsp;<\/td><td>30&nbsp;<\/td><td>35&nbsp;<\/td><\/tr><tr><td>46-49&nbsp;<\/td><td>35&nbsp;<\/td><td>35&nbsp;<\/td><td>40&nbsp;<\/td><\/tr><tr><td>50-100&nbsp;<\/td><td>10 niveaux plus bas&nbsp;<\/td><td>10 niveaux plus bas&nbsp;<\/td><td>5 niveaux inf\u00e9rieurs&nbsp;<\/td><\/tr><\/tbody><\/table><\/figure>\n\n\n\n<figure class=\"wp-block-image size-full\"><img loading=\"lazy\" decoding=\"async\" width=\"397\" height=\"333\" src=\"https:\/\/www.runesofmagic-infos.com\/wp-content\/uploads\/2024\/03\/image-5.jpeg\" alt=\"\" class=\"wp-image-3546\" srcset=\"https:\/\/www.runesofmagic-infos.com\/wp-content\/uploads\/2024\/03\/image-5.jpeg 397w, https:\/\/www.runesofmagic-infos.com\/wp-content\/uploads\/2024\/03\/image-5-300x252.jpeg 300w\" sizes=\"auto, (max-width: 397px) 100vw, 397px\" \/><\/figure>\n\n\n\n<p>Contrairement \u00e0 d&rsquo;autres mini-jeux, un niveau de joueur plus \u00e9lev\u00e9 ou un meilleur \u00e9quipement n&rsquo;apporte ici que peu d&rsquo;avantages. Cependant, un titre avec une vitesse de d\u00e9placement plus rapide et <em>Enthousiasme sans limites <\/em>apporte un avantage de vitesse. Attention ! L&rsquo;<em>Enthousiasme sans limites <\/em>est automatiquement retir\u00e9 en entrant sur le terrain, mais peut \u00eatre renouvel\u00e9.&nbsp;<\/p>\n\n\n\n<p>Les r\u00e9compenses n&rsquo;ont rien de sp\u00e9cial, mais ceux qui veulent encore am\u00e9liorer ou d\u00e9velopper leur ch\u00e2teau de guilde prennent volontiers les mat\u00e9riaux. On finit aussi par avoir toutes les recettes et on n&rsquo;a besoin des runes que pour le buff d&rsquo;Haidon. Le <em>Marteau de r\u00e9paration simple <\/em>et les mat\u00e9riaux pour la fabrication d&rsquo;instruments ainsi qu&rsquo;une charge pour le Convertisseur d&rsquo;arcane ne peuvent attirer que peu de joueurs. Les titres du syst\u00e8me de titres sont toutefois vraiment int\u00e9ressants. <strong>Le roi des taupes <\/strong>rapporte 20% de drop rate (les deux autres 10% et 15%). Un bonus qui en vaut la peine pour les farmers de cartes.&nbsp;<\/p>\n","protected":false},"excerpt":{"rendered":"<p>Le jeu de la vie et de la mort de Malatina&nbsp; (ou en bref : jeu de survie)&nbsp; Votre mission est de creuser 36 cases en 10 minutes, d&rsquo;ouvrir les 12 caisses et de survivre.&nbsp; En r\u00e9compense, vous recevrez des mati\u00e8res premi\u00e8res de guilde, des marteaux de r\u00e9paration simples, des [&hellip;]<\/p>\n","protected":false},"author":1,"featured_media":0,"parent":0,"menu_order":0,"comment_status":"closed","ping_status":"closed","template":"","meta":{"footnotes":""},"class_list":["post-3492","page","type-page","status-publish","hentry"],"yoast_head":"<!-- This site is optimized with the Yoast SEO plugin v27.4 - https:\/\/yoast.com\/product\/yoast-seo-wordpress\/ -->\n<title>Jeu de survie Malatina - Runes of Magic-Infos<\/title>\n<meta name=\"robots\" content=\"index, follow, max-snippet:-1, max-image-preview:large, max-video-preview:-1\" \/>\n<link rel=\"canonical\" href=\"https:\/\/www.runesofmagic-infos.com\/fr\/jeu-de-survie-malatina\/\" \/>\n<meta property=\"og:locale\" content=\"fr_FR\" \/>\n<meta property=\"og:type\" content=\"article\" \/>\n<meta property=\"og:title\" content=\"Jeu de survie Malatina - Runes of Magic-Infos\" \/>\n<meta property=\"og:description\" content=\"Le jeu de la vie et de la mort de Malatina&nbsp; (ou en bref : jeu de survie)&nbsp; Votre mission est de creuser 36 cases en 10 minutes, d&rsquo;ouvrir les 12 caisses et de survivre.&nbsp; En r\u00e9compense, vous recevrez des mati\u00e8res premi\u00e8res de guilde, des marteaux de r\u00e9paration simples, des [&hellip;]\" \/>\n<meta property=\"og:url\" content=\"https:\/\/www.runesofmagic-infos.com\/fr\/jeu-de-survie-malatina\/\" \/>\n<meta property=\"og:site_name\" content=\"Runes of Magic-Infos\" \/>\n<meta property=\"article:modified_time\" content=\"2024-04-02T15:30:45+00:00\" \/>\n<meta property=\"og:image\" content=\"https:\/\/www.runesofmagic-infos.com\/wp-content\/uploads\/2024\/03\/image-1.jpeg\" \/>\n<meta name=\"twitter:card\" content=\"summary_large_image\" \/>\n<meta name=\"twitter:label1\" content=\"Dur\u00e9e de lecture estim\u00e9e\" \/>\n\t<meta name=\"twitter:data1\" content=\"4 minutes\" \/>\n<script type=\"application\/ld+json\" class=\"yoast-schema-graph\">{\"@context\":\"https:\\\/\\\/schema.org\",\"@graph\":[{\"@type\":\"WebPage\",\"@id\":\"https:\\\/\\\/www.runesofmagic-infos.com\\\/fr\\\/jeu-de-survie-malatina\\\/\",\"url\":\"https:\\\/\\\/www.runesofmagic-infos.com\\\/fr\\\/jeu-de-survie-malatina\\\/\",\"name\":\"Jeu de survie Malatina - Runes of Magic-Infos\",\"isPartOf\":{\"@id\":\"https:\\\/\\\/www.runesofmagic-infos.com\\\/fr\\\/#website\"},\"primaryImageOfPage\":{\"@id\":\"https:\\\/\\\/www.runesofmagic-infos.com\\\/fr\\\/jeu-de-survie-malatina\\\/#primaryimage\"},\"image\":{\"@id\":\"https:\\\/\\\/www.runesofmagic-infos.com\\\/fr\\\/jeu-de-survie-malatina\\\/#primaryimage\"},\"thumbnailUrl\":\"https:\\\/\\\/www.runesofmagic-infos.com\\\/wp-content\\\/uploads\\\/2024\\\/03\\\/image-1.jpeg\",\"datePublished\":\"2024-03-24T13:02:05+00:00\",\"dateModified\":\"2024-04-02T15:30:45+00:00\",\"breadcrumb\":{\"@id\":\"https:\\\/\\\/www.runesofmagic-infos.com\\\/fr\\\/jeu-de-survie-malatina\\\/#breadcrumb\"},\"inLanguage\":\"fr-FR\",\"potentialAction\":[{\"@type\":\"ReadAction\",\"target\":[\"https:\\\/\\\/www.runesofmagic-infos.com\\\/fr\\\/jeu-de-survie-malatina\\\/\"]}]},{\"@type\":\"ImageObject\",\"inLanguage\":\"fr-FR\",\"@id\":\"https:\\\/\\\/www.runesofmagic-infos.com\\\/fr\\\/jeu-de-survie-malatina\\\/#primaryimage\",\"url\":\"https:\\\/\\\/www.runesofmagic-infos.com\\\/wp-content\\\/uploads\\\/2024\\\/03\\\/image-1.jpeg\",\"contentUrl\":\"https:\\\/\\\/www.runesofmagic-infos.com\\\/wp-content\\\/uploads\\\/2024\\\/03\\\/image-1.jpeg\"},{\"@type\":\"BreadcrumbList\",\"@id\":\"https:\\\/\\\/www.runesofmagic-infos.com\\\/fr\\\/jeu-de-survie-malatina\\\/#breadcrumb\",\"itemListElement\":[{\"@type\":\"ListItem\",\"position\":1,\"name\":\"Startseite\",\"item\":\"https:\\\/\\\/www.runesofmagic-infos.com\\\/fr\\\/\"},{\"@type\":\"ListItem\",\"position\":2,\"name\":\"Jeu de survie Malatina\"}]},{\"@type\":\"WebSite\",\"@id\":\"https:\\\/\\\/www.runesofmagic-infos.com\\\/fr\\\/#website\",\"url\":\"https:\\\/\\\/www.runesofmagic-infos.com\\\/fr\\\/\",\"name\":\"Runes of Magic-Infos\",\"description\":\"\",\"publisher\":{\"@id\":\"https:\\\/\\\/www.runesofmagic-infos.com\\\/fr\\\/#organization\"},\"potentialAction\":[{\"@type\":\"SearchAction\",\"target\":{\"@type\":\"EntryPoint\",\"urlTemplate\":\"https:\\\/\\\/www.runesofmagic-infos.com\\\/fr\\\/?s={search_term_string}\"},\"query-input\":{\"@type\":\"PropertyValueSpecification\",\"valueRequired\":true,\"valueName\":\"search_term_string\"}}],\"inLanguage\":\"fr-FR\"},{\"@type\":\"Organization\",\"@id\":\"https:\\\/\\\/www.runesofmagic-infos.com\\\/fr\\\/#organization\",\"name\":\"Runes of Magic-Infos\",\"url\":\"https:\\\/\\\/www.runesofmagic-infos.com\\\/fr\\\/\",\"logo\":{\"@type\":\"ImageObject\",\"inLanguage\":\"fr-FR\",\"@id\":\"https:\\\/\\\/www.runesofmagic-infos.com\\\/fr\\\/#\\\/schema\\\/logo\\\/image\\\/\",\"url\":\"https:\\\/\\\/www.runesofmagic-infos.com\\\/wp-content\\\/uploads\\\/2024\\\/01\\\/ROM-Infos-Original-Logo.png\",\"contentUrl\":\"https:\\\/\\\/www.runesofmagic-infos.com\\\/wp-content\\\/uploads\\\/2024\\\/01\\\/ROM-Infos-Original-Logo.png\",\"width\":2329,\"height\":1721,\"caption\":\"Runes of Magic-Infos\"},\"image\":{\"@id\":\"https:\\\/\\\/www.runesofmagic-infos.com\\\/fr\\\/#\\\/schema\\\/logo\\\/image\\\/\"}}]}<\/script>\n<!-- \/ Yoast SEO plugin. -->","yoast_head_json":{"title":"Jeu de survie Malatina - Runes of Magic-Infos","robots":{"index":"index","follow":"follow","max-snippet":"max-snippet:-1","max-image-preview":"max-image-preview:large","max-video-preview":"max-video-preview:-1"},"canonical":"https:\/\/www.runesofmagic-infos.com\/fr\/jeu-de-survie-malatina\/","og_locale":"fr_FR","og_type":"article","og_title":"Jeu de survie Malatina - Runes of Magic-Infos","og_description":"Le jeu de la vie et de la mort de Malatina&nbsp; (ou en bref : jeu de survie)&nbsp; Votre mission est de creuser 36 cases en 10 minutes, d&rsquo;ouvrir les 12 caisses et de survivre.&nbsp; En r\u00e9compense, vous recevrez des mati\u00e8res premi\u00e8res de guilde, des marteaux de r\u00e9paration simples, des [&hellip;]","og_url":"https:\/\/www.runesofmagic-infos.com\/fr\/jeu-de-survie-malatina\/","og_site_name":"Runes of Magic-Infos","article_modified_time":"2024-04-02T15:30:45+00:00","og_image":[{"url":"https:\/\/www.runesofmagic-infos.com\/wp-content\/uploads\/2024\/03\/image-1.jpeg","type":"","width":"","height":""}],"twitter_card":"summary_large_image","twitter_misc":{"Dur\u00e9e de lecture estim\u00e9e":"4 minutes"},"schema":{"@context":"https:\/\/schema.org","@graph":[{"@type":"WebPage","@id":"https:\/\/www.runesofmagic-infos.com\/fr\/jeu-de-survie-malatina\/","url":"https:\/\/www.runesofmagic-infos.com\/fr\/jeu-de-survie-malatina\/","name":"Jeu de survie Malatina - Runes of Magic-Infos","isPartOf":{"@id":"https:\/\/www.runesofmagic-infos.com\/fr\/#website"},"primaryImageOfPage":{"@id":"https:\/\/www.runesofmagic-infos.com\/fr\/jeu-de-survie-malatina\/#primaryimage"},"image":{"@id":"https:\/\/www.runesofmagic-infos.com\/fr\/jeu-de-survie-malatina\/#primaryimage"},"thumbnailUrl":"https:\/\/www.runesofmagic-infos.com\/wp-content\/uploads\/2024\/03\/image-1.jpeg","datePublished":"2024-03-24T13:02:05+00:00","dateModified":"2024-04-02T15:30:45+00:00","breadcrumb":{"@id":"https:\/\/www.runesofmagic-infos.com\/fr\/jeu-de-survie-malatina\/#breadcrumb"},"inLanguage":"fr-FR","potentialAction":[{"@type":"ReadAction","target":["https:\/\/www.runesofmagic-infos.com\/fr\/jeu-de-survie-malatina\/"]}]},{"@type":"ImageObject","inLanguage":"fr-FR","@id":"https:\/\/www.runesofmagic-infos.com\/fr\/jeu-de-survie-malatina\/#primaryimage","url":"https:\/\/www.runesofmagic-infos.com\/wp-content\/uploads\/2024\/03\/image-1.jpeg","contentUrl":"https:\/\/www.runesofmagic-infos.com\/wp-content\/uploads\/2024\/03\/image-1.jpeg"},{"@type":"BreadcrumbList","@id":"https:\/\/www.runesofmagic-infos.com\/fr\/jeu-de-survie-malatina\/#breadcrumb","itemListElement":[{"@type":"ListItem","position":1,"name":"Startseite","item":"https:\/\/www.runesofmagic-infos.com\/fr\/"},{"@type":"ListItem","position":2,"name":"Jeu de survie Malatina"}]},{"@type":"WebSite","@id":"https:\/\/www.runesofmagic-infos.com\/fr\/#website","url":"https:\/\/www.runesofmagic-infos.com\/fr\/","name":"Runes of Magic-Infos","description":"","publisher":{"@id":"https:\/\/www.runesofmagic-infos.com\/fr\/#organization"},"potentialAction":[{"@type":"SearchAction","target":{"@type":"EntryPoint","urlTemplate":"https:\/\/www.runesofmagic-infos.com\/fr\/?s={search_term_string}"},"query-input":{"@type":"PropertyValueSpecification","valueRequired":true,"valueName":"search_term_string"}}],"inLanguage":"fr-FR"},{"@type":"Organization","@id":"https:\/\/www.runesofmagic-infos.com\/fr\/#organization","name":"Runes of Magic-Infos","url":"https:\/\/www.runesofmagic-infos.com\/fr\/","logo":{"@type":"ImageObject","inLanguage":"fr-FR","@id":"https:\/\/www.runesofmagic-infos.com\/fr\/#\/schema\/logo\/image\/","url":"https:\/\/www.runesofmagic-infos.com\/wp-content\/uploads\/2024\/01\/ROM-Infos-Original-Logo.png","contentUrl":"https:\/\/www.runesofmagic-infos.com\/wp-content\/uploads\/2024\/01\/ROM-Infos-Original-Logo.png","width":2329,"height":1721,"caption":"Runes of Magic-Infos"},"image":{"@id":"https:\/\/www.runesofmagic-infos.com\/fr\/#\/schema\/logo\/image\/"}}]}},"_links":{"self":[{"href":"https:\/\/www.runesofmagic-infos.com\/fr\/wp-json\/wp\/v2\/pages\/3492","targetHints":{"allow":["GET"]}}],"collection":[{"href":"https:\/\/www.runesofmagic-infos.com\/fr\/wp-json\/wp\/v2\/pages"}],"about":[{"href":"https:\/\/www.runesofmagic-infos.com\/fr\/wp-json\/wp\/v2\/types\/page"}],"author":[{"embeddable":true,"href":"https:\/\/www.runesofmagic-infos.com\/fr\/wp-json\/wp\/v2\/users\/1"}],"replies":[{"embeddable":true,"href":"https:\/\/www.runesofmagic-infos.com\/fr\/wp-json\/wp\/v2\/comments?post=3492"}],"version-history":[{"count":11,"href":"https:\/\/www.runesofmagic-infos.com\/fr\/wp-json\/wp\/v2\/pages\/3492\/revisions"}],"predecessor-version":[{"id":3692,"href":"https:\/\/www.runesofmagic-infos.com\/fr\/wp-json\/wp\/v2\/pages\/3492\/revisions\/3692"}],"wp:attachment":[{"href":"https:\/\/www.runesofmagic-infos.com\/fr\/wp-json\/wp\/v2\/media?parent=3492"}],"curies":[{"name":"wp","href":"https:\/\/api.w.org\/{rel}","templated":true}]}}