{"id":2810,"date":"2023-09-17T16:00:55","date_gmt":"2023-09-17T16:00:55","guid":{"rendered":"https:\/\/www.runesofmagic-infos.com\/conseils-utiles\/"},"modified":"2024-08-21T15:48:21","modified_gmt":"2024-08-21T15:48:21","slug":"conseils-utiles","status":"publish","type":"page","link":"https:\/\/www.runesofmagic-infos.com\/fr\/conseils-utiles\/","title":{"rendered":"Conseils utiles"},"content":{"rendered":"\n<h1>  Titre BK  <\/h1>\n<iframe loading=\"lazy\" src=\"https:\/\/docs.google.com\/spreadsheets\/d\/1kKF0JQYOtScswi7UJc0z2kj3Bnv1ShBRt3Mr7lmV0ag\/edit?usp=sharing\" width=\"900\" height=\"900\" name=\"SELFHTML_in_a_box\" id=\"SELFHTML_in_a_box\"><a href=\"https:\/\/docs.google.com\/spreadsheets\/d\/1kKF0JQYOtScswi7UJc0z2kj3Bnv1ShBRt3Mr7lmV0ag\/edit?usp=sharing\">SELFHTML<\/a><\/iframe>\n\n\n\n<p><a href=\"https:\/\/docs.google.com\/spreadsheets\/d\/1kKF0JQYOtScswi7UJc0z2kj3Bnv1ShBRt3Mr7lmV0ag\/edit?usp=sharing\" data-type=\"link\" data-id=\"https:\/\/docs.google.com\/spreadsheets\/d\/1kKF0JQYOtScswi7UJc0z2kj3Bnv1ShBRt3Mr7lmV0ag\/edit?usp=sharing\">Lien direct<\/a> &#8211; BK Titre<\/p>\n\n\n\n<h1>  Calculateur de runes  <\/h1>\n<iframe loading=\"lazy\" src=\"https:\/\/docs.google.com\/spreadsheets\/d\/10xIklrzqDG6b0efvFTuMMcTNgOCqDxHwm2y3mUKQHlE\/edit?usp=sharing\" width=\"900\" height=\"900\" name=\"SELFHTML_in_a_box\" id=\"SELFHTML_in_a_box\"><a href=\"https:\/\/docs.google.com\/spreadsheets\/d\/10xIklrzqDG6b0efvFTuMMcTNgOCqDxHwm2y3mUKQHlE\/edit?usp=sharing\">SELFHTML<\/a><\/iframe>\n\n\n\n<p><a href=\"https:\/\/docs.google.com\/spreadsheets\/d\/10xIklrzqDG6b0efvFTuMMcTNgOCqDxHwm2y3mUKQHlE\/edit?usp=sharing\" data-type=\"link\" data-id=\"https:\/\/docs.google.com\/spreadsheets\/d\/10xIklrzqDG6b0efvFTuMMcTNgOCqDxHwm2y3mUKQHlE\/edit?usp=sharing\">Lien direct<\/a> &#8211; Calculateur de runes<\/p>\n\n\n\n<h1>  Mondes des miroirs  <\/h1>\n<iframe loading=\"lazy\" src=\"https:\/\/docs.google.com\/spreadsheets\/d\/19GxMnc224AVEGY04rEYj6X9PqeMsD8CYsDn3Ho2GHPQ\/edit?usp=sharing\" width=\"900\" height=\"900\" name=\"SELFHTML_in_a_box\" id=\"SELFHTML_in_a_box\"><a href=\"https:\/\/docs.google.com\/spreadsheets\/d\/19GxMnc224AVEGY04rEYj6X9PqeMsD8CYsDn3Ho2GHPQ\/edit?usp=sharing\">SELFHTML<\/a><\/iframe>\n\n\n\n<p><a href=\"https:\/\/docs.google.com\/spreadsheets\/d\/19GxMnc224AVEGY04rEYj6X9PqeMsD8CYsDn3Ho2GHPQ\/edit?usp=sharing\" data-type=\"link\" data-id=\"https:\/\/docs.google.com\/spreadsheets\/d\/19GxMnc224AVEGY04rEYj6X9PqeMsD8CYsDn3Ho2GHPQ\/edit?usp=sharing\">Lien direct<\/a> &#8211; Le monde des miroirs  <\/p>\n\n\n\n<h1>  Stats  <\/h1>\n<iframe loading=\"lazy\" src=\"https:\/\/docs.google.com\/spreadsheets\/d\/1pT-RvRwfMPDxqs-p6s0gkUyr2ZhxPB6nu29X--2M-mQ\/edit?usp=sharing\" width=\"900\" height=\"900\" name=\"SELFHTML_in_a_box\" id=\"SELFHTML_in_a_box\"><a href=\"https:\/\/docs.google.com\/spreadsheets\/d\/1pT-RvRwfMPDxqs-p6s0gkUyr2ZhxPB6nu29X--2M-mQ\/edit?usp=sharing\">SELFHTML<\/a><\/iframe>\n\n\n\n<p><a href=\"https:\/\/docs.google.com\/spreadsheets\/d\/1pT-RvRwfMPDxqs-p6s0gkUyr2ZhxPB6nu29X--2M-mQ\/edit?usp=sharing\" data-type=\"link\" data-id=\"https:\/\/docs.google.com\/spreadsheets\/d\/1pT-RvRwfMPDxqs-p6s0gkUyr2ZhxPB6nu29X--2M-mQ\/edit?usp=sharing\">Lien direct<\/a> &#8211; Stats<\/p>\n\n\n\n<h1>  Femme de m\u00e9nage  <\/h1>\n<iframe loading=\"lazy\" src=\"https:\/\/docs.google.com\/spreadsheets\/d\/1igwOI0tOegP23HuGDx70FyEEuV84sN9muAoUdbDamwk\/edit?usp=sharing\" width=\"900\" height=\"900\" name=\"SELFHTML_in_a_box\" id=\"SELFHTML_in_a_box\"><a href=\"https:\/\/docs.google.com\/spreadsheets\/d\/1igwOI0tOegP23HuGDx70FyEEuV84sN9muAoUdbDamwk\/edit?usp=sharing\">SELFHTML<\/a><\/iframe>\n\n\n\n<p><a href=\"https:\/\/docs.google.com\/spreadsheets\/d\/1igwOI0tOegP23HuGDx70FyEEuV84sN9muAoUdbDamwk\/edit?usp=sharing\" data-type=\"link\" data-id=\"https:\/\/docs.google.com\/spreadsheets\/d\/1igwOI0tOegP23HuGDx70FyEEuV84sN9muAoUdbDamwk\/edit?usp=sharing\">Lien direct<\/a> &#8211; Femme de m\u00e9nage<\/p>\n\n\n\n<h1>  Comp\u00e9tences de plateau  <\/h1>\n<iframe loading=\"lazy\" src=\"https:\/\/docs.google.com\/spreadsheets\/d\/1jfcunYimoVz7iwJefWUImcDxVPR47zNL0JLbt2nM66I\/edit?usp=sharing\" width=\"900\" height=\"900\" name=\"SELFHTML_in_a_box\" id=\"SELFHTML_in_a_box\"><a href=\"https:\/\/docs.google.com\/spreadsheets\/d\/1jfcunYimoVz7iwJefWUImcDxVPR47zNL0JLbt2nM66I\/edit?usp=sharing\">SELFHTML<\/a><\/iframe>\n\n\n\n<p><a href=\"https:\/\/docs.google.com\/spreadsheets\/d\/1jfcunYimoVz7iwJefWUImcDxVPR47zNL0JLbt2nM66I\/edit?usp=sharing\" data-type=\"link\" data-id=\"https:\/\/docs.google.com\/spreadsheets\/d\/1jfcunYimoVz7iwJefWUImcDxVPR47zNL0JLbt2nM66I\/edit?usp=sharing\">Lien direct<\/a> &#8211; Setskills<\/p>\n\n\n\n<h1>  Macros  <\/h1>\n<iframe loading=\"lazy\" src=\"https:\/\/docs.google.com\/spreadsheets\/d\/1sAn0zO3lxVkuI0yFvdSKPspLAmxD5g5mLEfH7hpyQCY\/edit?usp=sharing\" width=\"900\" height=\"900\" name=\"SELFHTML_in_a_box\" id=\"SELFHTML_in_a_box\"><a href=\"https:\/\/docs.google.com\/spreadsheets\/d\/1sAn0zO3lxVkuI0yFvdSKPspLAmxD5g5mLEfH7hpyQCY\/edit?usp=sharing\">SELFHTML<\/a><\/iframe>\n\n\n\n<p><a href=\"https:\/\/docs.google.com\/spreadsheets\/d\/1sAn0zO3lxVkuI0yFvdSKPspLAmxD5g5mLEfH7hpyQCY\/edit?usp=sharing\" data-type=\"link\" data-id=\"https:\/\/docs.google.com\/spreadsheets\/d\/1sAn0zO3lxVkuI0yFvdSKPspLAmxD5g5mLEfH7hpyQCY\/edit?usp=sharing\">Lien direct<\/a> &#8211; Macros<\/p>\n\n\n\n<h1>  Commandes de texte  <\/h1>\n<iframe loading=\"lazy\" src=\"https:\/\/docs.google.com\/spreadsheets\/d\/16gWjp8RvTtp91ThpzxKzOoWsQQSnlnLlQkDsful8c0c\/edit?usp=sharing\" width=\"900\" height=\"900\" name=\"SELFHTML_in_a_box\" id=\"SELFHTML_in_a_box\"><a href=\"https:\/\/docs.google.com\/spreadsheets\/d\/16gWjp8RvTtp91ThpzxKzOoWsQQSnlnLlQkDsful8c0c\/edit?usp=sharing\">SELFHTML<\/a><\/iframe>\n\n\n\n<p><a href=\"https:\/\/docs.google.com\/spreadsheets\/d\/16gWjp8RvTtp91ThpzxKzOoWsQQSnlnLlQkDsful8c0c\/edit?usp=sharing\" data-type=\"link\" data-id=\"https:\/\/docs.google.com\/spreadsheets\/d\/16gWjp8RvTtp91ThpzxKzOoWsQQSnlnLlQkDsful8c0c\/edit?usp=sharing\">Lien direct<\/a> &#8211; Commandes de texte<\/p>\n","protected":false},"excerpt":{"rendered":"<p>Titre BK SELFHTML Lien direct &#8211; BK Titre Calculateur de runes SELFHTML Lien direct &#8211; Calculateur de runes Mondes des miroirs SELFHTML Lien direct &#8211; Le monde des miroirs Stats SELFHTML Lien direct &#8211; Stats Femme de m\u00e9nage SELFHTML Lien direct &#8211; Femme de m\u00e9nage Comp\u00e9tences de plateau SELFHTML Lien [&hellip;]<\/p>\n","protected":false},"author":1,"featured_media":0,"parent":0,"menu_order":0,"comment_status":"closed","ping_status":"closed","template":"","meta":{"footnotes":""},"class_list":["post-2810","page","type-page","status-publish","hentry"],"yoast_head":"<!-- This site is optimized with the Yoast SEO plugin v27.4 - https:\/\/yoast.com\/product\/yoast-seo-wordpress\/ -->\n<title>Conseils utiles - Runes of Magic-Infos<\/title>\n<meta name=\"robots\" content=\"index, follow, max-snippet:-1, max-image-preview:large, max-video-preview:-1\" \/>\n<link rel=\"canonical\" href=\"https:\/\/www.runesofmagic-infos.com\/fr\/conseils-utiles\/\" \/>\n<meta property=\"og:locale\" content=\"fr_FR\" \/>\n<meta property=\"og:type\" content=\"article\" \/>\n<meta property=\"og:title\" content=\"Conseils utiles - Runes of Magic-Infos\" \/>\n<meta property=\"og:description\" content=\"Titre BK SELFHTML Lien direct &#8211; BK Titre Calculateur de runes SELFHTML Lien direct &#8211; Calculateur de runes Mondes des miroirs SELFHTML Lien direct &#8211; Le monde des miroirs Stats SELFHTML Lien direct &#8211; Stats Femme de m\u00e9nage SELFHTML Lien direct &#8211; Femme de m\u00e9nage Comp\u00e9tences de plateau SELFHTML Lien [&hellip;]\" \/>\n<meta property=\"og:url\" content=\"https:\/\/www.runesofmagic-infos.com\/fr\/conseils-utiles\/\" \/>\n<meta property=\"og:site_name\" content=\"Runes of Magic-Infos\" \/>\n<meta property=\"article:modified_time\" content=\"2024-08-21T15:48:21+00:00\" \/>\n<meta name=\"twitter:card\" content=\"summary_large_image\" \/>\n<script type=\"application\/ld+json\" class=\"yoast-schema-graph\">{\"@context\":\"https:\\\/\\\/schema.org\",\"@graph\":[{\"@type\":\"WebPage\",\"@id\":\"https:\\\/\\\/www.runesofmagic-infos.com\\\/fr\\\/conseils-utiles\\\/\",\"url\":\"https:\\\/\\\/www.runesofmagic-infos.com\\\/fr\\\/conseils-utiles\\\/\",\"name\":\"Conseils utiles - Runes of Magic-Infos\",\"isPartOf\":{\"@id\":\"https:\\\/\\\/www.runesofmagic-infos.com\\\/fr\\\/#website\"},\"datePublished\":\"2023-09-17T16:00:55+00:00\",\"dateModified\":\"2024-08-21T15:48:21+00:00\",\"breadcrumb\":{\"@id\":\"https:\\\/\\\/www.runesofmagic-infos.com\\\/fr\\\/conseils-utiles\\\/#breadcrumb\"},\"inLanguage\":\"fr-FR\",\"potentialAction\":[{\"@type\":\"ReadAction\",\"target\":[\"https:\\\/\\\/www.runesofmagic-infos.com\\\/fr\\\/conseils-utiles\\\/\"]}]},{\"@type\":\"BreadcrumbList\",\"@id\":\"https:\\\/\\\/www.runesofmagic-infos.com\\\/fr\\\/conseils-utiles\\\/#breadcrumb\",\"itemListElement\":[{\"@type\":\"ListItem\",\"position\":1,\"name\":\"Startseite\",\"item\":\"https:\\\/\\\/www.runesofmagic-infos.com\\\/fr\\\/\"},{\"@type\":\"ListItem\",\"position\":2,\"name\":\"Conseils utiles\"}]},{\"@type\":\"WebSite\",\"@id\":\"https:\\\/\\\/www.runesofmagic-infos.com\\\/fr\\\/#website\",\"url\":\"https:\\\/\\\/www.runesofmagic-infos.com\\\/fr\\\/\",\"name\":\"Runes of Magic-Infos\",\"description\":\"\",\"publisher\":{\"@id\":\"https:\\\/\\\/www.runesofmagic-infos.com\\\/fr\\\/#organization\"},\"potentialAction\":[{\"@type\":\"SearchAction\",\"target\":{\"@type\":\"EntryPoint\",\"urlTemplate\":\"https:\\\/\\\/www.runesofmagic-infos.com\\\/fr\\\/?s={search_term_string}\"},\"query-input\":{\"@type\":\"PropertyValueSpecification\",\"valueRequired\":true,\"valueName\":\"search_term_string\"}}],\"inLanguage\":\"fr-FR\"},{\"@type\":\"Organization\",\"@id\":\"https:\\\/\\\/www.runesofmagic-infos.com\\\/fr\\\/#organization\",\"name\":\"Runes of Magic-Infos\",\"url\":\"https:\\\/\\\/www.runesofmagic-infos.com\\\/fr\\\/\",\"logo\":{\"@type\":\"ImageObject\",\"inLanguage\":\"fr-FR\",\"@id\":\"https:\\\/\\\/www.runesofmagic-infos.com\\\/fr\\\/#\\\/schema\\\/logo\\\/image\\\/\",\"url\":\"https:\\\/\\\/www.runesofmagic-infos.com\\\/wp-content\\\/uploads\\\/2024\\\/01\\\/ROM-Infos-Original-Logo.png\",\"contentUrl\":\"https:\\\/\\\/www.runesofmagic-infos.com\\\/wp-content\\\/uploads\\\/2024\\\/01\\\/ROM-Infos-Original-Logo.png\",\"width\":2329,\"height\":1721,\"caption\":\"Runes of Magic-Infos\"},\"image\":{\"@id\":\"https:\\\/\\\/www.runesofmagic-infos.com\\\/fr\\\/#\\\/schema\\\/logo\\\/image\\\/\"}}]}<\/script>\n<!-- \/ Yoast SEO plugin. -->","yoast_head_json":{"title":"Conseils utiles - Runes of Magic-Infos","robots":{"index":"index","follow":"follow","max-snippet":"max-snippet:-1","max-image-preview":"max-image-preview:large","max-video-preview":"max-video-preview:-1"},"canonical":"https:\/\/www.runesofmagic-infos.com\/fr\/conseils-utiles\/","og_locale":"fr_FR","og_type":"article","og_title":"Conseils utiles - Runes of Magic-Infos","og_description":"Titre BK SELFHTML Lien direct &#8211; BK Titre Calculateur de runes SELFHTML Lien direct &#8211; Calculateur de runes Mondes des miroirs SELFHTML Lien direct &#8211; Le monde des miroirs Stats SELFHTML Lien direct &#8211; Stats Femme de m\u00e9nage SELFHTML Lien direct &#8211; Femme de m\u00e9nage Comp\u00e9tences de plateau SELFHTML Lien [&hellip;]","og_url":"https:\/\/www.runesofmagic-infos.com\/fr\/conseils-utiles\/","og_site_name":"Runes of Magic-Infos","article_modified_time":"2024-08-21T15:48:21+00:00","twitter_card":"summary_large_image","schema":{"@context":"https:\/\/schema.org","@graph":[{"@type":"WebPage","@id":"https:\/\/www.runesofmagic-infos.com\/fr\/conseils-utiles\/","url":"https:\/\/www.runesofmagic-infos.com\/fr\/conseils-utiles\/","name":"Conseils utiles - Runes of Magic-Infos","isPartOf":{"@id":"https:\/\/www.runesofmagic-infos.com\/fr\/#website"},"datePublished":"2023-09-17T16:00:55+00:00","dateModified":"2024-08-21T15:48:21+00:00","breadcrumb":{"@id":"https:\/\/www.runesofmagic-infos.com\/fr\/conseils-utiles\/#breadcrumb"},"inLanguage":"fr-FR","potentialAction":[{"@type":"ReadAction","target":["https:\/\/www.runesofmagic-infos.com\/fr\/conseils-utiles\/"]}]},{"@type":"BreadcrumbList","@id":"https:\/\/www.runesofmagic-infos.com\/fr\/conseils-utiles\/#breadcrumb","itemListElement":[{"@type":"ListItem","position":1,"name":"Startseite","item":"https:\/\/www.runesofmagic-infos.com\/fr\/"},{"@type":"ListItem","position":2,"name":"Conseils utiles"}]},{"@type":"WebSite","@id":"https:\/\/www.runesofmagic-infos.com\/fr\/#website","url":"https:\/\/www.runesofmagic-infos.com\/fr\/","name":"Runes of Magic-Infos","description":"","publisher":{"@id":"https:\/\/www.runesofmagic-infos.com\/fr\/#organization"},"potentialAction":[{"@type":"SearchAction","target":{"@type":"EntryPoint","urlTemplate":"https:\/\/www.runesofmagic-infos.com\/fr\/?s={search_term_string}"},"query-input":{"@type":"PropertyValueSpecification","valueRequired":true,"valueName":"search_term_string"}}],"inLanguage":"fr-FR"},{"@type":"Organization","@id":"https:\/\/www.runesofmagic-infos.com\/fr\/#organization","name":"Runes of Magic-Infos","url":"https:\/\/www.runesofmagic-infos.com\/fr\/","logo":{"@type":"ImageObject","inLanguage":"fr-FR","@id":"https:\/\/www.runesofmagic-infos.com\/fr\/#\/schema\/logo\/image\/","url":"https:\/\/www.runesofmagic-infos.com\/wp-content\/uploads\/2024\/01\/ROM-Infos-Original-Logo.png","contentUrl":"https:\/\/www.runesofmagic-infos.com\/wp-content\/uploads\/2024\/01\/ROM-Infos-Original-Logo.png","width":2329,"height":1721,"caption":"Runes of Magic-Infos"},"image":{"@id":"https:\/\/www.runesofmagic-infos.com\/fr\/#\/schema\/logo\/image\/"}}]}},"_links":{"self":[{"href":"https:\/\/www.runesofmagic-infos.com\/fr\/wp-json\/wp\/v2\/pages\/2810","targetHints":{"allow":["GET"]}}],"collection":[{"href":"https:\/\/www.runesofmagic-infos.com\/fr\/wp-json\/wp\/v2\/pages"}],"about":[{"href":"https:\/\/www.runesofmagic-infos.com\/fr\/wp-json\/wp\/v2\/types\/page"}],"author":[{"embeddable":true,"href":"https:\/\/www.runesofmagic-infos.com\/fr\/wp-json\/wp\/v2\/users\/1"}],"replies":[{"embeddable":true,"href":"https:\/\/www.runesofmagic-infos.com\/fr\/wp-json\/wp\/v2\/comments?post=2810"}],"version-history":[{"count":2,"href":"https:\/\/www.runesofmagic-infos.com\/fr\/wp-json\/wp\/v2\/pages\/2810\/revisions"}],"predecessor-version":[{"id":4464,"href":"https:\/\/www.runesofmagic-infos.com\/fr\/wp-json\/wp\/v2\/pages\/2810\/revisions\/4464"}],"wp:attachment":[{"href":"https:\/\/www.runesofmagic-infos.com\/fr\/wp-json\/wp\/v2\/media?parent=2810"}],"curies":[{"name":"wp","href":"https:\/\/api.w.org\/{rel}","templated":true}]}}