{"id":2802,"date":"2023-09-17T16:02:27","date_gmt":"2023-09-17T16:02:27","guid":{"rendered":"https:\/\/www.runesofmagic-infos.com\/liens-utiles-sur-la-rom\/"},"modified":"2024-08-21T15:48:25","modified_gmt":"2024-08-21T15:48:25","slug":"liens-utiles-sur-la-rom","status":"publish","type":"page","link":"https:\/\/www.runesofmagic-infos.com\/fr\/liens-utiles-sur-la-rom\/","title":{"rendered":"Liens utiles sur la ROM"},"content":{"rendered":"\n<p>-g\u00e9n\u00e9ral\/non class\u00e9-<br>*&nbsp; Runes<a href=\"https:\/\/runesofmagic.gamepedia.com\/Runes_of_Magic_Wiki\" rel=\"noreferrer noopener\" target=\"_blank\">of Magic Wiki (anglais)<\/a><br>*&nbsp;<a href=\"https:\/\/docs.google.com\/spreadsheets\/d\/1AmUx-m_GtRLCrrqcnYseFvS_dHlG4in9H_FegWBGas8\/edit?usp=sharing\" rel=\"noreferrer noopener\" target=\"_blank\">addons recommand\u00e9s<\/a><br>*&nbsp;<a href=\"https:\/\/docs.google.com\/spreadsheets\/d\/1sAn0zO3lxVkuI0yFvdSKPspLAmxD5g5mLEfH7hpyQCY\/edit?usp=sharing\" rel=\"noreferrer noopener\" target=\"_blank\">macros<\/a><br>*&nbsp;<a href=\"https:\/\/docs.google.com\/spreadsheets\/d\/16gWjp8RvTtp91ThpzxKzOoWsQQSnlnLlQkDsful8c0c\/edit?usp=sharing\" rel=\"noreferrer noopener\" target=\"_blank\">commandes texte utiles<\/a><\/p>\n\n\n\n<p>-s\u00e9ries de qu\u00eates importantes-<br>*&nbsp;<a href=\"http:\/\/alliumsativum.de\/info\/RoM\/Quests\/MorrokWallinder.html\" rel=\"noreferrer noopener\" target=\"_blank\">Morrok selon Claudia\/Alliumsativum<\/a>&nbsp;&#8211;&nbsp;<a href=\"https:\/\/docs.google.com\/spreadsheets\/d\/1X3kSXzbgBh9gO4msgx6k44jP9VdaYXgo6s78PIUOs_8\/edit?usp=sharing\" rel=\"noreferrer noopener\" target=\"_blank\">S\u00e9rie de qu\u00eates Morrok &amp; Toni (parcours optimis\u00e9)<\/a><br>*&nbsp;<a href=\"https:\/\/runesofmagic.gamepedia.com\/Vahtos%27_Apprentice_(Quest_Series)\" rel=\"noreferrer noopener\" target=\"_blank\">Vahtos &#8211; Parure de bijoux<\/a><br>*&nbsp;<a href=\"https:\/\/legacy.zam.com\/wiki\/Challenge_of_the_Arctic_Training_Battalion_%28RoM_Quest%29\" rel=\"noreferrer noopener\" target=\"_blank\">Sac de r\u00e9compenses 35-50 (s\u00e9rie de qu\u00eates)<\/a>&nbsp;&#8211;&nbsp;<a href=\"https:\/\/www.youtube.com\/watch?v=OEGoHy7SXiE\" rel=\"noreferrer noopener\" target=\"_blank\">vid\u00e9o correspondante<\/a>&nbsp;&#8211;&nbsp;<a href=\"https:\/\/docs.google.com\/spreadsheets\/d\/194E0ri7ycDKdIgujCdr_PsGYuftw96f-OcSSEXyMjpI\/edit?usp=sharing\" rel=\"noreferrer noopener\" target=\"_blank\">Contenu du sac<\/a><br>* Sac d&rsquo;\u00e9quipement :&nbsp;<a href=\"https:\/\/runesofmagic.gamepedia.com\/Other_Secrets\" rel=\"noreferrer noopener\" target=\"_blank\">Lv.48 (\u00e9quipement 50)<\/a>&nbsp;&#8211;&nbsp;<a href=\"https:\/\/runesofmagic.gamepedia.com\/Rewards_for_Students\" rel=\"noreferrer noopener\" target=\"_blank\">Lv.53 (\u00e9quipement 55)<\/a>&nbsp;&#8211;&nbsp;<a href=\"https:\/\/runesofmagic.gamepedia.com\/Lance%27s_Support\" rel=\"noreferrer noopener\" target=\"_blank\">Lv.58 (\u00e9quipement 60)<\/a>&nbsp;&#8211; contiennent chacun un ensemble d&rsquo;\u00e9quipement correspondant au niveau<br>*.&nbsp;<a href=\"http:\/\/alliumsativum.de\/info\/RoM\/Quests\/EliteQuests.html\" rel=\"noreferrer noopener\" target=\"_blank\">Lv.60&amp;70 S\u00e9ries de qu\u00eates de comp\u00e9tences d&rsquo;\u00e9lite<\/a>&nbsp;&#8211;&nbsp;<a href=\"https:\/\/runesofmagic.fandom.com\/wiki\/Young_instructor_of_the_true_dragons\" rel=\"noreferrer noopener\" target=\"_blank\">R\u00e9ponses pour l&rsquo;\u00e9lite des 70 Q1<\/a><br>*&nbsp;<a href=\"https:\/\/forum.runesofmagic.gameforge.com\/forum\/thread\/8594-prequest-attunement-guide-for-locked-low-level-instances\/\">Pr\u00e9-qu\u00eates d&rsquo;instances<\/a><br>*&nbsp;<a href=\"https:\/\/forum.runesofmagic.gameforge.com\/forum\/thread\/415-spiegelwelt-guide\/\">Mondes des miroirs S\u00e9rie de qu\u00eates d&rsquo;acc\u00e8s<\/a>&nbsp;&#8211;&nbsp;<a href=\"https:\/\/runesofmagic.gamepedia.com\/File:Location.png\" rel=\"noreferrer noopener\" target=\"_blank\">Points de spawn du PNJ sur l&rsquo;\u00eele des elfes<\/a><br>*&nbsp;<a href=\"https:\/\/forum.runesofmagic.gameforge.com\/forum\/thread\/7005-shield-form\/\"><a href=\"https:\/\/forum.runesofmagic.gameforge.com\/forum\/thread\/7005-shield-form\/\">Pr\u00e9qu\u00eates pour la forme de bouclier du champion<\/a><\/a><\/p>\n\n\n\n<p>-Guides d&rsquo;\u00e9v\u00e9nements-<br>*&nbsp;<a href=\"https:\/\/forum.runesofmagic.gameforge.com\/forum\/thread\/340-%C3%BCbersicht-der-festivals\/\">Aper\u00e7u du festival<\/a><br>* E01 : Festival du feu &#8211;&nbsp;<a href=\"https:\/\/runesofmagic.gamepedia.com\/Category:Festival_of_Fire\" rel=\"noreferrer noopener\" target=\"_blank\">Guide<\/a><br>* E02 : F\u00eate des fleurs &#8211;&nbsp;<a href=\"https:\/\/forum.runesofmagic.gameforge.com\/forum\/thread\/7926-patch-7-4-0-2925-blumenfest\/?postID=67813\">Annonce 2021<\/a>&nbsp;&#8211;&nbsp;<a href=\"https:\/\/forum.runesofmagic.gameforge.com\/forum\/thread\/370-guide-blumenfest\/?postID=734\">Guide<\/a><br>* E03 : \u00c9v\u00e9nement d&rsquo;anniversaire &#8211;&nbsp;<a href=\"https:\/\/forum.runesofmagic.gameforge.com\/forum\/thread\/8145-patch-7-4-0-2926-12-jubil%C3%A4umsevent\/\">Annonce 2021<\/a>&nbsp;&#8211;&nbsp;<a href=\"https:\/\/forum.runesofmagic.gameforge.com\/forum\/thread\/393-guide-jubil%C3%A4umsevent\/\">Guide<\/a><br>* E04 : F\u00eate des pluies de printemps (en fait P\u00e2ques &#8230;) &#8211;&nbsp;<a href=\"https:\/\/forum.runesofmagic.gameforge.com\/forum\/thread\/8243-patch-7-4-0-2927-fr%C3%BChlingsregen-fest\/\">Annonce 2021<\/a>&nbsp;&#8211;&nbsp;<a href=\"https:\/\/forum.runesofmagic.gameforge.com\/forum\/thread\/459-guide-fr%C3%BChlingsregen-fest-osterevent\/\">Guide<\/a><br>* E05 : Liederfest &#8211;&nbsp;<a href=\"https:\/\/forum.runesofmagic.gameforge.com\/forum\/thread\/8342-patch-7-4-0-2929-liederfest\/\">Annonce 2021<\/a>&nbsp;&#8211;&nbsp;<a href=\"https:\/\/forum.runesofmagic.gameforge.com\/forum\/thread\/460-guide-liederfest\/\">Guide<\/a><br>* E06 : F\u00eate de l&rsquo;artisanat &#8211;&nbsp;<a href=\"https:\/\/forum.runesofmagic.gameforge.com\/forum\/thread\/8412-patch-7-4-0-2933-handwerksfest\/\">Annonce 2021<\/a>&nbsp;&#8211;&nbsp;<a href=\"https:\/\/forum.runesofmagic.gameforge.com\/forum\/thread\/591-guide-handwerksfest\/\">Guide<\/a><br>* E07 : F\u00eate du tissage en couleur &#8211;&nbsp;<a href=\"https:\/\/forum.runesofmagic.gameforge.com\/forum\/thread\/8519-patch-7-4-0-2940-farbweberfest\/\">Annonce 2021<\/a>&nbsp;&#8211;&nbsp;<a href=\"https:\/\/forum.runesofmagic.gameforge.com\/forum\/thread\/2182-guide-farbweberfest\/\">Guide<\/a><br>* E08 :&nbsp;<a href=\"https:\/\/docs.google.com\/spreadsheets\/d\/16h5Gb1QbhqWQ8S_eHlM7P9l7uDp7jgHgTznXbiMWMoU\/edit?usp=sharing\" rel=\"noreferrer noopener\" target=\"_blank\">\u00c9v\u00e9nement de contes de f\u00e9es<\/a><br>* E09 :&nbsp;<a href=\"https:\/\/docs.google.com\/spreadsheets\/d\/1rcbspeeEOny3YT9f6U6SIdA7_So0lC_A8ydRhHBCW2g\/edit?usp=sharing\" rel=\"noreferrer noopener\" target=\"_blank\">R\u00e9sistant au jus<\/a><br>* E10 :&nbsp;<a href=\"https:\/\/seelentrinker.iphpbb3.com\/forum\/27010813nx46249\/addons-guides-und-informationen-f47\/event-guide-kuerbisfest-t619.html\" rel=\"noreferrer noopener\" target=\"_blank\">F\u00eate de la citrouille<\/a><br>* E11 :&nbsp;<a href=\"https:\/\/seelentrinker.iphpbb3.com\/forum\/27010813nx46249\/addons-guides-und-informationen-f47\/event-guide-herbstbankett-t641.html\" rel=\"noreferrer noopener\" target=\"_blank\">Banquet d&rsquo;automne<\/a><br>* E12 :&nbsp;<a href=\"http:\/\/www.info-inferno.de\/viewtopic.php?t=2234\" rel=\"noreferrer noopener\" target=\"_blank\">F\u00eate des flocons de neige<\/a>&nbsp;+&nbsp;<a href=\"https:\/\/www.youtube.com\/watch?v=ONI89oCZ0kY\" rel=\"noreferrer noopener\" target=\"_blank\">Vid\u00e9o Phirius-Oheim<\/a><br>* Maison hant\u00e9e :&nbsp;<a href=\"https:\/\/www.zupimages.net\/up\/20\/44\/x1p0.png\" rel=\"noreferrer noopener\" target=\"_blank\">Carte avec proposition de chemin<\/a><br>* Daseins Labyrinth :&nbsp;<a href=\"https:\/\/www.youtube.com\/watch?v=BJ88Wpf49xc\" rel=\"noreferrer noopener\" target=\"_blank\">Vid\u00e9o<\/a>&nbsp;&#8211;&nbsp;<a href=\"https:\/\/forum.runesofmagic.gameforge.com\/forum\/thread\/5081-dasein-s-labyrinth\/?postID=47617&amp;highlight=dasein#post47617\"><a href=\"https:\/\/forum.runesofmagic.gameforge.com\/forum\/thread\/5081-dasein-s-labyrinth\/?postID=47617&amp;highlight=dasein#post47617\">Guide\/R\u00e9compenses<\/a><\/a><\/p>\n\n\n\n<p>-Infos sur les animaux<a href=\"https:\/\/forum.runesofmagic.gameforge.com\/forum\/thread\/696-sammlung-der-begleiter-f%C3%A4higkeiten\/?postID=2604\">de compagnie<\/a>&#8211;<br>*&nbsp;<a href=\"https:\/\/forum.runesofmagic.gameforge.com\/forum\/thread\/696-sammlung-der-begleiter-f%C3%A4higkeiten\/?postID=2604\">Aper\u00e7u des Petskill<\/a><br>*&nbsp;<a href=\"http:\/\/www.14m1337.de\/rom\/Pet-Tutorial.pdf\" rel=\"noreferrer noopener\" target=\"_blank\">PDF : Grand tutoriel sur les animaux de compagnie<\/a><br>*&nbsp;<a href=\"http:\/\/www.14m1337.de\/rom\/Pet-Skill-List.pdf\" rel=\"noreferrer noopener\" target=\"_blank\">PDF : Aper\u00e7u des Petskill<\/a><br>*&nbsp;<a href=\"http:\/\/www.14m1337.de\/rom\/Pet-Talks.pdf\" rel=\"noreferrer noopener\" target=\"_blank\">PDF : Quand le familier veut vous parler &#8230;<\/a><br>*&nbsp;<a href=\"http:\/\/www.alliumsativum.de\/info\/RoM\/Begleiter\/Sternenbegleiter.html\" rel=\"noreferrer noopener\" target=\"_blank\">Compagnon des \u00e9toiles<\/a><\/p>\n\n\n\n<p>-titre BK-<br>*&nbsp; Arborescence titre BK<br>*&nbsp; Macros titre BK<a href=\"http:\/\/alliumsativum.de\/info\/RoM\/makros\/bk_titel.html\" rel=\"noreferrer noopener\" target=\"_blank\">(exercice de feu et autres)<\/a><\/p>\n\n\n\n<p>-Infos sur les m\u00e9tiers-<br>*&nbsp;<a href=\"http:\/\/runesateternity.xobor.de\/t116f34-Standorte-der-Sammelberufe-Ausbilder.html\" rel=\"noreferrer noopener\" target=\"_blank\">Formateur de m\u00e9tiers collectifs \u00e0 partir de 20\/40\/60<\/a>&nbsp;(celui \u00e0 partir de 80 se trouve alors \u00e0 Varanas Est)<br>*&nbsp;<a href=\"https:\/\/gilde-cosanostra.forumieren.de\/t471-handwerk-wo-finde-ich-die-ausbilder-und-wo-die-rezepte\" rel=\"noreferrer noopener\" target=\"_blank\">M\u00e9tiers de la fabrication<\/a><\/p>\n\n\n\n<p>-non tri\u00e9-<br>*&nbsp;<a href=\"https:\/\/runesofmagic.gamepedia.com\/Elite_Skills\" rel=\"noreferrer noopener\" target=\"_blank\">Aper\u00e7u des Eliteskills<\/a>&nbsp;&#8211; un lien suppl\u00e9mentaire vers les classes individuelles se trouve au bas de la page li\u00e9e<br>*.&nbsp;<a href=\"https:\/\/runesofmagic.gamepedia.com\/Attributes\" rel=\"noreferrer noopener\" target=\"_blank\">Effets des attributs sur les diff\u00e9rentes classes<\/a><br>*&nbsp;<a href=\"https:\/\/runesofmagic.gamepedia.com\/Item_Set_Skills\" rel=\"noreferrer noopener\" target=\"_blank\">Aper\u00e7u des comp\u00e9tences d&rsquo;ensemble<\/a>&nbsp;&#8211; une&nbsp;<a href=\"https:\/\/docs.google.com\/spreadsheets\/d\/1jfcunYimoVz7iwJefWUImcDxVPR47zNL0JLbt2nM66I\/edit?usp=sharing\" rel=\"noreferrer noopener\" target=\"_blank\">Fichier<\/a>&nbsp;\u00e0 imprimer soi-m\u00eame puis \u00e0 cocher est en cours<br>*.&nbsp;<a href=\"https:\/\/runesofmagic.gamepedia.com\/Black_Codex\" rel=\"noreferrer noopener\" target=\"_blank\">Code noir Liste des distributeurs<\/a><br>*&nbsp;<a href=\"https:\/\/docs.google.com\/spreadsheets\/d\/10CGXzupFJmACHDyseIg4gleL4pBmTLLC9ru9g6ERtrs\/edit?usp=sharing\" rel=\"noreferrer noopener\" target=\"_blank\">Code noir &#8211; o\u00f9 trouver quoi ?<\/a><br>*&nbsp;<a href=\"https:\/\/forum.runesofmagic.gameforge.com\/forum\/thread\/577-die-besten-gildenmats-f%C3%BCr-memos\/\">Quels mat\u00e9riaux rapportent le plus \u00e0 la guilde ?<\/a><br>*&nbsp;<a href=\"https:\/\/taboreaguardianz.shivtr.com\/forum_threads\/720514\" rel=\"noreferrer noopener\" target=\"_blank\">Relations<\/a><br>*&nbsp;<a href=\"https:\/\/runesofmagic.gamepedia.com\/Grinding_Guide\" rel=\"noreferrer noopener\" target=\"_blank\">Leveling par TQ (malheureusement incomplet)<\/a><br>*&nbsp;<a href=\"https:\/\/docs.google.com\/spreadsheets\/d\/1hnWc550z3vD4VQS1wMxG51nQvYUBjCgC6YndyPUIWZk\/edit?usp=sharing\" rel=\"noreferrer noopener\" target=\"_blank\">Comparaison des QT &amp; calcul des bonus EP\/TP<\/a><br>*&nbsp;<a href=\"https:\/\/docs.google.com\/spreadsheets\/d\/1igwOI0tOegP23HuGDx70FyEEuV84sN9muAoUdbDamwk\/edit?usp=sharing\" rel=\"noreferrer noopener\" target=\"_blank\">Infos sur les femmes de m\u00e9nage<\/a><br>*&nbsp;<a href=\"https:\/\/docs.google.com\/spreadsheets\/d\/1pT-RvRwfMPDxqs-p6s0gkUyr2ZhxPB6nu29X--2M-mQ\/edit?usp=sharing\" rel=\"noreferrer noopener\" target=\"_blank\">Stats et comment les obtenir<\/a><br>*&nbsp;<a href=\"https:\/\/docs.google.com\/spreadsheets\/d\/19GxMnc224AVEGY04rEYj6X9PqeMsD8CYsDn3Ho2GHPQ\/edit?usp=sharing\" rel=\"noreferrer noopener\" target=\"_blank\"><a href=\"https:\/\/docs.google.com\/spreadsheets\/d\/19GxMnc224AVEGY04rEYj6X9PqeMsD8CYsDn3Ho2GHPQ\/edit?usp=sharing\">Quels c\u0153urs tombent dans quels mondes miroirs<\/a><\/a><\/p>\n","protected":false},"excerpt":{"rendered":"<p>-g\u00e9n\u00e9ral\/non class\u00e9-*&nbsp; Runesof Magic Wiki (anglais)*&nbsp;addons recommand\u00e9s*&nbsp;macros*&nbsp;commandes texte utiles -s\u00e9ries de qu\u00eates importantes-*&nbsp;Morrok selon Claudia\/Alliumsativum&nbsp;&#8211;&nbsp;S\u00e9rie de qu\u00eates Morrok &amp; Toni (parcours optimis\u00e9)*&nbsp;Vahtos &#8211; Parure de bijoux*&nbsp;Sac de r\u00e9compenses 35-50 (s\u00e9rie de qu\u00eates)&nbsp;&#8211;&nbsp;vid\u00e9o correspondante&nbsp;&#8211;&nbsp;Contenu du sac* Sac d&rsquo;\u00e9quipement :&nbsp;Lv.48 (\u00e9quipement 50)&nbsp;&#8211;&nbsp;Lv.53 (\u00e9quipement 55)&nbsp;&#8211;&nbsp;Lv.58 (\u00e9quipement 60)&nbsp;&#8211; contiennent chacun un ensemble d&rsquo;\u00e9quipement correspondant [&hellip;]<\/p>\n","protected":false},"author":1,"featured_media":0,"parent":0,"menu_order":0,"comment_status":"closed","ping_status":"closed","template":"","meta":{"footnotes":""},"class_list":["post-2802","page","type-page","status-publish","hentry"],"yoast_head":"<!-- This site is optimized with the Yoast SEO plugin v27.4 - https:\/\/yoast.com\/product\/yoast-seo-wordpress\/ -->\n<title>Liens utiles sur la ROM - Runes of Magic-Infos<\/title>\n<meta name=\"robots\" content=\"index, follow, max-snippet:-1, max-image-preview:large, max-video-preview:-1\" \/>\n<link rel=\"canonical\" href=\"https:\/\/www.runesofmagic-infos.com\/fr\/liens-utiles-sur-la-rom\/\" \/>\n<meta property=\"og:locale\" content=\"fr_FR\" \/>\n<meta property=\"og:type\" content=\"article\" \/>\n<meta property=\"og:title\" content=\"Liens utiles sur la ROM - Runes of Magic-Infos\" \/>\n<meta property=\"og:description\" content=\"-g\u00e9n\u00e9ral\/non class\u00e9-*&nbsp; Runesof Magic Wiki (anglais)*&nbsp;addons recommand\u00e9s*&nbsp;macros*&nbsp;commandes texte utiles -s\u00e9ries de qu\u00eates importantes-*&nbsp;Morrok selon Claudia\/Alliumsativum&nbsp;&#8211;&nbsp;S\u00e9rie de qu\u00eates Morrok &amp; Toni (parcours optimis\u00e9)*&nbsp;Vahtos &#8211; Parure de bijoux*&nbsp;Sac de r\u00e9compenses 35-50 (s\u00e9rie de qu\u00eates)&nbsp;&#8211;&nbsp;vid\u00e9o correspondante&nbsp;&#8211;&nbsp;Contenu du sac* Sac d&rsquo;\u00e9quipement :&nbsp;Lv.48 (\u00e9quipement 50)&nbsp;&#8211;&nbsp;Lv.53 (\u00e9quipement 55)&nbsp;&#8211;&nbsp;Lv.58 (\u00e9quipement 60)&nbsp;&#8211; contiennent chacun un ensemble d&rsquo;\u00e9quipement correspondant [&hellip;]\" \/>\n<meta property=\"og:url\" content=\"https:\/\/www.runesofmagic-infos.com\/fr\/liens-utiles-sur-la-rom\/\" \/>\n<meta property=\"og:site_name\" content=\"Runes of Magic-Infos\" \/>\n<meta property=\"article:modified_time\" content=\"2024-08-21T15:48:25+00:00\" \/>\n<meta name=\"twitter:card\" content=\"summary_large_image\" \/>\n<meta name=\"twitter:label1\" content=\"Dur\u00e9e de lecture estim\u00e9e\" \/>\n\t<meta name=\"twitter:data1\" content=\"3 minutes\" \/>\n<script type=\"application\/ld+json\" class=\"yoast-schema-graph\">{\"@context\":\"https:\\\/\\\/schema.org\",\"@graph\":[{\"@type\":\"WebPage\",\"@id\":\"https:\\\/\\\/www.runesofmagic-infos.com\\\/fr\\\/liens-utiles-sur-la-rom\\\/\",\"url\":\"https:\\\/\\\/www.runesofmagic-infos.com\\\/fr\\\/liens-utiles-sur-la-rom\\\/\",\"name\":\"Liens utiles sur la ROM - Runes of Magic-Infos\",\"isPartOf\":{\"@id\":\"https:\\\/\\\/www.runesofmagic-infos.com\\\/fr\\\/#website\"},\"datePublished\":\"2023-09-17T16:02:27+00:00\",\"dateModified\":\"2024-08-21T15:48:25+00:00\",\"breadcrumb\":{\"@id\":\"https:\\\/\\\/www.runesofmagic-infos.com\\\/fr\\\/liens-utiles-sur-la-rom\\\/#breadcrumb\"},\"inLanguage\":\"fr-FR\",\"potentialAction\":[{\"@type\":\"ReadAction\",\"target\":[\"https:\\\/\\\/www.runesofmagic-infos.com\\\/fr\\\/liens-utiles-sur-la-rom\\\/\"]}]},{\"@type\":\"BreadcrumbList\",\"@id\":\"https:\\\/\\\/www.runesofmagic-infos.com\\\/fr\\\/liens-utiles-sur-la-rom\\\/#breadcrumb\",\"itemListElement\":[{\"@type\":\"ListItem\",\"position\":1,\"name\":\"Startseite\",\"item\":\"https:\\\/\\\/www.runesofmagic-infos.com\\\/fr\\\/\"},{\"@type\":\"ListItem\",\"position\":2,\"name\":\"Liens utiles sur la ROM\"}]},{\"@type\":\"WebSite\",\"@id\":\"https:\\\/\\\/www.runesofmagic-infos.com\\\/fr\\\/#website\",\"url\":\"https:\\\/\\\/www.runesofmagic-infos.com\\\/fr\\\/\",\"name\":\"Runes of Magic-Infos\",\"description\":\"\",\"publisher\":{\"@id\":\"https:\\\/\\\/www.runesofmagic-infos.com\\\/fr\\\/#organization\"},\"potentialAction\":[{\"@type\":\"SearchAction\",\"target\":{\"@type\":\"EntryPoint\",\"urlTemplate\":\"https:\\\/\\\/www.runesofmagic-infos.com\\\/fr\\\/?s={search_term_string}\"},\"query-input\":{\"@type\":\"PropertyValueSpecification\",\"valueRequired\":true,\"valueName\":\"search_term_string\"}}],\"inLanguage\":\"fr-FR\"},{\"@type\":\"Organization\",\"@id\":\"https:\\\/\\\/www.runesofmagic-infos.com\\\/fr\\\/#organization\",\"name\":\"Runes of Magic-Infos\",\"url\":\"https:\\\/\\\/www.runesofmagic-infos.com\\\/fr\\\/\",\"logo\":{\"@type\":\"ImageObject\",\"inLanguage\":\"fr-FR\",\"@id\":\"https:\\\/\\\/www.runesofmagic-infos.com\\\/fr\\\/#\\\/schema\\\/logo\\\/image\\\/\",\"url\":\"https:\\\/\\\/www.runesofmagic-infos.com\\\/wp-content\\\/uploads\\\/2024\\\/01\\\/ROM-Infos-Original-Logo.png\",\"contentUrl\":\"https:\\\/\\\/www.runesofmagic-infos.com\\\/wp-content\\\/uploads\\\/2024\\\/01\\\/ROM-Infos-Original-Logo.png\",\"width\":2329,\"height\":1721,\"caption\":\"Runes of Magic-Infos\"},\"image\":{\"@id\":\"https:\\\/\\\/www.runesofmagic-infos.com\\\/fr\\\/#\\\/schema\\\/logo\\\/image\\\/\"}}]}<\/script>\n<!-- \/ Yoast SEO plugin. -->","yoast_head_json":{"title":"Liens utiles sur la ROM - Runes of Magic-Infos","robots":{"index":"index","follow":"follow","max-snippet":"max-snippet:-1","max-image-preview":"max-image-preview:large","max-video-preview":"max-video-preview:-1"},"canonical":"https:\/\/www.runesofmagic-infos.com\/fr\/liens-utiles-sur-la-rom\/","og_locale":"fr_FR","og_type":"article","og_title":"Liens utiles sur la ROM - Runes of Magic-Infos","og_description":"-g\u00e9n\u00e9ral\/non class\u00e9-*&nbsp; Runesof Magic Wiki (anglais)*&nbsp;addons recommand\u00e9s*&nbsp;macros*&nbsp;commandes texte utiles -s\u00e9ries de qu\u00eates importantes-*&nbsp;Morrok selon Claudia\/Alliumsativum&nbsp;&#8211;&nbsp;S\u00e9rie de qu\u00eates Morrok &amp; Toni (parcours optimis\u00e9)*&nbsp;Vahtos &#8211; Parure de bijoux*&nbsp;Sac de r\u00e9compenses 35-50 (s\u00e9rie de qu\u00eates)&nbsp;&#8211;&nbsp;vid\u00e9o correspondante&nbsp;&#8211;&nbsp;Contenu du sac* Sac d&rsquo;\u00e9quipement :&nbsp;Lv.48 (\u00e9quipement 50)&nbsp;&#8211;&nbsp;Lv.53 (\u00e9quipement 55)&nbsp;&#8211;&nbsp;Lv.58 (\u00e9quipement 60)&nbsp;&#8211; contiennent chacun un ensemble d&rsquo;\u00e9quipement correspondant [&hellip;]","og_url":"https:\/\/www.runesofmagic-infos.com\/fr\/liens-utiles-sur-la-rom\/","og_site_name":"Runes of Magic-Infos","article_modified_time":"2024-08-21T15:48:25+00:00","twitter_card":"summary_large_image","twitter_misc":{"Dur\u00e9e de lecture estim\u00e9e":"3 minutes"},"schema":{"@context":"https:\/\/schema.org","@graph":[{"@type":"WebPage","@id":"https:\/\/www.runesofmagic-infos.com\/fr\/liens-utiles-sur-la-rom\/","url":"https:\/\/www.runesofmagic-infos.com\/fr\/liens-utiles-sur-la-rom\/","name":"Liens utiles sur la ROM - Runes of Magic-Infos","isPartOf":{"@id":"https:\/\/www.runesofmagic-infos.com\/fr\/#website"},"datePublished":"2023-09-17T16:02:27+00:00","dateModified":"2024-08-21T15:48:25+00:00","breadcrumb":{"@id":"https:\/\/www.runesofmagic-infos.com\/fr\/liens-utiles-sur-la-rom\/#breadcrumb"},"inLanguage":"fr-FR","potentialAction":[{"@type":"ReadAction","target":["https:\/\/www.runesofmagic-infos.com\/fr\/liens-utiles-sur-la-rom\/"]}]},{"@type":"BreadcrumbList","@id":"https:\/\/www.runesofmagic-infos.com\/fr\/liens-utiles-sur-la-rom\/#breadcrumb","itemListElement":[{"@type":"ListItem","position":1,"name":"Startseite","item":"https:\/\/www.runesofmagic-infos.com\/fr\/"},{"@type":"ListItem","position":2,"name":"Liens utiles sur la ROM"}]},{"@type":"WebSite","@id":"https:\/\/www.runesofmagic-infos.com\/fr\/#website","url":"https:\/\/www.runesofmagic-infos.com\/fr\/","name":"Runes of Magic-Infos","description":"","publisher":{"@id":"https:\/\/www.runesofmagic-infos.com\/fr\/#organization"},"potentialAction":[{"@type":"SearchAction","target":{"@type":"EntryPoint","urlTemplate":"https:\/\/www.runesofmagic-infos.com\/fr\/?s={search_term_string}"},"query-input":{"@type":"PropertyValueSpecification","valueRequired":true,"valueName":"search_term_string"}}],"inLanguage":"fr-FR"},{"@type":"Organization","@id":"https:\/\/www.runesofmagic-infos.com\/fr\/#organization","name":"Runes of Magic-Infos","url":"https:\/\/www.runesofmagic-infos.com\/fr\/","logo":{"@type":"ImageObject","inLanguage":"fr-FR","@id":"https:\/\/www.runesofmagic-infos.com\/fr\/#\/schema\/logo\/image\/","url":"https:\/\/www.runesofmagic-infos.com\/wp-content\/uploads\/2024\/01\/ROM-Infos-Original-Logo.png","contentUrl":"https:\/\/www.runesofmagic-infos.com\/wp-content\/uploads\/2024\/01\/ROM-Infos-Original-Logo.png","width":2329,"height":1721,"caption":"Runes of Magic-Infos"},"image":{"@id":"https:\/\/www.runesofmagic-infos.com\/fr\/#\/schema\/logo\/image\/"}}]}},"_links":{"self":[{"href":"https:\/\/www.runesofmagic-infos.com\/fr\/wp-json\/wp\/v2\/pages\/2802","targetHints":{"allow":["GET"]}}],"collection":[{"href":"https:\/\/www.runesofmagic-infos.com\/fr\/wp-json\/wp\/v2\/pages"}],"about":[{"href":"https:\/\/www.runesofmagic-infos.com\/fr\/wp-json\/wp\/v2\/types\/page"}],"author":[{"embeddable":true,"href":"https:\/\/www.runesofmagic-infos.com\/fr\/wp-json\/wp\/v2\/users\/1"}],"replies":[{"embeddable":true,"href":"https:\/\/www.runesofmagic-infos.com\/fr\/wp-json\/wp\/v2\/comments?post=2802"}],"version-history":[{"count":2,"href":"https:\/\/www.runesofmagic-infos.com\/fr\/wp-json\/wp\/v2\/pages\/2802\/revisions"}],"predecessor-version":[{"id":4468,"href":"https:\/\/www.runesofmagic-infos.com\/fr\/wp-json\/wp\/v2\/pages\/2802\/revisions\/4468"}],"wp:attachment":[{"href":"https:\/\/www.runesofmagic-infos.com\/fr\/wp-json\/wp\/v2\/media?parent=2802"}],"curies":[{"name":"wp","href":"https:\/\/api.w.org\/{rel}","templated":true}]}}