{"id":2626,"date":"2023-09-17T15:14:58","date_gmt":"2023-09-17T15:14:58","guid":{"rendered":"https:\/\/www.runesofmagic-infos.com\/evenement-mensuel\/"},"modified":"2026-04-26T15:48:18","modified_gmt":"2026-04-26T15:48:18","slug":"evenement-mensuel","status":"publish","type":"page","link":"https:\/\/www.runesofmagic-infos.com\/fr\/evenement-mensuel\/","title":{"rendered":"\u00c9v\u00e9nement mensuel"},"content":{"rendered":"\n<h1 class=\"wp-block-heading\">F\u00eate de la pluie de printemps<\/h1>\n\n\n\n<figure class=\"wp-block-image size-full\"><img loading=\"lazy\" decoding=\"async\" width=\"1000\" height=\"530\" src=\"https:\/\/www.runesofmagic-infos.com\/wp-content\/uploads\/2025\/04\/spring_rain01-1.jpg\" alt=\"\" class=\"wp-image-5197\" srcset=\"https:\/\/www.runesofmagic-infos.com\/wp-content\/uploads\/2025\/04\/spring_rain01-1.jpg 1000w, https:\/\/www.runesofmagic-infos.com\/wp-content\/uploads\/2025\/04\/spring_rain01-1-300x159.jpg 300w, https:\/\/www.runesofmagic-infos.com\/wp-content\/uploads\/2025\/04\/spring_rain01-1-768x407.jpg 768w\" sizes=\"auto, (max-width: 1000px) 100vw, 1000px\" \/><\/figure>\n\n\n\n<p><em>Chaque ann\u00e9e, pendant la f\u00eate des pluies de printemps, de petits groupes de Wabbits se rassemblent partout pour jouer avec des \u0153ufs arc-en-ciel. Ils sont naturellement vifs et joyeux. Ils sautent dans tous les sens et r\u00e9pandent une atmosph\u00e8re contagieuse de joie et de bonheur.  <\/em><\/p>\n\n\n\n<p><em>La f\u00eate des pluies de printemps va bient\u00f4t commencer et elle est c\u00e9l\u00e9br\u00e9e dans diff\u00e9rentes r\u00e9gions de Taborea : Dans les Montagnes Hurlantes, le Puits d&rsquo;Argent, la Vall\u00e9e d&rsquo;Aslan, le Canyon du Diable de Poussi\u00e8re et la Colline des Sabots de Tonnerre.<\/em><\/p>\n\n\n\n<p><em>Les organisateurs de festivals commenceront \u00e0 travailler dans les grandes villes : Vous pouvez les trouver \u00e0 Varanas, \u00e0 la Forteresse d&rsquo;obsidienne et \u00e0 Dalanis.<\/em><\/p>\n\n\n\n<p><strong>[Aper\u00e7u du festival]<\/strong><\/p>\n\n\n\n<ul class=\"wp-block-list\">\n<li>Il existe toute une s\u00e9rie d&rsquo;\u00e9v\u00e9nements pour c\u00e9l\u00e9brer l&rsquo;histoire de Castor<\/li>\n<\/ul>\n\n\n\n<p><strong>Chercher des \u0153ufs arc-en-ciel<\/strong><\/p>\n\n\n\n<ul class=\"wp-block-list\">\n<li>PNJ : Vieille Wabbit<\/li>\n\n\n\n<li>Lieu : Dalanis<\/li>\n\n\n\n<li>Objectif de l&rsquo;\u00e9v\u00e9nement : aider la Vieille Wabbit \u00e0 trouver 100 \u0153ufs arc-en-ciel du vieux lapin cach\u00e9s \u00e0 Dalanis.<\/li>\n<\/ul>\n\n\n\n<figure class=\"wp-block-image size-full\"><img loading=\"lazy\" decoding=\"async\" width=\"803\" height=\"604\" src=\"https:\/\/www.runesofmagic-infos.com\/wp-content\/uploads\/2025\/04\/spring_rain06.jpg\" alt=\"\" class=\"wp-image-5192\" srcset=\"https:\/\/www.runesofmagic-infos.com\/wp-content\/uploads\/2025\/04\/spring_rain06.jpg 803w, https:\/\/www.runesofmagic-infos.com\/wp-content\/uploads\/2025\/04\/spring_rain06-300x226.jpg 300w, https:\/\/www.runesofmagic-infos.com\/wp-content\/uploads\/2025\/04\/spring_rain06-768x578.jpg 768w\" sizes=\"auto, (max-width: 803px) 100vw, 803px\" \/><\/figure>\n\n\n\n<p><strong>Le lapin tueur<\/strong><\/p>\n\n\n\n<ul class=\"wp-block-list\">\n<li>PNJ : Sorcier Tom<\/li>\n\n\n\n<li>Lieu : Montagnes hurlantes, en dehors de Logar<\/li>\n\n\n\n<li>Objectif de l&rsquo;\u00e9v\u00e9nement : Aidez le magicien Tom \u00e0 vaincre le lapin tueur et \u00e0 sauver les innombrables habitants de Varanas.<\/li>\n<\/ul>\n\n\n\n<p><strong>Chasse au Wabbit<\/strong><\/p>\n\n\n\n<ul class=\"wp-block-list\">\n<li>PNJ : Clifford Sharansk<\/li>\n\n\n\n<li>Lieu : Varanas &#8211; r\u00e9gion administrative<\/li>\n\n\n\n<li>Type d&rsquo;\u00e9v\u00e9nement : Chasse<\/li>\n\n\n\n<li>Objectif de l&rsquo;\u00e9v\u00e9nement : Chassez les joueurs qui se sont transform\u00e9s en Wabbit et gagnez des points.<\/li>\n<\/ul>\n\n\n\n<p><strong>Ramenez les Wabbits perdus !<\/strong><\/p>\n\n\n\n<ul class=\"wp-block-list\">\n<li>PNJs : Jaden Angus \/ Louise Tina<\/li>\n\n\n\n<li>Lieu : Varanas &#8211; Place de la ville \/ Forts d&rsquo;obsidienne<\/li>\n\n\n\n<li>Type d&rsquo;\u00e9v\u00e9nement : Trouver &amp; Collecter<\/li>\n\n\n\n<li>Objectif de l&rsquo;\u00e9v\u00e9nement : Trouver les Wabbits perdus, les capturer et les ramener.<\/li>\n<\/ul>\n\n\n\n<p><strong>Vol\u00e9 \u0152ufs d&rsquo;arc-en-ciel<\/strong><\/p>\n\n\n\n<ul class=\"wp-block-list\">\n<li>PNJ : Lina Wabbit \/ Nier Wabbit<\/li>\n\n\n\n<li>Lieu : Varanas &#8211; Place de la ville \/ Forts d&rsquo;obsidienne<\/li>\n\n\n\n<li>Type d&rsquo;\u00e9v\u00e9nement : Tuer des monstres &amp; collecter des objets<\/li>\n\n\n\n<li>Lieu : Montagnes hurlantes, mine de fond de vall\u00e9e<\/li>\n\n\n\n<li>Objectif de l&rsquo;\u00e9v\u00e9nement : R\u00e9colter les \u0153ufs arc-en-ciel vol\u00e9s aux voleurs d&rsquo;\u0153ufs.<\/li>\n<\/ul>\n\n\n\n<p><strong>Cueillette des fleurs<\/strong><\/p>\n\n\n\n<ul class=\"wp-block-list\">\n<li>PNJ : Lina Wabbit \/ Nier Wabbit<\/li>\n\n\n\n<li>Lieu : Varanas &#8211; Place de la ville \/ Forts d&rsquo;obsidienne<\/li>\n\n\n\n<li>Type d&rsquo;\u00e9v\u00e9nement : Collecte d&rsquo;objets<\/li>\n\n\n\n<li>Lieu : Logar<\/li>\n\n\n\n<li>Objectif de l&rsquo;\u00e9v\u00e9nement : collecter des fleurs d&rsquo;arc-en-ciel<\/li>\n<\/ul>\n\n\n\n<p><strong>Creuser joyeusement<\/strong><\/p>\n\n\n\n<ul class=\"wp-block-list\">\n<li>PNJ : Titan Wabbit<\/li>\n\n\n\n<li>Lieu : La ferme d&rsquo;Helen &#8211; Montagnes hurlantes<\/li>\n\n\n\n<li>Type d&rsquo;\u00e9v\u00e9nement : Collecte d&rsquo;objets<\/li>\n\n\n\n<li>Objectif de l&rsquo;\u00e9v\u00e9nement : suivre le Wabbit pour d\u00e9terrer des tr\u00e9sors pr\u00e9cieux.<\/li>\n<\/ul>\n\n\n\n<p><strong>Graffiti d&rsquo;\u0153ufs arc-en-ciel<\/strong><\/p>\n\n\n\n<ul class=\"wp-block-list\">\n<li>PNJ : Cecil Owanni<\/li>\n\n\n\n<li>Lieu : Varanas &#8211; Pont<\/li>\n\n\n\n<li>Type d&rsquo;\u00e9v\u00e9nement : Collecte et \u00e9change d&rsquo;objets<\/li>\n\n\n\n<li>Lieu : Silberquell, Varanas<\/li>\n\n\n\n<li>Objectif de l&rsquo;\u00e9v\u00e9nement : Collecter des fleurs en guise de peinture, apporter les \u0153ufs aux peintres et les faire peindre.<\/li>\n<\/ul>\n\n\n\n<p><strong>Sautez ! Sautez ! Wabbits !<\/strong><\/p>\n\n\n\n<ul class=\"wp-block-list\">\n<li>PNJ : Danny Wabbit<\/li>\n\n\n\n<li>Lieu : Pont de Varanas<\/li>\n\n\n\n<li>Type d&rsquo;\u00e9v\u00e9nement : Trouver et suivre<\/li>\n\n\n\n<li>Lieu : Silberfall<\/li>\n\n\n\n<li>Objectif de l&rsquo;\u00e9v\u00e9nement : trouver et suivre les Wabbits<\/li>\n<\/ul>\n\n\n\n<p><strong>Spectre \u00e9th\u00e9r\u00e9 Poulet<\/strong><\/p>\n\n\n\n<ul class=\"wp-block-list\">\n<li>PNJ : Angela Bix<\/li>\n\n\n\n<li>Lieu : Pont de Varanas<\/li>\n\n\n\n<li>Type d&rsquo;\u00e9v\u00e9nement : Trouver et collecter des objets<\/li>\n\n\n\n<li>Lieu : Silberfall<\/li>\n\n\n\n<li>Objectif de l&rsquo;\u00e9v\u00e9nement : Transformez-vous en Wabbit et rendez visite \u00e0 la poule spectrale \u00e9th\u00e9r\u00e9e pour collecter les \u0153ufs d&rsquo;or.<\/li>\n<\/ul>\n\n\n\n<p><strong>Grand plaisir de l&rsquo;\u0153uf<\/strong><\/p>\n\n\n\n<ul class=\"wp-block-list\">\n<li>PNJ : Ayester Bunni<\/li>\n\n\n\n<li>Type d&rsquo;\u00e9v\u00e9nement : Trouver des PNJ, trouver et livrer des objets<\/li>\n\n\n\n<li>Lancement de l&rsquo;\u00e9v\u00e9nement : Dalanis<\/li>\n\n\n\n<li>Lieu : Colline des sabots de tonnerre<\/li>\n\n\n\n<li>Objectif de l&rsquo;\u00e9v\u00e9nement : Trouver des objets et les livrer \u00e0 un PNJ<\/li>\n<\/ul>\n\n\n\n<figure class=\"wp-block-image size-full\"><img loading=\"lazy\" decoding=\"async\" width=\"700\" height=\"531\" src=\"https:\/\/www.runesofmagic-infos.com\/wp-content\/uploads\/2025\/04\/spring_rain04.jpg\" alt=\"\" class=\"wp-image-5202\" srcset=\"https:\/\/www.runesofmagic-infos.com\/wp-content\/uploads\/2025\/04\/spring_rain04.jpg 700w, https:\/\/www.runesofmagic-infos.com\/wp-content\/uploads\/2025\/04\/spring_rain04-300x228.jpg 300w\" sizes=\"auto, (max-width: 700px) 100vw, 700px\" \/><\/figure>\n\n\n\n<p><strong>Bataille de d\u00e9fense Wabbit<\/strong><\/p>\n\n\n\n<ul class=\"wp-block-list\">\n<li>PNJ : Yakubi Wabbit<\/li>\n\n\n\n<li>Lieu : Portes de Varanas<\/li>\n\n\n\n<li>Lieu : Portes de Varanas<\/li>\n\n\n\n<li>Type d&rsquo;\u00e9v\u00e9nement : Similaire \u00e0 Towerdefense<\/li>\n\n\n\n<li>Objectif de l&rsquo;\u00e9v\u00e9nement : d\u00e9fendre les Wabbits contre les tortues pour obtenir une r\u00e9compense<\/li>\n<\/ul>\n\n\n\n<p><strong>Grand retour de Wabbit<\/strong><\/p>\n\n\n\n<ul class=\"wp-block-list\">\n<li>PNJ : Jessica Bunni<\/li>\n\n\n\n<li>Type d&rsquo;\u00e9v\u00e9nement : Trouver et collecter<\/li>\n\n\n\n<li>D\u00e9but de l&rsquo;\u00e9v\u00e9nement : Dalanis<\/li>\n\n\n\n<li>Lieu : Colline des sabots de tonnerre<\/li>\n\n\n\n<li>Objectif de l&rsquo;\u00e9v\u00e9nement : trouver les Wabbits et les ramener \u00e0 la maison.<\/li>\n<\/ul>\n","protected":false},"excerpt":{"rendered":"<p>F\u00eate de la pluie de printemps Chaque ann\u00e9e, pendant la f\u00eate des pluies de printemps, de petits groupes de Wabbits se rassemblent partout pour jouer avec des \u0153ufs arc-en-ciel. Ils sont naturellement vifs et joyeux. Ils sautent dans tous les sens et r\u00e9pandent une atmosph\u00e8re contagieuse de joie et de [&hellip;]<\/p>\n","protected":false},"author":1,"featured_media":0,"parent":0,"menu_order":0,"comment_status":"closed","ping_status":"closed","template":"","meta":{"footnotes":""},"class_list":["post-2626","page","type-page","status-publish","hentry"],"yoast_head":"<!-- This site is optimized with the Yoast SEO plugin v27.4 - https:\/\/yoast.com\/product\/yoast-seo-wordpress\/ -->\n<title>\u00c9v\u00e9nement mensuel - Runes of Magic-Infos<\/title>\n<meta name=\"robots\" content=\"index, follow, max-snippet:-1, max-image-preview:large, max-video-preview:-1\" \/>\n<link rel=\"canonical\" href=\"https:\/\/www.runesofmagic-infos.com\/fr\/evenement-mensuel\/\" \/>\n<meta property=\"og:locale\" content=\"fr_FR\" \/>\n<meta property=\"og:type\" content=\"article\" \/>\n<meta property=\"og:title\" content=\"\u00c9v\u00e9nement mensuel - Runes of Magic-Infos\" \/>\n<meta property=\"og:description\" content=\"F\u00eate de la pluie de printemps Chaque ann\u00e9e, pendant la f\u00eate des pluies de printemps, de petits groupes de Wabbits se rassemblent partout pour jouer avec des \u0153ufs arc-en-ciel. Ils sont naturellement vifs et joyeux. Ils sautent dans tous les sens et r\u00e9pandent une atmosph\u00e8re contagieuse de joie et de [&hellip;]\" \/>\n<meta property=\"og:url\" content=\"https:\/\/www.runesofmagic-infos.com\/fr\/evenement-mensuel\/\" \/>\n<meta property=\"og:site_name\" content=\"Runes of Magic-Infos\" \/>\n<meta property=\"article:modified_time\" content=\"2026-04-26T15:48:18+00:00\" \/>\n<meta property=\"og:image\" content=\"https:\/\/www.runesofmagic-infos.com\/wp-content\/uploads\/2025\/04\/spring_rain01-1.jpg\" \/>\n<meta name=\"twitter:card\" content=\"summary_large_image\" \/>\n<meta name=\"twitter:label1\" content=\"Dur\u00e9e de lecture estim\u00e9e\" \/>\n\t<meta name=\"twitter:data1\" content=\"3 minutes\" \/>\n<script type=\"application\/ld+json\" class=\"yoast-schema-graph\">{\"@context\":\"https:\\\/\\\/schema.org\",\"@graph\":[{\"@type\":\"WebPage\",\"@id\":\"https:\\\/\\\/www.runesofmagic-infos.com\\\/fr\\\/evenement-mensuel\\\/\",\"url\":\"https:\\\/\\\/www.runesofmagic-infos.com\\\/fr\\\/evenement-mensuel\\\/\",\"name\":\"\u00c9v\u00e9nement mensuel - Runes of Magic-Infos\",\"isPartOf\":{\"@id\":\"https:\\\/\\\/www.runesofmagic-infos.com\\\/fr\\\/#website\"},\"primaryImageOfPage\":{\"@id\":\"https:\\\/\\\/www.runesofmagic-infos.com\\\/fr\\\/evenement-mensuel\\\/#primaryimage\"},\"image\":{\"@id\":\"https:\\\/\\\/www.runesofmagic-infos.com\\\/fr\\\/evenement-mensuel\\\/#primaryimage\"},\"thumbnailUrl\":\"https:\\\/\\\/www.runesofmagic-infos.com\\\/wp-content\\\/uploads\\\/2025\\\/04\\\/spring_rain01-1.jpg\",\"datePublished\":\"2023-09-17T15:14:58+00:00\",\"dateModified\":\"2026-04-26T15:48:18+00:00\",\"breadcrumb\":{\"@id\":\"https:\\\/\\\/www.runesofmagic-infos.com\\\/fr\\\/evenement-mensuel\\\/#breadcrumb\"},\"inLanguage\":\"fr-FR\",\"potentialAction\":[{\"@type\":\"ReadAction\",\"target\":[\"https:\\\/\\\/www.runesofmagic-infos.com\\\/fr\\\/evenement-mensuel\\\/\"]}]},{\"@type\":\"ImageObject\",\"inLanguage\":\"fr-FR\",\"@id\":\"https:\\\/\\\/www.runesofmagic-infos.com\\\/fr\\\/evenement-mensuel\\\/#primaryimage\",\"url\":\"https:\\\/\\\/www.runesofmagic-infos.com\\\/wp-content\\\/uploads\\\/2025\\\/04\\\/spring_rain01-1.jpg\",\"contentUrl\":\"https:\\\/\\\/www.runesofmagic-infos.com\\\/wp-content\\\/uploads\\\/2025\\\/04\\\/spring_rain01-1.jpg\"},{\"@type\":\"BreadcrumbList\",\"@id\":\"https:\\\/\\\/www.runesofmagic-infos.com\\\/fr\\\/evenement-mensuel\\\/#breadcrumb\",\"itemListElement\":[{\"@type\":\"ListItem\",\"position\":1,\"name\":\"Startseite\",\"item\":\"https:\\\/\\\/www.runesofmagic-infos.com\\\/fr\\\/\"},{\"@type\":\"ListItem\",\"position\":2,\"name\":\"\u00c9v\u00e9nement mensuel\"}]},{\"@type\":\"WebSite\",\"@id\":\"https:\\\/\\\/www.runesofmagic-infos.com\\\/fr\\\/#website\",\"url\":\"https:\\\/\\\/www.runesofmagic-infos.com\\\/fr\\\/\",\"name\":\"Runes of Magic-Infos\",\"description\":\"\",\"publisher\":{\"@id\":\"https:\\\/\\\/www.runesofmagic-infos.com\\\/fr\\\/#organization\"},\"potentialAction\":[{\"@type\":\"SearchAction\",\"target\":{\"@type\":\"EntryPoint\",\"urlTemplate\":\"https:\\\/\\\/www.runesofmagic-infos.com\\\/fr\\\/?s={search_term_string}\"},\"query-input\":{\"@type\":\"PropertyValueSpecification\",\"valueRequired\":true,\"valueName\":\"search_term_string\"}}],\"inLanguage\":\"fr-FR\"},{\"@type\":\"Organization\",\"@id\":\"https:\\\/\\\/www.runesofmagic-infos.com\\\/fr\\\/#organization\",\"name\":\"Runes of Magic-Infos\",\"url\":\"https:\\\/\\\/www.runesofmagic-infos.com\\\/fr\\\/\",\"logo\":{\"@type\":\"ImageObject\",\"inLanguage\":\"fr-FR\",\"@id\":\"https:\\\/\\\/www.runesofmagic-infos.com\\\/fr\\\/#\\\/schema\\\/logo\\\/image\\\/\",\"url\":\"https:\\\/\\\/www.runesofmagic-infos.com\\\/wp-content\\\/uploads\\\/2024\\\/01\\\/ROM-Infos-Original-Logo.png\",\"contentUrl\":\"https:\\\/\\\/www.runesofmagic-infos.com\\\/wp-content\\\/uploads\\\/2024\\\/01\\\/ROM-Infos-Original-Logo.png\",\"width\":2329,\"height\":1721,\"caption\":\"Runes of Magic-Infos\"},\"image\":{\"@id\":\"https:\\\/\\\/www.runesofmagic-infos.com\\\/fr\\\/#\\\/schema\\\/logo\\\/image\\\/\"}}]}<\/script>\n<!-- \/ Yoast SEO plugin. -->","yoast_head_json":{"title":"\u00c9v\u00e9nement mensuel - Runes of Magic-Infos","robots":{"index":"index","follow":"follow","max-snippet":"max-snippet:-1","max-image-preview":"max-image-preview:large","max-video-preview":"max-video-preview:-1"},"canonical":"https:\/\/www.runesofmagic-infos.com\/fr\/evenement-mensuel\/","og_locale":"fr_FR","og_type":"article","og_title":"\u00c9v\u00e9nement mensuel - Runes of Magic-Infos","og_description":"F\u00eate de la pluie de printemps Chaque ann\u00e9e, pendant la f\u00eate des pluies de printemps, de petits groupes de Wabbits se rassemblent partout pour jouer avec des \u0153ufs arc-en-ciel. Ils sont naturellement vifs et joyeux. Ils sautent dans tous les sens et r\u00e9pandent une atmosph\u00e8re contagieuse de joie et de [&hellip;]","og_url":"https:\/\/www.runesofmagic-infos.com\/fr\/evenement-mensuel\/","og_site_name":"Runes of Magic-Infos","article_modified_time":"2026-04-26T15:48:18+00:00","og_image":[{"url":"https:\/\/www.runesofmagic-infos.com\/wp-content\/uploads\/2025\/04\/spring_rain01-1.jpg","type":"","width":"","height":""}],"twitter_card":"summary_large_image","twitter_misc":{"Dur\u00e9e de lecture estim\u00e9e":"3 minutes"},"schema":{"@context":"https:\/\/schema.org","@graph":[{"@type":"WebPage","@id":"https:\/\/www.runesofmagic-infos.com\/fr\/evenement-mensuel\/","url":"https:\/\/www.runesofmagic-infos.com\/fr\/evenement-mensuel\/","name":"\u00c9v\u00e9nement mensuel - Runes of Magic-Infos","isPartOf":{"@id":"https:\/\/www.runesofmagic-infos.com\/fr\/#website"},"primaryImageOfPage":{"@id":"https:\/\/www.runesofmagic-infos.com\/fr\/evenement-mensuel\/#primaryimage"},"image":{"@id":"https:\/\/www.runesofmagic-infos.com\/fr\/evenement-mensuel\/#primaryimage"},"thumbnailUrl":"https:\/\/www.runesofmagic-infos.com\/wp-content\/uploads\/2025\/04\/spring_rain01-1.jpg","datePublished":"2023-09-17T15:14:58+00:00","dateModified":"2026-04-26T15:48:18+00:00","breadcrumb":{"@id":"https:\/\/www.runesofmagic-infos.com\/fr\/evenement-mensuel\/#breadcrumb"},"inLanguage":"fr-FR","potentialAction":[{"@type":"ReadAction","target":["https:\/\/www.runesofmagic-infos.com\/fr\/evenement-mensuel\/"]}]},{"@type":"ImageObject","inLanguage":"fr-FR","@id":"https:\/\/www.runesofmagic-infos.com\/fr\/evenement-mensuel\/#primaryimage","url":"https:\/\/www.runesofmagic-infos.com\/wp-content\/uploads\/2025\/04\/spring_rain01-1.jpg","contentUrl":"https:\/\/www.runesofmagic-infos.com\/wp-content\/uploads\/2025\/04\/spring_rain01-1.jpg"},{"@type":"BreadcrumbList","@id":"https:\/\/www.runesofmagic-infos.com\/fr\/evenement-mensuel\/#breadcrumb","itemListElement":[{"@type":"ListItem","position":1,"name":"Startseite","item":"https:\/\/www.runesofmagic-infos.com\/fr\/"},{"@type":"ListItem","position":2,"name":"\u00c9v\u00e9nement mensuel"}]},{"@type":"WebSite","@id":"https:\/\/www.runesofmagic-infos.com\/fr\/#website","url":"https:\/\/www.runesofmagic-infos.com\/fr\/","name":"Runes of Magic-Infos","description":"","publisher":{"@id":"https:\/\/www.runesofmagic-infos.com\/fr\/#organization"},"potentialAction":[{"@type":"SearchAction","target":{"@type":"EntryPoint","urlTemplate":"https:\/\/www.runesofmagic-infos.com\/fr\/?s={search_term_string}"},"query-input":{"@type":"PropertyValueSpecification","valueRequired":true,"valueName":"search_term_string"}}],"inLanguage":"fr-FR"},{"@type":"Organization","@id":"https:\/\/www.runesofmagic-infos.com\/fr\/#organization","name":"Runes of Magic-Infos","url":"https:\/\/www.runesofmagic-infos.com\/fr\/","logo":{"@type":"ImageObject","inLanguage":"fr-FR","@id":"https:\/\/www.runesofmagic-infos.com\/fr\/#\/schema\/logo\/image\/","url":"https:\/\/www.runesofmagic-infos.com\/wp-content\/uploads\/2024\/01\/ROM-Infos-Original-Logo.png","contentUrl":"https:\/\/www.runesofmagic-infos.com\/wp-content\/uploads\/2024\/01\/ROM-Infos-Original-Logo.png","width":2329,"height":1721,"caption":"Runes of Magic-Infos"},"image":{"@id":"https:\/\/www.runesofmagic-infos.com\/fr\/#\/schema\/logo\/image\/"}}]}},"_links":{"self":[{"href":"https:\/\/www.runesofmagic-infos.com\/fr\/wp-json\/wp\/v2\/pages\/2626","targetHints":{"allow":["GET"]}}],"collection":[{"href":"https:\/\/www.runesofmagic-infos.com\/fr\/wp-json\/wp\/v2\/pages"}],"about":[{"href":"https:\/\/www.runesofmagic-infos.com\/fr\/wp-json\/wp\/v2\/types\/page"}],"author":[{"embeddable":true,"href":"https:\/\/www.runesofmagic-infos.com\/fr\/wp-json\/wp\/v2\/users\/1"}],"replies":[{"embeddable":true,"href":"https:\/\/www.runesofmagic-infos.com\/fr\/wp-json\/wp\/v2\/comments?post=2626"}],"version-history":[{"count":19,"href":"https:\/\/www.runesofmagic-infos.com\/fr\/wp-json\/wp\/v2\/pages\/2626\/revisions"}],"predecessor-version":[{"id":6001,"href":"https:\/\/www.runesofmagic-infos.com\/fr\/wp-json\/wp\/v2\/pages\/2626\/revisions\/6001"}],"wp:attachment":[{"href":"https:\/\/www.runesofmagic-infos.com\/fr\/wp-json\/wp\/v2\/media?parent=2626"}],"curies":[{"name":"wp","href":"https:\/\/api.w.org\/{rel}","templated":true}]}}