{"id":2475,"date":"2023-11-04T12:21:07","date_gmt":"2023-11-04T12:21:07","guid":{"rendered":"https:\/\/www.runesofmagic-infos.com\/conseils-tq-en-cours\/"},"modified":"2024-08-21T15:47:56","modified_gmt":"2024-08-21T15:47:56","slug":"conseils-tq-en-cours","status":"publish","type":"page","link":"https:\/\/www.runesofmagic-infos.com\/fr\/guides\/conseils-tq-en-cours\/","title":{"rendered":"Conseils TQ"},"content":{"rendered":"<h1><\/h1>\n<h1>Table des mati\u00e8res<\/h1>\n<ol>\n<li>Introduction\n<ol>\n<li>Derni\u00e8re mise \u00e0 jour<\/li>\n<li>Texte de bienvenue<\/li>\n<\/ol>\n<\/li>\n<li>Addons\n<ol>\n<li>Liens de t\u00e9l\u00e9chargement<\/li>\n<li>Param\u00e8tres Autofollow\/Autoquest<\/li>\n<li>Param\u00e8tres DailyNotes<\/li>\n<li>C&rsquo;est parti !<\/li>\n<\/ol>\n<\/li>\n<li>TQ recommand\u00e9s<\/li>\n<li>Calculs<\/li>\n<li>Historique des mises \u00e0 jour<\/li>\n<\/ol>\n<h1><span> <\/span><\/h1>\n<h1><span>1\u00e8re introduction<\/span><\/h1>\n<h2><span>1.1 Date de la derni\u00e8re mise \u00e0 jour<\/span><\/h2>\n<p><span>Derni\u00e8re mise \u00e0 jour : 2023-10-25<\/span><\/p>\n<h2><span>1.2 Bienvenue !<\/span><\/h2>\n<p><span>Bonjour, chers joueurs, je constate r\u00e9guli\u00e8rement que certains d&rsquo;entre vous ont du mal \u00e0 accomplir les qu\u00eates quotidiennes. Cela est beaucoup plus efficace, plus simple et demande moins d&rsquo;efforts. Comment ? C&rsquo;est ce que je veux vous faire d\u00e9couvrir ici !<\/span><\/p>\n<h1><span> <\/span><\/h1>\n<h1><span>2. addons<\/span><\/h1>\n<h2><span>2.1 Liens de t\u00e9l\u00e9chargement<\/span><\/h2>\n<p><span>Nous utilisons ici principalement deux addons (les deux liens renvoient \u00e0 Curseforge &#8211; de l\u00e0, vous pouvez certainement continuer \u00e0 t\u00e9l\u00e9charger tout seul) :<\/span><span><a href=\"https:\/\/www.curseforge.com\/rom\/addons\/autofollow\">Autofollow\/Autoquest<\/a><\/span><span>et<\/span><span><a href=\"https:\/\/www.curseforge.com\/rom\/addons\/dailynotes\">DailyNotes<\/a><\/span><\/p>\n<p><span> <\/span><\/p>\n<p><span>Notez bien : Les deux addons offrent un \u00e9ventail de fonctions plus large que celui que je vais pr\u00e9senter ici. Seuls les param\u00e8tres pertinents pour nos TQ sont abord\u00e9s ici.<\/span><\/p>\n<h2><span>2.2 Param\u00e8tres Autofollow\/Autoquest<\/span><\/h2>\n<p><span><img decoding=\"async\" src=\"https:\/\/www.runesofmagic-infos.com\/wp-content\/uploads\/2023\/11\/Bild3.png\">Apr\u00e8s l&rsquo;installation, vous trouverez un bouton \u00e9tiquet\u00e9 \u00ab\u00a0AF\u00a0\u00bb \u00e0 proximit\u00e9 de la mini-carte. <\/span><span>Pour activer la fonction Autoquest, nous devons <\/span><strong>faire un clic droit<\/strong><span>sur cette ic\u00f4ne <\/span> et cocher la case \u00ab\u00a0AutoQuest\u00a0\u00bb.<br \/>\nComme nous voulons utiliser DailyNotes en interaction, nous activons \u00e9galement la coche correspondante. <img loading=\"lazy\" decoding=\"async\" src=\"https:\/\/runesofmagicinfos.wpcomstaging.com\/wp-content\/uploads\/2023\/11\/Bild4.png\" alt=\"\" width=\"258\" height=\"300\" class=\"alignnone wp-image-555\"><span>L&rsquo;option<\/span>\u00ab\u00a0Messages\u00a0\u00bb permet d&rsquo;afficher des messages sur les TQs dans la fen\u00eatre de chat \u00ab\u00a0G\u00e9n\u00e9ral\u00a0\u00bb, \u00ab\u00a0Save on logout\u00a0\u00bb indique \u00e0 l&rsquo;addon qu&rsquo;il doit enregistrer son statut (d\u00e9sactiv\u00e9\/activ\u00e9) lorsque vous vous d\u00e9connectez.   <span> <\/span><\/p>\n<p><img loading=\"lazy\" decoding=\"async\" src=\"https:\/\/www.runesofmagic-infos.com\/wp-content\/uploads\/2023\/11\/Bild5.png\" alt=\"\" width=\"191\" height=\"120\" class=\"alignleft wp-image-556 size-full\"><strong><\/strong><\/p>\n<p><span>Pour activer Autoquest, il suffit de <\/span><strong>cliquer sur<\/strong><span>l&rsquo;ic\u00f4ne de la mini-carte <\/span> et de s\u00e9lectionner \u00ab\u00a0D\u00e9marrer Autoquest\u00a0\u00bb dans le menu.  <span> <\/span><\/p>\n<p><span> <\/span><\/p>\n<p><span>L&rsquo;ic\u00f4ne de la mini-carte indique maintenant qu&rsquo;elle est op\u00e9rationnelle pour nos besoins en affichant une couleur turquoise et en changeant le nom de l&rsquo;ic\u00f4ne en \u00ab\u00a0AQ\u00a0\u00bb. <\/span><span style=\"font-size: revert;\">AQ\u00a0\u00bb, ainsi qu&rsquo;un message dans la fen\u00eatre de chat.<\/span><\/p>\n<h2><span> <img decoding=\"async\" src=\"https:\/\/www.runesofmagic-infos.com\/wp-content\/uploads\/2023\/11\/Bild6.png\"><\/span><\/h2>\n<h2><span>2.3 Param\u00e8tres DailyNotes<\/span><\/h2>\n<p><span>DailyNotes s&rsquo;inscrit dans le gestionnaire d&rsquo;addons (s&rsquo;il existe). Ensuite, nous pouvons afficher la fen\u00eatre des param\u00e8tres en cliquant courageusement sur . Nous pouvons \u00e9galement entrer la commande \u00ab\u00a0\/dn\u00a0\u00bb dans la ligne de chat.<\/span><\/p>\n<p><img loading=\"lazy\" decoding=\"async\" src=\"https:\/\/runesofmagicinfos.wpcomstaging.com\/wp-content\/uploads\/2023\/11\/Bild1.png\" alt=\"\" width=\"602\" height=\"300\" class=\"alignnone wp-image-552 size-full\" srcset=\"https:\/\/www.runesofmagic-infos.com\/wp-content\/uploads\/2023\/11\/Bild1.png 602w, https:\/\/www.runesofmagic-infos.com\/wp-content\/uploads\/2023\/11\/Bild1-300x150.png 300w\" sizes=\"auto, (max-width: 602px) 100vw, 602px\" \/><\/p>\n<p><span>Tout d&rsquo;abord, nous <\/span>cochons <span>en haut \u00e0 gauche <\/span>la case \u00ab\u00a0Auto-Quest\u00a0\u00bb afin d&rsquo;inciter nos deux addons \u00e0 coop\u00e9rer de mani\u00e8re constructive. <span>Ensuite, sous \u00ab\u00a0Zone\u00a0\u00bb, nous recherchons la zone dans laquelle se trouve notre TQ souhait\u00e9e.<\/span><\/p>\n<p><span>Maintenant, les qu\u00eates journali\u00e8res affich\u00e9es changent : toutes les TQ appartenant \u00e0 la zone sont affich\u00e9es. Je recommande de trier les qu\u00eates au choix par niveau ou par nom. Pour cela, il suffit de cliquer sur l&rsquo;en-t\u00eate du tableau correspondant.<\/span><\/p>\n<p><span>Pour notre exemple, nous utilisons la \u00ab\u00a0d\u00e9fense h\u00e9ro\u00efque\u00a0\u00bb.<\/span><\/p>\n<p><span>Il nous suffit ici de cocher la case en d\u00e9but de ligne. Pr\u00eat !<\/span><\/p>\n<p><span> <\/span><\/p>\n<h2><span>2.4 C&rsquo;est parti !<\/span><\/h2>\n<p><span>Ainsi, les r\u00e9glages sont termin\u00e9s et il ne nous reste plus qu&rsquo;\u00e0 contacter le donneur de qu\u00eate pour lancer la r\u00e9ception et la remise automatiques des qu\u00eates.<\/span><\/p>\n<h1><span> <\/span><\/h1>\n<h1><span>3. les TQ recommand\u00e9s<\/span><\/h1>\n<h2><span>3.1 Aper\u00e7u g\u00e9n\u00e9ral<\/span><\/h2>\n<p><span> <\/span><\/p>\n<table width=\"554\">\n<tbody>\n<tr>\n<td width=\"71\">Niveau de la qu\u00eate<\/td>\n<td width=\"153\">Nom de la qu\u00eate<\/td>\n<td width=\"114\">Zone<\/td>\n<td width=\"72\">EP de base<\/td>\n<td width=\"72\">TP de base<\/td>\n<td width=\"72\">Or<\/td>\n<\/tr>\n<tr>\n<td width=\"71\">71<\/td>\n<td width=\"153\">Combat d&rsquo;exhibition<\/td>\n<td width=\"114\">Rorazan<\/td>\n<td width=\"72\">273.970<\/td>\n<td width=\"72\">27.397<\/td>\n<td width=\"72\">2.995<\/td>\n<\/tr>\n<tr>\n<td width=\"71\">79<\/td>\n<td width=\"153\">Un petit rafra\u00eechissement<\/td>\n<td width=\"114\">Col du Syrbal<\/td>\n<td width=\"72\">376.098<\/td>\n<td width=\"72\">37.610<\/td>\n<td width=\"72\">20.000<\/td>\n<\/tr>\n<tr>\n<td width=\"71\">91<\/td>\n<td width=\"153\">Expert en recherche<\/td>\n<td width=\"114\">Kashaylan<\/td>\n<td width=\"72\">635.168<\/td>\n<td width=\"72\">63.517<\/td>\n<td width=\"72\">48.146<\/td>\n<\/tr>\n<tr>\n<td width=\"71\">94<\/td>\n<td width=\"153\">Gu\u00e9rir les plaies propres<\/td>\n<td width=\"114\">C\u00f4te \u00e0 courant d&rsquo;\u00e9clats<\/td>\n<td width=\"72\">681.239<\/td>\n<td width=\"72\">68.124<\/td>\n<td width=\"72\">62.872<\/td>\n<\/tr>\n<tr>\n<td width=\"71\">96<\/td>\n<td width=\"153\">La magie co\u00fbte de l&rsquo;\u00e9nergie<\/td>\n<td width=\"114\">Farsitan<\/td>\n<td width=\"72\">737.394<\/td>\n<td width=\"72\">73.739<\/td>\n<td width=\"72\">77.509<\/td>\n<\/tr>\n<\/tbody>\n<\/table>\n<p><span> <\/span><\/p>\n<h2><span> <\/span><\/h2>\n<h2><span>3.2 (68) Combat d&rsquo;exhibition<\/span><\/h2>\n<p><strong><span>Conditions requises :<\/span><\/strong><span> La qu\u00eate \u00ab\u00a0Seigneur \u00e9l\u00e9mentaire\u00a0\u00bb de la s\u00e9rie de qu\u00eates Morrok doit \u00eatre termin\u00e9e.<\/span><strong><span>Niveau de personnage pour TQ :<\/span><\/strong><span> 68<\/span><strong><span>Lieu :<\/span><\/strong><span> Camp de l&rsquo;Alliance du Front, Rorazan<\/span><strong><span>Donneur de qu\u00eate :<\/span><\/strong><span> Anthony Taz (47.2\/57.8)<\/span><strong><span>D\u00e9roulement :<\/span><\/strong><span>  Apr\u00e8s avoir accept\u00e9 la qu\u00eate, on s&rsquo;adresse \u00e0 nouveau au donneur de qu\u00eate et on d\u00e9marre la TQ. Le donneur de qu\u00eate spawn un ennemi avec relativement peu de points de vie, qu&rsquo;il faut tuer. Si cela est fait, la TQ est remplie et peut \u00eatre remise.<\/span><\/p>\n<p><strong><span>Macro utile :<\/span><\/strong><\/p>\n<table width=\"602\">\n<tbody>\n<tr>\n<td width=\"602\">\/run dqc,dqpd=Daily_count() if UnitLevel(\u00ab\u00a0player\u00a0\u00bb)&lt;and dqc==10 then UseItemByName(\u00ab\u00a0Carte de qu\u00eate journali\u00e8re\u00a0\u00bb) end GC_SetMouseMoveEnable(true) TargetUnit(\u00ab\u00a0focus1\u00a0\u00bb) CastSpellByName(\u00ab\u00a0Attaquer\u00a0\u00bb);\/wait 0.2\/run OnClick_QuestListButton(3,1)\/wait 0.2 \/run SpeakFrame_CompleteQuest() \/wait 0.2 \/run TargetUnit(\u00ab\u00a0focus1\u00a0\u00bb) CastSpellByName(\u00ab\u00a0Attaquer\u00a0\u00bb) \/wait 0.2 \/run OnClick_QuestListButton(1,1) AcceptQuest() \/wait 0.2 \/run CastSpellByName(\u00ab\u00a0Attaquer\u00a0\u00bb) \/wait 0.2 \/run ChoiceOption(1) \/wait 2 \/run TargetNearestEnemy() \/wait .8 \/run CastSpellByName(\u00ab\u00a0Boule de feu\u00a0\u00bb) GC_SetMouseMoveEnable(false)<\/td>\n<\/tr>\n<\/tbody>\n<\/table>\n<p><span> <\/span><\/p>\n<p><span>Remarques sur l&rsquo;utilisation de Macro :<\/span><\/p>\n<ul>\n<li><span> <\/span><span>La macro contient beaucoup de caract\u00e8res, si ce n&rsquo;est pas encore le cas, l&rsquo;addon \u00ab\u00a0<a href=\"https:\/\/www.curseforge.com\/rom\/addons\/extendedmacroicons\">ExtendedMacroIcons<\/a>\u00a0\u00bb est vivement recommand\u00e9 !<\/span><\/li>\n<li><span> <\/span><span>Le donneur de qu\u00eate doit \u00eatre d\u00e9fini comme objectif de focalisation !<\/span><\/li>\n<li><span> <\/span><span>Le sort \u00ab\u00a0Boule de feu\u00a0\u00bb doit \u00eatre remplac\u00e9 par un autre sort\/comp\u00e9tence, le cas \u00e9ch\u00e9ant !<\/span><\/li>\n<li><span> <\/span><span>La macro utilise de mani\u00e8re autonome des cartes TQ jusqu&rsquo;\u00e0 ce que la classe atteigne le niveau 78, puis on passe normalement \u00e0 la TQ suivante.  <\/span><\/li>\n<\/ul>\n<h2><span> <\/span><\/h2>\n<h2><span>3.3 Un petit rafra\u00eechissement<\/span><\/h2>\n<p><span>Conditions pr\u00e9alables requises :<\/span><span>Niveau de personnage pour TQ : <\/span><span>Lieu : <\/span><span>Donneur de qu\u00eate :<\/span><span>D\u00e9roulement : <\/span><span>Macro utile : <\/span> <\/p>\n<h2><span> <\/span><\/h2>\n<h2><span>3.4 Expert en recherche (\u00ab\u00a0tourner la bouteille\u00a0\u00bb)<\/span><\/h2>\n<p><span>Conditions pr\u00e9alables requises :<\/span><span>Niveau de personnage pour TQ : <\/span><span>Lieu : <\/span><span>Donneur de qu\u00eate :<\/span><span>D\u00e9roulement : <\/span><span>Macro utile : <\/span> <\/p>\n<h2><span> <\/span><\/h2>\n<h2><span>3.5 Gu\u00e9rir les plaies propres (\u00ab\u00a0Premiers secours\u00a0\u00bb)<\/span><\/h2>\n<p><span>Conditions pr\u00e9alables requises :<\/span><span>Niveau de personnage pour TQ : <\/span><span>Lieu : <\/span><span>Donneur de qu\u00eate :<\/span><span>D\u00e9roulement : <\/span><span>Macro utile : <\/span> <\/p>\n<h2><span> <\/span><\/h2>\n<h2><span>3.6 La magie co\u00fbte de la force (\u00ab\u00a0chevauch\u00e9e circulaire\u00a0\u00bb)<\/span><\/h2>\n<p><span>Conditions pr\u00e9alables requises :<\/span><span>Niveau de personnage pour TQ : <\/span><span>Lieu : <\/span><span>Donneur de qu\u00eate :<\/span><span>D\u00e9roulement : <\/span><span>Macro utile : <\/span> <\/p>\n<h1><span> <\/span><\/h1>\n<h1><span>4. calculs<\/span><\/h1>\n<h1><span> <\/span><\/h1>\n<h1><span>5. l&rsquo;historique des mises \u00e0 jour<\/span><\/h1>\n<h2><span>5.1 Historique<\/span><\/h2>\n<p><span>2022-12-14 : Cr\u00e9ation de la structure de base, ajout des chapitres principaux pour la premi\u00e8re version<\/span><span>2023-10-25 : D\u00e9tails du combat d&rsquo;exhibition ajout\u00e9s, liste des choses \u00e0 faire lanc\u00e9e<\/span><\/p>\n<p><span> <\/span><\/p>\n<h2><span>5.2 To-Do<\/span><\/h2>\n<ul>\n<li><span> <\/span><span>Ins\u00e9rer une qu\u00eate de zombie (terre de malheur)<\/span><\/li>\n<li><span> <\/span><span>Ins\u00e9rer des papillons (Xaviera)<\/span><\/li>\n<\/ul>\n","protected":false},"excerpt":{"rendered":"<p>Table des mati\u00e8res Introduction Derni\u00e8re mise \u00e0 jour Texte de bienvenue Addons Liens de t\u00e9l\u00e9chargement Param\u00e8tres Autofollow\/Autoquest Param\u00e8tres DailyNotes C&rsquo;est parti ! TQ recommand\u00e9s Calculs Historique des mises \u00e0 jour 1\u00e8re introduction 1.1 Date de la derni\u00e8re mise \u00e0 jour Derni\u00e8re mise \u00e0 jour : 2023-10-25 1.2 Bienvenue ! Bonjour, [&hellip;]<\/p>\n","protected":false},"author":1,"featured_media":0,"parent":2737,"menu_order":0,"comment_status":"closed","ping_status":"closed","template":"","meta":{"footnotes":""},"class_list":["post-2475","page","type-page","status-publish","hentry"],"yoast_head":"<!-- This site is optimized with the Yoast SEO plugin v27.4 - https:\/\/yoast.com\/product\/yoast-seo-wordpress\/ -->\n<title>Conseils TQ - Runes of Magic-Infos<\/title>\n<meta name=\"robots\" content=\"index, follow, max-snippet:-1, max-image-preview:large, max-video-preview:-1\" \/>\n<link rel=\"canonical\" href=\"https:\/\/www.runesofmagic-infos.com\/fr\/guides\/conseils-tq-en-cours\/\" \/>\n<meta property=\"og:locale\" content=\"fr_FR\" \/>\n<meta property=\"og:type\" content=\"article\" \/>\n<meta property=\"og:title\" content=\"Conseils TQ - Runes of Magic-Infos\" \/>\n<meta property=\"og:description\" content=\"Table des mati\u00e8res Introduction Derni\u00e8re mise \u00e0 jour Texte de bienvenue Addons Liens de t\u00e9l\u00e9chargement Param\u00e8tres Autofollow\/Autoquest Param\u00e8tres DailyNotes C&rsquo;est parti ! TQ recommand\u00e9s Calculs Historique des mises \u00e0 jour 1\u00e8re introduction 1.1 Date de la derni\u00e8re mise \u00e0 jour Derni\u00e8re mise \u00e0 jour : 2023-10-25 1.2 Bienvenue ! Bonjour, [&hellip;]\" \/>\n<meta property=\"og:url\" content=\"https:\/\/www.runesofmagic-infos.com\/fr\/guides\/conseils-tq-en-cours\/\" \/>\n<meta property=\"og:site_name\" content=\"Runes of Magic-Infos\" \/>\n<meta property=\"article:modified_time\" content=\"2024-08-21T15:47:56+00:00\" \/>\n<meta property=\"og:image\" content=\"https:\/\/www.runesofmagic-infos.com\/wp-content\/uploads\/2023\/11\/Bild3.png\" \/>\n<meta name=\"twitter:card\" content=\"summary_large_image\" \/>\n<meta name=\"twitter:label1\" content=\"Dur\u00e9e de lecture estim\u00e9e\" \/>\n\t<meta name=\"twitter:data1\" content=\"5 minutes\" \/>\n<script type=\"application\/ld+json\" class=\"yoast-schema-graph\">{\"@context\":\"https:\\\/\\\/schema.org\",\"@graph\":[{\"@type\":\"WebPage\",\"@id\":\"https:\\\/\\\/www.runesofmagic-infos.com\\\/fr\\\/guides\\\/conseils-tq-en-cours\\\/\",\"url\":\"https:\\\/\\\/www.runesofmagic-infos.com\\\/fr\\\/guides\\\/conseils-tq-en-cours\\\/\",\"name\":\"Conseils TQ - Runes of Magic-Infos\",\"isPartOf\":{\"@id\":\"https:\\\/\\\/www.runesofmagic-infos.com\\\/fr\\\/#website\"},\"primaryImageOfPage\":{\"@id\":\"https:\\\/\\\/www.runesofmagic-infos.com\\\/fr\\\/guides\\\/conseils-tq-en-cours\\\/#primaryimage\"},\"image\":{\"@id\":\"https:\\\/\\\/www.runesofmagic-infos.com\\\/fr\\\/guides\\\/conseils-tq-en-cours\\\/#primaryimage\"},\"thumbnailUrl\":\"https:\\\/\\\/www.runesofmagic-infos.com\\\/wp-content\\\/uploads\\\/2023\\\/11\\\/Bild3.png\",\"datePublished\":\"2023-11-04T12:21:07+00:00\",\"dateModified\":\"2024-08-21T15:47:56+00:00\",\"breadcrumb\":{\"@id\":\"https:\\\/\\\/www.runesofmagic-infos.com\\\/fr\\\/guides\\\/conseils-tq-en-cours\\\/#breadcrumb\"},\"inLanguage\":\"fr-FR\",\"potentialAction\":[{\"@type\":\"ReadAction\",\"target\":[\"https:\\\/\\\/www.runesofmagic-infos.com\\\/fr\\\/guides\\\/conseils-tq-en-cours\\\/\"]}]},{\"@type\":\"ImageObject\",\"inLanguage\":\"fr-FR\",\"@id\":\"https:\\\/\\\/www.runesofmagic-infos.com\\\/fr\\\/guides\\\/conseils-tq-en-cours\\\/#primaryimage\",\"url\":\"https:\\\/\\\/www.runesofmagic-infos.com\\\/wp-content\\\/uploads\\\/2023\\\/11\\\/Bild3.png\",\"contentUrl\":\"https:\\\/\\\/www.runesofmagic-infos.com\\\/wp-content\\\/uploads\\\/2023\\\/11\\\/Bild3.png\"},{\"@type\":\"BreadcrumbList\",\"@id\":\"https:\\\/\\\/www.runesofmagic-infos.com\\\/fr\\\/guides\\\/conseils-tq-en-cours\\\/#breadcrumb\",\"itemListElement\":[{\"@type\":\"ListItem\",\"position\":1,\"name\":\"Startseite\",\"item\":\"https:\\\/\\\/www.runesofmagic-infos.com\\\/fr\\\/\"},{\"@type\":\"ListItem\",\"position\":2,\"name\":\"Guides\",\"item\":\"https:\\\/\\\/www.runesofmagic-infos.com\\\/fr\\\/guides\\\/\"},{\"@type\":\"ListItem\",\"position\":3,\"name\":\"Conseils TQ\"}]},{\"@type\":\"WebSite\",\"@id\":\"https:\\\/\\\/www.runesofmagic-infos.com\\\/fr\\\/#website\",\"url\":\"https:\\\/\\\/www.runesofmagic-infos.com\\\/fr\\\/\",\"name\":\"Runes of Magic-Infos\",\"description\":\"\",\"publisher\":{\"@id\":\"https:\\\/\\\/www.runesofmagic-infos.com\\\/fr\\\/#organization\"},\"potentialAction\":[{\"@type\":\"SearchAction\",\"target\":{\"@type\":\"EntryPoint\",\"urlTemplate\":\"https:\\\/\\\/www.runesofmagic-infos.com\\\/fr\\\/?s={search_term_string}\"},\"query-input\":{\"@type\":\"PropertyValueSpecification\",\"valueRequired\":true,\"valueName\":\"search_term_string\"}}],\"inLanguage\":\"fr-FR\"},{\"@type\":\"Organization\",\"@id\":\"https:\\\/\\\/www.runesofmagic-infos.com\\\/fr\\\/#organization\",\"name\":\"Runes of Magic-Infos\",\"url\":\"https:\\\/\\\/www.runesofmagic-infos.com\\\/fr\\\/\",\"logo\":{\"@type\":\"ImageObject\",\"inLanguage\":\"fr-FR\",\"@id\":\"https:\\\/\\\/www.runesofmagic-infos.com\\\/fr\\\/#\\\/schema\\\/logo\\\/image\\\/\",\"url\":\"https:\\\/\\\/www.runesofmagic-infos.com\\\/wp-content\\\/uploads\\\/2024\\\/01\\\/ROM-Infos-Original-Logo.png\",\"contentUrl\":\"https:\\\/\\\/www.runesofmagic-infos.com\\\/wp-content\\\/uploads\\\/2024\\\/01\\\/ROM-Infos-Original-Logo.png\",\"width\":2329,\"height\":1721,\"caption\":\"Runes of Magic-Infos\"},\"image\":{\"@id\":\"https:\\\/\\\/www.runesofmagic-infos.com\\\/fr\\\/#\\\/schema\\\/logo\\\/image\\\/\"}}]}<\/script>\n<!-- \/ Yoast SEO plugin. -->","yoast_head_json":{"title":"Conseils TQ - Runes of Magic-Infos","robots":{"index":"index","follow":"follow","max-snippet":"max-snippet:-1","max-image-preview":"max-image-preview:large","max-video-preview":"max-video-preview:-1"},"canonical":"https:\/\/www.runesofmagic-infos.com\/fr\/guides\/conseils-tq-en-cours\/","og_locale":"fr_FR","og_type":"article","og_title":"Conseils TQ - Runes of Magic-Infos","og_description":"Table des mati\u00e8res Introduction Derni\u00e8re mise \u00e0 jour Texte de bienvenue Addons Liens de t\u00e9l\u00e9chargement Param\u00e8tres Autofollow\/Autoquest Param\u00e8tres DailyNotes C&rsquo;est parti ! TQ recommand\u00e9s Calculs Historique des mises \u00e0 jour 1\u00e8re introduction 1.1 Date de la derni\u00e8re mise \u00e0 jour Derni\u00e8re mise \u00e0 jour : 2023-10-25 1.2 Bienvenue ! Bonjour, [&hellip;]","og_url":"https:\/\/www.runesofmagic-infos.com\/fr\/guides\/conseils-tq-en-cours\/","og_site_name":"Runes of Magic-Infos","article_modified_time":"2024-08-21T15:47:56+00:00","og_image":[{"url":"https:\/\/www.runesofmagic-infos.com\/wp-content\/uploads\/2023\/11\/Bild3.png","type":"","width":"","height":""}],"twitter_card":"summary_large_image","twitter_misc":{"Dur\u00e9e de lecture estim\u00e9e":"5 minutes"},"schema":{"@context":"https:\/\/schema.org","@graph":[{"@type":"WebPage","@id":"https:\/\/www.runesofmagic-infos.com\/fr\/guides\/conseils-tq-en-cours\/","url":"https:\/\/www.runesofmagic-infos.com\/fr\/guides\/conseils-tq-en-cours\/","name":"Conseils TQ - Runes of Magic-Infos","isPartOf":{"@id":"https:\/\/www.runesofmagic-infos.com\/fr\/#website"},"primaryImageOfPage":{"@id":"https:\/\/www.runesofmagic-infos.com\/fr\/guides\/conseils-tq-en-cours\/#primaryimage"},"image":{"@id":"https:\/\/www.runesofmagic-infos.com\/fr\/guides\/conseils-tq-en-cours\/#primaryimage"},"thumbnailUrl":"https:\/\/www.runesofmagic-infos.com\/wp-content\/uploads\/2023\/11\/Bild3.png","datePublished":"2023-11-04T12:21:07+00:00","dateModified":"2024-08-21T15:47:56+00:00","breadcrumb":{"@id":"https:\/\/www.runesofmagic-infos.com\/fr\/guides\/conseils-tq-en-cours\/#breadcrumb"},"inLanguage":"fr-FR","potentialAction":[{"@type":"ReadAction","target":["https:\/\/www.runesofmagic-infos.com\/fr\/guides\/conseils-tq-en-cours\/"]}]},{"@type":"ImageObject","inLanguage":"fr-FR","@id":"https:\/\/www.runesofmagic-infos.com\/fr\/guides\/conseils-tq-en-cours\/#primaryimage","url":"https:\/\/www.runesofmagic-infos.com\/wp-content\/uploads\/2023\/11\/Bild3.png","contentUrl":"https:\/\/www.runesofmagic-infos.com\/wp-content\/uploads\/2023\/11\/Bild3.png"},{"@type":"BreadcrumbList","@id":"https:\/\/www.runesofmagic-infos.com\/fr\/guides\/conseils-tq-en-cours\/#breadcrumb","itemListElement":[{"@type":"ListItem","position":1,"name":"Startseite","item":"https:\/\/www.runesofmagic-infos.com\/fr\/"},{"@type":"ListItem","position":2,"name":"Guides","item":"https:\/\/www.runesofmagic-infos.com\/fr\/guides\/"},{"@type":"ListItem","position":3,"name":"Conseils TQ"}]},{"@type":"WebSite","@id":"https:\/\/www.runesofmagic-infos.com\/fr\/#website","url":"https:\/\/www.runesofmagic-infos.com\/fr\/","name":"Runes of Magic-Infos","description":"","publisher":{"@id":"https:\/\/www.runesofmagic-infos.com\/fr\/#organization"},"potentialAction":[{"@type":"SearchAction","target":{"@type":"EntryPoint","urlTemplate":"https:\/\/www.runesofmagic-infos.com\/fr\/?s={search_term_string}"},"query-input":{"@type":"PropertyValueSpecification","valueRequired":true,"valueName":"search_term_string"}}],"inLanguage":"fr-FR"},{"@type":"Organization","@id":"https:\/\/www.runesofmagic-infos.com\/fr\/#organization","name":"Runes of Magic-Infos","url":"https:\/\/www.runesofmagic-infos.com\/fr\/","logo":{"@type":"ImageObject","inLanguage":"fr-FR","@id":"https:\/\/www.runesofmagic-infos.com\/fr\/#\/schema\/logo\/image\/","url":"https:\/\/www.runesofmagic-infos.com\/wp-content\/uploads\/2024\/01\/ROM-Infos-Original-Logo.png","contentUrl":"https:\/\/www.runesofmagic-infos.com\/wp-content\/uploads\/2024\/01\/ROM-Infos-Original-Logo.png","width":2329,"height":1721,"caption":"Runes of Magic-Infos"},"image":{"@id":"https:\/\/www.runesofmagic-infos.com\/fr\/#\/schema\/logo\/image\/"}}]}},"_links":{"self":[{"href":"https:\/\/www.runesofmagic-infos.com\/fr\/wp-json\/wp\/v2\/pages\/2475","targetHints":{"allow":["GET"]}}],"collection":[{"href":"https:\/\/www.runesofmagic-infos.com\/fr\/wp-json\/wp\/v2\/pages"}],"about":[{"href":"https:\/\/www.runesofmagic-infos.com\/fr\/wp-json\/wp\/v2\/types\/page"}],"author":[{"embeddable":true,"href":"https:\/\/www.runesofmagic-infos.com\/fr\/wp-json\/wp\/v2\/users\/1"}],"replies":[{"embeddable":true,"href":"https:\/\/www.runesofmagic-infos.com\/fr\/wp-json\/wp\/v2\/comments?post=2475"}],"version-history":[{"count":2,"href":"https:\/\/www.runesofmagic-infos.com\/fr\/wp-json\/wp\/v2\/pages\/2475\/revisions"}],"predecessor-version":[{"id":4444,"href":"https:\/\/www.runesofmagic-infos.com\/fr\/wp-json\/wp\/v2\/pages\/2475\/revisions\/4444"}],"up":[{"embeddable":true,"href":"https:\/\/www.runesofmagic-infos.com\/fr\/wp-json\/wp\/v2\/pages\/2737"}],"wp:attachment":[{"href":"https:\/\/www.runesofmagic-infos.com\/fr\/wp-json\/wp\/v2\/media?parent=2475"}],"curies":[{"name":"wp","href":"https:\/\/api.w.org\/{rel}","templated":true}]}}