{"id":2312,"date":"2023-11-20T19:25:45","date_gmt":"2023-11-20T19:25:45","guid":{"rendered":"https:\/\/www.runesofmagic-infos.com\/ultimate-mail-mod-2-caracteristiques-fonctions-instructions\/"},"modified":"2024-01-27T11:34:10","modified_gmt":"2024-01-27T11:34:10","slug":"ultimate-mail-mod-2-caracteristiques-fonctions-instructions","status":"publish","type":"page","link":"https:\/\/www.runesofmagic-infos.com\/fr\/ultimate-mail-mod-2-caracteristiques-fonctions-instructions\/","title":{"rendered":"Ultimate Mail Mod 2 &#8211; Caract\u00e9ristiques &amp; fonctions &amp; instructions"},"content":{"rendered":"\n<p><strong>\u00ab\u00a0Ultimate Mail Mod 2\u00a0\u00bb est une version modifi\u00e9e (DE) (DE, EN, FR) de \u00ab\u00a0Ultimate Mail Mod\u00a0\u00bb.<\/strong><\/p>\n\n<p><strong>&#8211; jusqu&rsquo;\u00e0 la derni\u00e8re zone (100 \u00ab\u00a0Chassizz\u00a0\u00bb)<\/strong><\/p>\n\n<p>&#8211; <strong>48 Bouton<\/strong> ( \u2192 voir post 37)<\/p>\n\n<p><strong>&#8211; Pr\u00e9s\u00e9lection pour T6<\/strong><\/p>\n\n<p><strong>&#8211; Recettes class\u00e9es par profession<\/strong><\/p>\n\n<p>&#8211; <strong>S\u00e9lection multiple de 1 type d&rsquo;item en un seul clic<\/strong> \u2192 [STRG] ou [CTRL] + item (clic gauche)<\/p>\n\n<p>&#8211; <strong>Item du bouton [Gefahr! T6] <\/strong>(98\/99\/100)<\/p>\n\n<p><strong>doivent \u00eatre trait\u00e9s de mani\u00e8re \u00ab\u00a0sp\u00e9ciale\u00a0\u00bb, car ces objets ne sortent de l&rsquo;Ini que de mani\u00e8re clean, ont des valeurs ou sont li\u00e9s comme r\u00e9compense de qu\u00eate.<\/strong><\/p>\n\n<p><strong>Donc 3 variantes d&rsquo;objets diff\u00e9rentes avec le m\u00eame ID \u2192 lors de la fabrication de pierres propres un cauchemar<\/strong><\/p>\n\n<p>&#8211; Pour une meilleure vue d&rsquo;ensemble, les premi\u00e8res contributions \u00e0 la mise \u00e0 disposition\/information seront utilis\u00e9es et mises \u00e0 jour en cons\u00e9quence.<\/p>\n\n<p>&#8211; Un objet non reconnu est \u00e0 me signaler avec son ID et\/ou son nom.<\/p>\n\n<p>&#8211; En cas de s\u00e9lection multiple et de message \u00ab\u00a0Vous ne pouvez pas attacher&#8230;\u00a0\u00bb, veuillez v\u00e9rifier que les items sont \u00ab\u00a0attach\u00e9s\u00a0\u00bb.<\/p>\n\n<p>&#8211; En cas d&rsquo;annulation de l&rsquo;envoi, veuillez v\u00e9rifier que les items sont \u00ab\u00a0li\u00e9s\u00a0\u00bb \u2192 <strong>Les items li\u00e9s ne peuvent pas \u00eatre envoy\u00e9s !<\/strong><\/p>\n\n<p>&#8211; Apr\u00e8s xx envois, plus d&rsquo;envoi possible \u2192 Relog, changement de zone (par ex. open world, maison, ch\u00e2teau de guilde) ou pause \u00ab\u00a0courte\u00a0\u00bb.<\/p>\n\n<p><strong>Indication, suggestion, instruction :<\/strong><\/p>\n\n<p>&#8211; T\u00e9l\u00e9chargement de l&rsquo;AddOn UMM2 \u2192 <a href=\"https:\/\/forum.runesofmagic.gameforge.com\/forum\/thread\/4171-ultimate-mail-mod-2-modifiziert-2023-08-21-de-2021-11-18-de-en-fr\/?postID=42775#post42775\">voir message #3<\/a><\/p>\n\n<p>&#8211; G\u00e9n\u00e9ralit\u00e9s \u2192 <a href=\"https:\/\/forum.runesofmagic.gameforge.com\/forum\/thread\/4171-ultimate-mail-mod-2-modifiziert-2023-08-21-de-2021-11-18-de-en-fr\/?postID=42776#post42776\">voir message #4<\/a><\/p>\n\n<p>&#8211; Installation de l&rsquo;AddOn \u2192 <a href=\"https:\/\/forum.runesofmagic.gameforge.com\/forum\/thread\/4171-ultimate-mail-mod-2-modifiziert-2023-08-21-de-2021-11-18-de-en-fr\/?postID=42777#post42777\">voir message #5<\/a><\/p>\n\n<p>&#8211; Pr\u00e9s\u00e9lection pour les destinataires \u2192 <a href=\"https:\/\/forum.runesofmagic.gameforge.com\/forum\/thread\/4171-ultimate-mail-mod-2-modifiziert-2023-08-21-de-2021-11-18-de-en-fr\/?postID=70775#post70775\">voir message #46<\/a><\/p>\n\n<p>&#8211; Instructions sur la mani\u00e8re de faire de nouveaux boutons en g\u00e9n\u00e9ral \u2192 <a href=\"https:\/\/forum.runesofmagic.gameforge.com\/forum\/thread\/4171-ultimate-mail-mod-2-modifiziert-2023-08-21-de-2021-11-18-de-en-fr\/?postID=70781#post70781\">voir le message #48<\/a><\/p>\n","protected":false},"excerpt":{"rendered":"<p>\u00ab\u00a0Ultimate Mail Mod 2\u00a0\u00bb est une version modifi\u00e9e (DE) (DE, EN, FR) de \u00ab\u00a0Ultimate Mail Mod\u00a0\u00bb. &#8211; jusqu&rsquo;\u00e0 la derni\u00e8re zone (100 \u00ab\u00a0Chassizz\u00a0\u00bb) &#8211; 48 Bouton ( \u2192 voir post 37) &#8211; Pr\u00e9s\u00e9lection pour T6 &#8211; Recettes class\u00e9es par profession &#8211; S\u00e9lection multiple de 1 type d&rsquo;item en un seul [&hellip;]<\/p>\n","protected":false},"author":1,"featured_media":0,"parent":0,"menu_order":0,"comment_status":"closed","ping_status":"closed","template":"","meta":{"footnotes":""},"class_list":["post-2312","page","type-page","status-publish","hentry"],"yoast_head":"<!-- This site is optimized with the Yoast SEO plugin v27.4 - https:\/\/yoast.com\/product\/yoast-seo-wordpress\/ -->\n<title>Ultimate Mail Mod 2 - Caract\u00e9ristiques &amp; fonctions &amp; instructions - Runes of Magic-Infos<\/title>\n<meta name=\"robots\" content=\"index, follow, max-snippet:-1, max-image-preview:large, max-video-preview:-1\" \/>\n<link rel=\"canonical\" href=\"https:\/\/www.runesofmagic-infos.com\/fr\/ultimate-mail-mod-2-caracteristiques-fonctions-instructions\/\" \/>\n<meta property=\"og:locale\" content=\"fr_FR\" \/>\n<meta property=\"og:type\" content=\"article\" \/>\n<meta property=\"og:title\" content=\"Ultimate Mail Mod 2 - Caract\u00e9ristiques &amp; fonctions &amp; instructions - Runes of Magic-Infos\" \/>\n<meta property=\"og:description\" content=\"\u00ab\u00a0Ultimate Mail Mod 2\u00a0\u00bb est une version modifi\u00e9e (DE) (DE, EN, FR) de \u00ab\u00a0Ultimate Mail Mod\u00a0\u00bb. &#8211; jusqu&rsquo;\u00e0 la derni\u00e8re zone (100 \u00ab\u00a0Chassizz\u00a0\u00bb) &#8211; 48 Bouton ( \u2192 voir post 37) &#8211; Pr\u00e9s\u00e9lection pour T6 &#8211; Recettes class\u00e9es par profession &#8211; S\u00e9lection multiple de 1 type d&rsquo;item en un seul [&hellip;]\" \/>\n<meta property=\"og:url\" content=\"https:\/\/www.runesofmagic-infos.com\/fr\/ultimate-mail-mod-2-caracteristiques-fonctions-instructions\/\" \/>\n<meta property=\"og:site_name\" content=\"Runes of Magic-Infos\" \/>\n<meta property=\"article:modified_time\" content=\"2024-01-27T11:34:10+00:00\" \/>\n<meta name=\"twitter:card\" content=\"summary_large_image\" \/>\n<meta name=\"twitter:label1\" content=\"Dur\u00e9e de lecture estim\u00e9e\" \/>\n\t<meta name=\"twitter:data1\" content=\"1 minute\" \/>\n<script type=\"application\/ld+json\" class=\"yoast-schema-graph\">{\"@context\":\"https:\\\/\\\/schema.org\",\"@graph\":[{\"@type\":\"WebPage\",\"@id\":\"https:\\\/\\\/www.runesofmagic-infos.com\\\/fr\\\/ultimate-mail-mod-2-caracteristiques-fonctions-instructions\\\/\",\"url\":\"https:\\\/\\\/www.runesofmagic-infos.com\\\/fr\\\/ultimate-mail-mod-2-caracteristiques-fonctions-instructions\\\/\",\"name\":\"Ultimate Mail Mod 2 - Caract\u00e9ristiques &amp; fonctions &amp; instructions - Runes of Magic-Infos\",\"isPartOf\":{\"@id\":\"https:\\\/\\\/www.runesofmagic-infos.com\\\/fr\\\/#website\"},\"datePublished\":\"2023-11-20T19:25:45+00:00\",\"dateModified\":\"2024-01-27T11:34:10+00:00\",\"breadcrumb\":{\"@id\":\"https:\\\/\\\/www.runesofmagic-infos.com\\\/fr\\\/ultimate-mail-mod-2-caracteristiques-fonctions-instructions\\\/#breadcrumb\"},\"inLanguage\":\"fr-FR\",\"potentialAction\":[{\"@type\":\"ReadAction\",\"target\":[\"https:\\\/\\\/www.runesofmagic-infos.com\\\/fr\\\/ultimate-mail-mod-2-caracteristiques-fonctions-instructions\\\/\"]}]},{\"@type\":\"BreadcrumbList\",\"@id\":\"https:\\\/\\\/www.runesofmagic-infos.com\\\/fr\\\/ultimate-mail-mod-2-caracteristiques-fonctions-instructions\\\/#breadcrumb\",\"itemListElement\":[{\"@type\":\"ListItem\",\"position\":1,\"name\":\"Startseite\",\"item\":\"https:\\\/\\\/www.runesofmagic-infos.com\\\/fr\\\/\"},{\"@type\":\"ListItem\",\"position\":2,\"name\":\"Ultimate Mail Mod 2 &#8211; Caract\u00e9ristiques &amp; fonctions &amp; instructions\"}]},{\"@type\":\"WebSite\",\"@id\":\"https:\\\/\\\/www.runesofmagic-infos.com\\\/fr\\\/#website\",\"url\":\"https:\\\/\\\/www.runesofmagic-infos.com\\\/fr\\\/\",\"name\":\"Runes of Magic-Infos\",\"description\":\"\",\"publisher\":{\"@id\":\"https:\\\/\\\/www.runesofmagic-infos.com\\\/fr\\\/#organization\"},\"potentialAction\":[{\"@type\":\"SearchAction\",\"target\":{\"@type\":\"EntryPoint\",\"urlTemplate\":\"https:\\\/\\\/www.runesofmagic-infos.com\\\/fr\\\/?s={search_term_string}\"},\"query-input\":{\"@type\":\"PropertyValueSpecification\",\"valueRequired\":true,\"valueName\":\"search_term_string\"}}],\"inLanguage\":\"fr-FR\"},{\"@type\":\"Organization\",\"@id\":\"https:\\\/\\\/www.runesofmagic-infos.com\\\/fr\\\/#organization\",\"name\":\"Runes of Magic-Infos\",\"url\":\"https:\\\/\\\/www.runesofmagic-infos.com\\\/fr\\\/\",\"logo\":{\"@type\":\"ImageObject\",\"inLanguage\":\"fr-FR\",\"@id\":\"https:\\\/\\\/www.runesofmagic-infos.com\\\/fr\\\/#\\\/schema\\\/logo\\\/image\\\/\",\"url\":\"https:\\\/\\\/www.runesofmagic-infos.com\\\/wp-content\\\/uploads\\\/2024\\\/01\\\/ROM-Infos-Original-Logo.png\",\"contentUrl\":\"https:\\\/\\\/www.runesofmagic-infos.com\\\/wp-content\\\/uploads\\\/2024\\\/01\\\/ROM-Infos-Original-Logo.png\",\"width\":2329,\"height\":1721,\"caption\":\"Runes of Magic-Infos\"},\"image\":{\"@id\":\"https:\\\/\\\/www.runesofmagic-infos.com\\\/fr\\\/#\\\/schema\\\/logo\\\/image\\\/\"}}]}<\/script>\n<!-- \/ Yoast SEO plugin. -->","yoast_head_json":{"title":"Ultimate Mail Mod 2 - Caract\u00e9ristiques &amp; fonctions &amp; instructions - Runes of Magic-Infos","robots":{"index":"index","follow":"follow","max-snippet":"max-snippet:-1","max-image-preview":"max-image-preview:large","max-video-preview":"max-video-preview:-1"},"canonical":"https:\/\/www.runesofmagic-infos.com\/fr\/ultimate-mail-mod-2-caracteristiques-fonctions-instructions\/","og_locale":"fr_FR","og_type":"article","og_title":"Ultimate Mail Mod 2 - Caract\u00e9ristiques &amp; fonctions &amp; instructions - Runes of Magic-Infos","og_description":"\u00ab\u00a0Ultimate Mail Mod 2\u00a0\u00bb est une version modifi\u00e9e (DE) (DE, EN, FR) de \u00ab\u00a0Ultimate Mail Mod\u00a0\u00bb. &#8211; jusqu&rsquo;\u00e0 la derni\u00e8re zone (100 \u00ab\u00a0Chassizz\u00a0\u00bb) &#8211; 48 Bouton ( \u2192 voir post 37) &#8211; Pr\u00e9s\u00e9lection pour T6 &#8211; Recettes class\u00e9es par profession &#8211; S\u00e9lection multiple de 1 type d&rsquo;item en un seul [&hellip;]","og_url":"https:\/\/www.runesofmagic-infos.com\/fr\/ultimate-mail-mod-2-caracteristiques-fonctions-instructions\/","og_site_name":"Runes of Magic-Infos","article_modified_time":"2024-01-27T11:34:10+00:00","twitter_card":"summary_large_image","twitter_misc":{"Dur\u00e9e de lecture estim\u00e9e":"1 minute"},"schema":{"@context":"https:\/\/schema.org","@graph":[{"@type":"WebPage","@id":"https:\/\/www.runesofmagic-infos.com\/fr\/ultimate-mail-mod-2-caracteristiques-fonctions-instructions\/","url":"https:\/\/www.runesofmagic-infos.com\/fr\/ultimate-mail-mod-2-caracteristiques-fonctions-instructions\/","name":"Ultimate Mail Mod 2 - Caract\u00e9ristiques &amp; fonctions &amp; instructions - Runes of Magic-Infos","isPartOf":{"@id":"https:\/\/www.runesofmagic-infos.com\/fr\/#website"},"datePublished":"2023-11-20T19:25:45+00:00","dateModified":"2024-01-27T11:34:10+00:00","breadcrumb":{"@id":"https:\/\/www.runesofmagic-infos.com\/fr\/ultimate-mail-mod-2-caracteristiques-fonctions-instructions\/#breadcrumb"},"inLanguage":"fr-FR","potentialAction":[{"@type":"ReadAction","target":["https:\/\/www.runesofmagic-infos.com\/fr\/ultimate-mail-mod-2-caracteristiques-fonctions-instructions\/"]}]},{"@type":"BreadcrumbList","@id":"https:\/\/www.runesofmagic-infos.com\/fr\/ultimate-mail-mod-2-caracteristiques-fonctions-instructions\/#breadcrumb","itemListElement":[{"@type":"ListItem","position":1,"name":"Startseite","item":"https:\/\/www.runesofmagic-infos.com\/fr\/"},{"@type":"ListItem","position":2,"name":"Ultimate Mail Mod 2 &#8211; Caract\u00e9ristiques &amp; fonctions &amp; instructions"}]},{"@type":"WebSite","@id":"https:\/\/www.runesofmagic-infos.com\/fr\/#website","url":"https:\/\/www.runesofmagic-infos.com\/fr\/","name":"Runes of Magic-Infos","description":"","publisher":{"@id":"https:\/\/www.runesofmagic-infos.com\/fr\/#organization"},"potentialAction":[{"@type":"SearchAction","target":{"@type":"EntryPoint","urlTemplate":"https:\/\/www.runesofmagic-infos.com\/fr\/?s={search_term_string}"},"query-input":{"@type":"PropertyValueSpecification","valueRequired":true,"valueName":"search_term_string"}}],"inLanguage":"fr-FR"},{"@type":"Organization","@id":"https:\/\/www.runesofmagic-infos.com\/fr\/#organization","name":"Runes of Magic-Infos","url":"https:\/\/www.runesofmagic-infos.com\/fr\/","logo":{"@type":"ImageObject","inLanguage":"fr-FR","@id":"https:\/\/www.runesofmagic-infos.com\/fr\/#\/schema\/logo\/image\/","url":"https:\/\/www.runesofmagic-infos.com\/wp-content\/uploads\/2024\/01\/ROM-Infos-Original-Logo.png","contentUrl":"https:\/\/www.runesofmagic-infos.com\/wp-content\/uploads\/2024\/01\/ROM-Infos-Original-Logo.png","width":2329,"height":1721,"caption":"Runes of Magic-Infos"},"image":{"@id":"https:\/\/www.runesofmagic-infos.com\/fr\/#\/schema\/logo\/image\/"}}]}},"_links":{"self":[{"href":"https:\/\/www.runesofmagic-infos.com\/fr\/wp-json\/wp\/v2\/pages\/2312","targetHints":{"allow":["GET"]}}],"collection":[{"href":"https:\/\/www.runesofmagic-infos.com\/fr\/wp-json\/wp\/v2\/pages"}],"about":[{"href":"https:\/\/www.runesofmagic-infos.com\/fr\/wp-json\/wp\/v2\/types\/page"}],"author":[{"embeddable":true,"href":"https:\/\/www.runesofmagic-infos.com\/fr\/wp-json\/wp\/v2\/users\/1"}],"replies":[{"embeddable":true,"href":"https:\/\/www.runesofmagic-infos.com\/fr\/wp-json\/wp\/v2\/comments?post=2312"}],"version-history":[{"count":1,"href":"https:\/\/www.runesofmagic-infos.com\/fr\/wp-json\/wp\/v2\/pages\/2312\/revisions"}],"predecessor-version":[{"id":2313,"href":"https:\/\/www.runesofmagic-infos.com\/fr\/wp-json\/wp\/v2\/pages\/2312\/revisions\/2313"}],"wp:attachment":[{"href":"https:\/\/www.runesofmagic-infos.com\/fr\/wp-json\/wp\/v2\/media?parent=2312"}],"curies":[{"name":"wp","href":"https:\/\/api.w.org\/{rel}","templated":true}]}}