{"id":2296,"date":"2023-11-20T19:28:32","date_gmt":"2023-11-20T19:28:32","guid":{"rendered":"https:\/\/www.runesofmagic-infos.com\/guide-evenements-compagnons-des-etoiles-draco\/"},"modified":"2024-01-27T11:33:48","modified_gmt":"2024-01-27T11:33:48","slug":"guide-evenements-compagnons-des-etoiles-draco","status":"publish","type":"page","link":"https:\/\/www.runesofmagic-infos.com\/fr\/guide-evenements-compagnons-des-etoiles-draco\/","title":{"rendered":"[Guide]  \u00c9v\u00e9nements + Compagnons des \u00e9toiles + Draco"},"content":{"rendered":"\n<p>Deff = d\u00e9fense, PSP = points de d\u00e9g\u00e2ts physiques, mDeff = d\u00e9fense magique, MSP = points de d\u00e9g\u00e2ts magiques<\/p>\n\n<p>Jeune \u00e9toile = 100 (cristal) + 27 = 127 \u00e9l\u00e9ments + 10 Draconaris = Jeune Draco (le jeune compagnon d&rsquo;\u00e9toile est d\u00e9truit)<\/p>\n\n<p>Adulte = 100 (cristal) + 27 + 81 = 208 \u00e9l\u00e9ments + 50 Draconaris = Draco adulte (le compagnon stellaire adulte est d\u00e9truit)<\/p>\n\n<p>L\u00e9gendaire = 100 (cristal) + 27 + 81 + 243 = 451 \u00e9l\u00e9ments + 250 Draconaris = Draco l\u00e9gendaire (le compagnon stellaire l\u00e9gendaire est d\u00e9truit)<\/p>\n\n<p>Le nombre maximum d&rsquo;\u00e9l\u00e9ments de compagnon stellaire de <strong>786<\/strong> par \u00e9v\u00e9nement pour les 3 niveaux peut \u00eatre r\u00e9duit de 100 par l&rsquo;obtention al\u00e9atoire d&rsquo;un cristal de compagnon stellaire en r\u00e9compense !<\/p>\n\n<figure class=\"wp-block-table\"><table><thead><tr><th><strong>Mois<\/strong><\/th><th><strong>\u00c9v\u00e9nement<\/strong><\/th><th><strong>Compagnon de constellation<\/strong><\/th><th><strong>Draco<\/strong><\/th><th><strong>\u00c9l\u00e9ment<\/strong><\/th><th><strong>Draconaris<\/strong><\/th><th><strong>Cartes<\/strong><\/th><th><strong>Elem.\/Drac.<\/strong><\/th><\/tr><\/thead><tbody><tr><td>Janvier<\/td><td>Festival du feu<\/td><td>Capricorne<\/td><td>Kreios<\/td><td>Terre<\/td><td>G\u00e9o<\/td><td>Deff<\/td><td>786\/310<\/td><\/tr><tr><td>F\u00e9vrier<\/td><td>F\u00eate des fleurs<\/td><td>Verseau<\/td><td>T\u00e9thys<\/td><td>Vent<\/td><td>Aero<\/td><td>PSP<\/td><td>786\/310<\/td><\/tr><tr><td>Mars<\/td><td>Bal masqu\u00e9<\/td><td>Poissons<\/td><td>Okeanos<\/td><td>Eau<\/td><td>Hydro<\/td><td>mDeff<\/td><td>786\/310<\/td><\/tr><tr><td>Avril<\/td><td>F\u00eate du printemps<\/td><td>B\u00e9lier<\/td><td>Koios<\/td><td>Feu<\/td><td>Pyro<\/td><td>MSP<\/td><td>786\/310<\/td><\/tr><tr><td>Mai<\/td><td>F\u00eate de la chanson<\/td><td>Taureau<\/td><td>Kronos<\/td><td>Terre<\/td><td>G\u00e9o<\/td><td>Deff<\/td><td>786\/310<\/td><\/tr><tr><td>Juin<\/td><td>F\u00eate de l&rsquo;artisanat<\/td><td>Jumeaux<\/td><td>Rhea<\/td><td>Vent<\/td><td>Aero<\/td><td>PSP<\/td><td>786\/310<\/td><\/tr><tr><td>Juillet<\/td><td>F\u00eate des tisseurs de couleurs<\/td><td>Cancer<\/td><td>Mnemosyne<\/td><td>Eau<\/td><td>Hydro<\/td><td>mDeff<\/td><td>786\/310<\/td><\/tr><tr><td>Ao\u00fbt<\/td><td>\u00c9v\u00e9nement de contes de f\u00e9es<\/td><td>Lion<\/td><td>Hyperion<\/td><td>Feu<\/td><td>Pyro<\/td><td>MSP<\/td><td>786\/310<\/td><\/tr><tr><td>Septembre<\/td><td>F\u00eate du jus de fruits<\/td><td>Vierge<\/td><td>Iapetos<\/td><td>Terre<\/td><td>G\u00e9o<\/td><td>Deff<\/td><td>786\/310<\/td><\/tr><tr><td>Octobre<\/td><td>F\u00eate de la citrouille<\/td><td>Balance<\/td><td>Theia<\/td><td>Vent<\/td><td>Aero<\/td><td>PSP<\/td><td>786\/310<\/td><\/tr><tr><td>Novembre<\/td><td>Banquet d&rsquo;automne<\/td><td>Scorpion<\/td><td>Themis<\/td><td>Eau<\/td><td>Hydro<\/td><td>mDeff<\/td><td>786\/310<\/td><\/tr><tr><td>D\u00e9cembre<\/td><td>F\u00eate des flocons de neige<\/td><td>Tireur<\/td><td>Phoibe<\/td><td>Feu<\/td><td>Pyro<\/td><td>MSP<\/td><td>786\/310<\/td><\/tr><\/tbody><\/table><\/figure>\n\n<p><a href=\"https:\/\/www.youtube.com\/channel\/UCrBE8m8zZe9IXF2mkgpY0rw\">Peut y jeter un coup d&rsquo;\u0153il qui veut &#8230;&#8230;&#8230;..^^<\/a><\/p>\n","protected":false},"excerpt":{"rendered":"<p>Deff = d\u00e9fense, PSP = points de d\u00e9g\u00e2ts physiques, mDeff = d\u00e9fense magique, MSP = points de d\u00e9g\u00e2ts magiques Jeune \u00e9toile = 100 (cristal) + 27 = 127 \u00e9l\u00e9ments + 10 Draconaris = Jeune Draco (le jeune compagnon d&rsquo;\u00e9toile est d\u00e9truit) Adulte = 100 (cristal) + 27 + 81 = [&hellip;]<\/p>\n","protected":false},"author":1,"featured_media":0,"parent":0,"menu_order":0,"comment_status":"closed","ping_status":"closed","template":"","meta":{"footnotes":""},"class_list":["post-2296","page","type-page","status-publish","hentry"],"yoast_head":"<!-- This site is optimized with the Yoast SEO plugin v27.4 - https:\/\/yoast.com\/product\/yoast-seo-wordpress\/ -->\n<title>[Guide] \u00c9v\u00e9nements + Compagnons des \u00e9toiles + Draco - Runes of Magic-Infos<\/title>\n<meta name=\"robots\" content=\"index, follow, max-snippet:-1, max-image-preview:large, max-video-preview:-1\" \/>\n<link rel=\"canonical\" href=\"https:\/\/www.runesofmagic-infos.com\/fr\/guide-evenements-compagnons-des-etoiles-draco\/\" \/>\n<meta property=\"og:locale\" content=\"fr_FR\" \/>\n<meta property=\"og:type\" content=\"article\" \/>\n<meta property=\"og:title\" content=\"[Guide] \u00c9v\u00e9nements + Compagnons des \u00e9toiles + Draco - Runes of Magic-Infos\" \/>\n<meta property=\"og:description\" content=\"Deff = d\u00e9fense, PSP = points de d\u00e9g\u00e2ts physiques, mDeff = d\u00e9fense magique, MSP = points de d\u00e9g\u00e2ts magiques Jeune \u00e9toile = 100 (cristal) + 27 = 127 \u00e9l\u00e9ments + 10 Draconaris = Jeune Draco (le jeune compagnon d&rsquo;\u00e9toile est d\u00e9truit) Adulte = 100 (cristal) + 27 + 81 = [&hellip;]\" \/>\n<meta property=\"og:url\" content=\"https:\/\/www.runesofmagic-infos.com\/fr\/guide-evenements-compagnons-des-etoiles-draco\/\" \/>\n<meta property=\"og:site_name\" content=\"Runes of Magic-Infos\" \/>\n<meta property=\"article:modified_time\" content=\"2024-01-27T11:33:48+00:00\" \/>\n<meta name=\"twitter:card\" content=\"summary_large_image\" \/>\n<meta name=\"twitter:label1\" content=\"Dur\u00e9e de lecture estim\u00e9e\" \/>\n\t<meta name=\"twitter:data1\" content=\"1 minute\" \/>\n<script type=\"application\/ld+json\" class=\"yoast-schema-graph\">{\"@context\":\"https:\\\/\\\/schema.org\",\"@graph\":[{\"@type\":\"WebPage\",\"@id\":\"https:\\\/\\\/www.runesofmagic-infos.com\\\/fr\\\/guide-evenements-compagnons-des-etoiles-draco\\\/\",\"url\":\"https:\\\/\\\/www.runesofmagic-infos.com\\\/fr\\\/guide-evenements-compagnons-des-etoiles-draco\\\/\",\"name\":\"[Guide] \u00c9v\u00e9nements + Compagnons des \u00e9toiles + Draco - Runes of Magic-Infos\",\"isPartOf\":{\"@id\":\"https:\\\/\\\/www.runesofmagic-infos.com\\\/fr\\\/#website\"},\"datePublished\":\"2023-11-20T19:28:32+00:00\",\"dateModified\":\"2024-01-27T11:33:48+00:00\",\"breadcrumb\":{\"@id\":\"https:\\\/\\\/www.runesofmagic-infos.com\\\/fr\\\/guide-evenements-compagnons-des-etoiles-draco\\\/#breadcrumb\"},\"inLanguage\":\"fr-FR\",\"potentialAction\":[{\"@type\":\"ReadAction\",\"target\":[\"https:\\\/\\\/www.runesofmagic-infos.com\\\/fr\\\/guide-evenements-compagnons-des-etoiles-draco\\\/\"]}]},{\"@type\":\"BreadcrumbList\",\"@id\":\"https:\\\/\\\/www.runesofmagic-infos.com\\\/fr\\\/guide-evenements-compagnons-des-etoiles-draco\\\/#breadcrumb\",\"itemListElement\":[{\"@type\":\"ListItem\",\"position\":1,\"name\":\"Startseite\",\"item\":\"https:\\\/\\\/www.runesofmagic-infos.com\\\/fr\\\/\"},{\"@type\":\"ListItem\",\"position\":2,\"name\":\"[Guide] \u00c9v\u00e9nements + Compagnons des \u00e9toiles + Draco\"}]},{\"@type\":\"WebSite\",\"@id\":\"https:\\\/\\\/www.runesofmagic-infos.com\\\/fr\\\/#website\",\"url\":\"https:\\\/\\\/www.runesofmagic-infos.com\\\/fr\\\/\",\"name\":\"Runes of Magic-Infos\",\"description\":\"\",\"publisher\":{\"@id\":\"https:\\\/\\\/www.runesofmagic-infos.com\\\/fr\\\/#organization\"},\"potentialAction\":[{\"@type\":\"SearchAction\",\"target\":{\"@type\":\"EntryPoint\",\"urlTemplate\":\"https:\\\/\\\/www.runesofmagic-infos.com\\\/fr\\\/?s={search_term_string}\"},\"query-input\":{\"@type\":\"PropertyValueSpecification\",\"valueRequired\":true,\"valueName\":\"search_term_string\"}}],\"inLanguage\":\"fr-FR\"},{\"@type\":\"Organization\",\"@id\":\"https:\\\/\\\/www.runesofmagic-infos.com\\\/fr\\\/#organization\",\"name\":\"Runes of Magic-Infos\",\"url\":\"https:\\\/\\\/www.runesofmagic-infos.com\\\/fr\\\/\",\"logo\":{\"@type\":\"ImageObject\",\"inLanguage\":\"fr-FR\",\"@id\":\"https:\\\/\\\/www.runesofmagic-infos.com\\\/fr\\\/#\\\/schema\\\/logo\\\/image\\\/\",\"url\":\"https:\\\/\\\/www.runesofmagic-infos.com\\\/wp-content\\\/uploads\\\/2024\\\/01\\\/ROM-Infos-Original-Logo.png\",\"contentUrl\":\"https:\\\/\\\/www.runesofmagic-infos.com\\\/wp-content\\\/uploads\\\/2024\\\/01\\\/ROM-Infos-Original-Logo.png\",\"width\":2329,\"height\":1721,\"caption\":\"Runes of Magic-Infos\"},\"image\":{\"@id\":\"https:\\\/\\\/www.runesofmagic-infos.com\\\/fr\\\/#\\\/schema\\\/logo\\\/image\\\/\"}}]}<\/script>\n<!-- \/ Yoast SEO plugin. -->","yoast_head_json":{"title":"[Guide] \u00c9v\u00e9nements + Compagnons des \u00e9toiles + Draco - Runes of Magic-Infos","robots":{"index":"index","follow":"follow","max-snippet":"max-snippet:-1","max-image-preview":"max-image-preview:large","max-video-preview":"max-video-preview:-1"},"canonical":"https:\/\/www.runesofmagic-infos.com\/fr\/guide-evenements-compagnons-des-etoiles-draco\/","og_locale":"fr_FR","og_type":"article","og_title":"[Guide] \u00c9v\u00e9nements + Compagnons des \u00e9toiles + Draco - Runes of Magic-Infos","og_description":"Deff = d\u00e9fense, PSP = points de d\u00e9g\u00e2ts physiques, mDeff = d\u00e9fense magique, MSP = points de d\u00e9g\u00e2ts magiques Jeune \u00e9toile = 100 (cristal) + 27 = 127 \u00e9l\u00e9ments + 10 Draconaris = Jeune Draco (le jeune compagnon d&rsquo;\u00e9toile est d\u00e9truit) Adulte = 100 (cristal) + 27 + 81 = [&hellip;]","og_url":"https:\/\/www.runesofmagic-infos.com\/fr\/guide-evenements-compagnons-des-etoiles-draco\/","og_site_name":"Runes of Magic-Infos","article_modified_time":"2024-01-27T11:33:48+00:00","twitter_card":"summary_large_image","twitter_misc":{"Dur\u00e9e de lecture estim\u00e9e":"1 minute"},"schema":{"@context":"https:\/\/schema.org","@graph":[{"@type":"WebPage","@id":"https:\/\/www.runesofmagic-infos.com\/fr\/guide-evenements-compagnons-des-etoiles-draco\/","url":"https:\/\/www.runesofmagic-infos.com\/fr\/guide-evenements-compagnons-des-etoiles-draco\/","name":"[Guide] \u00c9v\u00e9nements + Compagnons des \u00e9toiles + Draco - Runes of Magic-Infos","isPartOf":{"@id":"https:\/\/www.runesofmagic-infos.com\/fr\/#website"},"datePublished":"2023-11-20T19:28:32+00:00","dateModified":"2024-01-27T11:33:48+00:00","breadcrumb":{"@id":"https:\/\/www.runesofmagic-infos.com\/fr\/guide-evenements-compagnons-des-etoiles-draco\/#breadcrumb"},"inLanguage":"fr-FR","potentialAction":[{"@type":"ReadAction","target":["https:\/\/www.runesofmagic-infos.com\/fr\/guide-evenements-compagnons-des-etoiles-draco\/"]}]},{"@type":"BreadcrumbList","@id":"https:\/\/www.runesofmagic-infos.com\/fr\/guide-evenements-compagnons-des-etoiles-draco\/#breadcrumb","itemListElement":[{"@type":"ListItem","position":1,"name":"Startseite","item":"https:\/\/www.runesofmagic-infos.com\/fr\/"},{"@type":"ListItem","position":2,"name":"[Guide] \u00c9v\u00e9nements + Compagnons des \u00e9toiles + Draco"}]},{"@type":"WebSite","@id":"https:\/\/www.runesofmagic-infos.com\/fr\/#website","url":"https:\/\/www.runesofmagic-infos.com\/fr\/","name":"Runes of Magic-Infos","description":"","publisher":{"@id":"https:\/\/www.runesofmagic-infos.com\/fr\/#organization"},"potentialAction":[{"@type":"SearchAction","target":{"@type":"EntryPoint","urlTemplate":"https:\/\/www.runesofmagic-infos.com\/fr\/?s={search_term_string}"},"query-input":{"@type":"PropertyValueSpecification","valueRequired":true,"valueName":"search_term_string"}}],"inLanguage":"fr-FR"},{"@type":"Organization","@id":"https:\/\/www.runesofmagic-infos.com\/fr\/#organization","name":"Runes of Magic-Infos","url":"https:\/\/www.runesofmagic-infos.com\/fr\/","logo":{"@type":"ImageObject","inLanguage":"fr-FR","@id":"https:\/\/www.runesofmagic-infos.com\/fr\/#\/schema\/logo\/image\/","url":"https:\/\/www.runesofmagic-infos.com\/wp-content\/uploads\/2024\/01\/ROM-Infos-Original-Logo.png","contentUrl":"https:\/\/www.runesofmagic-infos.com\/wp-content\/uploads\/2024\/01\/ROM-Infos-Original-Logo.png","width":2329,"height":1721,"caption":"Runes of Magic-Infos"},"image":{"@id":"https:\/\/www.runesofmagic-infos.com\/fr\/#\/schema\/logo\/image\/"}}]}},"_links":{"self":[{"href":"https:\/\/www.runesofmagic-infos.com\/fr\/wp-json\/wp\/v2\/pages\/2296","targetHints":{"allow":["GET"]}}],"collection":[{"href":"https:\/\/www.runesofmagic-infos.com\/fr\/wp-json\/wp\/v2\/pages"}],"about":[{"href":"https:\/\/www.runesofmagic-infos.com\/fr\/wp-json\/wp\/v2\/types\/page"}],"author":[{"embeddable":true,"href":"https:\/\/www.runesofmagic-infos.com\/fr\/wp-json\/wp\/v2\/users\/1"}],"replies":[{"embeddable":true,"href":"https:\/\/www.runesofmagic-infos.com\/fr\/wp-json\/wp\/v2\/comments?post=2296"}],"version-history":[{"count":1,"href":"https:\/\/www.runesofmagic-infos.com\/fr\/wp-json\/wp\/v2\/pages\/2296\/revisions"}],"predecessor-version":[{"id":2297,"href":"https:\/\/www.runesofmagic-infos.com\/fr\/wp-json\/wp\/v2\/pages\/2296\/revisions\/2297"}],"wp:attachment":[{"href":"https:\/\/www.runesofmagic-infos.com\/fr\/wp-json\/wp\/v2\/media?parent=2296"}],"curies":[{"name":"wp","href":"https:\/\/api.w.org\/{rel}","templated":true}]}}