{"id":2266,"date":"2023-11-20T19:34:24","date_gmt":"2023-11-20T19:34:24","guid":{"rendered":"https:\/\/www.runesofmagic-infos.com\/howto-corriger-lerreur-client-exe-introuvable\/"},"modified":"2024-08-21T15:41:32","modified_gmt":"2024-08-21T15:41:32","slug":"howto-corriger-lerreur-client-exe-introuvable","status":"publish","type":"page","link":"https:\/\/www.runesofmagic-infos.com\/fr\/howto-corriger-lerreur-client-exe-introuvable\/","title":{"rendered":"HowTo Corriger l&rsquo;erreur \u00ab\u00a0Client.exe introuvable"},"content":{"rendered":"\n<p>Voici un petit guide (pour Win 10 uniquement) qui m&rsquo;a aid\u00e9. (Il se peut que cela ne fonctionne pas pour tout le monde).<\/p>\n\n\n\n<p><strong>Toute modification est \u00e0 vos risques et p\u00e9rils.<\/strong><\/p>\n\n\n\n<p><strong>Important ! ! &#8211; Fermer d&rsquo;abord tous les programmes &#8211;<\/strong><\/p>\n\n\n\n<ol class=\"wp-block-list\">\n<li>Saisir \u00ab\u00a0Variables d&rsquo;environnement\u00a0\u00bb dans la barre de recherche en bas \u00e0 gauche et d\u00e9marrer<\/li>\n<\/ol>\n\n\n\n<figure class=\"wp-block-image size-full\"><img loading=\"lazy\" decoding=\"async\" width=\"767\" height=\"620\" src=\"https:\/\/www.runesofmagic-infos.com\/wp-content\/uploads\/2024\/08\/1.jpg\" alt=\"\" class=\"wp-image-4315\" srcset=\"https:\/\/www.runesofmagic-infos.com\/wp-content\/uploads\/2024\/08\/1.jpg 767w, https:\/\/www.runesofmagic-infos.com\/wp-content\/uploads\/2024\/08\/1-300x243.jpg 300w\" sizes=\"auto, (max-width: 767px) 100vw, 767px\" \/><\/figure>\n\n\n\n<p>2. cliquez sur Variables d&rsquo;environnement<\/p>\n\n\n\n<figure class=\"wp-block-image size-full\"><img loading=\"lazy\" decoding=\"async\" width=\"404\" height=\"461\" src=\"https:\/\/www.runesofmagic-infos.com\/wp-content\/uploads\/2024\/08\/2.jpg\" alt=\"\" class=\"wp-image-4321\" srcset=\"https:\/\/www.runesofmagic-infos.com\/wp-content\/uploads\/2024\/08\/2.jpg 404w, https:\/\/www.runesofmagic-infos.com\/wp-content\/uploads\/2024\/08\/2-263x300.jpg 263w\" sizes=\"auto, (max-width: 404px) 100vw, 404px\" \/><\/figure>\n\n\n\n<p>3. cliquez sur \u00ab\u00a0Nouveau\u00a0\u00bb dans la section inf\u00e9rieure (Variables syst\u00e8me)<\/p>\n\n\n\n<ol class=\"wp-block-list\"><\/ol>\n\n\n\n<figure class=\"wp-block-image size-full\"><img loading=\"lazy\" decoding=\"async\" width=\"609\" height=\"578\" src=\"https:\/\/www.runesofmagic-infos.com\/wp-content\/uploads\/2024\/08\/3.jpg\" alt=\"\" class=\"wp-image-4326\" srcset=\"https:\/\/www.runesofmagic-infos.com\/wp-content\/uploads\/2024\/08\/3.jpg 609w, https:\/\/www.runesofmagic-infos.com\/wp-content\/uploads\/2024\/08\/3-300x285.jpg 300w\" sizes=\"auto, (max-width: 609px) 100vw, 609px\" \/><\/figure>\n\n\n\n<p>4. attribuez d&rsquo;abord un nom, puis cliquez sur \u00ab\u00a0Parcourir le fichier\u00a0\u00bb.<\/p>\n\n\n\n<ol class=\"wp-block-list\"><\/ol>\n\n\n\n<figure class=\"wp-block-image size-full\"><img loading=\"lazy\" decoding=\"async\" width=\"644\" height=\"159\" src=\"https:\/\/www.runesofmagic-infos.com\/wp-content\/uploads\/2024\/08\/4.jpg\" alt=\"\" class=\"wp-image-4331\" srcset=\"https:\/\/www.runesofmagic-infos.com\/wp-content\/uploads\/2024\/08\/4.jpg 644w, https:\/\/www.runesofmagic-infos.com\/wp-content\/uploads\/2024\/08\/4-300x74.jpg 300w\" sizes=\"auto, (max-width: 644px) 100vw, 644px\" \/><\/figure>\n\n\n\n<p>5. naviguez dans votre r\u00e9pertoire d&rsquo;installation de RoM et cherchez le fichier \u00ab\u00a0Client.exe.ini\u00a0\u00bb ! !! Important . Il ne s&rsquo;agit pas du fichier d&rsquo;application mais du fichier de configuration !<\/p>\n\n\n\n<ol class=\"wp-block-list\"><\/ol>\n\n\n\n<figure class=\"wp-block-image size-full\"><img loading=\"lazy\" decoding=\"async\" width=\"1008\" height=\"531\" src=\"https:\/\/www.runesofmagic-infos.com\/wp-content\/uploads\/2024\/08\/5.jpg\" alt=\"\" class=\"wp-image-4336\" srcset=\"https:\/\/www.runesofmagic-infos.com\/wp-content\/uploads\/2024\/08\/5.jpg 1008w, https:\/\/www.runesofmagic-infos.com\/wp-content\/uploads\/2024\/08\/5-300x158.jpg 300w, https:\/\/www.runesofmagic-infos.com\/wp-content\/uploads\/2024\/08\/5-768x405.jpg 768w\" sizes=\"auto, (max-width: 1008px) 100vw, 1008px\" \/><\/figure>\n\n\n\n<p>6. voici \u00e0 quoi cela devrait ressembler<\/p>\n\n\n\n<ol class=\"wp-block-list\"><\/ol>\n\n\n\n<figure class=\"wp-block-image size-full\"><img loading=\"lazy\" decoding=\"async\" width=\"645\" height=\"157\" src=\"https:\/\/www.runesofmagic-infos.com\/wp-content\/uploads\/2024\/08\/6.jpg\" alt=\"\" class=\"wp-image-4341\" srcset=\"https:\/\/www.runesofmagic-infos.com\/wp-content\/uploads\/2024\/08\/6.jpg 645w, https:\/\/www.runesofmagic-infos.com\/wp-content\/uploads\/2024\/08\/6-300x73.jpg 300w\" sizes=\"auto, (max-width: 645px) 100vw, 645px\" \/><\/figure>\n\n\n\n<p>7. confirmez toutes les fen\u00eatres avec \u00ab\u00a0Ok\u00a0\u00bb, puis \u00e9teignez et red\u00e9marrez l&rsquo;ordinateur (pas de d\u00e9marrage rapide)<\/p>\n\n\n\n<ol class=\"wp-block-list\"><\/ol>\n\n\n\n<p>Maintenant, l&rsquo;erreur ne devrait plus se produire. En tout cas, cela a d\u00e9j\u00e0 aid\u00e9 plusieurs personnes.<\/p>\n","protected":false},"excerpt":{"rendered":"<p>Voici un petit guide (pour Win 10 uniquement) qui m&rsquo;a aid\u00e9. (Il se peut que cela ne fonctionne pas pour tout le monde). Toute modification est \u00e0 vos risques et p\u00e9rils. Important ! ! &#8211; Fermer d&rsquo;abord tous les programmes &#8211; 2. cliquez sur Variables d&rsquo;environnement 3. cliquez sur \u00ab\u00a0Nouveau\u00a0\u00bb [&hellip;]<\/p>\n","protected":false},"author":1,"featured_media":0,"parent":0,"menu_order":0,"comment_status":"closed","ping_status":"closed","template":"","meta":{"footnotes":""},"class_list":["post-2266","page","type-page","status-publish","hentry"],"yoast_head":"<!-- This site is optimized with the Yoast SEO plugin v27.4 - https:\/\/yoast.com\/product\/yoast-seo-wordpress\/ -->\n<title>HowTo Corriger l&#039;erreur &quot;Client.exe introuvable - Runes of Magic-Infos<\/title>\n<meta name=\"robots\" content=\"index, follow, max-snippet:-1, max-image-preview:large, max-video-preview:-1\" \/>\n<link rel=\"canonical\" href=\"https:\/\/www.runesofmagic-infos.com\/fr\/howto-corriger-lerreur-client-exe-introuvable\/\" \/>\n<meta property=\"og:locale\" content=\"fr_FR\" \/>\n<meta property=\"og:type\" content=\"article\" \/>\n<meta property=\"og:title\" content=\"HowTo Corriger l&#039;erreur &quot;Client.exe introuvable - Runes of Magic-Infos\" \/>\n<meta property=\"og:description\" content=\"Voici un petit guide (pour Win 10 uniquement) qui m&rsquo;a aid\u00e9. (Il se peut que cela ne fonctionne pas pour tout le monde). Toute modification est \u00e0 vos risques et p\u00e9rils. Important ! ! &#8211; Fermer d&rsquo;abord tous les programmes &#8211; 2. cliquez sur Variables d&rsquo;environnement 3. cliquez sur \u00ab\u00a0Nouveau\u00a0\u00bb [&hellip;]\" \/>\n<meta property=\"og:url\" content=\"https:\/\/www.runesofmagic-infos.com\/fr\/howto-corriger-lerreur-client-exe-introuvable\/\" \/>\n<meta property=\"og:site_name\" content=\"Runes of Magic-Infos\" \/>\n<meta property=\"article:modified_time\" content=\"2024-08-21T15:41:32+00:00\" \/>\n<meta property=\"og:image\" content=\"https:\/\/www.runesofmagic-infos.com\/wp-content\/uploads\/2024\/08\/1.jpg\" \/>\n<meta name=\"twitter:card\" content=\"summary_large_image\" \/>\n<meta name=\"twitter:label1\" content=\"Dur\u00e9e de lecture estim\u00e9e\" \/>\n\t<meta name=\"twitter:data1\" content=\"1 minute\" \/>\n<script type=\"application\/ld+json\" class=\"yoast-schema-graph\">{\"@context\":\"https:\\\/\\\/schema.org\",\"@graph\":[{\"@type\":\"WebPage\",\"@id\":\"https:\\\/\\\/www.runesofmagic-infos.com\\\/fr\\\/howto-corriger-lerreur-client-exe-introuvable\\\/\",\"url\":\"https:\\\/\\\/www.runesofmagic-infos.com\\\/fr\\\/howto-corriger-lerreur-client-exe-introuvable\\\/\",\"name\":\"HowTo Corriger l'erreur \\\"Client.exe introuvable - Runes of Magic-Infos\",\"isPartOf\":{\"@id\":\"https:\\\/\\\/www.runesofmagic-infos.com\\\/fr\\\/#website\"},\"primaryImageOfPage\":{\"@id\":\"https:\\\/\\\/www.runesofmagic-infos.com\\\/fr\\\/howto-corriger-lerreur-client-exe-introuvable\\\/#primaryimage\"},\"image\":{\"@id\":\"https:\\\/\\\/www.runesofmagic-infos.com\\\/fr\\\/howto-corriger-lerreur-client-exe-introuvable\\\/#primaryimage\"},\"thumbnailUrl\":\"https:\\\/\\\/www.runesofmagic-infos.com\\\/wp-content\\\/uploads\\\/2024\\\/08\\\/1.jpg\",\"datePublished\":\"2023-11-20T19:34:24+00:00\",\"dateModified\":\"2024-08-21T15:41:32+00:00\",\"breadcrumb\":{\"@id\":\"https:\\\/\\\/www.runesofmagic-infos.com\\\/fr\\\/howto-corriger-lerreur-client-exe-introuvable\\\/#breadcrumb\"},\"inLanguage\":\"fr-FR\",\"potentialAction\":[{\"@type\":\"ReadAction\",\"target\":[\"https:\\\/\\\/www.runesofmagic-infos.com\\\/fr\\\/howto-corriger-lerreur-client-exe-introuvable\\\/\"]}]},{\"@type\":\"ImageObject\",\"inLanguage\":\"fr-FR\",\"@id\":\"https:\\\/\\\/www.runesofmagic-infos.com\\\/fr\\\/howto-corriger-lerreur-client-exe-introuvable\\\/#primaryimage\",\"url\":\"https:\\\/\\\/www.runesofmagic-infos.com\\\/wp-content\\\/uploads\\\/2024\\\/08\\\/1.jpg\",\"contentUrl\":\"https:\\\/\\\/www.runesofmagic-infos.com\\\/wp-content\\\/uploads\\\/2024\\\/08\\\/1.jpg\"},{\"@type\":\"BreadcrumbList\",\"@id\":\"https:\\\/\\\/www.runesofmagic-infos.com\\\/fr\\\/howto-corriger-lerreur-client-exe-introuvable\\\/#breadcrumb\",\"itemListElement\":[{\"@type\":\"ListItem\",\"position\":1,\"name\":\"Startseite\",\"item\":\"https:\\\/\\\/www.runesofmagic-infos.com\\\/fr\\\/\"},{\"@type\":\"ListItem\",\"position\":2,\"name\":\"HowTo Corriger l&#8217;erreur &#8220;Client.exe introuvable\"}]},{\"@type\":\"WebSite\",\"@id\":\"https:\\\/\\\/www.runesofmagic-infos.com\\\/fr\\\/#website\",\"url\":\"https:\\\/\\\/www.runesofmagic-infos.com\\\/fr\\\/\",\"name\":\"Runes of Magic-Infos\",\"description\":\"\",\"publisher\":{\"@id\":\"https:\\\/\\\/www.runesofmagic-infos.com\\\/fr\\\/#organization\"},\"potentialAction\":[{\"@type\":\"SearchAction\",\"target\":{\"@type\":\"EntryPoint\",\"urlTemplate\":\"https:\\\/\\\/www.runesofmagic-infos.com\\\/fr\\\/?s={search_term_string}\"},\"query-input\":{\"@type\":\"PropertyValueSpecification\",\"valueRequired\":true,\"valueName\":\"search_term_string\"}}],\"inLanguage\":\"fr-FR\"},{\"@type\":\"Organization\",\"@id\":\"https:\\\/\\\/www.runesofmagic-infos.com\\\/fr\\\/#organization\",\"name\":\"Runes of Magic-Infos\",\"url\":\"https:\\\/\\\/www.runesofmagic-infos.com\\\/fr\\\/\",\"logo\":{\"@type\":\"ImageObject\",\"inLanguage\":\"fr-FR\",\"@id\":\"https:\\\/\\\/www.runesofmagic-infos.com\\\/fr\\\/#\\\/schema\\\/logo\\\/image\\\/\",\"url\":\"https:\\\/\\\/www.runesofmagic-infos.com\\\/wp-content\\\/uploads\\\/2024\\\/01\\\/ROM-Infos-Original-Logo.png\",\"contentUrl\":\"https:\\\/\\\/www.runesofmagic-infos.com\\\/wp-content\\\/uploads\\\/2024\\\/01\\\/ROM-Infos-Original-Logo.png\",\"width\":2329,\"height\":1721,\"caption\":\"Runes of Magic-Infos\"},\"image\":{\"@id\":\"https:\\\/\\\/www.runesofmagic-infos.com\\\/fr\\\/#\\\/schema\\\/logo\\\/image\\\/\"}}]}<\/script>\n<!-- \/ Yoast SEO plugin. -->","yoast_head_json":{"title":"HowTo Corriger l'erreur \"Client.exe introuvable - Runes of Magic-Infos","robots":{"index":"index","follow":"follow","max-snippet":"max-snippet:-1","max-image-preview":"max-image-preview:large","max-video-preview":"max-video-preview:-1"},"canonical":"https:\/\/www.runesofmagic-infos.com\/fr\/howto-corriger-lerreur-client-exe-introuvable\/","og_locale":"fr_FR","og_type":"article","og_title":"HowTo Corriger l'erreur \"Client.exe introuvable - Runes of Magic-Infos","og_description":"Voici un petit guide (pour Win 10 uniquement) qui m&rsquo;a aid\u00e9. (Il se peut que cela ne fonctionne pas pour tout le monde). Toute modification est \u00e0 vos risques et p\u00e9rils. Important ! ! &#8211; Fermer d&rsquo;abord tous les programmes &#8211; 2. cliquez sur Variables d&rsquo;environnement 3. cliquez sur \u00ab\u00a0Nouveau\u00a0\u00bb [&hellip;]","og_url":"https:\/\/www.runesofmagic-infos.com\/fr\/howto-corriger-lerreur-client-exe-introuvable\/","og_site_name":"Runes of Magic-Infos","article_modified_time":"2024-08-21T15:41:32+00:00","og_image":[{"url":"https:\/\/www.runesofmagic-infos.com\/wp-content\/uploads\/2024\/08\/1.jpg","type":"","width":"","height":""}],"twitter_card":"summary_large_image","twitter_misc":{"Dur\u00e9e de lecture estim\u00e9e":"1 minute"},"schema":{"@context":"https:\/\/schema.org","@graph":[{"@type":"WebPage","@id":"https:\/\/www.runesofmagic-infos.com\/fr\/howto-corriger-lerreur-client-exe-introuvable\/","url":"https:\/\/www.runesofmagic-infos.com\/fr\/howto-corriger-lerreur-client-exe-introuvable\/","name":"HowTo Corriger l'erreur \"Client.exe introuvable - Runes of Magic-Infos","isPartOf":{"@id":"https:\/\/www.runesofmagic-infos.com\/fr\/#website"},"primaryImageOfPage":{"@id":"https:\/\/www.runesofmagic-infos.com\/fr\/howto-corriger-lerreur-client-exe-introuvable\/#primaryimage"},"image":{"@id":"https:\/\/www.runesofmagic-infos.com\/fr\/howto-corriger-lerreur-client-exe-introuvable\/#primaryimage"},"thumbnailUrl":"https:\/\/www.runesofmagic-infos.com\/wp-content\/uploads\/2024\/08\/1.jpg","datePublished":"2023-11-20T19:34:24+00:00","dateModified":"2024-08-21T15:41:32+00:00","breadcrumb":{"@id":"https:\/\/www.runesofmagic-infos.com\/fr\/howto-corriger-lerreur-client-exe-introuvable\/#breadcrumb"},"inLanguage":"fr-FR","potentialAction":[{"@type":"ReadAction","target":["https:\/\/www.runesofmagic-infos.com\/fr\/howto-corriger-lerreur-client-exe-introuvable\/"]}]},{"@type":"ImageObject","inLanguage":"fr-FR","@id":"https:\/\/www.runesofmagic-infos.com\/fr\/howto-corriger-lerreur-client-exe-introuvable\/#primaryimage","url":"https:\/\/www.runesofmagic-infos.com\/wp-content\/uploads\/2024\/08\/1.jpg","contentUrl":"https:\/\/www.runesofmagic-infos.com\/wp-content\/uploads\/2024\/08\/1.jpg"},{"@type":"BreadcrumbList","@id":"https:\/\/www.runesofmagic-infos.com\/fr\/howto-corriger-lerreur-client-exe-introuvable\/#breadcrumb","itemListElement":[{"@type":"ListItem","position":1,"name":"Startseite","item":"https:\/\/www.runesofmagic-infos.com\/fr\/"},{"@type":"ListItem","position":2,"name":"HowTo Corriger l&#8217;erreur &#8220;Client.exe introuvable"}]},{"@type":"WebSite","@id":"https:\/\/www.runesofmagic-infos.com\/fr\/#website","url":"https:\/\/www.runesofmagic-infos.com\/fr\/","name":"Runes of Magic-Infos","description":"","publisher":{"@id":"https:\/\/www.runesofmagic-infos.com\/fr\/#organization"},"potentialAction":[{"@type":"SearchAction","target":{"@type":"EntryPoint","urlTemplate":"https:\/\/www.runesofmagic-infos.com\/fr\/?s={search_term_string}"},"query-input":{"@type":"PropertyValueSpecification","valueRequired":true,"valueName":"search_term_string"}}],"inLanguage":"fr-FR"},{"@type":"Organization","@id":"https:\/\/www.runesofmagic-infos.com\/fr\/#organization","name":"Runes of Magic-Infos","url":"https:\/\/www.runesofmagic-infos.com\/fr\/","logo":{"@type":"ImageObject","inLanguage":"fr-FR","@id":"https:\/\/www.runesofmagic-infos.com\/fr\/#\/schema\/logo\/image\/","url":"https:\/\/www.runesofmagic-infos.com\/wp-content\/uploads\/2024\/01\/ROM-Infos-Original-Logo.png","contentUrl":"https:\/\/www.runesofmagic-infos.com\/wp-content\/uploads\/2024\/01\/ROM-Infos-Original-Logo.png","width":2329,"height":1721,"caption":"Runes of Magic-Infos"},"image":{"@id":"https:\/\/www.runesofmagic-infos.com\/fr\/#\/schema\/logo\/image\/"}}]}},"_links":{"self":[{"href":"https:\/\/www.runesofmagic-infos.com\/fr\/wp-json\/wp\/v2\/pages\/2266","targetHints":{"allow":["GET"]}}],"collection":[{"href":"https:\/\/www.runesofmagic-infos.com\/fr\/wp-json\/wp\/v2\/pages"}],"about":[{"href":"https:\/\/www.runesofmagic-infos.com\/fr\/wp-json\/wp\/v2\/types\/page"}],"author":[{"embeddable":true,"href":"https:\/\/www.runesofmagic-infos.com\/fr\/wp-json\/wp\/v2\/users\/1"}],"replies":[{"embeddable":true,"href":"https:\/\/www.runesofmagic-infos.com\/fr\/wp-json\/wp\/v2\/comments?post=2266"}],"version-history":[{"count":2,"href":"https:\/\/www.runesofmagic-infos.com\/fr\/wp-json\/wp\/v2\/pages\/2266\/revisions"}],"predecessor-version":[{"id":4361,"href":"https:\/\/www.runesofmagic-infos.com\/fr\/wp-json\/wp\/v2\/pages\/2266\/revisions\/4361"}],"wp:attachment":[{"href":"https:\/\/www.runesofmagic-infos.com\/fr\/wp-json\/wp\/v2\/media?parent=2266"}],"curies":[{"name":"wp","href":"https:\/\/api.w.org\/{rel}","templated":true}]}}