{"id":2258,"date":"2023-11-20T19:35:51","date_gmt":"2023-11-20T19:35:51","guid":{"rendered":"https:\/\/www.runesofmagic-infos.com\/copie-de-sauvegarde-des-donnees-rom-les-plus-importantes-pas-si-important-depuis-le-client-gf\/"},"modified":"2024-01-27T11:30:23","modified_gmt":"2024-01-27T11:30:23","slug":"copie-de-sauvegarde-des-donnees-rom-les-plus-importantes-pas-si-important-depuis-le-client-gf","status":"publish","type":"page","link":"https:\/\/www.runesofmagic-infos.com\/fr\/copie-de-sauvegarde-des-donnees-rom-les-plus-importantes-pas-si-important-depuis-le-client-gf\/","title":{"rendered":"Copie de sauvegarde des donn\u00e9es RoM les plus importantes (pas si important depuis le client GF)"},"content":{"rendered":"\n<p>Copie de sauvegarde des donn\u00e9es RoM les plus importantes<\/p>\n\n<p>Pour avoir une sauvegarde des donn\u00e9es les plus importantes, on proc\u00e8de comme suit.<\/p>\n\n<p><strong>1. AddOn :<\/strong><\/p>\n\n<p>Copier compl\u00e8tement le dossier AddOn.<\/p>\n\n<p>A trouver sous,<\/p>\n\n<p><strong>R\u00e9pertoire d&rsquo;installation Exemple c:\/Runes of Magic\/Interface<\/strong><\/p>\n\n<p><strong>2. \u00e0 partir du dossier principal<\/strong><\/p>\n\n<p>Copier les 3 fichiers <strong>LogList, client.config<\/strong> et <strong>RuneDev <\/strong>.<\/p>\n\n<p>A trouver sous,<\/p>\n\n<p><strong>c:R\u00e9pertoire d&rsquo;installation\/Runes of Magic<\/strong><\/p>\n\n<p>les 3 fichiers devraient \u00eatre ceux avec la date la plus r\u00e9cente.<\/p>\n\n<p><strong>3. vos personnages (le plus important \u00e0 mes yeux)<\/strong><\/p>\n\n<p>Copiez tous les personnages du dossier des joueurs o\u00f9 ils sont enregistr\u00e9s.<\/p>\n\n<p>A trouver sous,<\/p>\n\n<p><strong>c : Documents\/Runes of Magic<\/strong><\/p>\n\n<p>Il se peut que ce dossier ne soit pas visible. Dans ce cas, tu dois d\u00e9sactiver les fichiers cach\u00e9s.<\/p>\n\n<p>C&rsquo;est tr\u00e8s facile<\/p>\n\n<h4 class=\"wp-block-heading\">Windows 10<\/h4>\n\n<ol class=\"wp-block-list\">\n<li>Dans le champ de recherche de la barre des t\u00e2ches, entrer <strong>Dossier<\/strong> et s\u00e9lectionner <strong>Afficher les fichiers et dossiers cach\u00e9s<\/strong>.<\/li>\n\n\n\n<li><strong>Sous Param\u00e8tres avanc\u00e9s<\/strong>, <strong>afficher les fichiers, dossiers et lecteurs cach\u00e9s<\/strong>, puis confirmer.<\/li>\n<\/ol>\n\n<h4 class=\"wp-block-heading\">Windows 7<\/h4>\n\n<ol class=\"wp-block-list\">\n<li>S\u00e9lectionnez le bouton \u00ab\u00a0D\u00e9marrer\u00a0\u00bb, puis <strong>Panneau de configuration &gt; Apparence et personnalisation<\/strong>.<\/li>\n\n\n\n<li>S\u00e9lectionnez <strong>Options des dossiers<\/strong>, puis l&rsquo;onglet <strong>Affichage <\/strong>.<\/li>\n\n\n\n<li>Sous<strong> Param\u00e8tres avanc\u00e9s<\/strong>, s\u00e9lectionnez <strong>Afficher les fichiers, dossiers et lecteurs cach\u00e9s<\/strong>, puis confirmez.<\/li>\n<\/ol>\n\n<p>Il est \u00e9galement utile de copier l&rsquo;ensemble du dossier RoM avant d&rsquo;appliquer un patch, au cas o\u00f9 quelque chose se passerait mal.<\/p>\n","protected":false},"excerpt":{"rendered":"<p>Copie de sauvegarde des donn\u00e9es RoM les plus importantes Pour avoir une sauvegarde des donn\u00e9es les plus importantes, on proc\u00e8de comme suit. 1. AddOn : Copier compl\u00e8tement le dossier AddOn. A trouver sous, R\u00e9pertoire d&rsquo;installation Exemple c:\/Runes of Magic\/Interface 2. \u00e0 partir du dossier principal Copier les 3 fichiers LogList, [&hellip;]<\/p>\n","protected":false},"author":1,"featured_media":0,"parent":0,"menu_order":0,"comment_status":"closed","ping_status":"closed","template":"","meta":{"footnotes":""},"class_list":["post-2258","page","type-page","status-publish","hentry"],"yoast_head":"<!-- This site is optimized with the Yoast SEO plugin v27.4 - https:\/\/yoast.com\/product\/yoast-seo-wordpress\/ -->\n<title>Copie de sauvegarde des donn\u00e9es RoM les plus importantes (pas si important depuis le client GF) - Runes of Magic-Infos<\/title>\n<meta name=\"robots\" content=\"index, follow, max-snippet:-1, max-image-preview:large, max-video-preview:-1\" \/>\n<link rel=\"canonical\" href=\"https:\/\/www.runesofmagic-infos.com\/fr\/copie-de-sauvegarde-des-donnees-rom-les-plus-importantes-pas-si-important-depuis-le-client-gf\/\" \/>\n<meta property=\"og:locale\" content=\"fr_FR\" \/>\n<meta property=\"og:type\" content=\"article\" \/>\n<meta property=\"og:title\" content=\"Copie de sauvegarde des donn\u00e9es RoM les plus importantes (pas si important depuis le client GF) - Runes of Magic-Infos\" \/>\n<meta property=\"og:description\" content=\"Copie de sauvegarde des donn\u00e9es RoM les plus importantes Pour avoir une sauvegarde des donn\u00e9es les plus importantes, on proc\u00e8de comme suit. 1. AddOn : Copier compl\u00e8tement le dossier AddOn. A trouver sous, R\u00e9pertoire d&rsquo;installation Exemple c:\/Runes of Magic\/Interface 2. \u00e0 partir du dossier principal Copier les 3 fichiers LogList, [&hellip;]\" \/>\n<meta property=\"og:url\" content=\"https:\/\/www.runesofmagic-infos.com\/fr\/copie-de-sauvegarde-des-donnees-rom-les-plus-importantes-pas-si-important-depuis-le-client-gf\/\" \/>\n<meta property=\"og:site_name\" content=\"Runes of Magic-Infos\" \/>\n<meta property=\"article:modified_time\" content=\"2024-01-27T11:30:23+00:00\" \/>\n<meta name=\"twitter:card\" content=\"summary_large_image\" \/>\n<meta name=\"twitter:label1\" content=\"Dur\u00e9e de lecture estim\u00e9e\" \/>\n\t<meta name=\"twitter:data1\" content=\"1 minute\" \/>\n<script type=\"application\/ld+json\" class=\"yoast-schema-graph\">{\"@context\":\"https:\\\/\\\/schema.org\",\"@graph\":[{\"@type\":\"WebPage\",\"@id\":\"https:\\\/\\\/www.runesofmagic-infos.com\\\/fr\\\/copie-de-sauvegarde-des-donnees-rom-les-plus-importantes-pas-si-important-depuis-le-client-gf\\\/\",\"url\":\"https:\\\/\\\/www.runesofmagic-infos.com\\\/fr\\\/copie-de-sauvegarde-des-donnees-rom-les-plus-importantes-pas-si-important-depuis-le-client-gf\\\/\",\"name\":\"Copie de sauvegarde des donn\u00e9es RoM les plus importantes (pas si important depuis le client GF) - Runes of Magic-Infos\",\"isPartOf\":{\"@id\":\"https:\\\/\\\/www.runesofmagic-infos.com\\\/fr\\\/#website\"},\"datePublished\":\"2023-11-20T19:35:51+00:00\",\"dateModified\":\"2024-01-27T11:30:23+00:00\",\"breadcrumb\":{\"@id\":\"https:\\\/\\\/www.runesofmagic-infos.com\\\/fr\\\/copie-de-sauvegarde-des-donnees-rom-les-plus-importantes-pas-si-important-depuis-le-client-gf\\\/#breadcrumb\"},\"inLanguage\":\"fr-FR\",\"potentialAction\":[{\"@type\":\"ReadAction\",\"target\":[\"https:\\\/\\\/www.runesofmagic-infos.com\\\/fr\\\/copie-de-sauvegarde-des-donnees-rom-les-plus-importantes-pas-si-important-depuis-le-client-gf\\\/\"]}]},{\"@type\":\"BreadcrumbList\",\"@id\":\"https:\\\/\\\/www.runesofmagic-infos.com\\\/fr\\\/copie-de-sauvegarde-des-donnees-rom-les-plus-importantes-pas-si-important-depuis-le-client-gf\\\/#breadcrumb\",\"itemListElement\":[{\"@type\":\"ListItem\",\"position\":1,\"name\":\"Startseite\",\"item\":\"https:\\\/\\\/www.runesofmagic-infos.com\\\/fr\\\/\"},{\"@type\":\"ListItem\",\"position\":2,\"name\":\"Copie de sauvegarde des donn\u00e9es RoM les plus importantes (pas si important depuis le client GF)\"}]},{\"@type\":\"WebSite\",\"@id\":\"https:\\\/\\\/www.runesofmagic-infos.com\\\/fr\\\/#website\",\"url\":\"https:\\\/\\\/www.runesofmagic-infos.com\\\/fr\\\/\",\"name\":\"Runes of Magic-Infos\",\"description\":\"\",\"publisher\":{\"@id\":\"https:\\\/\\\/www.runesofmagic-infos.com\\\/fr\\\/#organization\"},\"potentialAction\":[{\"@type\":\"SearchAction\",\"target\":{\"@type\":\"EntryPoint\",\"urlTemplate\":\"https:\\\/\\\/www.runesofmagic-infos.com\\\/fr\\\/?s={search_term_string}\"},\"query-input\":{\"@type\":\"PropertyValueSpecification\",\"valueRequired\":true,\"valueName\":\"search_term_string\"}}],\"inLanguage\":\"fr-FR\"},{\"@type\":\"Organization\",\"@id\":\"https:\\\/\\\/www.runesofmagic-infos.com\\\/fr\\\/#organization\",\"name\":\"Runes of Magic-Infos\",\"url\":\"https:\\\/\\\/www.runesofmagic-infos.com\\\/fr\\\/\",\"logo\":{\"@type\":\"ImageObject\",\"inLanguage\":\"fr-FR\",\"@id\":\"https:\\\/\\\/www.runesofmagic-infos.com\\\/fr\\\/#\\\/schema\\\/logo\\\/image\\\/\",\"url\":\"https:\\\/\\\/www.runesofmagic-infos.com\\\/wp-content\\\/uploads\\\/2024\\\/01\\\/ROM-Infos-Original-Logo.png\",\"contentUrl\":\"https:\\\/\\\/www.runesofmagic-infos.com\\\/wp-content\\\/uploads\\\/2024\\\/01\\\/ROM-Infos-Original-Logo.png\",\"width\":2329,\"height\":1721,\"caption\":\"Runes of Magic-Infos\"},\"image\":{\"@id\":\"https:\\\/\\\/www.runesofmagic-infos.com\\\/fr\\\/#\\\/schema\\\/logo\\\/image\\\/\"}}]}<\/script>\n<!-- \/ Yoast SEO plugin. -->","yoast_head_json":{"title":"Copie de sauvegarde des donn\u00e9es RoM les plus importantes (pas si important depuis le client GF) - Runes of Magic-Infos","robots":{"index":"index","follow":"follow","max-snippet":"max-snippet:-1","max-image-preview":"max-image-preview:large","max-video-preview":"max-video-preview:-1"},"canonical":"https:\/\/www.runesofmagic-infos.com\/fr\/copie-de-sauvegarde-des-donnees-rom-les-plus-importantes-pas-si-important-depuis-le-client-gf\/","og_locale":"fr_FR","og_type":"article","og_title":"Copie de sauvegarde des donn\u00e9es RoM les plus importantes (pas si important depuis le client GF) - Runes of Magic-Infos","og_description":"Copie de sauvegarde des donn\u00e9es RoM les plus importantes Pour avoir une sauvegarde des donn\u00e9es les plus importantes, on proc\u00e8de comme suit. 1. AddOn : Copier compl\u00e8tement le dossier AddOn. A trouver sous, R\u00e9pertoire d&rsquo;installation Exemple c:\/Runes of Magic\/Interface 2. \u00e0 partir du dossier principal Copier les 3 fichiers LogList, [&hellip;]","og_url":"https:\/\/www.runesofmagic-infos.com\/fr\/copie-de-sauvegarde-des-donnees-rom-les-plus-importantes-pas-si-important-depuis-le-client-gf\/","og_site_name":"Runes of Magic-Infos","article_modified_time":"2024-01-27T11:30:23+00:00","twitter_card":"summary_large_image","twitter_misc":{"Dur\u00e9e de lecture estim\u00e9e":"1 minute"},"schema":{"@context":"https:\/\/schema.org","@graph":[{"@type":"WebPage","@id":"https:\/\/www.runesofmagic-infos.com\/fr\/copie-de-sauvegarde-des-donnees-rom-les-plus-importantes-pas-si-important-depuis-le-client-gf\/","url":"https:\/\/www.runesofmagic-infos.com\/fr\/copie-de-sauvegarde-des-donnees-rom-les-plus-importantes-pas-si-important-depuis-le-client-gf\/","name":"Copie de sauvegarde des donn\u00e9es RoM les plus importantes (pas si important depuis le client GF) - Runes of Magic-Infos","isPartOf":{"@id":"https:\/\/www.runesofmagic-infos.com\/fr\/#website"},"datePublished":"2023-11-20T19:35:51+00:00","dateModified":"2024-01-27T11:30:23+00:00","breadcrumb":{"@id":"https:\/\/www.runesofmagic-infos.com\/fr\/copie-de-sauvegarde-des-donnees-rom-les-plus-importantes-pas-si-important-depuis-le-client-gf\/#breadcrumb"},"inLanguage":"fr-FR","potentialAction":[{"@type":"ReadAction","target":["https:\/\/www.runesofmagic-infos.com\/fr\/copie-de-sauvegarde-des-donnees-rom-les-plus-importantes-pas-si-important-depuis-le-client-gf\/"]}]},{"@type":"BreadcrumbList","@id":"https:\/\/www.runesofmagic-infos.com\/fr\/copie-de-sauvegarde-des-donnees-rom-les-plus-importantes-pas-si-important-depuis-le-client-gf\/#breadcrumb","itemListElement":[{"@type":"ListItem","position":1,"name":"Startseite","item":"https:\/\/www.runesofmagic-infos.com\/fr\/"},{"@type":"ListItem","position":2,"name":"Copie de sauvegarde des donn\u00e9es RoM les plus importantes (pas si important depuis le client GF)"}]},{"@type":"WebSite","@id":"https:\/\/www.runesofmagic-infos.com\/fr\/#website","url":"https:\/\/www.runesofmagic-infos.com\/fr\/","name":"Runes of Magic-Infos","description":"","publisher":{"@id":"https:\/\/www.runesofmagic-infos.com\/fr\/#organization"},"potentialAction":[{"@type":"SearchAction","target":{"@type":"EntryPoint","urlTemplate":"https:\/\/www.runesofmagic-infos.com\/fr\/?s={search_term_string}"},"query-input":{"@type":"PropertyValueSpecification","valueRequired":true,"valueName":"search_term_string"}}],"inLanguage":"fr-FR"},{"@type":"Organization","@id":"https:\/\/www.runesofmagic-infos.com\/fr\/#organization","name":"Runes of Magic-Infos","url":"https:\/\/www.runesofmagic-infos.com\/fr\/","logo":{"@type":"ImageObject","inLanguage":"fr-FR","@id":"https:\/\/www.runesofmagic-infos.com\/fr\/#\/schema\/logo\/image\/","url":"https:\/\/www.runesofmagic-infos.com\/wp-content\/uploads\/2024\/01\/ROM-Infos-Original-Logo.png","contentUrl":"https:\/\/www.runesofmagic-infos.com\/wp-content\/uploads\/2024\/01\/ROM-Infos-Original-Logo.png","width":2329,"height":1721,"caption":"Runes of Magic-Infos"},"image":{"@id":"https:\/\/www.runesofmagic-infos.com\/fr\/#\/schema\/logo\/image\/"}}]}},"_links":{"self":[{"href":"https:\/\/www.runesofmagic-infos.com\/fr\/wp-json\/wp\/v2\/pages\/2258","targetHints":{"allow":["GET"]}}],"collection":[{"href":"https:\/\/www.runesofmagic-infos.com\/fr\/wp-json\/wp\/v2\/pages"}],"about":[{"href":"https:\/\/www.runesofmagic-infos.com\/fr\/wp-json\/wp\/v2\/types\/page"}],"author":[{"embeddable":true,"href":"https:\/\/www.runesofmagic-infos.com\/fr\/wp-json\/wp\/v2\/users\/1"}],"replies":[{"embeddable":true,"href":"https:\/\/www.runesofmagic-infos.com\/fr\/wp-json\/wp\/v2\/comments?post=2258"}],"version-history":[{"count":1,"href":"https:\/\/www.runesofmagic-infos.com\/fr\/wp-json\/wp\/v2\/pages\/2258\/revisions"}],"predecessor-version":[{"id":2259,"href":"https:\/\/www.runesofmagic-infos.com\/fr\/wp-json\/wp\/v2\/pages\/2258\/revisions\/2259"}],"wp:attachment":[{"href":"https:\/\/www.runesofmagic-infos.com\/fr\/wp-json\/wp\/v2\/media?parent=2258"}],"curies":[{"name":"wp","href":"https:\/\/api.w.org\/{rel}","templated":true}]}}