{"id":5987,"date":"2026-04-15T15:43:55","date_gmt":"2026-04-15T15:43:55","guid":{"rendered":"https:\/\/www.runesofmagic-infos.com\/guia-apoyo-al-brujo\/"},"modified":"2026-04-15T15:43:55","modified_gmt":"2026-04-15T15:43:55","slug":"guia-apoyo-al-brujo","status":"publish","type":"page","link":"https:\/\/www.runesofmagic-infos.com\/es\/guia-apoyo-al-brujo\/","title":{"rendered":"Gu\u00eda: Apoyo al Brujo"},"content":{"rendered":"\n<h2 class=\"wp-block-heading\">Gu\u00eda del Brujo\/Mago:<\/h2>\n\n\n\n<h1 class=\"wp-block-heading\">&#8211; Informaci\u00f3n general<\/h1>\n\n\n\n<p>El hechicero\/mago es probablemente la clase de apoyo m\u00e1s poderosa de todo Runes of Magic. Con sus potenciadores de grupo y sus debuffs de jefe, contribuye significativamente al da\u00f1o en los jefes sin hacer realmente mucho da\u00f1o por s\u00ed mismo. \u00c9se no deber\u00eda ser nunca el objetivo.  <\/p>\n\n\n\n<p>Adem\u00e1s de soportar el da\u00f1o, el combo tambi\u00e9n es muy bueno defendiendo al grupo. Con un revivir de batalla y varios escudos, se puede interceptar mucho. <\/p>\n\n\n\n<h1 class=\"wp-block-heading\">&#8211; Instalaci\u00f3n y equipamiento<\/h1>\n\n\n\n<p>Una gran ventaja del Hechicero\/Mago, sobre todo para los nuevos jugadores o los que vuelven al juego, es la absoluta falta de exigencia de su equipo. Los viejos objetos de curandero, por ejemplo, son muy adecuados. Te permiten alcanzar r\u00e1pidamente los PS que necesitas para el contenido final del juego. S\u00f3lo el da\u00f1o de arma es relevante de vez en cuando, porque 2 escudos se basan directamente en \u00e9l. Pero incluso aqu\u00ed, las viejas armas dd son absolutamente suficientes.    <\/p>\n\n\n\n<p>Tambi\u00e9n recomendar\u00eda jugar la clase como apoyo principal con 1h de b\u00e1culo y talism\u00e1n para poder llevar 2 runas de maldici\u00f3n. Esto hace que disparar la rotaci\u00f3n de apoyo sea un poco m\u00e1s r\u00e1pido. <\/p>\n\n\n\n<p>Aunque pronto se vuelva irrelevante: Puedes jugar el hexer desde el nivel m\u00e1ximo 15 o 16 en pasper si tienes suficiente % de precisi\u00f3n. As\u00ed, en casos extremos, con 2 conjuntos Helveta\/Lakishna (Mago y sanador) 1h de b\u00e1culo y talism\u00e1n, m\u00e1s el buff de precisi\u00f3n de Dudu, puedes conseguir un buen 56%. Entonces no fallar\u00e1s nada incluso con un nivel de pico demasiado bajo.  <\/p>\n\n\n\n<p>Sin embargo, tambi\u00e9n debes alcanzar el 30% de precisi\u00f3n en el nivel m\u00e1ximo 20 para no tener resistencia contra el jefe. Pero eso ya se consigue con un conjunto Helveta\/Lakishna, una runa de precisi\u00f3n y el buff Dudu-Pr\u00e4zi. <\/p>\n\n\n\n<h1 class=\"wp-block-heading\">&#8211; Setskills<\/h1>\n\n\n\n<p>El poder espiritual de la reina hormiga (Kulech)<\/p>\n\n\n\n<p>Huellas del vac\u00edo (hojas de hielo)<\/p>\n\n\n\n<p>Escudo protector del Otro Mundo ( Gruta del Horror)<\/p>\n\n\n\n<p>Protecci\u00f3n contra los esp\u00edritus de los muertos (espiga \u00f3sea)<\/p>\n\n\n\n<p>Curso de agon\u00eda del alma (cripta de la eternidad)<\/p>\n\n\n\n<p>El Poder Espiritual de la Reina Hormiga puede sustituirse por Aura Oscura (50 setkill que compras en Dalanis) si no puedes cultivar Kulech.<\/p>\n\n\n\n<p>Todas las dem\u00e1s habilidades del conjunto son simplemente agradables de tener y no absolutamente necesarias para jugar con \u00e9xito con la clase.<\/p>\n\n\n\n<h1 class=\"wp-block-heading\">&#8211; Rotaci\u00f3n<\/h1>\n\n\n\n<p>Esta ser\u00e1 la primera gu\u00eda en la que no pondr\u00e9 la rotaci\u00f3n completa en un Motor de Combate. Simplemente porque no es f\u00e1cil de reproducir. Sin embargo, la rotaci\u00f3n es muy jugable a mano y s\u00f3lo necesita un poco de pr\u00e1ctica para que salga bien.  <\/p>\n\n\n\n<p>Adem\u00e1s, la transici\u00f3n entre la rotaci\u00f3n de buff y la de apoyo es bastante fluida. De todos modos, cuando termina la rotaci\u00f3n de buff, ya est\u00e1 en marcha la rotaci\u00f3n de apoyo. <\/p>\n\n\n\n<p>Adem\u00e1s, dividir\u00e9 la rotaci\u00f3n en 2 secciones.<\/p>\n\n\n\n<p>Apoyo al jefe y rotaci\u00f3n de la PSI.<\/p>\n\n\n\n<p><strong>Apoyo al Jefe:<\/strong><\/p>\n\n\n\n<p>Carga trenzada<\/p>\n\n\n\n<p>Hechizo de agrietamiento de Saces (si el PSI est\u00e1 presente en la construcci\u00f3n)<\/p>\n\n\n\n<p>3x Tormento del alma o privaci\u00f3n perceptiva<\/p>\n\n\n\n<p>Golpe que recoge el coraz\u00f3n<\/p>\n\n\n\n<p>Silenciosamente coordinado con el tanque<\/p>\n\n\n\n<p>Una vez hecho esto, se trata de mantener los buffs y debuffs en todo momento. As\u00ed que carga retorcida y quemadura de alma en 4 pilas. <\/p>\n\n\n\n<p>La agon\u00eda del alma o privaci\u00f3n perceptiva depende de la velocidad de lanzamiento que tengas. Con suficiente velocidad de lanzamiento, el tormento del alma es ligeramente m\u00e1s r\u00e1pido <\/p>\n\n\n\n<p>Para los brujos muy experimentados en la gesti\u00f3n de buff y CD, tambi\u00e9n puedes apoyar al 2\u00ba grupo. Con la macro puedes moverte a un lugar del otro grupo y hacer all\u00ed tambi\u00e9n la carga retorcida. Importante: La prioridad para la gesti\u00f3n de buff y CD debe estar siempre en el grupo DD. As\u00ed que \u00fasala s\u00f3lo cuando todo est\u00e9 sobre el jefe, la carga retorcida en el grupo DD dure m\u00e1s que la CD de la habilidad y tengas suficiente foco o el Tajo Recolector de Coraz\u00f3n salga del enfriamiento.   <\/p>\n\n\n\n<p>\/script t_bp = UnitRaidIndex(\u00abjugador\u00bb);<\/p>\n\n\n\n<p>\/script MoverMiembroRaid (t_bp, 12);<\/p>\n\n\n\n<p>\/espera 0.5<\/p>\n\n\n\n<p>\/cast Carga trenzada<\/p>\n\n\n\n<p>\/espera 0.5<\/p>\n\n\n\n<p>\/script MoverMiembroRaid (t_bp, 6);<\/p>\n\n\n\n<p><strong>Rotaci\u00f3n PSI:<\/strong><\/p>\n\n\n\n<p>Infarto de llama<\/p>\n\n\n\n<p>Puzzle confuso<\/p>\n\n\n\n<p>Flechas ps\u00edquicas 1x.<\/p>\n\n\n\n<p>Activar el constructo fuerza de voluntad<\/p>\n\n\n\n<p>Entonces puedes revivir a alguien por 6 psi<\/p>\n\n\n\n<p>O puedes lanzar el susurro de ultratumba y utilizar el hechizo de resquebrajamiento de Sace<\/p>\n\n\n\n<p>Para obtener m\u00e1s ayuda, puedes utilizar la habilidad de ajuste aqu\u00ed para obtener 2 PSI y luego otros 3 PSI<\/p>\n\n\n\n<p><strong>Psi-Rota para los perezosos:<\/strong>  <br><\/p>\n\n\n\n<figure class=\"wp-block-image size-full\"><img loading=\"lazy\" decoding=\"async\" width=\"945\" height=\"428\" src=\"https:\/\/www.runesofmagic-infos.com\/wp-content\/uploads\/2026\/04\/magier1.png\" alt=\"\" class=\"wp-image-5947\" srcset=\"https:\/\/www.runesofmagic-infos.com\/wp-content\/uploads\/2026\/04\/magier1.png 945w, https:\/\/www.runesofmagic-infos.com\/wp-content\/uploads\/2026\/04\/magier1-300x136.png 300w, https:\/\/www.runesofmagic-infos.com\/wp-content\/uploads\/2026\/04\/magier1-768x348.png 768w\" sizes=\"auto, (max-width: 945px) 100vw, 945px\" \/><\/figure>\n\n\n\n<p>Constructo de fuerza de voluntad estatal:<br><a href=\"https:\/\/forum.runesofmagic.gameforge.com\/attachment\/4966-pasted-from-clipboard-png\/\"><\/a><\/p>\n\n\n\n<figure class=\"wp-block-image size-full\"><img loading=\"lazy\" decoding=\"async\" width=\"945\" height=\"273\" src=\"https:\/\/www.runesofmagic-infos.com\/wp-content\/uploads\/2026\/04\/magier2.png\" alt=\"\" class=\"wp-image-5952\" srcset=\"https:\/\/www.runesofmagic-infos.com\/wp-content\/uploads\/2026\/04\/magier2.png 945w, https:\/\/www.runesofmagic-infos.com\/wp-content\/uploads\/2026\/04\/magier2-300x87.png 300w, https:\/\/www.runesofmagic-infos.com\/wp-content\/uploads\/2026\/04\/magier2-768x222.png 768w\" sizes=\"auto, (max-width: 945px) 100vw, 945px\" \/><\/figure>\n\n\n\n<p>Estado de todas las dem\u00e1s habilidades:<\/p>\n\n\n\n<figure class=\"wp-block-image size-full\"><img loading=\"lazy\" decoding=\"async\" width=\"945\" height=\"269\" src=\"https:\/\/www.runesofmagic-infos.com\/wp-content\/uploads\/2026\/04\/magier3.png\" alt=\"\" class=\"wp-image-5957\" srcset=\"https:\/\/www.runesofmagic-infos.com\/wp-content\/uploads\/2026\/04\/magier3.png 945w, https:\/\/www.runesofmagic-infos.com\/wp-content\/uploads\/2026\/04\/magier3-300x85.png 300w, https:\/\/www.runesofmagic-infos.com\/wp-content\/uploads\/2026\/04\/magier3-768x219.png 768w\" sizes=\"auto, (max-width: 945px) 100vw, 945px\" \/><\/figure>\n\n\n\n<p>Este gatito te acumula los 6 PSI y activa el constructo. Las habilidades de apoyo que utilices despu\u00e9s dependen de ti. <\/p>\n\n\n\n<p>Son \u00fatiles el Hechizo Grieta de Sace y el Susurro de Ultratumba para apoyo DMG, o Barrera Mental para un escudo de grupo si recibes mucho dmg en un evento de jefe. Pero luego es cuesti\u00f3n de experiencia qu\u00e9 usas y d\u00f3nde. <\/p>\n\n\n\n<h1 class=\"wp-block-heading\">&#8211; Rotaciones de buff<\/h1>\n\n\n\n<h1 class=\"wp-block-heading\">La clase no tiene realmente muchos Ultis. Pero a\u00fan hay algunos que deber\u00edas lanzar: <\/h1>\n\n\n\n<p>Antes de la cuenta atr\u00e1s:<\/p>\n\n\n\n<p>Mejora a tu propia mascota con un Escudo Mental Fijo para forzar el inicio de una batalla<\/p>\n\n\n\n<p>PSI totalmente apilado con la habilidad de conjunto o una poci\u00f3n universal (s\u00f3lo tienes que avisar a tu tanque cuando est\u00e9s listo)<\/p>\n\n\n\n<p>Buffen en el CD:<\/p>\n\n\n\n<p>Pensamiento claro<\/p>\n\n\n\n<p>Sobrecarga de pensamientos<\/p>\n\n\n\n<p>Poci\u00f3n arcana<\/p>\n\n\n\n<p>Y aqu\u00ed es donde empieza el apoyo del grupo:<\/p>\n\n\n\n<p>Activar construcci\u00f3n<\/p>\n\n\n\n<p>M\u00e1s all\u00e1 de los susurros Casting<\/p>\n\n\n\n<p>Lanza el t\u00edtulo BK. (la mayor\u00eda peque\u00f1os o grandes F\u00dc) <\/p>\n\n\n\n<p>Lanzando una ola de conciencia<\/p>\n\n\n\n<p>A partir de aqu\u00ed contin\u00faa la rotaci\u00f3n de \u00abApoyo al jefe<\/p>\n\n\n\n<h1 class=\"wp-block-heading\">&#8211; Bufffood:<\/h1>\n\n\n\n<p>Los potenciadores est\u00e1ndar son casi siempre suficientes.<\/p>\n\n\n\n<p>Doncella: Matk o LP. Pero no es tan importante <\/p>\n\n\n\n<p>Atributos de la comida de boda e int\/weis\/Dmg<\/p>\n\n\n\n<p>Transformaci\u00f3n: bastante indiferente<\/p>\n\n\n\n<p>Poci\u00f3n heroica<\/p>\n\n\n\n<p>M-Dmg Comida<\/p>\n\n\n\n<p>Pensamiento claro<\/p>\n\n\n\n<p>Adem\u00e1s, comprueba siempre si has activado tus propios potenciadores a largo plazo y si siguen activos en ambos grupos, por ejemplo, la maldici\u00f3n tejedora.<\/p>\n\n\n\n<p>Yo siempre utilizar\u00eda la velocidad de carrera como t\u00edtulo, es decir, A la carrera o algo similar<\/p>\n\n\n\n<p>El sistema de t\u00edtulos no es realmente necesario<\/p>\n\n\n\n<p>Cenedril puedes usar Cenedrils MDD normales o si no tienes suficiente resistencia o Def\/Parry<\/p>\n","protected":false},"excerpt":{"rendered":"<p>Gu\u00eda del Brujo\/Mago: &#8211; Informaci\u00f3n general El hechicero\/mago es probablemente la clase de apoyo m\u00e1s poderosa de todo Runes of Magic. Con sus potenciadores de grupo y sus debuffs de jefe, contribuye significativamente al da\u00f1o en los jefes sin hacer realmente mucho da\u00f1o por s\u00ed mismo. \u00c9se no deber\u00eda ser [&hellip;]<\/p>\n","protected":false},"author":1,"featured_media":0,"parent":0,"menu_order":0,"comment_status":"closed","ping_status":"closed","template":"","meta":{"footnotes":""},"class_list":["post-5987","page","type-page","status-publish","hentry"],"yoast_head":"<!-- This site is optimized with the Yoast SEO plugin v27.4 - https:\/\/yoast.com\/product\/yoast-seo-wordpress\/ -->\n<title>Gu\u00eda: Apoyo al Brujo - Runes of Magic-Infos<\/title>\n<meta name=\"robots\" content=\"index, follow, max-snippet:-1, max-image-preview:large, max-video-preview:-1\" \/>\n<link rel=\"canonical\" href=\"https:\/\/www.runesofmagic-infos.com\/es\/guia-apoyo-al-brujo\/\" \/>\n<meta property=\"og:locale\" content=\"es_ES\" \/>\n<meta property=\"og:type\" content=\"article\" \/>\n<meta property=\"og:title\" content=\"Gu\u00eda: Apoyo al Brujo - Runes of Magic-Infos\" \/>\n<meta property=\"og:description\" content=\"Gu\u00eda del Brujo\/Mago: &#8211; Informaci\u00f3n general El hechicero\/mago es probablemente la clase de apoyo m\u00e1s poderosa de todo Runes of Magic. Con sus potenciadores de grupo y sus debuffs de jefe, contribuye significativamente al da\u00f1o en los jefes sin hacer realmente mucho da\u00f1o por s\u00ed mismo. \u00c9se no deber\u00eda ser [&hellip;]\" \/>\n<meta property=\"og:url\" content=\"https:\/\/www.runesofmagic-infos.com\/es\/guia-apoyo-al-brujo\/\" \/>\n<meta property=\"og:site_name\" content=\"Runes of Magic-Infos\" \/>\n<meta property=\"og:image\" content=\"https:\/\/www.runesofmagic-infos.com\/wp-content\/uploads\/2026\/04\/magier1.png\" \/>\n<meta name=\"twitter:card\" content=\"summary_large_image\" \/>\n<meta name=\"twitter:label1\" content=\"Tiempo de lectura\" \/>\n\t<meta name=\"twitter:data1\" content=\"6 minutos\" \/>\n<script type=\"application\/ld+json\" class=\"yoast-schema-graph\">{\"@context\":\"https:\\\/\\\/schema.org\",\"@graph\":[{\"@type\":\"WebPage\",\"@id\":\"https:\\\/\\\/www.runesofmagic-infos.com\\\/es\\\/guia-apoyo-al-brujo\\\/\",\"url\":\"https:\\\/\\\/www.runesofmagic-infos.com\\\/es\\\/guia-apoyo-al-brujo\\\/\",\"name\":\"Gu\u00eda: Apoyo al Brujo - Runes of Magic-Infos\",\"isPartOf\":{\"@id\":\"https:\\\/\\\/www.runesofmagic-infos.com\\\/es\\\/#website\"},\"primaryImageOfPage\":{\"@id\":\"https:\\\/\\\/www.runesofmagic-infos.com\\\/es\\\/guia-apoyo-al-brujo\\\/#primaryimage\"},\"image\":{\"@id\":\"https:\\\/\\\/www.runesofmagic-infos.com\\\/es\\\/guia-apoyo-al-brujo\\\/#primaryimage\"},\"thumbnailUrl\":\"https:\\\/\\\/www.runesofmagic-infos.com\\\/wp-content\\\/uploads\\\/2026\\\/04\\\/magier1.png\",\"datePublished\":\"2026-04-15T15:43:55+00:00\",\"breadcrumb\":{\"@id\":\"https:\\\/\\\/www.runesofmagic-infos.com\\\/es\\\/guia-apoyo-al-brujo\\\/#breadcrumb\"},\"inLanguage\":\"es\",\"potentialAction\":[{\"@type\":\"ReadAction\",\"target\":[\"https:\\\/\\\/www.runesofmagic-infos.com\\\/es\\\/guia-apoyo-al-brujo\\\/\"]}]},{\"@type\":\"ImageObject\",\"inLanguage\":\"es\",\"@id\":\"https:\\\/\\\/www.runesofmagic-infos.com\\\/es\\\/guia-apoyo-al-brujo\\\/#primaryimage\",\"url\":\"https:\\\/\\\/www.runesofmagic-infos.com\\\/wp-content\\\/uploads\\\/2026\\\/04\\\/magier1.png\",\"contentUrl\":\"https:\\\/\\\/www.runesofmagic-infos.com\\\/wp-content\\\/uploads\\\/2026\\\/04\\\/magier1.png\"},{\"@type\":\"BreadcrumbList\",\"@id\":\"https:\\\/\\\/www.runesofmagic-infos.com\\\/es\\\/guia-apoyo-al-brujo\\\/#breadcrumb\",\"itemListElement\":[{\"@type\":\"ListItem\",\"position\":1,\"name\":\"Startseite\",\"item\":\"https:\\\/\\\/www.runesofmagic-infos.com\\\/es\\\/\"},{\"@type\":\"ListItem\",\"position\":2,\"name\":\"Gu\u00eda: Apoyo al Brujo\"}]},{\"@type\":\"WebSite\",\"@id\":\"https:\\\/\\\/www.runesofmagic-infos.com\\\/es\\\/#website\",\"url\":\"https:\\\/\\\/www.runesofmagic-infos.com\\\/es\\\/\",\"name\":\"Runes of Magic-Infos\",\"description\":\"\",\"publisher\":{\"@id\":\"https:\\\/\\\/www.runesofmagic-infos.com\\\/es\\\/#organization\"},\"potentialAction\":[{\"@type\":\"SearchAction\",\"target\":{\"@type\":\"EntryPoint\",\"urlTemplate\":\"https:\\\/\\\/www.runesofmagic-infos.com\\\/es\\\/?s={search_term_string}\"},\"query-input\":{\"@type\":\"PropertyValueSpecification\",\"valueRequired\":true,\"valueName\":\"search_term_string\"}}],\"inLanguage\":\"es\"},{\"@type\":\"Organization\",\"@id\":\"https:\\\/\\\/www.runesofmagic-infos.com\\\/es\\\/#organization\",\"name\":\"Runes of Magic-Infos\",\"url\":\"https:\\\/\\\/www.runesofmagic-infos.com\\\/es\\\/\",\"logo\":{\"@type\":\"ImageObject\",\"inLanguage\":\"es\",\"@id\":\"https:\\\/\\\/www.runesofmagic-infos.com\\\/es\\\/#\\\/schema\\\/logo\\\/image\\\/\",\"url\":\"https:\\\/\\\/www.runesofmagic-infos.com\\\/wp-content\\\/uploads\\\/2024\\\/01\\\/ROM-Infos-Original-Logo.png\",\"contentUrl\":\"https:\\\/\\\/www.runesofmagic-infos.com\\\/wp-content\\\/uploads\\\/2024\\\/01\\\/ROM-Infos-Original-Logo.png\",\"width\":2329,\"height\":1721,\"caption\":\"Runes of Magic-Infos\"},\"image\":{\"@id\":\"https:\\\/\\\/www.runesofmagic-infos.com\\\/es\\\/#\\\/schema\\\/logo\\\/image\\\/\"}}]}<\/script>\n<!-- \/ Yoast SEO plugin. -->","yoast_head_json":{"title":"Gu\u00eda: Apoyo al Brujo - Runes of Magic-Infos","robots":{"index":"index","follow":"follow","max-snippet":"max-snippet:-1","max-image-preview":"max-image-preview:large","max-video-preview":"max-video-preview:-1"},"canonical":"https:\/\/www.runesofmagic-infos.com\/es\/guia-apoyo-al-brujo\/","og_locale":"es_ES","og_type":"article","og_title":"Gu\u00eda: Apoyo al Brujo - Runes of Magic-Infos","og_description":"Gu\u00eda del Brujo\/Mago: &#8211; Informaci\u00f3n general El hechicero\/mago es probablemente la clase de apoyo m\u00e1s poderosa de todo Runes of Magic. Con sus potenciadores de grupo y sus debuffs de jefe, contribuye significativamente al da\u00f1o en los jefes sin hacer realmente mucho da\u00f1o por s\u00ed mismo. \u00c9se no deber\u00eda ser [&hellip;]","og_url":"https:\/\/www.runesofmagic-infos.com\/es\/guia-apoyo-al-brujo\/","og_site_name":"Runes of Magic-Infos","og_image":[{"url":"https:\/\/www.runesofmagic-infos.com\/wp-content\/uploads\/2026\/04\/magier1.png","type":"","width":"","height":""}],"twitter_card":"summary_large_image","twitter_misc":{"Tiempo de lectura":"6 minutos"},"schema":{"@context":"https:\/\/schema.org","@graph":[{"@type":"WebPage","@id":"https:\/\/www.runesofmagic-infos.com\/es\/guia-apoyo-al-brujo\/","url":"https:\/\/www.runesofmagic-infos.com\/es\/guia-apoyo-al-brujo\/","name":"Gu\u00eda: Apoyo al Brujo - Runes of Magic-Infos","isPartOf":{"@id":"https:\/\/www.runesofmagic-infos.com\/es\/#website"},"primaryImageOfPage":{"@id":"https:\/\/www.runesofmagic-infos.com\/es\/guia-apoyo-al-brujo\/#primaryimage"},"image":{"@id":"https:\/\/www.runesofmagic-infos.com\/es\/guia-apoyo-al-brujo\/#primaryimage"},"thumbnailUrl":"https:\/\/www.runesofmagic-infos.com\/wp-content\/uploads\/2026\/04\/magier1.png","datePublished":"2026-04-15T15:43:55+00:00","breadcrumb":{"@id":"https:\/\/www.runesofmagic-infos.com\/es\/guia-apoyo-al-brujo\/#breadcrumb"},"inLanguage":"es","potentialAction":[{"@type":"ReadAction","target":["https:\/\/www.runesofmagic-infos.com\/es\/guia-apoyo-al-brujo\/"]}]},{"@type":"ImageObject","inLanguage":"es","@id":"https:\/\/www.runesofmagic-infos.com\/es\/guia-apoyo-al-brujo\/#primaryimage","url":"https:\/\/www.runesofmagic-infos.com\/wp-content\/uploads\/2026\/04\/magier1.png","contentUrl":"https:\/\/www.runesofmagic-infos.com\/wp-content\/uploads\/2026\/04\/magier1.png"},{"@type":"BreadcrumbList","@id":"https:\/\/www.runesofmagic-infos.com\/es\/guia-apoyo-al-brujo\/#breadcrumb","itemListElement":[{"@type":"ListItem","position":1,"name":"Startseite","item":"https:\/\/www.runesofmagic-infos.com\/es\/"},{"@type":"ListItem","position":2,"name":"Gu\u00eda: Apoyo al Brujo"}]},{"@type":"WebSite","@id":"https:\/\/www.runesofmagic-infos.com\/es\/#website","url":"https:\/\/www.runesofmagic-infos.com\/es\/","name":"Runes of Magic-Infos","description":"","publisher":{"@id":"https:\/\/www.runesofmagic-infos.com\/es\/#organization"},"potentialAction":[{"@type":"SearchAction","target":{"@type":"EntryPoint","urlTemplate":"https:\/\/www.runesofmagic-infos.com\/es\/?s={search_term_string}"},"query-input":{"@type":"PropertyValueSpecification","valueRequired":true,"valueName":"search_term_string"}}],"inLanguage":"es"},{"@type":"Organization","@id":"https:\/\/www.runesofmagic-infos.com\/es\/#organization","name":"Runes of Magic-Infos","url":"https:\/\/www.runesofmagic-infos.com\/es\/","logo":{"@type":"ImageObject","inLanguage":"es","@id":"https:\/\/www.runesofmagic-infos.com\/es\/#\/schema\/logo\/image\/","url":"https:\/\/www.runesofmagic-infos.com\/wp-content\/uploads\/2024\/01\/ROM-Infos-Original-Logo.png","contentUrl":"https:\/\/www.runesofmagic-infos.com\/wp-content\/uploads\/2024\/01\/ROM-Infos-Original-Logo.png","width":2329,"height":1721,"caption":"Runes of Magic-Infos"},"image":{"@id":"https:\/\/www.runesofmagic-infos.com\/es\/#\/schema\/logo\/image\/"}}]}},"_links":{"self":[{"href":"https:\/\/www.runesofmagic-infos.com\/es\/wp-json\/wp\/v2\/pages\/5987","targetHints":{"allow":["GET"]}}],"collection":[{"href":"https:\/\/www.runesofmagic-infos.com\/es\/wp-json\/wp\/v2\/pages"}],"about":[{"href":"https:\/\/www.runesofmagic-infos.com\/es\/wp-json\/wp\/v2\/types\/page"}],"author":[{"embeddable":true,"href":"https:\/\/www.runesofmagic-infos.com\/es\/wp-json\/wp\/v2\/users\/1"}],"replies":[{"embeddable":true,"href":"https:\/\/www.runesofmagic-infos.com\/es\/wp-json\/wp\/v2\/comments?post=5987"}],"version-history":[{"count":0,"href":"https:\/\/www.runesofmagic-infos.com\/es\/wp-json\/wp\/v2\/pages\/5987\/revisions"}],"wp:attachment":[{"href":"https:\/\/www.runesofmagic-infos.com\/es\/wp-json\/wp\/v2\/media?parent=5987"}],"curies":[{"name":"wp","href":"https:\/\/api.w.org\/{rel}","templated":true}]}}