{"id":3863,"date":"2024-04-18T16:08:43","date_gmt":"2024-04-18T16:08:43","guid":{"rendered":"https:\/\/www.runesofmagic-infos.com\/el-altar-mistico-dificil\/"},"modified":"2024-04-24T15:33:44","modified_gmt":"2024-04-24T15:33:44","slug":"el-altar-mistico-dificil","status":"publish","type":"page","link":"https:\/\/www.runesofmagic-infos.com\/es\/el-altar-mistico-dificil\/","title":{"rendered":"El Altar M\u00edstico (dif\u00edcil)"},"content":{"rendered":"\n<p>\u00bfListo para una aventura en la que te encontrar\u00e1s con antiguos aliados y viejos enemigos y que pondr\u00e1 tus habilidades a la prueba m\u00e1s dura hasta la fecha? Viaje a la&nbsp;<strong>tierras altas de Ystra, cerca de Schneehorn<\/strong>, para unirse al&nbsp;<strong>Altar m\u00edstico (dif\u00edcil)<\/strong>&nbsp;alcanzar. \u00a1Prep\u00e1rate bien, ll\u00e9vate a unos cuantos amigos h\u00e9roes capaces en tu viaje y enfr\u00e9ntate a los siete jefes oponentes!<\/p>\n\n\n\n<h3 class=\"wp-block-heading\">El Altar M\u00edstico (dif\u00edcil)<\/h3>\n\n\n\n<ul class=\"wp-block-list\">\n<li>Prerequisito: Desbloquea ambas clases a nivel 100 + niveles de cumbre y acepta la misi\u00f3n \u00abConocimiento de los Ancianos\u00bb de Shamar<\/li>\n\n\n\n<li>Entrada: En las tierras altas de&nbsp; Ystra&nbsp;cerca de Schneehorn<\/li>\n\n\n\n<li>Tama\u00f1o m\u00e1ximo del grupo: 12 jugadores<\/li>\n<\/ul>\n\n\n\n<h3 class=\"wp-block-heading\">Oponentes poderosos<\/h3>\n\n\n\n<p>Ya deber\u00edas estar familiarizado con los enemigos de la primera versi\u00f3n del Altar M\u00edstico de nivel 45. \u00a1Pero ahora son mucho m\u00e1s fuertes y te sorprenden con nuevos ataques y t\u00e1cticas!<\/p>\n\n\n\n<ul class=\"wp-block-list\">\n<li>Pesadilla en llamas<\/li>\n\n\n\n<li>Esp\u00edritu maligno del hielo<\/li>\n\n\n\n<li>Golem de hierro maldito<\/li>\n\n\n\n<li>Razeela<\/li>\n\n\n\n<li>Aukuda el Maldito<\/li>\n\n\n\n<li>Dorlos<\/li>\n<\/ul>\n\n\n\n<p>Tambi\u00e9n conocer\u00e1s a un nuevo jefe con el que tendr\u00e1s que competir:<\/p>\n\n\n\n<ul class=\"wp-block-list\">\n<li>Aukuda el h\u00e9roe<\/li>\n<\/ul>\n\n\n\n<h3 class=\"wp-block-heading\">Recompensas extraordinarias<\/h3>\n\n\n\n<p>\u00a1Cualquiera que se aventure valientemente en las profundidades de la nueva instancia ser\u00e1 ricamente recompensado! Recibir\u00e1s recompensas directamente de los jefes destruidos y de los distintos&nbsp;<strong>Cofres de m\u00edstico<\/strong>, que puedes intercambiar con el aventurero Loric.<\/p>\n\n\n\n<h4 class=\"wp-block-heading\">Accesorios del m\u00edstico<\/h4>\n\n\n\n<p>\u00a1Te esperan pendientes, anillos y collares con nuevos y potentes valores y bonificaciones de conjunto!<\/p>\n\n\n\n<ul class=\"wp-block-list\">\n<li>Accesorios con bonificador de inteligencia: Conjunto Astuto M\u00edstico Oscuro, Astuto M\u00edstico Solar y Astuto M\u00edstico Ancestral<\/li>\n\n\n\n<li>Accesorios con bonificaci\u00f3n de sabidur\u00eda: Conjunto M\u00edstico Oscuro Iluminado, M\u00edstico Solar Iluminado y M\u00edstico Ancestro Iluminado<\/li>\n\n\n\n<li>Accesorios con bonificaci\u00f3n de habilidad: conjunto de la m\u00edstica r\u00e1pida oscura, la m\u00edstica r\u00e1pida solar y la m\u00edstica r\u00e1pida ancestral<\/li>\n\n\n\n<li>Accesorios con fuerza extra: Conjunto M\u00edstica Oscura Enfadada, M\u00edstica Solar Enfadada y M\u00edstica Ancestral Enfadada<\/li>\n\n\n\n<li>Accesorios con bonificaci\u00f3n de resistencia: Conjunto M\u00edstica Oscura Indoblegable, M\u00edstica Solar Indoblegable y M\u00edstica Ancestral Indoblegable<\/li>\n<\/ul>\n\n\n\n<h4 class=\"wp-block-heading\">M\u00e1s recompensas<\/h4>\n\n\n\n<ul class=\"wp-block-list\">\n<li>B\u00fasqueda diaria: Dir\u00edgete al nuevo PNJ aventurero Loric en la entrada de la instancia para recibir la b\u00fasqueda diaria.<\/li>\n\n\n\n<li>Nuevos t\u00edtulos<\/li>\n\n\n\n<li>Puntos de experiencia en la cumbre&#8230; \u00a1y mucho m\u00e1s!<\/li>\n<\/ul>\n\n\n\n<h2 class=\"wp-block-heading\">Problemas conocidos<\/h2>\n\n\n\n<ul class=\"wp-block-list\">\n<li>Durante el jefe final \u00abDorlos\u00bb, al interactuar con los cristales durante la fase de cristal, hay teclas de localizaci\u00f3n sin traducir. Sin embargo, su importancia es crucial, por lo que se enumeran a continuaci\u00f3n.<\/li>\n\n\n\n<li>GF_Z261_7_4: Se ha seleccionado <strong>el<\/strong> cristal <strong>correcto<\/strong> <\/li>\n\n\n\n<li>GF_Z261_7_5: Se ha elegido <strong>el<\/strong> cristal <strong>equivocado<\/strong> (provoca la muerte del personaje del jugador)<\/li>\n\n\n\n<li>Cuando se utiliza la Esquirla de Tauris M\u00edstica para mejorar la rareza de los accesorios de instancia, su durabilidad, nivel de mejora o estad\u00edsticas no cambiar\u00e1n. As\u00ed no tendr\u00e1s que preocuparte por perder las mejoras y actualizaciones que hayas incorporado a los accesorios.<\/li>\n<\/ul>\n","protected":false},"excerpt":{"rendered":"<p>\u00bfListo para una aventura en la que te encontrar\u00e1s con antiguos aliados y viejos enemigos y que pondr\u00e1 tus habilidades a la prueba m\u00e1s dura hasta la fecha? Viaje a la&nbsp;tierras altas de Ystra, cerca de Schneehorn, para unirse al&nbsp;Altar m\u00edstico (dif\u00edcil)&nbsp;alcanzar. \u00a1Prep\u00e1rate bien, ll\u00e9vate a unos cuantos amigos h\u00e9roes [&hellip;]<\/p>\n","protected":false},"author":1,"featured_media":0,"parent":0,"menu_order":0,"comment_status":"closed","ping_status":"closed","template":"","meta":{"footnotes":""},"class_list":["post-3863","page","type-page","status-publish","hentry"],"yoast_head":"<!-- This site is optimized with the Yoast SEO plugin v27.4 - https:\/\/yoast.com\/product\/yoast-seo-wordpress\/ -->\n<title>El Altar M\u00edstico (dif\u00edcil) - Runes of Magic-Infos<\/title>\n<meta name=\"robots\" content=\"index, follow, max-snippet:-1, max-image-preview:large, max-video-preview:-1\" \/>\n<link rel=\"canonical\" href=\"https:\/\/www.runesofmagic-infos.com\/es\/el-altar-mistico-dificil\/\" \/>\n<meta property=\"og:locale\" content=\"es_ES\" \/>\n<meta property=\"og:type\" content=\"article\" \/>\n<meta property=\"og:title\" content=\"El Altar M\u00edstico (dif\u00edcil) - Runes of Magic-Infos\" \/>\n<meta property=\"og:description\" content=\"\u00bfListo para una aventura en la que te encontrar\u00e1s con antiguos aliados y viejos enemigos y que pondr\u00e1 tus habilidades a la prueba m\u00e1s dura hasta la fecha? Viaje a la&nbsp;tierras altas de Ystra, cerca de Schneehorn, para unirse al&nbsp;Altar m\u00edstico (dif\u00edcil)&nbsp;alcanzar. \u00a1Prep\u00e1rate bien, ll\u00e9vate a unos cuantos amigos h\u00e9roes [&hellip;]\" \/>\n<meta property=\"og:url\" content=\"https:\/\/www.runesofmagic-infos.com\/es\/el-altar-mistico-dificil\/\" \/>\n<meta property=\"og:site_name\" content=\"Runes of Magic-Infos\" \/>\n<meta property=\"article:modified_time\" content=\"2024-04-24T15:33:44+00:00\" \/>\n<meta name=\"twitter:card\" content=\"summary_large_image\" \/>\n<meta name=\"twitter:label1\" content=\"Tiempo de lectura\" \/>\n\t<meta name=\"twitter:data1\" content=\"3 minutos\" \/>\n<script type=\"application\/ld+json\" class=\"yoast-schema-graph\">{\"@context\":\"https:\\\/\\\/schema.org\",\"@graph\":[{\"@type\":\"WebPage\",\"@id\":\"https:\\\/\\\/www.runesofmagic-infos.com\\\/es\\\/el-altar-mistico-dificil\\\/\",\"url\":\"https:\\\/\\\/www.runesofmagic-infos.com\\\/es\\\/el-altar-mistico-dificil\\\/\",\"name\":\"El Altar M\u00edstico (dif\u00edcil) - Runes of Magic-Infos\",\"isPartOf\":{\"@id\":\"https:\\\/\\\/www.runesofmagic-infos.com\\\/es\\\/#website\"},\"datePublished\":\"2024-04-18T16:08:43+00:00\",\"dateModified\":\"2024-04-24T15:33:44+00:00\",\"breadcrumb\":{\"@id\":\"https:\\\/\\\/www.runesofmagic-infos.com\\\/es\\\/el-altar-mistico-dificil\\\/#breadcrumb\"},\"inLanguage\":\"es\",\"potentialAction\":[{\"@type\":\"ReadAction\",\"target\":[\"https:\\\/\\\/www.runesofmagic-infos.com\\\/es\\\/el-altar-mistico-dificil\\\/\"]}]},{\"@type\":\"BreadcrumbList\",\"@id\":\"https:\\\/\\\/www.runesofmagic-infos.com\\\/es\\\/el-altar-mistico-dificil\\\/#breadcrumb\",\"itemListElement\":[{\"@type\":\"ListItem\",\"position\":1,\"name\":\"Startseite\",\"item\":\"https:\\\/\\\/www.runesofmagic-infos.com\\\/es\\\/\"},{\"@type\":\"ListItem\",\"position\":2,\"name\":\"El Altar M\u00edstico (dif\u00edcil)\"}]},{\"@type\":\"WebSite\",\"@id\":\"https:\\\/\\\/www.runesofmagic-infos.com\\\/es\\\/#website\",\"url\":\"https:\\\/\\\/www.runesofmagic-infos.com\\\/es\\\/\",\"name\":\"Runes of Magic-Infos\",\"description\":\"\",\"publisher\":{\"@id\":\"https:\\\/\\\/www.runesofmagic-infos.com\\\/es\\\/#organization\"},\"potentialAction\":[{\"@type\":\"SearchAction\",\"target\":{\"@type\":\"EntryPoint\",\"urlTemplate\":\"https:\\\/\\\/www.runesofmagic-infos.com\\\/es\\\/?s={search_term_string}\"},\"query-input\":{\"@type\":\"PropertyValueSpecification\",\"valueRequired\":true,\"valueName\":\"search_term_string\"}}],\"inLanguage\":\"es\"},{\"@type\":\"Organization\",\"@id\":\"https:\\\/\\\/www.runesofmagic-infos.com\\\/es\\\/#organization\",\"name\":\"Runes of Magic-Infos\",\"url\":\"https:\\\/\\\/www.runesofmagic-infos.com\\\/es\\\/\",\"logo\":{\"@type\":\"ImageObject\",\"inLanguage\":\"es\",\"@id\":\"https:\\\/\\\/www.runesofmagic-infos.com\\\/es\\\/#\\\/schema\\\/logo\\\/image\\\/\",\"url\":\"https:\\\/\\\/www.runesofmagic-infos.com\\\/wp-content\\\/uploads\\\/2024\\\/01\\\/ROM-Infos-Original-Logo.png\",\"contentUrl\":\"https:\\\/\\\/www.runesofmagic-infos.com\\\/wp-content\\\/uploads\\\/2024\\\/01\\\/ROM-Infos-Original-Logo.png\",\"width\":2329,\"height\":1721,\"caption\":\"Runes of Magic-Infos\"},\"image\":{\"@id\":\"https:\\\/\\\/www.runesofmagic-infos.com\\\/es\\\/#\\\/schema\\\/logo\\\/image\\\/\"}}]}<\/script>\n<!-- \/ Yoast SEO plugin. -->","yoast_head_json":{"title":"El Altar M\u00edstico (dif\u00edcil) - Runes of Magic-Infos","robots":{"index":"index","follow":"follow","max-snippet":"max-snippet:-1","max-image-preview":"max-image-preview:large","max-video-preview":"max-video-preview:-1"},"canonical":"https:\/\/www.runesofmagic-infos.com\/es\/el-altar-mistico-dificil\/","og_locale":"es_ES","og_type":"article","og_title":"El Altar M\u00edstico (dif\u00edcil) - Runes of Magic-Infos","og_description":"\u00bfListo para una aventura en la que te encontrar\u00e1s con antiguos aliados y viejos enemigos y que pondr\u00e1 tus habilidades a la prueba m\u00e1s dura hasta la fecha? Viaje a la&nbsp;tierras altas de Ystra, cerca de Schneehorn, para unirse al&nbsp;Altar m\u00edstico (dif\u00edcil)&nbsp;alcanzar. \u00a1Prep\u00e1rate bien, ll\u00e9vate a unos cuantos amigos h\u00e9roes [&hellip;]","og_url":"https:\/\/www.runesofmagic-infos.com\/es\/el-altar-mistico-dificil\/","og_site_name":"Runes of Magic-Infos","article_modified_time":"2024-04-24T15:33:44+00:00","twitter_card":"summary_large_image","twitter_misc":{"Tiempo de lectura":"3 minutos"},"schema":{"@context":"https:\/\/schema.org","@graph":[{"@type":"WebPage","@id":"https:\/\/www.runesofmagic-infos.com\/es\/el-altar-mistico-dificil\/","url":"https:\/\/www.runesofmagic-infos.com\/es\/el-altar-mistico-dificil\/","name":"El Altar M\u00edstico (dif\u00edcil) - Runes of Magic-Infos","isPartOf":{"@id":"https:\/\/www.runesofmagic-infos.com\/es\/#website"},"datePublished":"2024-04-18T16:08:43+00:00","dateModified":"2024-04-24T15:33:44+00:00","breadcrumb":{"@id":"https:\/\/www.runesofmagic-infos.com\/es\/el-altar-mistico-dificil\/#breadcrumb"},"inLanguage":"es","potentialAction":[{"@type":"ReadAction","target":["https:\/\/www.runesofmagic-infos.com\/es\/el-altar-mistico-dificil\/"]}]},{"@type":"BreadcrumbList","@id":"https:\/\/www.runesofmagic-infos.com\/es\/el-altar-mistico-dificil\/#breadcrumb","itemListElement":[{"@type":"ListItem","position":1,"name":"Startseite","item":"https:\/\/www.runesofmagic-infos.com\/es\/"},{"@type":"ListItem","position":2,"name":"El Altar M\u00edstico (dif\u00edcil)"}]},{"@type":"WebSite","@id":"https:\/\/www.runesofmagic-infos.com\/es\/#website","url":"https:\/\/www.runesofmagic-infos.com\/es\/","name":"Runes of Magic-Infos","description":"","publisher":{"@id":"https:\/\/www.runesofmagic-infos.com\/es\/#organization"},"potentialAction":[{"@type":"SearchAction","target":{"@type":"EntryPoint","urlTemplate":"https:\/\/www.runesofmagic-infos.com\/es\/?s={search_term_string}"},"query-input":{"@type":"PropertyValueSpecification","valueRequired":true,"valueName":"search_term_string"}}],"inLanguage":"es"},{"@type":"Organization","@id":"https:\/\/www.runesofmagic-infos.com\/es\/#organization","name":"Runes of Magic-Infos","url":"https:\/\/www.runesofmagic-infos.com\/es\/","logo":{"@type":"ImageObject","inLanguage":"es","@id":"https:\/\/www.runesofmagic-infos.com\/es\/#\/schema\/logo\/image\/","url":"https:\/\/www.runesofmagic-infos.com\/wp-content\/uploads\/2024\/01\/ROM-Infos-Original-Logo.png","contentUrl":"https:\/\/www.runesofmagic-infos.com\/wp-content\/uploads\/2024\/01\/ROM-Infos-Original-Logo.png","width":2329,"height":1721,"caption":"Runes of Magic-Infos"},"image":{"@id":"https:\/\/www.runesofmagic-infos.com\/es\/#\/schema\/logo\/image\/"}}]}},"_links":{"self":[{"href":"https:\/\/www.runesofmagic-infos.com\/es\/wp-json\/wp\/v2\/pages\/3863","targetHints":{"allow":["GET"]}}],"collection":[{"href":"https:\/\/www.runesofmagic-infos.com\/es\/wp-json\/wp\/v2\/pages"}],"about":[{"href":"https:\/\/www.runesofmagic-infos.com\/es\/wp-json\/wp\/v2\/types\/page"}],"author":[{"embeddable":true,"href":"https:\/\/www.runesofmagic-infos.com\/es\/wp-json\/wp\/v2\/users\/1"}],"replies":[{"embeddable":true,"href":"https:\/\/www.runesofmagic-infos.com\/es\/wp-json\/wp\/v2\/comments?post=3863"}],"version-history":[{"count":1,"href":"https:\/\/www.runesofmagic-infos.com\/es\/wp-json\/wp\/v2\/pages\/3863\/revisions"}],"predecessor-version":[{"id":3881,"href":"https:\/\/www.runesofmagic-infos.com\/es\/wp-json\/wp\/v2\/pages\/3863\/revisions\/3881"}],"wp:attachment":[{"href":"https:\/\/www.runesofmagic-infos.com\/es\/wp-json\/wp\/v2\/media?parent=3863"}],"curies":[{"name":"wp","href":"https:\/\/api.w.org\/{rel}","templated":true}]}}