{"id":3855,"date":"2024-04-18T16:06:55","date_gmt":"2024-04-18T16:06:55","guid":{"rendered":"https:\/\/www.runesofmagic-infos.com\/la-tumba-ciudad-de-los-espejos-dificil\/"},"modified":"2024-04-18T16:06:55","modified_gmt":"2024-04-18T16:06:55","slug":"la-tumba-ciudad-de-los-espejos-dificil","status":"publish","type":"page","link":"https:\/\/www.runesofmagic-infos.com\/es\/la-tumba-ciudad-de-los-espejos-dificil\/","title":{"rendered":"La tumba ciudad de los espejos (dif\u00edcil)"},"content":{"rendered":"\n<p>\u00bfSe han despertado su curiosidad y su sed de aventuras? A partir de ahora, dir\u00edgete a Aslan Sur para llegar a la <strong>Tumba Ciudad de los Espejos (dif\u00edcil)<\/strong>. All\u00ed te esperan poderosos adversarios. Por lo tanto, deber\u00edas llevar contigo a algunos de tus amigos h\u00e9roes para enfrentarte a los cinco jefes oponentes.<\/p>\n\n\n\n<ul class=\"wp-block-list\">\n<li>Prerequisito: Ambas clases desbloqueadas a nivel 100 + niveles cumbre<\/li>\n\n\n\n<li>Entrada: Sur del Valle de Aslan<\/li>\n\n\n\n<li>Tama\u00f1o m\u00e1ximo del grupo: 12 jugadores<\/li>\n<\/ul>\n\n\n\n<h3 class=\"wp-block-heading\">Oponentes poderosos<\/h3>\n\n\n\n<p>Los enemigos de esta instancia ya deber\u00edan resultarte familiares de la primera versi\u00f3n de la Tumba Ciudad de los Espejos para los niveles 35-40. \u00a1Pero ahora son mucho m\u00e1s fuertes y te sorprenden con nuevos ataques y t\u00e1cticas!<\/p>\n\n\n\n<ul class=\"wp-block-list\">\n<li>Maestro Gumas<\/li>\n\n\n\n<li>La sombra de Androlier<\/li>\n\n\n\n<li>La fuerza de Androlier<\/li>\n\n\n\n<li>El prisionero de Androlier<\/li>\n\n\n\n<li>Krodamon y Krodamar<\/li>\n<\/ul>\n\n\n\n<h3 class=\"wp-block-heading\">Recompensas extraordinarias<\/h3>\n\n\n\n<p>Quienes se aventuren en las profundidades de esta instancia con valent\u00eda ser\u00e1n ricamente recompensados. Recibes recompensas directamente de los jefes destruidos y de los preciosos&nbsp;<strong>Espejo cofre<\/strong> que te espera en lo m\u00e1s profundo de la instancia.<\/p>\n\n\n\n<h4 class=\"wp-block-heading\">Equipar los espejos<\/h4>\n\n\n\n<p>\u00a1Te esperan objetos de armadura y armas con potentes&nbsp;<strong>nuevas estad\u00edsticas y bonificaciones de conjunto<\/strong>&nbsp;!<\/p>\n\n\n\n<ul class=\"wp-block-list\">\n<li>Armadura de tela para magos: juego Mirror Mystery<\/li>\n\n\n\n<li>Armadura de tela para curanderos: Juego ligero de espejos<\/li>\n\n\n\n<li>Armadura de cuero: conjunto sombra de espejo<\/li>\n\n\n\n<li>Armadura de cadena: juego de grosor de espejo<\/li>\n\n\n\n<li>Armadura de placas: juego de baluartes de espejo<\/li>\n\n\n\n<li>Varias armas + mano lateral<\/li>\n<\/ul>\n\n\n\n<h4 class=\"wp-block-heading\">M\u00e1s recompensas<\/h4>\n\n\n\n<ul class=\"wp-block-list\">\n<li>B\u00fasqueda diaria: Ac\u00e9rcate al nuevo PNJ aventurero Calym en la regi\u00f3n de las Monta\u00f1as Aullantes (Logar) para recibir la b\u00fasqueda diaria.<\/li>\n\n\n\n<li>Nuevos t\u00edtulos<\/li>\n\n\n\n<li>Puntos de experiencia de cumbre<\/li>\n<\/ul>\n","protected":false},"excerpt":{"rendered":"<p>\u00bfSe han despertado su curiosidad y su sed de aventuras? A partir de ahora, dir\u00edgete a Aslan Sur para llegar a la Tumba Ciudad de los Espejos (dif\u00edcil). All\u00ed te esperan poderosos adversarios. Por lo tanto, deber\u00edas llevar contigo a algunos de tus amigos h\u00e9roes para enfrentarte a los cinco [&hellip;]<\/p>\n","protected":false},"author":1,"featured_media":0,"parent":0,"menu_order":0,"comment_status":"closed","ping_status":"closed","template":"","meta":{"footnotes":""},"class_list":["post-3855","page","type-page","status-publish","hentry"],"yoast_head":"<!-- This site is optimized with the Yoast SEO plugin v27.4 - https:\/\/yoast.com\/product\/yoast-seo-wordpress\/ -->\n<title>La tumba ciudad de los espejos (dif\u00edcil) - Runes of Magic-Infos<\/title>\n<meta name=\"robots\" content=\"index, follow, max-snippet:-1, max-image-preview:large, max-video-preview:-1\" \/>\n<link rel=\"canonical\" href=\"https:\/\/www.runesofmagic-infos.com\/es\/la-tumba-ciudad-de-los-espejos-dificil\/\" \/>\n<meta property=\"og:locale\" content=\"es_ES\" \/>\n<meta property=\"og:type\" content=\"article\" \/>\n<meta property=\"og:title\" content=\"La tumba ciudad de los espejos (dif\u00edcil) - Runes of Magic-Infos\" \/>\n<meta property=\"og:description\" content=\"\u00bfSe han despertado su curiosidad y su sed de aventuras? A partir de ahora, dir\u00edgete a Aslan Sur para llegar a la Tumba Ciudad de los Espejos (dif\u00edcil). All\u00ed te esperan poderosos adversarios. Por lo tanto, deber\u00edas llevar contigo a algunos de tus amigos h\u00e9roes para enfrentarte a los cinco [&hellip;]\" \/>\n<meta property=\"og:url\" content=\"https:\/\/www.runesofmagic-infos.com\/es\/la-tumba-ciudad-de-los-espejos-dificil\/\" \/>\n<meta property=\"og:site_name\" content=\"Runes of Magic-Infos\" \/>\n<meta name=\"twitter:card\" content=\"summary_large_image\" \/>\n<meta name=\"twitter:label1\" content=\"Tiempo de lectura\" \/>\n\t<meta name=\"twitter:data1\" content=\"1 minuto\" \/>\n<script type=\"application\/ld+json\" class=\"yoast-schema-graph\">{\"@context\":\"https:\\\/\\\/schema.org\",\"@graph\":[{\"@type\":\"WebPage\",\"@id\":\"https:\\\/\\\/www.runesofmagic-infos.com\\\/es\\\/la-tumba-ciudad-de-los-espejos-dificil\\\/\",\"url\":\"https:\\\/\\\/www.runesofmagic-infos.com\\\/es\\\/la-tumba-ciudad-de-los-espejos-dificil\\\/\",\"name\":\"La tumba ciudad de los espejos (dif\u00edcil) - Runes of Magic-Infos\",\"isPartOf\":{\"@id\":\"https:\\\/\\\/www.runesofmagic-infos.com\\\/es\\\/#website\"},\"datePublished\":\"2024-04-18T16:06:55+00:00\",\"breadcrumb\":{\"@id\":\"https:\\\/\\\/www.runesofmagic-infos.com\\\/es\\\/la-tumba-ciudad-de-los-espejos-dificil\\\/#breadcrumb\"},\"inLanguage\":\"es\",\"potentialAction\":[{\"@type\":\"ReadAction\",\"target\":[\"https:\\\/\\\/www.runesofmagic-infos.com\\\/es\\\/la-tumba-ciudad-de-los-espejos-dificil\\\/\"]}]},{\"@type\":\"BreadcrumbList\",\"@id\":\"https:\\\/\\\/www.runesofmagic-infos.com\\\/es\\\/la-tumba-ciudad-de-los-espejos-dificil\\\/#breadcrumb\",\"itemListElement\":[{\"@type\":\"ListItem\",\"position\":1,\"name\":\"Startseite\",\"item\":\"https:\\\/\\\/www.runesofmagic-infos.com\\\/es\\\/\"},{\"@type\":\"ListItem\",\"position\":2,\"name\":\"La tumba ciudad de los espejos (dif\u00edcil)\"}]},{\"@type\":\"WebSite\",\"@id\":\"https:\\\/\\\/www.runesofmagic-infos.com\\\/es\\\/#website\",\"url\":\"https:\\\/\\\/www.runesofmagic-infos.com\\\/es\\\/\",\"name\":\"Runes of Magic-Infos\",\"description\":\"\",\"publisher\":{\"@id\":\"https:\\\/\\\/www.runesofmagic-infos.com\\\/es\\\/#organization\"},\"potentialAction\":[{\"@type\":\"SearchAction\",\"target\":{\"@type\":\"EntryPoint\",\"urlTemplate\":\"https:\\\/\\\/www.runesofmagic-infos.com\\\/es\\\/?s={search_term_string}\"},\"query-input\":{\"@type\":\"PropertyValueSpecification\",\"valueRequired\":true,\"valueName\":\"search_term_string\"}}],\"inLanguage\":\"es\"},{\"@type\":\"Organization\",\"@id\":\"https:\\\/\\\/www.runesofmagic-infos.com\\\/es\\\/#organization\",\"name\":\"Runes of Magic-Infos\",\"url\":\"https:\\\/\\\/www.runesofmagic-infos.com\\\/es\\\/\",\"logo\":{\"@type\":\"ImageObject\",\"inLanguage\":\"es\",\"@id\":\"https:\\\/\\\/www.runesofmagic-infos.com\\\/es\\\/#\\\/schema\\\/logo\\\/image\\\/\",\"url\":\"https:\\\/\\\/www.runesofmagic-infos.com\\\/wp-content\\\/uploads\\\/2024\\\/01\\\/ROM-Infos-Original-Logo.png\",\"contentUrl\":\"https:\\\/\\\/www.runesofmagic-infos.com\\\/wp-content\\\/uploads\\\/2024\\\/01\\\/ROM-Infos-Original-Logo.png\",\"width\":2329,\"height\":1721,\"caption\":\"Runes of Magic-Infos\"},\"image\":{\"@id\":\"https:\\\/\\\/www.runesofmagic-infos.com\\\/es\\\/#\\\/schema\\\/logo\\\/image\\\/\"}}]}<\/script>\n<!-- \/ Yoast SEO plugin. -->","yoast_head_json":{"title":"La tumba ciudad de los espejos (dif\u00edcil) - Runes of Magic-Infos","robots":{"index":"index","follow":"follow","max-snippet":"max-snippet:-1","max-image-preview":"max-image-preview:large","max-video-preview":"max-video-preview:-1"},"canonical":"https:\/\/www.runesofmagic-infos.com\/es\/la-tumba-ciudad-de-los-espejos-dificil\/","og_locale":"es_ES","og_type":"article","og_title":"La tumba ciudad de los espejos (dif\u00edcil) - Runes of Magic-Infos","og_description":"\u00bfSe han despertado su curiosidad y su sed de aventuras? A partir de ahora, dir\u00edgete a Aslan Sur para llegar a la Tumba Ciudad de los Espejos (dif\u00edcil). All\u00ed te esperan poderosos adversarios. Por lo tanto, deber\u00edas llevar contigo a algunos de tus amigos h\u00e9roes para enfrentarte a los cinco [&hellip;]","og_url":"https:\/\/www.runesofmagic-infos.com\/es\/la-tumba-ciudad-de-los-espejos-dificil\/","og_site_name":"Runes of Magic-Infos","twitter_card":"summary_large_image","twitter_misc":{"Tiempo de lectura":"1 minuto"},"schema":{"@context":"https:\/\/schema.org","@graph":[{"@type":"WebPage","@id":"https:\/\/www.runesofmagic-infos.com\/es\/la-tumba-ciudad-de-los-espejos-dificil\/","url":"https:\/\/www.runesofmagic-infos.com\/es\/la-tumba-ciudad-de-los-espejos-dificil\/","name":"La tumba ciudad de los espejos (dif\u00edcil) - Runes of Magic-Infos","isPartOf":{"@id":"https:\/\/www.runesofmagic-infos.com\/es\/#website"},"datePublished":"2024-04-18T16:06:55+00:00","breadcrumb":{"@id":"https:\/\/www.runesofmagic-infos.com\/es\/la-tumba-ciudad-de-los-espejos-dificil\/#breadcrumb"},"inLanguage":"es","potentialAction":[{"@type":"ReadAction","target":["https:\/\/www.runesofmagic-infos.com\/es\/la-tumba-ciudad-de-los-espejos-dificil\/"]}]},{"@type":"BreadcrumbList","@id":"https:\/\/www.runesofmagic-infos.com\/es\/la-tumba-ciudad-de-los-espejos-dificil\/#breadcrumb","itemListElement":[{"@type":"ListItem","position":1,"name":"Startseite","item":"https:\/\/www.runesofmagic-infos.com\/es\/"},{"@type":"ListItem","position":2,"name":"La tumba ciudad de los espejos (dif\u00edcil)"}]},{"@type":"WebSite","@id":"https:\/\/www.runesofmagic-infos.com\/es\/#website","url":"https:\/\/www.runesofmagic-infos.com\/es\/","name":"Runes of Magic-Infos","description":"","publisher":{"@id":"https:\/\/www.runesofmagic-infos.com\/es\/#organization"},"potentialAction":[{"@type":"SearchAction","target":{"@type":"EntryPoint","urlTemplate":"https:\/\/www.runesofmagic-infos.com\/es\/?s={search_term_string}"},"query-input":{"@type":"PropertyValueSpecification","valueRequired":true,"valueName":"search_term_string"}}],"inLanguage":"es"},{"@type":"Organization","@id":"https:\/\/www.runesofmagic-infos.com\/es\/#organization","name":"Runes of Magic-Infos","url":"https:\/\/www.runesofmagic-infos.com\/es\/","logo":{"@type":"ImageObject","inLanguage":"es","@id":"https:\/\/www.runesofmagic-infos.com\/es\/#\/schema\/logo\/image\/","url":"https:\/\/www.runesofmagic-infos.com\/wp-content\/uploads\/2024\/01\/ROM-Infos-Original-Logo.png","contentUrl":"https:\/\/www.runesofmagic-infos.com\/wp-content\/uploads\/2024\/01\/ROM-Infos-Original-Logo.png","width":2329,"height":1721,"caption":"Runes of Magic-Infos"},"image":{"@id":"https:\/\/www.runesofmagic-infos.com\/es\/#\/schema\/logo\/image\/"}}]}},"_links":{"self":[{"href":"https:\/\/www.runesofmagic-infos.com\/es\/wp-json\/wp\/v2\/pages\/3855","targetHints":{"allow":["GET"]}}],"collection":[{"href":"https:\/\/www.runesofmagic-infos.com\/es\/wp-json\/wp\/v2\/pages"}],"about":[{"href":"https:\/\/www.runesofmagic-infos.com\/es\/wp-json\/wp\/v2\/types\/page"}],"author":[{"embeddable":true,"href":"https:\/\/www.runesofmagic-infos.com\/es\/wp-json\/wp\/v2\/users\/1"}],"replies":[{"embeddable":true,"href":"https:\/\/www.runesofmagic-infos.com\/es\/wp-json\/wp\/v2\/comments?post=3855"}],"version-history":[{"count":0,"href":"https:\/\/www.runesofmagic-infos.com\/es\/wp-json\/wp\/v2\/pages\/3855\/revisions"}],"wp:attachment":[{"href":"https:\/\/www.runesofmagic-infos.com\/es\/wp-json\/wp\/v2\/media?parent=3855"}],"curies":[{"name":"wp","href":"https:\/\/api.w.org\/{rel}","templated":true}]}}