{"id":3498,"date":"2024-03-24T13:02:05","date_gmt":"2024-03-24T13:02:05","guid":{"rendered":"https:\/\/www.runesofmagic-infos.com\/juego-de-supervivencia-malatina\/"},"modified":"2024-04-02T15:30:47","modified_gmt":"2024-04-02T15:30:47","slug":"juego-de-supervivencia-malatina","status":"publish","type":"page","link":"https:\/\/www.runesofmagic-infos.com\/es\/juego-de-supervivencia-malatina\/","title":{"rendered":"Juego de supervivencia Malatina"},"content":{"rendered":"\n<p><strong>El juego de vida o muerte de Malatina<\/strong>&nbsp;<\/p>\n\n\n\n<p>(o en pocas palabras: <em>juego de supervivencia<\/em>)&nbsp;<\/p>\n\n\n\n<figure class=\"wp-block-image size-full\"><img loading=\"lazy\" decoding=\"async\" width=\"413\" height=\"664\" src=\"https:\/\/www.runesofmagic-infos.com\/wp-content\/uploads\/2024\/03\/image-1.jpeg\" alt=\"\" class=\"wp-image-3520\" srcset=\"https:\/\/www.runesofmagic-infos.com\/wp-content\/uploads\/2024\/03\/image-1.jpeg 413w, https:\/\/www.runesofmagic-infos.com\/wp-content\/uploads\/2024\/03\/image-1-187x300.jpeg 187w\" sizes=\"auto, (max-width: 413px) 100vw, 413px\" \/><\/figure>\n\n\n\n<p>Tu tarea consiste en excavar 36 campos en 10 minutos, abrir las 12 cajas y sobrevivir.&nbsp;<\/p>\n\n\n\n<p>Las recompensas son materias primas de gremio, martillos de reparaci\u00f3n simples, pociones de Phirius, elixires de Phirius, aguas especiales de Phirius, materias primas para artesan\u00eda (adaptadas al nivel del jugador), materiales para construir instrumentos musicales, runas de nivel IV, fichas de Phirius, recetas para muebles de jefe y una carga para el Transformador Arcano. Si la clase principal es al menos de nivel 50, recibir\u00e1s 30 proyectiles Phirius adicionales. Los oponentes tambi\u00e9n dejan caer <em>runas de limpieza <\/em>.  <\/p>\n\n\n\n<figure class=\"wp-block-image size-full\"><img loading=\"lazy\" decoding=\"async\" width=\"290\" height=\"595\" src=\"https:\/\/www.runesofmagic-infos.com\/wp-content\/uploads\/2024\/03\/image-2.jpeg\" alt=\"\" class=\"wp-image-3530\" srcset=\"https:\/\/www.runesofmagic-infos.com\/wp-content\/uploads\/2024\/03\/image-2.jpeg 290w, https:\/\/www.runesofmagic-infos.com\/wp-content\/uploads\/2024\/03\/image-2-146x300.jpeg 146w\" sizes=\"auto, (max-width: 290px) 100vw, 290px\" \/><\/figure>\n\n\n\n<p>Tambi\u00e9n hay 3 t\u00edtulos diferentes que conseguir, todos ellos utilizables en el sistema de t\u00edtulos:  <\/p>\n\n\n\n<ul class=\"wp-block-list\">\n<li><strong>\n  <em>Superviviente del juego de Malatina <\/em>\n<\/strong>por completar con \u00e9xito la tarea. S\u00f3lo tiene que volver a ponerse en contacto con Malatina.  <\/li>\n<\/ul>\n\n\n\n<ul class=\"wp-block-list\">\n<li><strong>\n  <em>Malatinike <\/em>\n<\/strong>por completar la tarea 30 veces. Este t\u00edtulo tambi\u00e9n proporciona tres \u00fatiles bonificaciones: +15 a la defensa f\u00edsica, +2 a todos los atributos y +100 puntos de salud m\u00e1ximos.&nbsp;<\/li>\n\n\n\n<li><strong>\n  <em>Rey de los topos <\/em>\n<\/strong>cuando hayas completado la tarea 100 veces. Este t\u00edtulo tambi\u00e9n aporta tres bonificaciones: +25 a la defensa f\u00edsica, +6 a todos los atributos y +200 puntos de salud m\u00e1ximos.&nbsp;<\/li>\n<\/ul>\n\n\n\n<p>En cuanto te acerques a <strong>Malatina <\/strong>en la plaza del pueblo de Varanas, te ofrecer\u00e1 la posibilidad de participar en el \u00abJuego de supervivencia\u00bb por 30 fichas de Phirius. En cuanto haya aceptado el reto, ser\u00e1 transportado a la zona del evento.&nbsp;<\/p>\n\n\n\n<p>El juego se desarrolla en una zona separada a la que s\u00f3lo t\u00fa tienes acceso. As\u00ed que aqu\u00ed no te molestar\u00e1n otros jugadores. <strong>Hill Joker <\/strong>te espera all\u00ed para explicarte las reglas, llevarte de vuelta a la plaza del pueblo o iniciar el evento. Tambi\u00e9n puede llegar a un \u00abOtro acuerdo\u00bb a trav\u00e9s de las normas. A cambio de una poci\u00f3n<em>\u00abRedenci\u00f3n del F\u00e9nix<\/em>\u00ab, Hill Joker elimina a los guardias y s\u00f3lo tienes que desenterrar los campos.&nbsp;<\/p>\n\n\n\n<figure class=\"wp-block-image size-large\"><img loading=\"lazy\" decoding=\"async\" width=\"1024\" height=\"480\" src=\"https:\/\/www.runesofmagic-infos.com\/wp-content\/uploads\/2024\/03\/image-3-1024x480.jpeg\" alt=\"\" class=\"wp-image-3535\" srcset=\"https:\/\/www.runesofmagic-infos.com\/wp-content\/uploads\/2024\/03\/image-3-1024x480.jpeg 1024w, https:\/\/www.runesofmagic-infos.com\/wp-content\/uploads\/2024\/03\/image-3-300x140.jpeg 300w, https:\/\/www.runesofmagic-infos.com\/wp-content\/uploads\/2024\/03\/image-3-768x360.jpeg 768w, https:\/\/www.runesofmagic-infos.com\/wp-content\/uploads\/2024\/03\/image-3.jpeg 1119w\" sizes=\"auto, (max-width: 1024px) 100vw, 1024px\" \/><\/figure>\n\n\n\n<p>En cuanto hayas aceptado directamente el desaf\u00edo o entregado a Hill Joker la<em>\u00abRedenci\u00f3n del F\u00e9nix<\/em>\u00ab, comenzar\u00e1 el juego y el tiempo empezar\u00e1 a correr. A partir de ahora, tienes 10 minutos para desenterrar las 36 baldosas y abrir las 12 cajas. <em>La varita de Malatina<\/em>, en el centro del campo de juego, est\u00e1 conectada a las <em>M\u00e1quinas Bizarras <\/em>del borde del campo de juego y lanza varios hechizos de \u00e1rea en cuanto te interpones entre la varita y una <em>M\u00e1quina Bizarra <\/em>. En cuanto destruyas una <em>M\u00e1quina Bizarra <\/em>, aparecer\u00e1 un <em>Esp\u00edritu de Roca Guardi\u00e1n<\/em>. Tambi\u00e9n hay que retirarlo antes de excavar la baldosa.  <\/p>\n\n\n\n<figure class=\"wp-block-image size-full\"><img loading=\"lazy\" decoding=\"async\" width=\"544\" height=\"660\" src=\"https:\/\/www.runesofmagic-infos.com\/wp-content\/uploads\/2024\/03\/image-4.jpeg\" alt=\"\" class=\"wp-image-3541\" srcset=\"https:\/\/www.runesofmagic-infos.com\/wp-content\/uploads\/2024\/03\/image-4.jpeg 544w, https:\/\/www.runesofmagic-infos.com\/wp-content\/uploads\/2024\/03\/image-4-247x300.jpeg 247w\" sizes=\"auto, (max-width: 544px) 100vw, 544px\" \/><\/figure>\n\n\n\n<p>Una vez que te hayas librado de la baldosa y la hayas desenterrado, tienes cuatro opciones:  <\/p>\n\n\n\n<ul class=\"wp-block-list\">\n<li>uno de los 12 cofres del campo de juego&nbsp;<\/li>\n\n\n\n<li>una <em>bomba <\/em>(peque\u00f1a, mediana o grande) que hace da\u00f1o y te derriba con diferentes alcances&nbsp;<\/li>\n\n\n\n<li>un oponente de \u00e9lite al que tambi\u00e9n tienes que derrotar&nbsp;<\/li>\n\n\n\n<li>una casilla vac\u00eda, tras lo cual <em>la varita de Malatina <\/em>cura, acelera o derriba e inflige da\u00f1o&nbsp;<\/li>\n<\/ul>\n\n\n\n<p>Hay apoyo en las cuatro esquinas del campo. A la derecha de la entrada y en diagonal al otro lado se obtiene la curaci\u00f3n. En las otras dos esquinas puedes ser teletransportado y acabar en la entrada de la derecha.&nbsp;<\/p>\n\n\n\n<p>El nivel de los oponentes depende de tu propio nivel:&nbsp;<\/p>\n\n\n\n<figure class=\"wp-block-table\"><table><tbody><tr><td><strong><em>Nivel del jugador<\/em><\/strong>&nbsp;<\/td><td><strong><em>Guardando el esp\u00edritu del rock<\/em><\/strong>&nbsp;<\/td><td><strong><em>Defensor de la guardia<\/em><\/strong>&nbsp;<\/td><td><strong><em>Demonio del acantilado<\/em><\/strong>&nbsp;<\/td><\/tr><tr><td>1-30&nbsp;<\/td><td>20&nbsp;<\/td><td>20&nbsp;<\/td><td>25&nbsp;<\/td><\/tr><tr><td>21-35&nbsp;<\/td><td>25&nbsp;<\/td><td>25&nbsp;<\/td><td>30&nbsp;<\/td><\/tr><tr><td>36-45&nbsp;<\/td><td>30&nbsp;<\/td><td>30&nbsp;<\/td><td>35&nbsp;<\/td><\/tr><tr><td>46-49&nbsp;<\/td><td>35&nbsp;<\/td><td>35&nbsp;<\/td><td>40&nbsp;<\/td><\/tr><tr><td>50-100&nbsp;<\/td><td>10 niveles inferiores&nbsp;<\/td><td>10 niveles inferiores&nbsp;<\/td><td>5 niveles inferiores&nbsp;<\/td><\/tr><\/tbody><\/table><\/figure>\n\n\n\n<figure class=\"wp-block-image size-full\"><img loading=\"lazy\" decoding=\"async\" width=\"397\" height=\"333\" src=\"https:\/\/www.runesofmagic-infos.com\/wp-content\/uploads\/2024\/03\/image-5.jpeg\" alt=\"\" class=\"wp-image-3546\" srcset=\"https:\/\/www.runesofmagic-infos.com\/wp-content\/uploads\/2024\/03\/image-5.jpeg 397w, https:\/\/www.runesofmagic-infos.com\/wp-content\/uploads\/2024\/03\/image-5-300x252.jpeg 300w\" sizes=\"auto, (max-width: 397px) 100vw, 397px\" \/><\/figure>\n\n\n\n<p>A diferencia de otros minijuegos, aqu\u00ed un mayor nivel de jugador o un mejor equipamiento apenas aportan ventajas. Sin embargo, un t\u00edtulo con mayor velocidad de movimiento y <em>Entusiasmo sin L\u00ed <\/em>mites te da una ventaja de velocidad. \u00a1Atenci\u00f3n! El <em>Entusiasmo ilimitado <\/em>se elimina autom\u00e1ticamente al entrar en el campo de juego, pero puede renovarse.&nbsp;<\/p>\n\n\n\n<p>Las recompensas no son nada especial, pero si quieres mejorar o ampliar tu castillo gremial, puedes llevarte los materiales. Tambi\u00e9n tendr\u00e1s todas las recetas en alg\u00fan momento y s\u00f3lo necesitar\u00e1s las runas para el buff de Haidon. Con el <em>Martillo de Reparaci\u00f3n <\/em>Simple y los materiales para la fabricaci\u00f3n de instrumentos, as\u00ed como la \u00fanica carga para el Transformador Arcano, s\u00f3lo podr\u00e1s atraer a unos pocos jugadores. Sin embargo, los t\u00edtulos del sistema de t\u00edtulos son realmente interesantes. <strong>El Rey de los Topos <\/strong>aporta un 20% de drop rate (los otros dos 10% y 15% respectivamente). Una ventaja que merece la pena para los cultivadores de tarjetas.&nbsp;<\/p>\n","protected":false},"excerpt":{"rendered":"<p>El juego de vida o muerte de Malatina&nbsp; (o en pocas palabras: juego de supervivencia)&nbsp; Tu tarea consiste en excavar 36 campos en 10 minutos, abrir las 12 cajas y sobrevivir.&nbsp; Las recompensas son materias primas de gremio, martillos de reparaci\u00f3n simples, pociones de Phirius, elixires de Phirius, aguas especiales [&hellip;]<\/p>\n","protected":false},"author":1,"featured_media":0,"parent":0,"menu_order":0,"comment_status":"closed","ping_status":"closed","template":"","meta":{"footnotes":""},"class_list":["post-3498","page","type-page","status-publish","hentry"],"yoast_head":"<!-- This site is optimized with the Yoast SEO plugin v27.5 - https:\/\/yoast.com\/product\/yoast-seo-wordpress\/ -->\n<title>Juego de supervivencia Malatina - Runes of Magic-Infos<\/title>\n<meta name=\"robots\" content=\"index, follow, max-snippet:-1, max-image-preview:large, max-video-preview:-1\" \/>\n<link rel=\"canonical\" href=\"https:\/\/www.runesofmagic-infos.com\/es\/juego-de-supervivencia-malatina\/\" \/>\n<meta property=\"og:locale\" content=\"es_ES\" \/>\n<meta property=\"og:type\" content=\"article\" \/>\n<meta property=\"og:title\" content=\"Juego de supervivencia Malatina - Runes of Magic-Infos\" \/>\n<meta property=\"og:description\" content=\"El juego de vida o muerte de Malatina&nbsp; (o en pocas palabras: juego de supervivencia)&nbsp; Tu tarea consiste en excavar 36 campos en 10 minutos, abrir las 12 cajas y sobrevivir.&nbsp; Las recompensas son materias primas de gremio, martillos de reparaci\u00f3n simples, pociones de Phirius, elixires de Phirius, aguas especiales [&hellip;]\" \/>\n<meta property=\"og:url\" content=\"https:\/\/www.runesofmagic-infos.com\/es\/juego-de-supervivencia-malatina\/\" \/>\n<meta property=\"og:site_name\" content=\"Runes of Magic-Infos\" \/>\n<meta property=\"article:modified_time\" content=\"2024-04-02T15:30:47+00:00\" \/>\n<meta property=\"og:image\" content=\"https:\/\/www.runesofmagic-infos.com\/wp-content\/uploads\/2024\/03\/image-1.jpeg\" \/>\n<meta name=\"twitter:card\" content=\"summary_large_image\" \/>\n<meta name=\"twitter:label1\" content=\"Tiempo de lectura\" \/>\n\t<meta name=\"twitter:data1\" content=\"4 minutos\" \/>\n<script type=\"application\/ld+json\" class=\"yoast-schema-graph\">{\"@context\":\"https:\\\/\\\/schema.org\",\"@graph\":[{\"@type\":\"WebPage\",\"@id\":\"https:\\\/\\\/www.runesofmagic-infos.com\\\/es\\\/juego-de-supervivencia-malatina\\\/\",\"url\":\"https:\\\/\\\/www.runesofmagic-infos.com\\\/es\\\/juego-de-supervivencia-malatina\\\/\",\"name\":\"Juego de supervivencia Malatina - Runes of Magic-Infos\",\"isPartOf\":{\"@id\":\"https:\\\/\\\/www.runesofmagic-infos.com\\\/es\\\/#website\"},\"primaryImageOfPage\":{\"@id\":\"https:\\\/\\\/www.runesofmagic-infos.com\\\/es\\\/juego-de-supervivencia-malatina\\\/#primaryimage\"},\"image\":{\"@id\":\"https:\\\/\\\/www.runesofmagic-infos.com\\\/es\\\/juego-de-supervivencia-malatina\\\/#primaryimage\"},\"thumbnailUrl\":\"https:\\\/\\\/www.runesofmagic-infos.com\\\/wp-content\\\/uploads\\\/2024\\\/03\\\/image-1.jpeg\",\"datePublished\":\"2024-03-24T13:02:05+00:00\",\"dateModified\":\"2024-04-02T15:30:47+00:00\",\"breadcrumb\":{\"@id\":\"https:\\\/\\\/www.runesofmagic-infos.com\\\/es\\\/juego-de-supervivencia-malatina\\\/#breadcrumb\"},\"inLanguage\":\"es\",\"potentialAction\":[{\"@type\":\"ReadAction\",\"target\":[\"https:\\\/\\\/www.runesofmagic-infos.com\\\/es\\\/juego-de-supervivencia-malatina\\\/\"]}]},{\"@type\":\"ImageObject\",\"inLanguage\":\"es\",\"@id\":\"https:\\\/\\\/www.runesofmagic-infos.com\\\/es\\\/juego-de-supervivencia-malatina\\\/#primaryimage\",\"url\":\"https:\\\/\\\/www.runesofmagic-infos.com\\\/wp-content\\\/uploads\\\/2024\\\/03\\\/image-1.jpeg\",\"contentUrl\":\"https:\\\/\\\/www.runesofmagic-infos.com\\\/wp-content\\\/uploads\\\/2024\\\/03\\\/image-1.jpeg\"},{\"@type\":\"BreadcrumbList\",\"@id\":\"https:\\\/\\\/www.runesofmagic-infos.com\\\/es\\\/juego-de-supervivencia-malatina\\\/#breadcrumb\",\"itemListElement\":[{\"@type\":\"ListItem\",\"position\":1,\"name\":\"Startseite\",\"item\":\"https:\\\/\\\/www.runesofmagic-infos.com\\\/es\\\/\"},{\"@type\":\"ListItem\",\"position\":2,\"name\":\"Juego de supervivencia Malatina\"}]},{\"@type\":\"WebSite\",\"@id\":\"https:\\\/\\\/www.runesofmagic-infos.com\\\/es\\\/#website\",\"url\":\"https:\\\/\\\/www.runesofmagic-infos.com\\\/es\\\/\",\"name\":\"Runes of Magic-Infos\",\"description\":\"\",\"publisher\":{\"@id\":\"https:\\\/\\\/www.runesofmagic-infos.com\\\/es\\\/#organization\"},\"potentialAction\":[{\"@type\":\"SearchAction\",\"target\":{\"@type\":\"EntryPoint\",\"urlTemplate\":\"https:\\\/\\\/www.runesofmagic-infos.com\\\/es\\\/?s={search_term_string}\"},\"query-input\":{\"@type\":\"PropertyValueSpecification\",\"valueRequired\":true,\"valueName\":\"search_term_string\"}}],\"inLanguage\":\"es\"},{\"@type\":\"Organization\",\"@id\":\"https:\\\/\\\/www.runesofmagic-infos.com\\\/es\\\/#organization\",\"name\":\"Runes of Magic-Infos\",\"url\":\"https:\\\/\\\/www.runesofmagic-infos.com\\\/es\\\/\",\"logo\":{\"@type\":\"ImageObject\",\"inLanguage\":\"es\",\"@id\":\"https:\\\/\\\/www.runesofmagic-infos.com\\\/es\\\/#\\\/schema\\\/logo\\\/image\\\/\",\"url\":\"https:\\\/\\\/www.runesofmagic-infos.com\\\/wp-content\\\/uploads\\\/2024\\\/01\\\/ROM-Infos-Original-Logo.png\",\"contentUrl\":\"https:\\\/\\\/www.runesofmagic-infos.com\\\/wp-content\\\/uploads\\\/2024\\\/01\\\/ROM-Infos-Original-Logo.png\",\"width\":2329,\"height\":1721,\"caption\":\"Runes of Magic-Infos\"},\"image\":{\"@id\":\"https:\\\/\\\/www.runesofmagic-infos.com\\\/es\\\/#\\\/schema\\\/logo\\\/image\\\/\"}}]}<\/script>\n<!-- \/ Yoast SEO plugin. -->","yoast_head_json":{"title":"Juego de supervivencia Malatina - Runes of Magic-Infos","robots":{"index":"index","follow":"follow","max-snippet":"max-snippet:-1","max-image-preview":"max-image-preview:large","max-video-preview":"max-video-preview:-1"},"canonical":"https:\/\/www.runesofmagic-infos.com\/es\/juego-de-supervivencia-malatina\/","og_locale":"es_ES","og_type":"article","og_title":"Juego de supervivencia Malatina - Runes of Magic-Infos","og_description":"El juego de vida o muerte de Malatina&nbsp; (o en pocas palabras: juego de supervivencia)&nbsp; Tu tarea consiste en excavar 36 campos en 10 minutos, abrir las 12 cajas y sobrevivir.&nbsp; Las recompensas son materias primas de gremio, martillos de reparaci\u00f3n simples, pociones de Phirius, elixires de Phirius, aguas especiales [&hellip;]","og_url":"https:\/\/www.runesofmagic-infos.com\/es\/juego-de-supervivencia-malatina\/","og_site_name":"Runes of Magic-Infos","article_modified_time":"2024-04-02T15:30:47+00:00","og_image":[{"url":"https:\/\/www.runesofmagic-infos.com\/wp-content\/uploads\/2024\/03\/image-1.jpeg","type":"","width":"","height":""}],"twitter_card":"summary_large_image","twitter_misc":{"Tiempo de lectura":"4 minutos"},"schema":{"@context":"https:\/\/schema.org","@graph":[{"@type":"WebPage","@id":"https:\/\/www.runesofmagic-infos.com\/es\/juego-de-supervivencia-malatina\/","url":"https:\/\/www.runesofmagic-infos.com\/es\/juego-de-supervivencia-malatina\/","name":"Juego de supervivencia Malatina - Runes of Magic-Infos","isPartOf":{"@id":"https:\/\/www.runesofmagic-infos.com\/es\/#website"},"primaryImageOfPage":{"@id":"https:\/\/www.runesofmagic-infos.com\/es\/juego-de-supervivencia-malatina\/#primaryimage"},"image":{"@id":"https:\/\/www.runesofmagic-infos.com\/es\/juego-de-supervivencia-malatina\/#primaryimage"},"thumbnailUrl":"https:\/\/www.runesofmagic-infos.com\/wp-content\/uploads\/2024\/03\/image-1.jpeg","datePublished":"2024-03-24T13:02:05+00:00","dateModified":"2024-04-02T15:30:47+00:00","breadcrumb":{"@id":"https:\/\/www.runesofmagic-infos.com\/es\/juego-de-supervivencia-malatina\/#breadcrumb"},"inLanguage":"es","potentialAction":[{"@type":"ReadAction","target":["https:\/\/www.runesofmagic-infos.com\/es\/juego-de-supervivencia-malatina\/"]}]},{"@type":"ImageObject","inLanguage":"es","@id":"https:\/\/www.runesofmagic-infos.com\/es\/juego-de-supervivencia-malatina\/#primaryimage","url":"https:\/\/www.runesofmagic-infos.com\/wp-content\/uploads\/2024\/03\/image-1.jpeg","contentUrl":"https:\/\/www.runesofmagic-infos.com\/wp-content\/uploads\/2024\/03\/image-1.jpeg"},{"@type":"BreadcrumbList","@id":"https:\/\/www.runesofmagic-infos.com\/es\/juego-de-supervivencia-malatina\/#breadcrumb","itemListElement":[{"@type":"ListItem","position":1,"name":"Startseite","item":"https:\/\/www.runesofmagic-infos.com\/es\/"},{"@type":"ListItem","position":2,"name":"Juego de supervivencia Malatina"}]},{"@type":"WebSite","@id":"https:\/\/www.runesofmagic-infos.com\/es\/#website","url":"https:\/\/www.runesofmagic-infos.com\/es\/","name":"Runes of Magic-Infos","description":"","publisher":{"@id":"https:\/\/www.runesofmagic-infos.com\/es\/#organization"},"potentialAction":[{"@type":"SearchAction","target":{"@type":"EntryPoint","urlTemplate":"https:\/\/www.runesofmagic-infos.com\/es\/?s={search_term_string}"},"query-input":{"@type":"PropertyValueSpecification","valueRequired":true,"valueName":"search_term_string"}}],"inLanguage":"es"},{"@type":"Organization","@id":"https:\/\/www.runesofmagic-infos.com\/es\/#organization","name":"Runes of Magic-Infos","url":"https:\/\/www.runesofmagic-infos.com\/es\/","logo":{"@type":"ImageObject","inLanguage":"es","@id":"https:\/\/www.runesofmagic-infos.com\/es\/#\/schema\/logo\/image\/","url":"https:\/\/www.runesofmagic-infos.com\/wp-content\/uploads\/2024\/01\/ROM-Infos-Original-Logo.png","contentUrl":"https:\/\/www.runesofmagic-infos.com\/wp-content\/uploads\/2024\/01\/ROM-Infos-Original-Logo.png","width":2329,"height":1721,"caption":"Runes of Magic-Infos"},"image":{"@id":"https:\/\/www.runesofmagic-infos.com\/es\/#\/schema\/logo\/image\/"}}]}},"_links":{"self":[{"href":"https:\/\/www.runesofmagic-infos.com\/es\/wp-json\/wp\/v2\/pages\/3498","targetHints":{"allow":["GET"]}}],"collection":[{"href":"https:\/\/www.runesofmagic-infos.com\/es\/wp-json\/wp\/v2\/pages"}],"about":[{"href":"https:\/\/www.runesofmagic-infos.com\/es\/wp-json\/wp\/v2\/types\/page"}],"author":[{"embeddable":true,"href":"https:\/\/www.runesofmagic-infos.com\/es\/wp-json\/wp\/v2\/users\/1"}],"replies":[{"embeddable":true,"href":"https:\/\/www.runesofmagic-infos.com\/es\/wp-json\/wp\/v2\/comments?post=3498"}],"version-history":[{"count":7,"href":"https:\/\/www.runesofmagic-infos.com\/es\/wp-json\/wp\/v2\/pages\/3498\/revisions"}],"predecessor-version":[{"id":3694,"href":"https:\/\/www.runesofmagic-infos.com\/es\/wp-json\/wp\/v2\/pages\/3498\/revisions\/3694"}],"wp:attachment":[{"href":"https:\/\/www.runesofmagic-infos.com\/es\/wp-json\/wp\/v2\/media?parent=3498"}],"curies":[{"name":"wp","href":"https:\/\/api.w.org\/{rel}","templated":true}]}}