{"id":3194,"date":"2024-02-24T19:23:58","date_gmt":"2024-02-24T19:23:58","guid":{"rendered":"https:\/\/www.runesofmagic-infos.com\/conservador\/"},"modified":"2024-10-16T17:41:20","modified_gmt":"2024-10-16T17:41:20","slug":"conservador","status":"publish","type":"page","link":"https:\/\/www.runesofmagic-infos.com\/es\/conservador\/","title":{"rendered":"Conservador"},"content":{"rendered":"\n<h1 class=\"wp-block-heading\">\u00b7&nbsp;&nbsp;&nbsp;&nbsp;&nbsp;&nbsp;&nbsp;Allgemeines<\/h1>\n\n\n\n<p>Los preservadores son la clase tanque de los elfos, pero especialmente como \/guerrero o \/scout son especialmente adecuados como DD.<\/p>\n\n\n\n<p>Incluso si te conviertes en un tanque con algunas mejoras adicionales. (Al menos en \/Guerrero) <\/p>\n\n\n\n<p>Esta gu\u00eda se centrar\u00e1 principalmente en el Bewa como DD.<\/p>\n\n\n\n<p>Las combinaciones ex\u00f3ticas como \/Dudu est\u00e1n excluidas por el momento. Aunque estos combos se utilizan en nichos, no se ven con frecuencia. <\/p>\n\n\n\n<p>o&nbsp;&nbsp;&nbsp;&nbsp;Bewahrer\/Krieger:<\/p>\n\n\n\n<p>Con diferencia, una de las mejores clases en solitario del juego. Se puede jugar como DD y como tanque. Puede alcanzar algunos de los valores de Def y DMG m\u00e1s extremos del juego, por lo que tiene una base estable en cualquier situaci\u00f3n. Ya sea en solitario cultivando jefes del mundo o como DD en los inis m\u00e1s altos.   <\/p>\n\n\n\n<p>o&nbsp;&nbsp;&nbsp;&nbsp;Bewahrer\/Kundschafter<\/p>\n\n\n\n<p>Una s\u00f3lida mezcla de apoyo y DD.<\/p>\n\n\n\n<p>Se puede jugar con el Quir\u00f3n en un papel de DD o con el Cristal de la Naturaleza en un papel m\u00e1s centrado en el apoyo.<\/p>\n\n\n\n<p>El aumento de moral siempre es un potenciador de DMG muy bienvenido para el grupo.<\/p>\n\n\n\n<h1 class=\"wp-block-heading\">\u00b7&nbsp;&nbsp;&nbsp;&nbsp;&nbsp;&nbsp;&nbsp;Stattung<\/h1>\n\n\n\n<p>Este punto se puede tratar con bastante rapidez. Encadena equipo con 6x fuerza\/ataque f\u00edsico. Como PDD, el valor PAtk m\u00e1s alto posible es esencial para el cumplimiento de esta tarea.  <\/p>\n\n\n\n<p>La \u00fanica excepci\u00f3n, por supuesto, es el Bewa\/Guerrero como tanque. Aqu\u00ed, adem\u00e1s del equipo de cadenas, es aconsejable tener un equipo de placas con mucha resistencia\/defensa f\u00edsica y resistencia\/HP m\u00e1xima. <\/p>\n\n\n\n<h1 class=\"wp-block-heading\">\u00b7&nbsp;&nbsp;&nbsp;&nbsp;&nbsp;&nbsp;&nbsp;Setskills<\/h1>\n\n\n\n<p>Recuperaci\u00f3n de energ\u00eda (Mementos Dalanis)<\/p>\n\n\n\n<p>Contrato vinculante (Tumba de los Siete H\u00e9roes)<\/p>\n\n\n\n<p>Sombra de la niebla (Betomia)<\/p>\n\n\n\n<p>Confusi\u00f3n de codicia (Gruta del horror)<\/p>\n\n\n\n<p>Ataque del esp\u00edritu animal (pincho de hueso)<\/p>\n\n\n\n<h1 class=\"wp-block-heading\">\u00b7&nbsp;&nbsp;&nbsp;&nbsp;&nbsp;&nbsp;&nbsp;Rotation<\/h1>\n\n\n\n<p>B\u00e1sicamente, se recomienda un motor macro o de combate para el Conservador debido a la forma en que juega. (Kitty, Diyce) <\/p>\n\n\n\n<p>La gran cantidad de DMG que produce el Conservador se debe a que el propio Tajo cargado no provoca un Enfriamiento global, sino que s\u00f3lo tiene 1 segundo de CD, que comparte con Poder del esp\u00edritu arb\u00f3reo.<\/p>\n\n\n\n<p>Para la Rota, esto significa generalmente que siempre puedes establecer Tajo Cargado y una habilidad adicional por segmento de Enfriamiento Global. Es posible controlarlo todo a mano, pero la mayor\u00eda de la gente que pueda hacerlo no necesitar\u00e1 esta gu\u00eda en ning\u00fan caso. <\/p>\n\n\n\n<p>&nbsp;&nbsp;&nbsp;&nbsp;o Combo Kitty para el Bewa\/Guerrero:<\/p>\n\n\n\n<p><strong>Visi\u00f3n general de Das Kitty:<\/strong><\/p>\n\n\n\n<figure class=\"wp-block-image size-full\"><img loading=\"lazy\" decoding=\"async\" width=\"945\" height=\"863\" src=\"https:\/\/www.runesofmagic-infos.com\/wp-content\/uploads\/2024\/02\/pasted-from-clipboard-11.png\" alt=\"\" class=\"wp-image-3178\" srcset=\"https:\/\/www.runesofmagic-infos.com\/wp-content\/uploads\/2024\/02\/pasted-from-clipboard-11.png 945w, https:\/\/www.runesofmagic-infos.com\/wp-content\/uploads\/2024\/02\/pasted-from-clipboard-11-300x274.png 300w, https:\/\/www.runesofmagic-infos.com\/wp-content\/uploads\/2024\/02\/pasted-from-clipboard-11-768x701.png 768w\" sizes=\"auto, (max-width: 945px) 100vw, 945px\" \/><\/figure>\n\n\n\n<p><strong>Establece lo siguiente:<\/strong><\/p>\n\n\n\n<p>Maleza enfurecida:<\/p>\n\n\n\n<p>Sin condici\u00f3n en la Rota est\u00e1ndar. Pero no tiene GBC por lo tanto en la posici\u00f3n 1 <\/p>\n\n\n\n<p>Control de impulsos:<\/p>\n\n\n\n<figure class=\"wp-block-image size-full\"><img loading=\"lazy\" decoding=\"async\" width=\"945\" height=\"131\" src=\"https:\/\/www.runesofmagic-infos.com\/wp-content\/uploads\/2024\/02\/pasted-from-clipboard-10.png\" alt=\"\" class=\"wp-image-3173\" srcset=\"https:\/\/www.runesofmagic-infos.com\/wp-content\/uploads\/2024\/02\/pasted-from-clipboard-10.png 945w, https:\/\/www.runesofmagic-infos.com\/wp-content\/uploads\/2024\/02\/pasted-from-clipboard-10-300x42.png 300w, https:\/\/www.runesofmagic-infos.com\/wp-content\/uploads\/2024\/02\/pasted-from-clipboard-10-768x106.png 768w\" sizes=\"auto, (max-width: 945px) 100vw, 945px\" \/><\/figure>\n\n\n\n<p>Ataque del esp\u00edritu animal:<\/p>\n\n\n\n<p>Ninguna condici\u00f3n en la Rota est\u00e1ndar.<\/p>\n\n\n\n<p>Golpe de bestia:<\/p>\n\n\n\n<figure class=\"wp-block-image size-full\"><img loading=\"lazy\" decoding=\"async\" width=\"945\" height=\"137\" src=\"https:\/\/www.runesofmagic-infos.com\/wp-content\/uploads\/2024\/02\/pasted-from-clipboard-9.png\" alt=\"\" class=\"wp-image-3168\" srcset=\"https:\/\/www.runesofmagic-infos.com\/wp-content\/uploads\/2024\/02\/pasted-from-clipboard-9.png 945w, https:\/\/www.runesofmagic-infos.com\/wp-content\/uploads\/2024\/02\/pasted-from-clipboard-9-300x43.png 300w, https:\/\/www.runesofmagic-infos.com\/wp-content\/uploads\/2024\/02\/pasted-from-clipboard-9-768x111.png 768w\" sizes=\"auto, (max-width: 945px) 100vw, 945px\" \/><\/figure>\n\n\n\n<p>Corte transversal:<\/p>\n\n\n\n<p>Sin condici\u00f3n. Se autorregula a trav\u00e9s de su CD. <\/p>\n\n\n\n<p>Chuleta:<\/p>\n\n\n\n<figure class=\"wp-block-image size-full\"><img loading=\"lazy\" decoding=\"async\" width=\"945\" height=\"124\" src=\"https:\/\/www.runesofmagic-infos.com\/wp-content\/uploads\/2024\/02\/pasted-from-clipboard-8.png\" alt=\"\" class=\"wp-image-3163\" srcset=\"https:\/\/www.runesofmagic-infos.com\/wp-content\/uploads\/2024\/02\/pasted-from-clipboard-8.png 945w, https:\/\/www.runesofmagic-infos.com\/wp-content\/uploads\/2024\/02\/pasted-from-clipboard-8-300x39.png 300w, https:\/\/www.runesofmagic-infos.com\/wp-content\/uploads\/2024\/02\/pasted-from-clipboard-8-768x101.png 768w\" sizes=\"auto, (max-width: 945px) 100vw, 945px\" \/><\/figure>\n\n\n\n<p>De lo contrario, Slash te dejar\u00e1 sin furia. Siempre debes conservar la Furia para Golpe de Bestia + Control de Pulso. <\/p>\n\n\n\n<p>El portero atento ve esta Rota y piensa para s\u00ed: \u00a1Eh! \u00bfD\u00f3nde est\u00e1 el golpe cargado? <\/p>\n\n\n\n<p>Como ya hemos dicho, siempre puedes pulsar una habilidad normal adem\u00e1s del Tajo Cargado. Por eso escribimos el Tajo Cargado en la propia macro antes de la rotaci\u00f3n del gatito. <\/p>\n\n\n\n<p><strong>Macro:<\/strong><\/p>\n\n\n\n<p>\/lanza Golpe cargado<\/p>\n\n\n\n<p>\/ejecutar Kitty.attack(\u00abWdW_001\u00bb)<\/p>\n\n\n\n<p>\/proyectar ataque<\/p>\n\n\n\n<p><strong>Rotaci\u00f3n en r\u00e1faga:<\/strong><\/p>\n\n\n\n<p>Para obtener una DMG a\u00fan mejor cuando se ejecuta una InI con soporte completo, puedes construir una rotaci\u00f3n adicional. Para ello, basta con copiar la rotaci\u00f3n antigua: <\/p>\n\n\n\n<figure class=\"wp-block-image size-full\"><img loading=\"lazy\" decoding=\"async\" width=\"725\" height=\"75\" src=\"https:\/\/www.runesofmagic-infos.com\/wp-content\/uploads\/2024\/02\/pasted-from-clipboard-7.png\" alt=\"\" class=\"wp-image-3158\" srcset=\"https:\/\/www.runesofmagic-infos.com\/wp-content\/uploads\/2024\/02\/pasted-from-clipboard-7.png 725w, https:\/\/www.runesofmagic-infos.com\/wp-content\/uploads\/2024\/02\/pasted-from-clipboard-7-300x31.png 300w\" sizes=\"auto, (max-width: 725px) 100vw, 725px\" \/><\/figure>\n\n\n\n<p>A continuaci\u00f3n, simplemente cambia el nombre de esta rotaci\u00f3n para que la macro controle realmente la rotaci\u00f3n correcta:<\/p>\n\n\n\n<figure class=\"wp-block-image size-full\"><img loading=\"lazy\" decoding=\"async\" width=\"739\" height=\"67\" src=\"https:\/\/www.runesofmagic-infos.com\/wp-content\/uploads\/2024\/02\/pasted-from-clipboard-6.png\" alt=\"\" class=\"wp-image-3153\" srcset=\"https:\/\/www.runesofmagic-infos.com\/wp-content\/uploads\/2024\/02\/pasted-from-clipboard-6.png 739w, https:\/\/www.runesofmagic-infos.com\/wp-content\/uploads\/2024\/02\/pasted-from-clipboard-6-300x27.png 300w\" sizes=\"auto, (max-width: 739px) 100vw, 739px\" \/><\/figure>\n\n\n\n<p>Para un mejor aprovechamiento en fullburst, a\u00f1adimos 2 estados adicionales en la rotaci\u00f3n:<\/p>\n\n\n\n<p>Maleza enfurecida:<\/p>\n\n\n\n<figure class=\"wp-block-image size-full\"><img loading=\"lazy\" decoding=\"async\" width=\"945\" height=\"121\" src=\"https:\/\/www.runesofmagic-infos.com\/wp-content\/uploads\/2024\/02\/pasted-from-clipboard-5.png\" alt=\"\" class=\"wp-image-3148\" srcset=\"https:\/\/www.runesofmagic-infos.com\/wp-content\/uploads\/2024\/02\/pasted-from-clipboard-5.png 945w, https:\/\/www.runesofmagic-infos.com\/wp-content\/uploads\/2024\/02\/pasted-from-clipboard-5-300x38.png 300w, https:\/\/www.runesofmagic-infos.com\/wp-content\/uploads\/2024\/02\/pasted-from-clipboard-5-768x98.png 768w\" sizes=\"auto, (max-width: 945px) 100vw, 945px\" \/><\/figure>\n\n\n\n<p>Control de impulsos:<\/p>\n\n\n\n<figure class=\"wp-block-image size-full\"><img loading=\"lazy\" decoding=\"async\" width=\"945\" height=\"199\" src=\"https:\/\/www.runesofmagic-infos.com\/wp-content\/uploads\/2024\/02\/pasted-from-clipboard-4.png\" alt=\"\" class=\"wp-image-3143\" srcset=\"https:\/\/www.runesofmagic-infos.com\/wp-content\/uploads\/2024\/02\/pasted-from-clipboard-4.png 945w, https:\/\/www.runesofmagic-infos.com\/wp-content\/uploads\/2024\/02\/pasted-from-clipboard-4-300x63.png 300w, https:\/\/www.runesofmagic-infos.com\/wp-content\/uploads\/2024\/02\/pasted-from-clipboard-4-768x162.png 768w\" sizes=\"auto, (max-width: 945px) 100vw, 945px\" \/><\/figure>\n\n\n\n<p>Todas las dem\u00e1s habilidades permanecen inalteradas.<\/p>\n\n\n\n<p><strong>Macro para la 2\u00aa rotaci\u00f3n:<\/strong><\/p>\n\n\n\n<p>\/lanza Golpe cargado<\/p>\n\n\n\n<p>\/ejecutar Kitty.ataque(\u00abWdW_Burst\u00bb)<\/p>\n\n\n\n<p>\/proyectar ataque<\/p>\n\n\n\n<h2 class=\"wp-block-heading\"><a href=\"\"><\/a>&nbsp;&nbsp;&nbsp;&nbsp;o Kitty Guardi\u00e1n de Rotaci\u00f3n Scout:<\/h2>\n\n\n\n<p><strong>Visi\u00f3n general del Kitty:<\/strong><\/p>\n\n\n\n<figure class=\"wp-block-image size-full\"><img loading=\"lazy\" decoding=\"async\" width=\"945\" height=\"864\" src=\"https:\/\/www.runesofmagic-infos.com\/wp-content\/uploads\/2024\/02\/pasted-from-clipboard-3.png\" alt=\"\" class=\"wp-image-3138\" srcset=\"https:\/\/www.runesofmagic-infos.com\/wp-content\/uploads\/2024\/02\/pasted-from-clipboard-3.png 945w, https:\/\/www.runesofmagic-infos.com\/wp-content\/uploads\/2024\/02\/pasted-from-clipboard-3-300x274.png 300w, https:\/\/www.runesofmagic-infos.com\/wp-content\/uploads\/2024\/02\/pasted-from-clipboard-3-768x702.png 768w\" sizes=\"auto, (max-width: 945px) 100vw, 945px\" \/><\/figure>\n\n\n\n<p><strong>Establece lo siguiente:<\/strong><\/p>\n\n\n\n<p>Flecha vampiro + flecha antimagia:<\/p>\n\n\n\n<figure class=\"wp-block-image size-full\"><img loading=\"lazy\" decoding=\"async\" width=\"945\" height=\"133\" src=\"https:\/\/www.runesofmagic-infos.com\/wp-content\/uploads\/2024\/02\/pasted-from-clipboard-2-1.png\" alt=\"\" class=\"wp-image-3133\" srcset=\"https:\/\/www.runesofmagic-infos.com\/wp-content\/uploads\/2024\/02\/pasted-from-clipboard-2-1.png 945w, https:\/\/www.runesofmagic-infos.com\/wp-content\/uploads\/2024\/02\/pasted-from-clipboard-2-1-300x42.png 300w, https:\/\/www.runesofmagic-infos.com\/wp-content\/uploads\/2024\/02\/pasted-from-clipboard-2-1-768x108.png 768w\" sizes=\"auto, (max-width: 945px) 100vw, 945px\" \/><\/figure>\n\n\n\n<p>Todo lo dem\u00e1s est\u00e1 regulado por los enfriamientos.<\/p>\n\n\n\n<p>Por supuesto, tambi\u00e9n puedes hacer los ajustes adecuados para el estallido completo de esta clase. El principio y los estados son los mismos que para el guardi\u00e1n\/guerrero. (salvo, claro est\u00e1, que se omite la parte del control del pulso) Por eso no entrar\u00e9 en m\u00e1s detalles en este punto.   <\/p>\n\n\n\n<h1 class=\"wp-block-heading\">\u00b7&nbsp;&nbsp;&nbsp;&nbsp;&nbsp;&nbsp;&nbsp;Buffrotationen<\/h1>\n\n\n\n<h2 class=\"wp-block-heading\"><a href=\"\"><\/a>&nbsp;&nbsp;&nbsp;&nbsp;o Rotaci\u00f3n del jefe DD Conservador\/Guerrero:<\/h2>\n\n\n\n<p>Bocadillo de caviar<\/p>\n\n\n\n<p>Recuperaci\u00f3n de energ\u00eda mediante fundici\u00f3n<\/p>\n\n\n\n<p>Berserker<\/p>\n\n\n\n<p>Polvo de descanso (si corres con un 2\u00ba Bewa\/Guerrero puedes omitirlo)<\/p>\n\n\n\n<p>Iniciar m\u00fasica<\/p>\n\n\n\n<p>Poder salvaje<\/p>\n\n\n\n<p>Explosi\u00f3n de poder<\/p>\n\n\n\n<p>Estimulante fuerte<\/p>\n\n\n\n<p>Espera a que acabe la m\u00fasica<\/p>\n\n\n\n<p>L\u00edder feroz<\/p>\n\n\n\n<p>Poci\u00f3n de anulaci\u00f3n<\/p>\n\n\n\n<p>T\u00edtulo BK<\/p>\n\n\n\n<p>Poci\u00f3n universal (Si no necesitas tomar polvos de descanso, se puede sustituir por fuerza de combate<\/p>\n\n\n\n<p>Deslustrando<\/p>\n\n\n\n<p>Absorci\u00f3n de energ\u00eda<\/p>\n\n\n\n<p>Confusi\u00f3n de codicia<\/p>\n\n\n\n<p>Luego, golpea a trav\u00e9s de tu rotaci\u00f3n.<\/p>\n\n\n\n<h2 class=\"wp-block-heading\"><a href=\"\"><\/a>&nbsp;&nbsp;&nbsp;&nbsp;o Guardi\u00e1n de Bossrota\/Cliente:<\/h2>\n\n\n\n<p>Bocadillo de caviar<\/p>\n\n\n\n<p>Iniciar m\u00fasica<\/p>\n\n\n\n<p>Flecha de sangre<\/p>\n\n\n\n<p>Poder salvaje<\/p>\n\n\n\n<p>Explosi\u00f3n de poder<\/p>\n\n\n\n<p>Espera a que acabe la m\u00fasica<\/p>\n\n\n\n<p>El poder del roble<\/p>\n\n\n\n<p>Estimulante fuerte<\/p>\n\n\n\n<p>Subida de moral<\/p>\n\n\n\n<p>Poci\u00f3n de anulaci\u00f3n<\/p>\n\n\n\n<p>T\u00edtulo BK<\/p>\n\n\n\n<p>Deslustrando<\/p>\n\n\n\n<p>Absorci\u00f3n de energ\u00eda<\/p>\n\n\n\n<h2 class=\"wp-block-heading\"><a href=\"\"><\/a>&nbsp;&nbsp;&nbsp;&nbsp;o Jefe de rotaci\u00f3n cuidador de tanques\/guerrero:<\/h2>\n\n\n\n<p>B\u00e1sicamente 1:1 igual que con el DD, excepto que tambi\u00e9n debes rotar tus habilidades de defensa en consecuencia.<\/p>\n\n\n\n<p>\u00a1Y no olvides el esp\u00edritu de roble!<\/p>\n\n\n\n<h1 class=\"wp-block-heading\">\u00b7&nbsp;&nbsp;&nbsp;&nbsp;&nbsp;&nbsp;&nbsp;Bufffood:<\/h1>\n\n\n\n<p>Los potenciadores DD est\u00e1ndar son casi siempre suficientes.<\/p>\n\n\n\n<p>Criada Patk<\/p>\n\n\n\n<p>Atributos de la comida de boda y Dex\/Str\/Patk<\/p>\n\n\n\n<p>Transformaci\u00f3n: Str\/Dex 20% o similar.<\/p>\n\n\n\n<p>Poci\u00f3n heroica<\/p>\n\n\n\n<p>Patk\/dmg Alimentaci\u00f3n<\/p>\n\n\n\n<p>Todo lo dem\u00e1s depende del grupo. B\u00e1sicamente: cuanto m\u00e1s patk, mejor. <\/p>\n\n\n\n<p>Como tanque puedes seguir llevando tarta de cumplea\u00f1os y amor escarlata, y en consecuencia todo lo que d\u00e9 LP\/def.<\/p>\n\n\n\n<p>Adem\u00e1s, aunque no cuente necesariamente como alimento buff:&nbsp;La clase necesita mucho man\u00e1, as\u00ed que ten siempre pociones de man\u00e1 en CD \ud83d\ude0a<\/p>\n","protected":false},"excerpt":{"rendered":"<p>\u00b7&nbsp;&nbsp;&nbsp;&nbsp;&nbsp;&nbsp;&nbsp;Allgemeines Los preservadores son la clase tanque de los elfos, pero especialmente como \/guerrero o \/scout son especialmente adecuados como DD. Incluso si te conviertes en un tanque con algunas mejoras adicionales. (Al menos en \/Guerrero) Esta gu\u00eda se centrar\u00e1 principalmente en el Bewa como DD. Las combinaciones ex\u00f3ticas como [&hellip;]<\/p>\n","protected":false},"author":1,"featured_media":0,"parent":0,"menu_order":0,"comment_status":"closed","ping_status":"closed","template":"","meta":{"footnotes":""},"class_list":["post-3194","page","type-page","status-publish","hentry"],"yoast_head":"<!-- This site is optimized with the Yoast SEO plugin v27.4 - https:\/\/yoast.com\/product\/yoast-seo-wordpress\/ -->\n<title>Conservador - Runes of Magic-Infos<\/title>\n<meta name=\"robots\" content=\"index, follow, max-snippet:-1, max-image-preview:large, max-video-preview:-1\" \/>\n<link rel=\"canonical\" href=\"https:\/\/www.runesofmagic-infos.com\/es\/conservador\/\" \/>\n<meta property=\"og:locale\" content=\"es_ES\" \/>\n<meta property=\"og:type\" content=\"article\" \/>\n<meta property=\"og:title\" content=\"Conservador - Runes of Magic-Infos\" \/>\n<meta property=\"og:description\" content=\"\u00b7&nbsp;&nbsp;&nbsp;&nbsp;&nbsp;&nbsp;&nbsp;Allgemeines Los preservadores son la clase tanque de los elfos, pero especialmente como \/guerrero o \/scout son especialmente adecuados como DD. Incluso si te conviertes en un tanque con algunas mejoras adicionales. (Al menos en \/Guerrero) Esta gu\u00eda se centrar\u00e1 principalmente en el Bewa como DD. Las combinaciones ex\u00f3ticas como [&hellip;]\" \/>\n<meta property=\"og:url\" content=\"https:\/\/www.runesofmagic-infos.com\/es\/conservador\/\" \/>\n<meta property=\"og:site_name\" content=\"Runes of Magic-Infos\" \/>\n<meta property=\"article:modified_time\" content=\"2024-10-16T17:41:20+00:00\" \/>\n<meta property=\"og:image\" content=\"https:\/\/www.runesofmagic-infos.com\/wp-content\/uploads\/2024\/02\/pasted-from-clipboard-11.png\" \/>\n\t<meta property=\"og:image:width\" content=\"945\" \/>\n\t<meta property=\"og:image:height\" content=\"863\" \/>\n\t<meta property=\"og:image:type\" content=\"image\/png\" \/>\n<meta name=\"twitter:card\" content=\"summary_large_image\" \/>\n<meta name=\"twitter:label1\" content=\"Tiempo de lectura\" \/>\n\t<meta name=\"twitter:data1\" content=\"5 minutos\" \/>\n<script type=\"application\/ld+json\" class=\"yoast-schema-graph\">{\"@context\":\"https:\\\/\\\/schema.org\",\"@graph\":[{\"@type\":\"WebPage\",\"@id\":\"https:\\\/\\\/www.runesofmagic-infos.com\\\/es\\\/conservador\\\/\",\"url\":\"https:\\\/\\\/www.runesofmagic-infos.com\\\/es\\\/conservador\\\/\",\"name\":\"Conservador - Runes of Magic-Infos\",\"isPartOf\":{\"@id\":\"https:\\\/\\\/www.runesofmagic-infos.com\\\/es\\\/#website\"},\"primaryImageOfPage\":{\"@id\":\"https:\\\/\\\/www.runesofmagic-infos.com\\\/es\\\/conservador\\\/#primaryimage\"},\"image\":{\"@id\":\"https:\\\/\\\/www.runesofmagic-infos.com\\\/es\\\/conservador\\\/#primaryimage\"},\"thumbnailUrl\":\"https:\\\/\\\/www.runesofmagic-infos.com\\\/wp-content\\\/uploads\\\/2024\\\/02\\\/pasted-from-clipboard-11.png\",\"datePublished\":\"2024-02-24T19:23:58+00:00\",\"dateModified\":\"2024-10-16T17:41:20+00:00\",\"breadcrumb\":{\"@id\":\"https:\\\/\\\/www.runesofmagic-infos.com\\\/es\\\/conservador\\\/#breadcrumb\"},\"inLanguage\":\"es\",\"potentialAction\":[{\"@type\":\"ReadAction\",\"target\":[\"https:\\\/\\\/www.runesofmagic-infos.com\\\/es\\\/conservador\\\/\"]}]},{\"@type\":\"ImageObject\",\"inLanguage\":\"es\",\"@id\":\"https:\\\/\\\/www.runesofmagic-infos.com\\\/es\\\/conservador\\\/#primaryimage\",\"url\":\"https:\\\/\\\/www.runesofmagic-infos.com\\\/wp-content\\\/uploads\\\/2024\\\/02\\\/pasted-from-clipboard-11.png\",\"contentUrl\":\"https:\\\/\\\/www.runesofmagic-infos.com\\\/wp-content\\\/uploads\\\/2024\\\/02\\\/pasted-from-clipboard-11.png\"},{\"@type\":\"BreadcrumbList\",\"@id\":\"https:\\\/\\\/www.runesofmagic-infos.com\\\/es\\\/conservador\\\/#breadcrumb\",\"itemListElement\":[{\"@type\":\"ListItem\",\"position\":1,\"name\":\"Startseite\",\"item\":\"https:\\\/\\\/www.runesofmagic-infos.com\\\/es\\\/\"},{\"@type\":\"ListItem\",\"position\":2,\"name\":\"Conservador\"}]},{\"@type\":\"WebSite\",\"@id\":\"https:\\\/\\\/www.runesofmagic-infos.com\\\/es\\\/#website\",\"url\":\"https:\\\/\\\/www.runesofmagic-infos.com\\\/es\\\/\",\"name\":\"Runes of Magic-Infos\",\"description\":\"\",\"publisher\":{\"@id\":\"https:\\\/\\\/www.runesofmagic-infos.com\\\/es\\\/#organization\"},\"potentialAction\":[{\"@type\":\"SearchAction\",\"target\":{\"@type\":\"EntryPoint\",\"urlTemplate\":\"https:\\\/\\\/www.runesofmagic-infos.com\\\/es\\\/?s={search_term_string}\"},\"query-input\":{\"@type\":\"PropertyValueSpecification\",\"valueRequired\":true,\"valueName\":\"search_term_string\"}}],\"inLanguage\":\"es\"},{\"@type\":\"Organization\",\"@id\":\"https:\\\/\\\/www.runesofmagic-infos.com\\\/es\\\/#organization\",\"name\":\"Runes of Magic-Infos\",\"url\":\"https:\\\/\\\/www.runesofmagic-infos.com\\\/es\\\/\",\"logo\":{\"@type\":\"ImageObject\",\"inLanguage\":\"es\",\"@id\":\"https:\\\/\\\/www.runesofmagic-infos.com\\\/es\\\/#\\\/schema\\\/logo\\\/image\\\/\",\"url\":\"https:\\\/\\\/www.runesofmagic-infos.com\\\/wp-content\\\/uploads\\\/2024\\\/01\\\/ROM-Infos-Original-Logo.png\",\"contentUrl\":\"https:\\\/\\\/www.runesofmagic-infos.com\\\/wp-content\\\/uploads\\\/2024\\\/01\\\/ROM-Infos-Original-Logo.png\",\"width\":2329,\"height\":1721,\"caption\":\"Runes of Magic-Infos\"},\"image\":{\"@id\":\"https:\\\/\\\/www.runesofmagic-infos.com\\\/es\\\/#\\\/schema\\\/logo\\\/image\\\/\"}}]}<\/script>\n<!-- \/ Yoast SEO plugin. -->","yoast_head_json":{"title":"Conservador - Runes of Magic-Infos","robots":{"index":"index","follow":"follow","max-snippet":"max-snippet:-1","max-image-preview":"max-image-preview:large","max-video-preview":"max-video-preview:-1"},"canonical":"https:\/\/www.runesofmagic-infos.com\/es\/conservador\/","og_locale":"es_ES","og_type":"article","og_title":"Conservador - Runes of Magic-Infos","og_description":"\u00b7&nbsp;&nbsp;&nbsp;&nbsp;&nbsp;&nbsp;&nbsp;Allgemeines Los preservadores son la clase tanque de los elfos, pero especialmente como \/guerrero o \/scout son especialmente adecuados como DD. Incluso si te conviertes en un tanque con algunas mejoras adicionales. (Al menos en \/Guerrero) Esta gu\u00eda se centrar\u00e1 principalmente en el Bewa como DD. Las combinaciones ex\u00f3ticas como [&hellip;]","og_url":"https:\/\/www.runesofmagic-infos.com\/es\/conservador\/","og_site_name":"Runes of Magic-Infos","article_modified_time":"2024-10-16T17:41:20+00:00","og_image":[{"width":945,"height":863,"url":"https:\/\/www.runesofmagic-infos.com\/wp-content\/uploads\/2024\/02\/pasted-from-clipboard-11.png","type":"image\/png"}],"twitter_card":"summary_large_image","twitter_misc":{"Tiempo de lectura":"5 minutos"},"schema":{"@context":"https:\/\/schema.org","@graph":[{"@type":"WebPage","@id":"https:\/\/www.runesofmagic-infos.com\/es\/conservador\/","url":"https:\/\/www.runesofmagic-infos.com\/es\/conservador\/","name":"Conservador - Runes of Magic-Infos","isPartOf":{"@id":"https:\/\/www.runesofmagic-infos.com\/es\/#website"},"primaryImageOfPage":{"@id":"https:\/\/www.runesofmagic-infos.com\/es\/conservador\/#primaryimage"},"image":{"@id":"https:\/\/www.runesofmagic-infos.com\/es\/conservador\/#primaryimage"},"thumbnailUrl":"https:\/\/www.runesofmagic-infos.com\/wp-content\/uploads\/2024\/02\/pasted-from-clipboard-11.png","datePublished":"2024-02-24T19:23:58+00:00","dateModified":"2024-10-16T17:41:20+00:00","breadcrumb":{"@id":"https:\/\/www.runesofmagic-infos.com\/es\/conservador\/#breadcrumb"},"inLanguage":"es","potentialAction":[{"@type":"ReadAction","target":["https:\/\/www.runesofmagic-infos.com\/es\/conservador\/"]}]},{"@type":"ImageObject","inLanguage":"es","@id":"https:\/\/www.runesofmagic-infos.com\/es\/conservador\/#primaryimage","url":"https:\/\/www.runesofmagic-infos.com\/wp-content\/uploads\/2024\/02\/pasted-from-clipboard-11.png","contentUrl":"https:\/\/www.runesofmagic-infos.com\/wp-content\/uploads\/2024\/02\/pasted-from-clipboard-11.png"},{"@type":"BreadcrumbList","@id":"https:\/\/www.runesofmagic-infos.com\/es\/conservador\/#breadcrumb","itemListElement":[{"@type":"ListItem","position":1,"name":"Startseite","item":"https:\/\/www.runesofmagic-infos.com\/es\/"},{"@type":"ListItem","position":2,"name":"Conservador"}]},{"@type":"WebSite","@id":"https:\/\/www.runesofmagic-infos.com\/es\/#website","url":"https:\/\/www.runesofmagic-infos.com\/es\/","name":"Runes of Magic-Infos","description":"","publisher":{"@id":"https:\/\/www.runesofmagic-infos.com\/es\/#organization"},"potentialAction":[{"@type":"SearchAction","target":{"@type":"EntryPoint","urlTemplate":"https:\/\/www.runesofmagic-infos.com\/es\/?s={search_term_string}"},"query-input":{"@type":"PropertyValueSpecification","valueRequired":true,"valueName":"search_term_string"}}],"inLanguage":"es"},{"@type":"Organization","@id":"https:\/\/www.runesofmagic-infos.com\/es\/#organization","name":"Runes of Magic-Infos","url":"https:\/\/www.runesofmagic-infos.com\/es\/","logo":{"@type":"ImageObject","inLanguage":"es","@id":"https:\/\/www.runesofmagic-infos.com\/es\/#\/schema\/logo\/image\/","url":"https:\/\/www.runesofmagic-infos.com\/wp-content\/uploads\/2024\/01\/ROM-Infos-Original-Logo.png","contentUrl":"https:\/\/www.runesofmagic-infos.com\/wp-content\/uploads\/2024\/01\/ROM-Infos-Original-Logo.png","width":2329,"height":1721,"caption":"Runes of Magic-Infos"},"image":{"@id":"https:\/\/www.runesofmagic-infos.com\/es\/#\/schema\/logo\/image\/"}}]}},"_links":{"self":[{"href":"https:\/\/www.runesofmagic-infos.com\/es\/wp-json\/wp\/v2\/pages\/3194","targetHints":{"allow":["GET"]}}],"collection":[{"href":"https:\/\/www.runesofmagic-infos.com\/es\/wp-json\/wp\/v2\/pages"}],"about":[{"href":"https:\/\/www.runesofmagic-infos.com\/es\/wp-json\/wp\/v2\/types\/page"}],"author":[{"embeddable":true,"href":"https:\/\/www.runesofmagic-infos.com\/es\/wp-json\/wp\/v2\/users\/1"}],"replies":[{"embeddable":true,"href":"https:\/\/www.runesofmagic-infos.com\/es\/wp-json\/wp\/v2\/comments?post=3194"}],"version-history":[{"count":3,"href":"https:\/\/www.runesofmagic-infos.com\/es\/wp-json\/wp\/v2\/pages\/3194\/revisions"}],"predecessor-version":[{"id":4648,"href":"https:\/\/www.runesofmagic-infos.com\/es\/wp-json\/wp\/v2\/pages\/3194\/revisions\/4648"}],"wp:attachment":[{"href":"https:\/\/www.runesofmagic-infos.com\/es\/wp-json\/wp\/v2\/media?parent=3194"}],"curies":[{"name":"wp","href":"https:\/\/api.w.org\/{rel}","templated":true}]}}