{"id":2946,"date":"2024-01-31T16:18:59","date_gmt":"2024-01-31T16:18:59","guid":{"rendered":"https:\/\/www.runesofmagic-infos.com\/campeon-gatito-a-juego\/"},"modified":"2024-04-02T15:34:05","modified_gmt":"2024-04-02T15:34:05","slug":"campeon-gatito-a-juego","status":"publish","type":"page","link":"https:\/\/www.runesofmagic-infos.com\/es\/campeon-gatito-a-juego\/","title":{"rendered":"Campe\u00f3n + gatito a juego"},"content":{"rendered":"\n<ul class=\"wp-block-list\">\n<li><strong>Informaci\u00f3n general  <\/strong><\/li>\n<\/ul>\n\n\n\n<p>Champs es la clase tanque de los enanos, pero especialmente como \/rogue es particularmente adecuado como DD. Aunque te conviertas en un tanque con s\u00f3lo pulsar un bot\u00f3n.  &nbsp;<br>La gu\u00eda aqu\u00ed se centrar\u00e1 principalmente en el campe\u00f3n\/villano. Es la combinaci\u00f3n m\u00e1s habitual. El Campe\u00f3n\/Sacerdote tambi\u00e9n se menciona brevemente, ya que es el mejor tanque de los enanos. Ex\u00f3ticos como \/magos o \/guerreros est\u00e1n excluidos por el momento. Aunque estos combos se utilizan en nichos, no se ven con frecuencia.&nbsp;<\/p>\n\n\n\n<ul class=\"wp-block-list\">\n<li><strong>Campe\u00f3n\/villano:  <\/strong><\/li>\n<\/ul>\n\n\n\n<p>La cerda ponedora de huevos de lana y leche en Runes of Magic. Puede hacer de todo excepto curar y apoyar. Y la verdad es que bastante bien. Con diferencia, una de las mejores clases en solitario del juego. Igual de potente como DD que como tanque.  &nbsp;<br>Recomendamos jugar en modo desmantelamiento como DD, y con una forma de escudo parcialmente h\u00e1bil como tanque. (por ejemplo, 10 \u00f3 20) Rara vez viajas como tanque principal, por lo que a\u00fan puedes mantener suficiente patk para DMG con buenos valores de def como off-tank.&nbsp;<br>Los DD con forma de escudo siguen existiendo de vez en cuando. Pero no hay muchos tanques que puedan mantener el aggro, as\u00ed que est\u00e1 pasando de moda. Al mismo tiempo, se ha aumentado bastante la defensa de los jefes, lo que ha inclinado la balanza m\u00e1s hacia el modo desmantelamiento que hacia el DD.&nbsp;<br>Definitivamente deber\u00edas usar un martillo de 1h y una daga como armamento. En realidad no importa qu\u00e9 daga uses. Las dagas muy r\u00e1pidas como una hoja Kibenstys no suelen tener apenas patk. Las dagas de la zona final del juego son algo m\u00e1s lentas. No existe el bien y el mal. Pero, en principio, m\u00e1s r\u00e1pido siempre es mejor.&nbsp;<\/p>\n\n\n\n<ul class=\"wp-block-list\">\n<li><strong>Campe\u00f3n\/Sacerdote  <\/strong><\/li>\n<\/ul>\n\n\n\n<p>Si quieres jugar con el campe\u00f3n como tanque, se recomienda el \/Sacerdote. La habilidad Avance suicida te proporciona una habilidad de apoyo muy fuerte para el grupo. Aqu\u00ed tambi\u00e9n es aconsejable usar la forma de escudo completamente para utilizar los valores m\u00e1ximos de HP y Def.  &nbsp;<br>La mejor arma aqu\u00ed es un martillo de 1h y un talism\u00e1n.&nbsp;<\/p>\n\n\n\n<ul class=\"wp-block-list\">\n<li><strong>Instalaci\u00f3n  <\/strong><\/li>\n<\/ul>\n\n\n\n<p>Un campe\u00f3n es una de las clases que puedes equipar de forma bastante barata para el final del juego. En realidad, las estad\u00edsticas son siempre fuerza\/resistencia y fuerza\/ataque f\u00edsico.  &nbsp;<br>En el modo desmantelar, los mejores valores de ataque se consiguen actualmente con 5x Str\/off y 1x Str\/Patk. En segundo y tercer lugar est\u00e1n 4\/2 y 3\/3.&nbsp;<br>Cuanto m\u00e1s Str\/Aus uses, menos ataque tendr\u00e1s en forma de escudo o sin uno de los dos modos.  &nbsp;<br>Los DD con forma de escudo deben usar Str\/patk 6 veces.&nbsp;&nbsp;<\/p>\n\n\n\n<ul class=\"wp-block-list\">\n<li><strong>Setskills  <\/strong><\/li>\n<\/ul>\n\n\n\n<ul class=\"wp-block-list\">\n<li><strong>Fijar habilidades como DD  <\/strong><\/li>\n<\/ul>\n\n\n\n<p>Modo desmantelamiento (Mementos Dalanis)&nbsp;<br>Conversi\u00f3n de clones (Warnorken Arena)&nbsp;<br>Carga r\u00fanica (almas)&nbsp;<br>Desmontando al castigador (Kulech)&nbsp;<br>Desmantelamiento cruel (Betomia)&nbsp;<\/p>\n\n\n\n<ul class=\"wp-block-list\">\n<li><strong>Setskills como tanque  <\/strong><\/li>\n<\/ul>\n\n\n\n<p>El ataque es la mejor defensa (Cripta)&nbsp;<br>Indestructible (Valle de los Ritos)&nbsp;<br>Carga r\u00fanica (almas)&nbsp;<br>Desmontando al castigador (Kulech)&nbsp;<br>Desmantelamiento cruel (Betomia)&nbsp;<\/p>\n\n\n\n<ul class=\"wp-block-list\">\n<li><strong>Rotaci\u00f3n  <\/strong><\/li>\n<\/ul>\n\n\n\n<p>Por lo general, se recomienda una macro o un motor de combate para el campe\u00f3n. (Kitty, Diyce)&nbsp;<br>Aqu\u00ed encontrar\u00e1s la gu\u00eda correspondiente al campe\u00f3n\/villano. *insert link*&nbsp;<br>La rotaci\u00f3n puede personalizarse al gusto. La gu\u00eda incluye los fundamentos de Kitty.&nbsp;<\/p>\n\n\n\n<p>Sin embargo, si usted rechaza esto en principio, que ser\u00eda la rotaci\u00f3n:&nbsp;<\/p>\n\n\n\n<ul class=\"wp-block-list\">\n<li><strong>Rotaci\u00f3n campe\u00f3n\/jefe villano como DD:  <\/strong><\/li>\n<\/ul>\n\n\n\n<p>Crecimiento de la runa: Mantener siempre en CD&nbsp;<\/p>\n\n\n\n<p>Mantener paso de sombra en CD&nbsp;<\/p>\n\n\n\n<p>Activar sobrecarga r\u00fanica&nbsp;<\/p>\n\n\n\n<p>Poner pimpollos de encarcelamiento al jefe&nbsp;<\/p>\n\n\n\n<p>Pulso r\u00fanico en cuanto se dispara el accionamiento de la cadena. El impulso en cadena restablece la CD del impulso r\u00fanico. Utilizar siempre que sea posible.&nbsp;&nbsp;<\/p>\n\n\n\n<p>Poner en espera CD&nbsp;<\/p>\n\n\n\n<p>Golpe sin miedo cuando el objetivo est\u00e1 por debajo del 45% de PS&nbsp;<\/p>\n\n\n\n<p>Asesinar spam cuando nada m\u00e1s est\u00e1 listo.&nbsp;<\/p>\n\n\n\n<ul class=\"wp-block-list\">\n<li><strong>Campe\u00f3n\/villano en la basura:  <\/strong><\/li>\n<\/ul>\n\n\n\n<p>No difiere de la rotaci\u00f3n del jefe, excepto que los dos AOE no se usan siempre. Simplemente guarda los AOE para grupos m\u00e1s grandes, o deja que tu tanque se encargue de todo y luego vu\u00e9lalo por los aires.&nbsp;<\/p>\n\n\n\n<ul class=\"wp-block-list\">\n<li><strong>Campe\u00f3n\/rogue como tanque:  <\/strong><\/li>\n<\/ul>\n\n\n\n<p>La diferencia es que juegas permanentemente en forma de escudo y adem\u00e1s del crecimiento r\u00fanico tienes que mantener el suministro de energ\u00eda r\u00fanica en CD para mantener el buff de aggro.&nbsp;<\/p>\n\n\n\n<ul class=\"wp-block-list\">\n<li><strong>Campe\u00f3n\/Sacerdote  <\/strong><\/li>\n<\/ul>\n\n\n\n<p>Crecimiento de la runa: Mantener siempre en CD&nbsp;<\/p>\n\n\n\n<p>Mantener el suministro de energ\u00eda r\u00fanica en CD&nbsp;<\/p>\n\n\n\n<p>Repostar con ataque de vibraci\u00f3n. (Frot Aoe)&nbsp;<\/p>\n\n\n\n<p>Encender pulso de luz&nbsp;<\/p>\n\n\n\n<p>Pulso r\u00fanico en cuanto se dispara el accionamiento de la cadena. El impulso en cadena restablece la CD del impulso r\u00fanico. Utilizar siempre que sea posible&nbsp;<\/p>\n\n\n\n<p>Golpe sin miedo cuando el objetivo est\u00e1 por debajo del 30% de PS&nbsp;<\/p>\n\n\n\n<p>Golpe fuerte mientras no haya nada m\u00e1s preparado.&nbsp;<\/p>\n\n\n\n<ul class=\"wp-block-list\">\n<li><strong>Rotaciones de buff  <\/strong><\/li>\n<\/ul>\n\n\n\n<ul class=\"wp-block-list\">\n<li><strong>Bossrota DD Campe\u00f3n\/Villano:<\/strong> <\/li>\n<\/ul>\n\n\n\n<p>Bocadillo de caviar&nbsp;<\/p>\n\n\n\n<p>Iniciar m\u00fasica&nbsp;<\/p>\n\n\n\n<p>Estimulante fuerte&nbsp;<\/p>\n\n\n\n<p>Poci\u00f3n de anulaci\u00f3n&nbsp;<\/p>\n\n\n\n<p>Espera a que acabe la m\u00fasica&nbsp;<\/p>\n\n\n\n<p>Crecimiento r\u00fanico&nbsp;<\/p>\n\n\n\n<p>Juego de paciencia&nbsp;<\/p>\n\n\n\n<p>Forma del escudo\u00e0Conversi\u00f3n clon\u00e0Modo de desmontaje&nbsp;<\/p>\n\n\n\n<p>La muerte se acerca&nbsp;<\/p>\n\n\n\n<p>T\u00edtulo BK&nbsp;<\/p>\n\n\n\n<p>Sobrecarga r\u00fanica&nbsp;<\/p>\n\n\n\n<p>Deslustrar&nbsp;<\/p>\n\n\n\n<p>Paso de sombra&nbsp;<\/p>\n\n\n\n<p>Entonces, haz tu rotaci\u00f3n.&nbsp;<\/p>\n\n\n\n<ul class=\"wp-block-list\">\n<li><strong>Bossrota Tank Champ\/Villain:  <\/strong><\/li>\n<\/ul>\n\n\n\n<p>Bocadillo de caviar&nbsp;<\/p>\n\n\n\n<p>Iniciar m\u00fasica&nbsp;<\/p>\n\n\n\n<p>Estimulante fuerte&nbsp;<\/p>\n\n\n\n<p>Poci\u00f3n de anulaci\u00f3n&nbsp;<\/p>\n\n\n\n<p>Espera a que acabe la m\u00fasica&nbsp;<\/p>\n\n\n\n<p>Crecimiento r\u00fanico&nbsp;<\/p>\n\n\n\n<p>Juego de paciencia&nbsp;<\/p>\n\n\n\n<p>Forma de escudo&nbsp;<\/p>\n\n\n\n<p>La muerte se acerca&nbsp;<\/p>\n\n\n\n<p>Suministro de energ\u00eda r\u00fanica&nbsp;<\/p>\n\n\n\n<p>T\u00edtulo BK&nbsp;<\/p>\n\n\n\n<p>Sobrecarga r\u00fanica&nbsp;<\/p>\n\n\n\n<p>Deslustrar&nbsp;<\/p>\n\n\n\n<p>Paso de sombra&nbsp;<\/p>\n\n\n\n<p>Entonces, haz tu rotaci\u00f3n.&nbsp;<\/p>\n\n\n\n<ul class=\"wp-block-list\">\n<li><strong>Bossrota Campe\u00f3n\/Sacerdote  <\/strong><\/li>\n<\/ul>\n\n\n\n<p>Bocadillo de caviar&nbsp;<\/p>\n\n\n\n<p>Iniciar m\u00fasica&nbsp;<\/p>\n\n\n\n<p>Estimulante fuerte&nbsp;<\/p>\n\n\n\n<p>Poci\u00f3n de anulaci\u00f3n&nbsp;<\/p>\n\n\n\n<p>Espera a que acabe la m\u00fasica&nbsp;<\/p>\n\n\n\n<p>Crecimiento r\u00fanico&nbsp;<\/p>\n\n\n\n<p>Forma de escudo&nbsp;<\/p>\n\n\n\n<p>Poci\u00f3n de rabia&nbsp;<\/p>\n\n\n\n<p>Suministro de energ\u00eda r\u00fanica&nbsp;<\/p>\n\n\n\n<p>T\u00edtulo BK&nbsp;<\/p>\n\n\n\n<p>Deslustrar&nbsp;<\/p>\n\n\n\n<p>Entonces, haz tu rotaci\u00f3n.&nbsp;<\/p>\n\n\n\n<ul class=\"wp-block-list\">\n<li><strong>Bufffood:  <\/strong><\/li>\n<\/ul>\n\n\n\n<p>Los potenciadores DD est\u00e1ndar son casi siempre suficientes.&nbsp;<\/p>\n\n\n\n<p>Criada Patk&nbsp;<\/p>\n\n\n\n<p>Atributos de los alimentos para bodas y Dex\/Str\/Patk&nbsp;<\/p>\n\n\n\n<p>Transformaci\u00f3n: Str\/Dex 20% o similar.&nbsp;<\/p>\n\n\n\n<p>Poci\u00f3n heroica&nbsp;<\/p>\n\n\n\n<p>Patk\/dmg Alimentos&nbsp;<\/p>\n\n\n\n<p>Todo lo dem\u00e1s depende del grupo. B\u00e1sicamente: cuanto m\u00e1s patk, mejor.&nbsp;<\/p>\n\n\n\n<p>Como tanque todav\u00eda puedes tomar tarta de cumplea\u00f1os y amor escarlata, y en consecuencia todo lo que da LP\/def.&nbsp;<\/p>\n\n\n\n<h2 class=\"wp-block-heading\">Kitty combo<\/h2>\n\n\n\n<figure class=\"wp-block-image size-full\"><img loading=\"lazy\" decoding=\"async\" width=\"908\" height=\"808\" src=\"https:\/\/www.runesofmagic-infos.com\/wp-content\/uploads\/2024\/02\/kitty_1.png\" alt=\"\" class=\"wp-image-2974\" srcset=\"https:\/\/www.runesofmagic-infos.com\/wp-content\/uploads\/2024\/02\/kitty_1.png 908w, https:\/\/www.runesofmagic-infos.com\/wp-content\/uploads\/2024\/02\/kitty_1-300x267.png 300w, https:\/\/www.runesofmagic-infos.com\/wp-content\/uploads\/2024\/02\/kitty_1-768x683.png 768w\" sizes=\"auto, (max-width: 908px) 100vw, 908px\" \/><\/figure>\n\n\n\n<p>Establece lo siguiente:<\/p>\n\n\n\n<p>Schiede Playernoneffect Forge 10<\/p>\n\n\n\n<p>Carga r\u00fanica: Tensi\u00f3n del jugador 0 20<\/p>\n\n\n\n<p>Desmontaje de la unidad de cadena Efecto jugador castigador 0.6<\/p>\n\n\n\n<p>Impulso r\u00fanico Accionamiento por cadena con efecto Playereffect 0,6<\/p>\n\n\n\n<p>Fearless targethealth 0 45 y Playertension 30\/100<\/p>\n\n\n\n<p>Desmantelamiento cruel Tensi\u00f3n del jugador 30&nbsp;100<\/p>\n\n\n\n<p>Asesinar y lanzar: Sin condici\u00f3n. Se autorregula<\/p>\n\n\n\n<p>Tensi\u00f3n del reproductor de sobretensi\u00f3n 30 100<\/p>\n\n\n\n<p>Golpe fuerte Tensi\u00f3n del jugador 30&nbsp;100 (\u00faltima habilidad en la parte inferior de la red de la pantalla)<\/p>\n\n\n\n<p>Lo importante con la sobrecarga y el golpe fuerte es que no cancela la sobrecarga de la runa.<\/p>\n\n\n\n<p>Tambi\u00e9n se ajusta el orden, ya que el asesinato hace m\u00e1s dmg que una oleada. Por lo tanto, primero spam energ\u00eda vac\u00eda y luego tomar el aumento de potencia<\/p>\n\n\n\n<p><strong>Setskills: <\/strong>S\u00f3lo funciona as\u00ed en la versi\u00f3n 0.973 de Kitty. Si tienes la 0.970, deber\u00edas actualizarla.<br>Si no tienes las setkills, d\u00e9jalas fuera. Para tu informaci\u00f3n, dejan caer a Kulech y Betho. Dado que las 2 habilidades de da\u00f1o golpean al 100%, es aconsejable cultivarlas. Esta es una ventaja considerable en panth en comparaci\u00f3n con otras clases dd \ud83d\ude0a<\/p>\n\n\n\n<p>Paso de sombra:<strong> <\/strong>A mano. Si te pone delante de un jefe, puede que te maten. simplemente tomarlo dependiendo de la situaci\u00f3n.<\/p>\n\n\n\n<p>Las 2 mejoras del principio son por pereza. pero es realmente estable.<\/p>\n\n\n\n<p>Todas las dem\u00e1s habilidades, como la onda de vac\u00edo, los AOE, las habilidades de aggro o el ataque de choque con la mano.<\/p>\n\n\n\n<p>Para jefes burst suelo crear un 2\u00ba kitty donde la runa pulso tiene como 2\u00ba estado el silencio brujo. (necesita una 2\u00aa macro)<\/p>\n\n\n\n<p>Para ello, sin embargo, debe transferir los nombres de la lista de comandos a la macro.<\/p>\n\n\n\n<figure class=\"wp-block-image size-full\"><img loading=\"lazy\" decoding=\"async\" width=\"904\" height=\"194\" src=\"https:\/\/www.runesofmagic-infos.com\/wp-content\/uploads\/2024\/02\/kitty_2.png\" alt=\"\" class=\"wp-image-2979\" srcset=\"https:\/\/www.runesofmagic-infos.com\/wp-content\/uploads\/2024\/02\/kitty_2.png 904w, https:\/\/www.runesofmagic-infos.com\/wp-content\/uploads\/2024\/02\/kitty_2-300x64.png 300w, https:\/\/www.runesofmagic-infos.com\/wp-content\/uploads\/2024\/02\/kitty_2-768x165.png 768w\" sizes=\"auto, (max-width: 904px) 100vw, 904px\" \/><\/figure>\n\n\n\n<p>Macro 1, por ejemplo<\/p>\n\n\n\n<p>\/run Kitty.attack(\u00abMcR_001\u00bb)<\/p>\n\n\n\n<p>\/ataque<\/p>\n\n\n\n<p>Macro 2, por ejemplo<\/p>\n\n\n\n<p>\/run Kitty.attack(\u00abR\u00e1faga\u00bb) end<\/p>\n\n\n\n<p>\/ataque<\/p>\n\n\n\n<p>(preste atenci\u00f3n a las may\u00fasculas)<\/p>\n\n\n\n<p>btw informaci\u00f3n general sobre las condiciones:<\/p>\n\n\n\n<p>Efecto de juego:<\/p>\n\n\n\n<p>es siempre un buff que debe estar activo para que active una habilidad. El 0,6 es el tiempo de ejecuci\u00f3n restante del buff. A partir de 0,5 segundos los buffs en Runas ya est\u00e1n configurados como inactivos. De ah\u00ed esta actitud.<\/p>\n\n\n\n<p>Efecto jugador:<\/p>\n\n\n\n<p>tiene 2 aplicaciones:<\/p>\n\n\n\n<p>1) Un estado no debe estar activo en ti mismo. S\u00f3lo como un ejemplo: Playernoneffect escudo forma tiempo de ejecuci\u00f3n 0 en el pulso runa cuando se juega un Switch Kitty. (Forma de escudo activa hasta el accionamiento de la cadena. Entonces fuera de forma de escudo. Impulso r\u00fanico. Vuelve a la forma de escudo y as\u00ed sucesivamente. Es un sistema extra\u00f1o)<\/p>\n\n\n\n<p>2) Un buff debe ser re-buffed. All\u00ed el estado es siempre el propio buff, con un tiempo de ejecuci\u00f3n restante de 10 segundos, por ejemplo (lo he usado aqu\u00ed con la forja) \u00bfPor qu\u00e9 no con el crecimiento de las runas? Est\u00e1 regulado por la propia CD. (CD= tiempo de funcionamiento)<\/p>\n\n\n\n<p>Efecto objetivo:<\/p>\n\n\n\n<p>El objetivo debe tener un cierto potenciador o debilitador. Por ejemplo, el silencio brujo en el impulso r\u00fanico en kitty r\u00e1faga.<\/p>\n\n\n\n<p>Objetivo sin efecto:<\/p>\n\n\n\n<p>El objetivo NO deber\u00eda tener un buff. (por ejemplo, Aura o Serenstorm\/Cake sobre el oponente en el bk, para no desperdiciar habilidades) Yo uso esto en el Hexer, por ejemplo&nbsp;<\/p>\n\n\n\n<p>Tensi\u00f3n entre jugadores:<\/p>\n\n\n\n<p>Esta es tu ira.<\/p>\n\n\n\n<p>Primer valor X 2\u00ba valor 100: Activar las competencias entre X y 100 (ver en sobretensi\u00f3n)<\/p>\n\n\n\n<p>Primer valor 0 2\u00ba valor X: Activar la habilidad entre 0 y X. (ve con el suministro de energ\u00eda. (setskill. tambi\u00e9n puedes usar el nuevo ^^)<\/p>\n\n\n\n<p>Salud del objetivo: HP del objetivo. Funciona de la misma manera que la ira para los valores. Siempre calculado en %.<\/p>\n\n\n\n<p>L\u00f3gica b\u00e1sica con Kitty:<\/p>\n\n\n\n<p>Primeros aficionados a largo plazo.<\/p>\n\n\n\n<p>A continuaci\u00f3n, a corto plazo buffs<\/p>\n\n\n\n<p>Luego habilidades con condici\u00f3n (impulso r\u00fanico)<\/p>\n\n\n\n<p>Despu\u00e9s habilidades con CD (lanzamiento, intr\u00e9pido)<\/p>\n\n\n\n<p>Spamskills con m\u00e1s dmg (asesinar)<\/p>\n\n\n\n<p>Spamskills con menos dmg cuando la otra habilidad no es posible. (descarga el\u00e9ctrica o golpe fuerte)<\/p>\n\n\n\n<p>\u00bfPor qu\u00e9 incluyo a Stromsto\u00df en esto? Solo hace menos dmg que tu spamskill normal. Es simplemente el mejor prio&nbsp;<\/p>\n","protected":false},"excerpt":{"rendered":"<p>Champs es la clase tanque de los enanos, pero especialmente como \/rogue es particularmente adecuado como DD. Aunque te conviertas en un tanque con s\u00f3lo pulsar un bot\u00f3n. &nbsp;La gu\u00eda aqu\u00ed se centrar\u00e1 principalmente en el campe\u00f3n\/villano. Es la combinaci\u00f3n m\u00e1s habitual. El Campe\u00f3n\/Sacerdote tambi\u00e9n se menciona brevemente, ya que [&hellip;]<\/p>\n","protected":false},"author":1,"featured_media":0,"parent":0,"menu_order":0,"comment_status":"closed","ping_status":"closed","template":"","meta":{"footnotes":""},"class_list":["post-2946","page","type-page","status-publish","hentry"],"yoast_head":"<!-- This site is optimized with the Yoast SEO plugin v27.4 - https:\/\/yoast.com\/product\/yoast-seo-wordpress\/ -->\n<title>Campe\u00f3n + gatito a juego - Runes of Magic-Infos<\/title>\n<meta name=\"robots\" content=\"index, follow, max-snippet:-1, max-image-preview:large, max-video-preview:-1\" \/>\n<link rel=\"canonical\" href=\"https:\/\/www.runesofmagic-infos.com\/es\/campeon-gatito-a-juego\/\" \/>\n<meta property=\"og:locale\" content=\"es_ES\" \/>\n<meta property=\"og:type\" content=\"article\" \/>\n<meta property=\"og:title\" content=\"Campe\u00f3n + gatito a juego - Runes of Magic-Infos\" \/>\n<meta property=\"og:description\" content=\"Champs es la clase tanque de los enanos, pero especialmente como \/rogue es particularmente adecuado como DD. Aunque te conviertas en un tanque con s\u00f3lo pulsar un bot\u00f3n. &nbsp;La gu\u00eda aqu\u00ed se centrar\u00e1 principalmente en el campe\u00f3n\/villano. Es la combinaci\u00f3n m\u00e1s habitual. El Campe\u00f3n\/Sacerdote tambi\u00e9n se menciona brevemente, ya que [&hellip;]\" \/>\n<meta property=\"og:url\" content=\"https:\/\/www.runesofmagic-infos.com\/es\/campeon-gatito-a-juego\/\" \/>\n<meta property=\"og:site_name\" content=\"Runes of Magic-Infos\" \/>\n<meta property=\"article:modified_time\" content=\"2024-04-02T15:34:05+00:00\" \/>\n<meta property=\"og:image\" content=\"https:\/\/www.runesofmagic-infos.com\/wp-content\/uploads\/2024\/02\/kitty_1.png\" \/>\n<meta name=\"twitter:card\" content=\"summary_large_image\" \/>\n<meta name=\"twitter:label1\" content=\"Tiempo de lectura\" \/>\n\t<meta name=\"twitter:data1\" content=\"9 minutos\" \/>\n<script type=\"application\/ld+json\" class=\"yoast-schema-graph\">{\"@context\":\"https:\\\/\\\/schema.org\",\"@graph\":[{\"@type\":\"WebPage\",\"@id\":\"https:\\\/\\\/www.runesofmagic-infos.com\\\/es\\\/campeon-gatito-a-juego\\\/\",\"url\":\"https:\\\/\\\/www.runesofmagic-infos.com\\\/es\\\/campeon-gatito-a-juego\\\/\",\"name\":\"Campe\u00f3n + gatito a juego - Runes of Magic-Infos\",\"isPartOf\":{\"@id\":\"https:\\\/\\\/www.runesofmagic-infos.com\\\/es\\\/#website\"},\"primaryImageOfPage\":{\"@id\":\"https:\\\/\\\/www.runesofmagic-infos.com\\\/es\\\/campeon-gatito-a-juego\\\/#primaryimage\"},\"image\":{\"@id\":\"https:\\\/\\\/www.runesofmagic-infos.com\\\/es\\\/campeon-gatito-a-juego\\\/#primaryimage\"},\"thumbnailUrl\":\"https:\\\/\\\/www.runesofmagic-infos.com\\\/wp-content\\\/uploads\\\/2024\\\/02\\\/kitty_1.png\",\"datePublished\":\"2024-01-31T16:18:59+00:00\",\"dateModified\":\"2024-04-02T15:34:05+00:00\",\"breadcrumb\":{\"@id\":\"https:\\\/\\\/www.runesofmagic-infos.com\\\/es\\\/campeon-gatito-a-juego\\\/#breadcrumb\"},\"inLanguage\":\"es\",\"potentialAction\":[{\"@type\":\"ReadAction\",\"target\":[\"https:\\\/\\\/www.runesofmagic-infos.com\\\/es\\\/campeon-gatito-a-juego\\\/\"]}]},{\"@type\":\"ImageObject\",\"inLanguage\":\"es\",\"@id\":\"https:\\\/\\\/www.runesofmagic-infos.com\\\/es\\\/campeon-gatito-a-juego\\\/#primaryimage\",\"url\":\"https:\\\/\\\/www.runesofmagic-infos.com\\\/wp-content\\\/uploads\\\/2024\\\/02\\\/kitty_1.png\",\"contentUrl\":\"https:\\\/\\\/www.runesofmagic-infos.com\\\/wp-content\\\/uploads\\\/2024\\\/02\\\/kitty_1.png\"},{\"@type\":\"BreadcrumbList\",\"@id\":\"https:\\\/\\\/www.runesofmagic-infos.com\\\/es\\\/campeon-gatito-a-juego\\\/#breadcrumb\",\"itemListElement\":[{\"@type\":\"ListItem\",\"position\":1,\"name\":\"Startseite\",\"item\":\"https:\\\/\\\/www.runesofmagic-infos.com\\\/es\\\/\"},{\"@type\":\"ListItem\",\"position\":2,\"name\":\"Campe\u00f3n + gatito a juego\"}]},{\"@type\":\"WebSite\",\"@id\":\"https:\\\/\\\/www.runesofmagic-infos.com\\\/es\\\/#website\",\"url\":\"https:\\\/\\\/www.runesofmagic-infos.com\\\/es\\\/\",\"name\":\"Runes of Magic-Infos\",\"description\":\"\",\"publisher\":{\"@id\":\"https:\\\/\\\/www.runesofmagic-infos.com\\\/es\\\/#organization\"},\"potentialAction\":[{\"@type\":\"SearchAction\",\"target\":{\"@type\":\"EntryPoint\",\"urlTemplate\":\"https:\\\/\\\/www.runesofmagic-infos.com\\\/es\\\/?s={search_term_string}\"},\"query-input\":{\"@type\":\"PropertyValueSpecification\",\"valueRequired\":true,\"valueName\":\"search_term_string\"}}],\"inLanguage\":\"es\"},{\"@type\":\"Organization\",\"@id\":\"https:\\\/\\\/www.runesofmagic-infos.com\\\/es\\\/#organization\",\"name\":\"Runes of Magic-Infos\",\"url\":\"https:\\\/\\\/www.runesofmagic-infos.com\\\/es\\\/\",\"logo\":{\"@type\":\"ImageObject\",\"inLanguage\":\"es\",\"@id\":\"https:\\\/\\\/www.runesofmagic-infos.com\\\/es\\\/#\\\/schema\\\/logo\\\/image\\\/\",\"url\":\"https:\\\/\\\/www.runesofmagic-infos.com\\\/wp-content\\\/uploads\\\/2024\\\/01\\\/ROM-Infos-Original-Logo.png\",\"contentUrl\":\"https:\\\/\\\/www.runesofmagic-infos.com\\\/wp-content\\\/uploads\\\/2024\\\/01\\\/ROM-Infos-Original-Logo.png\",\"width\":2329,\"height\":1721,\"caption\":\"Runes of Magic-Infos\"},\"image\":{\"@id\":\"https:\\\/\\\/www.runesofmagic-infos.com\\\/es\\\/#\\\/schema\\\/logo\\\/image\\\/\"}}]}<\/script>\n<!-- \/ Yoast SEO plugin. -->","yoast_head_json":{"title":"Campe\u00f3n + gatito a juego - Runes of Magic-Infos","robots":{"index":"index","follow":"follow","max-snippet":"max-snippet:-1","max-image-preview":"max-image-preview:large","max-video-preview":"max-video-preview:-1"},"canonical":"https:\/\/www.runesofmagic-infos.com\/es\/campeon-gatito-a-juego\/","og_locale":"es_ES","og_type":"article","og_title":"Campe\u00f3n + gatito a juego - Runes of Magic-Infos","og_description":"Champs es la clase tanque de los enanos, pero especialmente como \/rogue es particularmente adecuado como DD. Aunque te conviertas en un tanque con s\u00f3lo pulsar un bot\u00f3n. &nbsp;La gu\u00eda aqu\u00ed se centrar\u00e1 principalmente en el campe\u00f3n\/villano. Es la combinaci\u00f3n m\u00e1s habitual. El Campe\u00f3n\/Sacerdote tambi\u00e9n se menciona brevemente, ya que [&hellip;]","og_url":"https:\/\/www.runesofmagic-infos.com\/es\/campeon-gatito-a-juego\/","og_site_name":"Runes of Magic-Infos","article_modified_time":"2024-04-02T15:34:05+00:00","og_image":[{"url":"https:\/\/www.runesofmagic-infos.com\/wp-content\/uploads\/2024\/02\/kitty_1.png","type":"","width":"","height":""}],"twitter_card":"summary_large_image","twitter_misc":{"Tiempo de lectura":"9 minutos"},"schema":{"@context":"https:\/\/schema.org","@graph":[{"@type":"WebPage","@id":"https:\/\/www.runesofmagic-infos.com\/es\/campeon-gatito-a-juego\/","url":"https:\/\/www.runesofmagic-infos.com\/es\/campeon-gatito-a-juego\/","name":"Campe\u00f3n + gatito a juego - Runes of Magic-Infos","isPartOf":{"@id":"https:\/\/www.runesofmagic-infos.com\/es\/#website"},"primaryImageOfPage":{"@id":"https:\/\/www.runesofmagic-infos.com\/es\/campeon-gatito-a-juego\/#primaryimage"},"image":{"@id":"https:\/\/www.runesofmagic-infos.com\/es\/campeon-gatito-a-juego\/#primaryimage"},"thumbnailUrl":"https:\/\/www.runesofmagic-infos.com\/wp-content\/uploads\/2024\/02\/kitty_1.png","datePublished":"2024-01-31T16:18:59+00:00","dateModified":"2024-04-02T15:34:05+00:00","breadcrumb":{"@id":"https:\/\/www.runesofmagic-infos.com\/es\/campeon-gatito-a-juego\/#breadcrumb"},"inLanguage":"es","potentialAction":[{"@type":"ReadAction","target":["https:\/\/www.runesofmagic-infos.com\/es\/campeon-gatito-a-juego\/"]}]},{"@type":"ImageObject","inLanguage":"es","@id":"https:\/\/www.runesofmagic-infos.com\/es\/campeon-gatito-a-juego\/#primaryimage","url":"https:\/\/www.runesofmagic-infos.com\/wp-content\/uploads\/2024\/02\/kitty_1.png","contentUrl":"https:\/\/www.runesofmagic-infos.com\/wp-content\/uploads\/2024\/02\/kitty_1.png"},{"@type":"BreadcrumbList","@id":"https:\/\/www.runesofmagic-infos.com\/es\/campeon-gatito-a-juego\/#breadcrumb","itemListElement":[{"@type":"ListItem","position":1,"name":"Startseite","item":"https:\/\/www.runesofmagic-infos.com\/es\/"},{"@type":"ListItem","position":2,"name":"Campe\u00f3n + gatito a juego"}]},{"@type":"WebSite","@id":"https:\/\/www.runesofmagic-infos.com\/es\/#website","url":"https:\/\/www.runesofmagic-infos.com\/es\/","name":"Runes of Magic-Infos","description":"","publisher":{"@id":"https:\/\/www.runesofmagic-infos.com\/es\/#organization"},"potentialAction":[{"@type":"SearchAction","target":{"@type":"EntryPoint","urlTemplate":"https:\/\/www.runesofmagic-infos.com\/es\/?s={search_term_string}"},"query-input":{"@type":"PropertyValueSpecification","valueRequired":true,"valueName":"search_term_string"}}],"inLanguage":"es"},{"@type":"Organization","@id":"https:\/\/www.runesofmagic-infos.com\/es\/#organization","name":"Runes of Magic-Infos","url":"https:\/\/www.runesofmagic-infos.com\/es\/","logo":{"@type":"ImageObject","inLanguage":"es","@id":"https:\/\/www.runesofmagic-infos.com\/es\/#\/schema\/logo\/image\/","url":"https:\/\/www.runesofmagic-infos.com\/wp-content\/uploads\/2024\/01\/ROM-Infos-Original-Logo.png","contentUrl":"https:\/\/www.runesofmagic-infos.com\/wp-content\/uploads\/2024\/01\/ROM-Infos-Original-Logo.png","width":2329,"height":1721,"caption":"Runes of Magic-Infos"},"image":{"@id":"https:\/\/www.runesofmagic-infos.com\/es\/#\/schema\/logo\/image\/"}}]}},"_links":{"self":[{"href":"https:\/\/www.runesofmagic-infos.com\/es\/wp-json\/wp\/v2\/pages\/2946","targetHints":{"allow":["GET"]}}],"collection":[{"href":"https:\/\/www.runesofmagic-infos.com\/es\/wp-json\/wp\/v2\/pages"}],"about":[{"href":"https:\/\/www.runesofmagic-infos.com\/es\/wp-json\/wp\/v2\/types\/page"}],"author":[{"embeddable":true,"href":"https:\/\/www.runesofmagic-infos.com\/es\/wp-json\/wp\/v2\/users\/1"}],"replies":[{"embeddable":true,"href":"https:\/\/www.runesofmagic-infos.com\/es\/wp-json\/wp\/v2\/comments?post=2946"}],"version-history":[{"count":8,"href":"https:\/\/www.runesofmagic-infos.com\/es\/wp-json\/wp\/v2\/pages\/2946\/revisions"}],"predecessor-version":[{"id":3758,"href":"https:\/\/www.runesofmagic-infos.com\/es\/wp-json\/wp\/v2\/pages\/2946\/revisions\/3758"}],"wp:attachment":[{"href":"https:\/\/www.runesofmagic-infos.com\/es\/wp-json\/wp\/v2\/media?parent=2946"}],"curies":[{"name":"wp","href":"https:\/\/api.w.org\/{rel}","templated":true}]}}