{"id":2806,"date":"2023-09-17T16:02:27","date_gmt":"2023-09-17T16:02:27","guid":{"rendered":"https:\/\/www.runesofmagic-infos.com\/enlaces-utiles-a-rom\/"},"modified":"2024-08-21T15:48:23","modified_gmt":"2024-08-21T15:48:23","slug":"enlaces-utiles-a-rom","status":"publish","type":"page","link":"https:\/\/www.runesofmagic-infos.com\/es\/enlaces-utiles-a-rom\/","title":{"rendered":"Enlaces \u00fatiles a ROM"},"content":{"rendered":"\n<p><br>&nbsp;<br>&nbsp;<br>&nbsp;<br>&nbsp;-General\/unsorted- *<a href=\"https:\/\/runesofmagic.gamepedia.com\/Runes_of_Magic_Wiki\" rel=\"noreferrer noopener\" target=\"_blank\">Runes of Magic Wiki (Espa\u00f1ol)<\/a> *<a href=\"https:\/\/docs.google.com\/spreadsheets\/d\/1AmUx-m_GtRLCrrqcnYseFvS_dHlG4in9H_FegWBGas8\/edit?usp=sharing\" rel=\"noreferrer noopener\" target=\"_blank\">addons<\/a><a href=\"https:\/\/docs.google.com\/spreadsheets\/d\/1AmUx-m_GtRLCrrqcnYseFvS_dHlG4in9H_FegWBGas8\/edit?usp=sharing\" rel=\"noreferrer noopener\" target=\"_blank\">recomendados<\/a> *<a href=\"https:\/\/docs.google.com\/spreadsheets\/d\/1sAn0zO3lxVkuI0yFvdSKPspLAmxD5g5mLEfH7hpyQCY\/edit?usp=sharing\" rel=\"noreferrer noopener\" target=\"_blank\">Macros<\/a> *<a href=\"https:\/\/docs.google.com\/spreadsheets\/d\/16gWjp8RvTtp91ThpzxKzOoWsQQSnlnLlQkDsful8c0c\/edit?usp=sharing\" rel=\"noreferrer noopener\" target=\"_blank\">comandos de texto<\/a><a href=\"https:\/\/docs.google.com\/spreadsheets\/d\/16gWjp8RvTtp91ThpzxKzOoWsQQSnlnLlQkDsful8c0c\/edit?usp=sharing\" rel=\"noreferrer noopener\" target=\"_blank\">\u00fatiles<\/a><\/p>\n\n\n\n<p><br>-l\u00edneas de b\u00fasqueda importantes- *&nbsp;&nbsp;M<a href=\"http:\/\/alliumsativum.de\/info\/RoM\/Quests\/MorrokWallinder.html\" rel=\"noreferrer noopener\" target=\"_blank\">orrok tras Claudia\/Alliumsativum<\/a> &#8211;&nbsp;<br>S<a href=\"https:\/\/docs.google.com\/spreadsheets\/d\/1X3kSXzbgBh9gO4msgx6k44jP9VdaYXgo6s78PIUOs_8\/edit?usp=sharing\" rel=\"noreferrer noopener\" target=\"_blank\">erie de misiones Morrok y Toni (ruta optimizada)<\/a> *&nbsp;<br>V<a href=\"https:\/\/runesofmagic.gamepedia.com\/Vahtos%27_Apprentice_(Quest_Series)\" rel=\"noreferrer noopener\" target=\"_blank\">ahtos &#8211; Juego de joyas<\/a> *&nbsp;&nbsp;B<a href=\"https:\/\/legacy.zam.com\/wiki\/Challenge_of_the_Arctic_Training_Battalion_%28RoM_Quest%29\" rel=\"noreferrer noopener\" target=\"_blank\">olsa de recompensas 35-50 (l\u00ednea de b\u00fasqueda)<\/a> &#8211;&nbsp;&nbsp;v<a href=\"https:\/\/www.youtube.com\/watch?v=OEGoHy7SXiE\" rel=\"noreferrer noopener\" target=\"_blank\">\u00eddeo a juego<\/a> &#8211;&nbsp;<br>C<a href=\"https:\/\/docs.google.com\/spreadsheets\/d\/194E0ri7ycDKdIgujCdr_PsGYuftw96f-OcSSEXyMjpI\/edit?usp=sharing\" rel=\"noreferrer noopener\" target=\"_blank\">ontenido de la bolsa<\/a> * Bolsa de equipo:&nbsp;&nbsp;L<a href=\"https:\/\/runesofmagic.gamepedia.com\/Other_Secrets\" rel=\"noreferrer noopener\" target=\"_blank\">v.48 (Equipar 50)<\/a> &#8211;&nbsp;&nbsp;L<a href=\"https:\/\/runesofmagic.gamepedia.com\/Rewards_for_Students\" rel=\"noreferrer noopener\" target=\"_blank\">v.53 (Equipar 55)<\/a> &#8211;&nbsp;&nbsp;<br>L<a href=\"https:\/\/runesofmagic.gamepedia.com\/Lance%27s_Support\" rel=\"noreferrer noopener\" target=\"_blank\">v.58 (Equip 60)<\/a> &#8211; cada uno contiene un conjunto de equipo correspondiente al nivel *&nbsp;&nbsp;L<a href=\"http:\/\/alliumsativum.de\/info\/RoM\/Quests\/EliteQuests.html\" rel=\"noreferrer noopener\" target=\"_blank\">v.60&amp;70 Serie de misiones de habilidad de \u00e9lite<\/a> &#8211;&nbsp;<br>R<a href=\"https:\/\/runesofmagic.fandom.com\/wiki\/Young_instructor_of_the_true_dragons\" rel=\"noreferrer noopener\" target=\"_blank\">espuestas para la \u00e9lite de los 70 Q1<\/a> *&nbsp;<br>S<a href=\"https:\/\/forum.runesofmagic.gameforge.com\/forum\/thread\/8594-prequest-attunement-guide-for-locked-low-level-instances\/\">olicitudes previas de instancia<\/a> *&nbsp;&nbsp;M<a href=\"https:\/\/forum.runesofmagic.gameforge.com\/forum\/thread\/415-spiegelwelt-guide\/\">undos Espejo Acceso Serie Quest<\/a> &#8211;&nbsp;<br>P<a href=\"https:\/\/runesofmagic.gamepedia.com\/File:Location.png\" rel=\"noreferrer noopener\" target=\"_blank\">untos de aparici\u00f3n del PNJ en la isla de los elfos<\/a> *&nbsp;<a href=\"https:\/\/forum.runesofmagic.gameforge.com\/forum\/thread\/7005-shield-form\/\"><a href=\"https:\/\/forum.runesofmagic.gameforge.com\/forum\/thread\/7005-shield-form\/\">Peticiones previas para el formulario del Escudo del Campe\u00f3n<\/a><\/a><\/p>\n\n\n\n<p><br>-Eventos-Gu\u00edas- *&nbsp;<br>R<a href=\"https:\/\/forum.runesofmagic.gameforge.com\/forum\/thread\/340-%C3%BCbersicht-der-festivals\/\">esumen del Festival<\/a> * E01: Fiesta del Fuego &#8211;&nbsp;<br>G<a href=\"https:\/\/runesofmagic.gamepedia.com\/Category:Festival_of_Fire\" rel=\"noreferrer noopener\" target=\"_blank\">u\u00eda<\/a> * E02: Fiesta de las flores &#8211;&nbsp;&nbsp;A<a href=\"https:\/\/forum.runesofmagic.gameforge.com\/forum\/thread\/7926-patch-7-4-0-2925-blumenfest\/?postID=67813\">nuncio 2021<\/a> &#8211;&nbsp;<br>G<a href=\"https:\/\/forum.runesofmagic.gameforge.com\/forum\/thread\/370-guide-blumenfest\/?postID=734\">u\u00eda<\/a> * E03: Evento de cumplea\u00f1os &#8211;&nbsp;&nbsp;A<a href=\"https:\/\/forum.runesofmagic.gameforge.com\/forum\/thread\/8145-patch-7-4-0-2926-12-jubil%C3%A4umsevent\/\">nuncio 2021<\/a> &#8211;&nbsp;<br>G<a href=\"https:\/\/forum.runesofmagic.gameforge.com\/forum\/thread\/393-guide-jubil%C3%A4umsevent\/\">u\u00eda<\/a> * E04: Fiesta de la lluvia de primavera (en realidad Pascua&#8230;) &#8211;&nbsp;&nbsp;A<a href=\"https:\/\/forum.runesofmagic.gameforge.com\/forum\/thread\/8243-patch-7-4-0-2927-fr%C3%BChlingsregen-fest\/\">nuncio 2021<\/a> &#8211;&nbsp;<br>G<a href=\"https:\/\/forum.runesofmagic.gameforge.com\/forum\/thread\/459-guide-fr%C3%BChlingsregen-fest-osterevent\/\">u\u00eda<\/a> * E05: Liederfest &#8211;&nbsp;&nbsp;A<a href=\"https:\/\/forum.runesofmagic.gameforge.com\/forum\/thread\/8342-patch-7-4-0-2929-liederfest\/\">nuncio 2021<\/a> &#8211;&nbsp;<br>G<a href=\"https:\/\/forum.runesofmagic.gameforge.com\/forum\/thread\/460-guide-liederfest\/\">u\u00eda<\/a> * E06: Fiesta de la artesan\u00eda &#8211;&nbsp;&nbsp;A<a href=\"https:\/\/forum.runesofmagic.gameforge.com\/forum\/thread\/8412-patch-7-4-0-2933-handwerksfest\/\">nuncio 2021<\/a> &#8211;&nbsp;<br>G<a href=\"https:\/\/forum.runesofmagic.gameforge.com\/forum\/thread\/591-guide-handwerksfest\/\">u\u00eda<\/a> * E07: Festival de tejido de colores &#8211;&nbsp;&nbsp;A<a href=\"https:\/\/forum.runesofmagic.gameforge.com\/forum\/thread\/8519-patch-7-4-0-2940-farbweberfest\/\">nuncio 2021<\/a> &#8211;&nbsp;<br>G<a href=\"https:\/\/forum.runesofmagic.gameforge.com\/forum\/thread\/2182-guide-farbweberfest\/\">u\u00eda<\/a> * E08:&nbsp;<br>A<a href=\"https:\/\/docs.google.com\/spreadsheets\/d\/16h5Gb1QbhqWQ8S_eHlM7P9l7uDp7jgHgTznXbiMWMoU\/edit?usp=sharing\" rel=\"noreferrer noopener\" target=\"_blank\">contecimiento de cuento de hadas<\/a> * E09:&nbsp;<br>S<a href=\"https:\/\/docs.google.com\/spreadsheets\/d\/1rcbspeeEOny3YT9f6U6SIdA7_So0lC_A8ydRhHBCW2g\/edit?usp=sharing\" rel=\"noreferrer noopener\" target=\"_blank\">aftfest<\/a> * E10:&nbsp;<br>F<a href=\"https:\/\/seelentrinker.iphpbb3.com\/forum\/27010813nx46249\/addons-guides-und-informationen-f47\/event-guide-kuerbisfest-t619.html\" rel=\"noreferrer noopener\" target=\"_blank\">iesta de la calabaza<\/a> * E11:&nbsp;<br>B<a href=\"https:\/\/seelentrinker.iphpbb3.com\/forum\/27010813nx46249\/addons-guides-und-informationen-f47\/event-guide-herbstbankett-t641.html\" rel=\"noreferrer noopener\" target=\"_blank\">anquete de oto\u00f1o<\/a> * E12:&nbsp;&nbsp;F<a href=\"http:\/\/www.info-inferno.de\/viewtopic.php?t=2234\" rel=\"noreferrer noopener\" target=\"_blank\">iesta de los copos de nieve<\/a> +&nbsp;<br>P<a href=\"https:\/\/www.youtube.com\/watch?v=ONI89oCZ0kY\" rel=\"noreferrer noopener\" target=\"_blank\">hirius-Oheim-Video<\/a> * Casa encantada:&nbsp;<br>M<a href=\"https:\/\/www.zupimages.net\/up\/20\/44\/x1p0.png\" rel=\"noreferrer noopener\" target=\"_blank\">apa con la ruta sugerida<\/a> * Laberinto de Daseins:&nbsp;&nbsp;V<a href=\"https:\/\/www.youtube.com\/watch?v=BJ88Wpf49xc\" rel=\"noreferrer noopener\" target=\"_blank\">\u00eddeo<\/a> &#8211;&nbsp;<a href=\"https:\/\/forum.runesofmagic.gameforge.com\/forum\/thread\/5081-dasein-s-labyrinth\/?postID=47617&amp;highlight=dasein#post47617\"><a href=\"https:\/\/forum.runesofmagic.gameforge.com\/forum\/thread\/5081-dasein-s-labyrinth\/?postID=47617&amp;highlight=dasein#post47617\">Gu\u00eda\/Recompensas<\/a><\/a><\/p>\n\n\n\n<p><br>&nbsp;<br>&nbsp;-Pet-Infos- * Petskill-Overview *<a href=\"http:\/\/www.14m1337.de\/rom\/Pet-Tutorial.pdf\" rel=\"noreferrer noopener\" target=\"_blank\">PDF:<\/a><br>&nbsp; G<a href=\"http:\/\/www.14m1337.de\/rom\/Pet-Tutorial.pdf\" rel=\"noreferrer noopener\" target=\"_blank\">ran Mascota-Tutorial<\/a> *<a href=\"http:\/\/www.14m1337.de\/rom\/Pet-Skill-List.pdf\" rel=\"noreferrer noopener\" target=\"_blank\">PDF:<\/a><br>&nbsp; P<a href=\"http:\/\/www.14m1337.de\/rom\/Pet-Skill-List.pdf\" rel=\"noreferrer noopener\" target=\"_blank\">etskill-Vista general<\/a> *<a href=\"http:\/\/www.14m1337.de\/rom\/Pet-Talks.pdf\" rel=\"noreferrer noopener\" target=\"_blank\">PDF:<\/a><br>&nbsp; C<a href=\"http:\/\/www.14m1337.de\/rom\/Pet-Talks.pdf\" rel=\"noreferrer noopener\" target=\"_blank\">uando la mascota quiere hablar contigo &#8230;<\/a> *<a href=\"http:\/\/www.alliumsativum.de\/info\/RoM\/Begleiter\/Sternenbegleiter.html\" rel=\"noreferrer noopener\" target=\"_blank\">Compa\u00f1ero<\/a><a href=\"http:\/\/www.alliumsativum.de\/info\/RoM\/Begleiter\/Sternenbegleiter.html\" rel=\"noreferrer noopener\" target=\"_blank\">estrella<\/a><\/p>\n\n\n\n<p><br>&nbsp;<br>&nbsp;-BK-T\u00edtulo- * BK-T\u00edtulo-\u00c1rbol * BK-T\u00edtulo-Macros<a href=\"http:\/\/alliumsativum.de\/info\/RoM\/makros\/bk_titel.html\" rel=\"noreferrer noopener\" target=\"_blank\">(simulacro de incendio, etc.)<\/a><\/p>\n\n\n\n<p><br>&nbsp;&nbsp;<br>&nbsp;-Informaci\u00f3n profesional- *<a href=\"http:\/\/runesateternity.xobor.de\/t116f34-Standorte-der-Sammelberufe-Ausbilder.html\" rel=\"noreferrer noopener\" target=\"_blank\">Formadores de profesiones<\/a><a href=\"http:\/\/runesateternity.xobor.de\/t116f34-Standorte-der-Sammelberufe-Ausbilder.html\" rel=\"noreferrer noopener\" target=\"_blank\">colectivas de 20\/40\/60<\/a> (el de 80 est\u00e1 entonces en Varanas Este) *<a href=\"https:\/\/gilde-cosanostra.forumieren.de\/t471-handwerk-wo-finde-ich-die-ausbilder-und-wo-die-rezepte\" rel=\"noreferrer noopener\" target=\"_blank\">Profesiones<\/a> manufactureras<\/p>\n\n\n\n<p><br>-sin clasificar- *&nbsp;&nbsp;<br>V<a href=\"https:\/\/runesofmagic.gamepedia.com\/Elite_Skills\" rel=\"noreferrer noopener\" target=\"_blank\">isi\u00f3n general de las habilidades de \u00e9lite<\/a> &#8211; en la parte inferior de la p\u00e1gina enlazada encontrar\u00e1s un enlace a las clases individuales *&nbsp;<br>E<a href=\"https:\/\/runesofmagic.gamepedia.com\/Attributes\" rel=\"noreferrer noopener\" target=\"_blank\">fectos de los atributos en las distintas clases<\/a> *&nbsp;&nbsp;C<a href=\"https:\/\/runesofmagic.gamepedia.com\/Item_Set_Skills\" rel=\"noreferrer noopener\" target=\"_blank\">onjunto Habilidades<\/a> &#8211; uno&nbsp;&nbsp;<br>A<a href=\"https:\/\/docs.google.com\/spreadsheets\/d\/1jfcunYimoVz7iwJefWUImcDxVPR47zNL0JLbt2nM66I\/edit?usp=sharing\" rel=\"noreferrer noopener\" target=\"_blank\">rchivo<\/a> para imprimir t\u00fa mismo y luego marcar est\u00e1 en curso *&nbsp;<br>L<a href=\"https:\/\/runesofmagic.gamepedia.com\/Black_Codex\" rel=\"noreferrer noopener\" target=\"_blank\">ista de Distribuidores C\u00f3digo Negro<\/a> *&nbsp;<br>C<a href=\"https:\/\/docs.google.com\/spreadsheets\/d\/10CGXzupFJmACHDyseIg4gleL4pBmTLLC9ru9g6ERtrs\/edit?usp=sharing\" rel=\"noreferrer noopener\" target=\"_blank\">\u00f3digo Negro: \u00bfqu\u00e9 hay y d\u00f3nde?<\/a> *&nbsp;<br>\u00bfQu\u00e9 materiales aportan m\u00e1s al gremio? <a href=\"https:\/\/forum.runesofmagic.gameforge.com\/forum\/thread\/577-die-besten-gildenmats-f%C3%BCr-memos\/\"> *<\/a>&nbsp;<br>R<a href=\"https:\/\/taboreaguardianz.shivtr.com\/forum_threads\/720514\" rel=\"noreferrer noopener\" target=\"_blank\">elaciones<\/a> *&nbsp;<br>N<a href=\"https:\/\/runesofmagic.gamepedia.com\/Grinding_Guide\" rel=\"noreferrer noopener\" target=\"_blank\">ivelaci\u00f3n por TQ (lamentablemente incompleta)<\/a> *&nbsp;<br>T<a href=\"https:\/\/docs.google.com\/spreadsheets\/d\/1hnWc550z3vD4VQS1wMxG51nQvYUBjCgC6YndyPUIWZk\/edit?usp=sharing\" rel=\"noreferrer noopener\" target=\"_blank\">Qs en comparaci\u00f3n y c\u00e1lculo de las primas EP\/TP<\/a> *&nbsp;<br>I<a href=\"https:\/\/docs.google.com\/spreadsheets\/d\/1igwOI0tOegP23HuGDx70FyEEuV84sN9muAoUdbDamwk\/edit?usp=sharing\" rel=\"noreferrer noopener\" target=\"_blank\">nformaci\u00f3n sobre la criada<\/a> *&nbsp;<br>E<a href=\"https:\/\/docs.google.com\/spreadsheets\/d\/1pT-RvRwfMPDxqs-p6s0gkUyr2ZhxPB6nu29X--2M-mQ\/edit?usp=sharing\" rel=\"noreferrer noopener\" target=\"_blank\">stad\u00edsticas y d\u00f3nde conseguirlas<\/a> *&nbsp;<a href=\"https:\/\/docs.google.com\/spreadsheets\/d\/19GxMnc224AVEGY04rEYj6X9PqeMsD8CYsDn3Ho2GHPQ\/edit?usp=sharing\" rel=\"noreferrer noopener\" target=\"_blank\"><a href=\"https:\/\/docs.google.com\/spreadsheets\/d\/19GxMnc224AVEGY04rEYj6X9PqeMsD8CYsDn3Ho2GHPQ\/edit?usp=sharing\">Qu\u00e9 corazones caen en qu\u00e9 mundos espejo<\/a><\/a><\/p>\n","protected":false},"excerpt":{"rendered":"<p>&nbsp;&nbsp;&nbsp;&nbsp;-General\/unsorted- *Runes of Magic Wiki (Espa\u00f1ol) *addonsrecomendados *Macros *comandos de texto\u00fatiles -l\u00edneas de b\u00fasqueda importantes- *&nbsp;&nbsp;Morrok tras Claudia\/Alliumsativum &#8211;&nbsp;Serie de misiones Morrok y Toni (ruta optimizada) *&nbsp;Vahtos &#8211; Juego de joyas *&nbsp;&nbsp;Bolsa de recompensas 35-50 (l\u00ednea de b\u00fasqueda) &#8211;&nbsp;&nbsp;v\u00eddeo a juego &#8211;&nbsp;Contenido de la bolsa * Bolsa de equipo:&nbsp;&nbsp;Lv.48 (Equipar [&hellip;]<\/p>\n","protected":false},"author":1,"featured_media":0,"parent":0,"menu_order":0,"comment_status":"closed","ping_status":"closed","template":"","meta":{"footnotes":""},"class_list":["post-2806","page","type-page","status-publish","hentry"],"yoast_head":"<!-- This site is optimized with the Yoast SEO plugin v27.4 - https:\/\/yoast.com\/product\/yoast-seo-wordpress\/ -->\n<title>Enlaces \u00fatiles a ROM - Runes of Magic-Infos<\/title>\n<meta name=\"robots\" content=\"index, follow, max-snippet:-1, max-image-preview:large, max-video-preview:-1\" \/>\n<link rel=\"canonical\" href=\"https:\/\/www.runesofmagic-infos.com\/es\/enlaces-utiles-a-rom\/\" \/>\n<meta property=\"og:locale\" content=\"es_ES\" \/>\n<meta property=\"og:type\" content=\"article\" \/>\n<meta property=\"og:title\" content=\"Enlaces \u00fatiles a ROM - Runes of Magic-Infos\" \/>\n<meta property=\"og:description\" content=\"&nbsp;&nbsp;&nbsp;&nbsp;-General\/unsorted- *Runes of Magic Wiki (Espa\u00f1ol) *addonsrecomendados *Macros *comandos de texto\u00fatiles -l\u00edneas de b\u00fasqueda importantes- *&nbsp;&nbsp;Morrok tras Claudia\/Alliumsativum &#8211;&nbsp;Serie de misiones Morrok y Toni (ruta optimizada) *&nbsp;Vahtos &#8211; Juego de joyas *&nbsp;&nbsp;Bolsa de recompensas 35-50 (l\u00ednea de b\u00fasqueda) &#8211;&nbsp;&nbsp;v\u00eddeo a juego &#8211;&nbsp;Contenido de la bolsa * Bolsa de equipo:&nbsp;&nbsp;Lv.48 (Equipar [&hellip;]\" \/>\n<meta property=\"og:url\" content=\"https:\/\/www.runesofmagic-infos.com\/es\/enlaces-utiles-a-rom\/\" \/>\n<meta property=\"og:site_name\" content=\"Runes of Magic-Infos\" \/>\n<meta property=\"article:modified_time\" content=\"2024-08-21T15:48:23+00:00\" \/>\n<meta name=\"twitter:card\" content=\"summary_large_image\" \/>\n<meta name=\"twitter:label1\" content=\"Tiempo de lectura\" \/>\n\t<meta name=\"twitter:data1\" content=\"2 minutos\" \/>\n<script type=\"application\/ld+json\" class=\"yoast-schema-graph\">{\"@context\":\"https:\\\/\\\/schema.org\",\"@graph\":[{\"@type\":\"WebPage\",\"@id\":\"https:\\\/\\\/www.runesofmagic-infos.com\\\/es\\\/enlaces-utiles-a-rom\\\/\",\"url\":\"https:\\\/\\\/www.runesofmagic-infos.com\\\/es\\\/enlaces-utiles-a-rom\\\/\",\"name\":\"Enlaces \u00fatiles a ROM - Runes of Magic-Infos\",\"isPartOf\":{\"@id\":\"https:\\\/\\\/www.runesofmagic-infos.com\\\/es\\\/#website\"},\"datePublished\":\"2023-09-17T16:02:27+00:00\",\"dateModified\":\"2024-08-21T15:48:23+00:00\",\"breadcrumb\":{\"@id\":\"https:\\\/\\\/www.runesofmagic-infos.com\\\/es\\\/enlaces-utiles-a-rom\\\/#breadcrumb\"},\"inLanguage\":\"es\",\"potentialAction\":[{\"@type\":\"ReadAction\",\"target\":[\"https:\\\/\\\/www.runesofmagic-infos.com\\\/es\\\/enlaces-utiles-a-rom\\\/\"]}]},{\"@type\":\"BreadcrumbList\",\"@id\":\"https:\\\/\\\/www.runesofmagic-infos.com\\\/es\\\/enlaces-utiles-a-rom\\\/#breadcrumb\",\"itemListElement\":[{\"@type\":\"ListItem\",\"position\":1,\"name\":\"Startseite\",\"item\":\"https:\\\/\\\/www.runesofmagic-infos.com\\\/es\\\/\"},{\"@type\":\"ListItem\",\"position\":2,\"name\":\"Enlaces \u00fatiles a ROM\"}]},{\"@type\":\"WebSite\",\"@id\":\"https:\\\/\\\/www.runesofmagic-infos.com\\\/es\\\/#website\",\"url\":\"https:\\\/\\\/www.runesofmagic-infos.com\\\/es\\\/\",\"name\":\"Runes of Magic-Infos\",\"description\":\"\",\"publisher\":{\"@id\":\"https:\\\/\\\/www.runesofmagic-infos.com\\\/es\\\/#organization\"},\"potentialAction\":[{\"@type\":\"SearchAction\",\"target\":{\"@type\":\"EntryPoint\",\"urlTemplate\":\"https:\\\/\\\/www.runesofmagic-infos.com\\\/es\\\/?s={search_term_string}\"},\"query-input\":{\"@type\":\"PropertyValueSpecification\",\"valueRequired\":true,\"valueName\":\"search_term_string\"}}],\"inLanguage\":\"es\"},{\"@type\":\"Organization\",\"@id\":\"https:\\\/\\\/www.runesofmagic-infos.com\\\/es\\\/#organization\",\"name\":\"Runes of Magic-Infos\",\"url\":\"https:\\\/\\\/www.runesofmagic-infos.com\\\/es\\\/\",\"logo\":{\"@type\":\"ImageObject\",\"inLanguage\":\"es\",\"@id\":\"https:\\\/\\\/www.runesofmagic-infos.com\\\/es\\\/#\\\/schema\\\/logo\\\/image\\\/\",\"url\":\"https:\\\/\\\/www.runesofmagic-infos.com\\\/wp-content\\\/uploads\\\/2024\\\/01\\\/ROM-Infos-Original-Logo.png\",\"contentUrl\":\"https:\\\/\\\/www.runesofmagic-infos.com\\\/wp-content\\\/uploads\\\/2024\\\/01\\\/ROM-Infos-Original-Logo.png\",\"width\":2329,\"height\":1721,\"caption\":\"Runes of Magic-Infos\"},\"image\":{\"@id\":\"https:\\\/\\\/www.runesofmagic-infos.com\\\/es\\\/#\\\/schema\\\/logo\\\/image\\\/\"}}]}<\/script>\n<!-- \/ Yoast SEO plugin. -->","yoast_head_json":{"title":"Enlaces \u00fatiles a ROM - Runes of Magic-Infos","robots":{"index":"index","follow":"follow","max-snippet":"max-snippet:-1","max-image-preview":"max-image-preview:large","max-video-preview":"max-video-preview:-1"},"canonical":"https:\/\/www.runesofmagic-infos.com\/es\/enlaces-utiles-a-rom\/","og_locale":"es_ES","og_type":"article","og_title":"Enlaces \u00fatiles a ROM - Runes of Magic-Infos","og_description":"&nbsp;&nbsp;&nbsp;&nbsp;-General\/unsorted- *Runes of Magic Wiki (Espa\u00f1ol) *addonsrecomendados *Macros *comandos de texto\u00fatiles -l\u00edneas de b\u00fasqueda importantes- *&nbsp;&nbsp;Morrok tras Claudia\/Alliumsativum &#8211;&nbsp;Serie de misiones Morrok y Toni (ruta optimizada) *&nbsp;Vahtos &#8211; Juego de joyas *&nbsp;&nbsp;Bolsa de recompensas 35-50 (l\u00ednea de b\u00fasqueda) &#8211;&nbsp;&nbsp;v\u00eddeo a juego &#8211;&nbsp;Contenido de la bolsa * Bolsa de equipo:&nbsp;&nbsp;Lv.48 (Equipar [&hellip;]","og_url":"https:\/\/www.runesofmagic-infos.com\/es\/enlaces-utiles-a-rom\/","og_site_name":"Runes of Magic-Infos","article_modified_time":"2024-08-21T15:48:23+00:00","twitter_card":"summary_large_image","twitter_misc":{"Tiempo de lectura":"2 minutos"},"schema":{"@context":"https:\/\/schema.org","@graph":[{"@type":"WebPage","@id":"https:\/\/www.runesofmagic-infos.com\/es\/enlaces-utiles-a-rom\/","url":"https:\/\/www.runesofmagic-infos.com\/es\/enlaces-utiles-a-rom\/","name":"Enlaces \u00fatiles a ROM - Runes of Magic-Infos","isPartOf":{"@id":"https:\/\/www.runesofmagic-infos.com\/es\/#website"},"datePublished":"2023-09-17T16:02:27+00:00","dateModified":"2024-08-21T15:48:23+00:00","breadcrumb":{"@id":"https:\/\/www.runesofmagic-infos.com\/es\/enlaces-utiles-a-rom\/#breadcrumb"},"inLanguage":"es","potentialAction":[{"@type":"ReadAction","target":["https:\/\/www.runesofmagic-infos.com\/es\/enlaces-utiles-a-rom\/"]}]},{"@type":"BreadcrumbList","@id":"https:\/\/www.runesofmagic-infos.com\/es\/enlaces-utiles-a-rom\/#breadcrumb","itemListElement":[{"@type":"ListItem","position":1,"name":"Startseite","item":"https:\/\/www.runesofmagic-infos.com\/es\/"},{"@type":"ListItem","position":2,"name":"Enlaces \u00fatiles a ROM"}]},{"@type":"WebSite","@id":"https:\/\/www.runesofmagic-infos.com\/es\/#website","url":"https:\/\/www.runesofmagic-infos.com\/es\/","name":"Runes of Magic-Infos","description":"","publisher":{"@id":"https:\/\/www.runesofmagic-infos.com\/es\/#organization"},"potentialAction":[{"@type":"SearchAction","target":{"@type":"EntryPoint","urlTemplate":"https:\/\/www.runesofmagic-infos.com\/es\/?s={search_term_string}"},"query-input":{"@type":"PropertyValueSpecification","valueRequired":true,"valueName":"search_term_string"}}],"inLanguage":"es"},{"@type":"Organization","@id":"https:\/\/www.runesofmagic-infos.com\/es\/#organization","name":"Runes of Magic-Infos","url":"https:\/\/www.runesofmagic-infos.com\/es\/","logo":{"@type":"ImageObject","inLanguage":"es","@id":"https:\/\/www.runesofmagic-infos.com\/es\/#\/schema\/logo\/image\/","url":"https:\/\/www.runesofmagic-infos.com\/wp-content\/uploads\/2024\/01\/ROM-Infos-Original-Logo.png","contentUrl":"https:\/\/www.runesofmagic-infos.com\/wp-content\/uploads\/2024\/01\/ROM-Infos-Original-Logo.png","width":2329,"height":1721,"caption":"Runes of Magic-Infos"},"image":{"@id":"https:\/\/www.runesofmagic-infos.com\/es\/#\/schema\/logo\/image\/"}}]}},"_links":{"self":[{"href":"https:\/\/www.runesofmagic-infos.com\/es\/wp-json\/wp\/v2\/pages\/2806","targetHints":{"allow":["GET"]}}],"collection":[{"href":"https:\/\/www.runesofmagic-infos.com\/es\/wp-json\/wp\/v2\/pages"}],"about":[{"href":"https:\/\/www.runesofmagic-infos.com\/es\/wp-json\/wp\/v2\/types\/page"}],"author":[{"embeddable":true,"href":"https:\/\/www.runesofmagic-infos.com\/es\/wp-json\/wp\/v2\/users\/1"}],"replies":[{"embeddable":true,"href":"https:\/\/www.runesofmagic-infos.com\/es\/wp-json\/wp\/v2\/comments?post=2806"}],"version-history":[{"count":2,"href":"https:\/\/www.runesofmagic-infos.com\/es\/wp-json\/wp\/v2\/pages\/2806\/revisions"}],"predecessor-version":[{"id":4466,"href":"https:\/\/www.runesofmagic-infos.com\/es\/wp-json\/wp\/v2\/pages\/2806\/revisions\/4466"}],"wp:attachment":[{"href":"https:\/\/www.runesofmagic-infos.com\/es\/wp-json\/wp\/v2\/media?parent=2806"}],"curies":[{"name":"wp","href":"https:\/\/api.w.org\/{rel}","templated":true}]}}