{"id":2714,"date":"2023-09-28T17:28:12","date_gmt":"2023-09-28T17:28:12","guid":{"rendered":"https:\/\/www.runesofmagic-infos.com\/pie-de-imprenta\/"},"modified":"2024-12-31T21:49:24","modified_gmt":"2024-12-31T21:49:24","slug":"pie-de-imprenta","status":"publish","type":"page","link":"https:\/\/www.runesofmagic-infos.com\/es\/pie-de-imprenta\/","title":{"rendered":"P\u00f3ngase en contacto con nosotros"},"content":{"rendered":"\n<p><strong>Datos de contacto:<\/strong><\/p>\n\n\n\n<p><br>Tel\u00e9fono: &#8212;&#8212;&#8212;&#8211; Correo electr\u00f3nico:<a href=\"mailto:webmaster@runesofmagic-infos.com\">webmaster@runesofmagic-infos.com<\/a><\/p>\n\n\n\n<p><strong>Editorialmente responsable<\/strong><\/p>\n\n\n\n<p>Krotti<\/p>\n","protected":false},"excerpt":{"rendered":"<p>Datos de contacto: Tel\u00e9fono: &#8212;&#8212;&#8212;&#8211; Correo electr\u00f3nico:webmaster@runesofmagic-infos.com Editorialmente responsable Krotti<\/p>\n","protected":false},"author":1,"featured_media":0,"parent":0,"menu_order":0,"comment_status":"closed","ping_status":"closed","template":"","meta":{"footnotes":""},"class_list":["post-2714","page","type-page","status-publish","hentry"],"yoast_head":"<!-- This site is optimized with the Yoast SEO plugin v27.4 - https:\/\/yoast.com\/product\/yoast-seo-wordpress\/ -->\n<title>P\u00f3ngase en contacto con nosotros - Runes of Magic-Infos<\/title>\n<meta name=\"robots\" content=\"index, follow, max-snippet:-1, max-image-preview:large, max-video-preview:-1\" \/>\n<link rel=\"canonical\" href=\"https:\/\/www.runesofmagic-infos.com\/es\/pie-de-imprenta\/\" \/>\n<meta property=\"og:locale\" content=\"es_ES\" \/>\n<meta property=\"og:type\" content=\"article\" \/>\n<meta property=\"og:title\" content=\"P\u00f3ngase en contacto con nosotros - Runes of Magic-Infos\" \/>\n<meta property=\"og:description\" content=\"Datos de contacto: Tel\u00e9fono: &#8212;&#8212;&#8212;&#8211; Correo electr\u00f3nico:webmaster@runesofmagic-infos.com Editorialmente responsable Krotti\" \/>\n<meta property=\"og:url\" content=\"https:\/\/www.runesofmagic-infos.com\/es\/pie-de-imprenta\/\" \/>\n<meta property=\"og:site_name\" content=\"Runes of Magic-Infos\" \/>\n<meta property=\"article:modified_time\" content=\"2024-12-31T21:49:24+00:00\" \/>\n<meta name=\"twitter:card\" content=\"summary_large_image\" \/>\n<script type=\"application\/ld+json\" class=\"yoast-schema-graph\">{\"@context\":\"https:\\\/\\\/schema.org\",\"@graph\":[{\"@type\":\"WebPage\",\"@id\":\"https:\\\/\\\/www.runesofmagic-infos.com\\\/es\\\/pie-de-imprenta\\\/\",\"url\":\"https:\\\/\\\/www.runesofmagic-infos.com\\\/es\\\/pie-de-imprenta\\\/\",\"name\":\"P\u00f3ngase en contacto con nosotros - Runes of Magic-Infos\",\"isPartOf\":{\"@id\":\"https:\\\/\\\/www.runesofmagic-infos.com\\\/es\\\/#website\"},\"datePublished\":\"2023-09-28T17:28:12+00:00\",\"dateModified\":\"2024-12-31T21:49:24+00:00\",\"breadcrumb\":{\"@id\":\"https:\\\/\\\/www.runesofmagic-infos.com\\\/es\\\/pie-de-imprenta\\\/#breadcrumb\"},\"inLanguage\":\"es\",\"potentialAction\":[{\"@type\":\"ReadAction\",\"target\":[\"https:\\\/\\\/www.runesofmagic-infos.com\\\/es\\\/pie-de-imprenta\\\/\"]}]},{\"@type\":\"BreadcrumbList\",\"@id\":\"https:\\\/\\\/www.runesofmagic-infos.com\\\/es\\\/pie-de-imprenta\\\/#breadcrumb\",\"itemListElement\":[{\"@type\":\"ListItem\",\"position\":1,\"name\":\"Startseite\",\"item\":\"https:\\\/\\\/www.runesofmagic-infos.com\\\/es\\\/\"},{\"@type\":\"ListItem\",\"position\":2,\"name\":\"P\u00f3ngase en contacto con nosotros\"}]},{\"@type\":\"WebSite\",\"@id\":\"https:\\\/\\\/www.runesofmagic-infos.com\\\/es\\\/#website\",\"url\":\"https:\\\/\\\/www.runesofmagic-infos.com\\\/es\\\/\",\"name\":\"Runes of Magic-Infos\",\"description\":\"\",\"publisher\":{\"@id\":\"https:\\\/\\\/www.runesofmagic-infos.com\\\/es\\\/#organization\"},\"potentialAction\":[{\"@type\":\"SearchAction\",\"target\":{\"@type\":\"EntryPoint\",\"urlTemplate\":\"https:\\\/\\\/www.runesofmagic-infos.com\\\/es\\\/?s={search_term_string}\"},\"query-input\":{\"@type\":\"PropertyValueSpecification\",\"valueRequired\":true,\"valueName\":\"search_term_string\"}}],\"inLanguage\":\"es\"},{\"@type\":\"Organization\",\"@id\":\"https:\\\/\\\/www.runesofmagic-infos.com\\\/es\\\/#organization\",\"name\":\"Runes of Magic-Infos\",\"url\":\"https:\\\/\\\/www.runesofmagic-infos.com\\\/es\\\/\",\"logo\":{\"@type\":\"ImageObject\",\"inLanguage\":\"es\",\"@id\":\"https:\\\/\\\/www.runesofmagic-infos.com\\\/es\\\/#\\\/schema\\\/logo\\\/image\\\/\",\"url\":\"https:\\\/\\\/www.runesofmagic-infos.com\\\/wp-content\\\/uploads\\\/2024\\\/01\\\/ROM-Infos-Original-Logo.png\",\"contentUrl\":\"https:\\\/\\\/www.runesofmagic-infos.com\\\/wp-content\\\/uploads\\\/2024\\\/01\\\/ROM-Infos-Original-Logo.png\",\"width\":2329,\"height\":1721,\"caption\":\"Runes of Magic-Infos\"},\"image\":{\"@id\":\"https:\\\/\\\/www.runesofmagic-infos.com\\\/es\\\/#\\\/schema\\\/logo\\\/image\\\/\"}}]}<\/script>\n<!-- \/ Yoast SEO plugin. -->","yoast_head_json":{"title":"P\u00f3ngase en contacto con nosotros - Runes of Magic-Infos","robots":{"index":"index","follow":"follow","max-snippet":"max-snippet:-1","max-image-preview":"max-image-preview:large","max-video-preview":"max-video-preview:-1"},"canonical":"https:\/\/www.runesofmagic-infos.com\/es\/pie-de-imprenta\/","og_locale":"es_ES","og_type":"article","og_title":"P\u00f3ngase en contacto con nosotros - Runes of Magic-Infos","og_description":"Datos de contacto: Tel\u00e9fono: &#8212;&#8212;&#8212;&#8211; Correo electr\u00f3nico:webmaster@runesofmagic-infos.com Editorialmente responsable Krotti","og_url":"https:\/\/www.runesofmagic-infos.com\/es\/pie-de-imprenta\/","og_site_name":"Runes of Magic-Infos","article_modified_time":"2024-12-31T21:49:24+00:00","twitter_card":"summary_large_image","schema":{"@context":"https:\/\/schema.org","@graph":[{"@type":"WebPage","@id":"https:\/\/www.runesofmagic-infos.com\/es\/pie-de-imprenta\/","url":"https:\/\/www.runesofmagic-infos.com\/es\/pie-de-imprenta\/","name":"P\u00f3ngase en contacto con nosotros - Runes of Magic-Infos","isPartOf":{"@id":"https:\/\/www.runesofmagic-infos.com\/es\/#website"},"datePublished":"2023-09-28T17:28:12+00:00","dateModified":"2024-12-31T21:49:24+00:00","breadcrumb":{"@id":"https:\/\/www.runesofmagic-infos.com\/es\/pie-de-imprenta\/#breadcrumb"},"inLanguage":"es","potentialAction":[{"@type":"ReadAction","target":["https:\/\/www.runesofmagic-infos.com\/es\/pie-de-imprenta\/"]}]},{"@type":"BreadcrumbList","@id":"https:\/\/www.runesofmagic-infos.com\/es\/pie-de-imprenta\/#breadcrumb","itemListElement":[{"@type":"ListItem","position":1,"name":"Startseite","item":"https:\/\/www.runesofmagic-infos.com\/es\/"},{"@type":"ListItem","position":2,"name":"P\u00f3ngase en contacto con nosotros"}]},{"@type":"WebSite","@id":"https:\/\/www.runesofmagic-infos.com\/es\/#website","url":"https:\/\/www.runesofmagic-infos.com\/es\/","name":"Runes of Magic-Infos","description":"","publisher":{"@id":"https:\/\/www.runesofmagic-infos.com\/es\/#organization"},"potentialAction":[{"@type":"SearchAction","target":{"@type":"EntryPoint","urlTemplate":"https:\/\/www.runesofmagic-infos.com\/es\/?s={search_term_string}"},"query-input":{"@type":"PropertyValueSpecification","valueRequired":true,"valueName":"search_term_string"}}],"inLanguage":"es"},{"@type":"Organization","@id":"https:\/\/www.runesofmagic-infos.com\/es\/#organization","name":"Runes of Magic-Infos","url":"https:\/\/www.runesofmagic-infos.com\/es\/","logo":{"@type":"ImageObject","inLanguage":"es","@id":"https:\/\/www.runesofmagic-infos.com\/es\/#\/schema\/logo\/image\/","url":"https:\/\/www.runesofmagic-infos.com\/wp-content\/uploads\/2024\/01\/ROM-Infos-Original-Logo.png","contentUrl":"https:\/\/www.runesofmagic-infos.com\/wp-content\/uploads\/2024\/01\/ROM-Infos-Original-Logo.png","width":2329,"height":1721,"caption":"Runes of Magic-Infos"},"image":{"@id":"https:\/\/www.runesofmagic-infos.com\/es\/#\/schema\/logo\/image\/"}}]}},"_links":{"self":[{"href":"https:\/\/www.runesofmagic-infos.com\/es\/wp-json\/wp\/v2\/pages\/2714","targetHints":{"allow":["GET"]}}],"collection":[{"href":"https:\/\/www.runesofmagic-infos.com\/es\/wp-json\/wp\/v2\/pages"}],"about":[{"href":"https:\/\/www.runesofmagic-infos.com\/es\/wp-json\/wp\/v2\/types\/page"}],"author":[{"embeddable":true,"href":"https:\/\/www.runesofmagic-infos.com\/es\/wp-json\/wp\/v2\/users\/1"}],"replies":[{"embeddable":true,"href":"https:\/\/www.runesofmagic-infos.com\/es\/wp-json\/wp\/v2\/comments?post=2714"}],"version-history":[{"count":5,"href":"https:\/\/www.runesofmagic-infos.com\/es\/wp-json\/wp\/v2\/pages\/2714\/revisions"}],"predecessor-version":[{"id":4894,"href":"https:\/\/www.runesofmagic-infos.com\/es\/wp-json\/wp\/v2\/pages\/2714\/revisions\/4894"}],"wp:attachment":[{"href":"https:\/\/www.runesofmagic-infos.com\/es\/wp-json\/wp\/v2\/media?parent=2714"}],"curies":[{"name":"wp","href":"https:\/\/api.w.org\/{rel}","templated":true}]}}