{"id":2630,"date":"2023-09-17T15:14:58","date_gmt":"2023-09-17T15:14:58","guid":{"rendered":"https:\/\/www.runesofmagic-infos.com\/evento-mensual\/"},"modified":"2026-04-26T15:48:16","modified_gmt":"2026-04-26T15:48:16","slug":"evento-mensual","status":"publish","type":"page","link":"https:\/\/www.runesofmagic-infos.com\/es\/evento-mensual\/","title":{"rendered":"Evento mensual"},"content":{"rendered":"\n<h1 class=\"wp-block-heading\">Fiesta de la lluvia de primavera<\/h1>\n\n\n\n<figure class=\"wp-block-image size-full\"><img loading=\"lazy\" decoding=\"async\" width=\"1000\" height=\"530\" src=\"https:\/\/www.runesofmagic-infos.com\/wp-content\/uploads\/2025\/04\/spring_rain01-1.jpg\" alt=\"\" class=\"wp-image-5197\" srcset=\"https:\/\/www.runesofmagic-infos.com\/wp-content\/uploads\/2025\/04\/spring_rain01-1.jpg 1000w, https:\/\/www.runesofmagic-infos.com\/wp-content\/uploads\/2025\/04\/spring_rain01-1-300x159.jpg 300w, https:\/\/www.runesofmagic-infos.com\/wp-content\/uploads\/2025\/04\/spring_rain01-1-768x407.jpg 768w\" sizes=\"auto, (max-width: 1000px) 100vw, 1000px\" \/><\/figure>\n\n\n\n<p><em>Todos los a\u00f1os, durante la Fiesta de la Lluvia de Primavera, peque\u00f1os grupos de Wabbits se re\u00fanen por todas partes para jugar con los huevos arco iris. Son vivaces y alegres por naturaleza. Saltan de un lado a otro y contagian una atm\u00f3sfera de alegr\u00eda y felicidad.  <\/em><\/p>\n\n\n\n<p><em>El Festival de la Lluvia Primaveral est\u00e1 a punto de comenzar y se celebrar\u00e1 en varias regiones de Taborea: Monta\u00f1as Aullantes, Primavera Plateada, Valle de Aslan, Ca\u00f1\u00f3n del Diablo del Polvo y Colina del Golpe de Trueno.<\/em><\/p>\n\n\n\n<p><em>Los organizadores del festival comenzar\u00e1n su trabajo en las principales ciudades: Puedes encontrarlos en Varanas, la Fortaleza de Obsidiana y Dalanis.<\/em><\/p>\n\n\n\n<p><strong>[Panorama del Festival]<\/strong><\/p>\n\n\n\n<ul class=\"wp-block-list\">\n<li>Hay toda una serie de actos para celebrar la historia de Castor<\/li>\n<\/ul>\n\n\n\n<p><strong>Buscar huevos arco iris<\/strong><\/p>\n\n\n\n<ul class=\"wp-block-list\">\n<li>PNJ: Viejo Wabbit<\/li>\n\n\n\n<li>Lugar: Dalanis<\/li>\n\n\n\n<li>Objetivo del evento: Ayuda al Viejo Conejo a encontrar 100 huevos arco iris del viejo conejo escondidos en Dalanis.<\/li>\n<\/ul>\n\n\n\n<figure class=\"wp-block-image size-full\"><img loading=\"lazy\" decoding=\"async\" width=\"803\" height=\"604\" src=\"https:\/\/www.runesofmagic-infos.com\/wp-content\/uploads\/2025\/04\/spring_rain06.jpg\" alt=\"\" class=\"wp-image-5192\" srcset=\"https:\/\/www.runesofmagic-infos.com\/wp-content\/uploads\/2025\/04\/spring_rain06.jpg 803w, https:\/\/www.runesofmagic-infos.com\/wp-content\/uploads\/2025\/04\/spring_rain06-300x226.jpg 300w, https:\/\/www.runesofmagic-infos.com\/wp-content\/uploads\/2025\/04\/spring_rain06-768x578.jpg 768w\" sizes=\"auto, (max-width: 803px) 100vw, 803px\" \/><\/figure>\n\n\n\n<p><strong>El conejo asesino<\/strong><\/p>\n\n\n\n<ul class=\"wp-block-list\">\n<li>PNJ: Mago Tom<\/li>\n\n\n\n<li>Localizaci\u00f3n: Monta\u00f1as Aullantes, a las afueras de Logar<\/li>\n\n\n\n<li>Objetivo del evento: Ayuda al Mago Tom a derrotar al Conejo Asesino y salvar a los innumerables habitantes de Varanas.<\/li>\n<\/ul>\n\n\n\n<p><strong>Caza del conejo<\/strong><\/p>\n\n\n\n<ul class=\"wp-block-list\">\n<li>PNJ: Clifford Sharansk<\/li>\n\n\n\n<li>Lugar: Varanas &#8211; distrito administrativo<\/li>\n\n\n\n<li>Tipo de acto: Caza<\/li>\n\n\n\n<li>Objetivo del evento: Caza a los jugadores que se han convertido en Wabbits y consigue puntos.<\/li>\n<\/ul>\n\n\n\n<p><strong>\u00a1Trae de vuelta a los Wabbits perdidos!<\/strong><\/p>\n\n\n\n<ul class=\"wp-block-list\">\n<li>NPCs: Jaden Angus \/ Louise Tina<\/li>\n\n\n\n<li>Localizaci\u00f3n: Varanas &#8211; Plaza de la Ciudad \/ Fortaleza de Obsidiana<\/li>\n\n\n\n<li>Tipo de evento: Buscar y Recoger<\/li>\n\n\n\n<li>Objetivo del evento: Encuentra a los Wabbits perdidos, atr\u00e1palos y tr\u00e1elos de vuelta.<\/li>\n<\/ul>\n\n\n\n<p><strong>Huevos arco iris robados<\/strong><\/p>\n\n\n\n<ul class=\"wp-block-list\">\n<li>PNJ: Lina Wabbit \/ Nier Wabbit<\/li>\n\n\n\n<li>Localizaci\u00f3n: Varanas &#8211; Plaza de la Ciudad \/ Fortaleza de Obsidiana<\/li>\n\n\n\n<li>Tipo de evento: Mata monstruos y recoge objetos<\/li>\n\n\n\n<li>Lugar: Monta\u00f1as Aullantes, Mina Talgrund<\/li>\n\n\n\n<li>Objetivo del evento: Recoge los huevos arco iris robados a los ladrones de huevos.<\/li>\n<\/ul>\n\n\n\n<p><strong>Recoger flores<\/strong><\/p>\n\n\n\n<ul class=\"wp-block-list\">\n<li>PNJ: Lina Wabbit \/ Nier Wabbit<\/li>\n\n\n\n<li>Localizaci\u00f3n: Varanas &#8211; Plaza de la Ciudad \/ Fortaleza de Obsidiana<\/li>\n\n\n\n<li>Tipo de evento: Recoge objetos<\/li>\n\n\n\n<li>Lugar: Logar<\/li>\n\n\n\n<li>Objetivo del evento: Recoger flores de arco iris<\/li>\n<\/ul>\n\n\n\n<p><strong>Feliz excavaci\u00f3n<\/strong><\/p>\n\n\n\n<ul class=\"wp-block-list\">\n<li>PNJ: Tit\u00e1n Wabbit<\/li>\n\n\n\n<li>Localizaci\u00f3n: Granja de Helen &#8211; Monta\u00f1as Aullantes<\/li>\n\n\n\n<li>Tipo de evento: Recoge objetos<\/li>\n\n\n\n<li>Objetivo del evento: Sigue al Conejo para desenterrar valiosos tesoros.<\/li>\n<\/ul>\n\n\n\n<p><strong>Graffiti de huevos arco iris<\/strong><\/p>\n\n\n\n<ul class=\"wp-block-list\">\n<li>PNJ: Cecil Owanni<\/li>\n\n\n\n<li>Ubicaci\u00f3n: Varanas &#8211; Puente<\/li>\n\n\n\n<li>Tipo de acto: Recoge e intercambia objetos<\/li>\n\n\n\n<li>Lugar: Silver Spring, Varanas<\/li>\n\n\n\n<li>Objetivo del acto: Recoger flores como pintura, llevar los huevos a los pintores y que los pinten.<\/li>\n<\/ul>\n\n\n\n<p><strong>\u00a1Salta! \u00a1Salta! \u00a1Wabbits!<\/strong><\/p>\n\n\n\n<ul class=\"wp-block-list\">\n<li>PNJ: Danny Wabbit<\/li>\n\n\n\n<li>Ubicaci\u00f3n: Puente de Varanas<\/li>\n\n\n\n<li>Tipo de evento: Buscar y seguir<\/li>\n\n\n\n<li>Lugar: Silberfall<\/li>\n\n\n\n<li>Objetivo del evento: Encuentra a los Wabbits y s\u00edguelos<\/li>\n<\/ul>\n\n\n\n<p><strong>Pollo Espectral Esencial<\/strong><\/p>\n\n\n\n<ul class=\"wp-block-list\">\n<li>PNJ: Angela Bix<\/li>\n\n\n\n<li>Ubicaci\u00f3n: Puente de Varanas<\/li>\n\n\n\n<li>Tipo de evento: Busca y recoge objetos<\/li>\n\n\n\n<li>Lugar: Silberfall<\/li>\n\n\n\n<li>Objetivo del Evento: Transf\u00f3rmate en Conejo y busca a la Gallina Espectral Et\u00e9rica para recoger los Huevos Dorados.<\/li>\n<\/ul>\n\n\n\n<p><strong>Gran diversi\u00f3n con huevos<\/strong><\/p>\n\n\n\n<ul class=\"wp-block-list\">\n<li>PNJ: Ayester Bunni<\/li>\n\n\n\n<li>Tipo de evento: Encontrar PNJs, encontrar y entregar objetos<\/li>\n\n\n\n<li>Inicio del evento: Dalanis<\/li>\n\n\n\n<li>Lugar: Donnerhufh\u00fcgel<\/li>\n\n\n\n<li>Objetivo del evento: Encontrar objetos y entreg\u00e1rselos a un PNJ<\/li>\n<\/ul>\n\n\n\n<figure class=\"wp-block-image size-full\"><img loading=\"lazy\" decoding=\"async\" width=\"700\" height=\"531\" src=\"https:\/\/www.runesofmagic-infos.com\/wp-content\/uploads\/2025\/04\/spring_rain04.jpg\" alt=\"\" class=\"wp-image-5202\" srcset=\"https:\/\/www.runesofmagic-infos.com\/wp-content\/uploads\/2025\/04\/spring_rain04.jpg 700w, https:\/\/www.runesofmagic-infos.com\/wp-content\/uploads\/2025\/04\/spring_rain04-300x228.jpg 300w\" sizes=\"auto, (max-width: 700px) 100vw, 700px\" \/><\/figure>\n\n\n\n<p><strong>Batalla en defensa del conejo<\/strong><\/p>\n\n\n\n<ul class=\"wp-block-list\">\n<li>PNJ: Conejo Yakubi<\/li>\n\n\n\n<li>Ubicaci\u00f3n: Puertas de Varanas<\/li>\n\n\n\n<li>Lugar: Puertas de Varanas<\/li>\n\n\n\n<li>Tipo de evento: Similar a Towerdefense<\/li>\n\n\n\n<li>Objetivo del evento: Defiende a los Wabbits de las tortugas para recibir una recompensa<\/li>\n<\/ul>\n\n\n\n<p><strong>Traer a casa al gran Wabbit<\/strong><\/p>\n\n\n\n<ul class=\"wp-block-list\">\n<li>PNJ: Jessica Bunni<\/li>\n\n\n\n<li>Tipo de acto: Buscar y recoger<\/li>\n\n\n\n<li>Inicio del evento: Dalanis<\/li>\n\n\n\n<li>Lugar: Donnerhufh\u00fcgel<\/li>\n\n\n\n<li>Objetivo del evento: Encontrar a los Wabbits y llevarlos a casa.<\/li>\n<\/ul>\n","protected":false},"excerpt":{"rendered":"<p>Fiesta de la lluvia de primavera Todos los a\u00f1os, durante la Fiesta de la Lluvia de Primavera, peque\u00f1os grupos de Wabbits se re\u00fanen por todas partes para jugar con los huevos arco iris. Son vivaces y alegres por naturaleza. Saltan de un lado a otro y contagian una atm\u00f3sfera de [&hellip;]<\/p>\n","protected":false},"author":1,"featured_media":0,"parent":0,"menu_order":0,"comment_status":"closed","ping_status":"closed","template":"","meta":{"footnotes":""},"class_list":["post-2630","page","type-page","status-publish","hentry"],"yoast_head":"<!-- This site is optimized with the Yoast SEO plugin v27.4 - https:\/\/yoast.com\/product\/yoast-seo-wordpress\/ -->\n<title>Evento mensual - Runes of Magic-Infos<\/title>\n<meta name=\"robots\" content=\"index, follow, max-snippet:-1, max-image-preview:large, max-video-preview:-1\" \/>\n<link rel=\"canonical\" href=\"https:\/\/www.runesofmagic-infos.com\/es\/evento-mensual\/\" \/>\n<meta property=\"og:locale\" content=\"es_ES\" \/>\n<meta property=\"og:type\" content=\"article\" \/>\n<meta property=\"og:title\" content=\"Evento mensual - Runes of Magic-Infos\" \/>\n<meta property=\"og:description\" content=\"Fiesta de la lluvia de primavera Todos los a\u00f1os, durante la Fiesta de la Lluvia de Primavera, peque\u00f1os grupos de Wabbits se re\u00fanen por todas partes para jugar con los huevos arco iris. Son vivaces y alegres por naturaleza. Saltan de un lado a otro y contagian una atm\u00f3sfera de [&hellip;]\" \/>\n<meta property=\"og:url\" content=\"https:\/\/www.runesofmagic-infos.com\/es\/evento-mensual\/\" \/>\n<meta property=\"og:site_name\" content=\"Runes of Magic-Infos\" \/>\n<meta property=\"article:modified_time\" content=\"2026-04-26T15:48:16+00:00\" \/>\n<meta property=\"og:image\" content=\"https:\/\/www.runesofmagic-infos.com\/wp-content\/uploads\/2025\/04\/spring_rain01-1.jpg\" \/>\n<meta name=\"twitter:card\" content=\"summary_large_image\" \/>\n<meta name=\"twitter:label1\" content=\"Tiempo de lectura\" \/>\n\t<meta name=\"twitter:data1\" content=\"3 minutos\" \/>\n<script type=\"application\/ld+json\" class=\"yoast-schema-graph\">{\"@context\":\"https:\\\/\\\/schema.org\",\"@graph\":[{\"@type\":\"WebPage\",\"@id\":\"https:\\\/\\\/www.runesofmagic-infos.com\\\/es\\\/evento-mensual\\\/\",\"url\":\"https:\\\/\\\/www.runesofmagic-infos.com\\\/es\\\/evento-mensual\\\/\",\"name\":\"Evento mensual - Runes of Magic-Infos\",\"isPartOf\":{\"@id\":\"https:\\\/\\\/www.runesofmagic-infos.com\\\/es\\\/#website\"},\"primaryImageOfPage\":{\"@id\":\"https:\\\/\\\/www.runesofmagic-infos.com\\\/es\\\/evento-mensual\\\/#primaryimage\"},\"image\":{\"@id\":\"https:\\\/\\\/www.runesofmagic-infos.com\\\/es\\\/evento-mensual\\\/#primaryimage\"},\"thumbnailUrl\":\"https:\\\/\\\/www.runesofmagic-infos.com\\\/wp-content\\\/uploads\\\/2025\\\/04\\\/spring_rain01-1.jpg\",\"datePublished\":\"2023-09-17T15:14:58+00:00\",\"dateModified\":\"2026-04-26T15:48:16+00:00\",\"breadcrumb\":{\"@id\":\"https:\\\/\\\/www.runesofmagic-infos.com\\\/es\\\/evento-mensual\\\/#breadcrumb\"},\"inLanguage\":\"es\",\"potentialAction\":[{\"@type\":\"ReadAction\",\"target\":[\"https:\\\/\\\/www.runesofmagic-infos.com\\\/es\\\/evento-mensual\\\/\"]}]},{\"@type\":\"ImageObject\",\"inLanguage\":\"es\",\"@id\":\"https:\\\/\\\/www.runesofmagic-infos.com\\\/es\\\/evento-mensual\\\/#primaryimage\",\"url\":\"https:\\\/\\\/www.runesofmagic-infos.com\\\/wp-content\\\/uploads\\\/2025\\\/04\\\/spring_rain01-1.jpg\",\"contentUrl\":\"https:\\\/\\\/www.runesofmagic-infos.com\\\/wp-content\\\/uploads\\\/2025\\\/04\\\/spring_rain01-1.jpg\"},{\"@type\":\"BreadcrumbList\",\"@id\":\"https:\\\/\\\/www.runesofmagic-infos.com\\\/es\\\/evento-mensual\\\/#breadcrumb\",\"itemListElement\":[{\"@type\":\"ListItem\",\"position\":1,\"name\":\"Startseite\",\"item\":\"https:\\\/\\\/www.runesofmagic-infos.com\\\/es\\\/\"},{\"@type\":\"ListItem\",\"position\":2,\"name\":\"Evento mensual\"}]},{\"@type\":\"WebSite\",\"@id\":\"https:\\\/\\\/www.runesofmagic-infos.com\\\/es\\\/#website\",\"url\":\"https:\\\/\\\/www.runesofmagic-infos.com\\\/es\\\/\",\"name\":\"Runes of Magic-Infos\",\"description\":\"\",\"publisher\":{\"@id\":\"https:\\\/\\\/www.runesofmagic-infos.com\\\/es\\\/#organization\"},\"potentialAction\":[{\"@type\":\"SearchAction\",\"target\":{\"@type\":\"EntryPoint\",\"urlTemplate\":\"https:\\\/\\\/www.runesofmagic-infos.com\\\/es\\\/?s={search_term_string}\"},\"query-input\":{\"@type\":\"PropertyValueSpecification\",\"valueRequired\":true,\"valueName\":\"search_term_string\"}}],\"inLanguage\":\"es\"},{\"@type\":\"Organization\",\"@id\":\"https:\\\/\\\/www.runesofmagic-infos.com\\\/es\\\/#organization\",\"name\":\"Runes of Magic-Infos\",\"url\":\"https:\\\/\\\/www.runesofmagic-infos.com\\\/es\\\/\",\"logo\":{\"@type\":\"ImageObject\",\"inLanguage\":\"es\",\"@id\":\"https:\\\/\\\/www.runesofmagic-infos.com\\\/es\\\/#\\\/schema\\\/logo\\\/image\\\/\",\"url\":\"https:\\\/\\\/www.runesofmagic-infos.com\\\/wp-content\\\/uploads\\\/2024\\\/01\\\/ROM-Infos-Original-Logo.png\",\"contentUrl\":\"https:\\\/\\\/www.runesofmagic-infos.com\\\/wp-content\\\/uploads\\\/2024\\\/01\\\/ROM-Infos-Original-Logo.png\",\"width\":2329,\"height\":1721,\"caption\":\"Runes of Magic-Infos\"},\"image\":{\"@id\":\"https:\\\/\\\/www.runesofmagic-infos.com\\\/es\\\/#\\\/schema\\\/logo\\\/image\\\/\"}}]}<\/script>\n<!-- \/ Yoast SEO plugin. -->","yoast_head_json":{"title":"Evento mensual - Runes of Magic-Infos","robots":{"index":"index","follow":"follow","max-snippet":"max-snippet:-1","max-image-preview":"max-image-preview:large","max-video-preview":"max-video-preview:-1"},"canonical":"https:\/\/www.runesofmagic-infos.com\/es\/evento-mensual\/","og_locale":"es_ES","og_type":"article","og_title":"Evento mensual - Runes of Magic-Infos","og_description":"Fiesta de la lluvia de primavera Todos los a\u00f1os, durante la Fiesta de la Lluvia de Primavera, peque\u00f1os grupos de Wabbits se re\u00fanen por todas partes para jugar con los huevos arco iris. Son vivaces y alegres por naturaleza. Saltan de un lado a otro y contagian una atm\u00f3sfera de [&hellip;]","og_url":"https:\/\/www.runesofmagic-infos.com\/es\/evento-mensual\/","og_site_name":"Runes of Magic-Infos","article_modified_time":"2026-04-26T15:48:16+00:00","og_image":[{"url":"https:\/\/www.runesofmagic-infos.com\/wp-content\/uploads\/2025\/04\/spring_rain01-1.jpg","type":"","width":"","height":""}],"twitter_card":"summary_large_image","twitter_misc":{"Tiempo de lectura":"3 minutos"},"schema":{"@context":"https:\/\/schema.org","@graph":[{"@type":"WebPage","@id":"https:\/\/www.runesofmagic-infos.com\/es\/evento-mensual\/","url":"https:\/\/www.runesofmagic-infos.com\/es\/evento-mensual\/","name":"Evento mensual - Runes of Magic-Infos","isPartOf":{"@id":"https:\/\/www.runesofmagic-infos.com\/es\/#website"},"primaryImageOfPage":{"@id":"https:\/\/www.runesofmagic-infos.com\/es\/evento-mensual\/#primaryimage"},"image":{"@id":"https:\/\/www.runesofmagic-infos.com\/es\/evento-mensual\/#primaryimage"},"thumbnailUrl":"https:\/\/www.runesofmagic-infos.com\/wp-content\/uploads\/2025\/04\/spring_rain01-1.jpg","datePublished":"2023-09-17T15:14:58+00:00","dateModified":"2026-04-26T15:48:16+00:00","breadcrumb":{"@id":"https:\/\/www.runesofmagic-infos.com\/es\/evento-mensual\/#breadcrumb"},"inLanguage":"es","potentialAction":[{"@type":"ReadAction","target":["https:\/\/www.runesofmagic-infos.com\/es\/evento-mensual\/"]}]},{"@type":"ImageObject","inLanguage":"es","@id":"https:\/\/www.runesofmagic-infos.com\/es\/evento-mensual\/#primaryimage","url":"https:\/\/www.runesofmagic-infos.com\/wp-content\/uploads\/2025\/04\/spring_rain01-1.jpg","contentUrl":"https:\/\/www.runesofmagic-infos.com\/wp-content\/uploads\/2025\/04\/spring_rain01-1.jpg"},{"@type":"BreadcrumbList","@id":"https:\/\/www.runesofmagic-infos.com\/es\/evento-mensual\/#breadcrumb","itemListElement":[{"@type":"ListItem","position":1,"name":"Startseite","item":"https:\/\/www.runesofmagic-infos.com\/es\/"},{"@type":"ListItem","position":2,"name":"Evento mensual"}]},{"@type":"WebSite","@id":"https:\/\/www.runesofmagic-infos.com\/es\/#website","url":"https:\/\/www.runesofmagic-infos.com\/es\/","name":"Runes of Magic-Infos","description":"","publisher":{"@id":"https:\/\/www.runesofmagic-infos.com\/es\/#organization"},"potentialAction":[{"@type":"SearchAction","target":{"@type":"EntryPoint","urlTemplate":"https:\/\/www.runesofmagic-infos.com\/es\/?s={search_term_string}"},"query-input":{"@type":"PropertyValueSpecification","valueRequired":true,"valueName":"search_term_string"}}],"inLanguage":"es"},{"@type":"Organization","@id":"https:\/\/www.runesofmagic-infos.com\/es\/#organization","name":"Runes of Magic-Infos","url":"https:\/\/www.runesofmagic-infos.com\/es\/","logo":{"@type":"ImageObject","inLanguage":"es","@id":"https:\/\/www.runesofmagic-infos.com\/es\/#\/schema\/logo\/image\/","url":"https:\/\/www.runesofmagic-infos.com\/wp-content\/uploads\/2024\/01\/ROM-Infos-Original-Logo.png","contentUrl":"https:\/\/www.runesofmagic-infos.com\/wp-content\/uploads\/2024\/01\/ROM-Infos-Original-Logo.png","width":2329,"height":1721,"caption":"Runes of Magic-Infos"},"image":{"@id":"https:\/\/www.runesofmagic-infos.com\/es\/#\/schema\/logo\/image\/"}}]}},"_links":{"self":[{"href":"https:\/\/www.runesofmagic-infos.com\/es\/wp-json\/wp\/v2\/pages\/2630","targetHints":{"allow":["GET"]}}],"collection":[{"href":"https:\/\/www.runesofmagic-infos.com\/es\/wp-json\/wp\/v2\/pages"}],"about":[{"href":"https:\/\/www.runesofmagic-infos.com\/es\/wp-json\/wp\/v2\/types\/page"}],"author":[{"embeddable":true,"href":"https:\/\/www.runesofmagic-infos.com\/es\/wp-json\/wp\/v2\/users\/1"}],"replies":[{"embeddable":true,"href":"https:\/\/www.runesofmagic-infos.com\/es\/wp-json\/wp\/v2\/comments?post=2630"}],"version-history":[{"count":19,"href":"https:\/\/www.runesofmagic-infos.com\/es\/wp-json\/wp\/v2\/pages\/2630\/revisions"}],"predecessor-version":[{"id":5999,"href":"https:\/\/www.runesofmagic-infos.com\/es\/wp-json\/wp\/v2\/pages\/2630\/revisions\/5999"}],"wp:attachment":[{"href":"https:\/\/www.runesofmagic-infos.com\/es\/wp-json\/wp\/v2\/media?parent=2630"}],"curies":[{"name":"wp","href":"https:\/\/api.w.org\/{rel}","templated":true}]}}