{"id":2316,"date":"2023-11-20T19:25:45","date_gmt":"2023-11-20T19:25:45","guid":{"rendered":"https:\/\/www.runesofmagic-infos.com\/ultimate-mail-mod-2-caracteristicas-funciones-e-instrucciones\/"},"modified":"2024-01-27T11:34:10","modified_gmt":"2024-01-27T11:34:10","slug":"ultimate-mail-mod-2-caracteristicas-funciones-e-instrucciones","status":"publish","type":"page","link":"https:\/\/www.runesofmagic-infos.com\/es\/ultimate-mail-mod-2-caracteristicas-funciones-e-instrucciones\/","title":{"rendered":"Ultimate Mail Mod 2 &#8211; Caracter\u00edsticas, funciones e instrucciones"},"content":{"rendered":"\n<p><strong>\u00abUltimate Mail Mod 2\u00bb es una versi\u00f3n modificada (DE) (DE, EN, FR) de \u00abUltimate Mail Mod\u00bb.<\/strong><\/p>\n\n<p><strong>&#8211; a la \u00faltima zona (100 \u00abChassizz\u00bb)<\/strong><\/p>\n\n<p>&#8211; <strong>48 Bot\u00f3n<\/strong> ( \u2192 v\u00e9ase el puesto 37)<\/p>\n\n<p><strong>&#8211; Preselecci\u00f3n para T6<\/strong><\/p>\n\n<p><strong>&#8211; Recetas clasificadas por profesi\u00f3n<\/strong><\/p>\n\n<p>&#8211; <strong>Selecci\u00f3n m\u00faltiple de 1 tipo de elemento con un solo clic<\/strong> \u2192 [STRG] o [CTRL] + elemento (clic izquierdo)<\/p>\n\n<p>&#8211; <strong>Art\u00edculo del bot\u00f3n [Gefahr! T6] <\/strong>(98\/99\/100s)<\/p>\n\n<p><strong>deben ser tratados de forma \u00abespecial\u00bb, ya que estos objetos s\u00f3lo vienen limpios del ini, tienen valores o est\u00e1n vinculados como recompensas de quest.<\/strong><\/p>\n\n<p><strong>As\u00ed que 3 variantes de art\u00edculos diferentes con el mismo ID \u2192 una pesadilla al hacer piedras limpias.<\/strong><\/p>\n\n<p>&#8211; Para una mejor visi\u00f3n de conjunto, las primeras contribuciones se utilizan para la provisi\u00f3n\/informaci\u00f3n y se actualizan en consecuencia.<\/p>\n\n<p>&#8211; Por favor, inf\u00f3rmeme de un art\u00edculo no reconocido con ID y\/o nombre.<\/p>\n\n<p>&#8211; En caso de selecci\u00f3n m\u00faltiple y de que aparezca el mensaje \u00abYou cannot select bound&#8230;\u00bb, compruebe los elementos para \u00abBound\u00bb.<\/p>\n\n<p>&#8211; Si se cancela un env\u00edo, compruebe si los art\u00edculos est\u00e1n \u00abEncuadernados\u00bb \u2192 <strong>\u00a1Los art\u00edculos encuadernados no se pueden enviar!<\/strong><\/p>\n\n<p>&#8211; Ya no es posible enviar despu\u00e9s de xx transmisiones \u2192 Relog, cambio de zona (por ejemplo, mundo abierto, casa, castillo de gremio) o pausa \u00abbreve\u00bb.<\/p>\n\n<p><strong>Nota, sugerencia, instrucci\u00f3n:<\/strong><\/p>\n\n<p>&#8211; Descarga el complemento UMM2 \u2192 <a href=\"https:\/\/forum.runesofmagic.gameforge.com\/forum\/thread\/4171-ultimate-mail-mod-2-modifiziert-2023-08-21-de-2021-11-18-de-en-fr\/?postID=42775#post42775\">ver post #3<\/a><\/p>\n\n<p>&#8211; General \u2192 <a href=\"https:\/\/forum.runesofmagic.gameforge.com\/forum\/thread\/4171-ultimate-mail-mod-2-modifiziert-2023-08-21-de-2021-11-18-de-en-fr\/?postID=42776#post42776\">ver post #4<\/a><\/p>\n\n<p>&#8211; Instalaci\u00f3n del AddOn \u2192 <a href=\"https:\/\/forum.runesofmagic.gameforge.com\/forum\/thread\/4171-ultimate-mail-mod-2-modifiziert-2023-08-21-de-2021-11-18-de-en-fr\/?postID=42777#post42777\">ver post #5<\/a><\/p>\n\n<p>&#8211; Preselecci\u00f3n de destinatarios \u2192 <a href=\"https:\/\/forum.runesofmagic.gameforge.com\/forum\/thread\/4171-ultimate-mail-mod-2-modifiziert-2023-08-21-de-2021-11-18-de-en-fr\/?postID=70775#post70775\">v\u00e9ase el mensaje n\u00ba 46<\/a><\/p>\n\n<p>&#8211; Instrucciones sobre c\u00f3mo hacer nuevos botones en general \u2192 <a href=\"https:\/\/forum.runesofmagic.gameforge.com\/forum\/thread\/4171-ultimate-mail-mod-2-modifiziert-2023-08-21-de-2021-11-18-de-en-fr\/?postID=70781#post70781\">ver post #48<\/a><\/p>\n","protected":false},"excerpt":{"rendered":"<p>\u00abUltimate Mail Mod 2\u00bb es una versi\u00f3n modificada (DE) (DE, EN, FR) de \u00abUltimate Mail Mod\u00bb. &#8211; a la \u00faltima zona (100 \u00abChassizz\u00bb) &#8211; 48 Bot\u00f3n ( \u2192 v\u00e9ase el puesto 37) &#8211; Preselecci\u00f3n para T6 &#8211; Recetas clasificadas por profesi\u00f3n &#8211; Selecci\u00f3n m\u00faltiple de 1 tipo de elemento con [&hellip;]<\/p>\n","protected":false},"author":1,"featured_media":0,"parent":0,"menu_order":0,"comment_status":"closed","ping_status":"closed","template":"","meta":{"footnotes":""},"class_list":["post-2316","page","type-page","status-publish","hentry"],"yoast_head":"<!-- This site is optimized with the Yoast SEO plugin v27.4 - https:\/\/yoast.com\/product\/yoast-seo-wordpress\/ -->\n<title>Ultimate Mail Mod 2 - Caracter\u00edsticas, funciones e instrucciones - Runes of Magic-Infos<\/title>\n<meta name=\"robots\" content=\"index, follow, max-snippet:-1, max-image-preview:large, max-video-preview:-1\" \/>\n<link rel=\"canonical\" href=\"https:\/\/www.runesofmagic-infos.com\/es\/ultimate-mail-mod-2-caracteristicas-funciones-e-instrucciones\/\" \/>\n<meta property=\"og:locale\" content=\"es_ES\" \/>\n<meta property=\"og:type\" content=\"article\" \/>\n<meta property=\"og:title\" content=\"Ultimate Mail Mod 2 - Caracter\u00edsticas, funciones e instrucciones - Runes of Magic-Infos\" \/>\n<meta property=\"og:description\" content=\"\u00abUltimate Mail Mod 2\u00bb es una versi\u00f3n modificada (DE) (DE, EN, FR) de \u00abUltimate Mail Mod\u00bb. &#8211; a la \u00faltima zona (100 \u00abChassizz\u00bb) &#8211; 48 Bot\u00f3n ( \u2192 v\u00e9ase el puesto 37) &#8211; Preselecci\u00f3n para T6 &#8211; Recetas clasificadas por profesi\u00f3n &#8211; Selecci\u00f3n m\u00faltiple de 1 tipo de elemento con [&hellip;]\" \/>\n<meta property=\"og:url\" content=\"https:\/\/www.runesofmagic-infos.com\/es\/ultimate-mail-mod-2-caracteristicas-funciones-e-instrucciones\/\" \/>\n<meta property=\"og:site_name\" content=\"Runes of Magic-Infos\" \/>\n<meta property=\"article:modified_time\" content=\"2024-01-27T11:34:10+00:00\" \/>\n<meta name=\"twitter:card\" content=\"summary_large_image\" \/>\n<meta name=\"twitter:label1\" content=\"Tiempo de lectura\" \/>\n\t<meta name=\"twitter:data1\" content=\"1 minuto\" \/>\n<script type=\"application\/ld+json\" class=\"yoast-schema-graph\">{\"@context\":\"https:\\\/\\\/schema.org\",\"@graph\":[{\"@type\":\"WebPage\",\"@id\":\"https:\\\/\\\/www.runesofmagic-infos.com\\\/es\\\/ultimate-mail-mod-2-caracteristicas-funciones-e-instrucciones\\\/\",\"url\":\"https:\\\/\\\/www.runesofmagic-infos.com\\\/es\\\/ultimate-mail-mod-2-caracteristicas-funciones-e-instrucciones\\\/\",\"name\":\"Ultimate Mail Mod 2 - Caracter\u00edsticas, funciones e instrucciones - Runes of Magic-Infos\",\"isPartOf\":{\"@id\":\"https:\\\/\\\/www.runesofmagic-infos.com\\\/es\\\/#website\"},\"datePublished\":\"2023-11-20T19:25:45+00:00\",\"dateModified\":\"2024-01-27T11:34:10+00:00\",\"breadcrumb\":{\"@id\":\"https:\\\/\\\/www.runesofmagic-infos.com\\\/es\\\/ultimate-mail-mod-2-caracteristicas-funciones-e-instrucciones\\\/#breadcrumb\"},\"inLanguage\":\"es\",\"potentialAction\":[{\"@type\":\"ReadAction\",\"target\":[\"https:\\\/\\\/www.runesofmagic-infos.com\\\/es\\\/ultimate-mail-mod-2-caracteristicas-funciones-e-instrucciones\\\/\"]}]},{\"@type\":\"BreadcrumbList\",\"@id\":\"https:\\\/\\\/www.runesofmagic-infos.com\\\/es\\\/ultimate-mail-mod-2-caracteristicas-funciones-e-instrucciones\\\/#breadcrumb\",\"itemListElement\":[{\"@type\":\"ListItem\",\"position\":1,\"name\":\"Startseite\",\"item\":\"https:\\\/\\\/www.runesofmagic-infos.com\\\/es\\\/\"},{\"@type\":\"ListItem\",\"position\":2,\"name\":\"Ultimate Mail Mod 2 &#8211; Caracter\u00edsticas, funciones e instrucciones\"}]},{\"@type\":\"WebSite\",\"@id\":\"https:\\\/\\\/www.runesofmagic-infos.com\\\/es\\\/#website\",\"url\":\"https:\\\/\\\/www.runesofmagic-infos.com\\\/es\\\/\",\"name\":\"Runes of Magic-Infos\",\"description\":\"\",\"publisher\":{\"@id\":\"https:\\\/\\\/www.runesofmagic-infos.com\\\/es\\\/#organization\"},\"potentialAction\":[{\"@type\":\"SearchAction\",\"target\":{\"@type\":\"EntryPoint\",\"urlTemplate\":\"https:\\\/\\\/www.runesofmagic-infos.com\\\/es\\\/?s={search_term_string}\"},\"query-input\":{\"@type\":\"PropertyValueSpecification\",\"valueRequired\":true,\"valueName\":\"search_term_string\"}}],\"inLanguage\":\"es\"},{\"@type\":\"Organization\",\"@id\":\"https:\\\/\\\/www.runesofmagic-infos.com\\\/es\\\/#organization\",\"name\":\"Runes of Magic-Infos\",\"url\":\"https:\\\/\\\/www.runesofmagic-infos.com\\\/es\\\/\",\"logo\":{\"@type\":\"ImageObject\",\"inLanguage\":\"es\",\"@id\":\"https:\\\/\\\/www.runesofmagic-infos.com\\\/es\\\/#\\\/schema\\\/logo\\\/image\\\/\",\"url\":\"https:\\\/\\\/www.runesofmagic-infos.com\\\/wp-content\\\/uploads\\\/2024\\\/01\\\/ROM-Infos-Original-Logo.png\",\"contentUrl\":\"https:\\\/\\\/www.runesofmagic-infos.com\\\/wp-content\\\/uploads\\\/2024\\\/01\\\/ROM-Infos-Original-Logo.png\",\"width\":2329,\"height\":1721,\"caption\":\"Runes of Magic-Infos\"},\"image\":{\"@id\":\"https:\\\/\\\/www.runesofmagic-infos.com\\\/es\\\/#\\\/schema\\\/logo\\\/image\\\/\"}}]}<\/script>\n<!-- \/ Yoast SEO plugin. -->","yoast_head_json":{"title":"Ultimate Mail Mod 2 - Caracter\u00edsticas, funciones e instrucciones - Runes of Magic-Infos","robots":{"index":"index","follow":"follow","max-snippet":"max-snippet:-1","max-image-preview":"max-image-preview:large","max-video-preview":"max-video-preview:-1"},"canonical":"https:\/\/www.runesofmagic-infos.com\/es\/ultimate-mail-mod-2-caracteristicas-funciones-e-instrucciones\/","og_locale":"es_ES","og_type":"article","og_title":"Ultimate Mail Mod 2 - Caracter\u00edsticas, funciones e instrucciones - Runes of Magic-Infos","og_description":"\u00abUltimate Mail Mod 2\u00bb es una versi\u00f3n modificada (DE) (DE, EN, FR) de \u00abUltimate Mail Mod\u00bb. &#8211; a la \u00faltima zona (100 \u00abChassizz\u00bb) &#8211; 48 Bot\u00f3n ( \u2192 v\u00e9ase el puesto 37) &#8211; Preselecci\u00f3n para T6 &#8211; Recetas clasificadas por profesi\u00f3n &#8211; Selecci\u00f3n m\u00faltiple de 1 tipo de elemento con [&hellip;]","og_url":"https:\/\/www.runesofmagic-infos.com\/es\/ultimate-mail-mod-2-caracteristicas-funciones-e-instrucciones\/","og_site_name":"Runes of Magic-Infos","article_modified_time":"2024-01-27T11:34:10+00:00","twitter_card":"summary_large_image","twitter_misc":{"Tiempo de lectura":"1 minuto"},"schema":{"@context":"https:\/\/schema.org","@graph":[{"@type":"WebPage","@id":"https:\/\/www.runesofmagic-infos.com\/es\/ultimate-mail-mod-2-caracteristicas-funciones-e-instrucciones\/","url":"https:\/\/www.runesofmagic-infos.com\/es\/ultimate-mail-mod-2-caracteristicas-funciones-e-instrucciones\/","name":"Ultimate Mail Mod 2 - Caracter\u00edsticas, funciones e instrucciones - Runes of Magic-Infos","isPartOf":{"@id":"https:\/\/www.runesofmagic-infos.com\/es\/#website"},"datePublished":"2023-11-20T19:25:45+00:00","dateModified":"2024-01-27T11:34:10+00:00","breadcrumb":{"@id":"https:\/\/www.runesofmagic-infos.com\/es\/ultimate-mail-mod-2-caracteristicas-funciones-e-instrucciones\/#breadcrumb"},"inLanguage":"es","potentialAction":[{"@type":"ReadAction","target":["https:\/\/www.runesofmagic-infos.com\/es\/ultimate-mail-mod-2-caracteristicas-funciones-e-instrucciones\/"]}]},{"@type":"BreadcrumbList","@id":"https:\/\/www.runesofmagic-infos.com\/es\/ultimate-mail-mod-2-caracteristicas-funciones-e-instrucciones\/#breadcrumb","itemListElement":[{"@type":"ListItem","position":1,"name":"Startseite","item":"https:\/\/www.runesofmagic-infos.com\/es\/"},{"@type":"ListItem","position":2,"name":"Ultimate Mail Mod 2 &#8211; Caracter\u00edsticas, funciones e instrucciones"}]},{"@type":"WebSite","@id":"https:\/\/www.runesofmagic-infos.com\/es\/#website","url":"https:\/\/www.runesofmagic-infos.com\/es\/","name":"Runes of Magic-Infos","description":"","publisher":{"@id":"https:\/\/www.runesofmagic-infos.com\/es\/#organization"},"potentialAction":[{"@type":"SearchAction","target":{"@type":"EntryPoint","urlTemplate":"https:\/\/www.runesofmagic-infos.com\/es\/?s={search_term_string}"},"query-input":{"@type":"PropertyValueSpecification","valueRequired":true,"valueName":"search_term_string"}}],"inLanguage":"es"},{"@type":"Organization","@id":"https:\/\/www.runesofmagic-infos.com\/es\/#organization","name":"Runes of Magic-Infos","url":"https:\/\/www.runesofmagic-infos.com\/es\/","logo":{"@type":"ImageObject","inLanguage":"es","@id":"https:\/\/www.runesofmagic-infos.com\/es\/#\/schema\/logo\/image\/","url":"https:\/\/www.runesofmagic-infos.com\/wp-content\/uploads\/2024\/01\/ROM-Infos-Original-Logo.png","contentUrl":"https:\/\/www.runesofmagic-infos.com\/wp-content\/uploads\/2024\/01\/ROM-Infos-Original-Logo.png","width":2329,"height":1721,"caption":"Runes of Magic-Infos"},"image":{"@id":"https:\/\/www.runesofmagic-infos.com\/es\/#\/schema\/logo\/image\/"}}]}},"_links":{"self":[{"href":"https:\/\/www.runesofmagic-infos.com\/es\/wp-json\/wp\/v2\/pages\/2316","targetHints":{"allow":["GET"]}}],"collection":[{"href":"https:\/\/www.runesofmagic-infos.com\/es\/wp-json\/wp\/v2\/pages"}],"about":[{"href":"https:\/\/www.runesofmagic-infos.com\/es\/wp-json\/wp\/v2\/types\/page"}],"author":[{"embeddable":true,"href":"https:\/\/www.runesofmagic-infos.com\/es\/wp-json\/wp\/v2\/users\/1"}],"replies":[{"embeddable":true,"href":"https:\/\/www.runesofmagic-infos.com\/es\/wp-json\/wp\/v2\/comments?post=2316"}],"version-history":[{"count":1,"href":"https:\/\/www.runesofmagic-infos.com\/es\/wp-json\/wp\/v2\/pages\/2316\/revisions"}],"predecessor-version":[{"id":2317,"href":"https:\/\/www.runesofmagic-infos.com\/es\/wp-json\/wp\/v2\/pages\/2316\/revisions\/2317"}],"wp:attachment":[{"href":"https:\/\/www.runesofmagic-infos.com\/es\/wp-json\/wp\/v2\/media?parent=2316"}],"curies":[{"name":"wp","href":"https:\/\/api.w.org\/{rel}","templated":true}]}}