{"id":2308,"date":"2023-11-20T19:27:10","date_gmt":"2023-11-20T19:27:10","guid":{"rendered":"https:\/\/www.runesofmagic-infos.com\/oficios-ocupaciones-colectivas\/"},"modified":"2024-01-27T11:34:01","modified_gmt":"2024-01-27T11:34:01","slug":"oficios-ocupaciones-colectivas","status":"publish","type":"page","link":"https:\/\/www.runesofmagic-infos.com\/es\/oficios-ocupaciones-colectivas\/","title":{"rendered":"Oficios\/ocupaciones colectivas"},"content":{"rendered":"\n<h1 class=\"wp-block-heading\">Instrucciones artesanales (informaci\u00f3n sin garant\u00eda)<\/h1>\n\n<p>Como siempre hay preguntas sobre el tema de la artesan\u00eda, me gustar\u00eda transferir aqu\u00ed algunas informaciones del antiguo foro. Si tienes alguna sugerencia para mejorar, a\u00f1adir o similar, no dudes en enviarme un mensaje a m\u00ed (o a cualquier otro miembro del equipo de Runas de Magia.de).<\/p>\n\n<p><em>Informaci\u00f3n opcional: se enumeran los PNJ responsables de la formaci\u00f3n (no se incluyen los PNJ de todas las zonas de inicio).<\/em><\/p>\n\n<p>Muchas gracias a quienes se han tomado la molestia a lo largo de los a\u00f1os de recopilar la mayor parte de la informaci\u00f3n.<\/p>\n\n<h2 class=\"wp-block-heading\">\u00bfD\u00f3nde puedo aceptar las misiones de artesan\u00eda para progresar?<\/h2>\n\n<p>Los entrenadores del campamento Heffner ofrecen el entrenamiento de forma gratuita y sin b\u00fasqueda (gracias <a href=\"https:\/\/forum.runesofmagic.gameforge.com\/user\/210-rynak\/\">Rynak<\/a> por la <a href=\"https:\/\/forum.runesofmagic.gameforge.com\/forum\/thread\/2245-handwerk-sammelberufe\/?postID=24237#post24237\">pista<\/a>).<\/p>\n\n<figure class=\"wp-block-table\"><table><thead><tr><th>Profesi\u00f3n<\/th><th>Oficial(20-40)<\/th><th>Experto(40-60)<\/th><th>Maestro artesano(60-80)<\/th><th>Leyenda(80-100)<\/th><\/tr><\/thead><tbody><tr><td>Alquimia<\/td><td>Ally Paraclus (VW, 29.40)<\/td><td>Mary Paraclus (VW, 29.41)<\/td><td>Pario Weiss (D, 53,51)<\/td><td>Stephen Soky (V, 30.40)<\/td><\/tr><tr><td>Carpinter\u00eda<\/td><td>Louise Schreiner (V, 26.38)<\/td><td>Gene Schreiner (V, 26.36)<\/td><td>Jimmy Lim (D, 52,50)<\/td><td>Monica Demi (O, 50.21)<\/td><\/tr><tr><td>Oficio de armero<\/td><td>Kate R\u00fcst (VW,32,39)<\/td><td>Kadien R\u00fcst (VW, 31.40)<\/td><td>Armadura de Rick (D, 53,50)<\/td><td>Winkus Jo (O, 49.21)<\/td><\/tr><tr><td>Herrer\u00eda<\/td><td>Cancie Schmied (VW, 34.37)<\/td><td>Blag Schmied (VW, 34.36)<\/td><td>Panchi Hura (D, 53,50)<\/td><td>Baldosa de rejilla Kasa (O, 49.21)<\/td><\/tr><tr><td>Sastrer\u00eda<\/td><td>Sam Schneider (VO, 47.22)<\/td><td>Rachel Schneider (VO, 48.22)<\/td><td>Rez Taylor (D, 53,52)<\/td><td>Milles Jone (O, 49.21)<\/td><\/tr><tr><td>Cocinar<\/td><td>Marlyn Koch (VO, 48.26)<\/td><td>Cartisse Koch (VO, 48.26)<\/td><td>Francesca Bacon (D, 52,50)<\/td><td>Kartos Geyer (VO, 47.25)<\/td><\/tr><tr><td>Herbolog\u00eda<\/td><td>Nata (V, 41,23)<\/td><td>Hyber Digg (V, 42.23)<\/td><td>Kieron Jabbs (D, 53,50)<\/td><td>Kakury Stutt (V0, 49.18)<\/td><\/tr><tr><td>Miner\u00eda<\/td><td>Olute (V, 43,23)<\/td><td>Mayen Digg (V, 42.23)<\/td><td>Larissa Pewter (D, 53,50)<\/td><td>Godotnut Lynn (VO, 49.19)<\/td><\/tr><tr><td>Registro<\/td><td>Lausan (V, 41,24)<\/td><td>Lubert Cudder (V, 42.23)<\/td><td>Igor Woods (D, 52,50)<\/td><td>Molyfer Noan (VO, 49.18)<\/td><\/tr><\/tbody><\/table><\/figure>\n\n<p>Leyenda: V: Varanas, VW: Varanas &#8211; Ciudad Baja Oeste, VO: Varanas &#8211; Ciudad Baja Este, D: Dalanis, O: Fortaleza de Obsidiana<\/p>\n\n<p><em>Los formadores de aprendices se encuentran en las respectivas zonas de salida<\/em><\/p>\n\n<h2 class=\"wp-block-heading\">\u00bfQu\u00e9 nivel de destreza artesanal se puede alcanzar sin un certificado de desarrollo artesanal?<\/h2>\n\n<figure class=\"wp-block-table\"><table><thead><tr><th>Nombre de la etapa<\/th><th>Nivel<\/th><th>N\u00famero m\u00e1ximo de competencias de recogida<\/th><th>N\u00famero m\u00e1ximo de competencias de fabricaci\u00f3n<\/th><\/tr><\/thead><tbody><tr><td>Aprendiz<\/td><td>1-20<\/td><td>3<\/td><td>6<\/td><\/tr><tr><td>Oficial<\/td><td>21-40<\/td><td>2<\/td><td>4<\/td><\/tr><tr><td>Experto<\/td><td>41-60<\/td><td>1<\/td><td>2<\/td><\/tr><tr><td>Maestro artesano<\/td><td>61-80<\/td><td>1<\/td><td>1<\/td><\/tr><tr><td>Leyenda<\/td><td>81-100<\/td><td>1<\/td><td>1<\/td><\/tr><\/tbody><\/table><\/figure>\n\n<h2 class=\"wp-block-heading\">\u00bfQu\u00e9 certificados de desarrollo artesanal existen?<\/h2>\n\n<ul class=\"wp-block-list\">\n<li><a href=\"http:\/\/www.rom-welten.de\/database\/view.php?id=242687\">[Handwerksentwicklungsschein \u2013 Geselle]<\/a>  &#8211; aumenta en 1 el l\u00edmite de profesiones de oficial (m\u00e1ximo 3)<\/li>\n\n\n\n<li><a href=\"http:\/\/www.rom-welten.de\/database\/view.php?id=242688\">[Handwerksentwicklungsschein \u2013 Experte]<\/a>  &#8211; Aumenta en 1 el l\u00edmite de profesiones expertas (m\u00e1ximo 6)<\/li>\n\n\n\n<li><a href=\"http:\/\/www.rom-welten.de\/database\/view.php?id=242689\">[Handwerksentwicklungsschein \u2013 Meister]<\/a>  &#8211; Aumenta en 1 el l\u00edmite de profesiones de maestro artesano (m\u00e1ximo 7).<\/li>\n\n\n\n<li><a href=\"http:\/\/www.rom-welten.de\/database\/view.php?id=242690\">[Handwerksentwicklungsschein \u2013 Legende]<\/a>  &#8211; Aumenta el l\u00edmite de profesiones legendarias en 1 (m\u00e1ximo 7)<\/li>\n<\/ul>\n\n<p>Los bonos utilizados s\u00f3lo aumentan el l\u00edmite total, NO eliminan la separaci\u00f3n entre los tipos ocupacionales.<\/p>\n\n<p>Ejemplo del experto:<\/p>\n\n<ul class=\"wp-block-list\">\n<li>1 (recoger) + 2 (producir) posibles expertos se convierten en 2+2 o 1+3 posibles expertos.<\/li>\n<\/ul>\n\n<h3 class=\"wp-block-heading\">\u00bfQu\u00e9 vales de desarrollo artesanal he utilizado ya?<\/h3>\n\n<p>Lista de elementos clave:<\/p>\n\n<p>Macro: \/run a={k=548066,i=242687,3,6,7,7}l=0 for b=1,4 do z=0 for c=1,a[b]do k=a.k+l y=CheckFlag(k)z=z+y if y==1 then ChatFrame1:AddMessage(k&#8230;\u00bb \u00ab..y)end l=l+1 end k=a.i+b-1 ChatFrame1:AddMessage(GetReplaceSystemKeyword(string.format(\u00ab[%s] (%s): %d\u00bb,k,k,z)))end<\/p>\n\n<p>Asunto:<\/p>\n\n<p>&lt; 1X<\/p>\n\n<figure class=\"wp-block-image\"><a href=\"https:\/\/forum.runesofmagic.gameforge.com\/attachment\/309-skill2-jpg\/\"><img decoding=\"async\" src=\"https:\/\/forum.runesofmagic.gameforge.com\/attachment\/309-skill2-jpg\/?thumbnail=1\" alt=\"\"\/><\/a><\/figure>\n\n<p>N\u00famero de notas utilizadas y n\u00famero m\u00e1ximo:<\/p>\n\n<p>Macro: \/run a={k=548066,i=242687,3,6,7,7}l=0 for b=1,4 do z=0 for c=1,a[b]do k=a.k+l y=CheckFlag(k)z=z+y l=l+1 end k=a.i+b-1 ChatFrame1:AddMessage(GetReplaceSystemKeyword(string.format(\u00abUsado [%s] (%s): %d\/%d\u00bb,k,k,z,a[b])))end<\/p>\n\n<p>Asunto:<\/p>\n\n<figure class=\"wp-block-image\"><a href=\"https:\/\/forum.runesofmagic.gameforge.com\/attachment\/308-skill1-jpg\/\"><img decoding=\"async\" src=\"https:\/\/forum.runesofmagic.gameforge.com\/attachment\/308-skill1-jpg\/?thumbnail=1\" alt=\"\"\/><\/a><\/figure>\n\n<h2 class=\"wp-block-heading\"><a href=\"https:\/\/forum.runesofmagic.gameforge.com\/forum\/thread\/2245-handwerk-sammelberufe\/?postID=24233#post24233\">\u00bfQu\u00e9 muebles hay para el hogar y cu\u00e1les son sus ventajas?<\/a><\/h2>\n\n<figure class=\"wp-block-table\"><table><thead><tr><th>ID<\/th><th>Nombre<\/th><th>Profesi\u00f3n<\/th><th>Bono<\/th><\/tr><\/thead><tbody><tr><td>201392<\/td><td>Gran horno de alquimia<\/td><td>Alquimia<\/td><td>60<\/td><\/tr><tr><td>201391<\/td><td>Frasco de alquimia<\/td><td>Alquimia<\/td><td>50<\/td><\/tr><tr><td>201400<\/td><td>Cocina de piedra con dos fogones<\/td><td>Cocinar<\/td><td>70<\/td><\/tr><tr><td>201451<\/td><td>Parrilla de piedra<\/td><td>Cocinar<\/td><td>60<\/td><\/tr><tr><td>201399<\/td><td>Peque\u00f1o horno de cocci\u00f3n<\/td><td>Cocinar<\/td><td>50<\/td><\/tr><tr><td>201456<\/td><td>Tabla de armaduras de hierro<\/td><td>Armero<\/td><td>60<\/td><\/tr><tr><td>201455<\/td><td>Caballo lateral de cuero<\/td><td>Armero<\/td><td>50<\/td><\/tr><tr><td>201394<\/td><td>Yunque de marca<\/td><td>Forja<\/td><td>60<\/td><\/tr><tr><td>201393<\/td><td>Yunque de forja<\/td><td>Forja<\/td><td>50<\/td><\/tr><tr><td>201452<\/td><td>M\u00e1quina de tejer<\/td><td>Sastrer\u00eda<\/td><td>70<\/td><\/tr><tr><td>201453<\/td><td>M\u00e1quina de hilar<\/td><td>Sastrer\u00eda<\/td><td>60<\/td><\/tr><tr><td>201454<\/td><td>Mesa de corte<\/td><td>Sastrer\u00eda<\/td><td>50<\/td><\/tr><tr><td>201398<\/td><td>M\u00e1quina cortadora de madera<\/td><td>Carpinter\u00eda<\/td><td>60<\/td><\/tr><tr><td>201397<\/td><td>Mesa de sierra<\/td><td>Carpinter\u00eda<\/td><td>50<\/td><\/tr><\/tbody><\/table><\/figure>\n\n<h2 class=\"wp-block-heading\">\u00bfQu\u00e9 runas necesito para cada oficio?<\/h2>\n\n<ul class=\"wp-block-list\">\n<li>Alquimia &#8211; Runa de mezcla<\/li>\n\n\n\n<li>Carpintero &#8211; Conectar runa<\/li>\n\n\n\n<li>Armero &#8211; Runa Anillada<\/li>\n\n\n\n<li>Herrero &#8211; K\u00e4lterune<\/li>\n\n\n\n<li>Sastre &#8211; Runa Desencanto<\/li>\n\n\n\n<li>Cocina &#8211; Runa de activaci\u00f3n<\/li>\n<\/ul>\n\n<h2 class=\"wp-block-heading\">\u00bfCu\u00e1l es el mejor lugar para conseguir estas runas?<\/h2>\n\n<p>Aqu\u00ed tienes una lista algo m\u00e1s completa de gotas r\u00fanicas (<em>\u00a1Atenci\u00f3n! La informaci\u00f3n sobre la ubicaci\u00f3n no es 100% correcta<\/em>).<a href=\"https:\/\/forum.runesofmagic.gameforge.com\/attachment\/306-runen-zip\/\">Runas.zip<\/a><\/p>\n","protected":false},"excerpt":{"rendered":"<p>Instrucciones artesanales (informaci\u00f3n sin garant\u00eda) Como siempre hay preguntas sobre el tema de la artesan\u00eda, me gustar\u00eda transferir aqu\u00ed algunas informaciones del antiguo foro. Si tienes alguna sugerencia para mejorar, a\u00f1adir o similar, no dudes en enviarme un mensaje a m\u00ed (o a cualquier otro miembro del equipo de Runas [&hellip;]<\/p>\n","protected":false},"author":1,"featured_media":0,"parent":0,"menu_order":0,"comment_status":"closed","ping_status":"closed","template":"","meta":{"footnotes":""},"class_list":["post-2308","page","type-page","status-publish","hentry"],"yoast_head":"<!-- This site is optimized with the Yoast SEO plugin v27.4 - https:\/\/yoast.com\/product\/yoast-seo-wordpress\/ -->\n<title>Oficios\/ocupaciones colectivas - Runes of Magic-Infos<\/title>\n<meta name=\"robots\" content=\"index, follow, max-snippet:-1, max-image-preview:large, max-video-preview:-1\" \/>\n<link rel=\"canonical\" href=\"https:\/\/www.runesofmagic-infos.com\/es\/oficios-ocupaciones-colectivas\/\" \/>\n<meta property=\"og:locale\" content=\"es_ES\" \/>\n<meta property=\"og:type\" content=\"article\" \/>\n<meta property=\"og:title\" content=\"Oficios\/ocupaciones colectivas - Runes of Magic-Infos\" \/>\n<meta property=\"og:description\" content=\"Instrucciones artesanales (informaci\u00f3n sin garant\u00eda) Como siempre hay preguntas sobre el tema de la artesan\u00eda, me gustar\u00eda transferir aqu\u00ed algunas informaciones del antiguo foro. Si tienes alguna sugerencia para mejorar, a\u00f1adir o similar, no dudes en enviarme un mensaje a m\u00ed (o a cualquier otro miembro del equipo de Runas [&hellip;]\" \/>\n<meta property=\"og:url\" content=\"https:\/\/www.runesofmagic-infos.com\/es\/oficios-ocupaciones-colectivas\/\" \/>\n<meta property=\"og:site_name\" content=\"Runes of Magic-Infos\" \/>\n<meta property=\"article:modified_time\" content=\"2024-01-27T11:34:01+00:00\" \/>\n<meta property=\"og:image\" content=\"https:\/\/forum.runesofmagic.gameforge.com\/attachment\/309-skill2-jpg\/?thumbnail=1\" \/>\n<meta name=\"twitter:card\" content=\"summary_large_image\" \/>\n<meta name=\"twitter:label1\" content=\"Tiempo de lectura\" \/>\n\t<meta name=\"twitter:data1\" content=\"4 minutos\" \/>\n<script type=\"application\/ld+json\" class=\"yoast-schema-graph\">{\"@context\":\"https:\\\/\\\/schema.org\",\"@graph\":[{\"@type\":\"WebPage\",\"@id\":\"https:\\\/\\\/www.runesofmagic-infos.com\\\/es\\\/oficios-ocupaciones-colectivas\\\/\",\"url\":\"https:\\\/\\\/www.runesofmagic-infos.com\\\/es\\\/oficios-ocupaciones-colectivas\\\/\",\"name\":\"Oficios\\\/ocupaciones colectivas - Runes of Magic-Infos\",\"isPartOf\":{\"@id\":\"https:\\\/\\\/www.runesofmagic-infos.com\\\/es\\\/#website\"},\"primaryImageOfPage\":{\"@id\":\"https:\\\/\\\/www.runesofmagic-infos.com\\\/es\\\/oficios-ocupaciones-colectivas\\\/#primaryimage\"},\"image\":{\"@id\":\"https:\\\/\\\/www.runesofmagic-infos.com\\\/es\\\/oficios-ocupaciones-colectivas\\\/#primaryimage\"},\"thumbnailUrl\":\"https:\\\/\\\/forum.runesofmagic.gameforge.com\\\/attachment\\\/309-skill2-jpg\\\/?thumbnail=1\",\"datePublished\":\"2023-11-20T19:27:10+00:00\",\"dateModified\":\"2024-01-27T11:34:01+00:00\",\"breadcrumb\":{\"@id\":\"https:\\\/\\\/www.runesofmagic-infos.com\\\/es\\\/oficios-ocupaciones-colectivas\\\/#breadcrumb\"},\"inLanguage\":\"es\",\"potentialAction\":[{\"@type\":\"ReadAction\",\"target\":[\"https:\\\/\\\/www.runesofmagic-infos.com\\\/es\\\/oficios-ocupaciones-colectivas\\\/\"]}]},{\"@type\":\"ImageObject\",\"inLanguage\":\"es\",\"@id\":\"https:\\\/\\\/www.runesofmagic-infos.com\\\/es\\\/oficios-ocupaciones-colectivas\\\/#primaryimage\",\"url\":\"https:\\\/\\\/forum.runesofmagic.gameforge.com\\\/attachment\\\/309-skill2-jpg\\\/?thumbnail=1\",\"contentUrl\":\"https:\\\/\\\/forum.runesofmagic.gameforge.com\\\/attachment\\\/309-skill2-jpg\\\/?thumbnail=1\"},{\"@type\":\"BreadcrumbList\",\"@id\":\"https:\\\/\\\/www.runesofmagic-infos.com\\\/es\\\/oficios-ocupaciones-colectivas\\\/#breadcrumb\",\"itemListElement\":[{\"@type\":\"ListItem\",\"position\":1,\"name\":\"Startseite\",\"item\":\"https:\\\/\\\/www.runesofmagic-infos.com\\\/es\\\/\"},{\"@type\":\"ListItem\",\"position\":2,\"name\":\"Oficios\\\/ocupaciones colectivas\"}]},{\"@type\":\"WebSite\",\"@id\":\"https:\\\/\\\/www.runesofmagic-infos.com\\\/es\\\/#website\",\"url\":\"https:\\\/\\\/www.runesofmagic-infos.com\\\/es\\\/\",\"name\":\"Runes of Magic-Infos\",\"description\":\"\",\"publisher\":{\"@id\":\"https:\\\/\\\/www.runesofmagic-infos.com\\\/es\\\/#organization\"},\"potentialAction\":[{\"@type\":\"SearchAction\",\"target\":{\"@type\":\"EntryPoint\",\"urlTemplate\":\"https:\\\/\\\/www.runesofmagic-infos.com\\\/es\\\/?s={search_term_string}\"},\"query-input\":{\"@type\":\"PropertyValueSpecification\",\"valueRequired\":true,\"valueName\":\"search_term_string\"}}],\"inLanguage\":\"es\"},{\"@type\":\"Organization\",\"@id\":\"https:\\\/\\\/www.runesofmagic-infos.com\\\/es\\\/#organization\",\"name\":\"Runes of Magic-Infos\",\"url\":\"https:\\\/\\\/www.runesofmagic-infos.com\\\/es\\\/\",\"logo\":{\"@type\":\"ImageObject\",\"inLanguage\":\"es\",\"@id\":\"https:\\\/\\\/www.runesofmagic-infos.com\\\/es\\\/#\\\/schema\\\/logo\\\/image\\\/\",\"url\":\"https:\\\/\\\/www.runesofmagic-infos.com\\\/wp-content\\\/uploads\\\/2024\\\/01\\\/ROM-Infos-Original-Logo.png\",\"contentUrl\":\"https:\\\/\\\/www.runesofmagic-infos.com\\\/wp-content\\\/uploads\\\/2024\\\/01\\\/ROM-Infos-Original-Logo.png\",\"width\":2329,\"height\":1721,\"caption\":\"Runes of Magic-Infos\"},\"image\":{\"@id\":\"https:\\\/\\\/www.runesofmagic-infos.com\\\/es\\\/#\\\/schema\\\/logo\\\/image\\\/\"}}]}<\/script>\n<!-- \/ Yoast SEO plugin. -->","yoast_head_json":{"title":"Oficios\/ocupaciones colectivas - Runes of Magic-Infos","robots":{"index":"index","follow":"follow","max-snippet":"max-snippet:-1","max-image-preview":"max-image-preview:large","max-video-preview":"max-video-preview:-1"},"canonical":"https:\/\/www.runesofmagic-infos.com\/es\/oficios-ocupaciones-colectivas\/","og_locale":"es_ES","og_type":"article","og_title":"Oficios\/ocupaciones colectivas - Runes of Magic-Infos","og_description":"Instrucciones artesanales (informaci\u00f3n sin garant\u00eda) Como siempre hay preguntas sobre el tema de la artesan\u00eda, me gustar\u00eda transferir aqu\u00ed algunas informaciones del antiguo foro. Si tienes alguna sugerencia para mejorar, a\u00f1adir o similar, no dudes en enviarme un mensaje a m\u00ed (o a cualquier otro miembro del equipo de Runas [&hellip;]","og_url":"https:\/\/www.runesofmagic-infos.com\/es\/oficios-ocupaciones-colectivas\/","og_site_name":"Runes of Magic-Infos","article_modified_time":"2024-01-27T11:34:01+00:00","og_image":[{"url":"https:\/\/forum.runesofmagic.gameforge.com\/attachment\/309-skill2-jpg\/?thumbnail=1","type":"","width":"","height":""}],"twitter_card":"summary_large_image","twitter_misc":{"Tiempo de lectura":"4 minutos"},"schema":{"@context":"https:\/\/schema.org","@graph":[{"@type":"WebPage","@id":"https:\/\/www.runesofmagic-infos.com\/es\/oficios-ocupaciones-colectivas\/","url":"https:\/\/www.runesofmagic-infos.com\/es\/oficios-ocupaciones-colectivas\/","name":"Oficios\/ocupaciones colectivas - Runes of Magic-Infos","isPartOf":{"@id":"https:\/\/www.runesofmagic-infos.com\/es\/#website"},"primaryImageOfPage":{"@id":"https:\/\/www.runesofmagic-infos.com\/es\/oficios-ocupaciones-colectivas\/#primaryimage"},"image":{"@id":"https:\/\/www.runesofmagic-infos.com\/es\/oficios-ocupaciones-colectivas\/#primaryimage"},"thumbnailUrl":"https:\/\/forum.runesofmagic.gameforge.com\/attachment\/309-skill2-jpg\/?thumbnail=1","datePublished":"2023-11-20T19:27:10+00:00","dateModified":"2024-01-27T11:34:01+00:00","breadcrumb":{"@id":"https:\/\/www.runesofmagic-infos.com\/es\/oficios-ocupaciones-colectivas\/#breadcrumb"},"inLanguage":"es","potentialAction":[{"@type":"ReadAction","target":["https:\/\/www.runesofmagic-infos.com\/es\/oficios-ocupaciones-colectivas\/"]}]},{"@type":"ImageObject","inLanguage":"es","@id":"https:\/\/www.runesofmagic-infos.com\/es\/oficios-ocupaciones-colectivas\/#primaryimage","url":"https:\/\/forum.runesofmagic.gameforge.com\/attachment\/309-skill2-jpg\/?thumbnail=1","contentUrl":"https:\/\/forum.runesofmagic.gameforge.com\/attachment\/309-skill2-jpg\/?thumbnail=1"},{"@type":"BreadcrumbList","@id":"https:\/\/www.runesofmagic-infos.com\/es\/oficios-ocupaciones-colectivas\/#breadcrumb","itemListElement":[{"@type":"ListItem","position":1,"name":"Startseite","item":"https:\/\/www.runesofmagic-infos.com\/es\/"},{"@type":"ListItem","position":2,"name":"Oficios\/ocupaciones colectivas"}]},{"@type":"WebSite","@id":"https:\/\/www.runesofmagic-infos.com\/es\/#website","url":"https:\/\/www.runesofmagic-infos.com\/es\/","name":"Runes of Magic-Infos","description":"","publisher":{"@id":"https:\/\/www.runesofmagic-infos.com\/es\/#organization"},"potentialAction":[{"@type":"SearchAction","target":{"@type":"EntryPoint","urlTemplate":"https:\/\/www.runesofmagic-infos.com\/es\/?s={search_term_string}"},"query-input":{"@type":"PropertyValueSpecification","valueRequired":true,"valueName":"search_term_string"}}],"inLanguage":"es"},{"@type":"Organization","@id":"https:\/\/www.runesofmagic-infos.com\/es\/#organization","name":"Runes of Magic-Infos","url":"https:\/\/www.runesofmagic-infos.com\/es\/","logo":{"@type":"ImageObject","inLanguage":"es","@id":"https:\/\/www.runesofmagic-infos.com\/es\/#\/schema\/logo\/image\/","url":"https:\/\/www.runesofmagic-infos.com\/wp-content\/uploads\/2024\/01\/ROM-Infos-Original-Logo.png","contentUrl":"https:\/\/www.runesofmagic-infos.com\/wp-content\/uploads\/2024\/01\/ROM-Infos-Original-Logo.png","width":2329,"height":1721,"caption":"Runes of Magic-Infos"},"image":{"@id":"https:\/\/www.runesofmagic-infos.com\/es\/#\/schema\/logo\/image\/"}}]}},"_links":{"self":[{"href":"https:\/\/www.runesofmagic-infos.com\/es\/wp-json\/wp\/v2\/pages\/2308","targetHints":{"allow":["GET"]}}],"collection":[{"href":"https:\/\/www.runesofmagic-infos.com\/es\/wp-json\/wp\/v2\/pages"}],"about":[{"href":"https:\/\/www.runesofmagic-infos.com\/es\/wp-json\/wp\/v2\/types\/page"}],"author":[{"embeddable":true,"href":"https:\/\/www.runesofmagic-infos.com\/es\/wp-json\/wp\/v2\/users\/1"}],"replies":[{"embeddable":true,"href":"https:\/\/www.runesofmagic-infos.com\/es\/wp-json\/wp\/v2\/comments?post=2308"}],"version-history":[{"count":1,"href":"https:\/\/www.runesofmagic-infos.com\/es\/wp-json\/wp\/v2\/pages\/2308\/revisions"}],"predecessor-version":[{"id":2309,"href":"https:\/\/www.runesofmagic-infos.com\/es\/wp-json\/wp\/v2\/pages\/2308\/revisions\/2309"}],"wp:attachment":[{"href":"https:\/\/www.runesofmagic-infos.com\/es\/wp-json\/wp\/v2\/media?parent=2308"}],"curies":[{"name":"wp","href":"https:\/\/api.w.org\/{rel}","templated":true}]}}