{"id":2300,"date":"2023-11-20T19:28:32","date_gmt":"2023-11-20T19:28:32","guid":{"rendered":"https:\/\/www.runesofmagic-infos.com\/guide-eventos-companera-estrella-draco\/"},"modified":"2024-01-27T11:33:48","modified_gmt":"2024-01-27T11:33:48","slug":"guide-eventos-companera-estrella-draco","status":"publish","type":"page","link":"https:\/\/www.runesofmagic-infos.com\/es\/guide-eventos-companera-estrella-draco\/","title":{"rendered":"[Guide]  Eventos + compa\u00f1era estrella + Draco"},"content":{"rendered":"\n<p>Deff = Defensa, PSP = Puntos de Da\u00f1o F\u00edsico, mDeff = Defensa M\u00e1gica, MSP = Puntos de Da\u00f1o M\u00e1gico<\/p>\n\n<p>Estrella joven = 100 (cristal) + 27 = 127 elementos + 10 Draconaris = Draco joven (la estrella joven compa\u00f1era se destruye)<\/p>\n\n<p>Adulto = 100 (cristal) + 27 + 81 = 208 elementos + 50 Draconaris = Draco adulto (el compa\u00f1ero estelar adulto se destruye)<\/p>\n\n<p>Legendario = 100 (cristal) + 27 + 81 + 243 = 451 elementos + 250 Draconaris = Draco Legendario (Compa\u00f1ero Estelar Legendario es destruido)<\/p>\n\n<p>El n\u00famero m\u00e1ximo de elementos de compa\u00f1\u00eda estelar de <strong>786<\/strong> por evento para los 3 niveles puede reducirse en 100 cada uno al recibir aleatoriamente un cristal de compa\u00f1\u00eda estelar como recompensa.<\/p>\n\n<figure class=\"wp-block-table\"><table><thead><tr><th><strong>mes<\/strong><\/th><th><strong>Evento<\/strong><\/th><th><strong>Compa\u00f1ero de constelaci\u00f3n<\/strong><\/th><th><strong>Draco<\/strong><\/th><th><strong>Elemento<\/strong><\/th><th><strong>Draconaris<\/strong><\/th><th><strong>Mapas<\/strong><\/th><th><strong>Elem.\/Drac.<\/strong><\/th><\/tr><\/thead><tbody><tr><td>Enero<\/td><td>Fiesta del fuego<\/td><td>Capricornio<\/td><td>Kreios<\/td><td>Tierra<\/td><td>Geo<\/td><td>Deff<\/td><td>786\/310<\/td><\/tr><tr><td>febrero<\/td><td>Fiesta de las flores<\/td><td>Acuario<\/td><td>Tethys<\/td><td>Viento<\/td><td>Aero<\/td><td>PSP<\/td><td>786\/310<\/td><\/tr><tr><td>Marzo<\/td><td>Bal\u00f3n enmascarado<\/td><td>Pescado<\/td><td>Okeanos<\/td><td>Agua<\/td><td>Hidro<\/td><td>mDeff<\/td><td>786\/310<\/td><\/tr><tr><td>Abril<\/td><td>Fiesta de la primavera<\/td><td>Aries<\/td><td>Koios<\/td><td>Fuego<\/td><td>Pyro<\/td><td>MSP<\/td><td>786\/310<\/td><\/tr><tr><td>Mayo<\/td><td>Festival de la canci\u00f3n<\/td><td>Toro<\/td><td>Kronos<\/td><td>Tierra<\/td><td>Geo<\/td><td>Deff<\/td><td>786\/310<\/td><\/tr><tr><td>Junio<\/td><td>Festival de artesan\u00eda<\/td><td>Gemelos<\/td><td>Rhea<\/td><td>Viento<\/td><td>Aero<\/td><td>PSP<\/td><td>786\/310<\/td><\/tr><tr><td>Julio<\/td><td>Festival de tejidos de colores<\/td><td>C\u00e1ncer<\/td><td>Mnemosyne<\/td><td>Agua<\/td><td>Hidro<\/td><td>mDeff<\/td><td>786\/310<\/td><\/tr><tr><td>Agosto<\/td><td>Evento de cuento de hadas<\/td><td>Le\u00f3n<\/td><td>Hiperi\u00f3n<\/td><td>Fuego<\/td><td>Pyro<\/td><td>MSP<\/td><td>786\/310<\/td><\/tr><tr><td>Septiembre<\/td><td>Festival del zumo<\/td><td>Virgo<\/td><td>Iapetus<\/td><td>Tierra<\/td><td>Geo<\/td><td>Deff<\/td><td>786\/310<\/td><\/tr><tr><td>octubre<\/td><td>Fiesta de la calabaza<\/td><td>Escalas<\/td><td>Theia<\/td><td>Viento<\/td><td>Aero<\/td><td>PSP<\/td><td>786\/310<\/td><\/tr><tr><td>Noviembre<\/td><td>Banquete de oto\u00f1o<\/td><td>Escorpio<\/td><td>Themis<\/td><td>Agua<\/td><td>Hidro<\/td><td>mDeff<\/td><td>786\/310<\/td><\/tr><tr><td>Diciembre<\/td><td>Fiesta de los copos de nieve<\/td><td>Sagitario<\/td><td>Phoibe<\/td><td>Fuego<\/td><td>Pyro<\/td><td>MSP<\/td><td>786\/310<\/td><\/tr><\/tbody><\/table><\/figure>\n\n<p><a href=\"https:\/\/www.youtube.com\/channel\/UCrBE8m8zZe9IXF2mkgpY0rw\">Puede mirar en, que quiere &#8230;&#8230;&#8230;..^^<\/a><\/p>\n","protected":false},"excerpt":{"rendered":"<p>Deff = Defensa, PSP = Puntos de Da\u00f1o F\u00edsico, mDeff = Defensa M\u00e1gica, MSP = Puntos de Da\u00f1o M\u00e1gico Estrella joven = 100 (cristal) + 27 = 127 elementos + 10 Draconaris = Draco joven (la estrella joven compa\u00f1era se destruye) Adulto = 100 (cristal) + 27 + 81 = [&hellip;]<\/p>\n","protected":false},"author":1,"featured_media":0,"parent":0,"menu_order":0,"comment_status":"closed","ping_status":"closed","template":"","meta":{"footnotes":""},"class_list":["post-2300","page","type-page","status-publish","hentry"],"yoast_head":"<!-- This site is optimized with the Yoast SEO plugin v27.4 - https:\/\/yoast.com\/product\/yoast-seo-wordpress\/ -->\n<title>[Guide] Eventos + compa\u00f1era estrella + Draco - Runes of Magic-Infos<\/title>\n<meta name=\"robots\" content=\"index, follow, max-snippet:-1, max-image-preview:large, max-video-preview:-1\" \/>\n<link rel=\"canonical\" href=\"https:\/\/www.runesofmagic-infos.com\/es\/guide-eventos-companera-estrella-draco\/\" \/>\n<meta property=\"og:locale\" content=\"es_ES\" \/>\n<meta property=\"og:type\" content=\"article\" \/>\n<meta property=\"og:title\" content=\"[Guide] Eventos + compa\u00f1era estrella + Draco - Runes of Magic-Infos\" \/>\n<meta property=\"og:description\" content=\"Deff = Defensa, PSP = Puntos de Da\u00f1o F\u00edsico, mDeff = Defensa M\u00e1gica, MSP = Puntos de Da\u00f1o M\u00e1gico Estrella joven = 100 (cristal) + 27 = 127 elementos + 10 Draconaris = Draco joven (la estrella joven compa\u00f1era se destruye) Adulto = 100 (cristal) + 27 + 81 = [&hellip;]\" \/>\n<meta property=\"og:url\" content=\"https:\/\/www.runesofmagic-infos.com\/es\/guide-eventos-companera-estrella-draco\/\" \/>\n<meta property=\"og:site_name\" content=\"Runes of Magic-Infos\" \/>\n<meta property=\"article:modified_time\" content=\"2024-01-27T11:33:48+00:00\" \/>\n<meta name=\"twitter:card\" content=\"summary_large_image\" \/>\n<meta name=\"twitter:label1\" content=\"Tiempo de lectura\" \/>\n\t<meta name=\"twitter:data1\" content=\"1 minuto\" \/>\n<script type=\"application\/ld+json\" class=\"yoast-schema-graph\">{\"@context\":\"https:\\\/\\\/schema.org\",\"@graph\":[{\"@type\":\"WebPage\",\"@id\":\"https:\\\/\\\/www.runesofmagic-infos.com\\\/es\\\/guide-eventos-companera-estrella-draco\\\/\",\"url\":\"https:\\\/\\\/www.runesofmagic-infos.com\\\/es\\\/guide-eventos-companera-estrella-draco\\\/\",\"name\":\"[Guide] Eventos + compa\u00f1era estrella + Draco - Runes of Magic-Infos\",\"isPartOf\":{\"@id\":\"https:\\\/\\\/www.runesofmagic-infos.com\\\/es\\\/#website\"},\"datePublished\":\"2023-11-20T19:28:32+00:00\",\"dateModified\":\"2024-01-27T11:33:48+00:00\",\"breadcrumb\":{\"@id\":\"https:\\\/\\\/www.runesofmagic-infos.com\\\/es\\\/guide-eventos-companera-estrella-draco\\\/#breadcrumb\"},\"inLanguage\":\"es\",\"potentialAction\":[{\"@type\":\"ReadAction\",\"target\":[\"https:\\\/\\\/www.runesofmagic-infos.com\\\/es\\\/guide-eventos-companera-estrella-draco\\\/\"]}]},{\"@type\":\"BreadcrumbList\",\"@id\":\"https:\\\/\\\/www.runesofmagic-infos.com\\\/es\\\/guide-eventos-companera-estrella-draco\\\/#breadcrumb\",\"itemListElement\":[{\"@type\":\"ListItem\",\"position\":1,\"name\":\"Startseite\",\"item\":\"https:\\\/\\\/www.runesofmagic-infos.com\\\/es\\\/\"},{\"@type\":\"ListItem\",\"position\":2,\"name\":\"[Guide] Eventos + compa\u00f1era estrella + Draco\"}]},{\"@type\":\"WebSite\",\"@id\":\"https:\\\/\\\/www.runesofmagic-infos.com\\\/es\\\/#website\",\"url\":\"https:\\\/\\\/www.runesofmagic-infos.com\\\/es\\\/\",\"name\":\"Runes of Magic-Infos\",\"description\":\"\",\"publisher\":{\"@id\":\"https:\\\/\\\/www.runesofmagic-infos.com\\\/es\\\/#organization\"},\"potentialAction\":[{\"@type\":\"SearchAction\",\"target\":{\"@type\":\"EntryPoint\",\"urlTemplate\":\"https:\\\/\\\/www.runesofmagic-infos.com\\\/es\\\/?s={search_term_string}\"},\"query-input\":{\"@type\":\"PropertyValueSpecification\",\"valueRequired\":true,\"valueName\":\"search_term_string\"}}],\"inLanguage\":\"es\"},{\"@type\":\"Organization\",\"@id\":\"https:\\\/\\\/www.runesofmagic-infos.com\\\/es\\\/#organization\",\"name\":\"Runes of Magic-Infos\",\"url\":\"https:\\\/\\\/www.runesofmagic-infos.com\\\/es\\\/\",\"logo\":{\"@type\":\"ImageObject\",\"inLanguage\":\"es\",\"@id\":\"https:\\\/\\\/www.runesofmagic-infos.com\\\/es\\\/#\\\/schema\\\/logo\\\/image\\\/\",\"url\":\"https:\\\/\\\/www.runesofmagic-infos.com\\\/wp-content\\\/uploads\\\/2024\\\/01\\\/ROM-Infos-Original-Logo.png\",\"contentUrl\":\"https:\\\/\\\/www.runesofmagic-infos.com\\\/wp-content\\\/uploads\\\/2024\\\/01\\\/ROM-Infos-Original-Logo.png\",\"width\":2329,\"height\":1721,\"caption\":\"Runes of Magic-Infos\"},\"image\":{\"@id\":\"https:\\\/\\\/www.runesofmagic-infos.com\\\/es\\\/#\\\/schema\\\/logo\\\/image\\\/\"}}]}<\/script>\n<!-- \/ Yoast SEO plugin. -->","yoast_head_json":{"title":"[Guide] Eventos + compa\u00f1era estrella + Draco - Runes of Magic-Infos","robots":{"index":"index","follow":"follow","max-snippet":"max-snippet:-1","max-image-preview":"max-image-preview:large","max-video-preview":"max-video-preview:-1"},"canonical":"https:\/\/www.runesofmagic-infos.com\/es\/guide-eventos-companera-estrella-draco\/","og_locale":"es_ES","og_type":"article","og_title":"[Guide] Eventos + compa\u00f1era estrella + Draco - Runes of Magic-Infos","og_description":"Deff = Defensa, PSP = Puntos de Da\u00f1o F\u00edsico, mDeff = Defensa M\u00e1gica, MSP = Puntos de Da\u00f1o M\u00e1gico Estrella joven = 100 (cristal) + 27 = 127 elementos + 10 Draconaris = Draco joven (la estrella joven compa\u00f1era se destruye) Adulto = 100 (cristal) + 27 + 81 = [&hellip;]","og_url":"https:\/\/www.runesofmagic-infos.com\/es\/guide-eventos-companera-estrella-draco\/","og_site_name":"Runes of Magic-Infos","article_modified_time":"2024-01-27T11:33:48+00:00","twitter_card":"summary_large_image","twitter_misc":{"Tiempo de lectura":"1 minuto"},"schema":{"@context":"https:\/\/schema.org","@graph":[{"@type":"WebPage","@id":"https:\/\/www.runesofmagic-infos.com\/es\/guide-eventos-companera-estrella-draco\/","url":"https:\/\/www.runesofmagic-infos.com\/es\/guide-eventos-companera-estrella-draco\/","name":"[Guide] Eventos + compa\u00f1era estrella + Draco - Runes of Magic-Infos","isPartOf":{"@id":"https:\/\/www.runesofmagic-infos.com\/es\/#website"},"datePublished":"2023-11-20T19:28:32+00:00","dateModified":"2024-01-27T11:33:48+00:00","breadcrumb":{"@id":"https:\/\/www.runesofmagic-infos.com\/es\/guide-eventos-companera-estrella-draco\/#breadcrumb"},"inLanguage":"es","potentialAction":[{"@type":"ReadAction","target":["https:\/\/www.runesofmagic-infos.com\/es\/guide-eventos-companera-estrella-draco\/"]}]},{"@type":"BreadcrumbList","@id":"https:\/\/www.runesofmagic-infos.com\/es\/guide-eventos-companera-estrella-draco\/#breadcrumb","itemListElement":[{"@type":"ListItem","position":1,"name":"Startseite","item":"https:\/\/www.runesofmagic-infos.com\/es\/"},{"@type":"ListItem","position":2,"name":"[Guide] Eventos + compa\u00f1era estrella + Draco"}]},{"@type":"WebSite","@id":"https:\/\/www.runesofmagic-infos.com\/es\/#website","url":"https:\/\/www.runesofmagic-infos.com\/es\/","name":"Runes of Magic-Infos","description":"","publisher":{"@id":"https:\/\/www.runesofmagic-infos.com\/es\/#organization"},"potentialAction":[{"@type":"SearchAction","target":{"@type":"EntryPoint","urlTemplate":"https:\/\/www.runesofmagic-infos.com\/es\/?s={search_term_string}"},"query-input":{"@type":"PropertyValueSpecification","valueRequired":true,"valueName":"search_term_string"}}],"inLanguage":"es"},{"@type":"Organization","@id":"https:\/\/www.runesofmagic-infos.com\/es\/#organization","name":"Runes of Magic-Infos","url":"https:\/\/www.runesofmagic-infos.com\/es\/","logo":{"@type":"ImageObject","inLanguage":"es","@id":"https:\/\/www.runesofmagic-infos.com\/es\/#\/schema\/logo\/image\/","url":"https:\/\/www.runesofmagic-infos.com\/wp-content\/uploads\/2024\/01\/ROM-Infos-Original-Logo.png","contentUrl":"https:\/\/www.runesofmagic-infos.com\/wp-content\/uploads\/2024\/01\/ROM-Infos-Original-Logo.png","width":2329,"height":1721,"caption":"Runes of Magic-Infos"},"image":{"@id":"https:\/\/www.runesofmagic-infos.com\/es\/#\/schema\/logo\/image\/"}}]}},"_links":{"self":[{"href":"https:\/\/www.runesofmagic-infos.com\/es\/wp-json\/wp\/v2\/pages\/2300","targetHints":{"allow":["GET"]}}],"collection":[{"href":"https:\/\/www.runesofmagic-infos.com\/es\/wp-json\/wp\/v2\/pages"}],"about":[{"href":"https:\/\/www.runesofmagic-infos.com\/es\/wp-json\/wp\/v2\/types\/page"}],"author":[{"embeddable":true,"href":"https:\/\/www.runesofmagic-infos.com\/es\/wp-json\/wp\/v2\/users\/1"}],"replies":[{"embeddable":true,"href":"https:\/\/www.runesofmagic-infos.com\/es\/wp-json\/wp\/v2\/comments?post=2300"}],"version-history":[{"count":1,"href":"https:\/\/www.runesofmagic-infos.com\/es\/wp-json\/wp\/v2\/pages\/2300\/revisions"}],"predecessor-version":[{"id":2301,"href":"https:\/\/www.runesofmagic-infos.com\/es\/wp-json\/wp\/v2\/pages\/2300\/revisions\/2301"}],"wp:attachment":[{"href":"https:\/\/www.runesofmagic-infos.com\/es\/wp-json\/wp\/v2\/media?parent=2300"}],"curies":[{"name":"wp","href":"https:\/\/api.w.org\/{rel}","templated":true}]}}