{"id":2278,"date":"2023-11-20T19:33:01","date_gmt":"2023-11-20T19:33:01","guid":{"rendered":"https:\/\/www.runesofmagic-infos.com\/guia-el-laberinto-del-dasein\/"},"modified":"2024-01-27T11:33:13","modified_gmt":"2024-01-27T11:33:13","slug":"guia-el-laberinto-del-dasein","status":"publish","type":"page","link":"https:\/\/www.runesofmagic-infos.com\/es\/guia-el-laberinto-del-dasein\/","title":{"rendered":"(Gu\u00eda) El laberinto del Dasein"},"content":{"rendered":"\n<p>El \u00ablaberinto del Dasein\u00bb.<\/p>\n\n<ol class=\"wp-block-list\">\n<li>General<\/li>\n\n\n\n<li>El jefe \u00abDasein<\/li>\n\n\n\n<li>El laberinto<\/li>\n<\/ol>\n\n<p><a href=\"https:\/\/youtu.be\/BJ88Wpf49xc\">V\u00eddeo del laberinto<\/a><\/p>\n\n<ol class=\"wp-block-list\">\n<li>General<\/li>\n<\/ol>\n\n<p>Hay un portal frente al puente de Varana (se parece a la habilidad Sorcerer&#8217;s: Saces&#8217; Embrace)<\/p>\n\n<p>Nivel m\u00ednimo: 75+<\/p>\n\n<p>Al hacer clic en \u00e9l, puedes entrar en la antesala a cambio de oro o de un misterioso medio de transporte de la tienda por 40x Dia pro.<\/p>\n\n<p>Las adhesiones se escalonan del siguiente modo:<\/p>\n\n<p>primera entrada = 250.000 oro<\/p>\n\n<p>segunda entrada = 1.000.000 de oro<\/p>\n\n<p>tercera entrada = 4.000.000 de oro<\/p>\n\n<p>La hora de reinicio de las entradas es actualmente la 01:00 en horario de verano.<\/p>\n\n<p>En horario de invierno ser\u00edan las 00:00.<\/p>\n\n<p>Aunque <a href=\"https:\/\/forum.runesofmagic.gameforge.com\/user\/19-darcoon\/\">Darcoon<\/a> afirme aqu\u00ed: \u00abEl precio se reajusta cada noche sobre las 2 de la madrugada\u00bb, esto no es cierto en realidad, \u00a1pero c\u00f3mo podr\u00eda serlo si nadie lo prueba!<\/p>\n\n<p>cuarta entrada = 1x misterioso medio de transporte<\/p>\n\n<p>quinta adhesi\u00f3n = 2x misterioso medio de transporte<\/p>\n\n<p>sexta entrada y cada una de las siguientes = 4x misterioso medio de transporte<\/p>\n\n<p>En la antesala hay tres portales y divertidos PNJ con refranes y los nombres del equipo del evento que cre\u00f3 esta parte.<\/p>\n\n<p>Portal (visualmente naranja) : Volc\u00e1n misterioso (jefe ver punto 2)<\/p>\n\n<p>Portal (visualmente naranja) : Pradera misteriosa (laberinto ver punto 3)<\/p>\n\n<p>Portal (visualmente como el abrazo de Saces otra vez) : Salida<\/p>\n\n<p>Al entrar en el Volc\u00e1n Misterioso te encontrar\u00e1s en la sala del jefe&#8230;<\/p>\n\n<p>La salida del jefe s\u00f3lo se puede usar si no est\u00e1 activa o no est\u00e1s en el combate, entonces por el hueco de la esquina<\/p>\n\n<ol class=\"wp-block-list\">\n<li>El jefe \u00abDasein<\/li>\n<\/ol>\n\n<p>Nivel 103 con aproximadamente 500kk de vida<\/p>\n\n<p>Recogida de bot\u00edn en Baldr<\/p>\n\n<p>(por desgracia, no todo el mundo recibi\u00f3 el material encuadernado)<\/p>\n\n<p>Hay 10x bot\u00edn, que se compone de la piscina:<\/p>\n\n<p>Misteriosa llave dorada (arreglado)<\/p>\n\n<p>Llave antigua del cofre del tesoro (arreglada)<\/p>\n\n<p>Redenci\u00f3n del f\u00e9nix (fijo)<\/p>\n\n<p>Suspiro de \u00c1ngel (s\u00f3lido)<\/p>\n\n<p>100x Semillas de sand\u00eda escarlata (s\u00f3lidas)<\/p>\n\n<p>10 Almacenamiento para el Transformador Arcano (aleatorio)<\/p>\n\n<p>2x Martillo de reparaci\u00f3n simple del maestro (aleatorio)<\/p>\n\n<p>Poci\u00f3n Phirius\/elixir\/aguas especiales &#8211; tipo A (aleatorio)<\/p>\n\n<p>Poci\u00f3n Phirius\/elixir\/aguas especiales &#8211; tipo B (aleatorio)<\/p>\n\n<p>3x arma piedra de los elfos (aleatoria)<\/p>\n\n<p>3x Piedra de armadura de los elfos (aleatoria)<\/p>\n\n<p>3x Piedra de joyer\u00eda de los elfos (aleatoria)<\/p>\n\n<ol class=\"wp-block-list\">\n<li>El laberinto<\/li>\n<\/ol>\n\n<p>Cuando entras en el portal de la \u00abPradera Misteriosa\u00bb, el temporizador de tres minutos se agota y comienza la carrera.<\/p>\n\n<p>Los cofres rojos pueden abrirse sin llave y los cofres morados s\u00f3lo pueden abrirse con una llave dorada secreta.<\/p>\n\n<p>(de la tienda por 25 diapositivas y con suerte del cofre del tesoro rojo)<\/p>\n\n<p>Tambi\u00e9n hay trampas r\u00fanicas en el laberinto,<\/p>\n\n<p>que, si son pisoteados por descuido, pierden un -50% de velocidad de movimiento durante diez segundos<\/p>\n\n<p>y al hacer clic en \u00e9l un buff con +50% de velocidad de movimiento durante diez segundos.<\/p>\n\n<p>Bot\u00edn del laberinto<\/p>\n\n<figure class=\"wp-block-table\"><table><tbody><tr><td>Cofre del tesoro rojo<\/td><td>Cofre del tesoro violeta<\/td><\/tr><tr><td>Piedra de ala magistral (13-20)<\/td><td>Peque\u00f1a parcela impecable<\/td><\/tr><tr><td>Arma Piedra del Maestro Elfo (13-20)<\/td><td>Piedra de arma endurecida de primera clase de los elfos (17-20)<\/td><\/tr><tr><td>Piedra de armadura del maestro elfo (13-20)<\/td><td>Piedra de armadura \u00e9lfica endurecida de primera clase (17-20)<\/td><\/tr><tr><td>Piedra de joyer\u00eda del maestro elfo (13-20)<\/td><td>Gema \u00e9lfica endurecida de primera clase (17-20)<\/td><\/tr><tr><td>Funci\u00f3n bancaria II (7 d\u00edas)<\/td><td>Funci\u00f3n bancaria II (7 d\u00edas)<\/td><\/tr><tr><td>Bono mochila III (7 d\u00edas)<\/td><td>Tarjeta de solicitud diaria<\/td><\/tr><tr><td>Phirius poci\u00f3n \/ agua \/ elixir de A a E<\/td><td>Suspiro de \u00c1ngel<\/td><\/tr><tr><td>dos frascos abiertos de poci\u00f3n de la bolsa<\/td><td>La redenci\u00f3n del f\u00e9nix<\/td><\/tr><tr><td>3x fuegos artificiales aleatorios<\/td><td>Amuleto de la experiencia del compa\u00f1ero<\/td><\/tr><tr><td>10 de carga para el Transformador Arcano<\/td><td>Amuleto de entrenamiento de acompa\u00f1amiento<\/td><\/tr><tr><td>Misteriosa llave dorada<\/td><td>Deslumbrante cofre del tesoro antiguo<\/td><\/tr><tr><td>Disco r\u00fanico volador en una bolsa (7 d\u00edas)<\/td><td>Disco r\u00fanico volador en la bolsa (30 d\u00edas) (#Gracias a Tris)<\/td><\/tr><tr><td>NUEVO : 10x Semillas de Sand\u00eda Escarlata<br\/>(s\u00f3lo con evento activo)<\/td><td>Disco r\u00fanico volador en bolsa (Permanente) (#Gracias a Carmen55)<\/td><\/tr><tr><td>NUEVO : 15x mejillones Phirius<\/td><td><\/td><\/tr><tr><td>NUEVO : 1x La prueba del mito (tapa dura)<\/td><\/tr><\/tbody><\/table><\/figure>\n","protected":false},"excerpt":{"rendered":"<p>El \u00ablaberinto del Dasein\u00bb. V\u00eddeo del laberinto Hay un portal frente al puente de Varana (se parece a la habilidad Sorcerer&#8217;s: Saces&#8217; Embrace) Nivel m\u00ednimo: 75+ Al hacer clic en \u00e9l, puedes entrar en la antesala a cambio de oro o de un misterioso medio de transporte de la tienda [&hellip;]<\/p>\n","protected":false},"author":1,"featured_media":0,"parent":0,"menu_order":0,"comment_status":"closed","ping_status":"closed","template":"","meta":{"footnotes":""},"class_list":["post-2278","page","type-page","status-publish","hentry"],"yoast_head":"<!-- This site is optimized with the Yoast SEO plugin v27.4 - https:\/\/yoast.com\/product\/yoast-seo-wordpress\/ -->\n<title>(Gu\u00eda) El laberinto del Dasein - Runes of Magic-Infos<\/title>\n<meta name=\"robots\" content=\"index, follow, max-snippet:-1, max-image-preview:large, max-video-preview:-1\" \/>\n<link rel=\"canonical\" href=\"https:\/\/www.runesofmagic-infos.com\/es\/guia-el-laberinto-del-dasein\/\" \/>\n<meta property=\"og:locale\" content=\"es_ES\" \/>\n<meta property=\"og:type\" content=\"article\" \/>\n<meta property=\"og:title\" content=\"(Gu\u00eda) El laberinto del Dasein - Runes of Magic-Infos\" \/>\n<meta property=\"og:description\" content=\"El \u00ablaberinto del Dasein\u00bb. V\u00eddeo del laberinto Hay un portal frente al puente de Varana (se parece a la habilidad Sorcerer&#8217;s: Saces&#8217; Embrace) Nivel m\u00ednimo: 75+ Al hacer clic en \u00e9l, puedes entrar en la antesala a cambio de oro o de un misterioso medio de transporte de la tienda [&hellip;]\" \/>\n<meta property=\"og:url\" content=\"https:\/\/www.runesofmagic-infos.com\/es\/guia-el-laberinto-del-dasein\/\" \/>\n<meta property=\"og:site_name\" content=\"Runes of Magic-Infos\" \/>\n<meta property=\"article:modified_time\" content=\"2024-01-27T11:33:13+00:00\" \/>\n<meta name=\"twitter:card\" content=\"summary_large_image\" \/>\n<meta name=\"twitter:label1\" content=\"Tiempo de lectura\" \/>\n\t<meta name=\"twitter:data1\" content=\"3 minutos\" \/>\n<script type=\"application\/ld+json\" class=\"yoast-schema-graph\">{\"@context\":\"https:\\\/\\\/schema.org\",\"@graph\":[{\"@type\":\"WebPage\",\"@id\":\"https:\\\/\\\/www.runesofmagic-infos.com\\\/es\\\/guia-el-laberinto-del-dasein\\\/\",\"url\":\"https:\\\/\\\/www.runesofmagic-infos.com\\\/es\\\/guia-el-laberinto-del-dasein\\\/\",\"name\":\"(Gu\u00eda) El laberinto del Dasein - Runes of Magic-Infos\",\"isPartOf\":{\"@id\":\"https:\\\/\\\/www.runesofmagic-infos.com\\\/es\\\/#website\"},\"datePublished\":\"2023-11-20T19:33:01+00:00\",\"dateModified\":\"2024-01-27T11:33:13+00:00\",\"breadcrumb\":{\"@id\":\"https:\\\/\\\/www.runesofmagic-infos.com\\\/es\\\/guia-el-laberinto-del-dasein\\\/#breadcrumb\"},\"inLanguage\":\"es\",\"potentialAction\":[{\"@type\":\"ReadAction\",\"target\":[\"https:\\\/\\\/www.runesofmagic-infos.com\\\/es\\\/guia-el-laberinto-del-dasein\\\/\"]}]},{\"@type\":\"BreadcrumbList\",\"@id\":\"https:\\\/\\\/www.runesofmagic-infos.com\\\/es\\\/guia-el-laberinto-del-dasein\\\/#breadcrumb\",\"itemListElement\":[{\"@type\":\"ListItem\",\"position\":1,\"name\":\"Startseite\",\"item\":\"https:\\\/\\\/www.runesofmagic-infos.com\\\/es\\\/\"},{\"@type\":\"ListItem\",\"position\":2,\"name\":\"(Gu\u00eda) El laberinto del Dasein\"}]},{\"@type\":\"WebSite\",\"@id\":\"https:\\\/\\\/www.runesofmagic-infos.com\\\/es\\\/#website\",\"url\":\"https:\\\/\\\/www.runesofmagic-infos.com\\\/es\\\/\",\"name\":\"Runes of Magic-Infos\",\"description\":\"\",\"publisher\":{\"@id\":\"https:\\\/\\\/www.runesofmagic-infos.com\\\/es\\\/#organization\"},\"potentialAction\":[{\"@type\":\"SearchAction\",\"target\":{\"@type\":\"EntryPoint\",\"urlTemplate\":\"https:\\\/\\\/www.runesofmagic-infos.com\\\/es\\\/?s={search_term_string}\"},\"query-input\":{\"@type\":\"PropertyValueSpecification\",\"valueRequired\":true,\"valueName\":\"search_term_string\"}}],\"inLanguage\":\"es\"},{\"@type\":\"Organization\",\"@id\":\"https:\\\/\\\/www.runesofmagic-infos.com\\\/es\\\/#organization\",\"name\":\"Runes of Magic-Infos\",\"url\":\"https:\\\/\\\/www.runesofmagic-infos.com\\\/es\\\/\",\"logo\":{\"@type\":\"ImageObject\",\"inLanguage\":\"es\",\"@id\":\"https:\\\/\\\/www.runesofmagic-infos.com\\\/es\\\/#\\\/schema\\\/logo\\\/image\\\/\",\"url\":\"https:\\\/\\\/www.runesofmagic-infos.com\\\/wp-content\\\/uploads\\\/2024\\\/01\\\/ROM-Infos-Original-Logo.png\",\"contentUrl\":\"https:\\\/\\\/www.runesofmagic-infos.com\\\/wp-content\\\/uploads\\\/2024\\\/01\\\/ROM-Infos-Original-Logo.png\",\"width\":2329,\"height\":1721,\"caption\":\"Runes of Magic-Infos\"},\"image\":{\"@id\":\"https:\\\/\\\/www.runesofmagic-infos.com\\\/es\\\/#\\\/schema\\\/logo\\\/image\\\/\"}}]}<\/script>\n<!-- \/ Yoast SEO plugin. -->","yoast_head_json":{"title":"(Gu\u00eda) El laberinto del Dasein - Runes of Magic-Infos","robots":{"index":"index","follow":"follow","max-snippet":"max-snippet:-1","max-image-preview":"max-image-preview:large","max-video-preview":"max-video-preview:-1"},"canonical":"https:\/\/www.runesofmagic-infos.com\/es\/guia-el-laberinto-del-dasein\/","og_locale":"es_ES","og_type":"article","og_title":"(Gu\u00eda) El laberinto del Dasein - Runes of Magic-Infos","og_description":"El \u00ablaberinto del Dasein\u00bb. V\u00eddeo del laberinto Hay un portal frente al puente de Varana (se parece a la habilidad Sorcerer&#8217;s: Saces&#8217; Embrace) Nivel m\u00ednimo: 75+ Al hacer clic en \u00e9l, puedes entrar en la antesala a cambio de oro o de un misterioso medio de transporte de la tienda [&hellip;]","og_url":"https:\/\/www.runesofmagic-infos.com\/es\/guia-el-laberinto-del-dasein\/","og_site_name":"Runes of Magic-Infos","article_modified_time":"2024-01-27T11:33:13+00:00","twitter_card":"summary_large_image","twitter_misc":{"Tiempo de lectura":"3 minutos"},"schema":{"@context":"https:\/\/schema.org","@graph":[{"@type":"WebPage","@id":"https:\/\/www.runesofmagic-infos.com\/es\/guia-el-laberinto-del-dasein\/","url":"https:\/\/www.runesofmagic-infos.com\/es\/guia-el-laberinto-del-dasein\/","name":"(Gu\u00eda) El laberinto del Dasein - Runes of Magic-Infos","isPartOf":{"@id":"https:\/\/www.runesofmagic-infos.com\/es\/#website"},"datePublished":"2023-11-20T19:33:01+00:00","dateModified":"2024-01-27T11:33:13+00:00","breadcrumb":{"@id":"https:\/\/www.runesofmagic-infos.com\/es\/guia-el-laberinto-del-dasein\/#breadcrumb"},"inLanguage":"es","potentialAction":[{"@type":"ReadAction","target":["https:\/\/www.runesofmagic-infos.com\/es\/guia-el-laberinto-del-dasein\/"]}]},{"@type":"BreadcrumbList","@id":"https:\/\/www.runesofmagic-infos.com\/es\/guia-el-laberinto-del-dasein\/#breadcrumb","itemListElement":[{"@type":"ListItem","position":1,"name":"Startseite","item":"https:\/\/www.runesofmagic-infos.com\/es\/"},{"@type":"ListItem","position":2,"name":"(Gu\u00eda) El laberinto del Dasein"}]},{"@type":"WebSite","@id":"https:\/\/www.runesofmagic-infos.com\/es\/#website","url":"https:\/\/www.runesofmagic-infos.com\/es\/","name":"Runes of Magic-Infos","description":"","publisher":{"@id":"https:\/\/www.runesofmagic-infos.com\/es\/#organization"},"potentialAction":[{"@type":"SearchAction","target":{"@type":"EntryPoint","urlTemplate":"https:\/\/www.runesofmagic-infos.com\/es\/?s={search_term_string}"},"query-input":{"@type":"PropertyValueSpecification","valueRequired":true,"valueName":"search_term_string"}}],"inLanguage":"es"},{"@type":"Organization","@id":"https:\/\/www.runesofmagic-infos.com\/es\/#organization","name":"Runes of Magic-Infos","url":"https:\/\/www.runesofmagic-infos.com\/es\/","logo":{"@type":"ImageObject","inLanguage":"es","@id":"https:\/\/www.runesofmagic-infos.com\/es\/#\/schema\/logo\/image\/","url":"https:\/\/www.runesofmagic-infos.com\/wp-content\/uploads\/2024\/01\/ROM-Infos-Original-Logo.png","contentUrl":"https:\/\/www.runesofmagic-infos.com\/wp-content\/uploads\/2024\/01\/ROM-Infos-Original-Logo.png","width":2329,"height":1721,"caption":"Runes of Magic-Infos"},"image":{"@id":"https:\/\/www.runesofmagic-infos.com\/es\/#\/schema\/logo\/image\/"}}]}},"_links":{"self":[{"href":"https:\/\/www.runesofmagic-infos.com\/es\/wp-json\/wp\/v2\/pages\/2278","targetHints":{"allow":["GET"]}}],"collection":[{"href":"https:\/\/www.runesofmagic-infos.com\/es\/wp-json\/wp\/v2\/pages"}],"about":[{"href":"https:\/\/www.runesofmagic-infos.com\/es\/wp-json\/wp\/v2\/types\/page"}],"author":[{"embeddable":true,"href":"https:\/\/www.runesofmagic-infos.com\/es\/wp-json\/wp\/v2\/users\/1"}],"replies":[{"embeddable":true,"href":"https:\/\/www.runesofmagic-infos.com\/es\/wp-json\/wp\/v2\/comments?post=2278"}],"version-history":[{"count":1,"href":"https:\/\/www.runesofmagic-infos.com\/es\/wp-json\/wp\/v2\/pages\/2278\/revisions"}],"predecessor-version":[{"id":2279,"href":"https:\/\/www.runesofmagic-infos.com\/es\/wp-json\/wp\/v2\/pages\/2278\/revisions\/2279"}],"wp:attachment":[{"href":"https:\/\/www.runesofmagic-infos.com\/es\/wp-json\/wp\/v2\/media?parent=2278"}],"curies":[{"name":"wp","href":"https:\/\/api.w.org\/{rel}","templated":true}]}}