{"id":2270,"date":"2023-11-20T19:34:24","date_gmt":"2023-11-20T19:34:24","guid":{"rendered":"https:\/\/www.runesofmagic-infos.com\/como-solucionar-el-error-client-exe-no-encontrado\/"},"modified":"2024-08-21T15:41:30","modified_gmt":"2024-08-21T15:41:30","slug":"como-solucionar-el-error-client-exe-no-encontrado","status":"publish","type":"page","link":"https:\/\/www.runesofmagic-infos.com\/es\/como-solucionar-el-error-client-exe-no-encontrado\/","title":{"rendered":"C\u00f3mo solucionar el error \u00abClient.exe no encontrado\u00bb"},"content":{"rendered":"\n<p>Aqu\u00ed hay una peque\u00f1a gu\u00eda (s\u00f3lo para Win 10) que me ayud\u00f3. (Puede que no ayude a todo el mundo).<\/p>\n\n\n\n<p><strong>Todos los cambios son por su cuenta y riesgo.<\/strong><\/p>\n\n\n\n<p><strong>\u00a1\u00a1\u00a1Importante!!! &#8211; Primero cierra todos los programas &#8211;<\/strong><\/p>\n\n\n\n<ol class=\"wp-block-list\">\n<li>Introduzca \u00abvariables de entorno\u00bb en la barra de b\u00fasqueda de la parte inferior izquierda y comience<\/li>\n<\/ol>\n\n\n\n<figure class=\"wp-block-image size-full\"><img loading=\"lazy\" decoding=\"async\" width=\"767\" height=\"620\" src=\"https:\/\/www.runesofmagic-infos.com\/wp-content\/uploads\/2024\/08\/1.jpg\" alt=\"\" class=\"wp-image-4315\" srcset=\"https:\/\/www.runesofmagic-infos.com\/wp-content\/uploads\/2024\/08\/1.jpg 767w, https:\/\/www.runesofmagic-infos.com\/wp-content\/uploads\/2024\/08\/1-300x243.jpg 300w\" sizes=\"auto, (max-width: 767px) 100vw, 767px\" \/><\/figure>\n\n\n\n<p>2. haz clic en Variables de entorno<\/p>\n\n\n\n<figure class=\"wp-block-image size-full\"><img loading=\"lazy\" decoding=\"async\" width=\"404\" height=\"461\" src=\"https:\/\/www.runesofmagic-infos.com\/wp-content\/uploads\/2024\/08\/2.jpg\" alt=\"\" class=\"wp-image-4321\" srcset=\"https:\/\/www.runesofmagic-infos.com\/wp-content\/uploads\/2024\/08\/2.jpg 404w, https:\/\/www.runesofmagic-infos.com\/wp-content\/uploads\/2024\/08\/2-263x300.jpg 263w\" sizes=\"auto, (max-width: 404px) 100vw, 404px\" \/><\/figure>\n\n\n\n<p>3. haz clic en \u00abNuevo\u00bb en la zona inferior (variables del sistema)<\/p>\n\n\n\n<ol class=\"wp-block-list\"><\/ol>\n\n\n\n<figure class=\"wp-block-image size-full\"><img loading=\"lazy\" decoding=\"async\" width=\"609\" height=\"578\" src=\"https:\/\/www.runesofmagic-infos.com\/wp-content\/uploads\/2024\/08\/3.jpg\" alt=\"\" class=\"wp-image-4326\" srcset=\"https:\/\/www.runesofmagic-infos.com\/wp-content\/uploads\/2024\/08\/3.jpg 609w, https:\/\/www.runesofmagic-infos.com\/wp-content\/uploads\/2024\/08\/3-300x285.jpg 300w\" sizes=\"auto, (max-width: 609px) 100vw, 609px\" \/><\/figure>\n\n\n\n<p>4. primero asigna un nombre y luego haz clic en \u00abBuscar archivo\u00bb.<\/p>\n\n\n\n<ol class=\"wp-block-list\"><\/ol>\n\n\n\n<figure class=\"wp-block-image size-full\"><img loading=\"lazy\" decoding=\"async\" width=\"644\" height=\"159\" src=\"https:\/\/www.runesofmagic-infos.com\/wp-content\/uploads\/2024\/08\/4.jpg\" alt=\"\" class=\"wp-image-4331\" srcset=\"https:\/\/www.runesofmagic-infos.com\/wp-content\/uploads\/2024\/08\/4.jpg 644w, https:\/\/www.runesofmagic-infos.com\/wp-content\/uploads\/2024\/08\/4-300x74.jpg 300w\" sizes=\"auto, (max-width: 644px) 100vw, 644px\" \/><\/figure>\n\n\n\n<p>\u00a1\u00a1\u00a1\u00a15. navega hasta tu directorio de instalaci\u00f3n de RoM y busca el archivo \u00abClient.exe.ini\u00bb !!!! Importante. \u00a1\u00a1\u00a1Este no es el archivo de la aplicaci\u00f3n, sino el archivo de configuraci\u00f3n !!!<\/p>\n\n\n\n<ol class=\"wp-block-list\"><\/ol>\n\n\n\n<figure class=\"wp-block-image size-full\"><img loading=\"lazy\" decoding=\"async\" width=\"1008\" height=\"531\" src=\"https:\/\/www.runesofmagic-infos.com\/wp-content\/uploads\/2024\/08\/5.jpg\" alt=\"\" class=\"wp-image-4336\" srcset=\"https:\/\/www.runesofmagic-infos.com\/wp-content\/uploads\/2024\/08\/5.jpg 1008w, https:\/\/www.runesofmagic-infos.com\/wp-content\/uploads\/2024\/08\/5-300x158.jpg 300w, https:\/\/www.runesofmagic-infos.com\/wp-content\/uploads\/2024\/08\/5-768x405.jpg 768w\" sizes=\"auto, (max-width: 1008px) 100vw, 1008px\" \/><\/figure>\n\n\n\n<p>6. entonces deber\u00eda tener este aspecto<\/p>\n\n\n\n<ol class=\"wp-block-list\"><\/ol>\n\n\n\n<figure class=\"wp-block-image size-full\"><img loading=\"lazy\" decoding=\"async\" width=\"645\" height=\"157\" src=\"https:\/\/www.runesofmagic-infos.com\/wp-content\/uploads\/2024\/08\/6.jpg\" alt=\"\" class=\"wp-image-4341\" srcset=\"https:\/\/www.runesofmagic-infos.com\/wp-content\/uploads\/2024\/08\/6.jpg 645w, https:\/\/www.runesofmagic-infos.com\/wp-content\/uploads\/2024\/08\/6-300x73.jpg 300w\" sizes=\"auto, (max-width: 645px) 100vw, 645px\" \/><\/figure>\n\n\n\n<p>7. confirma todas las ventanas con \u00abOk\u00bb y luego apaga y reinicia el ordenador (por favor, no realices un inicio r\u00e1pido).<\/p>\n\n\n\n<ol class=\"wp-block-list\"><\/ol>\n\n\n\n<p>Ahora ya no deber\u00eda producirse el error. En cualquier caso, ya ha ayudado a varias personas.<\/p>\n","protected":false},"excerpt":{"rendered":"<p>Aqu\u00ed hay una peque\u00f1a gu\u00eda (s\u00f3lo para Win 10) que me ayud\u00f3. (Puede que no ayude a todo el mundo). Todos los cambios son por su cuenta y riesgo. \u00a1\u00a1\u00a1Importante!!! &#8211; Primero cierra todos los programas &#8211; 2. haz clic en Variables de entorno 3. haz clic en \u00abNuevo\u00bb en [&hellip;]<\/p>\n","protected":false},"author":1,"featured_media":0,"parent":0,"menu_order":0,"comment_status":"closed","ping_status":"closed","template":"","meta":{"footnotes":""},"class_list":["post-2270","page","type-page","status-publish","hentry"],"yoast_head":"<!-- This site is optimized with the Yoast SEO plugin v27.5 - https:\/\/yoast.com\/product\/yoast-seo-wordpress\/ -->\n<title>C\u00f3mo solucionar el error &quot;Client.exe no encontrado&quot; - Runes of Magic-Infos<\/title>\n<meta name=\"robots\" content=\"index, follow, max-snippet:-1, max-image-preview:large, max-video-preview:-1\" \/>\n<link rel=\"canonical\" href=\"https:\/\/www.runesofmagic-infos.com\/es\/como-solucionar-el-error-client-exe-no-encontrado\/\" \/>\n<meta property=\"og:locale\" content=\"es_ES\" \/>\n<meta property=\"og:type\" content=\"article\" \/>\n<meta property=\"og:title\" content=\"C\u00f3mo solucionar el error &quot;Client.exe no encontrado&quot; - Runes of Magic-Infos\" \/>\n<meta property=\"og:description\" content=\"Aqu\u00ed hay una peque\u00f1a gu\u00eda (s\u00f3lo para Win 10) que me ayud\u00f3. (Puede que no ayude a todo el mundo). Todos los cambios son por su cuenta y riesgo. \u00a1\u00a1\u00a1Importante!!! &#8211; Primero cierra todos los programas &#8211; 2. haz clic en Variables de entorno 3. haz clic en \u00abNuevo\u00bb en [&hellip;]\" \/>\n<meta property=\"og:url\" content=\"https:\/\/www.runesofmagic-infos.com\/es\/como-solucionar-el-error-client-exe-no-encontrado\/\" \/>\n<meta property=\"og:site_name\" content=\"Runes of Magic-Infos\" \/>\n<meta property=\"article:modified_time\" content=\"2024-08-21T15:41:30+00:00\" \/>\n<meta property=\"og:image\" content=\"https:\/\/www.runesofmagic-infos.com\/wp-content\/uploads\/2024\/08\/1.jpg\" \/>\n<meta name=\"twitter:card\" content=\"summary_large_image\" \/>\n<meta name=\"twitter:label1\" content=\"Tiempo de lectura\" \/>\n\t<meta name=\"twitter:data1\" content=\"1 minuto\" \/>\n<script type=\"application\/ld+json\" class=\"yoast-schema-graph\">{\"@context\":\"https:\\\/\\\/schema.org\",\"@graph\":[{\"@type\":\"WebPage\",\"@id\":\"https:\\\/\\\/www.runesofmagic-infos.com\\\/es\\\/como-solucionar-el-error-client-exe-no-encontrado\\\/\",\"url\":\"https:\\\/\\\/www.runesofmagic-infos.com\\\/es\\\/como-solucionar-el-error-client-exe-no-encontrado\\\/\",\"name\":\"C\u00f3mo solucionar el error \\\"Client.exe no encontrado\\\" - Runes of Magic-Infos\",\"isPartOf\":{\"@id\":\"https:\\\/\\\/www.runesofmagic-infos.com\\\/es\\\/#website\"},\"primaryImageOfPage\":{\"@id\":\"https:\\\/\\\/www.runesofmagic-infos.com\\\/es\\\/como-solucionar-el-error-client-exe-no-encontrado\\\/#primaryimage\"},\"image\":{\"@id\":\"https:\\\/\\\/www.runesofmagic-infos.com\\\/es\\\/como-solucionar-el-error-client-exe-no-encontrado\\\/#primaryimage\"},\"thumbnailUrl\":\"https:\\\/\\\/www.runesofmagic-infos.com\\\/wp-content\\\/uploads\\\/2024\\\/08\\\/1.jpg\",\"datePublished\":\"2023-11-20T19:34:24+00:00\",\"dateModified\":\"2024-08-21T15:41:30+00:00\",\"breadcrumb\":{\"@id\":\"https:\\\/\\\/www.runesofmagic-infos.com\\\/es\\\/como-solucionar-el-error-client-exe-no-encontrado\\\/#breadcrumb\"},\"inLanguage\":\"es\",\"potentialAction\":[{\"@type\":\"ReadAction\",\"target\":[\"https:\\\/\\\/www.runesofmagic-infos.com\\\/es\\\/como-solucionar-el-error-client-exe-no-encontrado\\\/\"]}]},{\"@type\":\"ImageObject\",\"inLanguage\":\"es\",\"@id\":\"https:\\\/\\\/www.runesofmagic-infos.com\\\/es\\\/como-solucionar-el-error-client-exe-no-encontrado\\\/#primaryimage\",\"url\":\"https:\\\/\\\/www.runesofmagic-infos.com\\\/wp-content\\\/uploads\\\/2024\\\/08\\\/1.jpg\",\"contentUrl\":\"https:\\\/\\\/www.runesofmagic-infos.com\\\/wp-content\\\/uploads\\\/2024\\\/08\\\/1.jpg\"},{\"@type\":\"BreadcrumbList\",\"@id\":\"https:\\\/\\\/www.runesofmagic-infos.com\\\/es\\\/como-solucionar-el-error-client-exe-no-encontrado\\\/#breadcrumb\",\"itemListElement\":[{\"@type\":\"ListItem\",\"position\":1,\"name\":\"Startseite\",\"item\":\"https:\\\/\\\/www.runesofmagic-infos.com\\\/es\\\/\"},{\"@type\":\"ListItem\",\"position\":2,\"name\":\"C\u00f3mo solucionar el error &#8220;Client.exe no encontrado&#8221;\"}]},{\"@type\":\"WebSite\",\"@id\":\"https:\\\/\\\/www.runesofmagic-infos.com\\\/es\\\/#website\",\"url\":\"https:\\\/\\\/www.runesofmagic-infos.com\\\/es\\\/\",\"name\":\"Runes of Magic-Infos\",\"description\":\"\",\"publisher\":{\"@id\":\"https:\\\/\\\/www.runesofmagic-infos.com\\\/es\\\/#organization\"},\"potentialAction\":[{\"@type\":\"SearchAction\",\"target\":{\"@type\":\"EntryPoint\",\"urlTemplate\":\"https:\\\/\\\/www.runesofmagic-infos.com\\\/es\\\/?s={search_term_string}\"},\"query-input\":{\"@type\":\"PropertyValueSpecification\",\"valueRequired\":true,\"valueName\":\"search_term_string\"}}],\"inLanguage\":\"es\"},{\"@type\":\"Organization\",\"@id\":\"https:\\\/\\\/www.runesofmagic-infos.com\\\/es\\\/#organization\",\"name\":\"Runes of Magic-Infos\",\"url\":\"https:\\\/\\\/www.runesofmagic-infos.com\\\/es\\\/\",\"logo\":{\"@type\":\"ImageObject\",\"inLanguage\":\"es\",\"@id\":\"https:\\\/\\\/www.runesofmagic-infos.com\\\/es\\\/#\\\/schema\\\/logo\\\/image\\\/\",\"url\":\"https:\\\/\\\/www.runesofmagic-infos.com\\\/wp-content\\\/uploads\\\/2024\\\/01\\\/ROM-Infos-Original-Logo.png\",\"contentUrl\":\"https:\\\/\\\/www.runesofmagic-infos.com\\\/wp-content\\\/uploads\\\/2024\\\/01\\\/ROM-Infos-Original-Logo.png\",\"width\":2329,\"height\":1721,\"caption\":\"Runes of Magic-Infos\"},\"image\":{\"@id\":\"https:\\\/\\\/www.runesofmagic-infos.com\\\/es\\\/#\\\/schema\\\/logo\\\/image\\\/\"}}]}<\/script>\n<!-- \/ Yoast SEO plugin. -->","yoast_head_json":{"title":"C\u00f3mo solucionar el error \"Client.exe no encontrado\" - Runes of Magic-Infos","robots":{"index":"index","follow":"follow","max-snippet":"max-snippet:-1","max-image-preview":"max-image-preview:large","max-video-preview":"max-video-preview:-1"},"canonical":"https:\/\/www.runesofmagic-infos.com\/es\/como-solucionar-el-error-client-exe-no-encontrado\/","og_locale":"es_ES","og_type":"article","og_title":"C\u00f3mo solucionar el error \"Client.exe no encontrado\" - Runes of Magic-Infos","og_description":"Aqu\u00ed hay una peque\u00f1a gu\u00eda (s\u00f3lo para Win 10) que me ayud\u00f3. (Puede que no ayude a todo el mundo). Todos los cambios son por su cuenta y riesgo. \u00a1\u00a1\u00a1Importante!!! &#8211; Primero cierra todos los programas &#8211; 2. haz clic en Variables de entorno 3. haz clic en \u00abNuevo\u00bb en [&hellip;]","og_url":"https:\/\/www.runesofmagic-infos.com\/es\/como-solucionar-el-error-client-exe-no-encontrado\/","og_site_name":"Runes of Magic-Infos","article_modified_time":"2024-08-21T15:41:30+00:00","og_image":[{"url":"https:\/\/www.runesofmagic-infos.com\/wp-content\/uploads\/2024\/08\/1.jpg","type":"","width":"","height":""}],"twitter_card":"summary_large_image","twitter_misc":{"Tiempo de lectura":"1 minuto"},"schema":{"@context":"https:\/\/schema.org","@graph":[{"@type":"WebPage","@id":"https:\/\/www.runesofmagic-infos.com\/es\/como-solucionar-el-error-client-exe-no-encontrado\/","url":"https:\/\/www.runesofmagic-infos.com\/es\/como-solucionar-el-error-client-exe-no-encontrado\/","name":"C\u00f3mo solucionar el error \"Client.exe no encontrado\" - Runes of Magic-Infos","isPartOf":{"@id":"https:\/\/www.runesofmagic-infos.com\/es\/#website"},"primaryImageOfPage":{"@id":"https:\/\/www.runesofmagic-infos.com\/es\/como-solucionar-el-error-client-exe-no-encontrado\/#primaryimage"},"image":{"@id":"https:\/\/www.runesofmagic-infos.com\/es\/como-solucionar-el-error-client-exe-no-encontrado\/#primaryimage"},"thumbnailUrl":"https:\/\/www.runesofmagic-infos.com\/wp-content\/uploads\/2024\/08\/1.jpg","datePublished":"2023-11-20T19:34:24+00:00","dateModified":"2024-08-21T15:41:30+00:00","breadcrumb":{"@id":"https:\/\/www.runesofmagic-infos.com\/es\/como-solucionar-el-error-client-exe-no-encontrado\/#breadcrumb"},"inLanguage":"es","potentialAction":[{"@type":"ReadAction","target":["https:\/\/www.runesofmagic-infos.com\/es\/como-solucionar-el-error-client-exe-no-encontrado\/"]}]},{"@type":"ImageObject","inLanguage":"es","@id":"https:\/\/www.runesofmagic-infos.com\/es\/como-solucionar-el-error-client-exe-no-encontrado\/#primaryimage","url":"https:\/\/www.runesofmagic-infos.com\/wp-content\/uploads\/2024\/08\/1.jpg","contentUrl":"https:\/\/www.runesofmagic-infos.com\/wp-content\/uploads\/2024\/08\/1.jpg"},{"@type":"BreadcrumbList","@id":"https:\/\/www.runesofmagic-infos.com\/es\/como-solucionar-el-error-client-exe-no-encontrado\/#breadcrumb","itemListElement":[{"@type":"ListItem","position":1,"name":"Startseite","item":"https:\/\/www.runesofmagic-infos.com\/es\/"},{"@type":"ListItem","position":2,"name":"C\u00f3mo solucionar el error &#8220;Client.exe no encontrado&#8221;"}]},{"@type":"WebSite","@id":"https:\/\/www.runesofmagic-infos.com\/es\/#website","url":"https:\/\/www.runesofmagic-infos.com\/es\/","name":"Runes of Magic-Infos","description":"","publisher":{"@id":"https:\/\/www.runesofmagic-infos.com\/es\/#organization"},"potentialAction":[{"@type":"SearchAction","target":{"@type":"EntryPoint","urlTemplate":"https:\/\/www.runesofmagic-infos.com\/es\/?s={search_term_string}"},"query-input":{"@type":"PropertyValueSpecification","valueRequired":true,"valueName":"search_term_string"}}],"inLanguage":"es"},{"@type":"Organization","@id":"https:\/\/www.runesofmagic-infos.com\/es\/#organization","name":"Runes of Magic-Infos","url":"https:\/\/www.runesofmagic-infos.com\/es\/","logo":{"@type":"ImageObject","inLanguage":"es","@id":"https:\/\/www.runesofmagic-infos.com\/es\/#\/schema\/logo\/image\/","url":"https:\/\/www.runesofmagic-infos.com\/wp-content\/uploads\/2024\/01\/ROM-Infos-Original-Logo.png","contentUrl":"https:\/\/www.runesofmagic-infos.com\/wp-content\/uploads\/2024\/01\/ROM-Infos-Original-Logo.png","width":2329,"height":1721,"caption":"Runes of Magic-Infos"},"image":{"@id":"https:\/\/www.runesofmagic-infos.com\/es\/#\/schema\/logo\/image\/"}}]}},"_links":{"self":[{"href":"https:\/\/www.runesofmagic-infos.com\/es\/wp-json\/wp\/v2\/pages\/2270","targetHints":{"allow":["GET"]}}],"collection":[{"href":"https:\/\/www.runesofmagic-infos.com\/es\/wp-json\/wp\/v2\/pages"}],"about":[{"href":"https:\/\/www.runesofmagic-infos.com\/es\/wp-json\/wp\/v2\/types\/page"}],"author":[{"embeddable":true,"href":"https:\/\/www.runesofmagic-infos.com\/es\/wp-json\/wp\/v2\/users\/1"}],"replies":[{"embeddable":true,"href":"https:\/\/www.runesofmagic-infos.com\/es\/wp-json\/wp\/v2\/comments?post=2270"}],"version-history":[{"count":2,"href":"https:\/\/www.runesofmagic-infos.com\/es\/wp-json\/wp\/v2\/pages\/2270\/revisions"}],"predecessor-version":[{"id":4359,"href":"https:\/\/www.runesofmagic-infos.com\/es\/wp-json\/wp\/v2\/pages\/2270\/revisions\/4359"}],"wp:attachment":[{"href":"https:\/\/www.runesofmagic-infos.com\/es\/wp-json\/wp\/v2\/media?parent=2270"}],"curies":[{"name":"wp","href":"https:\/\/api.w.org\/{rel}","templated":true}]}}